{"id":124394,"date":"2025-05-26T19:42:18","date_gmt":"2025-05-26T17:42:18","guid":{"rendered":"https:\/\/revierwelt.de\/?page_id=124394"},"modified":"2025-05-27T10:19:14","modified_gmt":"2025-05-27T08:19:14","slug":"auftragsverarbeitungsvertrag","status":"publish","type":"page","link":"https:\/\/revierwelt.de\/index.php\/auftragsverarbeitungsvertrag\/","title":{"rendered":"Auftragsverarbeitungsvertrag"},"content":{"rendered":"<h1>Auftragsverarbeitungsvertrag zur Daten\u00fcbertrag an Jagebeh\u00f6rden gem\u00e4\u00df Art. 28 DSGVO<\/h1>\n<p>zwischen dem Revierwelt-Nutzer (im Folgenden: <strong>\u201eVerantwortlicher\u201c<\/strong>)<\/p>\n<p>und <strong>Revierwelt Media GmbH<\/strong>, Pestalozzistra\u00dfe 41, 35606 Solms, (im Folgenden: <strong>\u201eAuftragsverarbeiter\u201c<\/strong>).<\/p>\n<h4>\u00a7 1 Gegenstand der Verarbeitung<\/h4>\n<p>Der Auftragsverarbeiter verarbeitet personenbezogene Daten ausschlie\u00dflich im Auftrag und auf Weisung des Verantwortlichen zum Zweck der automatisierten \u00dcbermittlung von Daten an ausgew\u00e4hlte Beh\u00f6rdenplattformen.<\/p>\n<h4>\u00a7 2 Art und Zweck der Daten<\/h4>\n<ul>\n<li>Verarbeitung von Zugangsdaten (verschl\u00fcsselte Speicherung)<\/li>\n<li>Automatisiertes Ausf\u00fcllen und Einreichen von Formularen auf Beh\u00f6rdenwebseiten<\/li>\n<li>Protokollierung der \u00dcbermittlungen im Kundenkonto<\/li>\n<\/ul>\n<h4>\u00a7 3 Pflichten des Auftragsverarbeiters<\/h4>\n<ul>\n<li>Verarbeitung nur nach dokumentierter Weisung des Verantwortlichen<\/li>\n<li>Implementierung angemessener technischer und organisatorischer Ma\u00dfnahmen zur Datensicherheit<\/li>\n<li>Keine Weitergabe der Daten an Dritte ohne Zustimmung<\/li>\n<\/ul>\n<h4>\u00a7 4 Pflichten des Verantwortlichen<\/h4>\n<ul>\n<li>Sorgf\u00e4ltige Pr\u00fcfung der eingegebenen Daten<\/li>\n<li>Aktive Best\u00e4tigung vor jeder \u00dcbermittlung<\/li>\n<li>Verantwortung f\u00fcr die abschlie\u00dfende Kontrolle beim jeweiligen Beh\u00f6rdenportal<\/li>\n<\/ul>\n<h4>\u00a7 5 Subunternehmer<\/h4>\n<p>Es werden keine Subunternehmer beauftragt, sofern nicht ausdr\u00fccklich mitgeteilt und genehmigt.<\/p>\n<h4>\u00a7 6 Vertragsdauer<\/h4>\n<p>Der Vertrag gilt f\u00fcr die Dauer der Nutzung des Dienstes und endet mit der Beendigung der Kundenbeziehung.<\/p>\n<h4>\u00a7 7 Schlussbestimmungen<\/h4>\n<p>Erg\u00e4nzend gelten die Allgemeinen Gesch\u00e4ftsbedingungen von Revierwelt Media GmbH. Der Gerichtsstand ist, soweit rechtlich zul\u00e4ssig, Wetzlar.<\/p>\n<p><em>Stand: 01.01.2025<\/em><\/p>\n","protected":false},"excerpt":{"rendered":"<p>Auftragsverarbeitungsvertrag zur Daten\u00fcbertrag an Jagebeh\u00f6rden gem\u00e4\u00df Art. 28 DSGVO zwischen dem Revierwelt-Nutzer (im Folgenden: \u201eVerantwortlicher\u201c) und Revierwelt Media GmbH, Pestalozzistra\u00dfe 41, 35606 Solms, (im Folgenden: \u201eAuftragsverarbeiter\u201c). \u00a7 1 Gegenstand der Verarbeitung Der Auftragsverarbeiter verarbeitet personenbezogene Daten ausschlie\u00dflich im Auftrag und auf Weisung des Verantwortlichen zum Zweck der automatisierten \u00dcbermittlung von Daten an ausgew\u00e4hlte Beh\u00f6rdenplattformen. \u00a7&#8230;<\/p>\n","protected":false},"author":1,"featured_media":0,"parent":0,"menu_order":0,"comment_status":"closed","ping_status":"closed","template":"","meta":{"footnotes":""},"class_list":["post-124394","page","type-page","status-publish","hentry"],"_links":{"self":[{"href":"https:\/\/revierwelt.de\/index.php\/wp-json\/wp\/v2\/pages\/124394","targetHints":{"allow":["GET"]}}],"collection":[{"href":"https:\/\/revierwelt.de\/index.php\/wp-json\/wp\/v2\/pages"}],"about":[{"href":"https:\/\/revierwelt.de\/index.php\/wp-json\/wp\/v2\/types\/page"}],"author":[{"embeddable":true,"href":"https:\/\/revierwelt.de\/index.php\/wp-json\/wp\/v2\/users\/1"}],"replies":[{"embeddable":true,"href":"https:\/\/revierwelt.de\/index.php\/wp-json\/wp\/v2\/comments?post=124394"}],"version-history":[{"count":4,"href":"https:\/\/revierwelt.de\/index.php\/wp-json\/wp\/v2\/pages\/124394\/revisions"}],"predecessor-version":[{"id":124399,"href":"https:\/\/revierwelt.de\/index.php\/wp-json\/wp\/v2\/pages\/124394\/revisions\/124399"}],"wp:attachment":[{"href":"https:\/\/revierwelt.de\/index.php\/wp-json\/wp\/v2\/media?parent=124394"}],"curies":[{"name":"wp","href":"https:\/\/api.w.org\/{rel}","templated":true}]}}