{"id":24654,"date":"2018-07-18T15:48:08","date_gmt":"2018-07-18T13:48:08","guid":{"rendered":"https:\/\/revierwelt.de\/?page_id=24654"},"modified":"2019-05-04T14:24:29","modified_gmt":"2019-05-04T12:24:29","slug":"datenschutzerklaerung","status":"publish","type":"page","link":"https:\/\/revierwelt.de\/index.php\/datenschutzerklaerung\/","title":{"rendered":"Datenschutzerkl\u00e4rung"},"content":{"rendered":"<section class=\"l-section wpb_row height_medium\"><div class=\"l-section-h i-cf\"><div class=\"g-cols vc_row via_flex valign_top type_default stacking_default\"><div class=\"vc_col-sm-12 wpb_column vc_column_container\"><div class=\"vc_column-inner\"><div class=\"wpb_wrapper\"><div class=\"wpb_text_column\"><div class=\"wpb_wrapper\"><p>Wir, die Revierwelt Media GmbH, freuen uns \u00fcber Ihren Besuch auf unserer Website mit unserem umfassenden Online Angebot rund um die Jagd. Revierwelt Media ist Anbieter der Revierverwaltungssoftware \u201eREVIERWELT\u201c mit integriertem sozialen Netzwerk und der M\u00f6glichkeit zur Online- Kommunikation. Das multimediale Angebotsspektrum der REVIERWELT wird von einem Online Shop zum Erwerb von Produkten rund um die Nutzung von REVIERWELT abgerundet \u2013 im Folgenden zusammenfassend als \u201aunsere Dienste\u2018 bezeichnet \u2013.<\/p>\n<p>Der Schutz Ihrer personenbezogenen Daten bei deren Erhebung, Verarbeitung und Nutzung ist f\u00fcr uns ein wichtiges Anliegen. Die nachstehenden Ausf\u00fchrungen gelten nicht f\u00fcr durch Dritte \u00fcber REVIERWELT angebotene Produkte. Achten Sie daher bitte diesbez\u00fcglich auf produktspezifische Nutzungsbedingungen bei Produkten von Dritten.<\/p>\n<p>In dieser Datenschutzerkl\u00e4rung geben wir Ihnen entsprechend unserer Informationspflichten gem\u00e4\u00df der ab dem 25. Mail 2018 in Kraft getretenen Europ\u00e4ischen Datenschutz Grundverordnung (DSGVO) einen \u00dcberblick dar\u00fcber, wie wir Ihre personenbezogenen Daten verarbeiten, wenn Sie unsere Dienste nutzen. Sie gelten unabh\u00e4ngig davon, ob Sie bei uns registriert sind oder nicht, sie blo\u00df unsere Webseiten (www.revierwelt.de\/.com) besuchen oder unsere kostenfreien und kostenpflichtigen Anwendungen und Apps buchen und nutzen.<\/p>\n<p>Durch die Nutzung unserer Dienste stimmen Sie der Verarbeitung Ihrer Daten gem\u00e4\u00df dieser Datenschutzerkl\u00e4rung zu.<\/p>\n<p>SOLLTEN SIE MIT DEN BESTIMMUNGEN DIESER DATENSCHUTZERKL\u00c4RUNG NICHT EINVERSTANDEN SEIN, SOLLTEN SIE UNSERE DIENSTE NICHT NUTZEN.<\/p>\n<p><strong>\u00a7 1 Information \u00fcber die Erhebung personenbezogener Daten<\/strong><\/p>\n<p>(1) Im Folgenden informieren wir \u00fcber die Erhebung personenbezogener Daten bei Nutzung unserer Dienste. \u201ePersonenbezogene Daten\u201c im Sinne von Artikel 4 Nr. 1 der Datenschutzgrundverordnung sind:<\/p>\n<p>\u201e\u2026alle Informationen, die sich auf eine identifizierte oder identifizierbare nat\u00fcrliche Person (im Folgenden \u201ebetroffene Person\u201c) beziehen; als identifizierbar wird eine nat\u00fcrliche Person angesehen, die direkt oder indirekt, insbesondere mittels Zuordnung zu einer Kennung wie einem Namen, zu einer Kennnummer, zu Standortdaten, zu einer Online-Kennung oder zu einem oder mehreren besonderen Merkmalen, die Ausdruck der physischen, physiologischen, genetischen, psychischen, wirtschaftlichen, kulturellen oder sozialen Identit\u00e4t dieser nat\u00fcrlichen Person sind, identifiziert werden kann\u201c.<\/p>\n<p>(2) Verantwortlicher gem. Art. 4 Nr. 7 EU-Datenschutz-Grundverordnung (DSGVO) ist der Revierwelt Media GmbH, Pestalozzistra\u00dfe 41, 35606 Solms (weitere Angaben siehe Impressum).<\/p>\n<p>(3) Bei einer Anmeldung an REVIERWELT zur Nutzung unserer Dienste, Ihrer Kontaktaufnahme mit uns, per E-Mail oder \u00fcber ein Kontaktformular werden die von Ihnen mitgeteilten Daten (Ihre E-Mail-Adresse, ggf. Ihr Name, Ihre Telefonnummer und alle weiteren von Ihnen uns \u00fcbermittelten Daten) von uns gespeichert. Die in diesem Zusammenhang anfallenden Daten l\u00f6schen wir, nachdem die Speicherung nicht mehr erforderlich ist oder schr\u00e4nken die Verarbeitung ein, falls gesetzliche Aufbewahrungspflichten bestehen.<\/p>\n<p>(4) Da der Schutz von Kindern von gro\u00dfer Bedeutung ist, lassen wir keine Registrierung von Nutzern unter 16 Jahren zu. Falls Sie als Erziehungsberechtigte erfahren, dass Ihre Kinder sich an unserem Dienst registriert und ihre personenbezogenen Daten an uns \u00fcbermittelt haben, k\u00f6nnen Sie sich mit uns unter den oben genannten Kontaktdaten in Verbindung setzen, wir werden den Nutzer umgehend sperren und die Daten l\u00f6schen.<\/p>\n<p><strong>\u00a7 2 Zweck der Datenverarbeitung<\/strong><\/p>\n<p>(1) Wir erheben und verarbeiten Ihre personenbezogenen Daten zu dem Zweck, Ihnen unsere Dienste bereitstellen zu ko\u0308nnen, sie fortlaufend zu verbessern und weiterzuentwickeln, ihre technische Funktionalita\u0308t sicherzustellen sowie die Sicherheit unserer Dienste zu gew\u00e4hrleisten.<\/p>\n<p>(2) Wir nutzen Ihre Daten, um Ihnen unsere Dienste entsprechend Ihrer Nutzung bereitzustellen, Ihnen aus unserer Sicht passgenaue erg\u00e4nzende Informationen und Angebote rund um unsere Dienste anzubieten und Ihnen ein aus unserer Sicht angepasstes Nutzererlebnis zu pr\u00e4sentieren.<\/p>\n<p>(3) Wir stellen Ihnen unterschiedliche Wege zur Bezahlung kostenpflichtiger Dienste bereit. Die Erfassung und Verarbeitung von Kontendaten im Rahmen des Bezahlprozesses erfolgt ausschlie\u00dflich von dem von Ihnen jeweils gew\u00e4hlten Anbieter nach dessen Datenschutz- und Vertragsbedingungen.<\/p>\n<p>(4) Wir sichern Ihnen zu, Ihre Daten zu keiner Zeit Dritten zu \u00fcberlassen, ausgenommen solchen Dritten, welche von uns zur Erbringung unserer Dienste direkt beauftragt sind und durch uns entsprechend der Vorschriften der Datenschutzgrundverordnung auf die Einhaltung des Datenschutzes verpflichtet wurden.<\/p>\n<p><strong>\u00a7 3 Ihre Rechte<\/strong><\/p>\n<p>(1) Sie haben gegen\u00fcber uns folgende Rechte hinsichtlich der Sie betreffenden personenbezogenen Daten:<\/p>\n<p>\u2013 Recht auf Auskunft,<br \/>\n\u2013 Recht auf Berichtigung oder L\u00f6schung,<br \/>\n\u2013 Recht auf Einschr\u00e4nkung der Verarbeitung,<br \/>\n\u2013 Recht auf Widerspruch gegen die Verarbeitung,<br \/>\n\u2013 Recht auf Daten\u00fcbertragbarkeit.<\/p>\n<p>(2) Sie haben zudem das Recht, sich bei einer Datenschutz-Aufsichtsbeh\u00f6rde \u00fcber die Verarbeitung Ihrer personenbezogenen Daten durch uns zu beschweren.<\/p>\n<p><strong>\u00a7 4 Erhebung personenbezogener Daten bei Besuch unserer Website<\/strong><\/p>\n<p>(1) Bei der blo\u00df informatorischen Nutzung unserer Webseiten, also wenn Sie sich nicht registrieren oder uns anderweitig Informationen \u00fcbermitteln, erheben wir nur die personenbezogenen Daten, die Ihr Browser an unseren Server \u00fcbermittelt. Wenn Sie unsere Website betrachten m\u00f6chten, erheben wir die folgenden Daten, die f\u00fcr uns technisch erforderlich sind, um Ihnen unsere Website anzuzeigen und die Stabilit\u00e4t und Sicherheit zu gew\u00e4hrleisten (Rechtsgrundlage ist Art. 6 Abs. 1 S. 1 lit. f DSGVO):<\/p>\n<p>\u2013 IP-Adresse<br \/>\n\u2013 Datum und Uhrzeit der Anfrage<br \/>\n\u2013 Zeitzonendifferenz zur Greenwich Mean Time (GMT)<br \/>\n\u2013 Inhalt der Anforderung (konkrete Seite)<br \/>\n\u2013 Zugriffsstatus\/HTTP-Statuscode<br \/>\n\u2013 jeweils \u00fcbertragene Datenmenge<br \/>\n\u2013 Website, von der die Anforderung kommt<br \/>\n\u2013 Browser<br \/>\n\u2013 Betriebssystem und dessen Oberfl\u00e4che<br \/>\n\u2013 Sprache und Version der Browsersoftware<\/p>\n<p>(2) Zus\u00e4tzlich zu den zuvor genannten Daten werden bei Ihrer Nutzung unserer Webseiten Cookies auf Ihrem Rechner gespeichert. Bei Cookies handelt es sich um kleine Textdateien, die auf Ihrer Festplatte dem von Ihnen verwendeten Browser zugeordnet gespeichert werden und durch welche der Stelle, die den Cookie setzt (hier durch uns), bestimmte Informationen zuflie\u00dfen. Cookies k\u00f6nnen keine Programme ausf\u00fchren oder Viren auf Ihren Computer \u00fcbertragen. Sie dienen dazu, das Internetangebot insgesamt nutzerfreundlicher und effektiver zu machen.<\/p>\n<p>(3) Einsatz von Cookies:<\/p>\n<p>a) Unsere Webseiten nutzen folgende Arten von Cookies, deren Umfang und Funktionsweise im Folgenden erl\u00e4utert werden:<\/p>\n<p>\u2013 Transiente Cookies (dazu b)<br \/>\n\u2013 Persistente Cookies (dazu c).<\/p>\n<p>b) Transiente Cookies werden automatisiert gel\u00f6scht, wenn Sie den Browser schlie\u00dfen. Dazu z\u00e4hlen insbesondere die Session-Cookies. Diese speichern eine sogenannte Session-ID, mit welcher sich verschiedene Anfragen Ihres Browsers der gemeinsamen Sitzung zuordnen lassen. Dadurch kann Ihr Rechner wiedererkannt werden, wenn Sie auf unsere Website zur\u00fcckkehren. Die Session-Cookies werden gel\u00f6scht, wenn Sie sich ausloggen oder den Browser schlie\u00dfen.<\/p>\n<p>c) Persistente Cookies werden automatisiert nach einer vorgegebenen Dauer gel\u00f6scht, die sich je nach Cookie unterscheiden kann. Sie k\u00f6nnen die Cookies in den Sicherheitseinstellungen Ihres Browsers jederzeit selbst l\u00f6schen. Persistente Cookies erlauben uns Sie wieder zu erkennen, wenn Sie uns erneut besuchen um Ihren Besuch f\u00fcr Sie so einfach und effizient zu gestalten wie Sie es sich w\u00fcnschen.<\/p>\n<p>d) Sie k\u00f6nnen Ihre Browser-Einstellung entsprechend Ihren W\u00fcnschen konfigurieren und z. B. die Annahme von Third-Party-Cookies oder allen Cookies ablehnen. Wir weisen Sie darauf hin, dass Sie dann eventuell nicht alle Funktionen unserer Webseiten nutzen k\u00f6nnen.<\/p>\n<p>e) Wir setzen Cookies ein, um Sie f\u00fcr Folgebesuche identifizieren zu k\u00f6nnen, falls Sie \u00fcber einen Account bei uns verf\u00fcgen. Andernfalls m\u00fcssten Sie sich f\u00fcr jeden Besuch erneut einloggen.<\/p>\n<p><strong>\u00a7 5 Erhebung personenbezogener Daten bei der Nutzung unserer Dienste<\/strong><\/p>\n<p>(1) Bei der Anmeldung zur Nutzung unserer Dienste erkl\u00e4ren Sie sich mit unserer gesonderten <a href=\"https:\/\/revierwelt.de\/index.php\/nutzungsvereinbarung\"><strong>Nutzungsvereinbarung<\/strong><\/a> einverstanden, welche eine weitergehende Erhebung, Speicherung und Verarbeitung von Daten umfasst. Der jeweilige Umfang h\u00e4ngt von den einzelnen Diensten ab, welche Sie aus unserem Angebot nutzen.<\/p>\n<p>(2) Durch Anmeldung zur Nutzung unserer Dienste werden mindestens folgende weitere Daten erfasst, zu deren wahrheitsgem\u00e4\u00dfer Angabe Sie nach unserer Nutzungsvereinbarung verpflichtet sind:<\/p>\n<p>\u2013 Nachname<br \/>\n\u2013 Vorname<br \/>\n\u2013 Anrede<br \/>\n\u2013 Geburtsdatum<br \/>\n\u2013 Land der Nutzung<br \/>\n\u2013 Mobilfunknummer<br \/>\n\u2013 E-Mail-Adresse<br \/>\n\u2013 Pers\u00f6nliches Passwort<\/p>\n<p>(3) Beim Abschluss eines Abonnements zur Nutzung von kostenpflichtigen Diensten oder dem Kauf von Produkten \u00fcber unsere Webseite kann zudem die Erfassung von Daten zur laufenden Abrechnung erforderlich werden. Diese Daten werden ausschlie\u00dflich auf Seiten des von Ihnen gew\u00e4hlten Zahlungsdienstleisters erfasst und verarbeitet. Es erfolgt keine Speicherung von Konteninformationen auf unseren Systemen, lediglich von anonymisierten Transaktionsschl\u00fcsseln.<\/p>\n<p>(4) Im Rahmen der Nutzung unserer Dienste k\u00f6nnen Sie selbst dar\u00fcber hinaus weitere Daten innerhalb unserer Dienste selbst\u00e4ndig erfassen, auf unseren Diensten ablegen oder an unsere Dienste \u00fcbermitteln lassen, diese Daten werden entsprechend unserer Nutzungsvereinbarung gespeichert und verarbeitet.<\/p>\n<p>(5) Sofern es sich hierbei um die Nutzung einer <strong>geschlossenen Benutzergruppen<\/strong> (z.B. eines Reviers) handelt, beachten Sie bitte, dass jede geschlossene Benutzergruppe \u00fcber einen Besitzer verf\u00fcgt, der weitere Nutzer hinzuf\u00fcgen und entfernen kann sowie die Berechtigungen der Nutzer innerhalb der Gruppe verwaltet. Mit dem Hinzuf\u00fcgen von Daten in die geschlossene Benutzergruppe r\u00e4umen Sie dem Besitzer der geschlossenen Benutzergruppe ein uneingeschr\u00e4nkten, unwiderruflichen und \u00fcbertragbaren Nutzungsrechte an allen hinzugef\u00fcgten Inhalten und Daten ein.<\/p>\n<p>(6) Bei der Nutzung einzelner unserer Dienste werden dar\u00fcber hinaus, automatisch durch Ihre Nutzung oder die von Ihnen an unsere Dienste angebundenen Endger\u00e4te, Daten an unsere Dienste \u00fcbermittelt. Den Umfang der \u00fcbermittelten Daten bestimmen dabei Sie, durch die Wahl und den Einsatz von Endger\u00e4ten mit aktiver \u00dcbertragungstechnik (Tracker, Kameras, Fallenmelder etc.). Alle an unsere Dienste \u00fcbermittelten Daten werden dabei von uns erfasst, gespeichert und nach den Regeln der Nutzungsvereinbarung verarbeitet.<\/p>\n<p><strong>\u00a7 6 Widerspruch oder Widerruf gegen die Verarbeitung Ihrer Daten<\/strong><\/p>\n<p>(1) Falls Sie eine Einwilligung zur Verarbeitung Ihrer Daten erteilt haben, k\u00f6nnen Sie diese jederzeit widerrufen. Ein solcher Widerruf beeinflusst die Zul\u00e4ssigkeit der Verarbeitung Ihrer personenbezogenen Daten, nachdem Sie ihn gegen\u00fcber uns ausgesprochen haben.<\/p>\n<p>(2) Soweit wir die Verarbeitung Ihrer personenbezogenen Daten auf die Interessenabw\u00e4gung st\u00fctzen, k\u00f6nnen Sie Widerspruch gegen die Verarbeitung einlegen. Dies ist der Fall, wenn die Verarbeitung insbesondere nicht zur Erf\u00fcllung eines Vertrags mit Ihnen erforderlich ist, was von uns jeweils bei der nachfolgenden Beschreibung der Funktionen dargestellt wird. Bei Aus\u00fcbung eines solchen Widerspruchs bitten wir um Darlegung der Gr\u00fcnde, weshalb wir Ihre personenbezogenen Daten nicht wie von uns durchgef\u00fchrt verarbeiten sollten. Im Falle Ihres begr\u00fcndeten Widerspruchs pr\u00fcfen wir die Sachlage und werden entweder die Datenverarbeitung einstellen bzw. anpassen oder Ihnen unsere zwingenden schutzw\u00fcrdigen Gr\u00fcnde aufzeigen, aufgrund derer wir die Verarbeitung fortf\u00fchren.<\/p>\n<p>(3) Selbstverst\u00e4ndlich k\u00f6nnen Sie der Verarbeitung Ihrer personenbezogenen Daten f\u00fcr Zwecke der Werbung und Datenanalyse jederzeit widersprechen. \u00dcber Ihren Werbewiderspruch k\u00f6nnen Sie uns unter folgenden Kontaktdaten informieren: support@revierwelt.de.<\/p>\n<p><strong>\u00a7 7 Einbindung von YouTube-Videos<\/strong><\/p>\n<p>(1) Wir haben YouTube-Videos in unser Online-Angebot eingebunden, die auf <a href=\"http:\/\/www.YouTube.com\">http:\/\/www.YouTube.com<\/a> gespeichert sind und von unserer Webseite aus direkt abspielbar sind. Beim Abruf dieser Videos werden Daten an YouTube \u00fcbertragen. Auf diese Daten\u00fcbertragung haben wir keinen Einfluss.<\/p>\n<p>(2) Durch den Besuch auf der entsprechenden Webseite und Abruf des Videos erh\u00e4lt YouTube die Information, dass Sie die entsprechende Unterseite unserer Webseite aufgerufen haben. Zudem werden die unter \u00a74, Absatz 1 dieser Erkl\u00e4rung genannten Daten \u00fcbermittelt. Dies erfolgt unabh\u00e4ngig davon, ob YouTube ein Nutzerkonto f\u00fcr Sie bereitstellt, \u00fcber das Sie bereits eingeloggt sind, oder ob kein Nutzerkonto besteht. Wenn Sie bei Google eingeloggt sind, werden Ihre Daten direkt Ihrem Google Konto zugeordnet. Wenn Sie die Zuordnung mit Ihrem Profil bei YouTube nicht w\u00fcnschen, m\u00fcssen Sie sich vor Aktivierung des Buttons zum Aufruf des jeweiligen YouTube Videos ausloggen. YouTube speichert Ihre Daten als Nutzungsprofile und nutzt sie f\u00fcr Zwecke der Werbung, Marktforschung und\/oder bedarfsgerechten Gestaltung seiner Webseite.<\/p>\n<p>Eine solche Auswertung erfolgt insbesondere (selbst f\u00fcr nicht eingeloggte Nutzer) zur Erbringung von bedarfsgerechter Werbung und um andere Nutzern des sozialen Netzwerks von YouTube \u00fcber Ihre Aktivit\u00e4ten auf unserer Webseite zu informieren. Ihnen steht ein Widerspruchsrecht zu gegen die Bildung dieser Nutzerprofile, wobei Sie sich zur Aus\u00fcbung dessen an YouTube richten m\u00fcssen.<\/p>\n<p>(3) Weitere Informationen zu Zweck und Umfang der Datenerhebung und ihrer Verarbeitung durch YouTube erhalten Sie in der Datenschutzerkl\u00e4rung von YouTube. Dort erhalten Sie auch weitere Informationen zu Ihren Rechten und Einstellungsm\u00f6glichkeiten zum Schutze Ihrer Privatsph\u00e4re: https:\/\/www.google.de\/intl\/de\/policies\/privacy. Google verarbeitet Ihre personenbezogenen Daten auch in den USA und hat sich dem EU-US-Privacy-Shield unterworfen, https:\/\/www.privacyshield.gov\/EU-US-Framework.<\/p>\n<p><strong> \u00a7 8 Einbindung von Google Maps <\/strong><\/p>\n<p>(1) Auf unseren Webseiten nutzen wir das Angebot von Google Maps. Dadurch k\u00f6nnen wir Ihnen interaktive Karten direkt in der Website anzeigen und erm\u00f6glichen Ihnen die komfortable Nutzung der Karten-Funktion.<\/p>\n<p>(2) Durch den Besuch auf der entsprechenden Webseite erh\u00e4lt Google die Information, dass Sie die entsprechende Unterseite unserer Webseite aufgerufen haben. Zudem werden die unter \u00a74, Absatz 1 dieser Erkl\u00e4rung genannten Daten \u00fcbermittelt. Dies erfolgt unabh\u00e4ngig davon, ob Google ein Nutzerkonto f\u00fcr Sie bereitstellt, \u00fcber das Sie bereits eingeloggt sind, oder ob kein Nutzerkonto besteht. Wenn Sie bei Google eingeloggt sind, werden Ihre Daten direkt Ihrem Google Konto zugeordnet. Wenn Sie die Zuordnung mit Ihrem Profil bei Google nicht w\u00fcnschen, m\u00fcssen Sie sich vor dem Aufruf der entsprechenden Unterseiten unserer Dienste bei Google ausloggen. Google speichert Ihre Daten als Nutzungsprofile und nutzt sie f\u00fcr Zwecke der Werbung, Marktforschung und\/oder bedarfsgerechten Gestaltung seiner Website.<\/p>\n<p>Eine solche Auswertung erfolgt insbesondere (selbst f\u00fcr nicht eingeloggte Nutzer) zur Erbringung von bedarfsgerechter Werbung und um andere Nutzer des sozialen Netzwerks \u00fcber Ihre Aktivit\u00e4ten auf unserer Website zu informieren. Ihnen steht ein Widerspruchsrecht zu gegen die Bildung dieser Nutzerprofile, wobei Sie sich zur Aus\u00fcbung dessen an Google richten m\u00fcssen.<\/p>\n<p>(3) Weitere Informationen zu Zweck und Umfang der Datenerhebung und ihrer Verarbeitung durch den Plug-in-Anbieter erhalten Sie in den Datenschutzerkl\u00e4rungen von Google. Dort erhalten Sie auch weitere Informationen zu Ihren diesbez\u00fcglichen Rechten und Einstellungsm\u00f6glichkeiten zum Schutze Ihrer Privatsph\u00e4re: http:\/\/www.google.de\/intl\/de\/policies\/privacy. Google verarbeitet Ihre personenbezogenen Daten auch in den USA und hat sich dem EU-US Privacy Shield unterworfen, https:\/\/www.privacyshield.gov\/EU-US-Framework.<\/p>\n<p><strong> \u00a7 9 Einbindung von Bezahldiensten<\/strong><\/p>\n<p>(1) Zur Bereitstellung unterschiedlicher Verfahren zum Bezahlen kostenpflichtiger Leistungen von REVIERWELT werden verschiedene Bezahldienste und deren Anbieter, derzeit vorrangig PayPal und Stripe genutzt, die konkrete Angabe der jeweils verwendeten Anbieter und deren Auswahl durch Sie erfolgt im Rahmen der Auswahl des Bezahlverfahrens.<\/p>\n<p>(2) Die Abwicklung des Zahlvorgangs bedingt eine direkte Vereinbarung zwischen Ihnen und dem jeweils von Ihnen gew\u00e4hlten Bezahldienstleister, die auch die Verarbeitung von personenbezogenen Daten sowie den Abrechnungsinformationen umfasst.<\/p>\n<p>(3) Zur Erm\u00f6glichung des Bezahlvorgangs werden grundlegende Daten im Rahmen des Bezahlvorgangs durch den gew\u00e4hlten Anbieter auf dessen eingebundenen Seiten erfasst, es werden keine personenbezogenen Daten von Revierwelt Media an den Anbieter des Bezahldienstes \u00fcbertragen. Es erfolgt keine Speicherung von Konteninformationen auf unseren Systemen, lediglich von anonymisierten Transaktionsschl\u00fcsseln.<\/p>\n<p><strong>\u00a7 10 Auskunftsrecht und L\u00f6schung<\/strong><\/p>\n<p>Sie haben jederzeit ein Recht auf kostenlose Auskunft, Berichtigung, Sperrung und ggf. L\u00f6schung Ihrer personenbezogenen, gespeicherten Daten. Bitte senden Sie uns Ihr Verlangen per Post oder E-Mail. Die L\u00f6schung der personenbezogenen Daten erfolgt \u2013 vorbehaltlich abweichender rechtlicher Verpflichtungen \u2013, wenn Sie Ihre Einwilligung zur Speicherung widerrufen, diese zur Erf\u00fcllung des mit der Speicherung verfolgten Zwecks nicht mehr erforderlich sind bzw. die Speicherung aus sonstigen gesetzlichen Gr\u00fcnden unzul\u00e4ssig ist.<\/p>\n<p><strong> \u00a7 11 Verantwortliche Stelle f\u00fcr die Datenerhebung<\/strong><\/p>\n<p>Revierwelt Media GmbH<br \/>\nPestalozzistra\u00dfe 41<br \/>\n35606 Solms<br \/>\nE-Mail unter: support@revierwelt.de<\/p>\n<p>Gesch\u00e4ftsf\u00fchrer: Alexander Vinnai<br \/>\nHandelsregister: Amtsgericht Wetzlar HRB 6268<br \/>\nUSt-IdNr.: DE 281317112<\/p>\n<p style=\"margin: 0cm 0cm 16.9pt 0cm;\">Stand Mai 2019<\/p>\n<\/div><\/div><\/div><\/div><\/div><\/div><\/div><\/section>\n","protected":false},"excerpt":{"rendered":"Wir, die Revierwelt Media GmbH, freuen uns \u00fcber Ihren Besuch auf unserer Website mit unserem umfassenden Online Angebot rund um die Jagd. Revierwelt Media ist Anbieter der Revierverwaltungssoftware \u201eREVIERWELT\u201c mit integriertem sozialen Netzwerk und der M\u00f6glichkeit zur Online- Kommunikation. Das multimediale Angebotsspektrum der REVIERWELT wird von einem Online Shop zum Erwerb von Produkten rund um...","protected":false},"author":4,"featured_media":0,"parent":0,"menu_order":0,"comment_status":"closed","ping_status":"closed","template":"","meta":{"footnotes":""},"class_list":["post-24654","page","type-page","status-publish","hentry"],"_links":{"self":[{"href":"https:\/\/revierwelt.de\/index.php\/wp-json\/wp\/v2\/pages\/24654","targetHints":{"allow":["GET"]}}],"collection":[{"href":"https:\/\/revierwelt.de\/index.php\/wp-json\/wp\/v2\/pages"}],"about":[{"href":"https:\/\/revierwelt.de\/index.php\/wp-json\/wp\/v2\/types\/page"}],"author":[{"embeddable":true,"href":"https:\/\/revierwelt.de\/index.php\/wp-json\/wp\/v2\/users\/4"}],"replies":[{"embeddable":true,"href":"https:\/\/revierwelt.de\/index.php\/wp-json\/wp\/v2\/comments?post=24654"}],"version-history":[{"count":0,"href":"https:\/\/revierwelt.de\/index.php\/wp-json\/wp\/v2\/pages\/24654\/revisions"}],"wp:attachment":[{"href":"https:\/\/revierwelt.de\/index.php\/wp-json\/wp\/v2\/media?parent=24654"}],"curies":[{"name":"wp","href":"https:\/\/api.w.org\/{rel}","templated":true}]}}