{"id":24939,"date":"2019-05-03T15:01:55","date_gmt":"2019-05-03T13:01:55","guid":{"rendered":"http:\/\/revierwelt.de\/?page_id=24939"},"modified":"2019-05-04T14:26:42","modified_gmt":"2019-05-04T12:26:42","slug":"allgemeine-geschaeftsbedingungen","status":"publish","type":"page","link":"https:\/\/revierwelt.de\/index.php\/allgemeine-geschaeftsbedingungen\/","title":{"rendered":"Allgemeine Gesch\u00e4ftsbedingungen"},"content":{"rendered":"<section class=\"l-section wpb_row height_medium\"><div class=\"l-section-h i-cf\"><div class=\"g-cols vc_row via_flex valign_top type_default stacking_default\"><div class=\"vc_col-sm-12 wpb_column vc_column_container\"><div class=\"vc_column-inner\"><div class=\"wpb_wrapper\"><div class=\"wpb_text_column\"><div class=\"wpb_wrapper\"><p>Revierwelt Media GmbH bietet die Nutzung kostenpflichtiger Dienste (REVIERWELT) und den Erwerb von erg\u00e4nzenden Produkten an. F\u00fcr die Nutzung bzw. den Erwerb gelten die nachfolgenden Bedingungen jeweils.<\/p>\n<p><strong>Bedingungen zur Nutzung kostenpflichtiger Dienste<\/strong><\/p>\n<p>1. Vertragspartner<\/p>\n<p>Im Falle eines Vertragsschlusses kommt der Vertrag zwischen Ihnen als Kunde und der Revierwelt Media GmbH \u2013 im Folgenden Revierwelt Media genannt \u2013 zustande.<\/p>\n<p>2. Vertragsschluss<\/p>\n<p>Die fachliche und funktionale Beschreibung der Dienste und Leistungen der REVIERWELT durch Revierwelt Media stellt kein rechtlich bindendes Vertragsangebot durch Revierwelt Media dar, sondern ist nur eine unverbindliche Aufforderung an den Kunden, diese in Anspruch zu nehmen.<\/p>\n<p>Der Vertragsschluss erfolgt in folgenden Schritten:<\/p>\n<p>(a) Sie als Kunde geben mit Auswahl eines kostenpflichtigen REVIERWELT-Paketes und ggf. erg\u00e4nzender REVIERWELT-Addons f\u00fcr ein von Ihnen zuvor ausgew\u00e4hltes Revier ein Angebot auf Abschluss eines Vertrages ab.<\/p>\n<p>(b) Nach Abschluss des Bestellvorgangs, unter Angabe der erforderlichen Zahlungsinformationen, kommt durch Zusendung einer best\u00e4tigenden E-Mail von Revierwelt Media an die von Ihnen als Kunde in ihrem REVIERWELT-Kundenkonto angegebene E-Mail-Adresse, zwischen Revierwelt Media und Ihnen als Kunde, ein Vertrag \u00fcber die Erbringung der vertragsgegenst\u00e4ndlichen Leistungen zustande.<\/p>\n<p>Revierwelt Media speichert den Vertragstext und sendet Ihnen als Kunde die Bestelldaten mit den vorliegenden Allgemeinen Gesch\u00e4ftsbedingungen (AGB) per E-Mail zu. Die Allgemeinen Gesch\u00e4ftsbedingungen sowie die zugeh\u00f6rige Datenschutzerkl\u00e4rung k\u00f6nnen Sie jederzeit auch unter den Internetseiten von Revierwelt Media bzw. auf REVIERWELT einsehen.<\/p>\n<p>3. Inanspruchnahme von Nachrichten- und Datendiensten<\/p>\n<p>Ihnen als Kunde wird im Rahmen der jeweils vorhandenen technischen M\u00f6glichkeiten, Verf\u00fcgbarkeiten und der ggf. gebuchten erg\u00e4nzenden REVIERWELT-Addons, die Nutzung des Datenversendungs-\/Datenempfangssystems erm\u00f6glicht.<\/p>\n<p>Revierwelt Media schuldet unter keinen Umst\u00e4nden den erfolgreichen Empfang oder die erfolgreiche Zustellung von Daten oder Textnachrichten. Revierwelt Media \u00fcbernimmt f\u00fcr den Kunden unter Verwendung des Datenversendungs-\/Datenempfangssystems, auf welches Revierwelt Media unmittelbar und ohne Vermittlung Dritter zugreifen kann (REVIERWELT-System), im jeweils vereinbarten Umfang und Kommunikationsformat (n\u00e4mlich Daten, SMS, E-Mail, Pushnachrichten und Sprache) und unter dem Vorbehalt der Verf\u00fcgbarkeit die Bereithaltung der Webseite und der Datenkommunikationskan\u00e4le, des REVIERWELT-Systems und des Accounts zur Eingabe von Textnachrichten und\/oder das zeitlich befristete Speichern von Textnachrichten und Daten zum Versand an die vom Kunden als Zieladresse benannte Mobilfunknummer und\/oder zumutbare Leistungen mit dem Ziel, Daten, Text- oder Sprachnachrichten an die vom Kunden benannten Kommunikationsschnittstellen, Ruf-\/Mobilfunknummern, E-Mailadresse zu \u00fcbermitteln.<\/p>\n<p>Revierwelt Media schuldet keinesfalls die erfolgreiche \u00dcbermittlung oder Entgegennahme der weiterzuleitenden Daten, Text-\/Sprachnachricht, sondern nur die Bereitstellung des REVIERWELT-Systems und die Einleitung eines oder mehrerer Nachrichten-\/Daten\u00fcbertragungsversuche. Dem Kunde ist insbesondere bewusst, dass auch bei vertragsgerechter Durchf\u00fchrung dieser Leistungen die weiterzuleitenden Daten\/Nachrichten verz\u00f6gert werden oder verloren gehen k\u00f6nnen, vor allem bei Unzustellbarkeit oder aus sonstigen Gr\u00fcnden, welche au\u00dferhalb des REVIERWELT-Systems liegen (z.B. Kapazit\u00e4tsbegrenzungen oder die Nichtverf\u00fcgbarkeiten des Ziel-Mobilfunknetzes oder anderer Netz- und sonstiger Dienstleister, \u00fcber welche die Auslieferung und Verteilung der Daten, Text-\/Sprachnachricht erfolgt). Insbesondere schuldet Revierwelt Media nicht die f\u00fcr den Datentransport zwischen dem \u00dcbergabepunkt an das Internet durch das REVIERWELT-System und dem Empfangsger\u00e4t des Ziels erforderlichen Telekommunikationsdienste.<\/p>\n<p>Bevor Sie SMS-Datendienste des REVIERWELT-Systems in Anspruch nehmen k\u00f6nnen, m\u00fcssen Sie ein entsprechendes REVIERWELT-Addon buchen.<\/p>\n<p>4. Laufzeit des Vertrags und K\u00fcndigung<\/p>\n<p>Der Vertrag \u00fcber ein <strong>REVIERWELT-Paket<\/strong> wird f\u00fcr einen Zeitraum von 365 Tagen, beginnend mit dem Datum der auf die Bestellung folgende Vertragsannahme durch Revierwelt Media, geschlossen (Laufzeit). Er verl\u00e4ngert sich um jeweils weitere 365 Tage, sofern Sie den Vertrag nicht mit einer Frist von 30 Tagen zum Ende der jeweiligen Laufzeit in Textform (Brief, Fax oder E-Mail) k\u00fcndigen.<\/p>\n<p>Der Vertrag \u00fcber ein <strong>REVIERWELT-Addon<\/strong> umfasst jeweils ein festes Nutzungskontingent, das vom Kunden bzw. den vom Kunden eingesetzten Endger\u00e4ten verbraucht werden kann. Ohne eine vorherige Bestellung einer automatischen Wiederaufladung, welche jederzeit vom Kunden beendet werden kann, endet die Nutzung des REVIERWELT-Addon mit dem Aufbrauchen des Nutzungskontingentes.<\/p>\n<p>Das Recht zur K\u00fcndigung aus wichtigem Grund bleibt unber\u00fchrt. Ein wichtiger Grund liegt z.B. vor, wenn Revierwelt Media den Betrieb von REVIERWELT aufgibt.<\/p>\n<p>5. Preise<\/p>\n<p>Die jeweils geltenden Preise f\u00fcr REVIERWELT-Pakete und REVIERWELT-Addons sind auf REVIERWELT einzusehen (Link auf Preisliste). Die Preise k\u00f6nnen nach billigem Ermessen der Revierwelt Media angepasst werden. Ma\u00dfgeblich ist jeweils der zum Zeitpunkt der Bestellung oder Verl\u00e4ngerung ver\u00f6ffentlichte Preis.<\/p>\n<p>Die angegebenen Preise enthalten stets die jeweilige geltende Mehrwertsteuer im Land des Kunden.<\/p>\n<p>6. Zahlung, F\u00e4lligkeit<\/p>\n<p>Die Berechnung und Abbuchung der Entgelte f\u00fcr <strong>REVIERWELT-Pakete<\/strong> erfolgt jeweils im Voraus f\u00fcr den Nutzungszeitraum von 365 Tagen bei erstmaliger Bestellung und bei Verl\u00e4ngerung.<\/p>\n<p>Die Berechnung und Abbuchung der Entgelte f\u00fcr REVIERWELT-Addons erfolgt jeweils im Voraus f\u00fcr das jeweilige Nutzungskontingent bei erstmaliger Bestellung und bei Verl\u00e4ngerung. Die Abbuchung der leistungsbezogenen Nutzungsentgelte vom Nutzungskontingent des jeweiligen REVIERWELT-Addons erfolgt jeweils nach Inanspruchnahme der jeweiligen Leistung.<\/p>\n<p>7. Ausschluss von Reklamationen<\/p>\n<p>Reklamationen zur Inanspruchnahme von REVIERWELT-Addons sind nur mit einer Frist von 30 Tagen nach erfolgter Abbuchung der reklamierten Nutzung zul\u00e4ssig.<\/p>\n<p>8. Widerrufsrecht f\u00fcr Kunde als Verbraucher<\/p>\n<p><strong>Widerrufsbelehrung<\/strong><\/p>\n<p>Widerrufsrecht<\/p>\n<p>Sie k\u00f6nnen Ihre Vertragserkl\u00e4rung innerhalb von 14 Tagen ohne Angabe von Gr\u00fcnden in Textform (z. B. Brief, Fax, E-Mail) widerrufen. Die Frist beginnt nach Erhalt dieser Belehrung in Textform, jedoch nicht vor Vertragsschluss und auch nicht vor Erf\u00fcllung unserer Informationspflichten gem\u00e4\u00df Artikel 246 \u00a7 2 in Verbindung mit \u00a7 1 Absatz 1 und 2 EGBGB sowie unserer Pflichten gem\u00e4\u00df \u00a7 312g Absatz 1 Satz 1 BGB in Verbindung mit Artikel 246 \u00a7 3 EGBGB. Zur Wahrung der Widerrufsfrist gen\u00fcgt die rechtzeitige Absendung des Widerrufs. Der Widerruf ist zu richten an:<\/p>\n<p>REVIERWELT MEDIA GMBH<br \/>\nGesch\u00e4ftsf\u00fchrer: Alexander Vinnai<br \/>\nPestalozzistra\u00dfe 41<br \/>\n35606 Solms<br \/>\nsupport@revierwelt.de<\/p>\n<p>Widerrufsfolgen<\/p>\n<p>Im Falle eines wirksamen Widerrufs sind die beiderseits empfangenen Leistungen zur\u00fcckzugew\u00e4hren und ggf. gezogene Nutzungen (z. B. Zinsen) herauszugeben. K\u00f6nnen Sie uns die empfangene Leistung sowie Nutzungen (z. B. Gebrauchsvorteile) nicht oder teilweise nicht oder nur in verschlechtertem Zustand zur\u00fcckgew\u00e4hren beziehungsweise herausgeben, m\u00fcssen Sie uns insoweit Wertersatz leisten. Dies kann dazu f\u00fchren, dass Sie die vertraglichen Zahlungsverpflichtungen f\u00fcr den Zeitraum bis zum Widerruf gleichwohl erf\u00fcllen m\u00fcssen. Verpflichtungen zur Erstattung von Zahlungen m\u00fcssen innerhalb von 30 Tagen erf\u00fcllt werden. Die Frist beginnt f\u00fcr Sie mit der Absendung Ihrer Widerrufserkl\u00e4rung, f\u00fcr uns mit deren Empfang.<\/p>\n<p>Besondere Hinweise<\/p>\n<p>Ihr Widerrufsrecht erlischt vorzeitig, wenn der Vertrag von beiden Seiten auf Ihren ausdr\u00fccklichen Wunsch vollst\u00e4ndig erf\u00fcllt ist, bevor Sie Ihr Widerrufsrecht ausge\u00fcbt haben.<\/p>\n<p>Ende der Widerrufsbelehrung.<\/p>\n<p><strong>Muster-Widerrufsformular<\/strong><\/p>\n<p>(Wenn Sie den Vertrag widerrufen wollen, dann f\u00fcllen Sie bitte dieses Formular aus und senden Sie es zur\u00fcck)<\/p>\n<p>An<\/p>\n<p>REVIERWELT MEDIA GMBH<br \/>\nGesch\u00e4ftsf\u00fchrer: Alexander Vinnai<br \/>\nPestalozzistra\u00dfe 41<br \/>\n35606 Solms<br \/>\nsupport@revierwelt.de<\/p>\n<p>\u2014 Hiermit widerrufe(n) ich\/wir (*) den von mir\/uns (*) abgeschlossenen Vertrag \u00fcber die Erbringung der folgenden Leistung (*)<\/p>\n<p>\u2014 Bestellt am (*)<\/p>\n<p>\u2014 Name des\/der Verbraucher(s)<\/p>\n<p>\u2014 Kundennummer des\/der Verbraucher(s)<\/p>\n<p>\u2014 Vertragsnummer des\/der Verbraucher(s)<\/p>\n<p>\u2014 Anschrift des\/der Verbraucher(s)<\/p>\n<p>\u2014 Unterschrift des\/der Verbraucher(s) (nur bei Mitteilung auf Papier)<\/p>\n<p>\u2014 Datum<\/p>\n<p>(*) Unzutreffendes streichen.<\/p>\n<p>&nbsp;<\/p>\n<p>9. Haftung von Revierwelt Media<\/p>\n<p>Revierwelt Media haftet unbeschr\u00e4nkt nach den gesetzlichen Bestimmungen: f\u00fcr Sch\u00e4den, die aus der Verletzung von Leben, K\u00f6rper oder Gesundheit entstehen; bei Vorsatz; bei grober Fahrl\u00e4ssigkeit; und gem\u00e4\u00df dem Produkthaftungsgesetz.<\/p>\n<p>Revierwelt Media haftet f\u00fcr leichte Fahrl\u00e4ssigkeit nur im Falle der Verletzung einer sich aus dieser Vereinbarung ergebenden \u201ewesentlichen\u201c Pflicht. \u201eWesentliche\u201c Pflichten in diesem Sinne sind Pflichten, die f\u00fcr die Erf\u00fcllung der Vereinbarung erforderlich sind, deren Verletzung den Zweck der Vereinbarung gef\u00e4hrden w\u00fcrde, und auf deren Einhaltung Sie vertrauen k\u00f6nnen. In diesen F\u00e4llen ist die Haftung auf typische und vorhersehbare Sch\u00e4den beschr\u00e4nkt; in anderen F\u00e4llen besteht keine Haftung f\u00fcr leichte Fahrl\u00e4ssigkeit.<\/p>\n<p>10. Erf\u00fcllungsort, Anwendbares Recht und Gerichtsstand<\/p>\n<p>Es gilt ausschlie\u00dflich das Recht der Bundesrepublik Deutschland. F\u00fcr den Verbraucher gilt diese Rechtswahl nur insoweit, als nicht der gew\u00e4hrte Schutz durch zwingende Bestimmungen des Rechts des Staates, in welchem der Verbraucher seinen gew\u00f6hnlichen Aufenthalt hat, entzogen wird.<\/p>\n<p>11. Salvatorische Klausel<\/p>\n<p>Sind bzw. werden einzelne Bestimmungen dieser AGB unwirksam und\/oder nichtig, so bleibt die G\u00fcltigkeit der Bedingungen im \u00dcbrigen gleichwohl unber\u00fchrt. Unwirksame und\/oder nichtige Bestimmungen sollen so ersetzt werden, dass der angestrebte wirtschaftliche Zweck erreicht wird. Dies gilt entsprechend f\u00fcr die Ausf\u00fcllung von L\u00fccken in den AGB.<\/p>\n<\/div><\/div><\/div><\/div><\/div><\/div><\/div><\/section>\n","protected":false},"excerpt":{"rendered":"Revierwelt Media GmbH bietet die Nutzung kostenpflichtiger Dienste (REVIERWELT) und den Erwerb von erg\u00e4nzenden Produkten an. F\u00fcr die Nutzung bzw. den Erwerb gelten die nachfolgenden Bedingungen jeweils. Bedingungen zur Nutzung kostenpflichtiger Dienste 1. Vertragspartner Im Falle eines Vertragsschlusses kommt der Vertrag zwischen Ihnen als Kunde und der Revierwelt Media GmbH \u2013 im Folgenden Revierwelt Media...","protected":false},"author":4,"featured_media":0,"parent":0,"menu_order":0,"comment_status":"closed","ping_status":"closed","template":"","meta":{"footnotes":""},"class_list":["post-24939","page","type-page","status-publish","hentry"],"_links":{"self":[{"href":"https:\/\/revierwelt.de\/index.php\/wp-json\/wp\/v2\/pages\/24939","targetHints":{"allow":["GET"]}}],"collection":[{"href":"https:\/\/revierwelt.de\/index.php\/wp-json\/wp\/v2\/pages"}],"about":[{"href":"https:\/\/revierwelt.de\/index.php\/wp-json\/wp\/v2\/types\/page"}],"author":[{"embeddable":true,"href":"https:\/\/revierwelt.de\/index.php\/wp-json\/wp\/v2\/users\/4"}],"replies":[{"embeddable":true,"href":"https:\/\/revierwelt.de\/index.php\/wp-json\/wp\/v2\/comments?post=24939"}],"version-history":[{"count":0,"href":"https:\/\/revierwelt.de\/index.php\/wp-json\/wp\/v2\/pages\/24939\/revisions"}],"wp:attachment":[{"href":"https:\/\/revierwelt.de\/index.php\/wp-json\/wp\/v2\/media?parent=24939"}],"curies":[{"name":"wp","href":"https:\/\/api.w.org\/{rel}","templated":true}]}}