{"id":26770,"date":"2020-08-04T12:44:03","date_gmt":"2020-08-04T10:44:03","guid":{"rendered":"https:\/\/revierwelt.de\/?page_id=26770"},"modified":"2020-08-04T12:49:53","modified_gmt":"2020-08-04T10:49:53","slug":"abgabe-von-wildbret","status":"publish","type":"page","link":"https:\/\/revierwelt.de\/index.php\/abgabe-von-wildbret\/","title":{"rendered":"Abgabe von Wildbret"},"content":{"rendered":"<section class=\"l-section wpb_row height_medium\"><div class=\"l-section-h i-cf\"><div class=\"g-cols vc_row via_flex valign_top type_default stacking_default\"><div class=\"vc_col-sm-12 wpb_column vc_column_container\"><div class=\"vc_column-inner\"><div class=\"wpb_wrapper\"><div class=\"wpb_text_column\"><div class=\"wpb_wrapper\"><p>REVIERWELT stellt mit dem Wildbretmarkt.de einen Online-Service zur Verf\u00fcgung, \u00fcber den der Nutzer Wildbretangebote einstellen und ver\u00f6ffentlichen sowie als Interessent Wildbretangebote anderer Nutzer einsehen kann. Dar\u00fcber hinaus erm\u00f6glicht der Wildbretmarktdienst auch den Austausch elektronischer Nachrichten zwischen Inserenten und Interessenten.<\/p>\n<p>Der Wildbretmarkt dient dem Ver\u00f6ffentlichen von Wildbretangeboten und dem Zusammenf\u00fchren von Anbietern und Interessenten der eingestellten Waren. REVIERWELT Wildbretmarkt ist selbst nicht Anbieter des jeweils mit Angebot beworbenen Wildbrets.<\/p>\n<p>Ich als Anbieter erkl\u00e4re hiermit, das von mir angebotene St\u00fcck Wild wurde sauber aufgebrochen, das Fleisch ist abgehangen, sorgf\u00e4ltig nach den zurzeit geltenden Vorschriften verarbeitet und bereit f\u00fcr den Verzehr. Nachfolgend erkl\u00e4re ich, folgende Rechtsvorschriften beim Anbieten von Wildbret im Wildbretmarkt der REVIERWELT einzuhalten.<\/p>\n<p><strong>Rechtsvorschriften:<\/strong><\/p>\n<ul>\n<li><a href=\"https:\/\/eur-lex.europa.eu\/legal-content\/DE\/TXT\/PDF\/?uri=CELEX:32004R0853&amp;from=en\">EU-Verordnung mit spezifischen Hygienevorschriften f\u00fcr Lebensmittel tierischen Ursprungs<\/a><\/li>\n<li><a href=\"https:\/\/eur-lex.europa.eu\/legal-content\/DE\/TXT\/PDF\/?uri=CELEX:32011R0931&amp;from=DE\">Durchf\u00fchrungsverordnung \u00fcber die R\u00fcckverfolgbarkeitsanforderungen an Lebensmittel tierischen Ursprungs<\/a><\/li>\n<li><a href=\"http:\/\/www.gesetze-im-internet.de\/tier-lmhv\/Tier-LMHV.pdf\">Tierische Lebensmittel-Hygieneverordnung<\/a><\/li>\n<li><a href=\"http:\/\/www.gesetze-im-internet.de\/tier-lm_v\/Tier-LM%C3%9CV.pdf\">Tierische Lebensmittel-\u00dcberwachungsverordnung<\/a><\/li>\n<li><a href=\"http:\/\/www.gesetze-im-internet.de\/lfgb\/LFGB.pdf\">Lebensmittel- und Futtermittelgesetzbuch<\/a><\/li>\n<\/ul>\n<p><strong>Voraussetzungen f\u00fcr J\u00e4ger zur Abgabe von Wildfleisch:<\/strong><br \/>\n<a href=\"https:\/\/revierwelt.de\/wp-content\/uploads\/2020\/08\/DJV-Infografik-Voraussetzung-zur-Abgabe-von-Wildfleisch-2014_0.pdf\">Herunterladen<\/a><\/p>\n<\/div><\/div><\/div><\/div><\/div><\/div><\/div><\/section>\n","protected":false},"excerpt":{"rendered":"REVIERWELT stellt mit dem Wildbretmarkt.de einen Online-Service zur Verf\u00fcgung, \u00fcber den der Nutzer Wildbretangebote einstellen und ver\u00f6ffentlichen sowie als Interessent Wildbretangebote anderer Nutzer einsehen kann. Dar\u00fcber hinaus erm\u00f6glicht der Wildbretmarktdienst auch den Austausch elektronischer Nachrichten zwischen Inserenten und Interessenten. Der Wildbretmarkt dient dem Ver\u00f6ffentlichen von Wildbretangeboten und dem Zusammenf\u00fchren von Anbietern und Interessenten der eingestellten...","protected":false},"author":4,"featured_media":0,"parent":0,"menu_order":0,"comment_status":"closed","ping_status":"closed","template":"","meta":{"footnotes":""},"class_list":["post-26770","page","type-page","status-publish","hentry"],"_links":{"self":[{"href":"https:\/\/revierwelt.de\/index.php\/wp-json\/wp\/v2\/pages\/26770","targetHints":{"allow":["GET"]}}],"collection":[{"href":"https:\/\/revierwelt.de\/index.php\/wp-json\/wp\/v2\/pages"}],"about":[{"href":"https:\/\/revierwelt.de\/index.php\/wp-json\/wp\/v2\/types\/page"}],"author":[{"embeddable":true,"href":"https:\/\/revierwelt.de\/index.php\/wp-json\/wp\/v2\/users\/4"}],"replies":[{"embeddable":true,"href":"https:\/\/revierwelt.de\/index.php\/wp-json\/wp\/v2\/comments?post=26770"}],"version-history":[{"count":0,"href":"https:\/\/revierwelt.de\/index.php\/wp-json\/wp\/v2\/pages\/26770\/revisions"}],"wp:attachment":[{"href":"https:\/\/revierwelt.de\/index.php\/wp-json\/wp\/v2\/media?parent=26770"}],"curies":[{"name":"wp","href":"https:\/\/api.w.org\/{rel}","templated":true}]}}