{"id":27263,"date":"2021-06-24T16:12:12","date_gmt":"2021-06-24T14:12:12","guid":{"rendered":"https:\/\/revierwelt.de\/?page_id=27263"},"modified":"2021-06-24T16:17:44","modified_gmt":"2021-06-24T14:17:44","slug":"allgemeine-verkaufsbedingungen-fuer-den-marktplatz","status":"publish","type":"page","link":"https:\/\/revierwelt.de\/index.php\/allgemeine-verkaufsbedingungen-fuer-den-marktplatz\/","title":{"rendered":"Allgemeine Verkaufsbedingungen f\u00fcr den Marktplatz"},"content":{"rendered":"<h4><strong>Allgemeine Verkaufsbedingungen f\u00fcr den Marktplatz<\/strong><\/h4>\n<p><b><span data-contrast=\"none\">Geltungsbereich<\/span><\/b><span data-ccp-props=\"{&quot;201341983&quot;:0,&quot;335559738&quot;:120,&quot;335559739&quot;:120,&quot;335559740&quot;:480}\">\u00a0<\/span><\/p>\n<p><span data-contrast=\"none\">Diese Gesch\u00e4ftsbedingungen gelten f\u00fcr alle K\u00e4ufe bei\u00a0<a href=\"https:\/\/revierwelt.de\/index.php\/impressum\/\" target=\"_blank\" rel=\"noopener\">Revierwelt Media GmbH<\/a><\/span><span data-contrast=\"none\">, die von Privatkunden get\u00e4tigt werden.\u00a0<\/span><span data-ccp-props=\"{&quot;201341983&quot;:0,&quot;335559738&quot;:120,&quot;335559739&quot;:120,&quot;335559740&quot;:480}\">\u00a0<\/span><\/p>\n<p><span data-contrast=\"none\">Privatkunden in diesem Sinne sind Personen mit Wohnsitz und Lieferadresse in der Bundesrepublik Deutschland, soweit die von ihnen bestellten Waren weder ihrer gewerblichen noch ihrer selbstst\u00e4ndigen beruflichen T\u00e4tigkeit zugerechnet werden k\u00f6nnen.\u00a0<\/span><span data-ccp-props=\"{&quot;201341983&quot;:0,&quot;335559738&quot;:120,&quot;335559739&quot;:120,&quot;335559740&quot;:480}\">\u00a0<\/span><\/p>\n<p><b><span data-contrast=\"none\">Preise und Versandkosten<\/span><\/b><span data-ccp-props=\"{&quot;201341983&quot;:0,&quot;335559738&quot;:120,&quot;335559739&quot;:120,&quot;335559740&quot;:480}\">\u00a0<\/span><\/p>\n<p><span data-contrast=\"none\">Die ausgezeichneten Preise sind Endpreise inkl. Umsatzsteuer. Es gilt der Betrag, der jeweils zum Zeitpunkt der verbindlichen Bestellung ausgewiesen ist. Hinzu kommen Versandkosten, die von der Versandart und der Gr\u00f6\u00dfe und dem Gewicht der von Ihnen bestellten Ware(n) abh\u00e4ngig sind. <\/span><span data-contrast=\"none\">\u00a0Die regelm\u00e4\u00dfigen Kosten der R\u00fccksendung, die im Falle einer R\u00fcckgabe der Ware durch Sie in Aus\u00fcbung Ihres <a href=\"https:\/\/revierwelt.de\/index.php\/widerruf\/\" target=\"_blank\" rel=\"noopener\">Widerrufsrechts<\/a> <\/span><span data-contrast=\"none\">entstehen, tragen Sie.<\/span><span data-ccp-props=\"{&quot;201341983&quot;:0,&quot;335559738&quot;:120,&quot;335559739&quot;:120,&quot;335559740&quot;:480}\">\u00a0<\/span><span data-ccp-props=\"{&quot;201341983&quot;:0,&quot;335559738&quot;:120,&quot;335559739&quot;:120,&quot;335559740&quot;:480}\">\u00a0<\/span><\/p>\n<p><b><span data-contrast=\"none\">Zahlung<\/span><\/b><span data-ccp-props=\"{&quot;201341983&quot;:0,&quot;335559738&quot;:120,&quot;335559739&quot;:120,&quot;335559740&quot;:480}\">\u00a0<\/span><\/p>\n<p><span data-contrast=\"none\">Die Bezahlung erfolgt bei Lieferung mittels\u00a0<\/span><span data-contrast=\"none\">Kreditkarte.<\/span><\/p>\n<p><span data-ccp-props=\"{&quot;201341983&quot;:0,&quot;335559738&quot;:120,&quot;335559739&quot;:120,&quot;335559740&quot;:480}\">\u00a0<\/span><b><span data-contrast=\"none\">Zahlungsverzug<\/span><\/b><span data-ccp-props=\"{&quot;201341983&quot;:0,&quot;335559738&quot;:120,&quot;335559739&quot;:120,&quot;335559740&quot;:480}\">\u00a0<\/span><\/p>\n<p><span data-contrast=\"none\">Kommen Sie in Zahlungsverzug, so ist\u00a0Revierwelt Media GmbH\u00a0berechtigt, Verzugszinsen in H\u00f6he von 5 Prozentpunkten \u00fcber dem von der Deutschen Bundesbank f\u00fcr den Zeitpunkt der Bestellung bekannt\u00a0gegebenen Basiszinssatz p.a. zu fordern. Falls\u00a0Revierwelt Media GmbH\u00a0ein h\u00f6herer Verzugsschaden nachweisbar entstanden ist, ist\u00a0Revierwelt Media GmbH\u00a0berechtigt, diesen geltend zu machen.<\/span><span data-ccp-props=\"{&quot;201341983&quot;:0,&quot;335559738&quot;:120,&quot;335559739&quot;:120,&quot;335559740&quot;:480}\">\u00a0<\/span><\/p>\n<p><b><span data-contrast=\"none\">Zur\u00fcckbehaltungsrecht<\/span><\/b><span data-ccp-props=\"{&quot;201341983&quot;:0,&quot;335559738&quot;:120,&quot;335559739&quot;:120,&quot;335559740&quot;:480}\">\u00a0<\/span><\/p>\n<p><span data-contrast=\"none\">Zur Aus\u00fcbung eines Zur\u00fcckbehaltungsrechts ist der Kunde nur insoweit befugt, als sein Gegenanspruch auf demselben Vertragsverh\u00e4ltnis beruht.<\/span><span data-ccp-props=\"{&quot;201341983&quot;:0,&quot;335559738&quot;:120,&quot;335559739&quot;:120,&quot;335559740&quot;:480}\">\u00a0<\/span><\/p>\n<p><b><span data-contrast=\"none\">Lieferung<\/span><\/b><span data-ccp-props=\"{&quot;201341983&quot;:0,&quot;335559738&quot;:120,&quot;335559739&quot;:120,&quot;335559740&quot;:480}\">\u00a0<\/span><\/p>\n<p><span data-contrast=\"none\">(1) Die Lieferung erfolgt an die vom Kunden angegebene Lieferanschrift,\u00a0innerhalb\u00a0von\u00a0<\/span><span data-ccp-props=\"{&quot;201341983&quot;:0,&quot;335559738&quot;:120,&quot;335559739&quot;:120,&quot;335559740&quot;:480}\">\u00a0<\/span><\/p>\n<p><span data-contrast=\"none\">&#8211; Europa\u00a0<\/span><\/p>\n<p><span data-contrast=\"none\">(2) Macht h\u00f6here Gewalt (Naturkatastrophen, Krieg, B\u00fcrgerkrieg, Terroranschlag) die Lieferung oder eine sonstige Leistung dauerhaft unm\u00f6glich, ist eine Leistungspflicht von\u00a0Revierwelt Media GmbH\u00a0ausgeschlossen. Bereits gezahlte Betr\u00e4ge werden von\u00a0Revierwelt Media GmbH\u00a0unverz\u00fcglich erstattet.<\/span><span data-ccp-props=\"{&quot;201341983&quot;:0,&quot;335559738&quot;:120,&quot;335559739&quot;:120,&quot;335559740&quot;:480}\">\u00a0<\/span><\/p>\n<p><span data-contrast=\"none\">(3)\u00a0Revierwelt Media GmbH\u00a0kann au\u00dferdem die Leistung verweigern, soweit diese einen Aufwand erfordert, der unter Beachtung des Inhalts des Kaufvertrages und der Gebote von Treu und Glauben in einem groben Missverh\u00e4ltnis zu dem Interesse des Kunden an der Erf\u00fcllung des Kaufvertrages steht. Bereits gezahlte Betr\u00e4ge werden von\u00a0Revierwelt Media GmbH\u00a0unverz\u00fcglich erstattet.<\/span><span data-ccp-props=\"{&quot;201341983&quot;:0,&quot;335559738&quot;:120,&quot;335559739&quot;:120,&quot;335559740&quot;:480}\">\u00a0<\/span><\/p>\n<p><span data-contrast=\"none\">(4) Sperrgut (Pakete mit einem gr\u00f6\u00dferen Volumen als 1 qm) werden in der Regel per Spedition geliefert.\u00a0Revierwelt Media GmbH\u00a0weist ausdr\u00fccklich darauf hin, dass diese Ware nicht ins Haus getragen wird.\u202f<\/span><span data-ccp-props=\"{&quot;201341983&quot;:0,&quot;335559738&quot;:120,&quot;335559739&quot;:120,&quot;335559740&quot;:480}\">\u00a0<\/span><\/p>\n<p><b><span data-contrast=\"none\">G\u00fcnstige Versandart bei R\u00fccksendung<\/span><\/b><span data-ccp-props=\"{&quot;201341983&quot;:0,&quot;335559738&quot;:120,&quot;335559739&quot;:120,&quot;335559740&quot;:480}\">\u00a0<\/span><\/p>\n<p><span data-contrast=\"none\">(1) Bitte verwenden Sie bei der R\u00fccksendung der Ware und des Zubeh\u00f6rs nach M\u00f6glichkeit die Originalverpackung, auch wenn diese durch eine \u00d6ffnung zur Funktionspr\u00fcfung besch\u00e4digt sein sollte.<\/span><span data-ccp-props=\"{&quot;201341983&quot;:0,&quot;335559738&quot;:120,&quot;335559739&quot;:120,&quot;335559740&quot;:480}\">\u00a0<\/span><\/p>\n<p><span data-contrast=\"none\">(2) Bitte verwenden Sie zur R\u00fccksendung den der Warenlieferung beigef\u00fcgten, vollst\u00e4ndig frankierten und adressierten R\u00fccksendeaufkleber. Es handelt sich dabei um die einfachste und kosteng\u00fcnstigste Versandm\u00f6glichkeit. Sie trifft keine Verpflichtung zur Verwendung dieses R\u00fccksendeverfahrens. Wenn Sie allerdings eine unn\u00f6tig teure Versandart w\u00e4hlen, k\u00f6nnen Sie unter Umst\u00e4nden verpflichtet sein, die gegen\u00fcber einer g\u00fcnstigen Versandart erh\u00f6hten Kosten an uns zu zahlen.\u00a0<\/span><span data-ccp-props=\"{&quot;201341983&quot;:0,&quot;335559738&quot;:120,&quot;335559739&quot;:120,&quot;335559740&quot;:480}\">\u00a0<\/span><\/p>\n<p><b><span data-contrast=\"none\">Eigentumsvorbehalt<\/span><\/b><span data-ccp-props=\"{&quot;201341983&quot;:0,&quot;335559738&quot;:120,&quot;335559739&quot;:120,&quot;335559740&quot;:480}\">\u00a0<\/span><\/p>\n<p><span data-contrast=\"none\">Bis zur vollst\u00e4ndigen Begleichung aller gegen den Kunden bestehender Anspr\u00fcche aus dem Kaufvertrag bleibt die gelieferte Ware im Eigentum von Revierwelt Media GmbH. Solange dieser Eigentumsvorbehalt besteht, darf der Kunde die Ware weder weiter ver\u00e4u\u00dfern noch \u00fcber die Ware verf\u00fcgen; insbesondere darf der Kunde Dritten vertraglich keine Nutzung an der Ware einr\u00e4umen.\u00a0<\/span><span data-ccp-props=\"{&quot;201341983&quot;:0,&quot;335559738&quot;:120,&quot;335559739&quot;:120,&quot;335559740&quot;:480}\">\u00a0<\/span><\/p>\n<p><b><span data-contrast=\"none\">M\u00e4ngelrechte<\/span><\/b><span data-ccp-props=\"{&quot;201341983&quot;:0,&quot;335559738&quot;:120,&quot;335559739&quot;:120,&quot;335559740&quot;:480}\">\u00a0<\/span><\/p>\n<p><span data-contrast=\"none\">(1) Ein bereits bei der Lieferung mangelhaftes Produkt (Gew\u00e4hrleistungsfall) wird\u00a0Revierwelt Media GmbH\u00a0nach Wahl des Kunden auf Kosten von\u00a0Revierwelt Media GmbH\u00a0durch\u00a0ein mangelfreies ersetzen\u00a0oder fachgerecht reparieren lassen (Nacherf\u00fcllung). Der Kunde wird darauf\u00a0hingewiesen, dass kein Gew\u00e4hrleistungsfall vorliegt, wenn das Produkt bei Gefahr\u00fcbergang die vereinbarte Beschaffenheit hatte. Ein Gew\u00e4hrleistungsfall liegt insbesondere in folgenden F\u00e4llen nicht vor:<\/span><span data-ccp-props=\"{&quot;201341983&quot;:0,&quot;335559738&quot;:120,&quot;335559739&quot;:120,&quot;335559740&quot;:480}\">\u00a0<\/span><\/p>\n<ol>\n<li><span data-contrast=\"none\">a)<\/span> <span data-contrast=\"none\">bei Sch\u00e4den, die beim Kunden durch Missbrauch oder unsachgem\u00e4\u00dfen Gebrauch entstanden sind,<\/span><\/li>\n<li><span data-contrast=\"none\">b)<\/span> <span data-contrast=\"none\">bei Sch\u00e4den, die dadurch entstanden sind, dass die Produkte beim Kunden sch\u00e4dlichen \u00e4u\u00dferen Einfl\u00fcssen ausgesetzt worden sind (insbesondere extremen Temperaturen, Feuchtigkeit, au\u00dfergew\u00f6hnlicher physikalischer oder elektrischer Beanspruchung, Spannungsschwankungen, Blitzschlag, statischer Elektrizit\u00e4t, Feuer).<\/span><\/li>\n<\/ol>\n<p><span data-contrast=\"none\">(2)\u00a0Revierwelt Media GmbH\u00a0leistet ferner keine Gew\u00e4hr f\u00fcr einen Fehler, der durch unsachgem\u00e4\u00dfe Reparatur durch einen nicht vom Hersteller autorisierten Servicepartner entstanden ist.<\/span><span data-ccp-props=\"{&quot;201341983&quot;:0,&quot;335559738&quot;:120,&quot;335559739&quot;:120,&quot;335559740&quot;:480}\">\u00a0<\/span><\/p>\n<p><span data-contrast=\"none\">(3) Erfordert die vom Kunden gew\u00fcnschte Art\u202fder Nacherf\u00fcllung (Ersatzlieferung oder Reparatur) einen Aufwand, der in Anbetracht des Produktpreises unter Beachtung des Vertragsinhaltes und der Gebote von Treu und Glauben in einem groben Missverh\u00e4ltnis zu dem Leistungsinteresse des Kunden steht \u2013 wobei insbesondere der Wert des Kaufgegenstandes im mangelfreien Zustand, die Bedeutung des Mangels und die Frage zu ber\u00fccksichtigen sind, ob auf die andere Art\u202fder Nacherf\u00fcllung ohne erhebliche Nachteile f\u00fcr den Kunden zur\u00fcckgegriffen werden kann \u2013 beschr\u00e4nkt sich der Anspruch des Kunden auf die jeweils andere Art\u202fder Nacherf\u00fcllung. Das Recht von\u00a0Revierwelt Media GmbH, auch diese andere Art\u202fder Nacherf\u00fcllung unter der vorgenannten Voraussetzung zu verweigern, bleibt unber\u00fchrt.\u202f<\/span><span data-ccp-props=\"{&quot;201341983&quot;:0,&quot;335559738&quot;:120,&quot;335559739&quot;:120,&quot;335559740&quot;:480}\">\u00a0<\/span><\/p>\n<p><span data-contrast=\"none\">(4) Sowohl f\u00fcr den Fall der Reparatur als auch f\u00fcr den Fall der Ersatzlieferung ist der Kunde verpflichtet, das Produkt auf Kosten von\u00a0Revierwelt Media GmbH\u00a0unter Angabe der Auftragsnummer an die von ihr angegebene R\u00fccksendeadresse einzusenden. Vor der Einsendung hat der Kunde von ihm eingef\u00fcgte Gegenst\u00e4nde aus dem Produkt zu entfernen.\u00a0Revierwelt Media GmbH\u00a0ist nicht verpflichtet, das Produkt auf den Einbau solcher Gegenst\u00e4nde zu untersuchen. F\u00fcr den Verlust solcher Gegenst\u00e4nde haftet\u00a0Revierwelt Media GmbH\u00a0nicht, es sei denn, es war bei R\u00fccknahme des Produktes f\u00fcr\u00a0Revierwelt Media GmbH\u00a0ohne\u00a0Weiteres\u00a0erkennbar, dass ein solcher Gegenstand in das Produkt eingef\u00fcgt worden ist (in diesem Fall informiert\u00a0Revierwelt Media GmbH\u00a0den Kunden und h\u00e4lt den Gegenstand f\u00fcr den Kunden zur Abholung bereit; der Kunde tr\u00e4gt die dabei entstehenden Kosten). Der Kunde hat zudem, bevor er ein Produkt zur Reparatur oder zum Austausch einsendet,\u00a0gegebenenfalls separate Sicherungskopien der auf dem Produkt befindlichen Systemsoftware, der Anwendungen und aller Daten auf einem separaten Datentr\u00e4ger zu erstellen und alle Passw\u00f6rter zu deaktivieren. Eine Haftung f\u00fcr Datenverlust wird nicht \u00fcbernommen. Ebenso obliegt es dem Kunden, nachdem ihm das reparierte Produkt oder das Ersatzprodukt zur\u00fcckgesandt worden ist, die Software und Daten zu installieren und die Passw\u00f6rter zu reaktivieren.\u202f<\/span><span data-ccp-props=\"{&quot;201341983&quot;:0,&quot;335559738&quot;:120,&quot;335559739&quot;:120,&quot;335559740&quot;:480}\">\u00a0<\/span><\/p>\n<p><span data-contrast=\"none\">(5) Sendet der Kunde die Ware ein, um ein Austauschprodukt zu bekommen, richtet sich die R\u00fcckgew\u00e4hr des mangelhaften Produktes nach folgender Ma\u00dfgabe: Sofern der Kunde die Ware zwischen Lieferung und R\u00fccksendung in mangelfreiem Zustand benutzen konnte, hat dieser den Wert der von ihm gezogenen Nutzungen zu erstatten. F\u00fcr einen nicht durch den Mangel eingetretenen Untergang oder die weitere Verschlechterung der Ware sowie f\u00fcr die nicht durch den Mangel eingetretene Unm\u00f6glichkeit der Herausgabe der Ware im Zeitraum zwischen Lieferung der Ware und R\u00fccksendung der Ware hat der Kunde Wertersatz zu leisten. Der Kunde hat keinen Wertersatz f\u00fcr die durch den bestimmungsgem\u00e4\u00dfen Gebrauch der Ware entstandene Verschlechterung der Ware zu leisten. Die Pflicht zum Wertersatz entf\u00e4llt f\u00fcr die R\u00fccksendung eines mangelhaften Produktes im Gew\u00e4hrleistungsfall ferner,<\/span><span data-ccp-props=\"{&quot;201341983&quot;:0,&quot;335559738&quot;:120,&quot;335559739&quot;:120,&quot;335559740&quot;:480}\">\u00a0<\/span><\/p>\n<ol>\n<li><span data-contrast=\"none\">a)<\/span> <span data-contrast=\"none\">wenn sich der zum R\u00fccktritt berechtigende Mangel erst w\u00e4hrend der Verarbeitung oder Umgestaltung gezeigt hat,<\/span><\/li>\n<li><span data-contrast=\"none\">b)<\/span> <span data-contrast=\"none\">wenn Revierwelt Media GmbH die Verschlechterung oder den Untergang zu vertreten hat oder der Schaden auch bei\u00a0Revierwelt Media GmbH\u00a0eingetreten w\u00e4re,<\/span><span data-ccp-props=\"{&quot;201341983&quot;:0,&quot;335559685&quot;:567,&quot;335559738&quot;:120,&quot;335559739&quot;:120,&quot;335559740&quot;:480,&quot;335559991&quot;:284,&quot;469777462&quot;:[567],&quot;469777927&quot;:[0],&quot;469777928&quot;:[1]}\">\u00a0<\/span><\/li>\n<li><span data-contrast=\"none\">c)<\/span> <span data-contrast=\"none\">wenn die Verschlechterung oder der Untergang beim Kunden eingetreten ist, obwohl dieser diejenige Sorgfalt beachtet hat, die er in eigenen Angelegenheiten anzuwenden pflegt.<\/span><\/li>\n<\/ol>\n<p><span data-contrast=\"none\">(6) Die Schadensersatzpflicht des Kunden bei einer vom Kunden zu vertretenden Verletzung der R\u00fccksendungspflicht richtet sich nach Ma\u00dfgabe der gesetzlichen Bestimmungen.<\/span><span data-ccp-props=\"{&quot;201341983&quot;:0,&quot;335559738&quot;:120,&quot;335559739&quot;:120,&quot;335559740&quot;:480}\">\u00a0<\/span><\/p>\n<p><span data-contrast=\"none\">(7) Der Kunde kann nach seiner Wahl vom Vertrag zur\u00fccktreten oder den Kaufpreis mindern, wenn die Reparatur oder Ersatzlieferung innerhalb einer angemessenen Frist nicht zu einem vertragsgerechten Zustand des Produktes gef\u00fchrt hat.\u202f<\/span><span data-ccp-props=\"{&quot;201341983&quot;:0,&quot;335559738&quot;:120,&quot;335559739&quot;:120,&quot;335559740&quot;:480}\">\u00a0<\/span><\/p>\n<p><span data-contrast=\"none\">(8) Dar\u00fcber hinaus k\u00f6nnen auch Anspr\u00fcche gegen den Hersteller im Rahmen einer\u00a0von diesem einger\u00e4umten Garantie\u00a0bestehen, die sich nach den entsprechenden Garantiebedingungen richten.\u202f<\/span><span data-ccp-props=\"{&quot;201341983&quot;:0,&quot;335559738&quot;:120,&quot;335559739&quot;:120,&quot;335559740&quot;:480}\">\u00a0<\/span><\/p>\n<p><span data-contrast=\"none\">(9) Die gesetzliche Gew\u00e4hrleistung von\u00a0Revierwelt Media GmbH\u00a0endet zwei Jahre ab Lieferung der Ware. Die Frist beginnt mit dem Erhalt der Ware.\u00a0<\/span><span data-ccp-props=\"{&quot;201341983&quot;:0,&quot;335559738&quot;:120,&quot;335559739&quot;:120,&quot;335559740&quot;:480}\">\u00a0<\/span><\/p>\n<p><b><span data-contrast=\"none\">Haftung<\/span><\/b><span data-ccp-props=\"{&quot;201341983&quot;:0,&quot;335559738&quot;:120,&quot;335559739&quot;:120,&quot;335559740&quot;:480}\">\u00a0<\/span><\/p>\n<p><span data-contrast=\"none\">(1) Bei leichter Fahrl\u00e4ssigkeit haftet\u00a0Revierwelt Media GmbH\u00a0nur bei der Verletzung vertragswesentlicher Pflichten und beschr\u00e4nkt auf den vorhersehbaren Schaden. Diese Beschr\u00e4nkung gilt nicht bei der Verletzung von Leben, K\u00f6rper und Gesundheit. F\u00fcr sonstige leicht fahrl\u00e4ssig durch einen Mangel des Kaufgegenstandes verursachte Sch\u00e4den haftet\u00a0Revierwelt Media GmbH\u00a0nicht.<\/span><span data-ccp-props=\"{&quot;201341983&quot;:0,&quot;335559738&quot;:120,&quot;335559739&quot;:120,&quot;335559740&quot;:480}\">\u00a0<\/span><\/p>\n<p><span data-contrast=\"none\">(2) Unabh\u00e4ngig von einem Verschulden von\u00a0Revierwelt Media GmbH\u00a0bleibt eine Haftung von\u00a0Revierwelt Media GmbH\u00a0bei arglistigem Verschweigen des Mangels oder aus der \u00dcbernahme einer Garantie unber\u00fchrt. Die Herstellergarantie ist eine Garantie des Herstellers und stellt keine \u00dcbernahme einer Garantie durch\u00a0Revierwelt Media GmbH\u00a0dar.<\/span><span data-ccp-props=\"{&quot;201341983&quot;:0,&quot;335559738&quot;:120,&quot;335559739&quot;:120,&quot;335559740&quot;:480}\">\u00a0<\/span><\/p>\n<p><span data-contrast=\"none\">(3)\u00a0Revierwelt Media GmbH\u00a0ist auch f\u00fcr die w\u00e4hrend ihres Verzugs durch Zufall eintretende Unm\u00f6glichkeit der Lieferung verantwortlich, es sei denn, dass der Schaden auch bei rechtzeitiger Lieferung eingetreten w\u00e4re.<\/span><span data-ccp-props=\"{&quot;201341983&quot;:0,&quot;335559738&quot;:120,&quot;335559739&quot;:120,&quot;335559740&quot;:480}\">\u00a0<\/span><\/p>\n<p><span data-contrast=\"none\">(4) Ausgeschlossen ist die pers\u00f6nliche Haftung der gesetzlichen Vertreter, Erf\u00fcllungsgehilfen und Betriebsangeh\u00f6rigen von\u00a0Revierwelt Media GmbH\u00a0f\u00fcr von ihnen durch leichte Fahrl\u00e4ssigkeit verursachte Sch\u00e4den.\u00a0<\/span><span data-ccp-props=\"{&quot;201341983&quot;:0,&quot;335559738&quot;:120,&quot;335559739&quot;:120,&quot;335559740&quot;:480}\">\u00a0<\/span><\/p>\n<p><b><span data-contrast=\"none\">Anwendbares Recht<\/span><\/b><span data-ccp-props=\"{&quot;201341983&quot;:0,&quot;335559738&quot;:120,&quot;335559739&quot;:120,&quot;335559740&quot;:480}\">\u00a0<\/span><\/p>\n<p><span data-contrast=\"none\">Der zwischen Ihnen und\u00a0Revierwelt Media GmbH\u00a0abgeschlossene Vertrag unterliegt\u00a0ausschlie\u00dflich dem Recht der Bundesrepublik Deutschland unter ausdr\u00fccklichem Ausschluss des UN-Kaufrechts. Unber\u00fchrt davon bleiben die zwingenden Bestimmungen des Staates, in dem Sie Ihren gew\u00f6hnlichen Aufenthalt haben.<\/span><span data-ccp-props=\"{&quot;201341983&quot;:0,&quot;335559738&quot;:120,&quot;335559739&quot;:120,&quot;335559740&quot;:480}\">\u00a0<\/span><\/p>\n<p><b><span data-contrast=\"none\">Gerichtsstand<\/span><\/b><span data-ccp-props=\"{&quot;201341983&quot;:0,&quot;335559738&quot;:120,&quot;335559739&quot;:120,&quot;335559740&quot;:480}\">\u00a0<\/span><\/p>\n<p><span data-contrast=\"none\">Sofern Sie entgegen Ihren Angaben bei der Bestellung keinen Wohnsitz in der Bundesrepublik Deutschland haben oder nach Vertragsabschluss Ihren Wohnsitz ins Ausland verlegen oder Ihr Wohnsitz zum Zeitpunkt der Klageerhebung nicht bekannt ist, ist Gerichtsstand f\u00fcr alle Streitigkeiten aus und im Zusammenhang mit dem Vertragsverh\u00e4ltnis Solms<\/span><span data-contrast=\"none\">.\u00a0<\/span><span data-ccp-props=\"{&quot;201341983&quot;:0,&quot;335559738&quot;:120,&quot;335559739&quot;:120,&quot;335559740&quot;:480}\">\u00a0<\/span><\/p>\n<p><b><span data-contrast=\"none\">Streitbeilegung<\/span><\/b><span data-ccp-props=\"{&quot;201341983&quot;:0,&quot;335559738&quot;:120,&quot;335559739&quot;:120,&quot;335559740&quot;:480}\">\u00a0<\/span><\/p>\n<p><span data-contrast=\"none\">Allgemeine Informationspflichten zur alternativen Streitbeilegung nach Art. 14 Abs. 1 ODR-VO und \u00a7 36 VSBG (Verbraucherstreitbeilegungsgesetz):<\/span><span data-ccp-props=\"{&quot;201341983&quot;:0,&quot;335559738&quot;:120,&quot;335559739&quot;:120,&quot;335559740&quot;:480}\">\u00a0<\/span><\/p>\n<p><span data-contrast=\"none\">Die europ\u00e4ische Kommission stellt eine Plattform zur Online-Streitbelegung (OS) zur Verf\u00fcgung, die Sie unter dieser Adresse finden:\u00a0<\/span><a href=\"http:\/\/ec.europa.eu\/consumers\/odr\/\"><span data-contrast=\"none\">http:\/\/ec.europa.eu\/consumers\/odr\/<\/span><\/a><span data-contrast=\"none\">\u00a0. Zur Teilnahme an einem Streitbeilegungsverfahren vor einer Verbraucherschlichtungsstelle sind wir nicht verpflichtet und auch nicht bereit.\u00a0<\/span><span data-ccp-props=\"{&quot;201341983&quot;:0,&quot;335551550&quot;:6,&quot;335551620&quot;:6,&quot;335559738&quot;:120,&quot;335559739&quot;:120,&quot;335559740&quot;:480}\">\u00a0<\/span><\/p>\n<p><b><span data-contrast=\"none\">Schlussbestimmungen<\/span><\/b><span data-ccp-props=\"{&quot;201341983&quot;:0,&quot;335559738&quot;:120,&quot;335559739&quot;:120,&quot;335559740&quot;:480}\">\u00a0<\/span><\/p>\n<p><span data-contrast=\"none\">(1) Sollten einzelne Bestimmungen dieses Vertrages ganz oder teilweise unwirksam oder nichtig sein oder werden, so wird dadurch die Wirksamkeit des Vertrages im \u00dcbrigen nicht ber\u00fchrt, insoweit ein Vertragspartner hierdurch nicht unangemessen benachteiligt wird.<\/span><span data-ccp-props=\"{&quot;201341983&quot;:0,&quot;335559738&quot;:120,&quot;335559739&quot;:120,&quot;335559740&quot;:480}\">\u00a0<\/span><\/p>\n<p><span data-contrast=\"none\">(2) \u00c4nderungen oder Erg\u00e4nzungen dieses Vertrages bed\u00fcrfen der Schriftform.<\/span><\/p>\n","protected":false},"excerpt":{"rendered":"<p>Allgemeine Verkaufsbedingungen f\u00fcr den Marktplatz Geltungsbereich\u00a0 Diese Gesch\u00e4ftsbedingungen gelten f\u00fcr alle K\u00e4ufe bei\u00a0Revierwelt Media GmbH, die von Privatkunden get\u00e4tigt werden.\u00a0\u00a0 Privatkunden in diesem Sinne sind Personen mit Wohnsitz und Lieferadresse in der Bundesrepublik Deutschland, soweit die von ihnen bestellten Waren weder ihrer gewerblichen noch ihrer selbstst\u00e4ndigen beruflichen T\u00e4tigkeit zugerechnet werden k\u00f6nnen.\u00a0\u00a0 Preise und Versandkosten\u00a0 Die&#8230;<\/p>\n","protected":false},"author":4,"featured_media":0,"parent":0,"menu_order":0,"comment_status":"closed","ping_status":"closed","template":"","meta":{"footnotes":""},"class_list":["post-27263","page","type-page","status-publish","hentry"],"_links":{"self":[{"href":"https:\/\/revierwelt.de\/index.php\/wp-json\/wp\/v2\/pages\/27263","targetHints":{"allow":["GET"]}}],"collection":[{"href":"https:\/\/revierwelt.de\/index.php\/wp-json\/wp\/v2\/pages"}],"about":[{"href":"https:\/\/revierwelt.de\/index.php\/wp-json\/wp\/v2\/types\/page"}],"author":[{"embeddable":true,"href":"https:\/\/revierwelt.de\/index.php\/wp-json\/wp\/v2\/users\/4"}],"replies":[{"embeddable":true,"href":"https:\/\/revierwelt.de\/index.php\/wp-json\/wp\/v2\/comments?post=27263"}],"version-history":[{"count":0,"href":"https:\/\/revierwelt.de\/index.php\/wp-json\/wp\/v2\/pages\/27263\/revisions"}],"wp:attachment":[{"href":"https:\/\/revierwelt.de\/index.php\/wp-json\/wp\/v2\/media?parent=27263"}],"curies":[{"name":"wp","href":"https:\/\/api.w.org\/{rel}","templated":true}]}}