{"id":30525,"date":"2025-02-17T18:38:30","date_gmt":"2025-02-17T17:38:30","guid":{"rendered":"https:\/\/revierwelt.de\/index.php\/telecharger-la-carte-du-stand-revierwelt-pour-android\/"},"modified":"2025-02-17T18:38:37","modified_gmt":"2025-02-17T17:38:37","slug":"telecharger-la-carte-du-stand-revierwelt-pour-android","status":"publish","type":"page","link":"https:\/\/revierwelt.de\/index.php\/telecharger-la-carte-du-stand-revierwelt-pour-android\/?lang=fr","title":{"rendered":"T\u00e9l\u00e9charger la carte du stand Revierwelt pour Android"},"content":{"rendered":"<section class=\"l-section wpb_row height_medium color_alternate\"><div class=\"l-section-h i-cf\"><div class=\"g-cols vc_row via_flex valign_top type_default stacking_default\"><div class=\"vc_col-sm-12 wpb_column vc_column_container\"><div class=\"vc_column-inner\"><div class=\"wpb_wrapper\"><div class=\"wpb_text_column\"><div class=\"wpb_wrapper\"><h1 style=\"text-align: center;\"><b>Revierwelt : T\u00e9l\u00e9charger la carte du stand pour Android<\/b><\/h1>\n<\/div><\/div><\/div><\/div><\/div><\/div><\/div><\/section><section class=\"l-section wpb_row us_custom_35ed806c height_medium\"><div class=\"l-section-h i-cf\"><div class=\"g-cols vc_row via_flex valign_top type_default stacking_default\"><div class=\"vc_col-sm-12 wpb_column vc_column_container\"><div class=\"vc_column-inner us_custom_59c302d0\"><div class=\"wpb_wrapper\"><\/div><\/div><\/div><\/div><\/div><\/section><section class=\"l-section wpb_row height_auto width_full\"><div class=\"l-section-h i-cf\"><div class=\"g-cols vc_row via_flex valign_middle type_boxes stacking_default\"><div class=\"vc_col-sm-12 wpb_column vc_column_container us_animate_fade\"><div class=\"vc_column-inner\"><div class=\"wpb_wrapper\"><div class=\"wpb_text_column\"><div class=\"wpb_wrapper\"><p style=\"text-align: center;\"><strong>La carte de stand MONDE DU TERRITOIRE fait partie int\u00e9grante de la planification de la chasse en battue avec MONDE DU TERRITOIRE.<\/strong><\/p>\n<p style=\"text-align: center;\">Vous recevrez avec votre invitation une invitation \u00e0 vous inscrire avec votre adresse e-mail et un mot de passe. Avec ces donn\u00e9es d&#8217;acc\u00e8s, vous vous connectez \u00e0 la carte du stand pour afficher les chasses que vous avez accept\u00e9es. Le jour de la chasse, ils peuvent alors enregistrer leurs d\u00e9clarations pour la chasse en battue en cours.<\/p>\n<p style=\"text-align: center;\">Votre position est d\u00e9termin\u00e9e par GPS et transmise \u00e0 la direction de la chasse pendant la chasse.<\/p>\n<p style=\"text-align: center;\">Nous vous souhaitons une bonne vue et bonne chasse !<\/p>\n<p style=\"text-align: center;\"><strong>T\u00e9l\u00e9chargez l&#8217;application ici.<\/strong><\/p>\n<\/div><\/div><div class=\"w-btn-wrapper align_center\"><a class=\"w-btn us-btn-style_1\" title=\"T\u00e9l\u00e9charger la carte du stand maintenant\" target=\"_blank\" rel=\"nofollow\" href=\"https:\/\/api-demo.collidex.com\/api\/service\/app_distribution\/download_latest_version?hash=32bb90e8976aab5298d5da10fe66f21d\"><span class=\"w-btn-label\">T\u00e9l\u00e9charger<\/span><\/a><\/div><div class=\"w-separator size_small\"><\/div><div class=\"w-btn-wrapper align_center\"><a class=\"w-btn us-btn-style_1\" title=\"Informations sur la version\" target=\"_blank\" rel=\"nofollow\" href=\"https:\/\/api-demo.collidex.com\/api\/service\/app_distribution\/get_latest_version_info?hash=32bb90e8976aab5298d5da10fe66f21d\"><span class=\"w-btn-label\">Informations sur la version<\/span><\/a><\/div><div class=\"w-separator size_small\"><\/div><div class=\"wpb_text_column\"><div class=\"wpb_wrapper\"><p style=\"text-align: center;\">Nous vous recommandons de t\u00e9l\u00e9charger l&#8217;application Android via <a href=\"https:\/\/play.google.com\/store\/apps\/details?id=com.collidex.mobileapp.revierwelthuntinglive&amp;hl=de\" target=\"_blank\" rel=\"noopener\">Google PlayStore<\/a>.<\/p>\n<p style=\"text-align: center;\">Vous trouverez la version actuelle de l&#8217;application : <a href=\"https:\/\/play.google.com\/store\/apps\/details?id=com.collidex.mobileapp.revierwelthuntinglive&amp;hl=de\" target=\"_blank\" rel=\"noopener\">ici<\/a>.<\/p>\n<\/div><\/div><\/div><\/div><\/div><\/div><\/div><\/section>\n","protected":false},"excerpt":{"rendered":"Revierwelt : T\u00e9l\u00e9charger la carte du stand pour Android La carte de stand MONDE DU TERRITOIRE fait partie int\u00e9grante de la planification de la chasse en battue avec MONDE DU TERRITOIRE. Vous recevrez avec votre invitation une invitation \u00e0 vous inscrire avec votre adresse e-mail et un mot de passe. Avec ces donn\u00e9es d&#8217;acc\u00e8s, vous...","protected":false},"author":1,"featured_media":0,"parent":0,"menu_order":0,"comment_status":"closed","ping_status":"closed","template":"","meta":{"footnotes":""},"class_list":["post-30525","page","type-page","status-publish","hentry"],"_links":{"self":[{"href":"https:\/\/revierwelt.de\/index.php\/wp-json\/wp\/v2\/pages\/30525","targetHints":{"allow":["GET"]}}],"collection":[{"href":"https:\/\/revierwelt.de\/index.php\/wp-json\/wp\/v2\/pages"}],"about":[{"href":"https:\/\/revierwelt.de\/index.php\/wp-json\/wp\/v2\/types\/page"}],"author":[{"embeddable":true,"href":"https:\/\/revierwelt.de\/index.php\/wp-json\/wp\/v2\/users\/1"}],"replies":[{"embeddable":true,"href":"https:\/\/revierwelt.de\/index.php\/wp-json\/wp\/v2\/comments?post=30525"}],"version-history":[{"count":0,"href":"https:\/\/revierwelt.de\/index.php\/wp-json\/wp\/v2\/pages\/30525\/revisions"}],"wp:attachment":[{"href":"https:\/\/revierwelt.de\/index.php\/wp-json\/wp\/v2\/media?parent=30525"}],"curies":[{"name":"wp","href":"https:\/\/api.w.org\/{rel}","templated":true}]}}