{"id":30530,"date":"2025-02-17T18:38:31","date_gmt":"2025-02-17T17:38:31","guid":{"rendered":"https:\/\/revierwelt.de\/index.php\/lataa-revierwelt-stand-kartta-androidille\/"},"modified":"2025-02-17T18:38:37","modified_gmt":"2025-02-17T17:38:37","slug":"lataa-revierwelt-stand-kartta-androidille","status":"publish","type":"page","link":"https:\/\/revierwelt.de\/index.php\/lataa-revierwelt-stand-kartta-androidille\/?lang=fi","title":{"rendered":"Lataa Revierwelt stand kartta Androidille"},"content":{"rendered":"<section class=\"l-section wpb_row height_medium color_alternate\"><div class=\"l-section-h i-cf\"><div class=\"g-cols vc_row via_flex valign_top type_default stacking_default\"><div class=\"vc_col-sm-12 wpb_column vc_column_container\"><div class=\"vc_column-inner\"><div class=\"wpb_wrapper\"><div class=\"wpb_text_column\"><div class=\"wpb_wrapper\"><h1 style=\"text-align: center;\"><b>Revierwelt: Lataa kartta Androidille<\/b><\/h1>\n<\/div><\/div><\/div><\/div><\/div><\/div><\/div><\/section><section class=\"l-section wpb_row us_custom_35ed806c height_medium\"><div class=\"l-section-h i-cf\"><div class=\"g-cols vc_row via_flex valign_top type_default stacking_default\"><div class=\"vc_col-sm-12 wpb_column vc_column_container\"><div class=\"vc_column-inner us_custom_59c302d0\"><div class=\"wpb_wrapper\"><\/div><\/div><\/div><\/div><\/div><\/section><section class=\"l-section wpb_row height_auto width_full\"><div class=\"l-section-h i-cf\"><div class=\"g-cols vc_row via_flex valign_middle type_boxes stacking_default\"><div class=\"vc_col-sm-12 wpb_column vc_column_container us_animate_fade\"><div class=\"vc_column-inner\"><div class=\"wpb_wrapper\"><div class=\"wpb_text_column\"><div class=\"wpb_wrapper\"><p style=\"text-align: center;\"><strong>REVIERWELTin metsikk\u00f6kartta on osa Revierweltin mets\u00e4styssuunnittelua.<\/strong><\/p>\n<p style=\"text-align: center;\">Kutsun mukana saat pyynn\u00f6n rekister\u00f6ity\u00e4 s\u00e4hk\u00f6postiosoitteesi ja salasanasi avulla. N\u00e4ill\u00e4 p\u00e4\u00e4sytiedoilla voit kirjautua mets\u00e4styskartalle ja tarkastella vahvistamiasi mets\u00e4styksi\u00e4. Mets\u00e4stysp\u00e4iv\u00e4n\u00e4 voit sitten tallentaa raporttisi nykyist\u00e4 ajettua mets\u00e4styst\u00e4 varten.<\/p>\n<p style=\"text-align: center;\">Sijaintisi m\u00e4\u00e4ritet\u00e4\u00e4n GPS:n avulla ja l\u00e4hetet\u00e4\u00e4n mets\u00e4styksen aikana mets\u00e4styksen johdolle.<\/p>\n<p style=\"text-align: center;\">Toivotamme teille hyv\u00e4\u00e4 n\u00e4k\u00f6alaa ja hyv\u00e4\u00e4 mets\u00e4styst\u00e4!<\/p>\n<p style=\"text-align: center;\"><strong>Lataa sovellus t\u00e4\u00e4lt\u00e4.<\/strong><\/p>\n<\/div><\/div><div class=\"w-btn-wrapper align_center\"><a class=\"w-btn us-btn-style_1\" title=\"Lataa katsomokartta nyt\" target=\"_blank\" rel=\"nofollow\" href=\"https:\/\/api-demo.collidex.com\/api\/service\/app_distribution\/download_latest_version?hash=32bb90e8976aab5298d5da10fe66f21d\"><span class=\"w-btn-label\">Lataa<\/span><\/a><\/div><div class=\"w-separator size_small\"><\/div><div class=\"w-btn-wrapper align_center\"><a class=\"w-btn us-btn-style_1\" title=\"Versiotiedot\" target=\"_blank\" rel=\"nofollow\" href=\"https:\/\/api-demo.collidex.com\/api\/service\/app_distribution\/get_latest_version_info?hash=32bb90e8976aab5298d5da10fe66f21d\"><span class=\"w-btn-label\">Versiotiedot<\/span><\/a><\/div><div class=\"w-separator size_small\"><\/div><div class=\"wpb_text_column\"><div class=\"wpb_wrapper\"><p style=\"text-align: center;\">Suosittelemme Android-sovelluksen lataamista <a href=\"https:\/\/play.google.com\/store\/apps\/details?id=com.collidex.mobileapp.revierwelthuntinglive&amp;hl=de\" target=\"_blank\" rel=\"noopener\">Google PlayStoresta<\/a>.<\/p>\n<p style=\"text-align: center;\">L\u00f6yd\u00e4t sovelluksen nykyisen version <a href=\"https:\/\/play.google.com\/store\/apps\/details?id=com.collidex.mobileapp.revierwelthuntinglive&amp;hl=de\" target=\"_blank\" rel=\"noopener\">t\u00e4\u00e4lt\u00e4<\/a>.<\/p>\n<\/div><\/div><\/div><\/div><\/div><\/div><\/div><\/section>\n","protected":false},"excerpt":{"rendered":"Revierwelt: Lataa kartta Androidille REVIERWELTin metsikk\u00f6kartta on osa Revierweltin mets\u00e4styssuunnittelua. Kutsun mukana saat pyynn\u00f6n rekister\u00f6ity\u00e4 s\u00e4hk\u00f6postiosoitteesi ja salasanasi avulla. N\u00e4ill\u00e4 p\u00e4\u00e4sytiedoilla voit kirjautua mets\u00e4styskartalle ja tarkastella vahvistamiasi mets\u00e4styksi\u00e4. Mets\u00e4stysp\u00e4iv\u00e4n\u00e4 voit sitten tallentaa raporttisi nykyist\u00e4 ajettua mets\u00e4styst\u00e4 varten. Sijaintisi m\u00e4\u00e4ritet\u00e4\u00e4n GPS:n avulla ja l\u00e4hetet\u00e4\u00e4n mets\u00e4styksen aikana mets\u00e4styksen johdolle. Toivotamme teille hyv\u00e4\u00e4 n\u00e4k\u00f6alaa ja hyv\u00e4\u00e4 mets\u00e4styst\u00e4! Lataa...","protected":false},"author":1,"featured_media":0,"parent":0,"menu_order":0,"comment_status":"closed","ping_status":"closed","template":"","meta":{"footnotes":""},"class_list":["post-30530","page","type-page","status-publish","hentry"],"_links":{"self":[{"href":"https:\/\/revierwelt.de\/index.php\/wp-json\/wp\/v2\/pages\/30530","targetHints":{"allow":["GET"]}}],"collection":[{"href":"https:\/\/revierwelt.de\/index.php\/wp-json\/wp\/v2\/pages"}],"about":[{"href":"https:\/\/revierwelt.de\/index.php\/wp-json\/wp\/v2\/types\/page"}],"author":[{"embeddable":true,"href":"https:\/\/revierwelt.de\/index.php\/wp-json\/wp\/v2\/users\/1"}],"replies":[{"embeddable":true,"href":"https:\/\/revierwelt.de\/index.php\/wp-json\/wp\/v2\/comments?post=30530"}],"version-history":[{"count":0,"href":"https:\/\/revierwelt.de\/index.php\/wp-json\/wp\/v2\/pages\/30530\/revisions"}],"wp:attachment":[{"href":"https:\/\/revierwelt.de\/index.php\/wp-json\/wp\/v2\/media?parent=30530"}],"curies":[{"name":"wp","href":"https:\/\/api.w.org\/{rel}","templated":true}]}}