{"id":30537,"date":"2025-02-17T18:38:34","date_gmt":"2025-02-17T17:38:34","guid":{"rendered":"https:\/\/revierwelt.de\/index.php\/lae-alla-revierwelt-stand-kaart-androidile\/"},"modified":"2025-02-17T18:38:38","modified_gmt":"2025-02-17T17:38:38","slug":"lae-alla-revierwelt-stand-kaart-androidile","status":"publish","type":"page","link":"https:\/\/revierwelt.de\/index.php\/lae-alla-revierwelt-stand-kaart-androidile\/?lang=et","title":{"rendered":"Lae alla Revierwelt stand kaart Androidile"},"content":{"rendered":"<section class=\"l-section wpb_row height_medium color_alternate\"><div class=\"l-section-h i-cf\"><div class=\"g-cols vc_row via_flex valign_top type_default stacking_default\"><div class=\"vc_col-sm-12 wpb_column vc_column_container\"><div class=\"vc_column-inner\"><div class=\"wpb_wrapper\"><div class=\"wpb_text_column\"><div class=\"wpb_wrapper\"><h1 style=\"text-align: center;\"><b>Revierwelt: Lae alla stand kaart Androidile<\/b><\/h1>\n<\/div><\/div><\/div><\/div><\/div><\/div><\/div><\/section><section class=\"l-section wpb_row us_custom_35ed806c height_medium\"><div class=\"l-section-h i-cf\"><div class=\"g-cols vc_row via_flex valign_top type_default stacking_default\"><div class=\"vc_col-sm-12 wpb_column vc_column_container\"><div class=\"vc_column-inner us_custom_59c302d0\"><div class=\"wpb_wrapper\"><\/div><\/div><\/div><\/div><\/div><\/section><section class=\"l-section wpb_row height_auto width_full\"><div class=\"l-section-h i-cf\"><div class=\"g-cols vc_row via_flex valign_middle type_boxes stacking_default\"><div class=\"vc_col-sm-12 wpb_column vc_column_container us_animate_fade\"><div class=\"vc_column-inner\"><div class=\"wpb_wrapper\"><div class=\"wpb_text_column\"><div class=\"wpb_wrapper\"><p style=\"text-align: center;\"><strong>REVIERWELT&#8217;i puistu kaart on osa Revierwelt&#8217;i juhitava jahi planeerimisest.<\/strong><\/p>\n<p style=\"text-align: center;\">Kutsega saadetakse teile palve registreeruda oma e-posti aadressi ja parooliga. Nende juurdep\u00e4\u00e4suandmetega saate logida seisundi kaardile, et kuvada kinnitatud jahid. Jahi p\u00e4eval saate seej\u00e4rel salvestada oma aruanded jooksva ajujahi kohta.<\/p>\n<p style=\"text-align: center;\">Teie asukoht m\u00e4\u00e4ratakse kindlaks GPSi abil ja edastatakse jahi ajal jahindusjuhtkonnale.<\/p>\n<p style=\"text-align: center;\">Soovime teile head vaadet ja head jahti!<\/p>\n<p style=\"text-align: center;\"><strong>Lae rakendus alla siit.<\/strong><\/p>\n<\/div><\/div><div class=\"w-btn-wrapper align_center\"><a class=\"w-btn us-btn-style_1\" title=\"Laadige stendi kaart alla n\u00fc\u00fcd\" target=\"_blank\" rel=\"nofollow\" href=\"https:\/\/api-demo.collidex.com\/api\/service\/app_distribution\/download_latest_version?hash=32bb90e8976aab5298d5da10fe66f21d\"><span class=\"w-btn-label\">Lae alla<\/span><\/a><\/div><div class=\"w-separator size_small\"><\/div><div class=\"w-btn-wrapper align_center\"><a class=\"w-btn us-btn-style_1\" title=\"Teave versiooni kohta\" target=\"_blank\" rel=\"nofollow\" href=\"https:\/\/api-demo.collidex.com\/api\/service\/app_distribution\/get_latest_version_info?hash=32bb90e8976aab5298d5da10fe66f21d\"><span class=\"w-btn-label\">Teave versiooni kohta<\/span><\/a><\/div><div class=\"w-separator size_small\"><\/div><div class=\"wpb_text_column\"><div class=\"wpb_wrapper\"><p style=\"text-align: center;\">Soovitame laadida alla Androidi rakendus <a href=\"https:\/\/play.google.com\/store\/apps\/details?id=com.collidex.mobileapp.revierwelthuntinglive&amp;hl=de\" target=\"_blank\" rel=\"noopener\">Google PlayStore<\/a> &#8218;ist.<\/p>\n<p style=\"text-align: center;\">Rakenduse praeguse versiooni leiad <a href=\"https:\/\/play.google.com\/store\/apps\/details?id=com.collidex.mobileapp.revierwelthuntinglive&amp;hl=de\" target=\"_blank\" rel=\"noopener\">siit<\/a>.<\/p>\n<\/div><\/div><\/div><\/div><\/div><\/div><\/div><\/section>\n","protected":false},"excerpt":{"rendered":"Revierwelt: Lae alla stand kaart Androidile REVIERWELT&#8217;i puistu kaart on osa Revierwelt&#8217;i juhitava jahi planeerimisest. Kutsega saadetakse teile palve registreeruda oma e-posti aadressi ja parooliga. Nende juurdep\u00e4\u00e4suandmetega saate logida seisundi kaardile, et kuvada kinnitatud jahid. Jahi p\u00e4eval saate seej\u00e4rel salvestada oma aruanded jooksva ajujahi kohta. Teie asukoht m\u00e4\u00e4ratakse kindlaks GPSi abil ja edastatakse jahi ajal...","protected":false},"author":1,"featured_media":0,"parent":0,"menu_order":0,"comment_status":"closed","ping_status":"closed","template":"","meta":{"footnotes":""},"class_list":["post-30537","page","type-page","status-publish","hentry"],"_links":{"self":[{"href":"https:\/\/revierwelt.de\/index.php\/wp-json\/wp\/v2\/pages\/30537","targetHints":{"allow":["GET"]}}],"collection":[{"href":"https:\/\/revierwelt.de\/index.php\/wp-json\/wp\/v2\/pages"}],"about":[{"href":"https:\/\/revierwelt.de\/index.php\/wp-json\/wp\/v2\/types\/page"}],"author":[{"embeddable":true,"href":"https:\/\/revierwelt.de\/index.php\/wp-json\/wp\/v2\/users\/1"}],"replies":[{"embeddable":true,"href":"https:\/\/revierwelt.de\/index.php\/wp-json\/wp\/v2\/comments?post=30537"}],"version-history":[{"count":0,"href":"https:\/\/revierwelt.de\/index.php\/wp-json\/wp\/v2\/pages\/30537\/revisions"}],"wp:attachment":[{"href":"https:\/\/revierwelt.de\/index.php\/wp-json\/wp\/v2\/media?parent=30537"}],"curies":[{"name":"wp","href":"https:\/\/api.w.org\/{rel}","templated":true}]}}