{"id":30557,"date":"2025-02-17T18:38:40","date_gmt":"2025-02-17T17:38:40","guid":{"rendered":"https:\/\/revierwelt.de\/index.php\/ladda-ner-revierwelt-standkarta-foer-android\/"},"modified":"2025-02-17T18:38:50","modified_gmt":"2025-02-17T17:38:50","slug":"ladda-ner-revierwelt-standkarta-foer-android","status":"publish","type":"page","link":"https:\/\/revierwelt.de\/index.php\/ladda-ner-revierwelt-standkarta-foer-android\/?lang=sv","title":{"rendered":"Ladda ner Revierwelt standkarta f\u00f6r Android"},"content":{"rendered":"<section class=\"l-section wpb_row height_medium color_alternate\"><div class=\"l-section-h i-cf\"><div class=\"g-cols vc_row via_flex valign_top type_default stacking_default\"><div class=\"vc_col-sm-12 wpb_column vc_column_container\"><div class=\"vc_column-inner\"><div class=\"wpb_wrapper\"><div class=\"wpb_text_column\"><div class=\"wpb_wrapper\"><h1 style=\"text-align: center;\"><b>Revierwelt: Ladda ner standkarta f\u00f6r Android<\/b><\/h1>\n<\/div><\/div><\/div><\/div><\/div><\/div><\/div><\/section><section class=\"l-section wpb_row us_custom_35ed806c height_medium\"><div class=\"l-section-h i-cf\"><div class=\"g-cols vc_row via_flex valign_top type_default stacking_default\"><div class=\"vc_col-sm-12 wpb_column vc_column_container\"><div class=\"vc_column-inner us_custom_59c302d0\"><div class=\"wpb_wrapper\"><\/div><\/div><\/div><\/div><\/div><\/section><section class=\"l-section wpb_row height_auto width_full\"><div class=\"l-section-h i-cf\"><div class=\"g-cols vc_row via_flex valign_middle type_boxes stacking_default\"><div class=\"vc_col-sm-12 wpb_column vc_column_container us_animate_fade\"><div class=\"vc_column-inner\"><div class=\"wpb_wrapper\"><div class=\"wpb_text_column\"><div class=\"wpb_wrapper\"><p style=\"text-align: center;\"><strong>REVIERWELT best\u00e5ndskarta \u00e4r en del av den drivna jaktplaneringen med Revierwelt.<\/strong><\/p>\n<p style=\"text-align: center;\">Med inbjudan kommer du att f\u00e5 en beg\u00e4ran om att registrera dig med din e-postadress och ett l\u00f6senord. Med dessa \u00e5tkomstuppgifter kan du logga in p\u00e5 st\u00e5ndortskartan f\u00f6r att visa de jakter du har bekr\u00e4ftat. P\u00e5 jaktdagen kan du sedan spara dina rapporter f\u00f6r den aktuella drevjakten.<\/p>\n<p style=\"text-align: center;\">Din position best\u00e4ms med GPS och \u00f6verf\u00f6rs till jaktledningen under jakten.<\/p>\n<p style=\"text-align: center;\">Vi \u00f6nskar er en god utsikt och god jakt!<\/p>\n<p style=\"text-align: center;\"><strong>Ladda ner appen h\u00e4r.<\/strong><\/p>\n<\/div><\/div><div class=\"w-btn-wrapper align_center\"><a class=\"w-btn us-btn-style_1\" title=\"Ladda ner monterkarta nu\" target=\"_blank\" rel=\"nofollow\" href=\"https:\/\/api-demo.collidex.com\/api\/service\/app_distribution\/download_latest_version?hash=32bb90e8976aab5298d5da10fe66f21d\"><span class=\"w-btn-label\">Nedladdningar<\/span><\/a><\/div><div class=\"w-separator size_small\"><\/div><div class=\"w-btn-wrapper align_center\"><a class=\"w-btn us-btn-style_1\" title=\"Information om version\" target=\"_blank\" rel=\"nofollow\" href=\"https:\/\/api-demo.collidex.com\/api\/service\/app_distribution\/get_latest_version_info?hash=32bb90e8976aab5298d5da10fe66f21d\"><span class=\"w-btn-label\">Information om version<\/span><\/a><\/div><div class=\"w-separator size_small\"><\/div><div class=\"wpb_text_column\"><div class=\"wpb_wrapper\"><p style=\"text-align: center;\">Vi rekommenderar att du laddar ner Android-appen fr\u00e5n <a href=\"https:\/\/play.google.com\/store\/apps\/details?id=com.collidex.mobileapp.revierwelthuntinglive&amp;hl=de\" target=\"_blank\" rel=\"noopener\">Google PlayStore<\/a>.<\/p>\n<p style=\"text-align: center;\">Du hittar den aktuella versionen av appen <a href=\"https:\/\/play.google.com\/store\/apps\/details?id=com.collidex.mobileapp.revierwelthuntinglive&amp;hl=de\" target=\"_blank\" rel=\"noopener\">h\u00e4r.<\/a><\/p>\n<\/div><\/div><\/div><\/div><\/div><\/div><\/div><\/section>\n","protected":false},"excerpt":{"rendered":"Revierwelt: Ladda ner standkarta f\u00f6r Android REVIERWELT best\u00e5ndskarta \u00e4r en del av den drivna jaktplaneringen med Revierwelt. Med inbjudan kommer du att f\u00e5 en beg\u00e4ran om att registrera dig med din e-postadress och ett l\u00f6senord. Med dessa \u00e5tkomstuppgifter kan du logga in p\u00e5 st\u00e5ndortskartan f\u00f6r att visa de jakter du har bekr\u00e4ftat. P\u00e5 jaktdagen kan...","protected":false},"author":1,"featured_media":0,"parent":0,"menu_order":0,"comment_status":"closed","ping_status":"closed","template":"","meta":{"footnotes":""},"class_list":["post-30557","page","type-page","status-publish","hentry"],"_links":{"self":[{"href":"https:\/\/revierwelt.de\/index.php\/wp-json\/wp\/v2\/pages\/30557","targetHints":{"allow":["GET"]}}],"collection":[{"href":"https:\/\/revierwelt.de\/index.php\/wp-json\/wp\/v2\/pages"}],"about":[{"href":"https:\/\/revierwelt.de\/index.php\/wp-json\/wp\/v2\/types\/page"}],"author":[{"embeddable":true,"href":"https:\/\/revierwelt.de\/index.php\/wp-json\/wp\/v2\/users\/1"}],"replies":[{"embeddable":true,"href":"https:\/\/revierwelt.de\/index.php\/wp-json\/wp\/v2\/comments?post=30557"}],"version-history":[{"count":0,"href":"https:\/\/revierwelt.de\/index.php\/wp-json\/wp\/v2\/pages\/30557\/revisions"}],"wp:attachment":[{"href":"https:\/\/revierwelt.de\/index.php\/wp-json\/wp\/v2\/media?parent=30557"}],"curies":[{"name":"wp","href":"https:\/\/api.w.org\/{rel}","templated":true}]}}