{"id":30560,"date":"2025-02-17T18:38:42","date_gmt":"2025-02-17T17:38:42","guid":{"rendered":"https:\/\/revierwelt.de\/index.php\/descargar-revierwelt-stand-map-para-android\/"},"modified":"2025-02-17T18:38:50","modified_gmt":"2025-02-17T17:38:50","slug":"descargar-revierwelt-stand-map-para-android","status":"publish","type":"page","link":"https:\/\/revierwelt.de\/index.php\/descargar-revierwelt-stand-map-para-android\/?lang=es","title":{"rendered":"Descargar Revierwelt stand map para Android"},"content":{"rendered":"<section class=\"l-section wpb_row height_medium color_alternate\"><div class=\"l-section-h i-cf\"><div class=\"g-cols vc_row via_flex valign_top type_default stacking_default\"><div class=\"vc_col-sm-12 wpb_column vc_column_container\"><div class=\"vc_column-inner\"><div class=\"wpb_wrapper\"><div class=\"wpb_text_column\"><div class=\"wpb_wrapper\"><h1 style=\"text-align: center;\"><b>Revierwelt: Descarga el mapa del stand para Android<\/b><\/h1>\n<\/div><\/div><\/div><\/div><\/div><\/div><\/div><\/section><section class=\"l-section wpb_row us_custom_35ed806c height_medium\"><div class=\"l-section-h i-cf\"><div class=\"g-cols vc_row via_flex valign_top type_default stacking_default\"><div class=\"vc_col-sm-12 wpb_column vc_column_container\"><div class=\"vc_column-inner us_custom_59c302d0\"><div class=\"wpb_wrapper\"><\/div><\/div><\/div><\/div><\/div><\/section><section class=\"l-section wpb_row height_auto width_full\"><div class=\"l-section-h i-cf\"><div class=\"g-cols vc_row via_flex valign_middle type_boxes stacking_default\"><div class=\"vc_col-sm-12 wpb_column vc_column_container us_animate_fade\"><div class=\"vc_column-inner\"><div class=\"wpb_wrapper\"><div class=\"wpb_text_column\"><div class=\"wpb_wrapper\"><p style=\"text-align: center;\"><strong>El mapa de rodales REVIERWELT es un componente de la planificaci\u00f3n de la caza dirigida con Revierwelt.<\/strong><\/p>\n<p style=\"text-align: center;\">Con la invitaci\u00f3n recibir\u00e1s una solicitud para registrarte con tu direcci\u00f3n de correo electr\u00f3nico y una contrase\u00f1a. Con estos datos de acceso puedes entrar en el mapa de puestos para visualizar las cacer\u00edas que has confirmado. El d\u00eda de la caza, puedes guardar tus informes para la caza impulsada en curso.<\/p>\n<p style=\"text-align: center;\">Tu ubicaci\u00f3n se determina por GPS y se transmite a la direcci\u00f3n de caza durante la cacer\u00eda.<\/p>\n<p style=\"text-align: center;\">\u00a1Te deseamos una buena vista y buena caza!<\/p>\n<p style=\"text-align: center;\"><strong>Descarga la aplicaci\u00f3n aqu\u00ed.<\/strong><\/p>\n<\/div><\/div><div class=\"w-btn-wrapper align_center\"><a class=\"w-btn us-btn-style_1\" title=\"Descarga ahora el mapa del stand\" target=\"_blank\" rel=\"nofollow\" href=\"https:\/\/api-demo.collidex.com\/api\/service\/app_distribution\/download_latest_version?hash=32bb90e8976aab5298d5da10fe66f21d\"><span class=\"w-btn-label\">Descarga<\/span><\/a><\/div><div class=\"w-separator size_small\"><\/div><div class=\"w-btn-wrapper align_center\"><a class=\"w-btn us-btn-style_1\" title=\"Informaci\u00f3n sobre la versi\u00f3n\" target=\"_blank\" rel=\"nofollow\" href=\"https:\/\/api-demo.collidex.com\/api\/service\/app_distribution\/get_latest_version_info?hash=32bb90e8976aab5298d5da10fe66f21d\"><span class=\"w-btn-label\">Informaci\u00f3n sobre la versi\u00f3n<\/span><\/a><\/div><div class=\"w-separator size_small\"><\/div><div class=\"wpb_text_column\"><div class=\"wpb_wrapper\"><p style=\"text-align: center;\">Te recomendamos que descargues la aplicaci\u00f3n para Android desde <a href=\"https:\/\/play.google.com\/store\/apps\/details?id=com.collidex.mobileapp.revierwelthuntinglive&amp;hl=de\" target=\"_blank\" rel=\"noopener\">Google PlayStore<\/a>.<\/p>\n<p style=\"text-align: center;\">Puedes encontrar la versi\u00f3n actual de la aplicaci\u00f3n <a href=\"https:\/\/play.google.com\/store\/apps\/details?id=com.collidex.mobileapp.revierwelthuntinglive&amp;hl=de\" target=\"_blank\" rel=\"noopener\">aqu\u00ed<\/a>.<\/p>\n<\/div><\/div><\/div><\/div><\/div><\/div><\/div><\/section>\n","protected":false},"excerpt":{"rendered":"Revierwelt: Descarga el mapa del stand para Android El mapa de rodales REVIERWELT es un componente de la planificaci\u00f3n de la caza dirigida con Revierwelt. Con la invitaci\u00f3n recibir\u00e1s una solicitud para registrarte con tu direcci\u00f3n de correo electr\u00f3nico y una contrase\u00f1a. Con estos datos de acceso puedes entrar en el mapa de puestos para...","protected":false},"author":1,"featured_media":0,"parent":0,"menu_order":0,"comment_status":"closed","ping_status":"closed","template":"","meta":{"footnotes":""},"class_list":["post-30560","page","type-page","status-publish","hentry"],"_links":{"self":[{"href":"https:\/\/revierwelt.de\/index.php\/wp-json\/wp\/v2\/pages\/30560","targetHints":{"allow":["GET"]}}],"collection":[{"href":"https:\/\/revierwelt.de\/index.php\/wp-json\/wp\/v2\/pages"}],"about":[{"href":"https:\/\/revierwelt.de\/index.php\/wp-json\/wp\/v2\/types\/page"}],"author":[{"embeddable":true,"href":"https:\/\/revierwelt.de\/index.php\/wp-json\/wp\/v2\/users\/1"}],"replies":[{"embeddable":true,"href":"https:\/\/revierwelt.de\/index.php\/wp-json\/wp\/v2\/comments?post=30560"}],"version-history":[{"count":0,"href":"https:\/\/revierwelt.de\/index.php\/wp-json\/wp\/v2\/pages\/30560\/revisions"}],"wp:attachment":[{"href":"https:\/\/revierwelt.de\/index.php\/wp-json\/wp\/v2\/media?parent=30560"}],"curies":[{"name":"wp","href":"https:\/\/api.w.org\/{rel}","templated":true}]}}