{"id":30565,"date":"2025-02-17T18:38:44","date_gmt":"2025-02-17T17:38:44","guid":{"rendered":"https:\/\/revierwelt.de\/index.php\/descarca-harta-standului-revierwelt-pentru-android\/"},"modified":"2025-02-17T18:38:50","modified_gmt":"2025-02-17T17:38:50","slug":"descarca-harta-standului-revierwelt-pentru-android","status":"publish","type":"page","link":"https:\/\/revierwelt.de\/index.php\/descarca-harta-standului-revierwelt-pentru-android\/?lang=ro","title":{"rendered":"Descarc\u0103 harta standului Revierwelt pentru Android"},"content":{"rendered":"<section class=\"l-section wpb_row height_medium color_alternate\"><div class=\"l-section-h i-cf\"><div class=\"g-cols vc_row via_flex valign_top type_default stacking_default\"><div class=\"vc_col-sm-12 wpb_column vc_column_container\"><div class=\"vc_column-inner\"><div class=\"wpb_wrapper\"><div class=\"wpb_text_column\"><div class=\"wpb_wrapper\"><h1 style=\"text-align: center;\"><b>Revierwelt: Descarc\u0103 harta standului pentru Android<\/b><\/h1>\n<\/div><\/div><\/div><\/div><\/div><\/div><\/div><\/section><section class=\"l-section wpb_row us_custom_35ed806c height_medium\"><div class=\"l-section-h i-cf\"><div class=\"g-cols vc_row via_flex valign_top type_default stacking_default\"><div class=\"vc_col-sm-12 wpb_column vc_column_container\"><div class=\"vc_column-inner us_custom_59c302d0\"><div class=\"wpb_wrapper\"><\/div><\/div><\/div><\/div><\/div><\/section><section class=\"l-section wpb_row height_auto width_full\"><div class=\"l-section-h i-cf\"><div class=\"g-cols vc_row via_flex valign_middle type_boxes stacking_default\"><div class=\"vc_col-sm-12 wpb_column vc_column_container us_animate_fade\"><div class=\"vc_column-inner\"><div class=\"wpb_wrapper\"><div class=\"wpb_text_column\"><div class=\"wpb_wrapper\"><p style=\"text-align: center;\"><strong>Harta standurilor REVIERWELT este o component\u0103 a planific\u0103rii v\u00e2n\u0103torii cu Revierwelt.<\/strong><\/p>\n<p style=\"text-align: center;\">Odat\u0103 cu invita\u021bia, ve\u021bi primi o cerere de \u00eenregistrare cu adresa dvs. de e-mail \u0219i o parol\u0103. Cu aceste date de acces v\u0103 pute\u021bi conecta la harta standurilor pentru a afi\u0219a v\u00e2n\u0103torile pe care le-a\u021bi confirmat. \u00cen ziua v\u00e2n\u0103torii, v\u0103 pute\u021bi salva rapoartele pentru v\u00e2n\u0103toarea curent\u0103.<\/p>\n<p style=\"text-align: center;\">Loca\u021bia dvs. este determinat\u0103 prin GPS \u0219i transmis\u0103 direc\u021biei de v\u00e2n\u0103toare \u00een timpul v\u00e2n\u0103torii.<\/p>\n<p style=\"text-align: center;\">V\u0103 dorim o priveli\u0219te frumoas\u0103 \u0219i v\u00e2n\u0103toare bun\u0103!<\/p>\n<p style=\"text-align: center;\"><strong>Desc\u0103rca\u021bi aplica\u021bia aici.<\/strong><\/p>\n<\/div><\/div><div class=\"w-btn-wrapper align_center\"><a class=\"w-btn us-btn-style_1\" title=\"Descarc\u0103 harta standului acum\" target=\"_blank\" rel=\"nofollow\" href=\"https:\/\/api-demo.collidex.com\/api\/service\/app_distribution\/download_latest_version?hash=32bb90e8976aab5298d5da10fe66f21d\"><span class=\"w-btn-label\">Desc\u0103rcare<\/span><\/a><\/div><div class=\"w-separator size_small\"><\/div><div class=\"w-btn-wrapper align_center\"><a class=\"w-btn us-btn-style_1\" title=\"Informa\u021bii despre versiune\" target=\"_blank\" rel=\"nofollow\" href=\"https:\/\/api-demo.collidex.com\/api\/service\/app_distribution\/get_latest_version_info?hash=32bb90e8976aab5298d5da10fe66f21d\"><span class=\"w-btn-label\">Informa\u021bii despre versiune<\/span><\/a><\/div><div class=\"w-separator size_small\"><\/div><div class=\"wpb_text_column\"><div class=\"wpb_wrapper\"><p style=\"text-align: center;\">V\u0103 recomand\u0103m s\u0103 desc\u0103rca\u021bi aplica\u021bia Android din <a href=\"https:\/\/play.google.com\/store\/apps\/details?id=com.collidex.mobileapp.revierwelthuntinglive&amp;hl=de\" target=\"_blank\" rel=\"noopener\">Google PlayStore<\/a>.<\/p>\n<p style=\"text-align: center;\">Pute\u021bi g\u0103si versiunea curent\u0103 a aplica\u021biei <a href=\"https:\/\/play.google.com\/store\/apps\/details?id=com.collidex.mobileapp.revierwelthuntinglive&amp;hl=de\" target=\"_blank\" rel=\"noopener\">aici<\/a>.<\/p>\n<\/div><\/div><\/div><\/div><\/div><\/div><\/div><\/section>\n","protected":false},"excerpt":{"rendered":"Revierwelt: Descarc\u0103 harta standului pentru Android Harta standurilor REVIERWELT este o component\u0103 a planific\u0103rii v\u00e2n\u0103torii cu Revierwelt. Odat\u0103 cu invita\u021bia, ve\u021bi primi o cerere de \u00eenregistrare cu adresa dvs. de e-mail \u0219i o parol\u0103. Cu aceste date de acces v\u0103 pute\u021bi conecta la harta standurilor pentru a afi\u0219a v\u00e2n\u0103torile pe care le-a\u021bi confirmat. \u00cen ziua...","protected":false},"author":1,"featured_media":0,"parent":0,"menu_order":0,"comment_status":"closed","ping_status":"closed","template":"","meta":{"footnotes":""},"class_list":["post-30565","page","type-page","status-publish","hentry"],"_links":{"self":[{"href":"https:\/\/revierwelt.de\/index.php\/wp-json\/wp\/v2\/pages\/30565","targetHints":{"allow":["GET"]}}],"collection":[{"href":"https:\/\/revierwelt.de\/index.php\/wp-json\/wp\/v2\/pages"}],"about":[{"href":"https:\/\/revierwelt.de\/index.php\/wp-json\/wp\/v2\/types\/page"}],"author":[{"embeddable":true,"href":"https:\/\/revierwelt.de\/index.php\/wp-json\/wp\/v2\/users\/1"}],"replies":[{"embeddable":true,"href":"https:\/\/revierwelt.de\/index.php\/wp-json\/wp\/v2\/comments?post=30565"}],"version-history":[{"count":0,"href":"https:\/\/revierwelt.de\/index.php\/wp-json\/wp\/v2\/pages\/30565\/revisions"}],"wp:attachment":[{"href":"https:\/\/revierwelt.de\/index.php\/wp-json\/wp\/v2\/media?parent=30565"}],"curies":[{"name":"wp","href":"https:\/\/api.w.org\/{rel}","templated":true}]}}