{"id":30572,"date":"2025-02-17T18:38:46","date_gmt":"2025-02-17T17:38:46","guid":{"rendered":"https:\/\/revierwelt.de\/index.php\/pobierz-mape-stoiska-revierwelt-dla-androida\/"},"modified":"2025-02-17T18:38:50","modified_gmt":"2025-02-17T17:38:50","slug":"pobierz-mape-stoiska-revierwelt-dla-androida","status":"publish","type":"page","link":"https:\/\/revierwelt.de\/index.php\/pobierz-mape-stoiska-revierwelt-dla-androida\/?lang=pl","title":{"rendered":"Pobierz map\u0119 stoiska Revierwelt dla Androida"},"content":{"rendered":"<section class=\"l-section wpb_row height_medium color_alternate\"><div class=\"l-section-h i-cf\"><div class=\"g-cols vc_row via_flex valign_top type_default stacking_default\"><div class=\"vc_col-sm-12 wpb_column vc_column_container\"><div class=\"vc_column-inner\"><div class=\"wpb_wrapper\"><div class=\"wpb_text_column\"><div class=\"wpb_wrapper\"><h1 style=\"text-align: center;\"><b>Revierwelt: Pobierz map\u0119 stoiska dla Androida<\/b><\/h1>\n<\/div><\/div><\/div><\/div><\/div><\/div><\/div><\/section><section class=\"l-section wpb_row us_custom_35ed806c height_medium\"><div class=\"l-section-h i-cf\"><div class=\"g-cols vc_row via_flex valign_top type_default stacking_default\"><div class=\"vc_col-sm-12 wpb_column vc_column_container\"><div class=\"vc_column-inner us_custom_59c302d0\"><div class=\"wpb_wrapper\"><\/div><\/div><\/div><\/div><\/div><\/section><section class=\"l-section wpb_row height_auto width_full\"><div class=\"l-section-h i-cf\"><div class=\"g-cols vc_row via_flex valign_middle type_boxes stacking_default\"><div class=\"vc_col-sm-12 wpb_column vc_column_container us_animate_fade\"><div class=\"vc_column-inner\"><div class=\"wpb_wrapper\"><div class=\"wpb_text_column\"><div class=\"wpb_wrapper\"><p style=\"text-align: center;\"><strong>Mapa drzewostanu REVIERWELT jest elementem planowania polowania z Revierwelt.<\/strong><\/p>\n<p style=\"text-align: center;\">Wraz z zaproszeniem otrzymasz pro\u015bb\u0119 o zarejestrowanie si\u0119 przy u\u017cyciu adresu e-mail i has\u0142a. U\u017cyj tych danych dost\u0119pu, aby zalogowa\u0107 si\u0119 do mapy stanowisk i wy\u015bwietli\u0107 potwierdzone polowania. W dniu polowania mo\u017cna zapisa\u0107 raporty dotycz\u0105ce bie\u017c\u0105cego polowania.<\/p>\n<p style=\"text-align: center;\">Twoja lokalizacja jest okre\u015blana przez GPS i przekazywana do kierownictwa polowania podczas polowania.<\/p>\n<p style=\"text-align: center;\">\u017byczymy mi\u0142ego ogl\u0105dania i udanych \u0142ow\u00f3w!<\/p>\n<p style=\"text-align: center;\"><strong>Pobierz aplikacj\u0119 tutaj.<\/strong><\/p>\n<\/div><\/div><div class=\"w-btn-wrapper align_center\"><a class=\"w-btn us-btn-style_1\" title=\"Pobierz map\u0119 stoiska ju\u017c teraz\" target=\"_blank\" rel=\"nofollow\" href=\"https:\/\/api-demo.collidex.com\/api\/service\/app_distribution\/download_latest_version?hash=32bb90e8976aab5298d5da10fe66f21d\"><span class=\"w-btn-label\">Pobierz<\/span><\/a><\/div><div class=\"w-separator size_small\"><\/div><div class=\"w-btn-wrapper align_center\"><a class=\"w-btn us-btn-style_1\" title=\"Informacje o wersji\" target=\"_blank\" rel=\"nofollow\" href=\"https:\/\/api-demo.collidex.com\/api\/service\/app_distribution\/get_latest_version_info?hash=32bb90e8976aab5298d5da10fe66f21d\"><span class=\"w-btn-label\">Informacje o wersji<\/span><\/a><\/div><div class=\"w-separator size_small\"><\/div><div class=\"wpb_text_column\"><div class=\"wpb_wrapper\"><p style=\"text-align: center;\">Zalecamy pobranie aplikacji na Androida ze <a href=\"https:\/\/play.google.com\/store\/apps\/details?id=com.collidex.mobileapp.revierwelthuntinglive&amp;hl=de\" target=\"_blank\" rel=\"noopener\">sklepu Google Play.<\/a> <\/p>\n<p style=\"text-align: center;\">Aktualn\u0105 wersj\u0119 aplikacji mo\u017cna znale\u017a\u0107 <a href=\"https:\/\/play.google.com\/store\/apps\/details?id=com.collidex.mobileapp.revierwelthuntinglive&amp;hl=de\" target=\"_blank\" rel=\"noopener\">tutaj<\/a>.<\/p>\n<\/div><\/div><\/div><\/div><\/div><\/div><\/div><\/section>\n","protected":false},"excerpt":{"rendered":"Revierwelt: Pobierz map\u0119 stoiska dla Androida Mapa drzewostanu REVIERWELT jest elementem planowania polowania z Revierwelt. Wraz z zaproszeniem otrzymasz pro\u015bb\u0119 o zarejestrowanie si\u0119 przy u\u017cyciu adresu e-mail i has\u0142a. U\u017cyj tych danych dost\u0119pu, aby zalogowa\u0107 si\u0119 do mapy stanowisk i wy\u015bwietli\u0107 potwierdzone polowania. W dniu polowania mo\u017cna zapisa\u0107 raporty dotycz\u0105ce bie\u017c\u0105cego polowania. Twoja lokalizacja jest...","protected":false},"author":1,"featured_media":0,"parent":0,"menu_order":0,"comment_status":"closed","ping_status":"closed","template":"","meta":{"footnotes":""},"class_list":["post-30572","page","type-page","status-publish","hentry"],"_links":{"self":[{"href":"https:\/\/revierwelt.de\/index.php\/wp-json\/wp\/v2\/pages\/30572","targetHints":{"allow":["GET"]}}],"collection":[{"href":"https:\/\/revierwelt.de\/index.php\/wp-json\/wp\/v2\/pages"}],"about":[{"href":"https:\/\/revierwelt.de\/index.php\/wp-json\/wp\/v2\/types\/page"}],"author":[{"embeddable":true,"href":"https:\/\/revierwelt.de\/index.php\/wp-json\/wp\/v2\/users\/1"}],"replies":[{"embeddable":true,"href":"https:\/\/revierwelt.de\/index.php\/wp-json\/wp\/v2\/comments?post=30572"}],"version-history":[{"count":0,"href":"https:\/\/revierwelt.de\/index.php\/wp-json\/wp\/v2\/pages\/30572\/revisions"}],"wp:attachment":[{"href":"https:\/\/revierwelt.de\/index.php\/wp-json\/wp\/v2\/media?parent=30572"}],"curies":[{"name":"wp","href":"https:\/\/api.w.org\/{rel}","templated":true}]}}