{"id":30595,"date":"2025-02-17T18:38:55","date_gmt":"2025-02-17T17:38:55","guid":{"rendered":"https:\/\/revierwelt.de\/index.php\/download-revierwelt-standkort-til-android\/"},"modified":"2025-02-17T18:38:56","modified_gmt":"2025-02-17T17:38:56","slug":"download-revierwelt-standkort-til-android","status":"publish","type":"page","link":"https:\/\/revierwelt.de\/index.php\/download-revierwelt-standkort-til-android\/?lang=da","title":{"rendered":"Download Revierwelt standkort til Android"},"content":{"rendered":"<section class=\"l-section wpb_row height_medium color_alternate\"><div class=\"l-section-h i-cf\"><div class=\"g-cols vc_row via_flex valign_top type_default stacking_default\"><div class=\"vc_col-sm-12 wpb_column vc_column_container\"><div class=\"vc_column-inner\"><div class=\"wpb_wrapper\"><div class=\"wpb_text_column\"><div class=\"wpb_wrapper\"><h1 style=\"text-align: center;\"><b>Revierwelt: Download standkort til Android<\/b><\/h1>\n<\/div><\/div><\/div><\/div><\/div><\/div><\/div><\/section><section class=\"l-section wpb_row us_custom_35ed806c height_medium\"><div class=\"l-section-h i-cf\"><div class=\"g-cols vc_row via_flex valign_top type_default stacking_default\"><div class=\"vc_col-sm-12 wpb_column vc_column_container\"><div class=\"vc_column-inner us_custom_59c302d0\"><div class=\"wpb_wrapper\"><\/div><\/div><\/div><\/div><\/div><\/section><section class=\"l-section wpb_row height_auto width_full\"><div class=\"l-section-h i-cf\"><div class=\"g-cols vc_row via_flex valign_middle type_boxes stacking_default\"><div class=\"vc_col-sm-12 wpb_column vc_column_container us_animate_fade\"><div class=\"vc_column-inner\"><div class=\"wpb_wrapper\"><div class=\"wpb_text_column\"><div class=\"wpb_wrapper\"><p style=\"text-align: center;\"><strong>REVIERWELT-bestandskortet er en del af planl\u00e6gningen af drivjagt med Revierwelt.<\/strong><\/p>\n<p style=\"text-align: center;\">Med invitationen modtager du en anmodning om at registrere dig med din e-mailadresse og en adgangskode. Med disse adgangsdata kan du logge ind p\u00e5 standkortet og f\u00e5 vist de jagter, du har bekr\u00e6ftet. P\u00e5 jagtdagen kan du s\u00e5 gemme dine rapporter for den aktuelle drivjagt.<\/p>\n<p style=\"text-align: center;\">Din position bestemmes af GPS og overf\u00f8res til jagtledelsen under jagten.<\/p>\n<p style=\"text-align: center;\">Vi \u00f8nsker dig en god udsigt og god jagt!<\/p>\n<p style=\"text-align: center;\"><strong>Download appen her.<\/strong><\/p>\n<\/div><\/div><div class=\"w-btn-wrapper align_center\"><a class=\"w-btn us-btn-style_1\" title=\"Download standkort nu\" target=\"_blank\" rel=\"nofollow\" href=\"https:\/\/api-demo.collidex.com\/api\/service\/app_distribution\/download_latest_version?hash=32bb90e8976aab5298d5da10fe66f21d\"><span class=\"w-btn-label\">Download<\/span><\/a><\/div><div class=\"w-separator size_small\"><\/div><div class=\"w-btn-wrapper align_center\"><a class=\"w-btn us-btn-style_1\" title=\"Information om version\" target=\"_blank\" rel=\"nofollow\" href=\"https:\/\/api-demo.collidex.com\/api\/service\/app_distribution\/get_latest_version_info?hash=32bb90e8976aab5298d5da10fe66f21d\"><span class=\"w-btn-label\">Information om version<\/span><\/a><\/div><div class=\"w-separator size_small\"><\/div><div class=\"wpb_text_column\"><div class=\"wpb_wrapper\"><p style=\"text-align: center;\">Vi anbefaler at downloade Android-appen fra <a href=\"https:\/\/play.google.com\/store\/apps\/details?id=com.collidex.mobileapp.revierwelthuntinglive&amp;hl=de\" target=\"_blank\" rel=\"noopener\">Google PlayStore<\/a>.<\/p>\n<p style=\"text-align: center;\">Du kan finde den aktuelle version af appen <a href=\"https:\/\/play.google.com\/store\/apps\/details?id=com.collidex.mobileapp.revierwelthuntinglive&amp;hl=de\" target=\"_blank\" rel=\"noopener\">her.<\/a><\/p>\n<\/div><\/div><\/div><\/div><\/div><\/div><\/div><\/section>\n","protected":false},"excerpt":{"rendered":"Revierwelt: Download standkort til Android REVIERWELT-bestandskortet er en del af planl\u00e6gningen af drivjagt med Revierwelt. Med invitationen modtager du en anmodning om at registrere dig med din e-mailadresse og en adgangskode. Med disse adgangsdata kan du logge ind p\u00e5 standkortet og f\u00e5 vist de jagter, du har bekr\u00e6ftet. P\u00e5 jagtdagen kan du s\u00e5 gemme dine...","protected":false},"author":1,"featured_media":0,"parent":0,"menu_order":0,"comment_status":"closed","ping_status":"closed","template":"","meta":{"footnotes":""},"class_list":["post-30595","page","type-page","status-publish","hentry"],"_links":{"self":[{"href":"https:\/\/revierwelt.de\/index.php\/wp-json\/wp\/v2\/pages\/30595","targetHints":{"allow":["GET"]}}],"collection":[{"href":"https:\/\/revierwelt.de\/index.php\/wp-json\/wp\/v2\/pages"}],"about":[{"href":"https:\/\/revierwelt.de\/index.php\/wp-json\/wp\/v2\/types\/page"}],"author":[{"embeddable":true,"href":"https:\/\/revierwelt.de\/index.php\/wp-json\/wp\/v2\/users\/1"}],"replies":[{"embeddable":true,"href":"https:\/\/revierwelt.de\/index.php\/wp-json\/wp\/v2\/comments?post=30595"}],"version-history":[{"count":0,"href":"https:\/\/revierwelt.de\/index.php\/wp-json\/wp\/v2\/pages\/30595\/revisions"}],"wp:attachment":[{"href":"https:\/\/revierwelt.de\/index.php\/wp-json\/wp\/v2\/media?parent=30595"}],"curies":[{"name":"wp","href":"https:\/\/api.w.org\/{rel}","templated":true}]}}