{"id":35374,"date":"2025-02-25T10:50:29","date_gmt":"2025-02-25T09:50:29","guid":{"rendered":"https:\/\/revierwelt.de\/index.php\/offres-demploi\/"},"modified":"2025-02-25T10:50:35","modified_gmt":"2025-02-25T09:50:35","slug":"offres-demploi","status":"publish","type":"page","link":"https:\/\/revierwelt.de\/index.php\/offres-demploi\/?lang=fr","title":{"rendered":"Offres d&#8217;emploi"},"content":{"rendered":"<section class=\"l-section wpb_row height_medium color_alternate\" id=\"start\"><div class=\"l-section-h i-cf\"><div class=\"g-cols vc_row via_flex valign_top type_default stacking_default\"><div class=\"vc_col-sm-12 wpb_column vc_column_container\"><div class=\"vc_column-inner\"><div class=\"wpb_wrapper\"><div class=\"wpb_text_column\"><div class=\"wpb_wrapper\"><h2 style=\"text-align: center;\"><strong>REVIERWELT.<\/strong>  Offres d&#8217;emploi.<\/h2>\n<\/div><\/div><\/div><\/div><\/div><\/div><\/div><\/section><section class=\"l-section wpb_row height_auto width_full\"><div class=\"l-section-h i-cf\"><div class=\"g-cols vc_row via_flex valign_middle type_boxes stacking_default\"><div class=\"vc_col-sm-6 wpb_column vc_column_container has_bg_color us_animate_afl\"><div class=\"vc_column-inner us_custom_6a3e70e6\"><div class=\"wpb_wrapper\"><div class=\"w-separator size_custom\" style=\"height:200px\"><\/div><\/div><\/div><\/div><div class=\"vc_col-sm-6 wpb_column vc_column_container us_animate_afr\"><div class=\"vc_column-inner\"><div class=\"wpb_wrapper\"><div class=\"wpb_text_column\"><div class=\"wpb_wrapper\"><p>Bienvenue et merci de votre int\u00e9r\u00eat \u00e0 nous soutenir dans Revierwelt !<\/p>\n<p>Nous avons actuellement les offres d&#8217;emploi suivantes :<\/p>\n<ul>\n<li><strong>D\u00e9veloppeurs de logiciels (C++, PHP, etc.)<\/strong><\/li>\n<\/ul>\n<p class=\"p3\">Vous ne ma\u00eetrisez pas seulement un langage de programmation, le d\u00e9veloppement web ne vous est pas \u00e9tranger ? Vous souhaitez mettre vos comp\u00e9tences au service du d\u00e9veloppement d&#8217;applications innovantes et relever chaque jour de nouveaux d\u00e9fis ? <\/p>\n<p class=\"p3\"><strong>Alors rejoignez notre \u00e9quipe !<\/strong><\/p>\n<p class=\"p3\">Nous cr\u00e9ons des plateformes en ligne et des applications d&#8217;entreprise hautement \u00e9volutives et performantes, telles que des places de march\u00e9, des r\u00e9seaux sociaux, des syst\u00e8mes IoT, de processus et de collaboration, bas\u00e9es sur notre propre moteur de cloud CollideX (CCE). Nous d\u00e9veloppons des applications sur notre framework pour des entreprises de taille moyenne de renom dans le secteur priv\u00e9 et public. <\/p>\n<p class=\"p3\"><strong>C&#8217;est vous que nous recherchons !<\/strong><\/p>\n<p class=\"p3\">Un coll\u00e8gue motiv\u00e9 qui souhaite d\u00e9velopper ses comp\u00e9tences de d\u00e9veloppeur et nous aider \u00e0 r\u00e9aliser des projets logiciels passionnants.<\/p>\n<p class=\"p3\">Nous vous offrons la flexibilit\u00e9 d&#8217;organiser votre temps comme vous le souhaitez, 100% de t\u00e9l\u00e9travail (\u00e0 l&#8217;exception des f\u00eates de fin d&#8217;ann\u00e9e), un environnement innovant et cr\u00e9atif dans lequel vous pouvez apporter vos id\u00e9es et vos solutions, ainsi qu&#8217;un salaire fixe et \u00e9quitable. Des formations r\u00e9guli\u00e8res sur diff\u00e9rentes technologies vous permettront d&#8217;\u00e9largir vos comp\u00e9tences dans diff\u00e9rents domaines li\u00e9s au d\u00e9veloppement, au d\u00e9ploiement et \u00e0 l&#8217;exploitation de logiciels. <\/p>\n<p class=\"p3\">Vous pouvez nous rejoindre si vous \u00eates un joueur d&#8217;\u00e9quipe et si vous avez de l&#8217;exp\u00e9rience dans au moins deux des langages de programmation, plates-formes ou outils suivants :<\/p>\n<ul>\n<li class=\"p4\">PHP (PHPStorm)<\/li>\n<li class=\"p5\">C++ (id\u00e9alement Qt)<\/li>\n<li class=\"p4\">HTML plain<\/li>\n<li class=\"p4\">Bootstrap<\/li>\n<li class=\"p4\">JavaScript (ECMAScript 2021)<\/li>\n<li class=\"p4\">jQuery\/React<\/li>\n<li class=\"p4\">GitLab (CI\/CD)<\/li>\n<li class=\"p4\">Docker<\/li>\n<li class=\"p4\">memcached<\/li>\n<li class=\"p4\">MariaDB \/ MySQL<\/li>\n<li class=\"p3\">IA (TensorFlow, CustomVision, Vision AI, etc.)<\/li>\n<\/ul>\n<p><span data-contrast=\"auto\">Nous avons \u00e9veill\u00e9 votre int\u00e9r\u00eat ?<\/span><\/p>\n<p><b>Alors envoyez-nous votre candidature courte par e-mail \u00e0 <a href=\"mailto:support@revierwelt.de\">support@revierwelt.de.<\/a><\/b><\/p>\n<p>Nous sommes impatients de vous rencontrer !<\/p>\n<\/div><\/div><\/div><\/div><\/div><\/div><\/div><\/section><section class=\"l-section wpb_row height_medium color_alternate\"><div class=\"l-section-h i-cf\"><div class=\"g-cols vc_row via_flex valign_top type_default stacking_default\"><div class=\"vc_col-sm-12 wpb_column vc_column_container\"><div class=\"vc_column-inner\"><div class=\"wpb_wrapper\"><div class=\"wpb_text_column\"><div class=\"wpb_wrapper\"><h2 style=\"text-align: center;\"><strong>REVIERWELT.<\/strong>  D\u00e9couvrir.<\/h2>\n<\/div><\/div><\/div><\/div><\/div><\/div><\/div><\/section><section class=\"l-section wpb_row height_medium with_img parallax_ver\"><div class=\"l-section-img\" role=\"img\" data-img-width=\"1024\" data-img-height=\"683\" style=\"background-image: url(https:\/\/revierwelt.de\/wp-content\/uploads\/2018\/01\/170301-0001-2.jpg);\"><\/div><div class=\"l-section-overlay\" style=\"background:rgba(72,108,75,0.5)\"><\/div><div class=\"l-section-h i-cf\"><div class=\"g-cols vc_row via_flex valign_top type_default stacking_default\"><div class=\"vc_col-sm-12 wpb_column vc_column_container\"><div class=\"vc_column-inner\"><div class=\"wpb_wrapper\"><div class=\"w-grid type_grid layout_25853 hidden cols_6 ratio_1x1\" id=\"us_grid_1\" style=\"--columns:6;--gap:2px;--item-ratio:1;\" data-filterable=\"true\"><style>@media (max-width:1380px){#us_grid_1{--columns:3!important}}@media (max-width:1024px){#us_grid_1{--columns:2!important}}@media (max-width:600px){#us_grid_1{--columns:1!important}}.layout_25853 .w-grid-item-h{}.layout_25853 .usg_post_custom_field_1{transition-duration:0.4s;transform-origin:50% 50%;transform:scale(0) translate(0,0);opacity:0}.layout_25853 .w-grid-item-h:hover .usg_post_custom_field_1{transform:scale(1.5) translate(0,0);opacity:1}.layout_25853 .usg_vwrapper_1{transition-duration:0.4s;transform-origin:50% 50%;transform:scale(0) translate(0,0);opacity:0}.layout_25853 .w-grid-item-h:hover .usg_vwrapper_1{transform:scale(1) translate(0,0);opacity:1}.layout_25853 .usg_post_image_1{position:absolute!important;top:0!important;right:0!important;bottom:0!important;left:0!important}.layout_25853 .usg_post_custom_field_1{position:absolute!important;top:0!important;right:0!important;bottom:0!important;left:0!important;border-radius:50!important;padding:2rem!important;background:inherit!important}.layout_25853 .usg_vwrapper_1{position:absolute!important;top:0!important;right:0!important;bottom:0!important;left:0!important;padding:2rem!important}.layout_25853 .usg_post_title_1{color:inherit!important}<\/style><div class=\"w-grid-list\"><\/div><div class=\"w-grid-preloader\">\t<div class=\"g-preloader type_1\">\r\n\t\t<div><\/div>\r\n\t<\/div>\r\n\t<\/div>\t<div class=\"w-grid-json hidden\" onclick='return {&quot;action&quot;:&quot;us_ajax_grid&quot;,&quot;infinite_scroll&quot;:0,&quot;max_num_pages&quot;:0,&quot;pagination&quot;:&quot;none&quot;,&quot;template_vars&quot;:{&quot;columns&quot;:&quot;6&quot;,&quot;exclude_items&quot;:&quot;none&quot;,&quot;img_size&quot;:&quot;us_600_0&quot;,&quot;ignore_items_size&quot;:0,&quot;items_layout&quot;:&quot;25853&quot;,&quot;items_offset&quot;:&quot;1&quot;,&quot;load_animation&quot;:&quot;none&quot;,&quot;overriding_link&quot;:&quot;%7B%22type%22%3A%22post%22%7D&quot;,&quot;post_id&quot;:0,&quot;query_args&quot;:{&quot;post_type&quot;:[&quot;us_portfolio&quot;],&quot;tax_query&quot;:[{&quot;taxonomy&quot;:&quot;us_portfolio_category&quot;,&quot;field&quot;:&quot;slug&quot;,&quot;terms&quot;:[&quot;monde de la chasse&quot;]}],&quot;post_status&quot;:[&quot;publish&quot;],&quot;posts_per_page&quot;:&quot;6&quot;},&quot;orderby_query_args&quot;:{&quot;orderby&quot;:{&quot;date&quot;:&quot;DESC&quot;}},&quot;type&quot;:&quot;grid&quot;,&quot;us_grid_post_type&quot;:&quot;us_portfolio&quot;,&quot;us_grid_ajax_index&quot;:1,&quot;us_grid_filter_query_string&quot;:null,&quot;us_grid_index&quot;:1,&quot;page_args&quot;:[]}}'><\/div>\r\n\t<\/div><div class=\"w-grid-none type_message\">Es wurden keine Ergebnisse gefunden.<\/div><\/div><\/div><\/div><\/div><\/div><\/section><section class=\"l-section wpb_row height_medium color_primary\"><div class=\"l-section-h i-cf\"><div class=\"g-cols vc_row via_flex valign_top type_default stacking_default\"><div class=\"vc_col-sm-12 wpb_column vc_column_container us_animate_afb\"><div class=\"vc_column-inner\"><div class=\"wpb_wrapper\"><div class=\"w-actionbox color_primary controls_right\"><div class=\"w-actionbox-text\"><h2 class=\"w-actionbox-title\">Voyez par vous-m\u00eame Revierwelt !<\/h2><\/div><div class=\"w-actionbox-controls\"><a class=\"w-btn us-btn-style_6 icon_atleft\" href=\"https:\/\/portal.revierwelt.de\/\" style=\"font-size:19px;\"><i class=\"fas fa-user-plus\"><\/i><span class=\"w-btn-label\">Inscrivez-vous maintenant !<\/span><\/a><\/div><\/div><\/div><\/div><\/div><\/div><\/div><\/section>\n","protected":false},"excerpt":{"rendered":"REVIERWELT. Offres d&#8217;emploi. Bienvenue et merci de votre int\u00e9r\u00eat \u00e0 nous soutenir dans Revierwelt ! Nous avons actuellement les offres d&#8217;emploi suivantes : D\u00e9veloppeurs de logiciels (C++, PHP, etc.) Vous ne ma\u00eetrisez pas seulement un langage de programmation, le d\u00e9veloppement web ne vous est pas \u00e9tranger ? Vous souhaitez mettre vos comp\u00e9tences au service du...","protected":false},"author":4,"featured_media":0,"parent":0,"menu_order":0,"comment_status":"closed","ping_status":"closed","template":"","meta":{"footnotes":""},"class_list":["post-35374","page","type-page","status-publish","hentry"],"_links":{"self":[{"href":"https:\/\/revierwelt.de\/index.php\/wp-json\/wp\/v2\/pages\/35374","targetHints":{"allow":["GET"]}}],"collection":[{"href":"https:\/\/revierwelt.de\/index.php\/wp-json\/wp\/v2\/pages"}],"about":[{"href":"https:\/\/revierwelt.de\/index.php\/wp-json\/wp\/v2\/types\/page"}],"author":[{"embeddable":true,"href":"https:\/\/revierwelt.de\/index.php\/wp-json\/wp\/v2\/users\/4"}],"replies":[{"embeddable":true,"href":"https:\/\/revierwelt.de\/index.php\/wp-json\/wp\/v2\/comments?post=35374"}],"version-history":[{"count":0,"href":"https:\/\/revierwelt.de\/index.php\/wp-json\/wp\/v2\/pages\/35374\/revisions"}],"wp:attachment":[{"href":"https:\/\/revierwelt.de\/index.php\/wp-json\/wp\/v2\/media?parent=35374"}],"curies":[{"name":"wp","href":"https:\/\/api.w.org\/{rel}","templated":true}]}}