{"id":35502,"date":"2025-02-25T10:52:06","date_gmt":"2025-02-25T09:52:06","guid":{"rendered":"https:\/\/revierwelt.de\/index.php\/distribution-de-gibier\/"},"modified":"2025-02-25T10:52:10","modified_gmt":"2025-02-25T09:52:10","slug":"distribution-de-gibier","status":"publish","type":"page","link":"https:\/\/revierwelt.de\/index.php\/distribution-de-gibier\/?lang=fr","title":{"rendered":"Distribution de gibier"},"content":{"rendered":"<section class=\"l-section wpb_row height_medium\"><div class=\"l-section-h i-cf\"><div class=\"g-cols vc_row via_flex valign_top type_default stacking_default\"><div class=\"vc_col-sm-12 wpb_column vc_column_container\"><div class=\"vc_column-inner\"><div class=\"wpb_wrapper\"><div class=\"wpb_text_column\"><div class=\"wpb_wrapper\"><p>REVIERWELT met \u00e0 disposition, avec le Wildbretmarkt.de, un service en ligne permettant \u00e0 l&#8217;utilisateur d&#8217;ins\u00e9rer et de publier des offres de gibier et, en tant que personne int\u00e9ress\u00e9e, de consulter les offres de gibier d&#8217;autres utilisateurs. En outre, le service Wildbretmarkt permet \u00e9galement l&#8217;\u00e9change de messages \u00e9lectroniques entre les annonceurs et les personnes int\u00e9ress\u00e9es. <\/p>\n<p>Le Wildbretmarkt sert \u00e0 publier des offres de gibier et \u00e0 mettre en contact les vendeurs et les personnes int\u00e9ress\u00e9es par les marchandises propos\u00e9es. REVIERWELT Wildbretmarkt n&#8217;est pas lui-m\u00eame un fournisseur du gibier dont l&#8217;offre est annonc\u00e9e. <\/p>\n<p>En tant que vendeur, je d\u00e9clare que le gibier que je propose a \u00e9t\u00e9 proprement ouvert, que la viande est suspendue, qu&#8217;elle a \u00e9t\u00e9 soigneusement pr\u00e9par\u00e9e conform\u00e9ment aux r\u00e8gles actuellement en vigueur et qu&#8217;elle est pr\u00eate \u00e0 \u00eatre consomm\u00e9e. Je d\u00e9clare ci-apr\u00e8s respecter les dispositions l\u00e9gales suivantes lors de la mise en vente de gibier sur le march\u00e9 du gibier de REVIERWELT. <\/p>\n<p><strong>L\u00e9gislation :<\/strong><\/p>\n<ul>\n<li><a href=\"https:\/\/eur-lex.europa.eu\/legal-content\/DE\/TXT\/PDF\/?uri=CELEX:32004R0853&amp;from=en\">R\u00e8glement europ\u00e9en fixant les r\u00e8gles sp\u00e9cifiques d&#8217;hygi\u00e8ne applicables aux denr\u00e9es alimentaires d&#8217;origine animale<\/a><\/li>\n<li><a href=\"https:\/\/eur-lex.europa.eu\/legal-content\/DE\/TXT\/PDF\/?uri=CELEX:32011R0931&amp;from=DE\">R\u00e8glement d&#8217;application relatif aux exigences de tra\u00e7abilit\u00e9 des denr\u00e9es alimentaires d&#8217;origine animale<\/a><\/li>\n<li><a href=\"http:\/\/www.gesetze-im-internet.de\/tier-lmhv\/Tier-LMHV.pdf\">R\u00e8glement sur l&#8217;hygi\u00e8ne des denr\u00e9es alimentaires d&#8217;origine animale<\/a><\/li>\n<li><a href=\"http:\/\/www.gesetze-im-internet.de\/tier-lm_v\/Tier-LM%C3%9CV.pdf\">Ordonnance sur le contr\u00f4le des denr\u00e9es alimentaires d&#8217;origine animale<\/a><\/li>\n<li><a href=\"http:\/\/www.gesetze-im-internet.de\/lfgb\/LFGB.pdf\">Code de l&#8217;alimentation humaine et animale<\/a><\/li>\n<\/ul>\n<p><strong>Conditions \u00e0 remplir par les chasseurs pour fournir de la viande de gibier :<\/strong><br \/><a href=\"https:\/\/revierwelt.de\/wp-content\/uploads\/2020\/08\/DJV-Infografik-Voraussetzung-zur-Abgabe-von-Wildfleisch-2014_0.pdf\">T\u00e9l\u00e9charger<\/a><\/p>\n<\/div><\/div><\/div><\/div><\/div><\/div><\/div><\/section>\n","protected":false},"excerpt":{"rendered":"REVIERWELT met \u00e0 disposition, avec le Wildbretmarkt.de, un service en ligne permettant \u00e0 l&#8217;utilisateur d&#8217;ins\u00e9rer et de publier des offres de gibier et, en tant que personne int\u00e9ress\u00e9e, de consulter les offres de gibier d&#8217;autres utilisateurs. En outre, le service Wildbretmarkt permet \u00e9galement l&#8217;\u00e9change de messages \u00e9lectroniques entre les annonceurs et les personnes int\u00e9ress\u00e9es. Le...","protected":false},"author":4,"featured_media":0,"parent":0,"menu_order":0,"comment_status":"closed","ping_status":"closed","template":"","meta":{"footnotes":""},"class_list":["post-35502","page","type-page","status-publish","hentry"],"_links":{"self":[{"href":"https:\/\/revierwelt.de\/index.php\/wp-json\/wp\/v2\/pages\/35502","targetHints":{"allow":["GET"]}}],"collection":[{"href":"https:\/\/revierwelt.de\/index.php\/wp-json\/wp\/v2\/pages"}],"about":[{"href":"https:\/\/revierwelt.de\/index.php\/wp-json\/wp\/v2\/types\/page"}],"author":[{"embeddable":true,"href":"https:\/\/revierwelt.de\/index.php\/wp-json\/wp\/v2\/users\/4"}],"replies":[{"embeddable":true,"href":"https:\/\/revierwelt.de\/index.php\/wp-json\/wp\/v2\/comments?post=35502"}],"version-history":[{"count":0,"href":"https:\/\/revierwelt.de\/index.php\/wp-json\/wp\/v2\/pages\/35502\/revisions"}],"wp:attachment":[{"href":"https:\/\/revierwelt.de\/index.php\/wp-json\/wp\/v2\/media?parent=35502"}],"curies":[{"name":"wp","href":"https:\/\/api.w.org\/{rel}","templated":true}]}}