{"id":35506,"date":"2025-02-25T10:52:12","date_gmt":"2025-02-25T09:52:12","guid":{"rendered":"https:\/\/revierwelt.de\/index.php\/hirve-liha-mueuek\/"},"modified":"2025-02-25T10:52:20","modified_gmt":"2025-02-25T09:52:20","slug":"hirve-liha-mueuek","status":"publish","type":"page","link":"https:\/\/revierwelt.de\/index.php\/hirve-liha-mueuek\/?lang=et","title":{"rendered":"Hirve liha m\u00fc\u00fck"},"content":{"rendered":"<section class=\"l-section wpb_row height_medium\"><div class=\"l-section-h i-cf\"><div class=\"g-cols vc_row via_flex valign_top type_default stacking_default\"><div class=\"vc_col-sm-12 wpb_column vc_column_container\"><div class=\"vc_column-inner\"><div class=\"wpb_wrapper\"><div class=\"wpb_text_column\"><div class=\"wpb_wrapper\"><p>REVIERWELT pakub veebip\u00f5hist teenust Wildbretmarkt.de, mille kaudu kasutajad saavad postitada ja avaldada m\u00e4ngupakkumisi ning huvitatud isikutena vaadata teiste kasutajate m\u00e4ngupakkumisi. Lisaks v\u00f5imaldab Wildbretmarkt teenus ka elektrooniliste s\u00f5numite vahetamist reklaamijate ja huvitatud isikute vahel. <\/p>\n<p>Wildbretmarkti kasutatakse ulukiliha pakkumiste avaldamiseks ning reklaamitud kaupade m\u00fc\u00fcjate ja potentsiaalsete ostjate kokkuviimiseks. REVIERWELT Wildbretmarkt ise ei ole reklaamitud ulukite tarnija. <\/p>\n<p>M\u00fc\u00fcja kinnitab, et pakutav ulukiliha on puhtalt t\u00fckeldatud, liha on \u00fcles riputatud, hoolikalt t\u00f6\u00f6deldud vastavalt kehtivatele eeskirjadele ja on tarbimisvalmis. K\u00e4esolevaga kinnitan, et j\u00e4rgin j\u00e4rgmisi \u00f5igusnorme, kui pakun ulukiliha REVIERWELT ulukiturul. <\/p>\n<p><strong>\u00d5igusaktid:<\/strong><\/p>\n<ul>\n<li><a href=\"https:\/\/eur-lex.europa.eu\/legal-content\/DE\/TXT\/PDF\/?uri=CELEX:32004R0853&amp;from=en\">ELi m\u00e4\u00e4rus, mis sisaldab konkreetseid h\u00fcgieenieeskirju loomset p\u00e4ritolu toidu kohta<\/a><\/li>\n<li><a href=\"https:\/\/eur-lex.europa.eu\/legal-content\/DE\/TXT\/PDF\/?uri=CELEX:32011R0931&amp;from=DE\">Loomset p\u00e4ritolu toidu j\u00e4lgitavusn\u00f5udeid k\u00e4sitlev rakendusm\u00e4\u00e4rus<\/a><\/li>\n<li><a href=\"http:\/\/www.gesetze-im-internet.de\/tier-lmhv\/Tier-LMHV.pdf\">Loomade toiduh\u00fcgieeni eeskirjad<\/a><\/li>\n<li><a href=\"http:\/\/www.gesetze-im-internet.de\/tier-lm_v\/Tier-LM%C3%9CV.pdf\">Loomas\u00f6\u00f6da j\u00e4relevalve m\u00e4\u00e4rus<\/a><\/li>\n<li><a href=\"http:\/\/www.gesetze-im-internet.de\/lfgb\/LFGB.pdf\">Toidu- ja s\u00f6\u00f6dakoodeks<\/a><\/li>\n<\/ul>\n<p><strong>N\u00f5uded jahimeestele ulukiliha m\u00fc\u00fcmiseks:<\/strong><br \/><a href=\"https:\/\/revierwelt.de\/wp-content\/uploads\/2020\/08\/DJV-Infografik-Voraussetzung-zur-Abgabe-von-Wildfleisch-2014_0.pdf\">Lae alla<\/a><\/p>\n<\/div><\/div><\/div><\/div><\/div><\/div><\/div><\/section>\n","protected":false},"excerpt":{"rendered":"REVIERWELT pakub veebip\u00f5hist teenust Wildbretmarkt.de, mille kaudu kasutajad saavad postitada ja avaldada m\u00e4ngupakkumisi ning huvitatud isikutena vaadata teiste kasutajate m\u00e4ngupakkumisi. Lisaks v\u00f5imaldab Wildbretmarkt teenus ka elektrooniliste s\u00f5numite vahetamist reklaamijate ja huvitatud isikute vahel. Wildbretmarkti kasutatakse ulukiliha pakkumiste avaldamiseks ning reklaamitud kaupade m\u00fc\u00fcjate ja potentsiaalsete ostjate kokkuviimiseks. REVIERWELT Wildbretmarkt ise ei ole reklaamitud ulukite tarnija. M\u00fc\u00fcja...","protected":false},"author":4,"featured_media":0,"parent":0,"menu_order":0,"comment_status":"closed","ping_status":"closed","template":"","meta":{"footnotes":""},"class_list":["post-35506","page","type-page","status-publish","hentry"],"_links":{"self":[{"href":"https:\/\/revierwelt.de\/index.php\/wp-json\/wp\/v2\/pages\/35506","targetHints":{"allow":["GET"]}}],"collection":[{"href":"https:\/\/revierwelt.de\/index.php\/wp-json\/wp\/v2\/pages"}],"about":[{"href":"https:\/\/revierwelt.de\/index.php\/wp-json\/wp\/v2\/types\/page"}],"author":[{"embeddable":true,"href":"https:\/\/revierwelt.de\/index.php\/wp-json\/wp\/v2\/users\/4"}],"replies":[{"embeddable":true,"href":"https:\/\/revierwelt.de\/index.php\/wp-json\/wp\/v2\/comments?post=35506"}],"version-history":[{"count":0,"href":"https:\/\/revierwelt.de\/index.php\/wp-json\/wp\/v2\/pages\/35506\/revisions"}],"wp:attachment":[{"href":"https:\/\/revierwelt.de\/index.php\/wp-json\/wp\/v2\/media?parent=35506"}],"curies":[{"name":"wp","href":"https:\/\/api.w.org\/{rel}","templated":true}]}}