{"id":35514,"date":"2025-02-25T10:52:15","date_gmt":"2025-02-25T09:52:15","guid":{"rendered":"https:\/\/revierwelt.de\/index.php\/salg-af-vildtkoed\/"},"modified":"2025-02-25T10:52:20","modified_gmt":"2025-02-25T09:52:20","slug":"salg-af-vildtkoed","status":"publish","type":"page","link":"https:\/\/revierwelt.de\/index.php\/salg-af-vildtkoed\/?lang=da","title":{"rendered":"Salg af vildtk\u00f8d"},"content":{"rendered":"<section class=\"l-section wpb_row height_medium\"><div class=\"l-section-h i-cf\"><div class=\"g-cols vc_row via_flex valign_top type_default stacking_default\"><div class=\"vc_col-sm-12 wpb_column vc_column_container\"><div class=\"vc_column-inner\"><div class=\"wpb_wrapper\"><div class=\"wpb_text_column\"><div class=\"wpb_wrapper\"><p>REVIERWELT leverer en onlinetjeneste, Wildbretmarkt.de, hvorigennem brugere kan sende og offentligg\u00f8re spiltilbud og som interesserede parter se spiltilbud fra andre brugere. Derudover muligg\u00f8r Wildbretmarkt-tjenesten ogs\u00e5 udveksling af elektroniske meddelelser mellem annonc\u00f8rer og interesserede parter. <\/p>\n<p>Wildbretmarkt bruges til at offentligg\u00f8re tilbud p\u00e5 vildt og til at bringe s\u00e6lgere og potentielle k\u00f8bere af de annoncerede varer sammen. REVIERWELT Wildbretmarkt er ikke selv leverand\u00f8r af det annoncerede vildt. <\/p>\n<p>Jeg, s\u00e6lgeren, erkl\u00e6rer hermed, at det vildt, jeg tilbyder, er blevet rent opsk\u00e5ret, k\u00f8det er blevet h\u00e6ngt op, omhyggeligt behandlet i overensstemmelse med g\u00e6ldende regler og er klar til forbrug. Jeg erkl\u00e6rer hermed, at jeg vil overholde f\u00f8lgende lovbestemmelser, n\u00e5r jeg tilbyder vildt p\u00e5 REVIERWELT vildtmarked. <\/p>\n<p><strong>Lovgivning:<\/strong><\/p>\n<ul>\n<li><a href=\"https:\/\/eur-lex.europa.eu\/legal-content\/DE\/TXT\/PDF\/?uri=CELEX:32004R0853&amp;from=en\">EU-forordning med specifikke hygiejneregler for f\u00f8devarer af animalsk oprindelse<\/a><\/li>\n<li><a href=\"https:\/\/eur-lex.europa.eu\/legal-content\/DE\/TXT\/PDF\/?uri=CELEX:32011R0931&amp;from=DE\">Gennemf\u00f8relsesforordning om sporbarhedskrav til f\u00f8devarer af animalsk oprindelse<\/a><\/li>\n<li><a href=\"http:\/\/www.gesetze-im-internet.de\/tier-lmhv\/Tier-LMHV.pdf\">Hygiejnebestemmelser for animalske f\u00f8devarer<\/a><\/li>\n<li><a href=\"http:\/\/www.gesetze-im-internet.de\/tier-lm_v\/Tier-LM%C3%9CV.pdf\">Forordning om overv\u00e5gning af animalske f\u00f8devarer<\/a><\/li>\n<li><a href=\"http:\/\/www.gesetze-im-internet.de\/lfgb\/LFGB.pdf\">Kodeks for f\u00f8devarer og foder<\/a><\/li>\n<\/ul>\n<p><strong>Krav til j\u00e6gere om at s\u00e6lge vildtk\u00f8d:<\/strong><br \/><a href=\"https:\/\/revierwelt.de\/wp-content\/uploads\/2020\/08\/DJV-Infografik-Voraussetzung-zur-Abgabe-von-Wildfleisch-2014_0.pdf\">Download<\/a><\/p>\n<\/div><\/div><\/div><\/div><\/div><\/div><\/div><\/section>\n","protected":false},"excerpt":{"rendered":"REVIERWELT leverer en onlinetjeneste, Wildbretmarkt.de, hvorigennem brugere kan sende og offentligg\u00f8re spiltilbud og som interesserede parter se spiltilbud fra andre brugere. Derudover muligg\u00f8r Wildbretmarkt-tjenesten ogs\u00e5 udveksling af elektroniske meddelelser mellem annonc\u00f8rer og interesserede parter. Wildbretmarkt bruges til at offentligg\u00f8re tilbud p\u00e5 vildt og til at bringe s\u00e6lgere og potentielle k\u00f8bere af de annoncerede varer sammen....","protected":false},"author":4,"featured_media":0,"parent":0,"menu_order":0,"comment_status":"closed","ping_status":"closed","template":"","meta":{"footnotes":""},"class_list":["post-35514","page","type-page","status-publish","hentry"],"_links":{"self":[{"href":"https:\/\/revierwelt.de\/index.php\/wp-json\/wp\/v2\/pages\/35514","targetHints":{"allow":["GET"]}}],"collection":[{"href":"https:\/\/revierwelt.de\/index.php\/wp-json\/wp\/v2\/pages"}],"about":[{"href":"https:\/\/revierwelt.de\/index.php\/wp-json\/wp\/v2\/types\/page"}],"author":[{"embeddable":true,"href":"https:\/\/revierwelt.de\/index.php\/wp-json\/wp\/v2\/users\/4"}],"replies":[{"embeddable":true,"href":"https:\/\/revierwelt.de\/index.php\/wp-json\/wp\/v2\/comments?post=35514"}],"version-history":[{"count":0,"href":"https:\/\/revierwelt.de\/index.php\/wp-json\/wp\/v2\/pages\/35514\/revisions"}],"wp:attachment":[{"href":"https:\/\/revierwelt.de\/index.php\/wp-json\/wp\/v2\/media?parent=35514"}],"curies":[{"name":"wp","href":"https:\/\/api.w.org\/{rel}","templated":true}]}}