{"id":35723,"date":"2025-02-25T10:55:41","date_gmt":"2025-02-25T09:55:41","guid":{"rendered":"https:\/\/revierwelt.de\/index.php\/pour-les-autorites\/"},"modified":"2025-02-25T10:56:04","modified_gmt":"2025-02-25T09:56:04","slug":"pour-les-autorites","status":"publish","type":"page","link":"https:\/\/revierwelt.de\/index.php\/pour-les-autorites\/?lang=fr","title":{"rendered":"pour les autorit\u00e9s"},"content":{"rendered":"<section class=\"l-section wpb_row height_medium color_alternate\" id=\"start\"><div class=\"l-section-h i-cf\"><div class=\"g-cols vc_row via_flex valign_top type_default stacking_default\"><div class=\"vc_col-sm-12 wpb_column vc_column_container\"><div class=\"vc_column-inner\"><div class=\"wpb_wrapper\"><div class=\"wpb_text_column\"><div class=\"wpb_wrapper\"><h2 style=\"text-align: center;\"><strong>REVIERWELT.<\/strong>  Une pour tous.<\/h2>\n<\/div><\/div><\/div><\/div><\/div><\/div><\/div><\/section><section class=\"l-section wpb_row height_auto width_full\"><div class=\"l-section-h i-cf\"><div class=\"g-cols vc_row via_flex valign_middle type_boxes stacking_default\"><div class=\"vc_col-sm-6 wpb_column vc_column_container us_animate_afl\"><div class=\"vc_column-inner\"><div class=\"wpb_wrapper\"><div class=\"wpb_text_column\"><div class=\"wpb_wrapper\"><h3 class=\"p1\">Pour les autorit\u00e9s.<\/h3>\n<p>En tant qu&#8217;administration, vous recherchez une solution qui vous permette de garder une vue d&#8217;ensemble ? Qui r\u00e9ponde \u00e0 toutes les exigences en mati\u00e8re de protection des donn\u00e9es et de s\u00e9curit\u00e9 tout en reproduisant tous les processus en un seul endroit ? Nous avons la solution pour cela : Revierwelt.  <\/p>\n<p>Revierwelt simplifie les processus au sein de l&#8217;administration et peut \u00eatre utilis\u00e9 \u00e0 tous les niveaux. Revierwelt offre des interfaces avec presque tous les syst\u00e8mes pertinents du march\u00e9 et peut \u00eatre \u00e9tendu de fa\u00e7on modulaire sur demande. En termes d&#8217;exploitation, diff\u00e9rents mod\u00e8les sont \u00e9galement possibles : que ce soit en tant qu&#8217;appliance propre dans votre centre de donn\u00e9es, en tant que solution h\u00e9berg\u00e9e ou en tant que partie de la plate-forme existante.  <\/p>\n<p>Consultez nos r\u00e9f\u00e9rences ou contactez-nous pour convenir d&#8217;un rendez-vous ! Nous nous ferons un plaisir de vous pr\u00e9senter notre solution sur place.<\/p>\n<\/div><\/div><div class=\"w-btn-wrapper align_right\"><a class=\"w-btn us-btn-style_3\" title=\"\u00c9crivez-nous\" href=\"https:\/\/revierwelt.de\/index.php\/contact\/\"><span class=\"w-btn-label\">Contactez-nous maintenant<\/span><\/a><\/div><\/div><\/div><\/div><div class=\"vc_col-sm-6 vc_hidden-xs wpb_column vc_column_container has_bg_color us_animate_afr\"><div class=\"vc_column-inner us_custom_9766e706\"><div class=\"wpb_wrapper\"><div class=\"w-separator size_custom\" style=\"height:200px\"><\/div><\/div><\/div><\/div><\/div><\/div><\/section><section class=\"l-section wpb_row height_auto width_full\"><div class=\"l-section-h i-cf\"><div class=\"g-cols vc_row via_flex valign_middle type_boxes stacking_default\"><div class=\"vc_col-sm-6 wpb_column vc_column_container has_bg_color us_animate_afl\"><div class=\"vc_column-inner us_custom_20cc9aa8\"><div class=\"wpb_wrapper\"><div class=\"w-separator size_custom\" style=\"height:200px\"><\/div><\/div><\/div><\/div><div class=\"vc_col-sm-6 wpb_column vc_column_container us_animate_afr\"><div class=\"vc_column-inner\"><div class=\"wpb_wrapper\"><div class=\"wpb_text_column\"><div class=\"wpb_wrapper\"><p>Revierwelt peut vous aider \u00e0 mettre en r\u00e9seau toutes les personnes impliqu\u00e9es et \u00e0 simplifier le d\u00e9roulement des processus en tant que solution int\u00e9gr\u00e9e. L&#8217;un des points forts de la solution est son adaptabilit\u00e9 aux diff\u00e9rentes exigences et la grande diversit\u00e9 des fonctions existantes, qui peuvent \u00eatre combin\u00e9es individuellement. Actuellement, Revierwelt propose plus de 120 fonctions diff\u00e9rentes : de la gestion centralis\u00e9e des droits \u00e0 l&#8217;\u00e9valuation centrale des rapports de chasse inter-territoires ou \u00e0 l&#8217;organisation de chasses en battue, tout est mis en \u0153uvre.  <\/p>\n<p>Revierwelt peut \u00e9galement aider \u00e0 coordonner les situations de crise de mani\u00e8re centralis\u00e9e et \u00e0 mettre les informations \u00e0 la disposition des bonnes personnes au bon moment. Tout cela est hautement automatis\u00e9 afin de minimiser les efforts en application du RGPD.<\/p>\n<\/div><\/div><\/div><\/div><\/div><\/div><\/div><\/section><section class=\"l-section wpb_row height_medium color_alternate\"><div class=\"l-section-h i-cf\"><div class=\"g-cols vc_row via_flex valign_top type_default stacking_default\"><div class=\"vc_col-sm-12 wpb_column vc_column_container\"><div class=\"vc_column-inner\"><div class=\"wpb_wrapper\"><div class=\"wpb_text_column\"><div class=\"wpb_wrapper\"><h2 style=\"text-align: center;\">Tous les avantages en un coup d&#8217;\u0153il<\/h2>\n<\/div><\/div><\/div><\/div><\/div><\/div><\/div><\/section><section class=\"l-section wpb_row height_medium\"><div class=\"l-section-h i-cf\"><div class=\"g-cols vc_row via_flex valign_top type_default stacking_default\"><div class=\"vc_col-sm-12 wpb_column vc_column_container\"><div class=\"vc_column-inner\"><div class=\"wpb_wrapper\"><div class=\"g-cols wpb_row via_flex valign_top type_default stacking_default\"><div class=\"vc_col-sm-4 wpb_column vc_column_container us_animate_afc\"><div class=\"vc_column-inner\"><div class=\"wpb_wrapper\"><div class=\"w-iconbox iconpos_top style_circle color_primary align_center\"><a href=\"https:\/\/revierwelt.de\/index.php\/portfolio\/\" class=\"w-iconbox-link\" aria-label=\"Toutes les informations au m\u00eame endroit.\"><div class=\"w-iconbox-icon\" style=\"font-size:2rem;\"><i class=\"fas fa-check\"><\/i><\/div><\/a><div class=\"w-iconbox-meta\"><h4 class=\"w-iconbox-title\"><a href=\"https:\/\/revierwelt.de\/index.php\/portfolio\/\" class=\"w-iconbox-link\" aria-label=\"Toutes les informations au m\u00eame endroit.\">Toutes les informations au m\u00eame endroit.<\/a><\/h4><div class=\"w-iconbox-text\"><p><span class=\"TextRun BCX0 SCXP219570816\" lang=\"DE-DE\" data-usefontface=\"false\" data-contrast=\"none\"><span class=\"NormalTextRun BCX0 SCXP219570816\">Conserver toutes les informations en un seul endroit, fournir une plate-forme de <\/span><\/span><span class=\"TextRun BCX0 SCXP219570816\" lang=\"DE-DE\" data-usefontface=\"false\" data-contrast=\"none\"><span class=\"NormalTextRun BCX0 SCXP219570816\">de communiquer et de collaborer, de recueillir des donn\u00e9es provenant de diff\u00e9rents <\/span><\/span><span class=\"TextRun BCX0 SCXP219570816\" lang=\"DE-DE\" data-usefontface=\"false\" data-contrast=\"none\"><span class=\"NormalTextRun BCX0 SCXP219570816\">sources et des appareils de mani\u00e8re structur\u00e9e, les analyser, <\/span><\/span><span class=\"TextRun BCX0 SCXP219570816\" lang=\"DE-DE\" data-usefontface=\"false\" data-contrast=\"none\"><span class=\"NormalTextRun BCX0 SCXP219570816\">et de les pr\u00e9senter aux bonnes personnes, sur n&#8217;importe quel appareil et en tout lieu. <\/span><\/span><span class=\"TextRun BCX0 SCXP219570816\" lang=\"DE-DE\" data-usefontface=\"false\" data-contrast=\"none\"><span class=\"NormalTextRun BCX0 SCXP219570816\">sont les missions de Revierwelt.<\/span><\/span><\/p>\n<\/div><\/div><\/div><\/div><\/div><\/div><div class=\"vc_col-sm-4 wpb_column vc_column_container us_animate_afc\" style=\"animation-delay:0.2s\"><div class=\"vc_column-inner\"><div class=\"wpb_wrapper\"><div class=\"w-iconbox iconpos_top style_circle color_primary align_center\"><a href=\"https:\/\/revierwelt.de\/index.php\/portfolio\/\" class=\"w-iconbox-link\" aria-label=\"Conception modulaire.\"><div class=\"w-iconbox-icon\" style=\"font-size:2rem;\"><i class=\"fas fa-check\"><\/i><\/div><\/a><div class=\"w-iconbox-meta\"><h4 class=\"w-iconbox-title\"><a href=\"https:\/\/revierwelt.de\/index.php\/portfolio\/\" class=\"w-iconbox-link\" aria-label=\"Conception modulaire.\">Conception modulaire.<\/a><\/h4><div class=\"w-iconbox-text\"><p>Revierwelt a \u00e9t\u00e9 d\u00e9velopp\u00e9 de mani\u00e8re modulaire. Ainsi, Revierwelt peut \u00eatre d\u00e9di\u00e9 dans un environnement propre ou \u00eatre adapt\u00e9 \u00e0 vos besoins en tant que plateforme h\u00e9berg\u00e9e. Les modules sont par exemple la commercialisation du gibier, y compris le certificat d&#8217;origine, la r\u00e9servation et la coordination des aff\u00fbts, la planification et l&#8217;ex\u00e9cution de la chasse en battue ou la gestion des droits.<\/p>\n<\/div><\/div><\/div><\/div><\/div><\/div><div class=\"vc_col-sm-4 wpb_column vc_column_container us_animate_afc\" style=\"animation-delay:0.4s\"><div class=\"vc_column-inner\"><div class=\"wpb_wrapper\"><div class=\"w-iconbox iconpos_top style_circle color_primary align_center\"><a href=\"https:\/\/revierwelt.de\/index.php\/portfolio\/\" class=\"w-iconbox-link\" aria-label=\"Sur site ou \u00e0 partir du cloud.\"><div class=\"w-iconbox-icon\" style=\"font-size:2rem;\"><i class=\"fas fa-check\"><\/i><\/div><\/a><div class=\"w-iconbox-meta\"><h4 class=\"w-iconbox-title\"><a href=\"https:\/\/revierwelt.de\/index.php\/portfolio\/\" class=\"w-iconbox-link\" aria-label=\"Sur site ou \u00e0 partir du cloud.\">Sur site ou \u00e0 partir du cloud.<\/a><\/h4><div class=\"w-iconbox-text\"><p>La flexibilit\u00e9 de Revierwelt se traduit par la possibilit\u00e9 de l&#8217;exploiter : nous pouvons adapter Revierwelt exactement \u00e0 vos besoins et vous fournir une version de Revierwelt On-Premise adapt\u00e9e \u00e0 vos exigences. Celle-ci offre alors exactement les fonctions dont vous avez besoin pour repr\u00e9senter le d\u00e9roulement de vos processus.<\/p>\n<\/div><\/div><\/div><\/div><\/div><\/div><\/div><\/div><\/div><\/div><\/div><\/div><\/section><section class=\"l-section wpb_row height_medium color_alternate\"><div class=\"l-section-h i-cf\"><div class=\"g-cols vc_row via_flex valign_top type_default stacking_default\"><div class=\"vc_col-sm-12 wpb_column vc_column_container\"><div class=\"vc_column-inner\"><div class=\"wpb_wrapper\"><div class=\"wpb_text_column\"><div class=\"wpb_wrapper\"><h2 style=\"text-align: center;\"><strong>REVIERWELT.<\/strong>  D\u00e9couvrir.<\/h2>\n<\/div><\/div><\/div><\/div><\/div><\/div><\/div><\/section><section class=\"l-section wpb_row height_medium with_img parallax_ver\"><div class=\"l-section-img\" role=\"img\" data-img-width=\"1024\" data-img-height=\"683\" style=\"background-image: url(https:\/\/revierwelt.de\/wp-content\/uploads\/2018\/01\/170301-0001-2.jpg);\"><\/div><div class=\"l-section-overlay\" style=\"background:rgba(72,108,75,0.5)\"><\/div><div class=\"l-section-h i-cf\"><div class=\"g-cols vc_row via_flex valign_top type_default stacking_default\"><div class=\"vc_col-sm-12 wpb_column vc_column_container\"><div class=\"vc_column-inner\"><div class=\"wpb_wrapper\"><div class=\"w-grid type_grid layout_25853 hidden cols_5 ratio_1x1\" id=\"us_grid_1\" style=\"--columns:5;--gap:2px;--item-ratio:1;\" data-filterable=\"true\"><style>@media (max-width:1380px){#us_grid_1{--columns:3!important}}@media (max-width:1024px){#us_grid_1{--columns:2!important}}@media (max-width:600px){#us_grid_1{--columns:1!important}}.layout_25853 .w-grid-item-h{}.layout_25853 .usg_post_custom_field_1{transition-duration:0.4s;transform-origin:50% 50%;transform:scale(0) translate(0,0);opacity:0}.layout_25853 .w-grid-item-h:hover .usg_post_custom_field_1{transform:scale(1.5) translate(0,0);opacity:1}.layout_25853 .usg_vwrapper_1{transition-duration:0.4s;transform-origin:50% 50%;transform:scale(0) translate(0,0);opacity:0}.layout_25853 .w-grid-item-h:hover .usg_vwrapper_1{transform:scale(1) translate(0,0);opacity:1}.layout_25853 .usg_post_image_1{position:absolute!important;top:0!important;right:0!important;bottom:0!important;left:0!important}.layout_25853 .usg_post_custom_field_1{position:absolute!important;top:0!important;right:0!important;bottom:0!important;left:0!important;border-radius:50!important;padding:2rem!important;background:inherit!important}.layout_25853 .usg_vwrapper_1{position:absolute!important;top:0!important;right:0!important;bottom:0!important;left:0!important;padding:2rem!important}.layout_25853 .usg_post_title_1{color:inherit!important}<\/style><div class=\"w-grid-list\"><\/div><div class=\"w-grid-preloader\">\t<div class=\"g-preloader type_1\">\r\n\t\t<div><\/div>\r\n\t<\/div>\r\n\t<\/div>\t<div class=\"w-grid-json hidden\" onclick='return {&quot;action&quot;:&quot;us_ajax_grid&quot;,&quot;infinite_scroll&quot;:0,&quot;max_num_pages&quot;:0,&quot;pagination&quot;:&quot;none&quot;,&quot;template_vars&quot;:{&quot;columns&quot;:&quot;5&quot;,&quot;exclude_items&quot;:&quot;none&quot;,&quot;img_size&quot;:&quot;us_600_0&quot;,&quot;ignore_items_size&quot;:0,&quot;items_layout&quot;:&quot;25853&quot;,&quot;items_offset&quot;:&quot;1&quot;,&quot;load_animation&quot;:&quot;none&quot;,&quot;overriding_link&quot;:&quot;%7B%22type%22%3A%22post%22%7D&quot;,&quot;post_id&quot;:0,&quot;query_args&quot;:{&quot;post_type&quot;:[&quot;us_portfolio&quot;],&quot;tax_query&quot;:[{&quot;taxonomy&quot;:&quot;us_portfolio_category&quot;,&quot;field&quot;:&quot;slug&quot;,&quot;terms&quot;:[&quot;monde de la chasse&quot;]}],&quot;post_status&quot;:[&quot;publish&quot;],&quot;posts_per_page&quot;:&quot;5&quot;},&quot;orderby_query_args&quot;:{&quot;orderby&quot;:{&quot;date&quot;:&quot;DESC&quot;}},&quot;type&quot;:&quot;grid&quot;,&quot;us_grid_post_type&quot;:&quot;us_portfolio&quot;,&quot;us_grid_ajax_index&quot;:1,&quot;us_grid_filter_query_string&quot;:null,&quot;us_grid_index&quot;:1,&quot;page_args&quot;:[]}}'><\/div>\r\n\t<\/div><div class=\"w-grid-none type_message\">Es wurden keine Ergebnisse gefunden.<\/div><\/div><\/div><\/div><\/div><\/div><\/section><section class=\"l-section wpb_row height_medium color_primary\"><div class=\"l-section-h i-cf\"><div class=\"g-cols vc_row via_flex valign_top type_default stacking_default\"><div class=\"vc_col-sm-12 wpb_column vc_column_container us_animate_afb\"><div class=\"vc_column-inner\"><div class=\"wpb_wrapper\"><div class=\"w-actionbox color_primary controls_right\"><div class=\"w-actionbox-text\"><h2 class=\"w-actionbox-title\">Voyez par vous-m\u00eame Revierwelt !<\/h2><\/div><div class=\"w-actionbox-controls\"><a class=\"w-btn us-btn-style_6 icon_atleft\" href=\"https:\/\/portal.revierwelt.de\/\" style=\"font-size:19px;\"><i class=\"fas fa-user-plus\"><\/i><span class=\"w-btn-label\">Inscrivez-vous maintenant !<\/span><\/a><\/div><\/div><\/div><\/div><\/div><\/div><\/div><\/section>\n","protected":false},"excerpt":{"rendered":"REVIERWELT. Une pour tous. Pour les autorit\u00e9s. En tant qu&#8217;administration, vous recherchez une solution qui vous permette de garder une vue d&#8217;ensemble ? Qui r\u00e9ponde \u00e0 toutes les exigences en mati\u00e8re de protection des donn\u00e9es et de s\u00e9curit\u00e9 tout en reproduisant tous les processus en un seul endroit ? Nous avons la solution pour cela...","protected":false},"author":1,"featured_media":0,"parent":0,"menu_order":0,"comment_status":"closed","ping_status":"closed","template":"","meta":{"footnotes":""},"class_list":["post-35723","page","type-page","status-publish","hentry"],"_links":{"self":[{"href":"https:\/\/revierwelt.de\/index.php\/wp-json\/wp\/v2\/pages\/35723","targetHints":{"allow":["GET"]}}],"collection":[{"href":"https:\/\/revierwelt.de\/index.php\/wp-json\/wp\/v2\/pages"}],"about":[{"href":"https:\/\/revierwelt.de\/index.php\/wp-json\/wp\/v2\/types\/page"}],"author":[{"embeddable":true,"href":"https:\/\/revierwelt.de\/index.php\/wp-json\/wp\/v2\/users\/1"}],"replies":[{"embeddable":true,"href":"https:\/\/revierwelt.de\/index.php\/wp-json\/wp\/v2\/comments?post=35723"}],"version-history":[{"count":0,"href":"https:\/\/revierwelt.de\/index.php\/wp-json\/wp\/v2\/pages\/35723\/revisions"}],"wp:attachment":[{"href":"https:\/\/revierwelt.de\/index.php\/wp-json\/wp\/v2\/media?parent=35723"}],"curies":[{"name":"wp","href":"https:\/\/api.w.org\/{rel}","templated":true}]}}