{"id":36067,"date":"2025-02-25T11:02:14","date_gmt":"2025-02-25T10:02:14","guid":{"rendered":"https:\/\/revierwelt.de\/index.php\/monde-territorial-balance\/"},"modified":"2025-02-25T11:02:22","modified_gmt":"2025-02-25T10:02:22","slug":"monde-territorial-balance","status":"publish","type":"page","link":"https:\/\/revierwelt.de\/index.php\/monde-territorial-balance\/?lang=fr","title":{"rendered":"Monde territorial Balance"},"content":{"rendered":"<section class=\"l-section wpb_row height_medium color_alternate\" id=\"start\"><div class=\"l-section-h i-cf\"><div class=\"g-cols vc_row via_flex valign_top type_default stacking_default\"><div class=\"vc_col-sm-12 wpb_column vc_column_container\"><div class=\"vc_column-inner\"><div class=\"wpb_wrapper\"><div class=\"wpb_text_column\"><div class=\"wpb_wrapper\"><h2 style=\"text-align: center;\"><strong>REVIERWELT.  <\/strong>Appareils.<\/h2>\n<\/div><\/div><\/div><\/div><\/div><\/div><\/div><\/section><section class=\"l-section wpb_row height_auto width_full\"><div class=\"l-section-h i-cf\"><div class=\"g-cols vc_row via_flex valign_top type_boxes stacking_default\"><div class=\"vc_col-sm-4 wpb_column vc_column_container us_animate_afl\"><div class=\"vc_column-inner\"><div class=\"wpb_wrapper\"><div class=\"w-iconbox iconpos_top style_default color_primary align_center no_text\"><div class=\"w-iconbox-icon\" style=\"font-size:2rem;\"><i class=\"fas fa-plug\"><\/i><\/div><div class=\"w-iconbox-meta\"><h4 class=\"w-iconbox-title\">Connexion rapide.<\/h4><\/div><\/div><div class=\"wpb_text_column\"><div class=\"wpb_wrapper\"><p style=\"text-align: center;\">N&#8217;ayez pas peur de la technologie &#8211; avec nos propres appareils Plug&amp;Play ou ceux que nous recommandons, vous int\u00e9grez rapidement et facilement les trackers, les cam\u00e9ras, les d\u00e9tecteurs de pi\u00e8ges et la technologie des chambres \u00e0 gibier dans votre univers de territoire. Tous les composants n\u00e9cessaires sont inclus et pr\u00e9configur\u00e9s dans notre \u00e9dition Revierwelt. <\/p>\n<\/div><\/div><\/div><\/div><\/div><div class=\"vc_col-sm-4 wpb_column vc_column_container us_animate_afc\"><div class=\"vc_column-inner\"><div class=\"wpb_wrapper\"><div class=\"w-iconbox iconpos_top style_default color_primary align_center no_text\"><div class=\"w-iconbox-icon\" style=\"font-size:2rem;\"><i class=\"fas fa-star\"><\/i><\/div><div class=\"w-iconbox-meta\"><h4 class=\"w-iconbox-title\">Diversit\u00e9 des mod\u00e8les.<\/h4><\/div><\/div><div class=\"wpb_text_column\"><div class=\"wpb_wrapper\"><p style=\"text-align: center;\">Outre les mod\u00e8les Revierwelt et d&#8217;autres mod\u00e8les Plug&amp;Play, de nombreux autres appareils peuvent \u00eatre int\u00e9gr\u00e9s dans Revierwelt. Revierwelt prend en charge la plupart des appareils disponibles sur le march\u00e9.  Nous pouvons \u00e9galement int\u00e9grer d&#8217;autres appareils moyennant des frais suppl\u00e9mentaires &#8211; n&#8217;h\u00e9sitez pas \u00e0 nous contacter.<\/p>\n<\/div><\/div><\/div><\/div><\/div><div class=\"vc_col-sm-4 wpb_column vc_column_container us_animate_afr\"><div class=\"vc_column-inner\"><div class=\"wpb_wrapper\"><div class=\"w-iconbox iconpos_top style_default color_primary align_center no_text\"><div class=\"w-iconbox-icon\" style=\"font-size:2rem;\"><i class=\"fas fa-link\"><\/i><\/div><div class=\"w-iconbox-meta\"><h4 class=\"w-iconbox-title\">Service.<\/h4><\/div><\/div><div class=\"wpb_text_column\"><div class=\"wpb_wrapper\"><p style=\"text-align: center;\">Notre laboratoire technique et notre service d&#8217;assistance se feront un plaisir de vous aider \u00e0 tout moment, par e-mail ou par t\u00e9l\u00e9phone, pour toutes vos questions concernant les trackers, les cam\u00e9ras pour le gibier, les d\u00e9tecteurs de pi\u00e8ges et la technologie des chambres \u00e0 gibier. Vous trouverez des r\u00e9ponses aux questions li\u00e9es au monde de la chasse sur nos pages d&#8217;aide \u00e0 l&#8217;adresse <a href=\"https:\/\/wiki.revierwelt.de\/\" target=\"_blank\" rel=\"noopener\">wiki.revierwelt.de.<\/a> <\/p>\n<\/div><\/div><\/div><\/div><\/div><\/div><\/div><\/section><section class=\"l-section wpb_row height_auto width_full color_alternate\"><div class=\"l-section-h i-cf\"><div class=\"g-cols vc_row via_flex valign_middle type_boxes stacking_default\"><div class=\"vc_col-sm-4 wpb_column vc_column_container has_bg_color us_animate_afl\"><div class=\"vc_column-inner us_custom_e358d0e0\"><div class=\"wpb_wrapper\"><\/div><\/div><\/div><div class=\"vc_col-sm-8 wpb_column vc_column_container us_animate_afr\"><div class=\"vc_column-inner\"><div class=\"wpb_wrapper\"><div class=\"wpb_text_column\"><div class=\"wpb_wrapper\"><h4><strong>Revierwelt Chambre \u00e0 gibier Balance Gram Xtrem<\/strong><\/h4>\n<p><span class=\"ui-provider a b c d e f g h i j k l m n o p q r s t u v w x y z ab ac ae af ag ah ai aj ak\" dir=\"ltr\">Revierwelt vous offre une gestion professionnelle de la viande avec int\u00e9gration de code QR\/puce NFC et un certificat d&#8217;origine complet. Ici, vous pouvez peser, \u00e9tiqueter votre gibier saisi via la liste de parcours ou l&#8217;achat dans Revierwelt. Cr\u00e9ez vos propres \u00e9tiquettes ou utilisez simplement les mod\u00e8les existants. Avec notre balance pour chambre \u00e0 gibier Gram Xtrem, vous pesez et enregistrez votre gibier en appuyant simplement sur un bouton.   <br \/><strong>La balance est homologu\u00e9e et donc autoris\u00e9e dans le commerce.<\/strong><\/span><\/p>\n<p><strong>Les caract\u00e9ristiques de notre monde de la chasse Balance<\/strong><\/p>\n<ul>\n<li>Construction robuste en acier avec plaque en acier inoxydable.<\/li>\n<li>Affichage ind\u00e9pendant de la plate-forme de la balance.<\/li>\n<li>Positionnement flexible de l&#8217;\u00e9cran : Possibilit\u00e9 d&#8217;installation de n&#8217;importe quel c\u00f4t\u00e9, sur une table ou sur un mur.<\/li>\n<li>Transfert direct des donn\u00e9es vers Revierwelt gr\u00e2ce \u00e0 la connexion USB-Direct.<\/li>\n<li>Protection contre les projections d&#8217;eau IP65.<\/li>\n<li>Plage de pes\u00e9e : 50 g \u00e0 15 kg par incr\u00e9ments de 1 g.<\/li>\n<li>Ind\u00e9pendant du r\u00e9seau \u00e9lectrique gr\u00e2ce \u00e0 la batterie int\u00e9gr\u00e9e.<\/li>\n<li><span class=\"ui-provider a b c d e f g h i j k l m n o p q r s t u v w x y z ab ac ae af ag ah ai aj ak\" dir=\"ltr\">La balance est homologu\u00e9e et donc autoris\u00e9e dans le commerce.<\/span><\/li>\n<li>Impression d&#8217;\u00e9tiquettes avec notre imprimante disponible en option.<\/li>\n<\/ul>\n<\/div><\/div><div class=\"g-cols wpb_row via_flex valign_top type_default stacking_default\"><div class=\"vc_col-sm-6 wpb_column vc_column_container\"><div class=\"vc_column-inner\"><div class=\"wpb_wrapper\"><div class=\"w-btn-wrapper align_none\"><a class=\"w-btn us-btn-style_5\" title=\"D\u00e9tecteur de pi\u00e8ge Revierwelt\" target=\"_blank\" rel=\"nofollow\" href=\"https:\/\/marketplace.revierwelt.de\/mp\/index.php?dispatch=products.view&amp;product_id=1197\"><span class=\"w-btn-label\">ALLER \u00c0 LA BOUTIQUE<\/span><\/a><\/div><\/div><\/div><\/div><div class=\"vc_col-sm-6 wpb_column vc_column_container\"><div class=\"vc_column-inner\"><div class=\"wpb_wrapper\"><div class=\"w-btn-wrapper align_none\"><a class=\"w-btn us-btn-style_5\" title=\"Monde de chasse Chambre de gibier\" target=\"_blank\" rel=\"nofollow\" href=\"https:\/\/youtu.be\/g3wEJIFc-HE\"><span class=\"w-btn-label\">VID\u00c9O PRODUIT<\/span><\/a><\/div><\/div><\/div><\/div><\/div><\/div><\/div><\/div><\/div><\/div><\/section><section class=\"l-section wpb_row height_auto width_full\"><div class=\"l-section-h i-cf\"><div class=\"g-cols vc_row via_flex valign_middle type_boxes stacking_default\"><div class=\"vc_col-sm-4 wpb_column vc_column_container has_bg_color us_animate_afl\"><div class=\"vc_column-inner us_custom_60de21fc\"><div class=\"wpb_wrapper\"><\/div><\/div><\/div><div class=\"vc_col-sm-8 wpb_column vc_column_container us_animate_afr\"><div class=\"vc_column-inner\"><div class=\"wpb_wrapper\"><div class=\"wpb_text_column\"><div class=\"wpb_wrapper\"><h4 class=\"ty-product-block-title\"><strong><bdi>Revierwelt Wildkammer-Bundle Balance&amp;Imprimante<\/bdi><\/strong><\/h4>\n<p>Notre <strong>bundle chambre \u00e0 gibier<\/strong> compos\u00e9 d&#8217;une balance et d&#8217;une imprimante d&#8217;\u00e9tiquettes : pesez, \u00e9tiquetez et enregistrez votre gibier en appuyant sur un bouton.<\/p>\n<p><span class=\"ui-provider a b c d e f g h i j k l m n o p q r s t u v w x y z ab ac ae af ag ah ai aj ak\" dir=\"ltr\">Revierwelt vous offre une gestion professionnelle de la viande avec int\u00e9gration de code QR\/puce NFC et un certificat d&#8217;origine complet. Ici, vous pouvez peser, \u00e9tiqueter votre gibier saisi via la liste de parcours ou l&#8217;achat dans Revierwelt. Cr\u00e9ez vos propres \u00e9tiquettes ou utilisez simplement les mod\u00e8les existants. Avec notre balance pour chambre \u00e0 gibier Gram Xtrem, vous pesez et enregistrez votre gibier en appuyant simplement sur un bouton.<br \/>La balance est homologu\u00e9e et donc autoris\u00e9e dans le commerce.   <\/span><\/p>\n<p><strong>Les caract\u00e9ristiques de notre monde de la chasse Balance<\/strong><\/p>\n<ul>\n<li>Construction robuste en acier avec plaque en acier inoxydable.<\/li>\n<li>Affichage ind\u00e9pendant de la plate-forme de la balance.<\/li>\n<li>Positionnement flexible de l&#8217;\u00e9cran : Possibilit\u00e9 d&#8217;installation de n&#8217;importe quel c\u00f4t\u00e9, sur une table ou sur un mur.<\/li>\n<li>Transfert direct des donn\u00e9es vers Revierwelt gr\u00e2ce \u00e0 la connexion USB-Direct.<\/li>\n<li>Protection contre les projections d&#8217;eau IP65.<\/li>\n<li>Plage de pes\u00e9e : de 50 g \u00e0 15 kg<\/li>\n<li>Ind\u00e9pendant du r\u00e9seau \u00e9lectrique gr\u00e2ce \u00e0 la batterie int\u00e9gr\u00e9e.<\/li>\n<li><span class=\"ui-provider a b c d e f g h i j k l m n o p q r s t u v w x y z ab ac ae af ag ah ai aj ak\" dir=\"ltr\">La balance est homologu\u00e9e et donc autoris\u00e9e dans le commerce.<\/span><\/li>\n<li>Impression d&#8217;\u00e9tiquettes<\/li>\n<\/ul>\n<p><strong>Les caract\u00e9ristiques de l&#8217;imprimante d&#8217;\u00e9tiquettes<\/strong><\/p>\n<ul>\n<li>Impression thermique directe en noir et blanc sur des \u00e9tiquettes continues ou individuelles<\/li>\n<li>jusqu&#8217;\u00e0 62 mm de largeur d&#8217;impression<\/li>\n<li>\u00c9tiquettes personnalisables<\/li>\n<li>Transfert de donn\u00e9es via Bluetooth ou USB<\/li>\n<li>Ind\u00e9pendant du r\u00e9seau \u00e9lectrique gr\u00e2ce \u00e0 la batterie en option<\/li>\n<\/ul>\n<p><strong>Le bundle contient :<\/strong><\/p>\n<ul>\n<li>Imprimante Brother QL-800<\/li>\n<li>Balance Gram Xtrem, 50g \u00e0 15 kg<\/li>\n<\/ul>\n<\/div><\/div><div class=\"g-cols wpb_row via_flex valign_top type_default stacking_default\"><div class=\"vc_col-sm-6 wpb_column vc_column_container\"><div class=\"vc_column-inner\"><div class=\"wpb_wrapper\"><div class=\"w-btn-wrapper align_none\"><a class=\"w-btn us-btn-style_5\" title=\"D\u00e9tecteur de pi\u00e8ge Revierwelt\" target=\"_blank\" rel=\"nofollow\" href=\"https:\/\/marketplace.revierwelt.de\/mp\/index.php?dispatch=products.view&amp;product_id=1196\"><span class=\"w-btn-label\">ALLER \u00c0 LA BOUTIQUE<\/span><\/a><\/div><\/div><\/div><\/div><div class=\"vc_col-sm-6 wpb_column vc_column_container\"><div class=\"vc_column-inner\"><div class=\"wpb_wrapper\"><div class=\"w-btn-wrapper align_none\"><a class=\"w-btn us-btn-style_5\" title=\"Monde de chasse Chambre de gibier\" target=\"_blank\" rel=\"nofollow\" href=\"https:\/\/youtu.be\/daDVYVjofxk\"><span class=\"w-btn-label\">VID\u00c9O PRODUIT<\/span><\/a><\/div><\/div><\/div><\/div><\/div><\/div><\/div><\/div><\/div><\/div><\/section><section class=\"l-section wpb_row height_medium color_alternate\"><div class=\"l-section-h i-cf\"><div class=\"g-cols vc_row via_flex valign_top type_default stacking_default\"><div class=\"vc_col-sm-12 wpb_column vc_column_container\"><div class=\"vc_column-inner\"><div class=\"wpb_wrapper\"><div class=\"wpb_text_column\"><div class=\"wpb_wrapper\"><h2 style=\"text-align: center;\"><strong>REVIERWELT.<\/strong>  D\u00e9couvrir.<\/h2>\n<\/div><\/div><\/div><\/div><\/div><\/div><\/div><\/section><section class=\"l-section wpb_row height_medium with_img parallax_ver\"><div class=\"l-section-img\" role=\"img\" data-img-width=\"1024\" data-img-height=\"683\" style=\"background-image: url(https:\/\/revierwelt.de\/wp-content\/uploads\/2018\/01\/170301-0001-2.jpg);\"><\/div><div class=\"l-section-overlay\" style=\"background:rgba(72,108,75,0.5)\"><\/div><div class=\"l-section-h i-cf\"><div class=\"g-cols vc_row via_flex valign_top type_default stacking_default\"><div class=\"vc_col-sm-12 wpb_column vc_column_container\"><div class=\"vc_column-inner\"><div class=\"wpb_wrapper\"><div class=\"w-grid type_grid layout_25853 hidden cols_5 ratio_1x1\" id=\"us_grid_1\" style=\"--columns:5;--gap:2px;--item-ratio:1;\" data-filterable=\"true\"><style>@media (max-width:1380px){#us_grid_1{--columns:3!important}}@media (max-width:1024px){#us_grid_1{--columns:2!important}}@media (max-width:600px){#us_grid_1{--columns:1!important}}.layout_25853 .w-grid-item-h{}.layout_25853 .usg_post_custom_field_1{transition-duration:0.4s;transform-origin:50% 50%;transform:scale(0) translate(0,0);opacity:0}.layout_25853 .w-grid-item-h:hover .usg_post_custom_field_1{transform:scale(1.5) translate(0,0);opacity:1}.layout_25853 .usg_vwrapper_1{transition-duration:0.4s;transform-origin:50% 50%;transform:scale(0) translate(0,0);opacity:0}.layout_25853 .w-grid-item-h:hover .usg_vwrapper_1{transform:scale(1) translate(0,0);opacity:1}.layout_25853 .usg_post_image_1{position:absolute!important;top:0!important;right:0!important;bottom:0!important;left:0!important}.layout_25853 .usg_post_custom_field_1{position:absolute!important;top:0!important;right:0!important;bottom:0!important;left:0!important;border-radius:50!important;padding:2rem!important;background:inherit!important}.layout_25853 .usg_vwrapper_1{position:absolute!important;top:0!important;right:0!important;bottom:0!important;left:0!important;padding:2rem!important}.layout_25853 .usg_post_title_1{color:inherit!important}<\/style><div class=\"w-grid-list\"><\/div><div class=\"w-grid-preloader\">\t<div class=\"g-preloader type_1\">\r\n\t\t<div><\/div>\r\n\t<\/div>\r\n\t<\/div>\t<div class=\"w-grid-json hidden\" onclick='return {&quot;action&quot;:&quot;us_ajax_grid&quot;,&quot;infinite_scroll&quot;:0,&quot;max_num_pages&quot;:0,&quot;pagination&quot;:&quot;none&quot;,&quot;template_vars&quot;:{&quot;columns&quot;:&quot;5&quot;,&quot;exclude_items&quot;:&quot;none&quot;,&quot;img_size&quot;:&quot;us_600_0&quot;,&quot;ignore_items_size&quot;:0,&quot;items_layout&quot;:&quot;25853&quot;,&quot;items_offset&quot;:&quot;1&quot;,&quot;load_animation&quot;:&quot;none&quot;,&quot;overriding_link&quot;:&quot;%7B%22type%22%3A%22post%22%7D&quot;,&quot;post_id&quot;:0,&quot;query_args&quot;:{&quot;post_type&quot;:[&quot;us_portfolio&quot;],&quot;tax_query&quot;:[{&quot;taxonomy&quot;:&quot;us_portfolio_category&quot;,&quot;field&quot;:&quot;slug&quot;,&quot;terms&quot;:[&quot;monde de la chasse&quot;]}],&quot;post_status&quot;:[&quot;publish&quot;],&quot;posts_per_page&quot;:&quot;5&quot;},&quot;orderby_query_args&quot;:{&quot;orderby&quot;:{&quot;date&quot;:&quot;DESC&quot;}},&quot;type&quot;:&quot;grid&quot;,&quot;us_grid_post_type&quot;:&quot;us_portfolio&quot;,&quot;us_grid_ajax_index&quot;:1,&quot;us_grid_filter_query_string&quot;:null,&quot;us_grid_index&quot;:1,&quot;page_args&quot;:[]}}'><\/div>\r\n\t<\/div><div class=\"w-grid-none type_message\">Es wurden keine Ergebnisse gefunden.<\/div><\/div><\/div><\/div><\/div><\/div><\/section><section class=\"l-section wpb_row height_medium color_primary\"><div class=\"l-section-h i-cf\"><div class=\"g-cols vc_row via_flex valign_top type_default stacking_default\"><div class=\"vc_col-sm-12 wpb_column vc_column_container us_animate_afb\"><div class=\"vc_column-inner\"><div class=\"wpb_wrapper\"><div class=\"w-actionbox color_primary controls_right\"><div class=\"w-actionbox-text\"><h2 class=\"w-actionbox-title\">Voyez par vous-m\u00eame Revierwelt !<\/h2><\/div><div class=\"w-actionbox-controls\"><a class=\"w-btn us-btn-style_6 icon_atleft\" href=\"https:\/\/portal.revierwelt.de\/\" style=\"font-size:19px;\"><i class=\"fas fa-user-plus\"><\/i><span class=\"w-btn-label\">Inscrivez-vous maintenant !<\/span><\/a><\/div><\/div><\/div><\/div><\/div><\/div><\/div><\/section>\n","protected":false},"excerpt":{"rendered":"REVIERWELT. Appareils. Connexion rapide. N&#8217;ayez pas peur de la technologie &#8211; avec nos propres appareils Plug&amp;Play ou ceux que nous recommandons, vous int\u00e9grez rapidement et facilement les trackers, les cam\u00e9ras, les d\u00e9tecteurs de pi\u00e8ges et la technologie des chambres \u00e0 gibier dans votre univers de territoire. Tous les composants n\u00e9cessaires sont inclus et pr\u00e9configur\u00e9s dans...","protected":false},"author":4,"featured_media":0,"parent":0,"menu_order":0,"comment_status":"closed","ping_status":"closed","template":"","meta":{"footnotes":""},"class_list":["post-36067","page","type-page","status-publish","hentry"],"_links":{"self":[{"href":"https:\/\/revierwelt.de\/index.php\/wp-json\/wp\/v2\/pages\/36067","targetHints":{"allow":["GET"]}}],"collection":[{"href":"https:\/\/revierwelt.de\/index.php\/wp-json\/wp\/v2\/pages"}],"about":[{"href":"https:\/\/revierwelt.de\/index.php\/wp-json\/wp\/v2\/types\/page"}],"author":[{"embeddable":true,"href":"https:\/\/revierwelt.de\/index.php\/wp-json\/wp\/v2\/users\/4"}],"replies":[{"embeddable":true,"href":"https:\/\/revierwelt.de\/index.php\/wp-json\/wp\/v2\/comments?post=36067"}],"version-history":[{"count":0,"href":"https:\/\/revierwelt.de\/index.php\/wp-json\/wp\/v2\/pages\/36067\/revisions"}],"wp:attachment":[{"href":"https:\/\/revierwelt.de\/index.php\/wp-json\/wp\/v2\/media?parent=36067"}],"curies":[{"name":"wp","href":"https:\/\/api.w.org\/{rel}","templated":true}]}}