{"id":36109,"date":"2025-02-25T11:02:55","date_gmt":"2025-02-25T10:02:55","guid":{"rendered":"https:\/\/revierwelt.de\/index.php\/eu-izjava-o-sukladnosti-ponudenih-proizvoda\/"},"modified":"2025-02-25T11:03:04","modified_gmt":"2025-02-25T10:03:04","slug":"eu-izjava-o-sukladnosti-ponudenih-proizvoda","status":"publish","type":"page","link":"https:\/\/revierwelt.de\/index.php\/eu-izjava-o-sukladnosti-ponudenih-proizvoda\/?lang=hr","title":{"rendered":"EU izjava o sukladnosti ponu\u0111enih proizvoda"},"content":{"rendered":"<section class=\"l-section wpb_row height_medium color_alternate\" id=\"start\"><div class=\"l-section-h i-cf\"><div class=\"g-cols vc_row via_flex valign_top type_default stacking_default\"><div class=\"vc_col-sm-12 wpb_column vc_column_container\"><div class=\"vc_column-inner\"><div class=\"wpb_wrapper\"><div class=\"wpb_text_column\"><div class=\"wpb_wrapper\"><h2 style=\"text-align: center;\"><strong>REVIERWELT .<\/strong>  Informacije i izjave o sukladnosti.<\/h2>\n<\/div><\/div><\/div><\/div><\/div><\/div><\/div><\/section><section class=\"l-section wpb_row height_medium\"><div class=\"l-section-h i-cf\"><div class=\"g-cols vc_row via_flex valign_top type_default stacking_default\"><div class=\"vc_col-sm-12 wpb_column vc_column_container\"><div class=\"vc_column-inner\"><div class=\"wpb_wrapper\"><div class=\"wpb_text_column\"><div class=\"wpb_wrapper\"><p>Revierwelt radi s raznim proizvo\u0111a\u010dima kako bi ponudio svoje proizvode i usluge. Na ovoj stranici prona\u0107i \u0107ete potrebne EU izjave o sukladnosti i certifikate za ponu\u0111ene proizvode. <\/p>\n<p><strong>REVIERWELT LTE Cam plus<\/strong><\/p>\n<ul>\n<li><a href=\"https:\/\/revierwelt.de\/wp-content\/uploads\/2023\/09\/CE_Konformitaetserklaerung_Kamera_Revierwelt_LTE_Cam_plus.pdf\" target=\"_blank\" rel=\"noopener\">EU izjava o sukladnosti<\/a><\/li>\n<\/ul>\n<p><strong>REVIERWELT LTE Tracker<\/strong><\/p>\n<ul>\n<li><a href=\"https:\/\/revierwelt.de\/wp-content\/uploads\/2022\/07\/ce_konformitaetserklaerung_revierwelt_lte_tracker_s1.pdf\" target=\"_blank\" rel=\"noopener\">EU izjava o sukladnosti<\/a><\/li>\n<\/ul>\n<p><strong>REVIERWELT Trapmaster \/ Boarmaster<\/strong><\/p>\n<ul>\n<li><a href=\"https:\/\/revierwelt.de\/wp-content\/uploads\/2022\/07\/2016_04_14_konformitaet_epv.pdf\" target=\"_blank\" rel=\"noopener\">EU izjava o sukladnosti<\/a><\/li>\n<\/ul>\n<p><strong>REVIERWELT solarni panel za LTE Cam Plus<\/strong><\/p>\n<ul>\n<li><a href=\"https:\/\/revierwelt.de\/wp-content\/uploads\/2023\/09\/CE_Konformitaetserklaerung_SolarPanel_LTE_CAM_Plus.pdf\" target=\"_blank\" rel=\"noopener\">EU izjava o sukladnosti<\/a><\/li>\n<\/ul>\n<\/div><\/div><\/div><\/div><\/div><\/div><\/div><\/section><section class=\"l-section wpb_row height_medium color_primary\"><div class=\"l-section-h i-cf\"><div class=\"g-cols vc_row via_flex valign_top type_default stacking_default\"><div class=\"vc_col-sm-12 wpb_column vc_column_container us_animate_afb\"><div class=\"vc_column-inner\"><div class=\"wpb_wrapper\"><div class=\"w-actionbox color_primary controls_right\"><div class=\"w-actionbox-text\"><h2 class=\"w-actionbox-title\">Uvjerite se u Revierwelt!<\/h2><\/div><div class=\"w-actionbox-controls\"><a class=\"w-btn us-btn-style_6 icon_atleft\" href=\"https:\/\/portal.revierwelt.de\/\" style=\"font-size:19px;\"><i class=\"fas fa-user-plus\"><\/i><span class=\"w-btn-label\">Registrirajte se sada!<\/span><\/a><\/div><\/div><\/div><\/div><\/div><\/div><\/div><\/section>\n","protected":false},"excerpt":{"rendered":"REVIERWELT . Informacije i izjave o sukladnosti. Revierwelt radi s raznim proizvo\u0111a\u010dima kako bi ponudio svoje proizvode i usluge. Na ovoj stranici prona\u0107i \u0107ete potrebne EU izjave o sukladnosti i certifikate za ponu\u0111ene proizvode. REVIERWELT LTE Cam plus EU izjava o sukladnosti REVIERWELT LTE Tracker EU izjava o sukladnosti REVIERWELT Trapmaster \/ Boarmaster EU izjava...","protected":false},"author":1,"featured_media":0,"parent":0,"menu_order":0,"comment_status":"closed","ping_status":"closed","template":"","meta":{"footnotes":""},"class_list":["post-36109","page","type-page","status-publish","hentry"],"_links":{"self":[{"href":"https:\/\/revierwelt.de\/index.php\/wp-json\/wp\/v2\/pages\/36109","targetHints":{"allow":["GET"]}}],"collection":[{"href":"https:\/\/revierwelt.de\/index.php\/wp-json\/wp\/v2\/pages"}],"about":[{"href":"https:\/\/revierwelt.de\/index.php\/wp-json\/wp\/v2\/types\/page"}],"author":[{"embeddable":true,"href":"https:\/\/revierwelt.de\/index.php\/wp-json\/wp\/v2\/users\/1"}],"replies":[{"embeddable":true,"href":"https:\/\/revierwelt.de\/index.php\/wp-json\/wp\/v2\/comments?post=36109"}],"version-history":[{"count":0,"href":"https:\/\/revierwelt.de\/index.php\/wp-json\/wp\/v2\/pages\/36109\/revisions"}],"wp:attachment":[{"href":"https:\/\/revierwelt.de\/index.php\/wp-json\/wp\/v2\/media?parent=36109"}],"curies":[{"name":"wp","href":"https:\/\/api.w.org\/{rel}","templated":true}]}}