{"id":36186,"date":"2025-02-25T11:03:30","date_gmt":"2025-02-25T10:03:30","guid":{"rendered":"https:\/\/revierwelt.de\/index.php\/prix-2023\/"},"modified":"2025-02-25T11:03:37","modified_gmt":"2025-02-25T10:03:37","slug":"prix-2023","status":"publish","type":"page","link":"https:\/\/revierwelt.de\/index.php\/prix-2023\/?lang=fr","title":{"rendered":"Prix 2023"},"content":{"rendered":"<section class=\"l-section wpb_row height_medium color_alternate\" id=\"start\"><div class=\"l-section-h i-cf\"><div class=\"g-cols vc_row via_flex valign_top type_default stacking_default\"><div class=\"vc_col-sm-12 wpb_column vc_column_container\"><div class=\"vc_column-inner\"><div class=\"wpb_wrapper\"><div class=\"wpb_text_column\"><div class=\"wpb_wrapper\"><h2 style=\"text-align: center;\"><strong>REVIERWELT.<\/strong>  Une pour tous.<\/h2>\n<\/div><\/div><\/div><\/div><\/div><\/div><\/div><\/section><section class=\"l-section wpb_row height_auto width_full\"><div class=\"l-section-h i-cf\"><div class=\"g-cols vc_row via_flex valign_middle type_boxes stacking_default\"><div class=\"vc_col-sm-6 wpb_column vc_column_container us_animate_afl\"><div class=\"vc_column-inner\"><div class=\"wpb_wrapper\"><div class=\"wpb_text_column\"><div class=\"wpb_wrapper\"><h3>Utiliser le monde du territoire.<\/h3>\n<p class=\"p1\">Diff\u00e9rents forfaits, adapt\u00e9s \u00e0 vos besoins personnels : Le site <strong><a href=\"#preise\">Forfait standard<\/a><\/strong> pour les petits territoires avec peu de chasseurs, le <strong><a href=\"#preise\">package Plus<\/a><\/strong>, le plus souvent r\u00e9serv\u00e9 <strong>, qui<\/strong> r\u00e9pond \u00e0 tous les besoins, le <strong>package<\/strong> <strong><a href=\"#preise\">Forfait professionnel<\/a><\/strong> avec des possibilit\u00e9s illimit\u00e9es pour les grands territoires de chasse, les groupements de chasseurs, les for\u00eats et les communes.<\/p>\n<p class=\"p1\">Nos forfaits sont toujours valables par territoire, pour 365 jours et se prolongent sur demande. Ainsi, vous n&#8217;avez plus besoin de v\u00e9rifier si le package Revierwelt que vous avez choisi est toujours actif. Nous le prolongeons automatiquement pour vous et pr\u00e9levons ensuite le montant sur votre compte bancaire enregistr\u00e9. Vous pouvez passer d&#8217;un forfait \u00e0 l&#8217;autre \u00e0 tout moment &#8211; la dur\u00e9e restante d&#8217;un forfait est alors factur\u00e9e au jour pr\u00e8s.   <\/p>\n<p><span data-contrast=\"none\">D&#8217;ailleurs &#8211; votre compte chez Revierwelt est gratuit, tout comme toutes les applications Revierwelt.  <\/span><span data-ccp-props=\"{\"134233117\":true,\"134233118\":true,\"201341983\":0,\"335559739\":160,\"335559740\":240}\"> <\/span><span data-contrast=\"none\">Notre offre &#8222;Revierwelt Community&#8220; et le &#8222;Revierwelt Marktplatz&#8220; sont gratuits. Utilisez l&#8217;application   <\/span><span data-contrast=\"none\">&#8222;<\/span><span data-contrast=\"none\">Communaut\u00e9 Revierwelt<\/span><span data-contrast=\"none\">&#8222;<\/span><span data-contrast=\"none\">L&#8217;espace chasse est l&#8217;endroit id\u00e9al pour rencontrer d&#8217;autres chasseurs et se tenir au courant de tous les sujets li\u00e9s \u00e0 la chasse. Plus de 150 entreprises, f\u00e9d\u00e9rations, associations et groupes priv\u00e9s utilisent cet espace pour se pr\u00e9senter et se faire conna\u00eetre. <\/span><span data-ccp-props=\"{\"134233117\":true,\"134233118\":true,\"201341983\":0,\"335559739\":160,\"335559740\":240}\"> <\/span><\/p>\n<p><span data-contrast=\"none\">Dans le &#8222;March\u00e9 Revierwelt&#8220;, vous trouverez des produits int\u00e9ressants de diff\u00e9rents fournisseurs de boutiques. Vous avez \u00e9galement la possibilit\u00e9 de mettre en vente des produits dont vous n&#8217;avez plus besoin dans la partie &#8222;annonces&#8220; de la place de march\u00e9. Par le biais du march\u00e9 du gibier, vous pouvez acheter votre gibier directement aupr\u00e8s de l&#8217;administration de la chasse de Revierwelt.    <\/span><span data-contrast=\"none\">commercialiser.<\/span><span data-ccp-props=\"{\"134233117\":true,\"134233118\":true,\"201341983\":0,\"335559739\":160,\"335559740\":240}\"> <\/span><\/p>\n<p>Si vous utilisez des cam\u00e9ras pour la faune, des d\u00e9tecteurs de pi\u00e8ges ou des appareils de localisation avec une carte Sim Revierwelt, vous pouvez g\u00e9rer ces cartes pr\u00e9pay\u00e9es via Revierwelt. Le rechargement se fait par ce que l&#8217;on appelle des modules compl\u00e9mentaires que vous pouvez \u00e9galement acheter chez nous. Pour les appareils \u00e9quip\u00e9s d&#8217;une carte t\u00e9l\u00e9com, le prix actuel du forfait annuel est de 18 \u20ac pour les traceurs GPS et de 28 \u20ac pour les cam\u00e9ras pour la faune.<\/p>\n<\/div><\/div><\/div><\/div><\/div><div class=\"vc_col-sm-6 vc_hidden-xs wpb_column vc_column_container has_bg_color us_animate_afr\"><div class=\"vc_column-inner us_custom_4c7e5c31\"><div class=\"wpb_wrapper\"><div class=\"w-separator size_custom\" style=\"height:200px\"><\/div><\/div><\/div><\/div><\/div><\/div><\/section><section class=\"l-section wpb_row height_medium color_alternate\"><div class=\"l-section-h i-cf\"><div class=\"g-cols vc_row via_flex valign_top type_default stacking_default\"><div class=\"vc_col-sm-12 wpb_column vc_column_container\"><div class=\"vc_column-inner\"><div class=\"wpb_wrapper\"><div class=\"wpb_text_column\"><div class=\"wpb_wrapper\"><h2 id=\"preise\" style=\"text-align: center;\"><strong>REVIERWELT.<\/strong>  Votre cl\u00e9 pour une chasse r\u00e9ussie.<\/h2>\n<\/div><\/div><\/div><\/div><\/div><\/div><\/div><\/section><section class=\"l-section wpb_row height_medium\"><div class=\"l-section-h i-cf\"><div class=\"g-cols vc_row via_flex valign_top type_default stacking_default\"><div class=\"vc_col-sm-12 wpb_column vc_column_container\"><div class=\"vc_column-inner\"><div class=\"wpb_wrapper\"><div class=\"w-separator size_small\"><\/div><div class=\"w-pricing style_cards items_3\"><div class=\"w-pricing-item type_default\"><div class=\"w-pricing-item-h\"><div class=\"w-pricing-item-header\"><div class=\"w-pricing-item-title\">Revierwelt+Standard<\/div><div class=\"w-pricing-item-price\">3,50+\u20ac<small>par+mois+et+par+territoire<\/small><\/div><\/div><ul class=\"w-pricing-item-features\"><li class=\"w-pricing-item-feature\">jusqu'\u00e0+5+membres+du+territoire<\/li><li class=\"w-pricing-item-feature\">jusqu'\u00e0+5+appareils+de+surveillance<\/li><li class=\"w-pricing-item-feature\">jusqu'\u00e0+3+trackers+GPS<\/li><li class=\"w-pricing-item-feature\">utilisation+du+march\u00e9+du+gibier<\/li><li class=\"w-pricing-item-feature\">fonction+de+chasse+en+battue<\/li><li class=\"w-pricing-item-feature\">pas+de+reconnaissance+automatique+du+gibier+sur+les+images<\/li><li class=\"w-pricing-item-feature\"><hr><\/li><li class=\"w-pricing-item-feature\"><b>exemple+pour+5+utilisateurs+:<br><\/b>+3<b>,50+\u20ac+\/+5+=+0,70+\u20ac+par+utilisateur<\/b><\/li><li class=\"w-pricing-item-feature\">+<\/li><li class=\"w-pricing-item-feature\">pour+les+particuliers<\/li><\/ul><div class=\"w-pricing-item-footer\"><a class=\"w-btn us-btn-style_8 icon_atleft\" style=\"font-size:19px\" href=\"https:\/\/portal.revierwelt.de\/\"><i class=\"material-icons\">open_in_new<\/i><span class=\"w-btn-label\">Inscrivez-vous+maintenant<\/span><\/a><\/div><\/div><\/div><div class=\"w-pricing-item type_featured\"><div class=\"w-pricing-item-h\"><div class=\"w-pricing-item-header\"><div class=\"w-pricing-item-title\">Revierwelt+Plus<\/div><div class=\"w-pricing-item-price\">6,90+\u20ac<small>par+mois+et+par+territoire<\/small><\/div><\/div><ul class=\"w-pricing-item-features\"><li class=\"w-pricing-item-feature\">jusqu'\u00e0+30+membres+du+territoire<\/li><li class=\"w-pricing-item-feature\">jusqu'\u00e0+10+appareils+de+surveillance<\/li><li class=\"w-pricing-item-feature\">jusqu'\u00e0+5+trackers+GPS<\/li><li class=\"w-pricing-item-feature\">utilisation+du+march\u00e9+du+gibier<\/li><li class=\"w-pricing-item-feature\">reconnaissance+automatique+du+gibier+sur+les+images<\/li><li class=\"w-pricing-item-feature\">fonction+de+chasse+en+battue<\/li><li class=\"w-pricing-item-feature\"><hr><\/li><li class=\"w-pricing-item-feature\"><b>Exemple+pour+30+utilisateurs+:<br><\/b>+6<b>,90+\u20ac+\/+30+=+0,23+\u20ac+par+utilisateur<\/b><\/li><li class=\"w-pricing-item-feature\">+<\/li><li class=\"w-pricing-item-feature\">pour+les+particuliers<\/li><\/ul><div class=\"w-pricing-item-footer\"><a class=\"w-btn us-btn-style_9 icon_atleft\" style=\"font-size:19px\" href=\"https:\/\/portal.revierwelt.de\/\"><i class=\"material-icons\">open_in_new<\/i><span class=\"w-btn-label\">Inscrivez-vous+maintenant<\/span><\/a><\/div><\/div><\/div><div class=\"w-pricing-item type_default\"><div class=\"w-pricing-item-h\"><div class=\"w-pricing-item-header\"><div class=\"w-pricing-item-title\">Revierwelt+Professional<\/div><div class=\"w-pricing-item-price\">16,50+\u20ac<small>par+mois+et+par+territoire<\/small><\/div><\/div><ul class=\"w-pricing-item-features\"><li class=\"w-pricing-item-feature\">illimit\u00e9+Membres+du+territoire<\/li><li class=\"w-pricing-item-feature\">illimit\u00e9+Appareils+de+surveillance<\/li><li class=\"w-pricing-item-feature\">illimit\u00e9+Traceurs+GPS<\/li><li class=\"w-pricing-item-feature\">Utilisation+du+march\u00e9+du+gibier<\/li><li class=\"w-pricing-item-feature\">Reconnaissance+automatique+du+gibier+sur+les+images<\/li><li class=\"w-pricing-item-feature\">illimit\u00e9+Articles+du+march\u00e9+du+gibier<\/li><li class=\"w-pricing-item-feature\">Fonction+de+chasse+en+battue<\/li><li class=\"w-pricing-item-feature\"><hr><\/li><li class=\"w-pricing-item-feature\"><b>Exemple+pour+30+utilisateurs+:<br>16,50+\u20ac+\/+30+=+0,55+\u20ac+par+utilisateur<\/b><\/li><li class=\"w-pricing-item-feature\">+<\/li><li class=\"w-pricing-item-feature\">pour+les+clients+professionnels+et+priv\u00e9s<\/li><\/ul><div class=\"w-pricing-item-footer\"><a class=\"w-btn us-btn-style_8 icon_atleft\" style=\"font-size:19px\" href=\"https:\/\/portal.revierwelt.de\/\"><i class=\"material-icons\">open_in_new<\/i><span class=\"w-btn-label\">Inscrivez-vous+maintenant<\/span><\/a><\/div><\/div><\/div><\/div><div class=\"w-separator size_large\"><\/div><div class=\"wpb_text_column\"><div class=\"wpb_wrapper\"><h3 style=\"text-align: center;\"><strong>Essayez Revierwelt gratuitement pendant 30 jours !<\/strong><\/h3>\n<\/div><\/div><div class=\"w-separator size_small\"><\/div><div class=\"wpb_text_column\"><div class=\"wpb_wrapper\"><p style=\"text-align: center;\">Prix par territoire am\u00e9nag\u00e9, TVA de 19% incluse. Un utilisateur paie, tous les membres sont inclus dans le prix. Les dispositifs d&#8217;alarme sont des d\u00e9tecteurs de pi\u00e8ges, des d\u00e9tecteurs de cerfs et des cam\u00e9ras pour le gibier.<\/p>\n<p style=\"text-align: center;\">Vous pouvez obtenir gratuitement les applications Revierwelt sur Playstore et AppStore.<\/p>\n<\/div><\/div><\/div><\/div><\/div><\/div><\/div><\/section><section class=\"l-section wpb_row height_medium color_alternate\"><div class=\"l-section-h i-cf\"><div class=\"g-cols vc_row via_flex valign_top type_default stacking_default\"><div class=\"vc_col-sm-12 wpb_column vc_column_container\"><div class=\"vc_column-inner\"><div class=\"wpb_wrapper\"><div class=\"wpb_text_column\"><div class=\"wpb_wrapper\"><h2 style=\"text-align: center;\"><strong>REVIERWELT.<\/strong>  D\u00e9couvrir.<\/h2>\n<\/div><\/div><\/div><\/div><\/div><\/div><\/div><\/section><section class=\"l-section wpb_row height_medium with_img parallax_ver\"><div class=\"l-section-img\" role=\"img\" data-img-width=\"1024\" data-img-height=\"683\" style=\"background-image: url(https:\/\/revierwelt.de\/wp-content\/uploads\/2018\/01\/170301-0001-2.jpg);\"><\/div><div class=\"l-section-overlay\" style=\"background:rgba(72,108,75,0.5)\"><\/div><div class=\"l-section-h i-cf\"><div class=\"g-cols vc_row via_flex valign_top type_default stacking_default\"><div class=\"vc_col-sm-12 wpb_column vc_column_container\"><div class=\"vc_column-inner\"><div class=\"wpb_wrapper\"><div class=\"w-grid type_grid layout_25853 hidden cols_5 ratio_1x1\" id=\"us_grid_1\" style=\"--columns:5;--gap:2px;--item-ratio:1;\" data-filterable=\"true\"><style>@media (max-width:1380px){#us_grid_1{--columns:3!important}}@media (max-width:1024px){#us_grid_1{--columns:2!important}}@media (max-width:600px){#us_grid_1{--columns:1!important}}.layout_25853 .w-grid-item-h{}.layout_25853 .usg_post_custom_field_1{transition-duration:0.4s;transform-origin:50% 50%;transform:scale(0) translate(0,0);opacity:0}.layout_25853 .w-grid-item-h:hover .usg_post_custom_field_1{transform:scale(1.5) translate(0,0);opacity:1}.layout_25853 .usg_vwrapper_1{transition-duration:0.4s;transform-origin:50% 50%;transform:scale(0) translate(0,0);opacity:0}.layout_25853 .w-grid-item-h:hover .usg_vwrapper_1{transform:scale(1) translate(0,0);opacity:1}.layout_25853 .usg_post_image_1{position:absolute!important;top:0!important;right:0!important;bottom:0!important;left:0!important}.layout_25853 .usg_post_custom_field_1{position:absolute!important;top:0!important;right:0!important;bottom:0!important;left:0!important;border-radius:50!important;padding:2rem!important;background:inherit!important}.layout_25853 .usg_vwrapper_1{position:absolute!important;top:0!important;right:0!important;bottom:0!important;left:0!important;padding:2rem!important}.layout_25853 .usg_post_title_1{color:inherit!important}<\/style><div class=\"w-grid-list\"><\/div><div class=\"w-grid-preloader\">\t<div class=\"g-preloader type_1\">\r\n\t\t<div><\/div>\r\n\t<\/div>\r\n\t<\/div>\t<div class=\"w-grid-json hidden\" onclick='return {&quot;action&quot;:&quot;us_ajax_grid&quot;,&quot;infinite_scroll&quot;:0,&quot;max_num_pages&quot;:0,&quot;pagination&quot;:&quot;none&quot;,&quot;template_vars&quot;:{&quot;columns&quot;:&quot;5&quot;,&quot;exclude_items&quot;:&quot;none&quot;,&quot;img_size&quot;:&quot;us_600_0&quot;,&quot;ignore_items_size&quot;:0,&quot;items_layout&quot;:&quot;25853&quot;,&quot;items_offset&quot;:&quot;1&quot;,&quot;load_animation&quot;:&quot;none&quot;,&quot;overriding_link&quot;:&quot;%7B%22type%22%3A%22post%22%7D&quot;,&quot;post_id&quot;:0,&quot;query_args&quot;:{&quot;post_type&quot;:[&quot;us_portfolio&quot;],&quot;tax_query&quot;:[{&quot;taxonomy&quot;:&quot;us_portfolio_category&quot;,&quot;field&quot;:&quot;slug&quot;,&quot;terms&quot;:[&quot;monde de la chasse&quot;]}],&quot;post_status&quot;:[&quot;publish&quot;],&quot;posts_per_page&quot;:&quot;5&quot;},&quot;orderby_query_args&quot;:{&quot;orderby&quot;:{&quot;date&quot;:&quot;DESC&quot;}},&quot;type&quot;:&quot;grid&quot;,&quot;us_grid_post_type&quot;:&quot;us_portfolio&quot;,&quot;us_grid_ajax_index&quot;:1,&quot;us_grid_filter_query_string&quot;:null,&quot;us_grid_index&quot;:1,&quot;page_args&quot;:[]}}'><\/div>\r\n\t<\/div><div class=\"w-grid-none type_message\">Es wurden keine Ergebnisse gefunden.<\/div><\/div><\/div><\/div><\/div><\/div><\/section><section class=\"l-section wpb_row height_medium color_primary\"><div class=\"l-section-h i-cf\"><div class=\"g-cols vc_row via_flex valign_top type_default stacking_default\"><div class=\"vc_col-sm-12 wpb_column vc_column_container us_animate_afb\"><div class=\"vc_column-inner\"><div class=\"wpb_wrapper\"><div class=\"w-actionbox color_primary controls_right\"><div class=\"w-actionbox-text\"><h2 class=\"w-actionbox-title\">Voyez par vous-m\u00eame Revierwelt !<\/h2><\/div><div class=\"w-actionbox-controls\"><a class=\"w-btn us-btn-style_6 icon_atleft\" href=\"https:\/\/portal.revierwelt.de\/\" style=\"font-size:19px;\"><i class=\"fas fa-user-plus\"><\/i><span class=\"w-btn-label\">Inscrivez-vous maintenant !<\/span><\/a><\/div><\/div><\/div><\/div><\/div><\/div><\/div><\/section><section class=\"l-section wpb_row height_medium\"><div class=\"l-section-h i-cf\"><div class=\"g-cols vc_row via_flex valign_top type_default stacking_default\"><div class=\"vc_col-sm-12 wpb_column vc_column_container\"><div class=\"vc_column-inner\"><div class=\"wpb_wrapper\"><div class=\"wpb_text_column\"><div class=\"wpb_wrapper\"><\/div><\/div><\/div><\/div><\/div><\/div><\/div><\/section>\n","protected":false},"excerpt":{"rendered":"REVIERWELT. Une pour tous. Utiliser le monde du territoire. Diff\u00e9rents forfaits, adapt\u00e9s \u00e0 vos besoins personnels : Le site Forfait standard pour les petits territoires avec peu de chasseurs, le package Plus, le plus souvent r\u00e9serv\u00e9 , qui r\u00e9pond \u00e0 tous les besoins, le package Forfait professionnel avec des possibilit\u00e9s illimit\u00e9es pour les grands territoires...","protected":false},"author":4,"featured_media":0,"parent":0,"menu_order":0,"comment_status":"closed","ping_status":"closed","template":"","meta":{"footnotes":""},"class_list":["post-36186","page","type-page","status-publish","hentry"],"_links":{"self":[{"href":"https:\/\/revierwelt.de\/index.php\/wp-json\/wp\/v2\/pages\/36186","targetHints":{"allow":["GET"]}}],"collection":[{"href":"https:\/\/revierwelt.de\/index.php\/wp-json\/wp\/v2\/pages"}],"about":[{"href":"https:\/\/revierwelt.de\/index.php\/wp-json\/wp\/v2\/types\/page"}],"author":[{"embeddable":true,"href":"https:\/\/revierwelt.de\/index.php\/wp-json\/wp\/v2\/users\/4"}],"replies":[{"embeddable":true,"href":"https:\/\/revierwelt.de\/index.php\/wp-json\/wp\/v2\/comments?post=36186"}],"version-history":[{"count":0,"href":"https:\/\/revierwelt.de\/index.php\/wp-json\/wp\/v2\/pages\/36186\/revisions"}],"wp:attachment":[{"href":"https:\/\/revierwelt.de\/index.php\/wp-json\/wp\/v2\/media?parent=36186"}],"curies":[{"name":"wp","href":"https:\/\/api.w.org\/{rel}","templated":true}]}}