{"id":36249,"date":"2025-02-25T11:04:35","date_gmt":"2025-02-25T10:04:35","guid":{"rendered":"https:\/\/revierwelt.de\/index.php\/ceny-2023\/"},"modified":"2025-02-25T11:04:45","modified_gmt":"2025-02-25T10:04:45","slug":"ceny-2023","status":"publish","type":"page","link":"https:\/\/revierwelt.de\/index.php\/ceny-2023\/?lang=cs","title":{"rendered":"Ceny 2023"},"content":{"rendered":"<section class=\"l-section wpb_row height_medium color_alternate\" id=\"za\u010d\u00edt\"><div class=\"l-section-h i-cf\"><div class=\"g-cols vc_row via_flex valign_top type_default stacking_default\"><div class=\"vc_col-sm-12 wpb_column vc_column_container\"><div class=\"vc_column-inner\"><div class=\"wpb_wrapper\"><div class=\"wpb_text_column\"><div class=\"wpb_wrapper\"><h2 style=\"text-align: center;\"><strong>REVIERWELT.<\/strong>  Jeden za v\u0161echny.<\/h2>\n<\/div><\/div><\/div><\/div><\/div><\/div><\/div><\/section><section class=\"l-section wpb_row height_auto width_full\"><div class=\"l-section-h i-cf\"><div class=\"g-cols vc_row via_flex valign_middle type_boxes stacking_default\"><div class=\"vc_col-sm-6 wpb_column vc_column_container us_animate_afl\"><div class=\"vc_column-inner\"><div class=\"wpb_wrapper\"><div class=\"wpb_text_column\"><div class=\"wpb_wrapper\"><h3>Vyu\u017eit\u00ed sv\u011bta lovi\u0161\u0165.<\/h3>\n<p class=\"p1\">R\u016fzn\u00e9 bal\u00ed\u010dky p\u0159izp\u016fsoben\u00e9 va\u0161im osobn\u00edm po\u017eadavk\u016fm: . <strong><a href=\"#preise\">Standardn\u00ed bal\u00ed\u010dek<\/a><\/strong> pro mal\u00e1 lovi\u0161t\u011b s n\u011bkolika m\u00e1lo lovci, nejobl\u00edben\u011bj\u0161\u00ed <strong><a href=\"#preise\">bal\u00ed\u010dek Plus,<\/a><\/strong> kter\u00fd neponech\u00e1v\u00e1 t\u00e9m\u011b\u0159 nic n\u00e1hod\u011b, a bal\u00ed\u010dek pro lovce, kte\u0159\u00ed si cht\u011bj\u00ed u\u017e\u00edt <strong><a href=\"#preise\">bal\u00ed\u010dek Professional<\/a><\/strong> s neomezen\u00fdmi mo\u017enostmi pro velk\u00e9 honitby, honebn\u00ed spole\u010denstva, lesy a obce.<\/p>\n<p class=\"p1\">Na\u0161e bal\u00ed\u010dky plat\u00ed v\u017edy pro jedno \u00fazem\u00ed, 365 dn\u00ed a na po\u017e\u00e1d\u00e1n\u00ed je lze prodlou\u017eit. To znamen\u00e1, \u017ee ji\u017e nemus\u00edte kontrolovat, zda je v\u00e1mi zvolen\u00fd bal\u00ed\u010dek Revierwelt st\u00e1le aktivn\u00ed. Automaticky v\u00e1m jej prodlou\u017e\u00edme a n\u00e1sledn\u011b si \u010d\u00e1stku ode\u010dteme z va\u0161eho bankovn\u00edho \u00fa\u010dtu. Mezi jednotliv\u00fdmi bal\u00ed\u010dky m\u016f\u017eete kdykoli p\u0159ech\u00e1zet &#8211; zb\u00fdvaj\u00edc\u00ed doba platnosti bal\u00ed\u010dku se po\u010d\u00edt\u00e1 na denn\u00ed b\u00e1zi.   <\/p>\n<p><span data-contrast=\"none\">Mimochodem &#8211; \u00fa\u010det Revierwelt a v\u0161echny aplikace Revierwelt jsou zdarma.  <\/span><span data-ccp-props=\"{\"134233117\":true,\"134233118\":true,\"201341983\":0,\"335559739\":160,\"335559740\":240}\"> <\/span><span data-contrast=\"none\">Na\u0161e slu\u017eba &#8222;Revierwelt Community&#8220; a &#8222;Revierwelt Marketplace&#8220; jsou bezplatn\u00e9. Pou\u017e\u00edvejte aplikaci   <\/span><span data-contrast=\"none\">&#8222;<\/span><span data-contrast=\"none\">Spole\u010denstv\u00ed Revierwelt<\/span><span data-contrast=\"none\">&#8222;<\/span><span data-contrast=\"none\">vym\u011b\u0148ovat si n\u00e1zory s ostatn\u00edmi myslivci a b\u00fdt informov\u00e1n o v\u0161ech t\u00e9matech souvisej\u00edc\u00edch s myslivost\u00ed. V\u00edce ne\u017e 150 spole\u010dnost\u00ed, sdru\u017een\u00ed, klub\u016f a soukrom\u00fdch skupin vyu\u017e\u00edv\u00e1 prostor k prezentaci a p\u0159edstaven\u00ed se. <\/span><span data-ccp-props=\"{\"134233117\":true,\"134233118\":true,\"201341983\":0,\"335559739\":160,\"335559740\":240}\"> <\/span><\/p>\n<p><span data-contrast=\"none\">Na &#8222;Revierwelt Marketplace&#8220; najdete zaj\u00edmav\u00e9 produkty od r\u016fzn\u00fdch dodavatel\u016f z obchod\u016f. V sekci inzer\u00e1t\u016f tr\u017ei\u0161t\u011b m\u00e1te tak\u00e9 mo\u017enost nab\u00eddnout k prodeji v\u00fdrobky, kter\u00e9 ji\u017e nepot\u0159ebujete. Prost\u0159ednictv\u00edm tr\u017ei\u0161t\u011b m\u016f\u017eete nakupovat zv\u011b\u0159inu p\u0159\u00edmo od mysliveck\u00e9 spr\u00e1vy Revierwelt.    <\/span><span data-contrast=\"none\">trh.<\/span><span data-ccp-props=\"{\"134233117\":true,\"134233118\":true,\"201341983\":0,\"335559739\":160,\"335559740\":240}\"> <\/span><\/p>\n<p>Pokud pou\u017e\u00edv\u00e1te kamery pro sledov\u00e1n\u00ed divok\u00e9 zv\u011b\u0159e, detektory past\u00ed nebo sledovac\u00ed za\u0159\u00edzen\u00ed se SIM kartou Revierwelt, m\u016f\u017eete tyto p\u0159edplacen\u00e9 karty spravovat prost\u0159ednictv\u00edm slu\u017eby Revierwelt. Dob\u00edjen\u00ed se prov\u00e1d\u00ed prost\u0159ednictv\u00edm tzv. dopl\u0148k\u016f, kter\u00e9 si u n\u00e1s m\u016f\u017eete tak\u00e9 zakoupit. Pro za\u0159\u00edzen\u00ed s kartou Telekom je aktu\u00e1ln\u00ed cena ro\u010dn\u00edho pau\u0161\u00e1lu 18 EUR pro GPS trackery a 28 EUR pro kamery pro sledov\u00e1n\u00ed divok\u00e9 zv\u011b\u0159e.<\/p>\n<\/div><\/div><\/div><\/div><\/div><div class=\"vc_col-sm-6 vc_hidden-xs wpb_column vc_column_container has_bg_color us_animate_afr\"><div class=\"vc_column-inner us_custom_4c7e5c31\"><div class=\"wpb_wrapper\"><div class=\"w-separator size_custom\" style=\"height:200px\"><\/div><\/div><\/div><\/div><\/div><\/div><\/section><section class=\"l-section wpb_row height_medium color_alternate\"><div class=\"l-section-h i-cf\"><div class=\"g-cols vc_row via_flex valign_top type_default stacking_default\"><div class=\"vc_col-sm-12 wpb_column vc_column_container\"><div class=\"vc_column-inner\"><div class=\"wpb_wrapper\"><div class=\"wpb_text_column\"><div class=\"wpb_wrapper\"><h2 id=\"preise\" style=\"text-align: center;\"><strong>REVIERWELT.<\/strong>  V\u00e1\u0161 kl\u00ed\u010d k \u00fasp\u011b\u0161n\u00e9mu lovu.<\/h2>\n<\/div><\/div><\/div><\/div><\/div><\/div><\/div><\/section><section class=\"l-section wpb_row height_medium\"><div class=\"l-section-h i-cf\"><div class=\"g-cols vc_row via_flex valign_top type_default stacking_default\"><div class=\"vc_col-sm-12 wpb_column vc_column_container\"><div class=\"vc_column-inner\"><div class=\"wpb_wrapper\"><div class=\"w-separator size_small\"><\/div><div class=\"w-pricing style_cards items_3\"><div class=\"w-pricing-item type_default\"><div class=\"w-pricing-item-h\"><div class=\"w-pricing-item-header\"><div class=\"w-pricing-item-title\">Revierwelt+Standard<\/div><div class=\"w-pricing-item-price\">3,50+\u20ac<small>za+m\u011bs\u00edc+a+\u00fazem\u00ed<\/small><\/div><\/div><ul class=\"w-pricing-item-features\"><li class=\"w-pricing-item-feature\">A\u017e+5+\u010dlen\u016f+\u00fazem\u00ed<\/li><li class=\"w-pricing-item-feature\">A\u017e+5+monitorovac\u00edch+za\u0159\u00edzen\u00ed<\/li><li class=\"w-pricing-item-feature\">A\u017e+3+GPS+trackery<\/li><li class=\"w-pricing-item-feature\">Vyu\u017eit\u00ed+na+trhu+se+zv\u011b\u0159\u00ed<\/li><li class=\"w-pricing-item-feature\">Funkce+Driven+hunt<\/li><li class=\"w-pricing-item-feature\">Bez+automatick\u00e9ho+rozpozn\u00e1v\u00e1n\u00ed+zv\u011b\u0159e+na+sn\u00edmc\u00edch<\/li><li class=\"w-pricing-item-feature\"><hr><\/li><li class=\"w-pricing-item-feature\"><b>P\u0159\u00edklad+s+5+u\u017eivateli:<br>3,50+\u20ac+\/+5+=+0,70+\u20ac+na+u\u017eivatele<\/b><\/li><li class=\"w-pricing-item-feature\">+<\/li><li class=\"w-pricing-item-feature\">pro+soukrom\u00e9+z\u00e1kazn\u00edky.<\/li><\/ul><div class=\"w-pricing-item-footer\"><a class=\"w-btn us-btn-style_8 icon_atleft\" style=\"font-size:19px\" href=\"https:\/\/portal.revierwelt.de\/\"><i class=\"material-icons\">open_in_new<\/i><span class=\"w-btn-label\">Zaregistrujte+se+nyn\u00ed<\/span><\/a><\/div><\/div><\/div><div class=\"w-pricing-item type_featured\"><div class=\"w-pricing-item-h\"><div class=\"w-pricing-item-header\"><div class=\"w-pricing-item-title\">Revierwelt+Plus<\/div><div class=\"w-pricing-item-price\">6,90+\u20ac<small>za+m\u011bs\u00edc+a+\u00fazem\u00ed<\/small><\/div><\/div><ul class=\"w-pricing-item-features\"><li class=\"w-pricing-item-feature\">A\u017e+30+\u010dlen\u016f+\u00fazem\u00ed<\/li><li class=\"w-pricing-item-feature\">A\u017e+10+monitorovac\u00edch+za\u0159\u00edzen\u00ed<\/li><li class=\"w-pricing-item-feature\">A\u017e+5+GPS+tracker\u016f<\/li><li class=\"w-pricing-item-feature\">Vyu\u017eit\u00ed+na+trhu+se+zv\u011b\u0159\u00ed<\/li><li class=\"w-pricing-item-feature\">Automatick\u00e9+rozpozn\u00e1v\u00e1n\u00ed+zv\u011b\u0159e+na+sn\u00edmc\u00edch<\/li><li class=\"w-pricing-item-feature\">Funkce+\u0159\u00edzen\u00e9ho+lovu<\/li><li class=\"w-pricing-item-feature\"><hr><\/li><li class=\"w-pricing-item-feature\"><b>P\u0159\u00edklad+s+30+u\u017eivateli:<br>6,90+\u20ac+\/+30+=+0,23+\u20ac+na+u\u017eivatele<\/b><\/li><li class=\"w-pricing-item-feature\">+<\/li><li class=\"w-pricing-item-feature\">pro+soukrom\u00e9+z\u00e1kazn\u00edky.<\/li><\/ul><div class=\"w-pricing-item-footer\"><a class=\"w-btn us-btn-style_9 icon_atleft\" style=\"font-size:19px\" href=\"https:\/\/portal.revierwelt.de\/\"><i class=\"material-icons\">open_in_new<\/i><span class=\"w-btn-label\">Zaregistrujte+se+nyn\u00ed<\/span><\/a><\/div><\/div><\/div><div class=\"w-pricing-item type_default\"><div class=\"w-pricing-item-h\"><div class=\"w-pricing-item-header\"><div class=\"w-pricing-item-title\">Revierwelt+Professional<\/div><div class=\"w-pricing-item-price\">16,50+\u20ac<small>za+m\u011bs\u00edc+a+\u00fazem\u00ed<\/small><\/div><\/div><ul class=\"w-pricing-item-features\"><li class=\"w-pricing-item-feature\">neomezen\u00fd+po\u010det+\u010dlen\u016f+loveck\u00e9ho+rev\u00edru<\/li><li class=\"w-pricing-item-feature\">neomezen\u00fd+po\u010det+monitorovac\u00edch+za\u0159\u00edzen\u00ed<\/li><li class=\"w-pricing-item-feature\">neomezen\u00fd+po\u010det+GPS+tracker\u016f<\/li><li class=\"w-pricing-item-feature\">pou\u017eit\u00ed+na+trhu+se+zv\u011b\u0159\u00ed<\/li><li class=\"w-pricing-item-feature\">automatick\u00e9+rozpozn\u00e1v\u00e1n\u00ed+zv\u011b\u0159e+na+sn\u00edmc\u00edch<\/li><li class=\"w-pricing-item-feature\">neomezen\u00fd+po\u010det+\u010dl\u00e1nk\u016f+na+trhu+se+zv\u011b\u0159\u00ed<\/li><li class=\"w-pricing-item-feature\">funkce+\u0159\u00edzen\u00e9ho+lovu<\/li><li class=\"w-pricing-item-feature\"><hr><\/li><li class=\"w-pricing-item-feature\"><b>p\u0159\u00edklad+s+30+u\u017eivateli:<br>16,50+\u20ac+\/+30+=+0,55+\u20ac+na+u\u017eivatele<\/b><\/li><li class=\"w-pricing-item-feature\">+<\/li><li class=\"w-pricing-item-feature\">pro+firemn\u00ed+a+soukrom\u00e9+z\u00e1kazn\u00edky<\/li><\/ul><div class=\"w-pricing-item-footer\"><a class=\"w-btn us-btn-style_8 icon_atleft\" style=\"font-size:19px\" href=\"https:\/\/portal.revierwelt.de\/\"><i class=\"material-icons\">open_in_new<\/i><span class=\"w-btn-label\">Zaregistrujte+se+nyn\u00ed<\/span><\/a><\/div><\/div><\/div><\/div><div class=\"w-separator size_large\"><\/div><div class=\"wpb_text_column\"><div class=\"wpb_wrapper\"><h3 style=\"text-align: center;\"><strong>Otestujte Revierwelt na 30 dn\u00ed zdarma!<\/strong><\/h3>\n<\/div><\/div><div class=\"w-separator size_small\"><\/div><div class=\"wpb_text_column\"><div class=\"wpb_wrapper\"><p style=\"text-align: center;\">Ceny jsou uvedeny za z\u0159\u00edzen\u00e9 \u00fazem\u00ed v\u010detn\u011b 19% DPH. Plat\u00ed jeden u\u017eivatel, v cen\u011b jsou zahrnuti v\u0161ichni \u010dlenov\u00e9. Popla\u0161n\u00e1 za\u0159\u00edzen\u00ed jsou detektory past\u00ed, detektory kirr a kamery na zv\u011b\u0159.<\/p>\n<p style=\"text-align: center;\">Aplikace Revierwelt jsou k dispozici zdarma v obchodech Playstore a AppStore.<\/p>\n<\/div><\/div><\/div><\/div><\/div><\/div><\/div><\/section><section class=\"l-section wpb_row height_medium color_alternate\"><div class=\"l-section-h i-cf\"><div class=\"g-cols vc_row via_flex valign_top type_default stacking_default\"><div class=\"vc_col-sm-12 wpb_column vc_column_container\"><div class=\"vc_column-inner\"><div class=\"wpb_wrapper\"><div class=\"wpb_text_column\"><div class=\"wpb_wrapper\"><h2 style=\"text-align: center;\"><strong>REVIERWELT.<\/strong>  Objevte.<\/h2>\n<\/div><\/div><\/div><\/div><\/div><\/div><\/div><\/section><section class=\"l-section wpb_row height_medium with_img parallax_ver\"><div class=\"l-section-img\" role=\"img\" data-img-width=\"1024\" data-img-height=\"683\" style=\"background-image: url(https:\/\/revierwelt.de\/wp-content\/uploads\/2018\/01\/170301-0001-2.jpg);\"><\/div><div class=\"l-section-overlay\" style=\"background:rgba(72,108,75,0.5)\"><\/div><div class=\"l-section-h i-cf\"><div class=\"g-cols vc_row via_flex valign_top type_default stacking_default\"><div class=\"vc_col-sm-12 wpb_column vc_column_container\"><div class=\"vc_column-inner\"><div class=\"wpb_wrapper\"><div class=\"w-grid type_grid layout_25853 cols_5 ratio_1x1\" id=\"us_grid_1\" style=\"--columns:5;--gap:2px;--item-ratio:1;\" data-filterable=\"true\"><style>@media (max-width:1380px){#us_grid_1{--columns:3!important}}@media (max-width:1024px){#us_grid_1{--columns:2!important}}@media (max-width:600px){#us_grid_1{--columns:1!important}}.layout_25853 .w-grid-item-h{}.layout_25853 .usg_post_custom_field_1{transition-duration:0.4s;transform-origin:50% 50%;transform:scale(0) translate(0,0);opacity:0}.layout_25853 .w-grid-item-h:hover .usg_post_custom_field_1{transform:scale(1.5) translate(0,0);opacity:1}.layout_25853 .usg_vwrapper_1{transition-duration:0.4s;transform-origin:50% 50%;transform:scale(0) translate(0,0);opacity:0}.layout_25853 .w-grid-item-h:hover .usg_vwrapper_1{transform:scale(1) translate(0,0);opacity:1}.layout_25853 .usg_post_image_1{position:absolute!important;top:0!important;right:0!important;bottom:0!important;left:0!important}.layout_25853 .usg_post_custom_field_1{position:absolute!important;top:0!important;right:0!important;bottom:0!important;left:0!important;border-radius:50!important;padding:2rem!important;background:inherit!important}.layout_25853 .usg_vwrapper_1{position:absolute!important;top:0!important;right:0!important;bottom:0!important;left:0!important;padding:2rem!important}.layout_25853 .usg_post_title_1{color:inherit!important}<\/style><div class=\"w-grid-list\">\t<article class=\"w-grid-item size_1x1 post-28473 us_portfolio type-us_portfolio status-publish has-post-thumbnail hentry us_portfolio_category-revierwelt\" data-id=\"28473\">\r\n\t\t<div class=\"w-grid-item-h\" style=\"background:#f2f2f2;color:#486c4b;\">\r\n\t\t\t\t\t\t\t<a href=\"https:\/\/revierwelt.de\/index.php\/portfolio\/fleischverwaltung\/\" class=\"w-grid-item-anchor\" aria-label=\"Fleischverwaltung\"><\/a>\r\n\t\t\t\t\t\t<div class=\"w-post-elm post_image usg_post_image_1 stretched\"><img loading=\"lazy\" decoding=\"async\" width=\"573\" height=\"573\" src=\"https:\/\/revierwelt.de\/wp-content\/uploads\/2022\/03\/frisches_wild_qua.png\" class=\"attachment-us_600_0 size-us_600_0 wp-post-image\" alt=\"\" \/><\/div><div class=\"w-post-elm post_custom_field usg_post_custom_field_1 type_text  color_link_inherit has_border_radius\"><span class=\"w-post-elm-value\"><\/span><\/div><div class=\"w-vwrapper usg_vwrapper_1 align_center valign_middle\"><h3 class=\"w-post-elm post_title usg_post_title_1 has_text_color align_center entry-title color_link_inherit\">Fleischverwaltung<\/h3><\/div>\t\t<\/div>\r\n\t\t\t<\/article>\r\n\t<article class=\"w-grid-item size_1x1 post-26717 us_portfolio type-us_portfolio status-publish has-post-thumbnail hentry us_portfolio_category-revierwelt\" data-id=\"26717\">\r\n\t\t<div class=\"w-grid-item-h\" style=\"background:#f2f2f2;color:#486c4b;\">\r\n\t\t\t\t\t\t\t<a href=\"https:\/\/revierwelt.de\/index.php\/portfolio\/drueckjagd\/\" class=\"w-grid-item-anchor\" aria-label=\"Dr\u00fcckjagd\"><\/a>\r\n\t\t\t\t\t\t<div class=\"w-post-elm post_image usg_post_image_1 stretched\"><img loading=\"lazy\" decoding=\"async\" width=\"600\" height=\"600\" src=\"https:\/\/revierwelt.de\/wp-content\/uploads\/2020\/05\/DRU\u0308CKJAGD_qua.jpg\" class=\"attachment-us_600_0 size-us_600_0 wp-post-image\" alt=\"\" \/><\/div><div class=\"w-post-elm post_custom_field usg_post_custom_field_1 type_text  color_link_inherit has_border_radius\"><span class=\"w-post-elm-value\"><\/span><\/div><div class=\"w-vwrapper usg_vwrapper_1 align_center valign_middle\"><h3 class=\"w-post-elm post_title usg_post_title_1 has_text_color align_center entry-title color_link_inherit\">Dr\u00fcckjagd<\/h3><\/div>\t\t<\/div>\r\n\t\t\t<\/article>\r\n\t<article class=\"w-grid-item size_1x1 post-23142 us_portfolio type-us_portfolio status-publish has-post-thumbnail hentry us_portfolio_category-revierwelt\" data-id=\"23142\">\r\n\t\t<div class=\"w-grid-item-h\" style=\"background:#f2f2f2;color:#486c4b;\">\r\n\t\t\t\t\t\t\t<a href=\"https:\/\/revierwelt.de\/index.php\/portfolio\/revierverwaltung\/\" class=\"w-grid-item-anchor\" aria-label=\"Revierverwaltung\"><\/a>\r\n\t\t\t\t\t\t<div class=\"w-post-elm post_image usg_post_image_1 stretched\"><img loading=\"lazy\" decoding=\"async\" width=\"600\" height=\"600\" src=\"https:\/\/revierwelt.de\/wp-content\/uploads\/2018\/01\/revierverwaltung-1-1-600x600.jpg\" class=\"attachment-us_600_0 size-us_600_0 wp-post-image\" alt=\"\" srcset=\"https:\/\/revierwelt.de\/wp-content\/uploads\/2018\/01\/revierverwaltung-1-1-600x600.jpg 600w, https:\/\/revierwelt.de\/wp-content\/uploads\/2018\/01\/revierverwaltung-1-1-150x150.jpg 150w, https:\/\/revierwelt.de\/wp-content\/uploads\/2018\/01\/revierverwaltung-1-1-300x300.jpg 300w, https:\/\/revierwelt.de\/wp-content\/uploads\/2018\/01\/revierverwaltung-1-1-768x768.jpg 768w, https:\/\/revierwelt.de\/wp-content\/uploads\/2018\/01\/revierverwaltung-1-1.jpg 1024w, https:\/\/revierwelt.de\/wp-content\/uploads\/2018\/01\/revierverwaltung-1-1-180x180.jpg 180w, https:\/\/revierwelt.de\/wp-content\/uploads\/2018\/01\/revierverwaltung-1-1-350x350.jpg 350w\" sizes=\"auto, (max-width: 600px) 100vw, 600px\" \/><\/div><div class=\"w-post-elm post_custom_field usg_post_custom_field_1 type_text  color_link_inherit has_border_radius\"><span class=\"w-post-elm-value\"><\/span><\/div><div class=\"w-vwrapper usg_vwrapper_1 align_center valign_middle\"><h3 class=\"w-post-elm post_title usg_post_title_1 has_text_color align_center entry-title color_link_inherit\">Revierverwaltung<\/h3><\/div>\t\t<\/div>\r\n\t\t\t<\/article>\r\n\t<article class=\"w-grid-item size_1x1 post-331 us_portfolio type-us_portfolio status-publish has-post-thumbnail hentry us_portfolio_category-revierwelt\" data-id=\"331\">\r\n\t\t<div class=\"w-grid-item-h\" style=\"background:#f2f2f2;color:#486c4b;\">\r\n\t\t\t\t\t\t\t<a href=\"https:\/\/revierwelt.de\/index.php\/portfolio\/gps-hundeortung\/\" class=\"w-grid-item-anchor\" aria-label=\"GPS-Hundeortung\"><\/a>\r\n\t\t\t\t\t\t<div class=\"w-post-elm post_image usg_post_image_1 stretched\"><img loading=\"lazy\" decoding=\"async\" width=\"600\" height=\"600\" src=\"https:\/\/revierwelt.de\/wp-content\/uploads\/2018\/01\/Dru\u0308ckjagd_iphone_qua2.png\" class=\"attachment-us_600_0 size-us_600_0 wp-post-image\" alt=\"\" \/><\/div><div class=\"w-post-elm post_custom_field usg_post_custom_field_1 type_text  color_link_inherit has_border_radius\"><span class=\"w-post-elm-value\"><\/span><\/div><div class=\"w-vwrapper usg_vwrapper_1 align_center valign_middle\"><h3 class=\"w-post-elm post_title usg_post_title_1 has_text_color align_center entry-title color_link_inherit\">GPS-Hundeortung<\/h3><\/div>\t\t<\/div>\r\n\t\t\t<\/article>\r\n\t<article class=\"w-grid-item size_1x1 post-23138 us_portfolio type-us_portfolio status-publish has-post-thumbnail hentry us_portfolio_category-revierwelt\" data-id=\"23138\">\r\n\t\t<div class=\"w-grid-item-h\" style=\"background:#f2f2f2;color:#486c4b;\">\r\n\t\t\t\t\t\t\t<a href=\"https:\/\/revierwelt.de\/index.php\/portfolio\/wildkameras\/\" class=\"w-grid-item-anchor\" aria-label=\"Wildkameras\"><\/a>\r\n\t\t\t\t\t\t<div class=\"w-post-elm post_image usg_post_image_1 stretched\"><img loading=\"lazy\" decoding=\"async\" width=\"600\" height=\"600\" src=\"https:\/\/revierwelt.de\/wp-content\/uploads\/2018\/01\/WILDKAMERA_wald_qua.jpg\" class=\"attachment-us_600_0 size-us_600_0 wp-post-image\" alt=\"\" \/><\/div><div class=\"w-post-elm post_custom_field usg_post_custom_field_1 type_text  color_link_inherit has_border_radius\"><span class=\"w-post-elm-value\"><\/span><\/div><div class=\"w-vwrapper usg_vwrapper_1 align_center valign_middle\"><h3 class=\"w-post-elm post_title usg_post_title_1 has_text_color align_center entry-title color_link_inherit\">Wildkameras<\/h3><\/div>\t\t<\/div>\r\n\t\t\t<\/article>\r\n<\/div><div class=\"w-grid-preloader\">\t<div class=\"g-preloader type_1\">\r\n\t\t<div><\/div>\r\n\t<\/div>\r\n\t<\/div>\t<div class=\"w-grid-json hidden\" onclick='return {&quot;action&quot;:&quot;us_ajax_grid&quot;,&quot;infinite_scroll&quot;:0,&quot;max_num_pages&quot;:2,&quot;pagination&quot;:&quot;none&quot;,&quot;template_vars&quot;:{&quot;columns&quot;:&quot;5&quot;,&quot;exclude_items&quot;:&quot;none&quot;,&quot;img_size&quot;:&quot;us_600_0&quot;,&quot;ignore_items_size&quot;:0,&quot;items_layout&quot;:&quot;25853&quot;,&quot;items_offset&quot;:&quot;1&quot;,&quot;load_animation&quot;:&quot;none&quot;,&quot;overriding_link&quot;:&quot;%7B%22type%22%3A%22post%22%7D&quot;,&quot;post_id&quot;:0,&quot;query_args&quot;:{&quot;post_type&quot;:[&quot;us_portfolio&quot;],&quot;tax_query&quot;:[{&quot;taxonomy&quot;:&quot;us_portfolio_category&quot;,&quot;field&quot;:&quot;slug&quot;,&quot;terms&quot;:[&quot;revierwelt&quot;]}],&quot;post_status&quot;:[&quot;publish&quot;],&quot;posts_per_page&quot;:&quot;5&quot;},&quot;orderby_query_args&quot;:{&quot;orderby&quot;:{&quot;date&quot;:&quot;DESC&quot;}},&quot;type&quot;:&quot;grid&quot;,&quot;us_grid_post_type&quot;:&quot;us_portfolio&quot;,&quot;us_grid_ajax_index&quot;:1,&quot;us_grid_filter_query_string&quot;:null,&quot;us_grid_index&quot;:1,&quot;page_args&quot;:[]}}'><\/div>\r\n\t<\/div><\/div><\/div><\/div><\/div><\/div><\/section><section class=\"l-section wpb_row height_medium color_primary\"><div class=\"l-section-h i-cf\"><div class=\"g-cols vc_row via_flex valign_top type_default stacking_default\"><div class=\"vc_col-sm-12 wpb_column vc_column_container us_animate_afb\"><div class=\"vc_column-inner\"><div class=\"wpb_wrapper\"><div class=\"w-actionbox color_primary controls_right\"><div class=\"w-actionbox-text\"><h2 class=\"w-actionbox-title\">P\u0159esv\u011bd\u010dte se o Revierweltu!<\/h2><\/div><div class=\"w-actionbox-controls\"><a class=\"w-btn us-btn-style_6 icon_atleft\" href=\"https:\/\/portal.revierwelt.de\/\" style=\"font-size:19px;\"><i class=\"fas fa-user-plus\"><\/i><span class=\"w-btn-label\">Zaregistrujte se nyn\u00ed!<\/span><\/a><\/div><\/div><\/div><\/div><\/div><\/div><\/div><\/section><section class=\"l-section wpb_row height_medium\"><div class=\"l-section-h i-cf\"><div class=\"g-cols vc_row via_flex valign_top type_default stacking_default\"><div class=\"vc_col-sm-12 wpb_column vc_column_container\"><div class=\"vc_column-inner\"><div class=\"wpb_wrapper\"><div class=\"wpb_text_column\"><div class=\"wpb_wrapper\"><\/div><\/div><\/div><\/div><\/div><\/div><\/div><\/section>\n","protected":false},"excerpt":{"rendered":"REVIERWELT. Wildkamera. Wissen, was l\u00e4uft. Sie k\u00f6nnen nicht rund um die Uhr im Revier sein, um zu wissen was l\u00e4uft. Eine Wildkamera mit GPRS-Funktion dagegen schon \u2013 ihre Bilder zeigen Ihnen, wo sich welches Wild momentan im Revier bewegt. Sie k\u00f6nnen fast jede am Markt erh\u00e4ltliche Kamera mit Revierwelt verwenden. Kameras der Revierwelt-Edition lassen sich...","protected":false},"author":4,"featured_media":0,"parent":0,"menu_order":0,"comment_status":"closed","ping_status":"closed","template":"","meta":{"footnotes":""},"class_list":["post-36249","page","type-page","status-publish","hentry"],"_links":{"self":[{"href":"https:\/\/revierwelt.de\/index.php\/wp-json\/wp\/v2\/pages\/36249","targetHints":{"allow":["GET"]}}],"collection":[{"href":"https:\/\/revierwelt.de\/index.php\/wp-json\/wp\/v2\/pages"}],"about":[{"href":"https:\/\/revierwelt.de\/index.php\/wp-json\/wp\/v2\/types\/page"}],"author":[{"embeddable":true,"href":"https:\/\/revierwelt.de\/index.php\/wp-json\/wp\/v2\/users\/4"}],"replies":[{"embeddable":true,"href":"https:\/\/revierwelt.de\/index.php\/wp-json\/wp\/v2\/comments?post=36249"}],"version-history":[{"count":0,"href":"https:\/\/revierwelt.de\/index.php\/wp-json\/wp\/v2\/pages\/36249\/revisions"}],"wp:attachment":[{"href":"https:\/\/revierwelt.de\/index.php\/wp-json\/wp\/v2\/media?parent=36249"}],"curies":[{"name":"wp","href":"https:\/\/api.w.org\/{rel}","templated":true}]}}