{"id":36343,"date":"2025-02-25T11:07:14","date_gmt":"2025-02-25T10:07:14","guid":{"rendered":"https:\/\/revierwelt.de\/index.php\/hotspot-i-poi\/"},"modified":"2025-02-25T11:07:25","modified_gmt":"2025-02-25T10:07:25","slug":"hotspot-i-poi","status":"publish","type":"page","link":"https:\/\/revierwelt.de\/index.php\/hotspot-i-poi\/?lang=hr","title":{"rendered":"Hotspot i POI"},"content":{"rendered":"<section class=\"l-section wpb_row height_medium color_alternate\" id=\"start\"><div class=\"l-section-h i-cf\"><div class=\"g-cols vc_row via_flex valign_top type_default stacking_default\"><div class=\"vc_col-sm-12 wpb_column vc_column_container\"><div class=\"vc_column-inner\"><div class=\"wpb_wrapper\"><div class=\"wpb_text_column\"><div class=\"wpb_wrapper\"><h2 style=\"text-align: center;\"><strong>REVIERWELT .  <\/strong>Hotspot i POI.<\/h2>\n<\/div><\/div><\/div><\/div><\/div><\/div><\/div><\/section><section class=\"l-section wpb_row height_auto width_full\"><div class=\"l-section-h i-cf\"><div class=\"g-cols vc_row via_flex valign_middle type_boxes stacking_default\"><div class=\"vc_col-sm-6 wpb_column vc_column_container us_animate_afl\"><div class=\"vc_column-inner\"><div class=\"wpb_wrapper\"><div class=\"wpb_text_column\"><div class=\"wpb_wrapper\"><h3 class=\"p1\">Znaju\u0107i gdje si bio.<\/h3>\n<p class=\"p1\">Vru\u0107e to\u010dke i POI (Points of Interest) su to\u010dke na <strong><a href=\"https:\/\/revierwelt.de\/index.php\/revierkarte\/\">karti va\u0161eg podru\u010dja<\/a><\/strong> koje<strong> <\/strong>Ozna\u010dite GPS polo\u017eaje. S aplikacijom Revierwelt mo\u017eete snimati takve \u017eari\u0161ne to\u010dke izravno na licu mjesta i njima upravljati u grupama \u017eari\u0161nih to\u010daka. Jedno va\u017eno podru\u010dje primjene su lovovi u vo\u017enji: stvorite svoje lovne \u0161tandove u grupama \u017eari\u0161nih to\u010daka za svaki pogon i ispi\u0161ite ih s kartom podru\u010dja lova kako biste osobama uklju\u010denim dali pregled.  <\/p>\n<\/div><\/div><\/div><\/div><\/div><div class=\"vc_col-sm-6 wpb_column vc_column_container has_bg_color us_animate_afr\"><div class=\"vc_column-inner us_custom_6f3f66fd\"><div class=\"wpb_wrapper\"><div class=\"w-separator size_custom\" style=\"height:200px\"><\/div><\/div><\/div><\/div><\/div><\/div><\/section><section class=\"l-section wpb_row height_auto width_full\"><div class=\"l-section-h i-cf\"><div class=\"g-cols vc_row via_flex valign_middle type_boxes stacking_default\"><div class=\"vc_col-sm-6 vc_hidden-xs wpb_column vc_column_container has_bg_color us_animate_afl\"><div class=\"vc_column-inner us_custom_8d3035c8\"><div class=\"wpb_wrapper\"><div class=\"w-separator size_custom\" style=\"height:200px\"><\/div><\/div><\/div><\/div><div class=\"vc_col-sm-6 wpb_column vc_column_container us_animate_afr\"><div class=\"vc_column-inner\"><div class=\"wpb_wrapper\"><div class=\"wpb_text_column\"><div class=\"wpb_wrapper\"><p class=\"p2\">S Hotspotom mo\u017eete brzo ozna\u010diti poziciju dok ste u pokretu. Na primjer, mo\u017eete ozna\u010diti lokaciju va\u0161eg vozila, rupu od metka, le\u017ei\u0161ta rana ili komad koji ste prona\u0161li. Vi ili drugi \u010dlan tog podru\u010dja tada mo\u017eete koristiti funkciju kompasa aplikacije za navigaciju do ozna\u010dene to\u010dke.  <\/p>\n<p class=\"p1\">POI radi na sli\u010dan na\u010din: ovdje mo\u017eete kreirati i upravljati &#8222;mjesta interesa&#8220;, ili skra\u0107eno &#8222;POI&#8220;. Tu spadaju jazbine ili uzgajali\u0161ta jazavca i lisica, ali i istaknute to\u010dke kao \u0161to su parkirali\u0161ta, vidikovci i sli\u010dno. Vru\u0107e to\u010dke i POI mogu se kasnije prikazati na <a href=\"https:\/\/revierwelt.de\/index.php\/revierkarte\/\"><strong>karti podru\u010dja<\/strong><\/a> i ispisati.  <\/p>\n<\/div><\/div><\/div><\/div><\/div><\/div><\/div><\/section><section class=\"l-section wpb_row height_medium color_alternate\"><div class=\"l-section-h i-cf\"><div class=\"g-cols vc_row via_flex valign_top type_default stacking_default\"><div class=\"vc_col-sm-12 wpb_column vc_column_container\"><div class=\"vc_column-inner\"><div class=\"wpb_wrapper\"><div class=\"wpb_text_column\"><div class=\"wpb_wrapper\"><h2 style=\"text-align: center;\">Ponovno prona\u0111ite zanimljive stvari.<\/h2>\n<\/div><\/div><\/div><\/div><\/div><\/div><\/div><\/section><section class=\"l-section wpb_row height_medium width_full\"><div class=\"l-section-overlay\" style=\"background:rgba(72,108,75,0.5)\"><\/div><div class=\"l-section-h i-cf\"><div class=\"g-cols vc_row via_flex valign_top type_default stacking_default\"><div class=\"vc_col-sm-12 wpb_column vc_column_container\"><div class=\"vc_column-inner\"><div class=\"wpb_wrapper\"><div class=\"w-grid us_custom_a4dc2183 type_grid layout_galerija_zadano cols_6\" id=\"us_grid_1\" style=\"--columns:6;--gap:4px;\" data-filterable=\"true\"><style>@media (max-width:767px){#us_grid_1{--columns:4!important}}@media (max-width:479px){#us_grid_1{--columns:2!important}}.layout_galerija_zadano .w-grid-item-h{}.layout_galerija_zadano .usg_post_image_1{margin-bottom:0.5rem!important}.layout_galerija_zadano .usg_post_title_1{font-size:1rem!important}<\/style><div class=\"w-grid-list\">\t<article class=\"w-grid-item size_1x1 post-23622 attachment type-attachment status-inherit hentry\" data-id=\"23622\">\r\n\t\t<div class=\"w-grid-item-h\">\r\n\t\t\t\t\t\t\t<a ref=\"magnificPopupGrid\" href=\"https:\/\/revierwelt.de\/wp-content\/uploads\/2018\/01\/140726-0058.jpg\" class=\"w-grid-item-anchor\" aria-label=\"140726-0058\"><\/a>\r\n\t\t\t\t\t\t<div class=\"w-post-elm post_image usg_post_image_1 stretched\"><a href=\"https:\/\/revierwelt.de\/index.php\/ansitzreservierung\/140726-0058\/\" aria-label=\"140726-0058\"><img loading=\"lazy\" decoding=\"async\" width=\"1024\" height=\"683\" src=\"https:\/\/revierwelt.de\/wp-content\/uploads\/2018\/01\/140726-0058-1024x683.jpg\" class=\"attachment-large size-large\" alt=\"\" srcset=\"https:\/\/revierwelt.de\/wp-content\/uploads\/2018\/01\/140726-0058.jpg 1024w, https:\/\/revierwelt.de\/wp-content\/uploads\/2018\/01\/140726-0058-300x200.jpg 300w, https:\/\/revierwelt.de\/wp-content\/uploads\/2018\/01\/140726-0058-768x512.jpg 768w, https:\/\/revierwelt.de\/wp-content\/uploads\/2018\/01\/140726-0058-600x400.jpg 600w\" sizes=\"auto, (max-width: 1024px) 100vw, 1024px\" \/><\/a><\/div><h2 class=\"w-post-elm post_title usg_post_title_1 entry-title color_link_inherit\"><a href=\"https:\/\/revierwelt.de\/index.php\/ansitzreservierung\/140726-0058\/\">140726-0058<\/a><\/h2>\t\t<\/div>\r\n\t\t\t<\/article>\r\n\t<article class=\"w-grid-item size_1x1 post-23094 attachment type-attachment status-inherit hentry\" data-id=\"23094\">\r\n\t\t<div class=\"w-grid-item-h\">\r\n\t\t\t\t\t\t\t<a ref=\"magnificPopupGrid\" href=\"https:\/\/revierwelt.de\/wp-content\/uploads\/2018\/01\/171015-0007.jpg\" class=\"w-grid-item-anchor\" aria-label=\"171015-0007\"><\/a>\r\n\t\t\t\t\t\t<div class=\"w-post-elm post_image usg_post_image_1 stretched\"><a href=\"https:\/\/revierwelt.de\/171015-0007\/\" aria-label=\"171015-0007\"><img loading=\"lazy\" decoding=\"async\" width=\"1024\" height=\"768\" src=\"https:\/\/revierwelt.de\/wp-content\/uploads\/2018\/01\/171015-0007-1024x768.jpg\" class=\"attachment-large size-large\" alt=\"\" srcset=\"https:\/\/revierwelt.de\/wp-content\/uploads\/2018\/01\/171015-0007.jpg 1024w, https:\/\/revierwelt.de\/wp-content\/uploads\/2018\/01\/171015-0007-300x225.jpg 300w, https:\/\/revierwelt.de\/wp-content\/uploads\/2018\/01\/171015-0007-768x576.jpg 768w, https:\/\/revierwelt.de\/wp-content\/uploads\/2018\/01\/171015-0007-600x450.jpg 600w\" sizes=\"auto, (max-width: 1024px) 100vw, 1024px\" \/><\/a><\/div><h2 class=\"w-post-elm post_title usg_post_title_1 entry-title color_link_inherit\"><a href=\"https:\/\/revierwelt.de\/171015-0007\/\">171015-0007<\/a><\/h2>\t\t<\/div>\r\n\t\t\t<\/article>\r\n\t<article class=\"w-grid-item size_1x1 post-23052 attachment type-attachment status-inherit hentry\" data-id=\"23052\">\r\n\t\t<div class=\"w-grid-item-h\">\r\n\t\t\t\t\t\t\t<a ref=\"magnificPopupGrid\" href=\"https:\/\/revierwelt.de\/wp-content\/uploads\/2018\/01\/150925-42242.jpg\" class=\"w-grid-item-anchor\" aria-label=\"150925-42242\"><\/a>\r\n\t\t\t\t\t\t<div class=\"w-post-elm post_image usg_post_image_1 stretched\"><a href=\"https:\/\/revierwelt.de\/150925-42242\/\" aria-label=\"150925-42242\"><img loading=\"lazy\" decoding=\"async\" width=\"1024\" height=\"768\" src=\"https:\/\/revierwelt.de\/wp-content\/uploads\/2018\/01\/150925-42242-1024x768.jpg\" class=\"attachment-large size-large\" alt=\"\" srcset=\"https:\/\/revierwelt.de\/wp-content\/uploads\/2018\/01\/150925-42242.jpg 1024w, https:\/\/revierwelt.de\/wp-content\/uploads\/2018\/01\/150925-42242-300x225.jpg 300w, https:\/\/revierwelt.de\/wp-content\/uploads\/2018\/01\/150925-42242-768x576.jpg 768w, https:\/\/revierwelt.de\/wp-content\/uploads\/2018\/01\/150925-42242-600x450.jpg 600w\" sizes=\"auto, (max-width: 1024px) 100vw, 1024px\" \/><\/a><\/div><h2 class=\"w-post-elm post_title usg_post_title_1 entry-title color_link_inherit\"><a href=\"https:\/\/revierwelt.de\/150925-42242\/\">150925-42242<\/a><\/h2>\t\t<\/div>\r\n\t\t\t<\/article>\r\n\t<article class=\"w-grid-item size_1x1 post-23019 attachment type-attachment status-inherit hentry\" data-id=\"23019\">\r\n\t\t<div class=\"w-grid-item-h\">\r\n\t\t\t\t\t\t\t<a ref=\"magnificPopupGrid\" href=\"https:\/\/revierwelt.de\/wp-content\/uploads\/2018\/01\/140408-913.jpg\" class=\"w-grid-item-anchor\" aria-label=\"140408-913\"><\/a>\r\n\t\t\t\t\t\t<div class=\"w-post-elm post_image usg_post_image_1 stretched\"><a href=\"https:\/\/revierwelt.de\/140408-913\/\" aria-label=\"140408-913\"><img loading=\"lazy\" decoding=\"async\" width=\"1024\" height=\"768\" src=\"https:\/\/revierwelt.de\/wp-content\/uploads\/2018\/01\/140408-913-1024x768.jpg\" class=\"attachment-large size-large\" alt=\"\" srcset=\"https:\/\/revierwelt.de\/wp-content\/uploads\/2018\/01\/140408-913.jpg 1024w, https:\/\/revierwelt.de\/wp-content\/uploads\/2018\/01\/140408-913-300x225.jpg 300w, https:\/\/revierwelt.de\/wp-content\/uploads\/2018\/01\/140408-913-768x576.jpg 768w, https:\/\/revierwelt.de\/wp-content\/uploads\/2018\/01\/140408-913-600x450.jpg 600w\" sizes=\"auto, (max-width: 1024px) 100vw, 1024px\" \/><\/a><\/div><h2 class=\"w-post-elm post_title usg_post_title_1 entry-title color_link_inherit\"><a href=\"https:\/\/revierwelt.de\/140408-913\/\">140408-913<\/a><\/h2>\t\t<\/div>\r\n\t\t\t<\/article>\r\n\t<article class=\"w-grid-item size_1x1 post-23093 attachment type-attachment status-inherit hentry\" data-id=\"23093\">\r\n\t\t<div class=\"w-grid-item-h\">\r\n\t\t\t\t\t\t\t<a ref=\"magnificPopupGrid\" href=\"https:\/\/revierwelt.de\/wp-content\/uploads\/2018\/01\/171015-0004.jpg\" class=\"w-grid-item-anchor\" aria-label=\"171015-0004\"><\/a>\r\n\t\t\t\t\t\t<div class=\"w-post-elm post_image usg_post_image_1 stretched\"><a href=\"https:\/\/revierwelt.de\/171015-0004\/\" aria-label=\"171015-0004\"><img loading=\"lazy\" decoding=\"async\" width=\"1024\" height=\"768\" src=\"https:\/\/revierwelt.de\/wp-content\/uploads\/2018\/01\/171015-0004-1024x768.jpg\" class=\"attachment-large size-large\" alt=\"\" srcset=\"https:\/\/revierwelt.de\/wp-content\/uploads\/2018\/01\/171015-0004.jpg 1024w, https:\/\/revierwelt.de\/wp-content\/uploads\/2018\/01\/171015-0004-300x225.jpg 300w, https:\/\/revierwelt.de\/wp-content\/uploads\/2018\/01\/171015-0004-768x576.jpg 768w, https:\/\/revierwelt.de\/wp-content\/uploads\/2018\/01\/171015-0004-600x450.jpg 600w\" sizes=\"auto, (max-width: 1024px) 100vw, 1024px\" \/><\/a><\/div><h2 class=\"w-post-elm post_title usg_post_title_1 entry-title color_link_inherit\"><a href=\"https:\/\/revierwelt.de\/171015-0004\/\">171015-0004<\/a><\/h2>\t\t<\/div>\r\n\t\t\t<\/article>\r\n\t<article class=\"w-grid-item size_1x1 post-23029 attachment type-attachment status-inherit hentry\" data-id=\"23029\">\r\n\t\t<div class=\"w-grid-item-h\">\r\n\t\t\t\t\t\t\t<a ref=\"magnificPopupGrid\" href=\"https:\/\/revierwelt.de\/wp-content\/uploads\/2018\/01\/140929-37122.jpg\" class=\"w-grid-item-anchor\" aria-label=\"140929-37122\"><\/a>\r\n\t\t\t\t\t\t<div class=\"w-post-elm post_image usg_post_image_1 stretched\"><a href=\"https:\/\/revierwelt.de\/140929-37122\/\" aria-label=\"140929-37122\"><img loading=\"lazy\" decoding=\"async\" width=\"1024\" height=\"683\" src=\"https:\/\/revierwelt.de\/wp-content\/uploads\/2018\/01\/140929-37122-1024x683.jpg\" class=\"attachment-large size-large\" alt=\"\" srcset=\"https:\/\/revierwelt.de\/wp-content\/uploads\/2018\/01\/140929-37122.jpg 1024w, https:\/\/revierwelt.de\/wp-content\/uploads\/2018\/01\/140929-37122-300x200.jpg 300w, https:\/\/revierwelt.de\/wp-content\/uploads\/2018\/01\/140929-37122-768x512.jpg 768w, https:\/\/revierwelt.de\/wp-content\/uploads\/2018\/01\/140929-37122-600x400.jpg 600w\" sizes=\"auto, (max-width: 1024px) 100vw, 1024px\" \/><\/a><\/div><h2 class=\"w-post-elm post_title usg_post_title_1 entry-title color_link_inherit\"><a href=\"https:\/\/revierwelt.de\/140929-37122\/\">140929-37122<\/a><\/h2>\t\t<\/div>\r\n\t\t\t<\/article>\r\n<\/div><div class=\"w-grid-preloader\">\t<div class=\"g-preloader type_1\">\r\n\t\t<div><\/div>\r\n\t<\/div>\r\n\t<\/div>\t<div class=\"w-grid-json hidden\" onclick='return {&quot;action&quot;:&quot;us_ajax_grid&quot;,&quot;infinite_scroll&quot;:0,&quot;max_num_pages&quot;:1,&quot;pagination&quot;:&quot;none&quot;,&quot;template_vars&quot;:{&quot;columns&quot;:&quot;6&quot;,&quot;exclude_items&quot;:&quot;none&quot;,&quot;img_size&quot;:&quot;default&quot;,&quot;ignore_items_size&quot;:0,&quot;items_layout&quot;:&quot;galerija_zadano&quot;,&quot;items_offset&quot;:&quot;1&quot;,&quot;load_animation&quot;:&quot;none&quot;,&quot;overriding_link&quot;:&quot;%7B%22type%22%3A%22popup_image%22%7D&quot;,&quot;post_id&quot;:0,&quot;query_args&quot;:{&quot;post_type&quot;:[&quot;attachment&quot;],&quot;post__in&quot;:[&quot;23622&quot;,&quot;23094&quot;,&quot;23052&quot;,&quot;23019&quot;,&quot;23093&quot;,&quot;23029&quot;],&quot;post_status&quot;:&quot;inherit&quot;,&quot;post_mime_type&quot;:&quot;image&quot;,&quot;posts_per_page&quot;:999},&quot;orderby_query_args&quot;:{&quot;orderby&quot;:{&quot;post__in&quot;:&quot;ASC&quot;},&quot;order&quot;:&quot;ASC&quot;},&quot;type&quot;:&quot;grid&quot;,&quot;us_grid_post_type&quot;:&quot;attachment&quot;,&quot;us_grid_ajax_index&quot;:1,&quot;us_grid_filter_query_string&quot;:null,&quot;us_grid_index&quot;:1,&quot;page_args&quot;:[]}}'><\/div>\r\n\t<\/div><\/div><\/div><\/div><\/div><\/div><\/section><section class=\"l-section wpb_row height_medium color_alternate\"><div class=\"l-section-h i-cf\"><div class=\"g-cols vc_row via_flex valign_top type_default stacking_default\"><div class=\"vc_col-sm-12 wpb_column vc_column_container\"><div class=\"vc_column-inner\"><div class=\"wpb_wrapper\"><div class=\"wpb_text_column\"><div class=\"wpb_wrapper\"><h2 style=\"text-align: center;\"><strong>REVIERWELT .<\/strong>  Otkriti.<\/h2>\n<\/div><\/div><\/div><\/div><\/div><\/div><\/div><\/section><section class=\"l-section wpb_row height_medium with_img parallax_ver\"><div class=\"l-section-img\" role=\"img\" data-img-width=\"1024\" data-img-height=\"683\" style=\"background-image: url(https:\/\/revierwelt.de\/wp-content\/uploads\/2018\/01\/170301-0001-2.jpg);\"><\/div><div class=\"l-section-overlay\" style=\"background:rgba(72,108,75,0.5)\"><\/div><div class=\"l-section-h i-cf\"><div class=\"g-cols vc_row via_flex valign_top type_default stacking_default\"><div class=\"vc_col-sm-12 wpb_column vc_column_container\"><div class=\"vc_column-inner\"><div class=\"wpb_wrapper\"><div class=\"w-grid type_grid layout_25853 cols_5 ratio_1x1\" id=\"us_grid_2\" style=\"--columns:5;--gap:2px;--item-ratio:1;\" data-filterable=\"true\"><style>@media (max-width:1380px){#us_grid_2{--columns:3!important}}@media (max-width:1024px){#us_grid_2{--columns:2!important}}@media (max-width:600px){#us_grid_2{--columns:1!important}}.layout_25853 .w-grid-item-h{}.layout_25853 .usg_post_custom_field_1{transition-duration:0.4s;transform-origin:50% 50%;transform:scale(0) translate(0,0);opacity:0}.layout_25853 .w-grid-item-h:hover .usg_post_custom_field_1{transform:scale(1.5) translate(0,0);opacity:1}.layout_25853 .usg_vwrapper_1{transition-duration:0.4s;transform-origin:50% 50%;transform:scale(0) translate(0,0);opacity:0}.layout_25853 .w-grid-item-h:hover .usg_vwrapper_1{transform:scale(1) translate(0,0);opacity:1}.layout_25853 .usg_post_image_1{position:absolute!important;top:0!important;right:0!important;bottom:0!important;left:0!important}.layout_25853 .usg_post_custom_field_1{position:absolute!important;top:0!important;right:0!important;bottom:0!important;left:0!important;border-radius:50!important;padding:2rem!important;background:inherit!important}.layout_25853 .usg_vwrapper_1{position:absolute!important;top:0!important;right:0!important;bottom:0!important;left:0!important;padding:2rem!important}.layout_25853 .usg_post_title_1{color:inherit!important}<\/style><div class=\"w-grid-list\">\t<article class=\"w-grid-item size_1x1 post-28473 us_portfolio type-us_portfolio status-publish has-post-thumbnail hentry us_portfolio_category-revierwelt\" data-id=\"28473\">\r\n\t\t<div class=\"w-grid-item-h\" style=\"background:#f2f2f2;color:#486c4b;\">\r\n\t\t\t\t\t\t\t<a href=\"https:\/\/revierwelt.de\/index.php\/portfolio\/fleischverwaltung\/\" class=\"w-grid-item-anchor\" aria-label=\"Fleischverwaltung\"><\/a>\r\n\t\t\t\t\t\t<div class=\"w-post-elm post_image usg_post_image_1 stretched\"><img loading=\"lazy\" decoding=\"async\" width=\"573\" height=\"573\" src=\"https:\/\/revierwelt.de\/wp-content\/uploads\/2022\/03\/frisches_wild_qua.png\" class=\"attachment-us_600_0 size-us_600_0 wp-post-image\" alt=\"\" \/><\/div><div class=\"w-post-elm post_custom_field usg_post_custom_field_1 type_text  color_link_inherit has_border_radius\"><span class=\"w-post-elm-value\"><\/span><\/div><div class=\"w-vwrapper usg_vwrapper_1 align_center valign_middle\"><h3 class=\"w-post-elm post_title usg_post_title_1 has_text_color align_center entry-title color_link_inherit\">Fleischverwaltung<\/h3><\/div>\t\t<\/div>\r\n\t\t\t<\/article>\r\n\t<article class=\"w-grid-item size_1x1 post-26717 us_portfolio type-us_portfolio status-publish has-post-thumbnail hentry us_portfolio_category-revierwelt\" data-id=\"26717\">\r\n\t\t<div class=\"w-grid-item-h\" style=\"background:#f2f2f2;color:#486c4b;\">\r\n\t\t\t\t\t\t\t<a href=\"https:\/\/revierwelt.de\/index.php\/portfolio\/drueckjagd\/\" class=\"w-grid-item-anchor\" aria-label=\"Dr\u00fcckjagd\"><\/a>\r\n\t\t\t\t\t\t<div class=\"w-post-elm post_image usg_post_image_1 stretched\"><img loading=\"lazy\" decoding=\"async\" width=\"600\" height=\"600\" src=\"https:\/\/revierwelt.de\/wp-content\/uploads\/2020\/05\/DRU\u0308CKJAGD_qua.jpg\" class=\"attachment-us_600_0 size-us_600_0 wp-post-image\" alt=\"\" \/><\/div><div class=\"w-post-elm post_custom_field usg_post_custom_field_1 type_text  color_link_inherit has_border_radius\"><span class=\"w-post-elm-value\"><\/span><\/div><div class=\"w-vwrapper usg_vwrapper_1 align_center valign_middle\"><h3 class=\"w-post-elm post_title usg_post_title_1 has_text_color align_center entry-title color_link_inherit\">Dr\u00fcckjagd<\/h3><\/div>\t\t<\/div>\r\n\t\t\t<\/article>\r\n\t<article class=\"w-grid-item size_1x1 post-23142 us_portfolio type-us_portfolio status-publish has-post-thumbnail hentry us_portfolio_category-revierwelt\" data-id=\"23142\">\r\n\t\t<div class=\"w-grid-item-h\" style=\"background:#f2f2f2;color:#486c4b;\">\r\n\t\t\t\t\t\t\t<a href=\"https:\/\/revierwelt.de\/index.php\/portfolio\/revierverwaltung\/\" class=\"w-grid-item-anchor\" aria-label=\"Revierverwaltung\"><\/a>\r\n\t\t\t\t\t\t<div class=\"w-post-elm post_image usg_post_image_1 stretched\"><img loading=\"lazy\" decoding=\"async\" width=\"600\" height=\"600\" src=\"https:\/\/revierwelt.de\/wp-content\/uploads\/2018\/01\/revierverwaltung-1-1-600x600.jpg\" class=\"attachment-us_600_0 size-us_600_0 wp-post-image\" alt=\"\" srcset=\"https:\/\/revierwelt.de\/wp-content\/uploads\/2018\/01\/revierverwaltung-1-1-600x600.jpg 600w, https:\/\/revierwelt.de\/wp-content\/uploads\/2018\/01\/revierverwaltung-1-1-150x150.jpg 150w, https:\/\/revierwelt.de\/wp-content\/uploads\/2018\/01\/revierverwaltung-1-1-300x300.jpg 300w, https:\/\/revierwelt.de\/wp-content\/uploads\/2018\/01\/revierverwaltung-1-1-768x768.jpg 768w, https:\/\/revierwelt.de\/wp-content\/uploads\/2018\/01\/revierverwaltung-1-1.jpg 1024w, https:\/\/revierwelt.de\/wp-content\/uploads\/2018\/01\/revierverwaltung-1-1-180x180.jpg 180w, https:\/\/revierwelt.de\/wp-content\/uploads\/2018\/01\/revierverwaltung-1-1-350x350.jpg 350w\" sizes=\"auto, (max-width: 600px) 100vw, 600px\" \/><\/div><div class=\"w-post-elm post_custom_field usg_post_custom_field_1 type_text  color_link_inherit has_border_radius\"><span class=\"w-post-elm-value\"><\/span><\/div><div class=\"w-vwrapper usg_vwrapper_1 align_center valign_middle\"><h3 class=\"w-post-elm post_title usg_post_title_1 has_text_color align_center entry-title color_link_inherit\">Revierverwaltung<\/h3><\/div>\t\t<\/div>\r\n\t\t\t<\/article>\r\n\t<article class=\"w-grid-item size_1x1 post-331 us_portfolio type-us_portfolio status-publish has-post-thumbnail hentry us_portfolio_category-revierwelt\" data-id=\"331\">\r\n\t\t<div class=\"w-grid-item-h\" style=\"background:#f2f2f2;color:#486c4b;\">\r\n\t\t\t\t\t\t\t<a href=\"https:\/\/revierwelt.de\/index.php\/portfolio\/gps-hundeortung\/\" class=\"w-grid-item-anchor\" aria-label=\"GPS-Hundeortung\"><\/a>\r\n\t\t\t\t\t\t<div class=\"w-post-elm post_image usg_post_image_1 stretched\"><img loading=\"lazy\" decoding=\"async\" width=\"600\" height=\"600\" src=\"https:\/\/revierwelt.de\/wp-content\/uploads\/2018\/01\/Dru\u0308ckjagd_iphone_qua2.png\" class=\"attachment-us_600_0 size-us_600_0 wp-post-image\" alt=\"\" \/><\/div><div class=\"w-post-elm post_custom_field usg_post_custom_field_1 type_text  color_link_inherit has_border_radius\"><span class=\"w-post-elm-value\"><\/span><\/div><div class=\"w-vwrapper usg_vwrapper_1 align_center valign_middle\"><h3 class=\"w-post-elm post_title usg_post_title_1 has_text_color align_center entry-title color_link_inherit\">GPS-Hundeortung<\/h3><\/div>\t\t<\/div>\r\n\t\t\t<\/article>\r\n\t<article class=\"w-grid-item size_1x1 post-23138 us_portfolio type-us_portfolio status-publish has-post-thumbnail hentry us_portfolio_category-revierwelt\" data-id=\"23138\">\r\n\t\t<div class=\"w-grid-item-h\" style=\"background:#f2f2f2;color:#486c4b;\">\r\n\t\t\t\t\t\t\t<a href=\"https:\/\/revierwelt.de\/index.php\/portfolio\/wildkameras\/\" class=\"w-grid-item-anchor\" aria-label=\"Wildkameras\"><\/a>\r\n\t\t\t\t\t\t<div class=\"w-post-elm post_image usg_post_image_1 stretched\"><img loading=\"lazy\" decoding=\"async\" width=\"600\" height=\"600\" src=\"https:\/\/revierwelt.de\/wp-content\/uploads\/2018\/01\/WILDKAMERA_wald_qua.jpg\" class=\"attachment-us_600_0 size-us_600_0 wp-post-image\" alt=\"\" \/><\/div><div class=\"w-post-elm post_custom_field usg_post_custom_field_1 type_text  color_link_inherit has_border_radius\"><span class=\"w-post-elm-value\"><\/span><\/div><div class=\"w-vwrapper usg_vwrapper_1 align_center valign_middle\"><h3 class=\"w-post-elm post_title usg_post_title_1 has_text_color align_center entry-title color_link_inherit\">Wildkameras<\/h3><\/div>\t\t<\/div>\r\n\t\t\t<\/article>\r\n<\/div><div class=\"w-grid-preloader\">\t<div class=\"g-preloader type_1\">\r\n\t\t<div><\/div>\r\n\t<\/div>\r\n\t<\/div>\t<div class=\"w-grid-json hidden\" onclick='return {&quot;action&quot;:&quot;us_ajax_grid&quot;,&quot;infinite_scroll&quot;:0,&quot;max_num_pages&quot;:2,&quot;pagination&quot;:&quot;none&quot;,&quot;template_vars&quot;:{&quot;columns&quot;:&quot;5&quot;,&quot;exclude_items&quot;:&quot;none&quot;,&quot;img_size&quot;:&quot;us_600_0&quot;,&quot;ignore_items_size&quot;:0,&quot;items_layout&quot;:&quot;25853&quot;,&quot;items_offset&quot;:&quot;1&quot;,&quot;load_animation&quot;:&quot;none&quot;,&quot;overriding_link&quot;:&quot;%7B%22type%22%3A%22post%22%7D&quot;,&quot;post_id&quot;:0,&quot;query_args&quot;:{&quot;post_type&quot;:[&quot;us_portfolio&quot;],&quot;tax_query&quot;:[{&quot;taxonomy&quot;:&quot;us_portfolio_category&quot;,&quot;field&quot;:&quot;slug&quot;,&quot;terms&quot;:[&quot;revierwelt&quot;]}],&quot;post_status&quot;:[&quot;publish&quot;],&quot;posts_per_page&quot;:&quot;5&quot;},&quot;orderby_query_args&quot;:{&quot;orderby&quot;:{&quot;date&quot;:&quot;DESC&quot;}},&quot;type&quot;:&quot;grid&quot;,&quot;us_grid_post_type&quot;:&quot;us_portfolio&quot;,&quot;us_grid_ajax_index&quot;:2,&quot;us_grid_filter_query_string&quot;:null,&quot;us_grid_index&quot;:2,&quot;page_args&quot;:[]}}'><\/div>\r\n\t<\/div><\/div><\/div><\/div><\/div><\/div><\/section><section class=\"l-section wpb_row height_medium color_primary\"><div class=\"l-section-h i-cf\"><div class=\"g-cols vc_row via_flex valign_top type_default stacking_default\"><div class=\"vc_col-sm-12 wpb_column vc_column_container us_animate_afb\"><div class=\"vc_column-inner\"><div class=\"wpb_wrapper\"><div class=\"w-actionbox color_primary controls_right\"><div class=\"w-actionbox-text\"><h2 class=\"w-actionbox-title\">Uvjerite se u Revierwelt!<\/h2><\/div><div class=\"w-actionbox-controls\"><a class=\"w-btn us-btn-style_6 icon_atleft\" href=\"https:\/\/portal.revierwelt.de\/\" style=\"font-size:19px;\"><i class=\"fas fa-user-plus\"><\/i><span class=\"w-btn-label\">Registrirajte se sada!<\/span><\/a><\/div><\/div><\/div><\/div><\/div><\/div><\/div><\/section>\n","protected":false},"excerpt":{"rendered":"REVIERWELT. Wildkamera. Wissen, was l\u00e4uft. Sie k\u00f6nnen nicht rund um die Uhr im Revier sein, um zu wissen was l\u00e4uft. Eine Wildkamera mit GPRS-Funktion dagegen schon \u2013 ihre Bilder zeigen Ihnen, wo sich welches Wild momentan im Revier bewegt. Sie k\u00f6nnen fast jede am Markt erh\u00e4ltliche Kamera mit Revierwelt verwenden. Kameras der Revierwelt-Edition lassen sich...","protected":false},"author":4,"featured_media":0,"parent":0,"menu_order":0,"comment_status":"closed","ping_status":"closed","template":"","meta":{"footnotes":""},"class_list":["post-36343","page","type-page","status-publish","hentry"],"_links":{"self":[{"href":"https:\/\/revierwelt.de\/index.php\/wp-json\/wp\/v2\/pages\/36343","targetHints":{"allow":["GET"]}}],"collection":[{"href":"https:\/\/revierwelt.de\/index.php\/wp-json\/wp\/v2\/pages"}],"about":[{"href":"https:\/\/revierwelt.de\/index.php\/wp-json\/wp\/v2\/types\/page"}],"author":[{"embeddable":true,"href":"https:\/\/revierwelt.de\/index.php\/wp-json\/wp\/v2\/users\/4"}],"replies":[{"embeddable":true,"href":"https:\/\/revierwelt.de\/index.php\/wp-json\/wp\/v2\/comments?post=36343"}],"version-history":[{"count":0,"href":"https:\/\/revierwelt.de\/index.php\/wp-json\/wp\/v2\/pages\/36343\/revisions"}],"wp:attachment":[{"href":"https:\/\/revierwelt.de\/index.php\/wp-json\/wp\/v2\/media?parent=36343"}],"curies":[{"name":"wp","href":"https:\/\/api.w.org\/{rel}","templated":true}]}}