{"id":36684,"date":"2025-02-25T11:11:06","date_gmt":"2025-02-25T10:11:06","guid":{"rendered":"https:\/\/revierwelt.de\/index.php\/yleiset-palvelussuhteen-ehdot\/"},"modified":"2025-02-25T11:11:06","modified_gmt":"2025-02-25T10:11:06","slug":"yleiset-palvelussuhteen-ehdot","status":"publish","type":"page","link":"https:\/\/revierwelt.de\/index.php\/yleiset-palvelussuhteen-ehdot\/?lang=fi","title":{"rendered":"Yleiset palvelussuhteen ehdot"},"content":{"rendered":"<p><strong>I. Soveltamisala<\/strong><\/p>\n<p>T\u00e4m\u00e4n verkkosivuston yll\u00e4pit\u00e4j\u00e4 on <a href=\"https:\/\/revierwelt.de\/index.php\/impressum\/\">REVIERWELT MEDIA GmbH<\/a> (<strong>REVIERWELT MEDIA<\/strong>). N\u00e4it\u00e4 yleisi\u00e4 k\u00e4ytt\u00f6ehtoja sovelletaan kaikkiin REVIERWELT MEDIAn ja verkkosivustojen k\u00e4ytt\u00e4j\u00e4n (kuluttaja tai yritt\u00e4j\u00e4) v\u00e4lisiin liikesuhteisiin siin\u00e4 muodossa, joka on voimassa k\u00e4yt\u00f6n aloittamishetkell\u00e4 (rekister\u00f6inti, kirjautuminen, mainosten asettaminen tai muu k\u00e4ytt\u00f6). Yleisi\u00e4 sopimusehtoja tai muita k\u00e4ytt\u00e4j\u00e4n ehtoja, jotka poikkeavat n\u00e4ist\u00e4 yleisist\u00e4 sopimusehdoista, sovelletaan vain, jos REVIERWELT MEDIA on hyv\u00e4ksynyt ne kirjallisesti.  <\/p>\n<p>Kuluttaja on kuka tahansa, joka ei ole yritt\u00e4j\u00e4. Yritt\u00e4j\u00e4 on luonnollinen henkil\u00f6, oikeushenkil\u00f6 tai oikeuskelpoinen henkil\u00f6yhti\u00f6, joka oikeustoimen tehdess\u00e4\u00e4n toimii kaupallista tai itsen\u00e4ist\u00e4 ammattitoimintaa harjoittaessaan (BGB:n 14 \u00a7:n 1 momentti). Jos yritt\u00e4j\u00e4 ei toimi kaupallista tai itsen\u00e4ist\u00e4 ammattitoimintaa harjoittaessaan, h\u00e4nell\u00e4 on my\u00f6s kuluttajille tarkoitetut oikeudet, ja h\u00e4nt\u00e4 on pidett\u00e4v\u00e4 n\u00e4iss\u00e4 ALB:ss\u00e4 tarkoitettuna kuluttajana.  <\/p>\n<p><strong>II Tietosuoja<\/strong><\/p>\n<p>Henkil\u00f6tietojen k\u00e4ytt\u00f6\u00f6n sovelletaan erityiss\u00e4\u00e4nn\u00f6ksi\u00e4. Klikkaa <a href=\"https:\/\/revierwelt.de\/index.php\/datenschutzerklaerung\/\"><strong>t\u00e4st\u00e4<\/strong><\/a>n\u00e4hd\u00e4ksesi tietosuojas\u00e4\u00e4nn\u00f6kset. <\/p>\n<p><strong>III. Sivuston sis\u00e4ll\u00f6n k\u00e4ytt\u00f6 ja oikeudet<\/strong><\/p>\n<p>1. saatavuuden mukaan<\/p>\n<p>REVIERWELT MEDIA tarjoaa n\u00e4ill\u00e4 sivuilla saatavilla olevia tietoja ja palveluita varauksin, erityisesti niiden saatavuuden ja\/tai sen mukaan, ett\u00e4 k\u00e4ytt\u00e4j\u00e4 noudattaa n\u00e4iden yleisten sopimusehtojen m\u00e4\u00e4r\u00e4yksi\u00e4.<\/p>\n<p>2. verkkosivustojen tekij\u00e4noikeussuojaus<\/p>\n<p>Verkkosivujen sis\u00e4lt\u00f6 on tekij\u00e4noikeussuojattu lain sallimissa rajoissa. Ellei laissa ole yksitt\u00e4istapauksissa toisin s\u00e4\u00e4detty, suojatun sis\u00e4ll\u00f6n k\u00e4ytt\u00f6 (esim. j\u00e4ljent\u00e4minen, jakelu ja\/tai yleis\u00f6n saataville saattaminen) on sallittua vain REVIERWELT MEDIAn etuk\u00e4teen antamalla kirjallisella suostumuksella. Suojatun sis\u00e4ll\u00f6n k\u00e4ytt\u00f6 on sallittua vain viittaamalla l\u00e4hteeseen, vaikka t\u00e4llainen suostumus olisikin saatu. K\u00e4ytt\u00e4j\u00e4n suorittama sis\u00e4ll\u00f6n k\u00e4ytt\u00f6 suoriin tai ep\u00e4suoriin kaupallisiin tarkoituksiin edellytt\u00e4\u00e4 REVIERWELT MEDIAn etuk\u00e4teen antamaa kirjallista suostumusta.   <\/p>\n<p>Linkit REVIERWELT MEDIA -sivustojen tekij\u00e4noikeussuojattuun sis\u00e4lt\u00f6\u00f6n ovat sallittuja vain, jos linkit johtavat suoraan REVIERWELT MEDIA -sivustoille tai jos p\u00e4\u00e4syn estoja ei kierret\u00e4. Linkin on my\u00f6s oltava tunnistettavissa kolmansille osapuolille. <\/p>\n<p>3. k\u00e4ytt\u00e4j\u00e4n l\u00e4hett\u00e4m\u00e4n sis\u00e4ll\u00f6n tekij\u00e4noikeudet<\/p>\n<p>K\u00e4ytt\u00e4j\u00e4n l\u00e4hett\u00e4m\u00e4n tekij\u00e4noikeussuojatun sis\u00e4ll\u00f6n tekij\u00e4noikeudet s\u00e4ilyv\u00e4t asianomaisella tekij\u00e4ll\u00e4. L\u00e4hett\u00e4m\u00e4ll\u00e4 (esim. lataamalla ja\/tai l\u00e4hett\u00e4m\u00e4ll\u00e4 s\u00e4hk\u00f6postitse) t\u00e4m\u00e4n sis\u00e4ll\u00f6n k\u00e4ytt\u00e4j\u00e4 antaa kuitenkin REVIERWELT MEDIAlle yksinkertaisen, tilallisesti, ajallisesti ja sis\u00e4ll\u00f6llisesti rajoittamattoman oikeuden k\u00e4ytt\u00e4\u00e4 t\u00e4t\u00e4 sis\u00e4lt\u00f6\u00e4 fyysisess\u00e4 ja muussa kuin fyysisess\u00e4 muodossa kaikenlaiseen k\u00e4ytt\u00f6\u00f6n. T\u00e4m\u00e4 oikeuksien my\u00f6nt\u00e4minen sis\u00e4lt\u00e4\u00e4 erityisesti oikeuden, joka liittyy REVIERWELT MEDIAn julkaisutarkoitukseen, muokata sis\u00e4lt\u00f6\u00e4, j\u00e4ljent\u00e4\u00e4 sit\u00e4, levitt\u00e4\u00e4 sit\u00e4 tai esitt\u00e4\u00e4 sit\u00e4 julkisesti Internetiss\u00e4 REVIERWELT MEDIAn verkkosivustoilla, mukaan lukien kussakin tapauksessa k\u00e4ytt\u00f6 mainostarkoituksiin REVIERWELT MEDIAn julkaisemista varten (oikeus muokata, j\u00e4ljent\u00e4\u00e4 ja levitt\u00e4\u00e4 sek\u00e4 oikeus asettaa se julkisesti saataville).  <\/p>\n<p><strong>IV. Rekister\u00f6inti<\/strong><\/p>\n<p>1. k\u00e4ytt\u00e4j\u00e4n tiedot<\/p>\n<p>Rekister\u00f6ityminen edellytt\u00e4\u00e4 rekister\u00f6itymist\u00e4 joillakin verkkosivuston alueilla. N\u00e4iden suljettujen alueiden k\u00e4ytt\u00f6 edellytt\u00e4\u00e4, ett\u00e4 k\u00e4ytt\u00e4j\u00e4 on t\u00e4ysi-ik\u00e4inen, rekister\u00f6ityy ja antaa totuudenmukaiset ja t\u00e4ydelliset henkil\u00f6tiedot. K\u00e4ytt\u00e4j\u00e4 on my\u00f6s velvollinen ilmoittamaan meille kaikista my\u00f6hemmist\u00e4 muutoksista henkil\u00f6kohtaisiin tietoihin, kun h\u00e4n seuraavan kerran vierailee kyseisill\u00e4 verkkosivustoilla.  <\/p>\n<p>2. k\u00e4ytt\u00e4j\u00e4tietojen tarkistaminen ja p\u00e4\u00e4syn est\u00e4minen<\/p>\n<p>REVIERWELT MEDIA pid\u00e4tt\u00e4\u00e4 oikeuden tarkistaa k\u00e4ytt\u00e4j\u00e4n henkil\u00f6tiedot lain sallimissa rajoissa. Lis\u00e4ksi REVIERWELT MEDIA pid\u00e4tt\u00e4\u00e4 oikeuden est\u00e4\u00e4 p\u00e4\u00e4syn rajoitetuille alueille milloin tahansa. P\u00e4\u00e4sy estet\u00e4\u00e4n erityisesti, jos k\u00e4ytt\u00e4j\u00e4 on antanut v\u00e4\u00e4ri\u00e4 henkil\u00f6tietoja rekister\u00f6itymisen yhteydess\u00e4 tai muuten rikkonut n\u00e4it\u00e4 ALB-ehtoja.  <\/p>\n<p><strong>V. Sopimuksen tekeminen, viesti-\/tietopalvelujen k\u00e4ytt\u00f6 ja sopimuksen kesto<\/strong><\/p>\n<p>1. sopimuskumppani<\/p>\n<p>Jos sopimus tehd\u00e4\u00e4n, sopimus tehd\u00e4\u00e4n REVIERWELT MEDIAn kanssa. Lis\u00e4tietoja osoitteesta REVIERWELT MEDIA l\u00f6ytyy <a href=\"https:\/\/revierwelt.de\/index.php\/impressum\/\">t\u00e4\u00e4lt\u00e4<\/a>. <\/p>\n<p>2. sopimuksen tekeminen<\/p>\n<p>REVIERWELT MEDIAn palvelukuvaus ei muodosta REVIERWELT MEDIAn oikeudellisesti sitovaa sopimustarjousta, vaan se on ainoastaan k\u00e4ytt\u00e4j\u00e4lle osoitettu ei-sitova kutsu k\u00e4ytt\u00e4\u00e4 palveluja.<\/p>\n<p>Sopimus tehd\u00e4\u00e4n seuraavissa vaiheissa:<\/p>\n<p>(a) Luomalla salasanalla suojatun tilin verkkosivuston rekister\u00f6intitoiminnon kautta k\u00e4ytt\u00e4j\u00e4 tekee tarjouksen sopimuksen tekemisest\u00e4.<br \/>\n(b) Rekister\u00f6itymisprosessin p\u00e4\u00e4tytty\u00e4 REVIERWELT MEDIA ja k\u00e4ytt\u00e4j\u00e4 tekev\u00e4t sopimuksen sopimuspalvelujen tarjoamisesta l\u00e4hett\u00e4m\u00e4ll\u00e4 rekister\u00f6innin vahvistavan s\u00e4hk\u00f6postiviestin k\u00e4ytt\u00e4j\u00e4n ilmoittamaan s\u00e4hk\u00f6postiosoitteeseen.<\/p>\n<p>REVIERWELT MEDIA tallentaa sopimustekstin ja l\u00e4hett\u00e4\u00e4 k\u00e4ytt\u00e4j\u00e4lle tilaustiedot ALB:n kanssa s\u00e4hk\u00f6postitse. K\u00e4ytt\u00e4j\u00e4 voi my\u00f6s tarkastella ALB:t\u00e4 milloin tahansa REVIERWELT MEDIAn verkkosivustolla. <\/p>\n<p>3. Viesti- ja datapalvelujen k\u00e4ytt\u00f6<\/p>\n<p>Ennen kuin k\u00e4ytt\u00e4j\u00e4 voi k\u00e4ytt\u00e4\u00e4 maksullisia viesti- ja datapalveluja, h\u00e4nen on ladattava alueeseen liittyv\u00e4\u00e4 k\u00e4ytt\u00e4j\u00e4tili\u00e4\u00e4n. Hyvityst\u00e4 ei palauteta. <\/p>\n<p>K\u00e4ytt\u00e4j\u00e4ll\u00e4 on oltava mahdollisuus k\u00e4ytt\u00e4\u00e4 tietojen l\u00e4hetys- ja vastaanottoj\u00e4rjestelm\u00e4\u00e4 kulloinkin k\u00e4ytett\u00e4viss\u00e4 olevien teknisten mahdollisuuksien ja saatavuuden rajoissa. REVIERWELT MEDIA ei ole miss\u00e4\u00e4n tapauksessa vastuussa tietojen tai tekstiviestien onnistuneesta vastaanottamisesta tai toimittamisesta. REVIERWELT MEDIA tarjoaa k\u00e4ytt\u00e4j\u00e4lle verkkosivuston ja tietoviestint\u00e4kanavat k\u00e4ytt\u00e4en tietojen l\u00e4hetys- ja vastaanottoj\u00e4rjestelm\u00e4\u00e4, jota REVIERWELT MEDIA voi k\u00e4ytt\u00e4\u00e4 suoraan ja ilman kolmansien osapuolten v\u00e4liintuloa (Revierwelt-j\u00e4rjestelm\u00e4) sovitussa laajuudessa ja sovitussa viestint\u00e4muodossa (nimitt\u00e4in tiedot, tekstiviestit, s\u00e4hk\u00f6posti ja \u00e4\u00e4ni) ja saatavuuden mukaan, Revierwelt-j\u00e4rjestelm\u00e4 ja tili tekstiviestien sy\u00f6tt\u00e4mist\u00e4 varten ja\/tai tekstiviestien ja tietojen v\u00e4liaikaista tallentamista varten l\u00e4hetett\u00e4v\u00e4ksi k\u00e4ytt\u00e4j\u00e4n m\u00e4\u00e4r\u00e4np\u00e4\u00e4osoitteeksi ilmoittamaan matkapuhelinnumeroon ja\/tai kohtuullisiin palveluihin, joiden tarkoituksena on l\u00e4hett\u00e4\u00e4 tietoja, teksti- tai \u00e4\u00e4niviestej\u00e4 k\u00e4ytt\u00e4j\u00e4n ilmoittamaan viestint\u00e4rajapintaan, soitto-\/matkapuhelinnumeroihin tai s\u00e4hk\u00f6postiosoitteeseen. Revierwelt ei ole mill\u00e4\u00e4n tavoin vastuussa v\u00e4litett\u00e4v\u00e4n datan, tekstiviestin tai \u00e4\u00e4niviestin onnistuneesta l\u00e4hett\u00e4misest\u00e4 tai vastaanottamisesta, vaan ainoastaan Revierwelt-j\u00e4rjestelm\u00e4n tarjoamisesta ja yhden tai useamman viestin\/tiedon l\u00e4hetysyrityksen k\u00e4ynnist\u00e4misest\u00e4. K\u00e4ytt\u00e4j\u00e4 on erityisesti tietoinen siit\u00e4, ett\u00e4 vaikka n\u00e4m\u00e4 palvelut suoritetaan sopimuksen mukaisesti, v\u00e4litett\u00e4v\u00e4t tiedot\/viestit voivat viiv\u00e4sty\u00e4 tai kadota, erityisesti jos niit\u00e4 ei voida toimittaa tai muista Revierwelt-j\u00e4rjestelm\u00e4st\u00e4 riippumattomista syist\u00e4 (esim. kapasiteettirajoitukset tai sen matkapuhelinverkon tai muun verkon tai muiden palveluntarjoajien, jonka kautta tiedot, teksti- tai \u00e4\u00e4niviestit toimitetaan ja jaetaan, kapasiteettirajoitukset tai saatavuus puuttuu). Erityisesti REVIERWELT MEDIA ei ole vastuussa televiestint\u00e4palveluista, joita tarvitaan tiedonsiirtoon Revierwelt-j\u00e4rjestelm\u00e4n kautta Internetiin tapahtuvan siirtopisteen ja kohdenumeron vastaanottavan laitteen v\u00e4lill\u00e4.     <\/p>\n<p>4. sopimuksen voimassaoloaika ja irtisanominen<\/p>\n<p>Sopimus tehd\u00e4\u00e4n kahdentoista (12) kuukauden ajaksi (sopimuskausi). Sit\u00e4 jatketaan kussakin tapauksessa kahdellatoista kuukaudella, ellei k\u00e4ytt\u00e4j\u00e4 irtisano sopimusta tekstimuodossa (kirje, faksi tai s\u00e4hk\u00f6posti) yhden kuukauden irtisanomisajalla ennen kyseisen m\u00e4\u00e4r\u00e4ajan p\u00e4\u00e4ttymist\u00e4. <\/p>\n<p>Oikeus irtisanoa ty\u00f6sopimus p\u00e4tev\u00e4st\u00e4 syyst\u00e4 ei vaikuta t\u00e4h\u00e4n. Hyv\u00e4n syyn katsotaan olevan olemassa esimerkiksi, jos REVIERWELT MEDIA lopettaa verkkosivustojen yll\u00e4pidon. <\/p>\n<p><strong>VI Hinnat, maksu, er\u00e4p\u00e4iv\u00e4<\/strong><\/p>\n<p>1. palkinnot<\/p>\n<p>Kunkin REVIERWELT MEDIAn tarjoaman palvelun hinnat lasketaan REVIERWELT MEDIAn verkkosivustolla julkaistun <a href=\"https:\/\/revierwelt.de\/index.php\/24594-2\/\">hinnaston<\/a> perusteella. Ratkaisevaa on palvelun k\u00e4ytt\u00f6hetkell\u00e4 julkaistu hinta. <\/p>\n<p>Hinnat voivat muuttua (jakso X).<\/p>\n<p>Ilmoitetut hinnat sis\u00e4lt\u00e4v\u00e4t aina lakis\u00e4\u00e4teisen arvonlis\u00e4veron ja muut hintakomponentit.<\/p>\n<p>2. maksu, er\u00e4p\u00e4iv\u00e4<\/p>\n<p>Laskutus tapahtuu sen j\u00e4lkeen, kun palvelua on k\u00e4ytetty, veloittamalla yksitt\u00e4inen hinta automaattisesti k\u00e4ytt\u00e4j\u00e4n aluekohtaiselta k\u00e4ytt\u00e4j\u00e4tililt\u00e4, jota on t\u00e4ydennetty hyvityssaldolla k\u00e4ytt\u00e4j\u00e4n aluehallinnossa.<\/p>\n<p>Datapalvelu\/viestipalvelu on k\u00e4ytett\u00e4viss\u00e4 vain, jos k\u00e4ytt\u00e4j\u00e4tili on ladattu. K\u00e4ytt\u00e4j\u00e4 voi tarkastella ja tarkistaa tili\u00e4. K\u00e4ytt\u00e4j\u00e4tilille ladattua luottoa ei palauteta.  <\/p>\n<p>3. valitusten poissulkeminen<\/p>\n<p>Valitukset voidaan ottaa k\u00e4sitelt\u00e4v\u00e4ksi ainoastaan kuukauden kuluessa siit\u00e4, kun valituksen kohteena oleva yksitt\u00e4inen hinta on veloitettu.<\/p>\n<p>4. yritt\u00e4jin\u00e4 toimivia k\u00e4ytt\u00e4ji\u00e4 koskevat erityiss\u00e4\u00e4nn\u00f6kset<\/p>\n<p>Yritt\u00e4j\u00e4n on maksettava REVIERWELT MEDIAlle viiv\u00e4styksen aikana korkoa, jonka m\u00e4\u00e4r\u00e4 on 8 prosenttia yli kulloisenkin rahavelan peruskoron. Oikeus esitt\u00e4\u00e4 n\u00e4ytt\u00f6\u00e4 korkeammasta viiv\u00e4styskoron m\u00e4\u00e4r\u00e4st\u00e4 pid\u00e4tet\u00e4\u00e4n. Yritt\u00e4j\u00e4ll\u00e4 on oikeus kuittaukseen vain, jos h\u00e4nen vastasaatavansa ovat riidattomia tai ne on tunnustettu lainvoimaisella tuomiolla.  <\/p>\n<p><strong>VII. K\u00e4ytt\u00e4jien peruuttamisoikeus kuluttajina<\/strong><\/p>\n<p><strong>Peruutusehdot<\/strong><\/p>\n<p><strong>Peruuttamisoikeus<\/strong><\/p>\n<p><strong>Voit peruuttaa sopimusilmoituksesi kirjallisesti (esim. kirjeitse, faksilla tai s\u00e4hk\u00f6postitse) 14 p\u00e4iv\u00e4n kuluessa ilman perusteluja. M\u00e4\u00e4r\u00e4aika alkaa t\u00e4m\u00e4n tekstimuotoisen ohjeen vastaanottamisesta, mutta ei kuitenkaan ennen sopimuksen tekemist\u00e4 eik\u00e4 my\u00f6sk\u00e4\u00e4n ennen kuin olemme t\u00e4ytt\u00e4neet tiedonantovelvollisuutemme EY:n yleisen lain 246 \u00a7:n 2 momentin yhdess\u00e4 EGBGB:n 1 \u00a7:n 1 ja 2 momentin kanssa sek\u00e4 velvollisuutemme BGB:n 312 g \u00a7:n 1 momentin 1 virkkeen yhdess\u00e4 EGBGB:n 246 \u00a7:n 3 momentin kanssa. Peruutuksen oikea-aikainen l\u00e4hett\u00e4minen riitt\u00e4\u00e4 peruutusajan noudattamiseen. Peruutus on l\u00e4hetett\u00e4v\u00e4 osoitteeseen:   <\/strong><\/p>\n<p><strong>REVIERWELT MEDIA GMBH<br \/>\nToimitusjohtaja: Alexander Vinnai<br \/>\nPestalozzistrasse 41<br \/>\n35606 Solms<br \/>\nsupport@revierwelt.de<\/strong><\/p>\n<p><strong>Peruuttamisen seuraukset<\/strong><\/p>\n<p><strong>Jos sopimus peruutetaan tosiasiallisesti, molempien osapuolten saamat palvelut on palautettava ja kaikki saadut hy\u00f6dyt (esim. korot) on palautettava. Jos et pysty palauttamaan tai palauttamaan meille saamiasi tavaroita tai palveluita sek\u00e4 niist\u00e4 saatuja etuja (esim. k\u00e4ytt\u00f6etuja) tai voit palauttaa tai palauttaa ne vain osittain tai huonontuneessa kunnossa, sinun on korvattava meille niiden arvo. T\u00e4m\u00e4 voi merkit\u00e4 sit\u00e4, ett\u00e4 sinun on kuitenkin t\u00e4ytett\u00e4v\u00e4 sopimusperusteiset maksuvelvoitteesi peruuttamiseen saakka. Korvausvelvoitteet on t\u00e4ytett\u00e4v\u00e4 30 p\u00e4iv\u00e4n kuluessa. M\u00e4\u00e4r\u00e4aika alkaa sinun kohdallasi siit\u00e4, kun l\u00e4het\u00e4t peruutusilmoituksen, ja meid\u00e4n kohdallamme siit\u00e4, kun vastaanotamme sen.    <\/strong><\/p>\n<p><strong>Erityiset huomautukset<\/strong><\/p>\n<p><strong>Peruuttamisoikeutesi p\u00e4\u00e4ttyy ennenaikaisesti, jos molemmat osapuolet ovat nimenomaisesta pyynn\u00f6st\u00e4si t\u00e4ytt\u00e4neet sopimuksen kokonaan ennen kuin olet k\u00e4ytt\u00e4nyt peruuttamisoikeuttasi.<\/strong><\/p>\n<p><strong>Peruutusehdot p\u00e4\u00e4ttyv\u00e4t.<\/strong><\/p>\n<p><strong>VIII. REVIERWELT MEDIAn vastuu<\/strong><\/p>\n<p>REVIERWELT MEDIAn vastuu on poissuljettu liev\u00e4sti huolimattomien velvollisuuksien laiminly\u00f6ntien osalta edellytt\u00e4en, ett\u00e4 n\u00e4m\u00e4 velvollisuuksien laiminly\u00f6nnit eiv\u00e4t vaikuta olennaisiin sopimusvelvoitteisiin tai henkeen, terveyteen tai ruumiillisuuteen tai tuotevastuulain mukaisiin vaatimuksiin. T\u00e4m\u00e4 p\u00e4tee vastaavasti my\u00f6s REVIERWELT MEDIAn ty\u00f6ntekij\u00f6iden tai avustajien tekemiin velvollisuuksien laiminly\u00f6nteihin. <\/p>\n<p>T\u00e4m\u00e4n m\u00e4\u00e4r\u00e4yksen mukaisesti REVIERWELT MEDIA ei ota vastuuta erityisesti k\u00e4ytt\u00e4jien toimittamasta sis\u00e4ll\u00f6st\u00e4 (esimerkiksi henkil\u00f6- ja\/tai muista tiedoista), erityisesti t\u00e4m\u00e4n sis\u00e4ll\u00f6n t\u00e4ydellisyydest\u00e4 tai tarkkuudesta, eik\u00e4 my\u00f6sk\u00e4\u00e4n vastuusta haitoista, joita k\u00e4ytt\u00e4j\u00e4lle aiheutuu verkkosivuston tai sen osien tilap\u00e4isest\u00e4 k\u00e4ytt\u00f6kyvytt\u00f6myydest\u00e4, tietojen katoamisesta tai vastaavista teknisist\u00e4 ongelmista. N\u00e4in ollen REVIERWELT MEDIA ei ota vastuuta erityisesti j\u00e4rjestelm\u00e4\u00e4n liittyvist\u00e4 vioista, keskeytyksist\u00e4 ja\/tai tiedonsiirron h\u00e4iri\u00f6ist\u00e4 tai REVIERWELT MEDIAn verkkosivustoon sovellettavien k\u00e4ytt\u00f6ohjeiden noudattamatta j\u00e4tt\u00e4misest\u00e4. <\/p>\n<p><strong>IX. K\u00e4ytt\u00e4j\u00e4n vastuu<\/strong><\/p>\n<p>1. k\u00e4ytt\u00e4j\u00e4n vastuu salasanan k\u00e4yt\u00f6st\u00e4<\/p>\n<p>K\u00e4ytt\u00e4j\u00e4 on vastuussa salasanansa luottamuksellisuudesta ja k\u00e4yt\u00f6st\u00e4. K\u00e4ytt\u00e4j\u00e4 on erityisesti velvollinen s\u00e4ilytt\u00e4m\u00e4\u00e4n salasanansa erityisen huolellisesti ja est\u00e4m\u00e4\u00e4n kolmansia osapuolia saamasta tietoonsa salasanaa. Jos k\u00e4ytt\u00e4j\u00e4n salasanaa k\u00e4ytet\u00e4\u00e4n luvattomasti, k\u00e4ytt\u00e4j\u00e4n on korvattava REVIERWELT MEDIAlle kaikki vastuut, ellei k\u00e4ytt\u00e4j\u00e4 ole noudattanut liiketoiminnassaan vaadittavaa huolellisuutta. K\u00e4ytt\u00e4j\u00e4 on velvollinen ilmoittamaan REVIERWELT MEDIAlle v\u00e4litt\u00f6m\u00e4sti, jos on syyt\u00e4 ep\u00e4ill\u00e4, ett\u00e4 salasanaa k\u00e4ytet\u00e4\u00e4n luvattomasti.   <\/p>\n<p>2. k\u00e4ytt\u00e4j\u00e4n vastuu omista tiedoistaan<\/p>\n<p>K\u00e4ytt\u00e4j\u00e4 on vastuussa henkil\u00f6kohtaisten tai yritystietojensa oikeellisuudesta ja ajantasaisuudesta &#8211; mukaan lukien lupa k\u00e4ytt\u00e4\u00e4 suojattuja ammattinimikkeit\u00e4. Jos k\u00e4ytt\u00e4j\u00e4 antaa v\u00e4\u00e4ri\u00e4 tietoja tai ei p\u00e4ivit\u00e4 tietojaan asianmukaisin v\u00e4liajoin, k\u00e4ytt\u00e4j\u00e4n on korvattava REVIERWELT MEDIAlle kaikki vastuunsa, jotka liittyv\u00e4t h\u00e4nen tietoihinsa, ellei h\u00e4n ole noudattanut liiketoiminnassaan vaadittavaa huolellisuutta. <\/p>\n<p>3 K\u00e4ytt\u00e4j\u00e4n vastuu l\u00e4hetetyst\u00e4 sis\u00e4ll\u00f6st\u00e4<\/p>\n<p>L\u00e4hett\u00e4m\u00e4ll\u00e4 sis\u00e4lt\u00f6\u00e4 &#8211; sis\u00e4ll\u00f6st\u00e4 riippumatta &#8211; k\u00e4ytt\u00e4j\u00e4 takaa ja takaa, ett\u00e4 t\u00e4m\u00e4 sis\u00e4lt\u00f6 on t\u00e4ysin lain mukaista. K\u00e4ytt\u00e4j\u00e4 takaa ja vakuuttaa erityisesti, ett\u00e4 h\u00e4n ei l\u00e4het\u00e4 sivustolle sis\u00e4lt\u00f6\u00e4, joka on <\/p>\n<p>&#8211; rikkovat sovellettavia lakeja, lakis\u00e4\u00e4teisi\u00e4 tai viranomaiskieltoja tai moraalia,<br \/>\n&#8211; loukkaavat kolmansien osapuolten oikeuksia,<br \/>\n&#8211; ovat pornografisia, loukkaavia, uhkaavia, h\u00e4iritsevi\u00e4, mauttomia, rasistisia, muutoin syrjivi\u00e4 tai muutoin paheksuttavia,<br \/>\n&#8211; rikkovat sovellettavia nuorisonsuojelus\u00e4\u00e4nn\u00f6ksi\u00e4 tai<br \/>\n&#8211; ovat katsottava v\u00e4\u00e4rink\u00e4yt\u00f6ksiksi, erityisesti roskapostiksi.<\/p>\n<p>L\u00e4hett\u00e4m\u00e4ll\u00e4 sis\u00e4lt\u00f6\u00e4 k\u00e4ytt\u00e4j\u00e4 takaa ja vakuuttaa erityisesti, ett\u00e4 h\u00e4n voi vapaasti m\u00e4\u00e4r\u00e4t\u00e4 t\u00e4st\u00e4 sis\u00e4ll\u00f6st\u00e4, erityisesti siin\u00e4 laajuudessa kuin h\u00e4n on my\u00f6nt\u00e4nyt oikeuksia IV jakson mukaisesti REVIERWELT MEDIAn suhteen, ja ett\u00e4 sis\u00e4lt\u00f6 ei heikenn\u00e4 tai loukkaa kolmansien osapuolten oikeuksia, erityisesti oikeutta omaan kuvaansa, yleist\u00e4 henkil\u00f6llisyysoikeutta (esim. nimioikeutta), tavaramerkkioikeutta (esim. tavaramerkkioikeutta), muita teollisoikeuksia ja\/tai tekij\u00e4noikeutta tai tekij\u00e4noikeusl\u00e4hioikeutta.<\/p>\n<p>Jos k\u00e4ytt\u00e4j\u00e4 rikkoo t\u00e4ss\u00e4 lausekkeessa mainittuja takuita, erityisesti jos kolmannet osapuolet vaativat REVIERWELT MEDIAa vastaan oikeuksia edellisiss\u00e4 kohdissa tarkoitetulla tavalla, k\u00e4ytt\u00e4j\u00e4n on korvattava REVIERWELT MEDIAlle kaikki vahingot, mukaan lukien oikeudellisesta puolustuksesta aiheutuvat kustannukset, ellei k\u00e4ytt\u00e4j\u00e4 ole toiminut huolellisesti. K\u00e4ytt\u00e4j\u00e4n on tuettava REVIERWELT MEDIAa sen oikeudellisessa puolustautumisessa erityisesti toimittamalla tietoja. <\/p>\n<p><strong>X. Muutoksia\/muutoksia koskeva varaus<\/strong><\/p>\n<p>REVIERWELT MEDIA pid\u00e4tt\u00e4\u00e4 oikeuden muuttaa ALB-ehtoja ja muita verkkosivustojen k\u00e4ytt\u00f6\u00e4 koskevia ehtoja &#8211; hinnasto mukaan lukien &#8211; sek\u00e4 yksitt\u00e4isi\u00e4 eritelmi\u00e4 milloin tahansa. REVIERWELT MEDIA ilmoittaa kaikista n\u00e4ihin ehtoihin teht\u00e4vist\u00e4 muutoksista verkkosivustoilla julkaistavalla ilmoituksella. <\/p>\n<p>K\u00e4ytt\u00e4j\u00e4 antaa suostumuksensa muutettujen ehtojen voimassaoloon silt\u00e4 osin kuin h\u00e4n k\u00e4ytt\u00e4\u00e4 REVIERWELT MEDIA -verkkosivustoja t\u00e4llaisen muutosilmoituksen julkaisemisen j\u00e4lkeen.<\/p>\n<p>Kun n\u00e4iden ALB:iden muutettu versio julkaistaan, aiemmat versiot menett\u00e4v\u00e4t voimassaolonsa.<\/p>\n<p><strong>XI. T\u00e4ytt\u00f6paikka, sovellettava laki ja oikeuspaikka<\/strong><\/p>\n<p>REVIERWELT MEDIAn ja k\u00e4ytt\u00e4j\u00e4n, joka on yritt\u00e4j\u00e4, v\u00e4lisiss\u00e4 asioissa yksinomainen oikeuspaikka ja tuomiovalta kaikissa vaateissa on &#8211; sik\u00e4li kuin se on sallittua &#8211; Wetzlarin paikallistuomioistuin tai Limburgin aluetuomioistuin.<\/p>\n<p>Sovelletaan yksinomaan Saksan liittotasavallan lakia. Kuluttajan osalta t\u00e4t\u00e4 lainvalintaa sovelletaan vain silt\u00e4 osin kuin kuluttajan asuinpaikkavaltion lains\u00e4\u00e4d\u00e4nn\u00f6n pakottavien s\u00e4\u00e4nn\u00f6sten tarjoamaa suojaa ei ole peruutettu. <\/p>\n<p><strong>XII Purkamislauseke<\/strong><\/p>\n<p>Jos n\u00e4iden yleisten sopimusehtojen yksitt\u00e4iset m\u00e4\u00e4r\u00e4ykset ovat tai tulevat p\u00e4tem\u00e4tt\u00f6miksi ja\/tai mit\u00e4tt\u00f6miksi, se ei vaikuta muiden m\u00e4\u00e4r\u00e4ysten p\u00e4tevyyteen. P\u00e4tem\u00e4tt\u00f6m\u00e4t ja\/tai mit\u00e4tt\u00f6m\u00e4t m\u00e4\u00e4r\u00e4ykset on korvattava siten, ett\u00e4 aiottu taloudellinen tarkoitus saavutetaan. T\u00e4m\u00e4 koskee vastaavasti ALB:n aukkojen t\u00e4ytt\u00e4mist\u00e4.  <\/p>\n<p><strong>XIII K\u00e4yt\u00e4nnes\u00e4\u00e4nn\u00f6t<\/strong><\/p>\n<p>REVIERWELT Media ei ole noudattanut mit\u00e4\u00e4n k\u00e4yt\u00e4nnes\u00e4\u00e4nt\u00f6j\u00e4.<\/p>\n<p>ALB:n tila: syyskuu 2012.<\/p>\n","protected":false},"excerpt":{"rendered":"<p>I. Soveltamisala T\u00e4m\u00e4n verkkosivuston yll\u00e4pit\u00e4j\u00e4 on REVIERWELT MEDIA GmbH (REVIERWELT MEDIA). N\u00e4it\u00e4 yleisi\u00e4 k\u00e4ytt\u00f6ehtoja sovelletaan kaikkiin REVIERWELT MEDIAn ja verkkosivustojen k\u00e4ytt\u00e4j\u00e4n (kuluttaja tai yritt\u00e4j\u00e4) v\u00e4lisiin liikesuhteisiin siin\u00e4 muodossa, joka on voimassa k\u00e4yt\u00f6n aloittamishetkell\u00e4 (rekister\u00f6inti, kirjautuminen, mainosten asettaminen tai muu k\u00e4ytt\u00f6). Yleisi\u00e4 sopimusehtoja tai muita k\u00e4ytt\u00e4j\u00e4n ehtoja, jotka poikkeavat n\u00e4ist\u00e4 yleisist\u00e4 sopimusehdoista, sovelletaan vain, jos REVIERWELT&#8230;<\/p>\n","protected":false},"author":4,"featured_media":0,"parent":0,"menu_order":0,"comment_status":"closed","ping_status":"closed","template":"","meta":{"footnotes":""},"class_list":["post-36684","page","type-page","status-publish","hentry"],"_links":{"self":[{"href":"https:\/\/revierwelt.de\/index.php\/wp-json\/wp\/v2\/pages\/36684","targetHints":{"allow":["GET"]}}],"collection":[{"href":"https:\/\/revierwelt.de\/index.php\/wp-json\/wp\/v2\/pages"}],"about":[{"href":"https:\/\/revierwelt.de\/index.php\/wp-json\/wp\/v2\/types\/page"}],"author":[{"embeddable":true,"href":"https:\/\/revierwelt.de\/index.php\/wp-json\/wp\/v2\/users\/4"}],"replies":[{"embeddable":true,"href":"https:\/\/revierwelt.de\/index.php\/wp-json\/wp\/v2\/comments?post=36684"}],"version-history":[{"count":0,"href":"https:\/\/revierwelt.de\/index.php\/wp-json\/wp\/v2\/pages\/36684\/revisions"}],"wp:attachment":[{"href":"https:\/\/revierwelt.de\/index.php\/wp-json\/wp\/v2\/media?parent=36684"}],"curies":[{"name":"wp","href":"https:\/\/api.w.org\/{rel}","templated":true}]}}