{"id":36685,"date":"2025-02-25T11:11:09","date_gmt":"2025-02-25T10:11:09","guid":{"rendered":"https:\/\/revierwelt.de\/index.php\/teenuse-ueldtingimused\/"},"modified":"2025-02-25T11:11:09","modified_gmt":"2025-02-25T10:11:09","slug":"teenuse-ueldtingimused","status":"publish","type":"page","link":"https:\/\/revierwelt.de\/index.php\/teenuse-ueldtingimused\/?lang=et","title":{"rendered":"Teenuse \u00fcldtingimused"},"content":{"rendered":"<p><strong>I. Kohaldamisala<\/strong><\/p>\n<p>Selle veebisaidi operaator on <a href=\"https:\/\/revierwelt.de\/index.php\/impressum\/\">REVIERWELT MEDIA GmbH<\/a> (<strong>REVIERWELT MEDIA<\/strong>). K\u00e4esolevad \u00fcldised teenusetingimused (\u00dcTK) kehtivad k\u00f5ikide \u00e4risuhete suhtes REVIERWELT MEDIA ja veebilehtede kasutaja (tarbija v\u00f5i ettev\u00f5tja) vahel kasutamise alustamise (registreerimine, sisselogimine, reklaamide paigutamine v\u00f5i muu kasutamine) ajal kehtivas versioonis. \u00dcldtingimused v\u00f5i muud kasutaja tingimused, mis erinevad k\u00e4esolevatest \u00fcldtingimustest, kehtivad ainult niiv\u00f5rd, kuiv\u00f5rd REVIERWELT MEDIA on nendega kirjalikult n\u00f5ustunud.  <\/p>\n<p>Tarbija on iga\u00fcks, kes ei ole ettev\u00f5tja. Ettev\u00f5tja on f\u00fc\u00fcsiline v\u00f5i juriidiline isik v\u00f5i \u00f5igusv\u00f5imeline \u00fching, kes \u00f5igusliku tehingu s\u00f5lmimisel tegutseb oma \u00e4ritegevuse v\u00f5i iseseisva kutsetegevuse raames (BGB \u00a7 14 l\u00f5ige 1). Kui ettev\u00f5tja ei tegutse oma \u00e4ritegevuse v\u00f5i f\u00fc\u00fcsilisest isikust ettev\u00f5tjana, kohaldatakse ka tema suhtes tarbijatele etten\u00e4htud \u00f5igusi ja teda loetakse tarbijaks k\u00e4esoleva ALB t\u00e4henduses.  <\/p>\n<p><strong>II Andmekaitse<\/strong><\/p>\n<p>Isikuandmete kasutamise suhtes kohaldatakse erieeskirju. Palun kl\u00f5psake <a href=\"https:\/\/revierwelt.de\/index.php\/datenschutzerklaerung\/\"><strong>siin<\/strong><\/a>et tutvuda andmekaitse-eeskirjadega. <\/p>\n<p><strong>III. Veebisaidi sisu ja \u00f5iguste kasutamine<\/strong><\/p>\n<p>1. vabade kohtade olemasolu korral<\/p>\n<p>K\u00e4esolevatel veebilehtedel k\u00e4ttesaadavat teavet ja teenuseid pakub REVIERWELT MEDIA tingimusel, et need on k\u00e4ttesaadavad ja\/v\u00f5i et kasutaja j\u00e4rgib k\u00e4esolevate \u00fcldtingimuste s\u00e4tteid, eelk\u00f5ige tingimusel, et need on k\u00e4ttesaadavad ja\/v\u00f5i et kasutaja j\u00e4rgib k\u00e4esolevate \u00fcldtingimuste s\u00e4tteid.<\/p>\n<p>2. veebisaitide autori\u00f5iguse kaitse<\/p>\n<p>Veebilehtede sisu on seadusega lubatud ulatuses autori\u00f5igusega kaitstud. Kui seadusega ei ole \u00fcksikjuhtudel ette n\u00e4htud teisiti, on kaitstud sisu igasugune kasutamine (nt reprodutseerimine, levitamine ja\/v\u00f5i \u00fcldsusele k\u00e4ttesaadavaks tegemine) lubatud ainult REVIERWELT MEDIA eelneval kirjalikul n\u00f5usolekul. Isegi sellise loa korral v\u00f5ib kaitstud sisu kasutada ainult koos viitega allikale. Sisu mis tahes kasutamine kasutaja poolt otsestel v\u00f5i kaudsetel \u00e4rilistel eesm\u00e4rkidel n\u00f5uab REVIERWELT MEDIA eelnevat kirjalikku n\u00f5usolekut.   <\/p>\n<p>Lingid REVIERWELT MEDIA veebisaitide autori\u00f5igusega kaitstud sisule on lubatud ainult juhul, kui lingid viivad otse REVIERWELT MEDIA veebisaitidele v\u00f5i kui juurdep\u00e4\u00e4sublokeeringutest ei ole k\u00f5rvale hoitud. Samuti peab link olema kolmandatele isikutele \u00e4ratuntav. <\/p>\n<p>3. kasutaja poolt edastatud sisu autori\u00f5igused<\/p>\n<p>Kasutaja poolt edastatud autori\u00f5igusega kaitstud sisu autori\u00f5igus j\u00e4\u00e4b vastavale autorile. Selle sisu edastamisega (nt \u00fcleslaadimine ja\/v\u00f5i e-posti teel saatmine) annab kasutaja REVIERWELT MEDIA-le siiski lihtsa, ruumiliselt, ajaliselt ja sisuliselt piiramatu \u00f5iguse kasutada seda sisu f\u00fc\u00fcsilisel ja mittef\u00fc\u00fcsilisel kujul igasuguseks kasutamiseks. See \u00f5iguste andmine h\u00f5lmab eelk\u00f5ige \u00f5igust, mis on seotud REVIERWELT MEDIA poolt avaldamise eesm\u00e4rgiga, sisu toimetada, reprodutseerida, levitada v\u00f5i avalikult esitada seda Internetis REVIERWELT MEDIA veebilehtedel, sealhulgas igal juhul kasutada seda REVIERWELT MEDIA poolt avaldamiseks reklaami eesm\u00e4rgil (\u00f5igus toimetada, reprodutseerida ja levitada, samuti \u00f5igus teha see avalikult k\u00e4ttesaadavaks).  <\/p>\n<p><strong>IV. Registreerimine<\/strong><\/p>\n<p>1. kasutaja andmed<\/p>\n<p>M\u00f5ne veebisaidi osa jaoks on vajalik registreerimine. Nende suletud valdkondade kasutamine eeldab, et kasutaja on t\u00e4isealine, et ta registreerub ning esitab t\u00f5esed ja t\u00e4ielikud isikuandmed. Samuti on kasutaja kohustatud teatama meile k\u00f5ikidest hilisematest muudatustest isikuandmetes, kui ta j\u00e4rgmine kord vastavaid veebisaite k\u00fclastab.  <\/p>\n<p>2. kasutaja andmete kontrollimine ja juurdep\u00e4\u00e4su blokeerimine<\/p>\n<p>REVIERWELT MEDIA j\u00e4tab endale \u00f5iguse kontrollida kasutaja isikuandmeid seadusega lubatud ulatuses. Lisaks sellele j\u00e4tab REVIERWELT MEDIA endale \u00f5iguse igal ajal blokeerida juurdep\u00e4\u00e4su piiratud aladele. Juurdep\u00e4\u00e4s blokeeritakse eelk\u00f5ige juhul, kui kasutaja on registreerimisel esitanud valeandmeid v\u00f5i on muul viisil rikkunud neid ALB-d.  <\/p>\n<p><strong>V. Lepingu s\u00f5lmimine, s\u00f5numi-\/andmesideteenuste kasutamine ja lepingu kestus<\/strong><\/p>\n<p>1. lepingupartner<\/p>\n<p>Lepingu s\u00f5lmimise korral s\u00f5lmitakse leping REVIERWELT MEDIAga. Lisateavet REVIERWELT MEDIA kohta leiate <a href=\"https:\/\/revierwelt.de\/index.php\/impressum\/\">siit<\/a>. <\/p>\n<p>2. lepingu s\u00f5lmimine<\/p>\n<p>REVIERWELT MEDIA teenuste kirjeldus ei kujuta endast REVIERWELT MEDIA \u00f5iguslikult siduvat lepingulist pakkumist, vaid on \u00fcksnes mittesiduv kutse kasutajale teenuste kasutamiseks.<\/p>\n<p>Leping s\u00f5lmitakse j\u00e4rgmistes etappides:<\/p>\n<p>(a) Luues veebilehel pakutava registreerimisfunktsiooni kaudu parooliga kaitstud konto, teeb kasutaja pakkumise lepingu s\u00f5lmimiseks.<br \/>\n(b) P\u00e4rast registreerimisprotsessi l\u00f5petamist s\u00f5lmitakse lepinguliste teenuste osutamise leping REVIERWELT MEDIA ja kasutaja vahel, saates kasutaja poolt esitatud e-posti aadressile registreerimist kinnitava e-kirja.<\/p>\n<p>REVIERWELT MEDIA salvestab lepingu teksti ja saadab kasutajale e-posti teel tellimuse andmed koos ALB-ga. Kasutaja saab ALB-d igal ajal vaadata ka REVIERWELT MEDIA veebilehel. <\/p>\n<p>3. s\u00f5numi- ja andmesideteenuste kasutamine<\/p>\n<p>Enne tasuliste s\u00f5numite\/andmevahetusteenuste kasutamist peab kasutaja laadima oma territooriumiga seotud kasutajakontot krediidiga. Krediiti ei tagastata. <\/p>\n<p>Kasutajal peab olema v\u00f5imalik kasutada andmete saatmise ja vastuv\u00f5tmise s\u00fcsteemi olemasolevate tehniliste v\u00f5imaluste ja k\u00e4ttesaadavuse piires. REVIERWELT MEDIA ei vastuta mingil juhul andmete v\u00f5i tekstis\u00f5numite eduka vastuv\u00f5tmise v\u00f5i edastamise eest. REVIERWELT MEDIA pakub kasutajale veebisaiti ja andmesidekanaleid, kasutades andmete saatmise\/vastuv\u00f5tmise s\u00fcsteemi, millele REVIERWELT MEDIA saab otse ja ilma kolmandate isikute sekkumiseta (Revierwelt-s\u00fcsteem) kokkulepitud ulatuses ja sideformaadis (nimelt andmed, SMS, e-post ja h\u00e4\u00e4l) ning vastavalt k\u00e4ttesaadavusele, Revierwelt&#8217;i s\u00fcsteemi ja kontot tekstis\u00f5numite sisestamiseks ja\/v\u00f5i tekstis\u00f5numite ja andmete ajutiseks salvestamiseks kasutaja poolt sihtaadressina m\u00e4\u00e4ratud mobiiltelefoninumbrile saatmiseks ja\/v\u00f5i m\u00f5istlike teenuste osutamiseks eesm\u00e4rgiga edastada andmeid, tekst- v\u00f5i k\u00f5nes\u00f5numeid kasutaja poolt m\u00e4\u00e4ratud sideliidesele, k\u00f5ne-\/mobiilinumbritele, e-posti aadressile. Revierwelt ei vastuta mingil moel edastatavate andmete, teksti\/k\u00f5nes\u00f5numi edasisuunamise v\u00f5i vastuv\u00f5tmise eest, vaid ainult Revierwelt&#8217;i s\u00fcsteemi pakkumise ja \u00fche v\u00f5i mitme s\u00f5numi\/andmes\u00f5numi edastamise katse algatamise eest. Eelk\u00f5ige on kasutaja teadlik, et isegi kui neid teenuseid osutatakse vastavalt lepingule, v\u00f5ivad edastatavad andmed\/s\u00f5numid hilineda v\u00f5i kaduma minna, eriti kui neid ei ole v\u00f5imalik edastada v\u00f5i muudel p\u00f5hjustel, mis ei ole seotud Revierwelt&#8217;i s\u00fcsteemiga (nt v\u00f5imsuse piirangud v\u00f5i sihtmobiilsidev\u00f5rgu v\u00f5i muu v\u00f5rgu ja muude teenusepakkujate, mille kaudu andmed, tekstis\u00f5numid\/k\u00f5nes\u00f5numid edastatakse ja levitatakse, k\u00e4ttesaamatus). Eelk\u00f5ige ei vastuta REVIERWELT MEDIA telekommunikatsiooniteenuste eest, mis on vajalikud andmete edastamiseks Revierwelt&#8217;i s\u00fcsteemi kaudu Interneti-\u00fclekandepunkti ja sihtnumbri vastuv\u00f5tva seadme vahel.     <\/p>\n<p>4. lepingu kestus ja \u00fcles\u00fctlemine<\/p>\n<p>Leping s\u00f5lmitakse kaheteistk\u00fcmneks (12) kuuks (t\u00e4htaeg). Seda pikendatakse igal juhul veel kaheteistk\u00fcmne kuu v\u00f5rra, kui kasutaja ei \u00fctle lepingut \u00fcles teksti vormis (kirja, faksi v\u00f5i e-posti teel) \u00fche kuu pikkuse etteteatamisajaga enne vastava t\u00e4htaja l\u00f5ppu. <\/p>\n<p>\u00d5igus l\u00f5petada t\u00f6\u00f6leping m\u00f5juval p\u00f5hjusel ei muutu. Heaks p\u00f5hjuseks loetakse n\u00e4iteks seda, kui REVIERWELT MEDIA l\u00f5petab veebilehtede k\u00e4itamise. <\/p>\n<p><strong>VI Hinnad, maksmine, makset\u00e4htaeg<\/strong><\/p>\n<p>1. auhinnad<\/p>\n<p>Iga REVIERWELT MEDIA poolt osutatava teenuse hinnad arvutatakse REVIERWELT MEDIA veebilehel avaldatud <a href=\"https:\/\/revierwelt.de\/index.php\/24594-2\/\">hinnakirja<\/a> alusel. Otsustavaks on teenuse kasutamise ajal avaldatud hind. <\/p>\n<p>Hinnad v\u00f5ivad muutuda (X jagu).<\/p>\n<p>Toodud hinnad sisaldavad alati vastavat seadusj\u00e4rgset k\u00e4ibemaksu ja muid hinnakomponente.<\/p>\n<p>2. makse, makset\u00e4htaeg<\/p>\n<p>Arveldamine toimub p\u00e4rast vastava teenuse kasutamist, debiteerides automaatselt individuaalset hinda kasutaja territooriumiga seotud kasutajakontolt, mida on t\u00e4iendatud kasutaja territooriumi halduses oleva krediidisaldoga.<\/p>\n<p>Andme-\/s\u00f5numiteenus on saadaval ainult positiivselt t\u00e4idetud kasutajakontoga. Kasutaja saab kontot vaadata ja kontrollida. Kasutajakontole laetud krediiti ei tagastata.  <\/p>\n<p>3. kaebuste v\u00e4listamine<\/p>\n<p>Kaebused on vastuv\u00f5etavad ainult \u00fche kuu jooksul p\u00e4rast seda, kui kaebuse aluseks olev \u00fcksikhind on debiteeritud.<\/p>\n<p>4. erieeskirjad kasutajatele kui ettev\u00f5tjatele<\/p>\n<p>Makseviivituse ajal v\u00f5lgneb ettev\u00f5tja REVIERWELT MEDIA intressi 8 protsenti \u00fcle vastava rahalise v\u00f5la baasintressim\u00e4\u00e4ra. \u00d5igus esitada t\u00f5endeid k\u00f5rgema viivisintressi kohta j\u00e4\u00e4b alles. Ettev\u00f5tjal on \u00f5igus tasaarvestusele ainult siis, kui tema vastun\u00f5uded on vaidlustamata v\u00f5i kui need on tunnustatud kohtuotsusega.  <\/p>\n<p><strong>VII. Kasutajate kui tarbijate t\u00fchistamis\u00f5igus<\/strong><\/p>\n<p><strong>T\u00fchistamispoliitika<\/strong><\/p>\n<p><strong>T\u00fchistamis\u00f5igus<\/strong><\/p>\n<p><strong>Te v\u00f5ite 14 p\u00e4eva jooksul oma lepingulist deklaratsiooni kirjalikult (nt kirja, faksi v\u00f5i e-posti teel) t\u00fchistada ilma p\u00f5hjendusi esitamata. T\u00e4htaeg algab p\u00e4rast selle teksti kujul esitatud juhendi k\u00e4ttesaamist, kuid mitte enne lepingu s\u00f5lmimist ja samuti mitte enne meie teavitamiskohustuse t\u00e4itmist vastavalt artikli 246 \u00a7 2 koostoimes \u00a7 1 l\u00f5igetega 1 ja 2 EGBGB ning meie kohustuste t\u00e4itmist vastavalt \u00a7 312g l\u00f5ike 1 lause 1 BGB koostoimes artikli 246 \u00a7 3 EGBGB. T\u00fchistamise t\u00e4htaja j\u00e4rgimiseks piisab t\u00fchistamise \u00f5igeaegsest saatmisest. T\u00fchistamine tuleb saata aadressil:   <\/strong><\/p>\n<p><strong>REVIERWELT MEDIA GMBH<br \/>\nTegevdirektor: Alexander Vinnai<br \/>\nPestalozzistrasse 41<br \/>\n35606 Solms<br \/>\nsupport@revierwelt.de<\/strong><\/p>\n<p><strong>T\u00fchistamise tagaj\u00e4rjed<\/strong><\/p>\n<p><strong>Tegeliku \u00fcles\u00fctlemise korral tuleb m\u00f5lemale poolele tagastada saadud teenused ja tagastada k\u00f5ik saadud kasu (nt intressid). Kui te ei saa meile tagastada v\u00f5i tagastada saadud kaupu v\u00f5i teenuseid ja mis tahes kasu (nt kasu kasutamisest) v\u00f5i kui te saate neid tagastada v\u00f5i tagastada ainult osaliselt v\u00f5i halvas seisukorras, peate te meile h\u00fcvitama nende v\u00e4\u00e4rtuse. See v\u00f5ib t\u00e4hendada, et peate siiski t\u00e4itma lepingulisi maksekohustusi kuni t\u00fchistamiseni. Kohustused maksete h\u00fcvitamiseks tuleb t\u00e4ita 30 p\u00e4eva jooksul. T\u00e4htaeg algab teie jaoks siis, kui te saadate oma t\u00fchistamisteate ja meie jaoks siis, kui me selle k\u00e4tte saame.    <\/strong><\/p>\n<p><strong>Erim\u00e4rkused<\/strong><\/p>\n<p><strong>Teie taganemis\u00f5igus l\u00f5peb enneaegselt, kui m\u00f5lemad pooled on lepingu t\u00e4ielikult t\u00e4itnud teie selges\u00f5nalise soovi korral enne, kui te olete oma taganemis\u00f5igust kasutanud.<\/strong><\/p>\n<p><strong>T\u00fchistamispoliitika l\u00f5pp.<\/strong><\/p>\n<p><strong>VIII. Vastutus REVIERWELT MEDIA<\/strong><\/p>\n<p>REVIERWELT MEDIA vastutus on v\u00e4listatud kergelt hooletusest tingitud kohustuste rikkumise korral, tingimusel, et need kohustuste rikkumised ei ole seotud oluliste lepinguliste kohustustega v\u00f5i elu, tervise v\u00f5i kehaga v\u00f5i tootevastutuse seaduse kohaste n\u00f5uetega. See kehtib vastavalt ka REVIERWELT MEDIA t\u00f6\u00f6tajate v\u00f5i asendusliikmete kohustuste rikkumise kohta. <\/p>\n<p>Vastavalt sellele s\u00e4ttele ei vastuta REVIERWELT MEDIA eelk\u00f5ige kasutajate poolt esitatud sisu (nt isiku- ja\/v\u00f5i muud andmed) eest, eelk\u00f5ige selle sisu t\u00e4ielikkuse v\u00f5i t\u00e4psuse eest, samuti ei vastuta kasutaja kahjude eest, mis tulenevad veebilehe v\u00f5i selle osade ajutisest k\u00e4ttesaamatusest, andmekaotusest v\u00f5i sarnastest tehnilistest probleemidest. Seega ei v\u00f5ta REVIERWELT MEDIA vastutust eelk\u00f5ige s\u00fcsteemiga seotud rikete, katkestuste ja\/v\u00f5i andmeedastuse h\u00e4irete eest ega REVIERWELT MEDIA veebilehe kasutusjuhendite mittej\u00e4rgimise eest. <\/p>\n<p><strong>IX. Kasutaja vastutus<\/strong><\/p>\n<p>1. kasutaja vastutus salas\u00f5na kasutamise eest<\/p>\n<p>Kasutaja vastutab oma salas\u00f5na konfidentsiaalsuse ja kasutamise eest. Eelk\u00f5ige on kasutaja kohustatud s\u00e4ilitama salas\u00f5na eriti hoolikalt ja v\u00e4ltima, et kolmandad isikud saaksid salas\u00f5nast teada. Kasutaja salas\u00f5na loata kasutamise korral h\u00fcvitab kasutaja REVIERWELT MEDIA igasuguse vastutuse, v\u00e4lja arvatud juhul, kui kasutaja on rakendanud \u00e4ritegevuse k\u00e4igus n\u00f5utavat hoolt. Kasutaja on kohustatud viivitamatult teavitama REVIERWELT MEDIA, kui tal on p\u00f5hjust arvata, et salas\u00f5na kasutatakse omavoliliselt.   <\/p>\n<p>2. kasutaja vastutus oma andmete eest<\/p>\n<p>Kasutaja vastutab oma isiklike v\u00f5i ettev\u00f5tte andmete t\u00e4psuse ja ajakohasuse eest &#8211; sealhulgas kaitstud ametinimetuste kasutamise \u00f5iguse eest. Kui kasutaja esitab valeandmeid v\u00f5i ei uuenda oma andmeid m\u00f5istlike ajavahemike j\u00e4rel, vabastab kasutaja REVIERWELT MEDIA igasuguse vastutuse oma andmete eest, v\u00e4lja arvatud juhul, kui ta on rakendanud \u00e4ritegevuse k\u00e4igus n\u00f5utavat hoolt. <\/p>\n<p>3 Kasutaja vastutus edastatud sisu eest<\/p>\n<p>Sisu edastamisega &#8211; olenemata sisust &#8211; tagab ja garanteerib kasutaja, et see sisu vastab t\u00e4ielikult seadusele. Eelk\u00f5ige garanteerib ja kinnitab kasutaja, et ta ei avalda veebisaidil sisu, mis on <\/p>\n<p>&#8211; rikuvad kehtivaid seadusi, seaduslikke v\u00f5i ametlikke keelde v\u00f5i moraali,<br \/>\n&#8211; rikuvad kolmandate isikute \u00f5igusi,<br \/>\n&#8211; on pornograafilised, solvavad, \u00e4hvardavad, ahistavad, vulgaarsed, rassistlikud, muul viisil diskrimineerivad v\u00f5i muul viisil taunitavad,<br \/>\n&#8211; rikuvad kehtivaid noorsoovahendeid v\u00f5i<br \/>\n&#8211; on k\u00e4sitletavad kuritarvitamisena, eelk\u00f5ige r\u00e4mpspostina.<\/p>\n<p>Eelk\u00f5ige tagab ja garanteerib kasutaja sisu edastamisega, et ta saab selle sisu \u00fcle vabalt k\u00e4sutada, eelk\u00f5ige IV jaotise kohaste \u00f5iguste andmise ulatuses REVIERWELT MEDIA suhtes, ning et sisu ei kahjusta ega riku kolmandate isikute \u00f5igusi, eelk\u00f5ige \u00f5igust oma kujutisele, \u00fcldist isiku\u00f5igust (nt \u00f5igust nimele), kaubam\u00e4rgi\u00f5igust (nt kaubam\u00e4rgi\u00f5igust), muid t\u00f6\u00f6stusomandi\u00f5igusi ja\/v\u00f5i autori- v\u00f5i kaasnevat autori\u00f5igust.<\/p>\n<p>Juhul kui kasutaja rikub k\u00e4esolevas punktis s\u00e4testatud garantiisid, eelk\u00f5ige juhul, kui kolmandad isikud esitavad REVIERWELT MEDIA vastu \u00f5igusi eelmiste l\u00f5igete t\u00e4henduses, peab kasutaja h\u00fcvitama REVIERWELT MEDIAle k\u00f5ik kulud, sealhulgas \u00f5iguskaitse kulud, v\u00e4lja arvatud juhul, kui kasutaja on tegutsenud n\u00f5uetekohase hoolsusega. Kasutaja toetab REVIERWELT MEDIAt \u00f5iguskaitses, eelk\u00f5ige teabe esitamisega. <\/p>\n<p><strong>X. Muudatuste\/muudatuste reserveerimine<\/strong><\/p>\n<p>REVIERWELT MEDIA j\u00e4tab endale \u00f5iguse muuta igal ajal ALB ja muid veebisaitide kasutamise tingimusi &#8211; sealhulgas hinnakirja &#8211; ning individuaalseid spetsifikatsioone. REVIERWELT MEDIA teavitab k\u00f5igist tingimuste muudatustest veebisaitidel avaldatud teatega. <\/p>\n<p>Kasutaja n\u00f5ustub muudetud tingimuste kehtivusega, kui ta kasutab REVIERWELT MEDIA veebilehti p\u00e4rast sellise muudatusteate avaldamist.<\/p>\n<p>Nende ALB muudetud versiooni avaldamisega kaotavad eelmised versioonid oma kehtivuse.<\/p>\n<p><strong>XI. T\u00e4itmiskoht, kohaldatav \u00f5igus ja kohtualluvus<\/strong><\/p>\n<p>REVIERWELT MEDIA ja kasutaja, kes on ettev\u00f5tja, vahelistes suhetes on k\u00f5ikide n\u00f5uete t\u00e4itmise ja kohtualluvuse ainu\u00f5iguslikuks kohaks &#8211; niiv\u00f5rd kui see on lubatud &#8211; Wetzlari kohalik kohus v\u00f5i Limburgi maakohus.<\/p>\n<p>Kohaldatakse eranditult Saksamaa Liitvabariigi \u00f5igust. Tarbija suhtes kohaldatakse seda \u00f5igusvalikut ainult niiv\u00f5rd, kuiv\u00f5rd ei ole \u00e4ra v\u00f5etud selle riigi \u00f5iguse kohustuslike s\u00e4tetega tagatud kaitset, kus on tarbija alaline elukoht. <\/p>\n<p><strong>XII Eraldatavuse klausel<\/strong><\/p>\n<p>Kui k\u00e4esolevate \u00fcldtingimuste \u00fcksikud s\u00e4tted on v\u00f5i muutuvad kehtetuks ja\/v\u00f5i t\u00fchiseks, ei m\u00f5juta see \u00fclej\u00e4\u00e4nud s\u00e4tete kehtivust. Kehtetud ja\/v\u00f5i kehtetud s\u00e4tted asendatakse nii, et saavutatakse kavandatud majanduslik eesm\u00e4rk. See kehtib vastavalt ka ALB l\u00fcnkade t\u00e4itmise kohta.  <\/p>\n<p><strong>XIII Tegevusjuhend<\/strong><\/p>\n<p>REVIERWELT MEDIA ei ole allutanud end \u00fchelegi k\u00e4itumiskoodeksile.<\/p>\n<p>ALB staatus: september 2012.<\/p>\n","protected":false},"excerpt":{"rendered":"<p>I. Kohaldamisala Selle veebisaidi operaator on REVIERWELT MEDIA GmbH (REVIERWELT MEDIA). K\u00e4esolevad \u00fcldised teenusetingimused (\u00dcTK) kehtivad k\u00f5ikide \u00e4risuhete suhtes REVIERWELT MEDIA ja veebilehtede kasutaja (tarbija v\u00f5i ettev\u00f5tja) vahel kasutamise alustamise (registreerimine, sisselogimine, reklaamide paigutamine v\u00f5i muu kasutamine) ajal kehtivas versioonis. \u00dcldtingimused v\u00f5i muud kasutaja tingimused, mis erinevad k\u00e4esolevatest \u00fcldtingimustest, kehtivad ainult niiv\u00f5rd, kuiv\u00f5rd REVIERWELT MEDIA&#8230;<\/p>\n","protected":false},"author":4,"featured_media":0,"parent":0,"menu_order":0,"comment_status":"closed","ping_status":"closed","template":"","meta":{"footnotes":""},"class_list":["post-36685","page","type-page","status-publish","hentry"],"_links":{"self":[{"href":"https:\/\/revierwelt.de\/index.php\/wp-json\/wp\/v2\/pages\/36685","targetHints":{"allow":["GET"]}}],"collection":[{"href":"https:\/\/revierwelt.de\/index.php\/wp-json\/wp\/v2\/pages"}],"about":[{"href":"https:\/\/revierwelt.de\/index.php\/wp-json\/wp\/v2\/types\/page"}],"author":[{"embeddable":true,"href":"https:\/\/revierwelt.de\/index.php\/wp-json\/wp\/v2\/users\/4"}],"replies":[{"embeddable":true,"href":"https:\/\/revierwelt.de\/index.php\/wp-json\/wp\/v2\/comments?post=36685"}],"version-history":[{"count":0,"href":"https:\/\/revierwelt.de\/index.php\/wp-json\/wp\/v2\/pages\/36685\/revisions"}],"wp:attachment":[{"href":"https:\/\/revierwelt.de\/index.php\/wp-json\/wp\/v2\/media?parent=36685"}],"curies":[{"name":"wp","href":"https:\/\/api.w.org\/{rel}","templated":true}]}}