{"id":36686,"date":"2025-02-25T11:11:10","date_gmt":"2025-02-25T10:11:10","guid":{"rendered":"https:\/\/revierwelt.de\/index.php\/vseobecne-podminky-sluzby\/"},"modified":"2025-02-25T11:11:10","modified_gmt":"2025-02-25T10:11:10","slug":"vseobecne-podminky-sluzby","status":"publish","type":"page","link":"https:\/\/revierwelt.de\/index.php\/vseobecne-podminky-sluzby\/?lang=cs","title":{"rendered":"V\u0161eobecn\u00e9 podm\u00ednky slu\u017eby"},"content":{"rendered":"<p><strong>I. Oblast p\u016fsobnosti<\/strong><\/p>\n<p>Provozovatelem t\u011bchto webov\u00fdch str\u00e1nek je <a href=\"https:\/\/revierwelt.de\/index.php\/impressum\/\">spole\u010dnostREVIERWELT MEDIA GmbH<\/a> (<strong>REVIERWELT MEDIA<\/strong>). Tyto V\u0161eobecn\u00e9 obchodn\u00ed podm\u00ednky (VOP) se vztahuj\u00ed na v\u0161echny obchodn\u00ed vztahy mezi REVIERWELT MEDIA a u\u017eivatelem webov\u00fdch str\u00e1nek (spot\u0159ebitelem nebo podnikatelem) ve zn\u011bn\u00ed platn\u00e9m v okam\u017eiku zah\u00e1jen\u00ed pou\u017e\u00edv\u00e1n\u00ed (registrace, p\u0159ihl\u00e1\u0161en\u00ed, um\u00edst\u011bn\u00ed reklamy nebo jin\u00e9ho pou\u017eit\u00ed). VOP nebo jin\u00e9 podm\u00ednky u\u017eivatele, kter\u00e9 se odchyluj\u00ed od t\u011bchto VOP, plat\u00ed pouze v p\u0159\u00edpad\u011b, \u017ee s nimi REVIERWELT MEDIA p\u00edsemn\u011b souhlasila.  <\/p>\n<p>Spot\u0159ebitelem je ka\u017ed\u00fd, kdo nen\u00ed podnikatelem. Podnikatelem je fyzick\u00e1 nebo pr\u00e1vnick\u00e1 osoba nebo spole\u010dnost s pr\u00e1vn\u00ed subjektivitou, kter\u00e1 p\u0159i uzav\u00edr\u00e1n\u00ed pr\u00e1vn\u00edch \u00fakon\u016f jedn\u00e1 v r\u00e1mci sv\u00e9 obchodn\u00ed nebo jin\u00e9 podnikatelsk\u00e9 \u010dinnosti nebo v r\u00e1mci sv\u00e9ho povol\u00e1n\u00ed (\u00a7 14 odst. 1 ob\u010dansk\u00e9ho z\u00e1kon\u00edku). Pokud podnikatel nejedn\u00e1 v r\u00e1mci v\u00fdkonu sv\u00e9 obchodn\u00ed nebo samostatn\u00e9 v\u00fdd\u011ble\u010dn\u00e9 \u010dinnosti, po\u017e\u00edv\u00e1 rovn\u011b\u017e pr\u00e1v ur\u010den\u00fdch spot\u0159ebitel\u016fm a pova\u017euje se za spot\u0159ebitele ve smyslu t\u011bchto ALB.  <\/p>\n<p><strong>II Ochrana \u00fadaj\u016f<\/strong><\/p>\n<p>Pou\u017e\u00edv\u00e1n\u00ed osobn\u00edch \u00fadaj\u016f podl\u00e9h\u00e1 zvl\u00e1\u0161tn\u00edm p\u0159edpis\u016fm. Klikn\u011bte pros\u00edm na <a href=\"https:\/\/revierwelt.de\/index.php\/datenschutzerklaerung\/\"><strong>zde<\/strong><\/a>pro zobrazen\u00ed p\u0159edpis\u016f o ochran\u011b osobn\u00edch \u00fadaj\u016f. <\/p>\n<p><strong>III. Pou\u017e\u00edv\u00e1n\u00ed obsahu webov\u00fdch str\u00e1nek a pr\u00e1va<\/strong><\/p>\n<p>1. podle dostupnosti<\/p>\n<p>Informace a slu\u017eby dostupn\u00e9 na t\u011bchto webov\u00fdch str\u00e1nk\u00e1ch poskytuje REVIERWELT MEDIA s v\u00fdhradou, zejm\u00e9na s v\u00fdhradou jejich dostupnosti a\/nebo dodr\u017eov\u00e1n\u00ed ustanoven\u00ed t\u011bchto ALB ze strany u\u017eivatele.<\/p>\n<p>2. ochrana autorsk\u00fdch pr\u00e1v webov\u00fdch str\u00e1nek<\/p>\n<p>Obsah webov\u00fdch str\u00e1nek je chr\u00e1n\u011bn autorsk\u00fdmi pr\u00e1vy v rozsahu povolen\u00e9m z\u00e1konem. Pokud z\u00e1kon v jednotliv\u00fdch p\u0159\u00edpadech nestanov\u00ed jinak, je jak\u00e9koli pou\u017eit\u00ed (nap\u0159. reprodukce, \u0161\u00ed\u0159en\u00ed a\/nebo zp\u0159\u00edstupn\u011bn\u00ed ve\u0159ejnosti) chr\u00e1n\u011bn\u00e9ho obsahu povoleno pouze s p\u0159edchoz\u00edm p\u00edsemn\u00fdm souhlasem spole\u010dnosti REVIERWELT MEDIA. I v p\u0159\u00edpad\u011b takov\u00e9ho souhlasu lze chr\u00e1n\u011bn\u00fd obsah pou\u017e\u00edt pouze s odkazem na zdroj. Jak\u00e9koli pou\u017eit\u00ed obsahu u\u017eivatelem pro p\u0159\u00edm\u00e9 nebo nep\u0159\u00edm\u00e9 komer\u010dn\u00ed \u00fa\u010dely vy\u017eaduje zvl\u00e1\u0161tn\u00ed p\u0159edchoz\u00ed p\u00edsemn\u00fd souhlas REVIERWELT MEDIA.   <\/p>\n<p>Odkazy na obsah chr\u00e1n\u011bn\u00fd autorsk\u00fdmi pr\u00e1vy na webov\u00fdch str\u00e1nk\u00e1ch REVIERWELT MEDIA jsou povoleny pouze v p\u0159\u00edpad\u011b, \u017ee vedou p\u0159\u00edmo na webov\u00e9 str\u00e1nky REVIERWELT MEDIA nebo \u017ee nedoch\u00e1z\u00ed k obch\u00e1zen\u00ed blokov\u00e1n\u00ed p\u0159\u00edstupu. Odkaz mus\u00ed b\u00fdt rozpoznateln\u00fd i pro t\u0159et\u00ed strany. <\/p>\n<p>3. autorsk\u00e1 pr\u00e1va k obsahu p\u0159en\u00e1\u0161en\u00e9mu u\u017eivatelem.<\/p>\n<p>Autorsk\u00e1 pr\u00e1va k obsahu chr\u00e1n\u011bn\u00e9mu autorsk\u00fdm pr\u00e1vem, kter\u00fd u\u017eivatel p\u0159en\u00e1\u0161\u00ed, z\u016fst\u00e1vaj\u00ed p\u0159\u00edslu\u0161n\u00e9mu autorovi. P\u0159enosem (nap\u0159. nahr\u00e1n\u00edm a\/nebo odesl\u00e1n\u00edm e-mailem) tohoto obsahu v\u0161ak u\u017eivatel ud\u011bluje REVIERWELT MEDIA prost\u00e9, prostorov\u011b, \u010dasov\u011b a obsahov\u011b neomezen\u00e9 pr\u00e1vo na pou\u017eit\u00ed tohoto obsahu ve fyzick\u00e9 i nefyzick\u00e9 podob\u011b pro v\u0161echny druhy pou\u017eit\u00ed. Toto ud\u011blen\u00ed pr\u00e1v zahrnuje zejm\u00e9na pr\u00e1vo, spojen\u00e9 s \u00fa\u010delem zve\u0159ejn\u011bn\u00ed ze strany REVIERWELT MEDIA, obsah upravovat, reprodukovat, \u0161\u00ed\u0159it nebo ve\u0159ejn\u011b reprodukovat na internetu na webov\u00fdch str\u00e1nk\u00e1ch REVIERWELT MEDIA, a to v ka\u017ed\u00e9m p\u0159\u00edpad\u011b v\u010detn\u011b pou\u017eit\u00ed pro reklamn\u00ed \u00fa\u010dely pro zve\u0159ejn\u011bn\u00ed ze strany REVIERWELT MEDIA (pr\u00e1vo upravovat, reprodukovat a \u0161\u00ed\u0159it, jako\u017e i pr\u00e1vo na jeho ve\u0159ejn\u00e9 zp\u0159\u00edstupn\u011bn\u00ed).  <\/p>\n<p><strong>IV. Registrace<\/strong><\/p>\n<p>1. \u00fadaje o u\u017eivateli<\/p>\n<p>V n\u011bkter\u00fdch \u010d\u00e1stech webov\u00fdch str\u00e1nek je nutn\u00e1 registrace. Pou\u017e\u00edv\u00e1n\u00ed t\u011bchto uzav\u0159en\u00fdch oblast\u00ed vy\u017eaduje, aby byl u\u017eivatel plnolet\u00fd, zaregistroval se a uvedl pravdiv\u00e9 a \u00fapln\u00e9 osobn\u00ed \u00fadaje. U\u017eivatel je rovn\u011b\u017e povinen n\u00e1s informovat o v\u0161ech n\u00e1sledn\u00fdch zm\u011bn\u00e1ch osobn\u00edch \u00fadaj\u016f p\u0159i p\u0159\u00ed\u0161t\u00ed n\u00e1v\u0161t\u011bv\u011b p\u0159\u00edslu\u0161n\u00fdch webov\u00fdch str\u00e1nek.  <\/p>\n<p>2. ov\u011b\u0159en\u00ed \u00fadaj\u016f o u\u017eivateli a blokov\u00e1n\u00ed p\u0159\u00edstupu<\/p>\n<p>REVIERWELT MEDIA si vyhrazuje pr\u00e1vo kontrolovat osobn\u00ed \u00fadaje u\u017eivatele v rozsahu povolen\u00e9m z\u00e1konem. Krom\u011b toho si REVIERWELT MEDIA vyhrazuje pr\u00e1vo kdykoli zablokovat p\u0159\u00edstup do vyhrazen\u00fdch oblast\u00ed. P\u0159\u00edstup bude zablokov\u00e1n zejm\u00e9na v p\u0159\u00edpad\u011b, \u017ee u\u017eivatel p\u0159i registraci uvedl nepravdiv\u00e9 osobn\u00ed \u00fadaje nebo jinak poru\u0161il tyto VOP.  <\/p>\n<p><strong>V. Uzav\u0159en\u00ed smlouvy, vyu\u017e\u00edv\u00e1n\u00ed slu\u017eeb p\u0159enosu zpr\u00e1v\/dat a doba trv\u00e1n\u00ed smlouvy<\/strong><\/p>\n<p>1. smluvn\u00ed partner<\/p>\n<p>V p\u0159\u00edpad\u011b uzav\u0159en\u00ed smlouvy je smlouva uzav\u0159ena s REVIERWELT MEDIA. Dal\u0161\u00ed informace o REVIERWELT MEDIA naleznete <a href=\"https:\/\/revierwelt.de\/index.php\/impressum\/\">zde.<\/a> <\/p>\n<p>2. uzav\u0159en\u00ed smlouvy<\/p>\n<p>Popis slu\u017eeb ze strany REVIERWELT MEDIA nep\u0159edstavuje pr\u00e1vn\u011b z\u00e1vaznou smluvn\u00ed nab\u00eddku ze strany REVIERWELT MEDIA, ale je pouze nez\u00e1vaznou v\u00fdzvou u\u017eivateli k vyu\u017eit\u00ed slu\u017eeb.<\/p>\n<p>Smlouva se uzav\u00edr\u00e1 v n\u00e1sleduj\u00edc\u00edch kroc\u00edch:<\/p>\n<p>(a) Zalo\u017een\u00edm \u00fa\u010dtu chr\u00e1n\u011bn\u00e9ho heslem prost\u0159ednictv\u00edm registra\u010dn\u00ed funkce nab\u00edzen\u00e9 na webov\u00fdch str\u00e1nk\u00e1ch u\u017eivatel p\u0159edkl\u00e1d\u00e1 n\u00e1vrh na uzav\u0159en\u00ed smlouvy.<br \/>\n(b) Po dokon\u010den\u00ed procesu registrace bude mezi REVIERWELT MEDIA a u\u017eivatelem uzav\u0159ena smlouva o poskytov\u00e1n\u00ed smluvn\u00edch slu\u017eeb, a to zasl\u00e1n\u00edm e-mailu potvrzuj\u00edc\u00edho registraci na e-mailovou adresu uvedenou u\u017eivatelem.<\/p>\n<p>REVIERWELT MEDIA ulo\u017e\u00ed text smlouvy a za\u0161le u\u017eivateli \u00fadaje o objedn\u00e1vce s ALB e-mailem. U\u017eivatel si tak\u00e9 m\u016f\u017ee kdykoli prohl\u00e9dnout ALB na internetov\u00fdch str\u00e1nk\u00e1ch REVIERWELT MEDIA. <\/p>\n<p>3. pou\u017e\u00edv\u00e1n\u00ed slu\u017eeb zas\u00edl\u00e1n\u00ed zpr\u00e1v a datov\u00fdch slu\u017eeb<\/p>\n<p>P\u0159ed pou\u017eit\u00edm placen\u00fdch slu\u017eeb zas\u00edl\u00e1n\u00ed zpr\u00e1v\/dat si u\u017eivatel mus\u00ed dob\u00edt sv\u016fj u\u017eivatelsk\u00fd \u00fa\u010det pro dan\u00e9 \u00fazem\u00ed kreditem. Kredit se nevrac\u00ed. <\/p>\n<p>U\u017eivateli mus\u00ed b\u00fdt umo\u017en\u011bno pou\u017e\u00edvat syst\u00e9m pro odes\u00edl\u00e1n\u00ed a p\u0159ij\u00edm\u00e1n\u00ed dat v r\u00e1mci technick\u00fdch mo\u017enost\u00ed a dostupnosti, kter\u00e9 jsou v dan\u00e9m okam\u017eiku k dispozici. REVIERWELT MEDIA v \u017e\u00e1dn\u00e9m p\u0159\u00edpad\u011b neodpov\u00edd\u00e1 za \u00fasp\u011b\u0161n\u00e9 p\u0159ijet\u00ed nebo doru\u010den\u00ed dat nebo textov\u00fdch zpr\u00e1v. REVIERWELT Spole\u010dnost MEDIA poskytne u\u017eivateli webov\u00e9 str\u00e1nky a kan\u00e1ly pro komunikaci s daty pomoc\u00ed syst\u00e9mu pro odes\u00edl\u00e1n\u00ed\/p\u0159\u00edjem dat, ke kter\u00e9mu m\u00e1 spole\u010dnost REVIERWELT MEDIA p\u0159\u00edm\u00fd p\u0159\u00edstup bez z\u00e1sahu t\u0159et\u00edch stran (syst\u00e9m Revierwelt), a to v dohodnut\u00e9m rozsahu a form\u00e1tu komunikace (konkr\u00e9tn\u011b data, SMS, e-mail a hlas) a v z\u00e1vislosti na dostupnosti, syst\u00e9m Revierwelt a \u00fa\u010det pro zad\u00e1v\u00e1n\u00ed textov\u00fdch zpr\u00e1v a\/nebo do\u010dasn\u00e9 ukl\u00e1d\u00e1n\u00ed textov\u00fdch zpr\u00e1v a dat pro zas\u00edl\u00e1n\u00ed na mobiln\u00ed telefonn\u00ed \u010d\u00edslo uveden\u00e9 u\u017eivatelem jako c\u00edlov\u00e1 adresa a\/nebo p\u0159im\u011b\u0159en\u00e9 slu\u017eby za \u00fa\u010delem p\u0159enosu dat, textov\u00fdch nebo hlasov\u00fdch zpr\u00e1v na komunika\u010dn\u00ed rozhran\u00ed, volac\u00ed\/mobiln\u00ed telefonn\u00ed \u010d\u00edsla, e-mailovou adresu uvedenou u\u017eivatelem. Spole\u010dnost Revierwelt v \u017e\u00e1dn\u00e9m p\u0159\u00edpad\u011b neodpov\u00edd\u00e1 za \u00fasp\u011b\u0161n\u00fd p\u0159enos nebo p\u0159ijet\u00ed dat, textov\u00fdch\/hlasov\u00fdch zpr\u00e1v, kter\u00e9 maj\u00ed b\u00fdt p\u0159ed\u00e1ny, ale pouze za poskytnut\u00ed syst\u00e9mu Revierwelt a zah\u00e1jen\u00ed jednoho nebo v\u00edce pokus\u016f o p\u0159enos zpr\u00e1vy\/dat. U\u017eivatel si je zejm\u00e9na v\u011bdom toho, \u017ee i v p\u0159\u00edpad\u011b, \u017ee jsou tyto slu\u017eby poskytov\u00e1ny v souladu se smlouvou, m\u016f\u017ee doj\u00edt ke zpo\u017ed\u011bn\u00ed nebo ztr\u00e1t\u011b p\u0159ed\u00e1van\u00fdch dat\/zpr\u00e1v, zejm\u00e9na pokud je nelze doru\u010dit nebo z jin\u00fdch d\u016fvod\u016f, kter\u00e9 le\u017e\u00ed mimo syst\u00e9m Revierwelt (nap\u0159. kapacitn\u00ed omezen\u00ed nebo nedostupnost c\u00edlov\u00e9 mobiln\u00ed telefonn\u00ed s\u00edt\u011b nebo jin\u00e9 s\u00edt\u011b a jin\u00fdch poskytovatel\u016f slu\u017eeb, jejich\u017e prost\u0159ednictv\u00edm jsou data, textov\u00e9\/hlasov\u00e9 zpr\u00e1vy doru\u010dov\u00e1ny a distribuov\u00e1ny). Zejm\u00e9na REVIERWELT MEDIA neodpov\u00edd\u00e1 za telekomunika\u010dn\u00ed slu\u017eby pot\u0159ebn\u00e9 pro p\u0159enos dat mezi m\u00edstem p\u0159enosu do internetu prost\u0159ednictv\u00edm syst\u00e9mu Revierwelt a p\u0159ij\u00edmac\u00edm za\u0159\u00edzen\u00edm c\u00edlov\u00e9ho \u010d\u00edsla.     <\/p>\n<p>4. doba platnosti smlouvy a jej\u00ed zru\u0161en\u00ed<\/p>\n<p>Smlouva se uzav\u00edr\u00e1 na dobu dvan\u00e1cti (12) m\u011bs\u00edc\u016f (obdob\u00ed). Prodlu\u017euje se v\u017edy o dal\u0161\u00edch dvan\u00e1ct m\u011bs\u00edc\u016f, pokud u\u017eivatel smlouvu nevypov\u00ed textovou formou (dopisem, faxem nebo e-mailem) s jednom\u011bs\u00ed\u010dn\u00ed v\u00fdpov\u011bdn\u00ed lh\u016ftou do konce p\u0159\u00edslu\u0161n\u00e9ho obdob\u00ed. <\/p>\n<p>Pr\u00e1vo ukon\u010dit smlouvu z dobr\u00e9ho d\u016fvodu z\u016fst\u00e1v\u00e1 nedot\u010deno. Za z\u00e1va\u017en\u00fd d\u016fvod se pova\u017euje nap\u0159\u00edklad ukon\u010den\u00ed provozu webov\u00fdch str\u00e1nek REVIERWELT MEDIA. <\/p>\n<p><strong>VI Ceny, platba, splatnost<\/strong><\/p>\n<p>1. ceny<\/p>\n<p>Ceny za jednotliv\u00e9 slu\u017eby poskytovan\u00e9 spole\u010dnost\u00ed REVIERWELT MEDIA se vypo\u010d\u00edt\u00e1vaj\u00ed na z\u00e1klad\u011b <a href=\"https:\/\/revierwelt.de\/index.php\/24594-2\/\">cen\u00edku<\/a> zve\u0159ejn\u011bn\u00e9ho na internetov\u00fdch str\u00e1nk\u00e1ch REVIERWELT MEDIA. Rozhoduj\u00edc\u00ed je cena zve\u0159ejn\u011bn\u00e1 v dob\u011b vyu\u017eit\u00ed slu\u017eby. <\/p>\n<p>Ceny se mohou zm\u011bnit (odd\u00edl X).<\/p>\n<p>Uveden\u00e9 ceny v\u017edy zahrnuj\u00ed p\u0159\u00edslu\u0161nou z\u00e1konnou DPH a dal\u0161\u00ed slo\u017eky ceny.<\/p>\n<p>2. platba, datum splatnosti<\/p>\n<p>Vy\u00fa\u010dtov\u00e1n\u00ed prob\u00edh\u00e1 po vyu\u017eit\u00ed p\u0159\u00edslu\u0161n\u00e9 slu\u017eby automatick\u00fdm odeps\u00e1n\u00edm individu\u00e1ln\u00ed ceny z u\u017eivatelsk\u00e9ho \u00fa\u010dtu u\u017eivatele, kter\u00fd je spojen s \u00fazem\u00edm a kter\u00fd byl dopln\u011bn kreditn\u00edm z\u016fstatkem ve spr\u00e1v\u011b \u00fazem\u00ed u\u017eivatele.<\/p>\n<p>Datov\u00e1 slu\u017eba je dostupn\u00e1 pouze s pozitivn\u011b dobit\u00fdm u\u017eivatelsk\u00fdm \u00fa\u010dtem. U\u017eivatel m\u016f\u017ee \u00fa\u010det zobrazit a zkontrolovat. Kredit dobit\u00fd na u\u017eivatelsk\u00fd \u00fa\u010det se nevrac\u00ed.  <\/p>\n<p>3. vylou\u010den\u00ed st\u00ed\u017enost\u00ed<\/p>\n<p>St\u00ed\u017enosti jsou p\u0159\u00edpustn\u00e9 pouze ve lh\u016ft\u011b jednoho m\u011bs\u00edce od odeps\u00e1n\u00ed jednotliv\u00e9 reklamovan\u00e9 ceny.<\/p>\n<p>4. zvl\u00e1\u0161tn\u00ed p\u0159edpisy pro u\u017eivatele jako podnikatele<\/p>\n<p>Po dobu prodlen\u00ed dlu\u017e\u00ed podnikatel REVIERWELT MEDIA \u00farok ve v\u00fd\u0161i 8 % nad p\u0159\u00edslu\u0161nou z\u00e1kladn\u00ed \u00farokovou sazbu z p\u0159\u00edslu\u0161n\u00e9ho pen\u011b\u017en\u00edho dluhu. Pr\u00e1vo na dolo\u017een\u00ed vy\u0161\u0161\u00ed n\u00e1hrady \u0161kody z titulu \u00farok\u016f z prodlen\u00ed z\u016fst\u00e1v\u00e1 vyhrazeno. Podnikatel je opr\u00e1vn\u011bn k zapo\u010dten\u00ed pouze v p\u0159\u00edpad\u011b, \u017ee jeho protipohled\u00e1vky jsou nesporn\u00e9 nebo byly uzn\u00e1ny deklaratorn\u00edm rozhodnut\u00edm.  <\/p>\n<p><strong>VII. Pr\u00e1vo u\u017eivatel\u016f jako spot\u0159ebitel\u016f na odstoupen\u00ed od smlouvy<\/strong><\/p>\n<p><strong>Storno podm\u00ednky<\/strong><\/p>\n<p><strong>Pr\u00e1vo na zru\u0161en\u00ed<\/strong><\/p>\n<p><strong>Sv\u00e9 smluvn\u00ed prohl\u00e1\u0161en\u00ed m\u016f\u017eete p\u00edsemn\u011b (nap\u0159. dopisem, faxem, e-mailem) zru\u0161it do 14 dn\u016f bez ud\u00e1n\u00ed d\u016fvodu. Tato lh\u016fta za\u010d\u00edn\u00e1 b\u011b\u017eet po obdr\u017een\u00ed tohoto pou\u010den\u00ed v textov\u00e9 podob\u011b, nikoliv v\u0161ak p\u0159ed uzav\u0159en\u00edm smlouvy, a rovn\u011b\u017e ne p\u0159ed spln\u011bn\u00edm na\u0161ich informa\u010dn\u00edch povinnost\u00ed podle \u00a7 246 odst. 2 ve spojen\u00ed s \u00a7 1 odst. 1 a 2 EGBGB, jako\u017e i na\u0161ich povinnost\u00ed podle \u00a7 312g odst. 1 v\u011bty prvn\u00ed BGB ve spojen\u00ed s \u00a7 246 odst. 3 EGBGB. Pro dodr\u017een\u00ed lh\u016fty pro odstoupen\u00ed od smlouvy posta\u010d\u00ed v\u010dasn\u00e9 odesl\u00e1n\u00ed odstoupen\u00ed od smlouvy. Odstoupen\u00ed od smlouvy je t\u0159eba zaslat na adresu:   <\/strong><\/p>\n<p><strong>REVIERWELT MEDIA GMBH<br \/>\nJednatel: Alexander Vinnai<br \/>\nPestalozzistrasse 41<br \/>\n35606 Solms<br \/>\nsupport@revierwelt.de<\/strong><\/p>\n<p><strong>D\u016fsledky zru\u0161en\u00ed<\/strong><\/p>\n<p><strong>V p\u0159\u00edpad\u011b \u00fa\u010dinn\u00e9ho odstoupen\u00ed od smlouvy mus\u00ed b\u00fdt ob\u011bma stran\u00e1m vr\u00e1ceny p\u0159ijat\u00e9 slu\u017eby a odevzd\u00e1ny ve\u0161ker\u00e9 z\u00edskan\u00e9 v\u00fdhody (nap\u0159. \u00faroky). Pokud n\u00e1m nejste schopni vr\u00e1tit nebo odevzdat p\u0159ijat\u00e9 zbo\u017e\u00ed nebo slu\u017eby a p\u0159\u00edpadn\u00e9 v\u00fdhody (nap\u0159. u\u017eitek z u\u017e\u00edv\u00e1n\u00ed) nebo jste schopni je vr\u00e1tit nebo odevzdat pouze \u010d\u00e1ste\u010dn\u011b nebo ve zhor\u0161en\u00e9m stavu, mus\u00edte n\u00e1m nahradit jejich hodnotu. To m\u016f\u017ee znamenat, \u017ee p\u0159esto mus\u00edte splnit smluvn\u00ed platebn\u00ed povinnosti za obdob\u00ed do odstoupen\u00ed od smlouvy. Povinnosti k n\u00e1hrad\u011b plateb mus\u00ed b\u00fdt spln\u011bny do 30 dn\u016f. Tato lh\u016fta za\u010d\u00edn\u00e1 pro v\u00e1s b\u011b\u017eet okam\u017eikem, kdy ode\u0161lete ozn\u00e1men\u00ed o odstoupen\u00ed od smlouvy, a pro n\u00e1s okam\u017eikem, kdy jej obdr\u017e\u00edme.    <\/strong><\/p>\n<p><strong>Zvl\u00e1\u0161tn\u00ed pozn\u00e1mky<\/strong><\/p>\n<p><strong>Va\u0161e pr\u00e1vo na odstoupen\u00ed od smlouvy zanik\u00e1 p\u0159ed\u010dasn\u011b, pokud byla smlouva na va\u0161i v\u00fdslovnou \u017e\u00e1dost ob\u011bma stranami zcela spln\u011bna p\u0159edt\u00edm, ne\u017e jste sv\u00e9 pr\u00e1vo na odstoupen\u00ed od smlouvy uplatnili.<\/strong><\/p>\n<p><strong>Ukon\u010den\u00ed storno podm\u00ednek.<\/strong><\/p>\n<p><strong>VIII. Odpov\u011bdnost REVIERWELT MEDIA<\/strong><\/p>\n<p>Odpov\u011bdnost spole\u010dnosti REVIERWELT MEDIA je vylou\u010dena v p\u0159\u00edpad\u011b lehce nedbalostn\u00edch poru\u0161en\u00ed povinnost\u00ed, pokud se tato poru\u0161en\u00ed povinnost\u00ed net\u00fdkaj\u00ed podstatn\u00fdch smluvn\u00edch povinnost\u00ed nebo \u017eivota, zdrav\u00ed \u010di t\u011bla nebo n\u00e1rok\u016f podle z\u00e1kona o odpov\u011bdnosti za \u0161kodu zp\u016fsobenou vadou v\u00fdrobku. To plat\u00ed p\u0159im\u011b\u0159en\u011b i pro poru\u0161en\u00ed povinnost\u00ed zam\u011bstnanci nebo zprost\u0159edkovateli spole\u010dnosti REVIERWELT MEDIA. <\/p>\n<p>V souladu s t\u00edmto ustanoven\u00edm nep\u0159eb\u00edr\u00e1 REVIERWELT MEDIA \u017e\u00e1dnou odpov\u011bdnost zejm\u00e9na za obsah poskytnut\u00fd u\u017eivateli (nap\u0159. osobn\u00ed a\/nebo jin\u00e9 \u00fadaje), zejm\u00e9na za \u00faplnost nebo p\u0159esnost tohoto obsahu, ani \u017e\u00e1dnou odpov\u011bdnost za \u0161kody vznikl\u00e9 u\u017eivateli v d\u016fsledku do\u010dasn\u00e9 nedostupnosti webov\u00fdch str\u00e1nek nebo jejich \u010d\u00e1st\u00ed, ztr\u00e1ty dat nebo podobn\u00fdch technick\u00fdch probl\u00e9m\u016f. V souladu s t\u00edm REVIERWELT MEDIA nep\u0159eb\u00edr\u00e1 \u017e\u00e1dnou odpov\u011bdnost zejm\u00e9na za syst\u00e9mov\u00e9 poruchy, p\u0159eru\u0161en\u00ed a\/nebo naru\u0161en\u00ed p\u0159enosu dat nebo za nedodr\u017een\u00ed pokyn\u016f pro pou\u017e\u00edv\u00e1n\u00ed platn\u00fdch pro webov\u00e9 str\u00e1nky REVIERWELT MEDIA. <\/p>\n<p><strong>IX. Odpov\u011bdnost u\u017eivatele<\/strong><\/p>\n<p>1. odpov\u011bdnost u\u017eivatele za pou\u017eit\u00ed hesla<\/p>\n<p>U\u017eivatel odpov\u00edd\u00e1 za d\u016fv\u011brnost a pou\u017e\u00edv\u00e1n\u00ed sv\u00e9ho hesla. U\u017eivatel je zejm\u00e9na povinen uchov\u00e1vat heslo se zvl\u00e1\u0161tn\u00ed p\u00e9\u010d\u00ed a zabr\u00e1nit t\u0159et\u00edm osob\u00e1m, aby se s heslem sezn\u00e1mily. V p\u0159\u00edpad\u011b neopr\u00e1vn\u011bn\u00e9ho pou\u017eit\u00ed u\u017eivatelova hesla je u\u017eivatel povinen od\u0161kodnit REVIERWELT MEDIA za p\u0159\u00edpadnou odpov\u011bdnost, pokud u\u017eivatel nevynalo\u017eil n\u00e1le\u017eitou p\u00e9\u010di, kter\u00e1 se vy\u017eaduje p\u0159i podnik\u00e1n\u00ed. U\u017eivatel je povinen neprodlen\u011b informovat REVIERWELT MEDIA, pokud m\u00e1 d\u016fvod se domn\u00edvat, \u017ee je heslo pou\u017e\u00edv\u00e1no neopr\u00e1vn\u011bn\u011b.   <\/p>\n<p>2. odpov\u011bdnost u\u017eivatele za jeho \u00fadaje<\/p>\n<p>U\u017eivatel odpov\u00edd\u00e1 za spr\u00e1vnost a aktu\u00e1lnost sv\u00fdch osobn\u00edch nebo firemn\u00edch \u00fadaj\u016f &#8211; v\u010detn\u011b opr\u00e1vn\u011bn\u00ed pou\u017e\u00edvat chr\u00e1n\u011bn\u00e9 profesn\u00ed tituly. Pokud u\u017eivatel uvede nepravdiv\u00e9 \u00fadaje nebo sv\u00e9 \u00fadaje v p\u0159\u00edslu\u0161n\u00fdch intervalech neaktualizuje, je povinen od\u0161kodnit REVIERWELT MEDIA za jakoukoli odpov\u011bdnost v souvislosti se sv\u00fdmi \u00fadaji, pokud nevynalo\u017eil n\u00e1le\u017eitou p\u00e9\u010di vy\u017eadovanou p\u0159i podnik\u00e1n\u00ed. <\/p>\n<p>3 Odpov\u011bdnost u\u017eivatele za p\u0159en\u00e1\u0161en\u00fd obsah<\/p>\n<p>P\u0159enosem obsahu &#8211; bez ohledu na jeho obsah &#8211; u\u017eivatel zaru\u010duje, \u017ee tento obsah je pln\u011b v souladu se z\u00e1konem. U\u017eivatel zejm\u00e9na zaru\u010duje a prohla\u0161uje, \u017ee na webov\u00e9 str\u00e1nky nezve\u0159ejn\u00ed \u017e\u00e1dn\u00fd obsah, kter\u00fd by <\/p>\n<p>&#8211; poru\u0161uj\u00ed platn\u00e9 pr\u00e1vn\u00ed p\u0159edpisy, z\u00e1konn\u00e9 nebo \u00fa\u0159edn\u00ed z\u00e1kazy nebo dobr\u00e9 mravy,<br \/>\n&#8211; poru\u0161uj\u00ed pr\u00e1va t\u0159et\u00edch osob,<br \/>\n&#8211; jsou pornografick\u00e9, ur\u00e1\u017eliv\u00e9, v\u00fdhru\u017en\u00e9, obt\u011b\u017euj\u00edc\u00ed, vulg\u00e1rn\u00ed, rasistick\u00e9, jinak diskrimina\u010dn\u00ed nebo jinak nevhodn\u00e9,<br \/>\n&#8211; poru\u0161uj\u00ed platn\u00e9 p\u0159edpisy na ochranu ml\u00e1de\u017ee nebo<br \/>\n&#8211; je t\u0159eba je pova\u017eovat za zneu\u017eit\u00ed, zejm\u00e9na za spam.<\/p>\n<p>P\u0159enosem obsahu u\u017eivatel zejm\u00e9na zaru\u010duje, \u017ee m\u016f\u017ee s t\u00edmto obsahem voln\u011b nakl\u00e1dat, zejm\u00e9na v rozsahu pr\u00e1v ud\u011blen\u00fdch podle odd\u00edlu IV, v\u016f\u010di REVIERWELT MEDIA, a \u017ee obsah nezasahuje do pr\u00e1v t\u0159et\u00edch osob, zejm\u00e9na do pr\u00e1va na vlastn\u00ed podobu, obecn\u00fdch osobnostn\u00edch pr\u00e1v (nap\u0159. pr\u00e1va na jm\u00e9no), pr\u00e1v k ochrann\u00fdm zn\u00e1mk\u00e1m (nap\u0159. pr\u00e1va k ochrann\u00e9 zn\u00e1mce), jin\u00fdch pr\u00e1v pr\u016fmyslov\u00e9ho vlastnictv\u00ed a\/nebo autorsk\u00fdch pr\u00e1v \u010di vedlej\u0161\u00edch autorsk\u00fdch pr\u00e1v.<\/p>\n<p>V p\u0159\u00edpad\u011b, \u017ee u\u017eivatel poru\u0161\u00ed n\u011bkterou ze z\u00e1ruk uveden\u00fdch v tomto \u010dl\u00e1nku, zejm\u00e9na v p\u0159\u00edpad\u011b, \u017ee t\u0159et\u00ed strany uplatn\u00ed v\u016f\u010di REVIERWELT MEDIA pr\u00e1va ve smyslu p\u0159edchoz\u00edch odstavc\u016f, je u\u017eivatel povinen od\u0161kodnit REVIERWELT MEDIA v pln\u00e9 v\u00fd\u0161i, v\u010detn\u011b n\u00e1klad\u016f na pr\u00e1vn\u00ed obhajobu, leda\u017ee u\u017eivatel vynalo\u017eil n\u00e1le\u017eitou p\u00e9\u010di. U\u017eivatel podpo\u0159\u00ed REVIERWELT MEDIA v jej\u00ed pr\u00e1vn\u00ed obran\u011b, zejm\u00e9na poskytnut\u00edm informac\u00ed. <\/p>\n<p><strong>X. V\u00fdhrada zm\u011bn\/modifikac\u00ed<\/strong><\/p>\n<p>REVIERWELT Spole\u010dnost MEDIA si vyhrazuje pr\u00e1vo kdykoli zm\u011bnit ALB a dal\u0161\u00ed podm\u00ednky pro pou\u017e\u00edv\u00e1n\u00ed webov\u00fdch str\u00e1nek &#8211; v\u010detn\u011b cen\u00edku &#8211; jako\u017e i jednotliv\u00e9 specifikace. REVIERWELT MEDIA ozn\u00e1m\u00ed ve\u0161ker\u00e9 zm\u011bny t\u011bchto podm\u00ednek prost\u0159ednictv\u00edm ozn\u00e1men\u00ed na internetov\u00fdch str\u00e1nk\u00e1ch. <\/p>\n<p>U\u017eivatel vyjad\u0159uje sv\u016fj souhlas s platnost\u00ed zm\u011bn\u011bn\u00fdch podm\u00ednek, pokud bude vyu\u017e\u00edvat webov\u00e9 str\u00e1nky REVIERWELT MEDIA po zve\u0159ejn\u011bn\u00ed odkazu na tuto zm\u011bnu.<\/p>\n<p>Zve\u0159ejn\u011bn\u00edm pozm\u011bn\u011bn\u00e9 verze t\u011bchto ALB ztr\u00e1cej\u00ed p\u0159edchoz\u00ed verze platnost.<\/p>\n<p><strong>XI. M\u00edsto pln\u011bn\u00ed, rozhodn\u00e9 pr\u00e1vo a soudn\u00ed p\u0159\u00edslu\u0161nost<\/strong><\/p>\n<p>Ve vztaz\u00edch mezi REVIERWELT MEDIA a u\u017eivatelem, kter\u00fd je podnikatelem, je v\u00fdlu\u010dn\u00fdm m\u00edstem pln\u011bn\u00ed a soudn\u00ed p\u0159\u00edslu\u0161nost\u00ed pro v\u0161echny n\u00e1roky &#8211; pokud je to p\u0159\u00edpustn\u00e9 &#8211; m\u00edstn\u00ed soud ve Wetzlaru nebo Krajsk\u00fd soud v Limburgu.<\/p>\n<p>Pou\u017eije se v\u00fdhradn\u011b pr\u00e1vo Spolkov\u00e9 republiky N\u011bmecko. Pro spot\u0159ebitele se tato volba pr\u00e1va pou\u017eije pouze v p\u0159\u00edpad\u011b, \u017ee nen\u00ed zru\u0161ena ochrana poskytovan\u00e1 kogentn\u00edmi ustanoven\u00edmi pr\u00e1va zem\u011b, v n\u00ed\u017e m\u00e1 spot\u0159ebitel obvykl\u00e9 bydli\u0161t\u011b. <\/p>\n<p><strong>XII Dolo\u017eka o odd\u011blitelnosti<\/strong><\/p>\n<p>Pokud jednotliv\u00e1 ustanoven\u00ed t\u011bchto VOP jsou nebo se stanou neplatn\u00fdmi a\/nebo ne\u00fa\u010dinn\u00fdmi, platnost ostatn\u00edch ustanoven\u00ed z\u016fst\u00e1v\u00e1 nedot\u010dena. Neplatn\u00e1 a\/nebo nicotn\u00e1 ustanoven\u00ed se nahrad\u00ed tak, aby bylo dosa\u017eeno zam\u00fd\u0161len\u00e9ho hospod\u00e1\u0159sk\u00e9ho \u00fa\u010delu. To plat\u00ed obdobn\u011b i pro vypl\u0148ov\u00e1n\u00ed mezer ve VOP.  <\/p>\n<p><strong>XIII Kodex chov\u00e1n\u00ed<\/strong><\/p>\n<p>REVIERWELT M\u00e9dia se nepod\u0159\u00eddila \u017e\u00e1dn\u00e9mu kodexu chov\u00e1n\u00ed.<\/p>\n<p>Stav ALB: z\u00e1\u0159\u00ed 2012.<\/p>\n","protected":false},"excerpt":{"rendered":"<p>I. Oblast p\u016fsobnosti Provozovatelem t\u011bchto webov\u00fdch str\u00e1nek je spole\u010dnostREVIERWELT MEDIA GmbH (REVIERWELT MEDIA). Tyto V\u0161eobecn\u00e9 obchodn\u00ed podm\u00ednky (VOP) se vztahuj\u00ed na v\u0161echny obchodn\u00ed vztahy mezi REVIERWELT MEDIA a u\u017eivatelem webov\u00fdch str\u00e1nek (spot\u0159ebitelem nebo podnikatelem) ve zn\u011bn\u00ed platn\u00e9m v okam\u017eiku zah\u00e1jen\u00ed pou\u017e\u00edv\u00e1n\u00ed (registrace, p\u0159ihl\u00e1\u0161en\u00ed, um\u00edst\u011bn\u00ed reklamy nebo jin\u00e9ho pou\u017eit\u00ed). VOP nebo jin\u00e9 podm\u00ednky u\u017eivatele, kter\u00e9 se&#8230;<\/p>\n","protected":false},"author":4,"featured_media":0,"parent":0,"menu_order":0,"comment_status":"closed","ping_status":"closed","template":"","meta":{"footnotes":""},"class_list":["post-36686","page","type-page","status-publish","hentry"],"_links":{"self":[{"href":"https:\/\/revierwelt.de\/index.php\/wp-json\/wp\/v2\/pages\/36686","targetHints":{"allow":["GET"]}}],"collection":[{"href":"https:\/\/revierwelt.de\/index.php\/wp-json\/wp\/v2\/pages"}],"about":[{"href":"https:\/\/revierwelt.de\/index.php\/wp-json\/wp\/v2\/types\/page"}],"author":[{"embeddable":true,"href":"https:\/\/revierwelt.de\/index.php\/wp-json\/wp\/v2\/users\/4"}],"replies":[{"embeddable":true,"href":"https:\/\/revierwelt.de\/index.php\/wp-json\/wp\/v2\/comments?post=36686"}],"version-history":[{"count":0,"href":"https:\/\/revierwelt.de\/index.php\/wp-json\/wp\/v2\/pages\/36686\/revisions"}],"wp:attachment":[{"href":"https:\/\/revierwelt.de\/index.php\/wp-json\/wp\/v2\/media?parent=36686"}],"curies":[{"name":"wp","href":"https:\/\/api.w.org\/{rel}","templated":true}]}}