{"id":36820,"date":"2025-02-25T11:13:29","date_gmt":"2025-02-25T10:13:29","guid":{"rendered":"https:\/\/revierwelt.de\/index.php\/pour-les-entreprises\/"},"modified":"2025-02-25T11:13:43","modified_gmt":"2025-02-25T10:13:43","slug":"pour-les-entreprises","status":"publish","type":"page","link":"https:\/\/revierwelt.de\/index.php\/pour-les-entreprises\/?lang=fr","title":{"rendered":"pour les entreprises"},"content":{"rendered":"<section class=\"l-section wpb_row height_medium color_alternate\" id=\"start\"><div class=\"l-section-h i-cf\"><div class=\"g-cols vc_row via_flex valign_top type_default stacking_default\"><div class=\"vc_col-sm-12 wpb_column vc_column_container\"><div class=\"vc_column-inner\"><div class=\"wpb_wrapper\"><div class=\"wpb_text_column\"><div class=\"wpb_wrapper\"><h2 style=\"text-align: center;\"><strong>REVIERWELT.<\/strong>  Pour les entreprises.<\/h2>\n<p style=\"text-align: center;\">L&#8217;int\u00e9gration de votre entreprise en tant que partenaire premium de Revierwelt.<\/p>\n<\/div><\/div><\/div><\/div><\/div><\/div><\/div><\/section><section class=\"l-section wpb_row height_auto width_full\"><div class=\"l-section-h i-cf\"><div class=\"g-cols vc_row via_flex valign_middle type_boxes stacking_default\"><div class=\"vc_col-sm-6 wpb_column vc_column_container has_bg_color us_animate_afl\"><div class=\"vc_column-inner us_custom_891d1146\"><div class=\"wpb_wrapper\"><div class=\"w-separator size_custom\" style=\"height:10px\"><\/div><\/div><\/div><\/div><div class=\"vc_col-sm-6 wpb_column vc_column_container us_animate_afr\"><div class=\"vc_column-inner\"><div class=\"wpb_wrapper\"><div class=\"w-iconbox iconpos_left style_default color_primary align_left no_text\"><div class=\"w-iconbox-icon\" style=\"font-size:;\"><i class=\"fas fa-desktop\"><\/i><\/div><div class=\"w-iconbox-meta\"><h2 class=\"w-iconbox-title\">La pr\u00e9sentation de votre entreprise<\/h2><\/div><\/div><div class=\"w-separator size_small\"><\/div><div class=\"wpb_text_column\"><div class=\"wpb_wrapper\"><p><span class=\"TextRun SCXP191441430 BCX9\" lang=\"DE-DE\" data-usefontface=\"false\" data-contrast=\"none\" xml:lang=\"DE-DE\"><span class=\"NormalTextRun SCXP191441430 BCX9\">Avec une <strong>page Revierwelt-Business<\/strong> et un <strong>lien dans la zone des partenaires Premium<\/strong>, vous pouvez atteindre votre groupe cible rapidement et facilement.  <\/span><\/span><\/p>\n<p><span class=\"EOP SCXP191441430 BCX9\"><span class=\"TextRun SCXP243796570 BCX9\" lang=\"DE-DE\" data-usefontface=\"false\" data-contrast=\"none\"><span class=\"NormalTextRun SCXP243796570 BCX9\">Si vous souscrivez \u00e0 notre <strong>package de 12 mois<\/strong>, nous vous fournirons en plus <\/span><\/span><span class=\"TextRun SCXP243796570 BCX9\" lang=\"DE-DE\" data-usefontface=\"false\" data-contrast=\"none\"><span class=\"NormalTextRun SCXP243796570 BCX9\">de l&#8217;affichage du logo sous forme de <strong>lien dans l&#8217;espace partenaire premium <\/strong>. <\/span><\/span> <span class=\"TextRun SCXP243796570 BCX9\" lang=\"DE-DE\" xml:lang=\"DE-DE\" data-usefontface=\"false\" data-contrast=\"none\"><span class=\"NormalTextRun SCXP243796570 BCX9\">Revierwelt-Business sur notre plate-forme. Afin de pouvoir   <\/span><\/span><span class=\"TextRun SCXP243796570 BCX9\" lang=\"DE-DE\" xml:lang=\"DE-DE\" data-usefontface=\"false\" data-contrast=\"none\"><span class=\"NormalTextRun SCXP243796570 BCX9\">Nous sommes heureux d&#8217;associer vos donn\u00e9es \u00e0 celles de vos clients afin de<strong> r\u00e9duire les<\/strong> <strong>co\u00fbts de maintenance <\/strong>.  <\/span><\/span><span class=\"TextRun SCXP243796570 BCX9\" lang=\"DE-DE\" xml:lang=\"DE-DE\" data-usefontface=\"false\" data-contrast=\"none\"><span class=\"NormalTextRun SCXP243796570 BCX9\">page Facebook existante et r\u00e9cup\u00e9rons vos publications de mani\u00e8re automatis\u00e9e. Nous pouvons \u00e9galement r\u00e9aliser le lien avec votre cha\u00eene YouTube. <\/span><\/span><\/span><\/p>\n<p><span class=\"EOP SCXP191441430 BCX9\"><span class=\"EOP SCXP243796570 BCX9\"><span class=\"TextRun SCXP191441430 BCX9\" lang=\"DE-DE\" data-usefontface=\"false\" data-contrast=\"none\"><span class=\"NormalTextRun SCXP191441430 BCX9\">Si le client clique sur le logo du partenaire, il acc\u00e8de en un clic, au choix, \u00e0 votre <strong>page professionnelle Revierwelt <\/strong><\/span><\/span><span class=\"TextRun SCXP191441430 BCX9\" lang=\"DE-DE\" data-usefontface=\"false\" data-contrast=\"none\"><span class=\"NormalTextRun SCXP191441430 BCX9\">ou \u00e0 votre <strong>propre site web<\/strong>.<\/span><\/span><\/span><\/span><\/p>\n<\/div><\/div><div class=\"w-btn-wrapper align_right\"><a class=\"w-btn us-btn-style_5 icon_atleft\" title=\"Partenaires\" href=\"https:\/\/revierwelt.de\/index.php\/partner\/\"><i class=\"fas fa-arrow-right\"><\/i><span class=\"w-btn-label\">Vers nos partenaires<\/span><\/a><\/div><\/div><\/div><\/div><\/div><\/div><\/section><section class=\"l-section wpb_row height_auto width_full\"><div class=\"l-section-h i-cf\"><div class=\"g-cols vc_row via_flex valign_middle type_boxes stacking_default\"><div class=\"vc_col-sm-6 wpb_column vc_column_container us_animate_afl\"><div class=\"vc_column-inner\"><div class=\"wpb_wrapper\"><div class=\"w-iconbox iconpos_left style_default color_primary align_left no_text\"><div class=\"w-iconbox-icon\" style=\"font-size:;\"><i class=\"fas fa-user-plus\"><\/i><\/div><div class=\"w-iconbox-meta\"><h2 class=\"w-iconbox-title\">Plus d&apos;interaction avec les clients<\/h2><\/div><\/div><div class=\"w-separator size_small\"><\/div><div class=\"wpb_text_column\"><div class=\"wpb_wrapper\"><p><span class=\"TextRun BCX9 SCXP55273671\" lang=\"DE-DE\" data-usefontface=\"false\" data-contrast=\"none\"><span class=\"NormalTextRun BCX9 SCXP55273671\">Les utilisateurs qui ont acc\u00e9d\u00e9 \u00e0 votre <strong>Revierwelt-<\/strong><\/span><\/span><strong><span class=\"TextRun BCX9 SCXP55273671\" lang=\"DE-DE\" data-usefontface=\"true\" data-contrast=\"none\"><span class=\"NormalTextRun BCX9 SCXP55273671\">Business<\/span><\/span><\/strong><span class=\"TextRun BCX9 SCXP55273671\" lang=\"DE-DE\" data-usefontface=\"false\" data-contrast=\"none\"><span class=\"NormalTextRun BCX9 SCXP55273671\">-trouveront sur cette<strong> page<\/strong> <\/span><\/span><span class=\"TextRun BCX9 SCXP55273671\" lang=\"DE-DE\" data-usefontface=\"false\" data-contrast=\"none\"><span class=\"NormalTextRun BCX9 SCXP55273671\">Ils ont \u00e9galement la possibilit\u00e9 d&#8217;ajouter un <strong>Waidmanns-Like<\/strong> \u00e0 votre entreprise. <\/span><\/span> <span class=\"TextRun BCX9 SCXP55273671\" lang=\"DE-DE\" data-usefontface=\"false\" data-contrast=\"none\" xml:lang=\"DE-DE\"><span class=\"NormalTextRun BCX9 SCXP55273671\">et de s&#8217;y abonner. Donc, \u00e9galement similaire \u00e0   <\/span><\/span><span class=\"TextRun BCX9 SCXP55273671\" lang=\"DE-DE\" data-usefontface=\"false\" data-contrast=\"none\"><span class=\"NormalTextRun BCX9 SCXP55273671\">Facebook &#8211; avec l&#8217;avantage que sur notre plateforme, il n&#8217;y a presque que des chasseurs. <\/span><\/span><span class=\"TextRun BCX9 SCXP55273671\" lang=\"DE-DE\" data-usefontface=\"false\" data-contrast=\"none\"><span class=\"NormalTextRun BCX9 SCXP55273671\">uniquement des chasseurs. <\/span><\/span> <\/p>\n<p><span class=\"TextRun BCX9 SCXP219463379\" lang=\"DE-DE\" data-usefontface=\"false\" data-contrast=\"none\"><span class=\"NormalTextRun BCX9 SCXP219463379\">En <strong>s&#8217;abonnant<\/strong> \u00e0 une page, le client re\u00e7oit vos articles directement en <\/span><\/span><span class=\"TextRun BCX9 SCXP219463379\" lang=\"DE-DE\" data-usefontface=\"false\" data-contrast=\"none\"><span class=\"NormalTextRun BCX9 SCXP219463379\">comme <strong>une notification push<\/strong> dans l&#8217;application Revierwelt et les trouve en m\u00eame temps <\/span><\/span><span class=\"TextRun BCX9 SCXP219463379\" lang=\"DE-DE\" data-usefontface=\"false\" data-contrast=\"none\"><span class=\"NormalTextRun BCX9 SCXP219463379\">dans son fil d&#8217;actualit\u00e9 personnel.<\/span><\/span><\/p>\n<\/div><\/div><div class=\"w-btn-wrapper align_none\"><a class=\"w-btn us-btn-style_5 icon_atleft\" title=\"Partenaires\" href=\"https:\/\/social.revierwelt.de\/?deutscherjagdverbande.v.\"><i class=\"fas fa-arrow-right\"><\/i><span class=\"w-btn-label\">Ouvrir une page d&apos;exemple<\/span><\/a><\/div><\/div><\/div><\/div><div class=\"vc_col-sm-6 wpb_column vc_column_container has_bg_color us_animate_afr\"><div class=\"vc_column-inner us_custom_a23e117a\"><div class=\"wpb_wrapper\"><div class=\"w-separator blank-column size_custom\" style=\"height:10px\"><\/div><\/div><\/div><\/div><\/div><\/div><\/section><section class=\"l-section wpb_row height_auto width_full\"><div class=\"l-section-h i-cf\"><div class=\"g-cols vc_row via_flex valign_middle type_boxes stacking_default\"><div class=\"vc_col-sm-6 vc_hidden-sm vc_hidden-xs wpb_column vc_column_container has_bg_color us_animate_afl\"><div class=\"vc_column-inner us_custom_fdf8dd04\"><div class=\"wpb_wrapper\"><div class=\"w-separator blank-column size_custom\" style=\"height:10px\"><\/div><\/div><\/div><\/div><div class=\"vc_col-sm-6 wpb_column vc_column_container us_animate_afr\"><div class=\"vc_column-inner\"><div class=\"wpb_wrapper\"><div class=\"w-iconbox iconpos_left style_default color_primary align_left no_text\"><div class=\"w-iconbox-icon\" style=\"font-size:;\"><i class=\"fas fa-chart-pie\"><\/i><\/div><div class=\"w-iconbox-meta\"><h2 class=\"w-iconbox-title\">Comprendre les groupes cibles<\/h2><\/div><\/div><div class=\"w-separator size_small\"><\/div><div class=\"wpb_text_column\"><div class=\"wpb_wrapper\"><p><span class=\"TextRun SCXP15029903 BCX9\" lang=\"DE-DE\" data-usefontface=\"false\" data-contrast=\"none\"><span class=\"NormalTextRun SCXP15029903 BCX9\">Au cours du second semestre, vous recevrez en tant qu&#8217;entreprise des informations sur <\/span><\/span><strong><span class=\"TextRun SCXP15029903 BCX9\" lang=\"DE-DE\" data-usefontface=\"false\" data-contrast=\"none\"><span class=\"SpellingError SCXP15029903 BCX9\">Insights<\/span><\/span><\/strong><span class=\"TextRun SCXP15029903 BCX9\" lang=\"DE-DE\" data-usefontface=\"false\" data-contrast=\"none\" xml:lang=\"DE-DE\"><span class=\"NormalTextRun SCXP15029903 BCX9\">  vous donnera un aper\u00e7u du comportement d&#8217;utilisation de votre site Revierwelt-Business. Les insights ne vous donnent pas seulement de pr\u00e9cieuses indications sur votre groupe cible, ils vous aident \u00e9galement \u00e0 comprendre ce que votre groupe cible souhaite. <\/span><\/span><\/p>\n<p><span class=\"TextRun SCXP15029903 BCX9\" lang=\"DE-DE\" data-usefontface=\"false\" data-contrast=\"none\"><span class=\"NormalTextRun SCXP15029903 BCX9\">En <\/span><\/span><span class=\"TextRun SCXP15029903 BCX9\" lang=\"DE-DE\" data-usefontface=\"false\" data-contrast=\"none\"><span class=\"NormalTextRun SCXP15029903 BCX9\">sont \u00e9galement en pr\u00e9paration <\/span><\/span><strong><span class=\"TextRun SCXP15029903 BCX9\" lang=\"DE-DE\" data-usefontface=\"false\" data-contrast=\"none\"><span class=\"SpellingError SCXP15029903 BCX9\">Social<\/span><\/span><\/strong><span class=\"TextRun SCXP15029903 BCX9\" lang=\"DE-DE\" data-usefontface=\"false\" data-contrast=\"none\"><span class=\"NormalTextRun SCXP15029903 BCX9\">-qui permettront aux utilisateurs d&#8217;interagir avec la<strong> plateforme<\/strong><\/span><\/span><span class=\"TextRun SCXP15029903 BCX9\" lang=\"DE-DE\" data-usefontface=\"false\" data-contrast=\"none\"><span class=\"NormalTextRun SCXP15029903 BCX9\">L&#8217;objectif est de permettre l&#8217;interaction entre les diff\u00e9rentes plateformes et de contribuer ainsi \u00e0 la compr\u00e9hension du groupe cible.<\/span><\/span><span class=\"EOP SCXP15029903 BCX9\"><\/span><\/p>\n<\/div><\/div><\/div><\/div><\/div><\/div><\/div><\/section><section class=\"l-section wpb_row height_auto width_full color_alternate\"><div class=\"l-section-h i-cf\"><div class=\"g-cols vc_row via_flex valign_middle type_boxes stacking_default\"><div class=\"vc_col-sm-12 wpb_column vc_column_container us_animate_afl\"><div class=\"vc_column-inner\"><div class=\"wpb_wrapper\"><div class=\"wpb_text_column\"><div class=\"wpb_wrapper\"><h2 style=\"text-align: center;\"><strong>Pour en savoir plus, consultez la vid\u00e9o REVIERWELT.<\/strong><\/h2>\n<p style=\"text-align: center;\">Nous vous donnons un aper\u00e7u des possibilit\u00e9s illimit\u00e9es de REVIERWELT.<\/p>\n<\/div><\/div><\/div><\/div><\/div><\/div><\/div><\/section><section class=\"l-section wpb_row height_auto\"><div class=\"l-section-h i-cf\"><div class=\"g-cols vc_row via_flex valign_middle type_boxes stacking_default\"><div class=\"vc_col-sm-12 wpb_column vc_column_container us_animate_afl\"><div class=\"vc_column-inner\"><div class=\"wpb_wrapper\"><div class=\"w-video align_center ratio_16x9 has_iframe\"><div class=\"w-video-h\"><iframe title=\"Youtube video player\" src=\"\/\/www.youtube.com\/embed\/6asE877gISM?autoplay=0&controls=1&origin=https:\/\/revierwelt.de&loop=0&mute=0\" allowfullscreen=\"1\" loading=\"lazy\"><\/iframe><\/div><div class=\"w-video-icon\" style=\"font-size:1.5rem;background:rgba(0,0,0,0.5);color:#fff\"><\/div><\/div><\/div><\/div><\/div><\/div><\/div><\/section><section class=\"l-section wpb_row height_auto color_alternate\"><div class=\"l-section-h i-cf\"><div class=\"g-cols vc_row via_flex valign_middle type_boxes stacking_default\"><div class=\"vc_col-sm-12 wpb_column vc_column_container us_animate_afl\"><div class=\"vc_column-inner\"><div class=\"wpb_wrapper\"><div class=\"wpb_text_column\"><div class=\"wpb_wrapper\"><h4 style=\"text-align: center;\"><span class=\"TextRun BCX9 SCXP126005858\" lang=\"DE-DE\" data-usefontface=\"false\" data-contrast=\"none\"><span class=\"NormalTextRun BCX9 SCXP126005858\">Nous serions ravis si votre int\u00e9r\u00eat pour le <\/span><\/span><span class=\"TextRun BCX9 SCXP126005858\" lang=\"DE-DE\" data-usefontface=\"false\" data-contrast=\"none\"><span class=\"NormalTextRun BCX9 SCXP126005858\">REVIERWELT-<\/span><\/span><span class=\"TextRun BCX9 SCXP126005858\" lang=\"DE-DE\" data-usefontface=\"false\" data-contrast=\"none\"><span class=\"SpellingError BCX9 SCXP126005858\">Social<\/span><span class=\"NormalTextRun BCX9 SCXP126005858\">-Nous esp\u00e9rons que notre pr\u00e9sence sur les m\u00e9dias sociaux d\u00e9bouchera sur une coop\u00e9ration \u00e0 long terme.<\/span><\/span><span class=\"EOP BCX9 SCXP126005858\"><\/span><\/h4>\n<\/div><\/div><\/div><\/div><\/div><\/div><\/div><\/section><section class=\"l-section wpb_row height_medium color_primary\"><div class=\"l-section-h i-cf\"><div class=\"g-cols vc_row via_flex valign_top type_default stacking_default\"><div class=\"vc_col-sm-12 wpb_column vc_column_container us_animate_afb\"><div class=\"vc_column-inner\"><div class=\"wpb_wrapper\"><div class=\"w-actionbox color_primary controls_right\"><div class=\"w-actionbox-text\"><h2 class=\"w-actionbox-title\">N&apos;h\u00e9sitez pas \u00e0 nous contacter !<\/h2><\/div><div class=\"w-actionbox-controls\"><a class=\"w-btn us-btn-style_6 icon_atleft\" href=\"https:\/\/revierwelt.de\/index.php\/contact\/\" style=\"font-size:19px;\"><i class=\"fas fa-envelope\"><\/i><span class=\"w-btn-label\">Prendre contact<\/span><\/a><\/div><\/div><\/div><\/div><\/div><\/div><\/div><\/section>\n","protected":false},"excerpt":{"rendered":"REVIERWELT. Pour les entreprises. L&#8217;int\u00e9gration de votre entreprise en tant que partenaire premium de Revierwelt. La pr\u00e9sentation de votre entrepriseAvec une page Revierwelt-Business et un lien dans la zone des partenaires Premium, vous pouvez atteindre votre groupe cible rapidement et facilement. Si vous souscrivez \u00e0 notre package de 12 mois, nous vous fournirons en plus...","protected":false},"author":1,"featured_media":0,"parent":0,"menu_order":0,"comment_status":"closed","ping_status":"closed","template":"","meta":{"footnotes":""},"class_list":["post-36820","page","type-page","status-publish","hentry"],"_links":{"self":[{"href":"https:\/\/revierwelt.de\/index.php\/wp-json\/wp\/v2\/pages\/36820","targetHints":{"allow":["GET"]}}],"collection":[{"href":"https:\/\/revierwelt.de\/index.php\/wp-json\/wp\/v2\/pages"}],"about":[{"href":"https:\/\/revierwelt.de\/index.php\/wp-json\/wp\/v2\/types\/page"}],"author":[{"embeddable":true,"href":"https:\/\/revierwelt.de\/index.php\/wp-json\/wp\/v2\/users\/1"}],"replies":[{"embeddable":true,"href":"https:\/\/revierwelt.de\/index.php\/wp-json\/wp\/v2\/comments?post=36820"}],"version-history":[{"count":0,"href":"https:\/\/revierwelt.de\/index.php\/wp-json\/wp\/v2\/pages\/36820\/revisions"}],"wp:attachment":[{"href":"https:\/\/revierwelt.de\/index.php\/wp-json\/wp\/v2\/media?parent=36820"}],"curies":[{"name":"wp","href":"https:\/\/api.w.org\/{rel}","templated":true}]}}