{"id":36823,"date":"2025-02-25T11:13:32","date_gmt":"2025-02-25T10:13:32","guid":{"rendered":"https:\/\/revierwelt.de\/index.php\/for-business\/"},"modified":"2025-02-25T11:13:43","modified_gmt":"2025-02-25T10:13:43","slug":"for-business","status":"publish","type":"page","link":"https:\/\/revierwelt.de\/index.php\/for-business\/?lang=fi","title":{"rendered":"for Business"},"content":{"rendered":"<section class=\"l-section wpb_row height_medium color_alternate\" id=\"k\u00e4ynnist\u00e4\"><div class=\"l-section-h i-cf\"><div class=\"g-cols vc_row via_flex valign_top type_default stacking_default\"><div class=\"vc_col-sm-12 wpb_column vc_column_container\"><div class=\"vc_column-inner\"><div class=\"wpb_wrapper\"><div class=\"wpb_text_column\"><div class=\"wpb_wrapper\"><h2 style=\"text-align: center;\"><strong>REVIERWELT.<\/strong>  Liiketoimintaa varten.<\/h2>\n<p style=\"text-align: center;\">Yrityksesi integroiminen Revierweltin premium-kumppaniksi.<\/p>\n<\/div><\/div><\/div><\/div><\/div><\/div><\/div><\/section><section class=\"l-section wpb_row height_auto width_full\"><div class=\"l-section-h i-cf\"><div class=\"g-cols vc_row via_flex valign_middle type_boxes stacking_default\"><div class=\"vc_col-sm-6 wpb_column vc_column_container has_bg_color us_animate_afl\"><div class=\"vc_column-inner us_custom_891d1146\"><div class=\"wpb_wrapper\"><div class=\"w-separator size_custom\" style=\"height:10px\"><\/div><\/div><\/div><\/div><div class=\"vc_col-sm-6 wpb_column vc_column_container us_animate_afr\"><div class=\"vc_column-inner\"><div class=\"wpb_wrapper\"><div class=\"w-iconbox iconpos_left style_default color_primary align_left no_text\"><div class=\"w-iconbox-icon\" style=\"font-size:;\"><i class=\"fas fa-desktop\"><\/i><\/div><div class=\"w-iconbox-meta\"><h2 class=\"w-iconbox-title\">Yrityksenne esittely<\/h2><\/div><\/div><div class=\"w-separator size_small\"><\/div><div class=\"wpb_text_column\"><div class=\"wpb_wrapper\"><p><span class=\"TextRun SCXP191441430 BCX9\" lang=\"DE-DE\" data-usefontface=\"false\" data-contrast=\"none\" xml:lang=\"DE-DE\"><span class=\"NormalTextRun SCXP191441430 BCX9\"><strong>Revierweltin yrityssivun<\/strong> ja <strong>Premium Partner -alueella olevan linkin<\/strong> avulla tavoitat kohderyhm\u00e4si nopeasti ja helposti.  <\/span><\/span><\/p>\n<p><span class=\"EOP SCXP191441430 BCX9\"><span class=\"TextRun SCXP243796570 BCX9\" lang=\"DE-DE\" data-usefontface=\"false\" data-contrast=\"none\"><span class=\"NormalTextRun SCXP243796570 BCX9\">Kun varaat <strong>12 kuukauden pakettimme<\/strong>, luomme sinulle my\u00f6s seuraavat palvelut <\/span><\/span><span class=\"TextRun SCXP243796570 BCX9\" lang=\"DE-DE\" data-usefontface=\"false\" data-contrast=\"none\"><span class=\"NormalTextRun SCXP243796570 BCX9\">logon <strong>linkkin\u00e4 premium-kumppanialueelle <\/strong>, luomme my\u00f6s <\/span><\/span> <span class=\"TextRun SCXP243796570 BCX9\" lang=\"DE-DE\" xml:lang=\"DE-DE\" data-usefontface=\"false\" data-contrast=\"none\"><span class=\"NormalTextRun SCXP243796570 BCX9\">Revierwelt-liiketoimintasivu alustallamme. Jotta   <\/span><\/span><span class=\"TextRun SCXP243796570 BCX9\" lang=\"DE-DE\" xml:lang=\"DE-DE\" data-usefontface=\"false\" data-contrast=\"none\"><span class=\"NormalTextRun SCXP243796570 BCX9\">jotta <strong>yll\u00e4pitokustannukset <\/strong>pysyv\u00e4t<strong> alhaisina<\/strong>, yhdist\u00e4mme mielell\u00e4mme teid\u00e4n  <\/span><\/span><span class=\"TextRun SCXP243796570 BCX9\" lang=\"DE-DE\" xml:lang=\"DE-DE\" data-usefontface=\"false\" data-contrast=\"none\"><span class=\"NormalTextRun SCXP243796570 BCX9\">olemassa olevaa Facebook-sivua ja noutaa postauksesi automaattisesti. Voimme my\u00f6s toteuttaa linkin YouTube-kanavaasi. <\/span><\/span><\/span><\/p>\n<p><span class=\"EOP SCXP191441430 BCX9\"><span class=\"EOP SCXP243796570 BCX9\"><span class=\"TextRun SCXP191441430 BCX9\" lang=\"DE-DE\" data-usefontface=\"false\" data-contrast=\"none\"><span class=\"NormalTextRun SCXP191441430 BCX9\">Jos asiakas napsauttaa kumppanin logoa, h\u00e4n siirtyy joko <strong>Revierwelt-yrityssivullesi <\/strong><\/span><\/span><span class=\"TextRun SCXP191441430 BCX9\" lang=\"DE-DE\" data-usefontface=\"false\" data-contrast=\"none\"><span class=\"NormalTextRun SCXP191441430 BCX9\">tai <strong>omalle verkkosivustollesi<\/strong>.<\/span><\/span><\/span><\/span><\/p>\n<\/div><\/div><div class=\"w-btn-wrapper align_right\"><a class=\"w-btn us-btn-style_5 icon_atleft\" title=\"Kumppani\" href=\"https:\/\/revierwelt.de\/index.php\/partner\/\"><i class=\"fas fa-arrow-right\"><\/i><span class=\"w-btn-label\">Yhteisty\u00f6kumppaneillemme<\/span><\/a><\/div><\/div><\/div><\/div><\/div><\/div><\/section><section class=\"l-section wpb_row height_auto width_full\"><div class=\"l-section-h i-cf\"><div class=\"g-cols vc_row via_flex valign_middle type_boxes stacking_default\"><div class=\"vc_col-sm-6 wpb_column vc_column_container us_animate_afl\"><div class=\"vc_column-inner\"><div class=\"wpb_wrapper\"><div class=\"w-iconbox iconpos_left style_default color_primary align_left no_text\"><div class=\"w-iconbox-icon\" style=\"font-size:;\"><i class=\"fas fa-user-plus\"><\/i><\/div><div class=\"w-iconbox-meta\"><h2 class=\"w-iconbox-title\">Enemm\u00e4n vuorovaikutusta asiakkaiden kanssa<\/h2><\/div><\/div><div class=\"w-separator size_small\"><\/div><div class=\"wpb_text_column\"><div class=\"wpb_wrapper\"><p><span class=\"TextRun BCX9 SCXP55273671\" lang=\"DE-DE\" data-usefontface=\"false\" data-contrast=\"none\"><span class=\"NormalTextRun BCX9 SCXP55273671\">K\u00e4ytt\u00e4j\u00e4t, jotka k\u00e4ytt\u00e4v\u00e4t <strong>Revierwelt-tietojasi<\/strong><\/span><\/span><strong><span class=\"TextRun BCX9 SCXP55273671\" lang=\"DE-DE\" data-usefontface=\"true\" data-contrast=\"none\"><span class=\"NormalTextRun BCX9 SCXP55273671\">Yritys<\/span><\/span><\/strong><span class=\"TextRun BCX9 SCXP55273671\" lang=\"DE-DE\" data-usefontface=\"false\" data-contrast=\"none\"><span class=\"NormalTextRun BCX9 SCXP55273671\"><strong>-sivulle<\/strong>, l\u00f6yd\u00e4t t\u00e4\u00e4lt\u00e4 <\/span><\/span><span class=\"TextRun BCX9 SCXP55273671\" lang=\"DE-DE\" data-usefontface=\"false\" data-contrast=\"none\"><span class=\"NormalTextRun BCX9 SCXP55273671\">mahdollisuuden mainostaa yrityst\u00e4si <strong>Waidmanns-Like-mainoksella.<\/strong> <\/span><\/span> <span class=\"TextRun BCX9 SCXP55273671\" lang=\"DE-DE\" data-usefontface=\"false\" data-contrast=\"none\" xml:lang=\"DE-DE\"><span class=\"NormalTextRun BCX9 SCXP55273671\">ja tilata ne. Joten my\u00f6s samanlainen kuin   <\/span><\/span><span class=\"TextRun BCX9 SCXP55273671\" lang=\"DE-DE\" data-usefontface=\"false\" data-contrast=\"none\"><span class=\"NormalTextRun BCX9 SCXP55273671\">Facebook &#8211; etuna on, ett\u00e4 alustamme on l\u00e4hes yksinomaan <\/span><\/span><span class=\"TextRun BCX9 SCXP55273671\" lang=\"DE-DE\" data-usefontface=\"false\" data-contrast=\"none\"><span class=\"NormalTextRun BCX9 SCXP55273671\">l\u00e4hes yksinomaan mets\u00e4st\u00e4ji\u00e4. <\/span><\/span> <\/p>\n<p><span class=\"TextRun BCX9 SCXP219463379\" lang=\"DE-DE\" data-usefontface=\"false\" data-contrast=\"none\"><span class=\"NormalTextRun BCX9 SCXP219463379\"><strong>Tilaamalla<\/strong> sivun, asiakas saa panoksesi suoraan. <\/span><\/span><span class=\"TextRun BCX9 SCXP219463379\" lang=\"DE-DE\" data-usefontface=\"false\" data-contrast=\"none\"><span class=\"NormalTextRun BCX9 SCXP219463379\"><strong>push-ilmoituksena<\/strong> Revierwelt-sovelluksessa ja l\u00f6yt\u00e4\u00e4 ne samalla my\u00f6s <\/span><\/span><span class=\"TextRun BCX9 SCXP219463379\" lang=\"DE-DE\" data-usefontface=\"false\" data-contrast=\"none\"><span class=\"NormalTextRun BCX9 SCXP219463379\">henkil\u00f6kohtaisesta uutisvirrasta.<\/span><\/span><\/p>\n<\/div><\/div><div class=\"w-btn-wrapper align_none\"><a class=\"w-btn us-btn-style_5 icon_atleft\" title=\"Kumppani\" href=\"https:\/\/social.revierwelt.de\/?deutscherjagdverbande.v.\"><i class=\"fas fa-arrow-right\"><\/i><span class=\"w-btn-label\">Avaa esimerkkisivu<\/span><\/a><\/div><\/div><\/div><\/div><div class=\"vc_col-sm-6 wpb_column vc_column_container has_bg_color us_animate_afr\"><div class=\"vc_column-inner us_custom_a23e117a\"><div class=\"wpb_wrapper\"><div class=\"w-separator blank-column size_custom\" style=\"height:10px\"><\/div><\/div><\/div><\/div><\/div><\/div><\/section><section class=\"l-section wpb_row height_auto width_full\"><div class=\"l-section-h i-cf\"><div class=\"g-cols vc_row via_flex valign_middle type_boxes stacking_default\"><div class=\"vc_col-sm-6 vc_hidden-sm vc_hidden-xs wpb_column vc_column_container has_bg_color us_animate_afl\"><div class=\"vc_column-inner us_custom_fdf8dd04\"><div class=\"wpb_wrapper\"><div class=\"w-separator blank-column size_custom\" style=\"height:10px\"><\/div><\/div><\/div><\/div><div class=\"vc_col-sm-6 wpb_column vc_column_container us_animate_afr\"><div class=\"vc_column-inner\"><div class=\"wpb_wrapper\"><div class=\"w-iconbox iconpos_left style_default color_primary align_left no_text\"><div class=\"w-iconbox-icon\" style=\"font-size:;\"><i class=\"fas fa-chart-pie\"><\/i><\/div><div class=\"w-iconbox-meta\"><h2 class=\"w-iconbox-title\">Kohderyhmien ymm\u00e4rt\u00e4minen<\/h2><\/div><\/div><div class=\"w-separator size_small\"><\/div><div class=\"wpb_text_column\"><div class=\"wpb_wrapper\"><p><span class=\"TextRun SCXP15029903 BCX9\" lang=\"DE-DE\" data-usefontface=\"false\" data-contrast=\"none\"><span class=\"NormalTextRun SCXP15029903 BCX9\">Vuoden j\u00e4lkipuoliskolla saatte yrityksen\u00e4 seuraavat tiedot <\/span><\/span><strong><span class=\"TextRun SCXP15029903 BCX9\" lang=\"DE-DE\" data-usefontface=\"false\" data-contrast=\"none\"><span class=\"SpellingError SCXP15029903 BCX9\">Insights<\/span><\/span><\/strong><span class=\"TextRun SCXP15029903 BCX9\" lang=\"DE-DE\" data-usefontface=\"false\" data-contrast=\"none\" xml:lang=\"DE-DE\"><span class=\"NormalTextRun SCXP15029903 BCX9\">  antaa sinulle k\u00e4sityksen Revierwelt-yrityssivustosi k\u00e4ytt\u00f6k\u00e4ytt\u00e4ytymisest\u00e4 tulevaisuudessa. Insights antaa sinulle arvokasta tietoa siit\u00e4, kuka kohderyhm\u00e4si on, ja auttaa sinua my\u00f6s ymm\u00e4rt\u00e4m\u00e4\u00e4n, mit\u00e4 kohderyhm\u00e4si haluaa. <\/span><\/span><\/p>\n<p><span class=\"TextRun SCXP15029903 BCX9\" lang=\"DE-DE\" data-usefontface=\"false\" data-contrast=\"none\"><span class=\"NormalTextRun SCXP15029903 BCX9\">Osoitteessa <\/span><\/span><span class=\"TextRun SCXP15029903 BCX9\" lang=\"DE-DE\" data-usefontface=\"false\" data-contrast=\"none\"><span class=\"NormalTextRun SCXP15029903 BCX9\">Valmistelussa ovat my\u00f6s <\/span><\/span><strong><span class=\"TextRun SCXP15029903 BCX9\" lang=\"DE-DE\" data-usefontface=\"false\" data-contrast=\"none\"><span class=\"SpellingError SCXP15029903 BCX9\">sosiaalinen<\/span><\/span><\/strong><span class=\"TextRun SCXP15029903 BCX9\" lang=\"DE-DE\" data-usefontface=\"false\" data-contrast=\"none\"><span class=\"NormalTextRun SCXP15029903 BCX9\"><strong>-pluginit<\/strong> ovat my\u00f6s valmisteilla, jotka mahdollistavat k\u00e4ytt\u00e4j\u00e4n <\/span><\/span><span class=\"TextRun SCXP15029903 BCX9\" lang=\"DE-DE\" data-usefontface=\"false\" data-contrast=\"none\"><span class=\"NormalTextRun SCXP15029903 BCX9\">alustan ja siten edist\u00e4\u00e4 merkitt\u00e4v\u00e4sti kohderyhm\u00e4n ymm\u00e4rt\u00e4mist\u00e4.<\/span><\/span><span class=\"EOP SCXP15029903 BCX9\"><\/span><\/p>\n<\/div><\/div><\/div><\/div><\/div><\/div><\/div><\/section><section class=\"l-section wpb_row height_auto width_full color_alternate\"><div class=\"l-section-h i-cf\"><div class=\"g-cols vc_row via_flex valign_middle type_boxes stacking_default\"><div class=\"vc_col-sm-12 wpb_column vc_column_container us_animate_afl\"><div class=\"vc_column-inner\"><div class=\"wpb_wrapper\"><div class=\"wpb_text_column\"><div class=\"wpb_wrapper\"><h2 style=\"text-align: center;\"><strong>Katso lis\u00e4tietoja REVIERWELT-videolta.<\/strong><\/h2>\n<p style=\"text-align: center;\">Annamme sinulle yleiskatsauksen REVIERWELT rajattomista mahdollisuuksista.<\/p>\n<\/div><\/div><\/div><\/div><\/div><\/div><\/div><\/section><section class=\"l-section wpb_row height_auto\"><div class=\"l-section-h i-cf\"><div class=\"g-cols vc_row via_flex valign_middle type_boxes stacking_default\"><div class=\"vc_col-sm-12 wpb_column vc_column_container us_animate_afl\"><div class=\"vc_column-inner\"><div class=\"wpb_wrapper\"><div class=\"w-video align_center ratio_16x9 has_iframe\"><div class=\"w-video-h\"><iframe title=\"Youtube video player\" src=\"\/\/www.youtube.com\/embed\/6asE877gISM?autoplay=0&controls=1&origin=https:\/\/revierwelt.de&loop=0&mute=0\" allowfullscreen=\"1\" loading=\"lazy\"><\/iframe><\/div><div class=\"w-video-icon\" style=\"font-size:1.5rem;background:rgba(0,0,0,0.5);color:#fff\"><\/div><\/div><\/div><\/div><\/div><\/div><\/div><\/section><section class=\"l-section wpb_row height_auto color_alternate\"><div class=\"l-section-h i-cf\"><div class=\"g-cols vc_row via_flex valign_middle type_boxes stacking_default\"><div class=\"vc_col-sm-12 wpb_column vc_column_container us_animate_afl\"><div class=\"vc_column-inner\"><div class=\"wpb_wrapper\"><div class=\"wpb_text_column\"><div class=\"wpb_wrapper\"><h4 style=\"text-align: center;\"><span class=\"TextRun BCX9 SCXP126005858\" lang=\"DE-DE\" data-usefontface=\"false\" data-contrast=\"none\"><span class=\"NormalTextRun BCX9 SCXP126005858\">Olisimme iloisia, jos kiinnostuksenne <\/span><\/span><span class=\"TextRun BCX9 SCXP126005858\" lang=\"DE-DE\" data-usefontface=\"false\" data-contrast=\"none\"><span class=\"NormalTextRun BCX9 SCXP126005858\">REVIERWELT-<\/span><\/span><span class=\"TextRun BCX9 SCXP126005858\" lang=\"DE-DE\" data-usefontface=\"false\" data-contrast=\"none\"><span class=\"SpellingError BCX9 SCXP126005858\">sosiaalinen<\/span><span class=\"NormalTextRun BCX9 SCXP126005858\">median\u00e4kyvyys pitk\u00e4aikaiseksi yhteisty\u00f6ksi.<\/span><\/span><span class=\"EOP BCX9 SCXP126005858\"><\/span><\/h4>\n<\/div><\/div><\/div><\/div><\/div><\/div><\/div><\/section><section class=\"l-section wpb_row height_medium color_primary\"><div class=\"l-section-h i-cf\"><div class=\"g-cols vc_row via_flex valign_top type_default stacking_default\"><div class=\"vc_col-sm-12 wpb_column vc_column_container us_animate_afb\"><div class=\"vc_column-inner\"><div class=\"wpb_wrapper\"><div class=\"w-actionbox color_primary controls_right\"><div class=\"w-actionbox-text\"><h2 class=\"w-actionbox-title\">Odotamme mielenkiinnolla kysely\u00e4si!<\/h2><\/div><div class=\"w-actionbox-controls\"><a class=\"w-btn us-btn-style_6 icon_atleft\" href=\"https:\/\/revierwelt.de\/index.php\/contact\/\" style=\"font-size:19px;\"><i class=\"fas fa-envelope\"><\/i><span class=\"w-btn-label\">Ota yhteytt\u00e4<\/span><\/a><\/div><\/div><\/div><\/div><\/div><\/div><\/div><\/section>\n","protected":false},"excerpt":{"rendered":"REVIERWELT. Liiketoimintaa varten. Yrityksesi integroiminen Revierweltin premium-kumppaniksi. Yrityksenne esittelyRevierweltin yrityssivun ja Premium Partner -alueella olevan linkin avulla tavoitat kohderyhm\u00e4si nopeasti ja helposti. Kun varaat 12 kuukauden pakettimme, luomme sinulle my\u00f6s seuraavat palvelut logon linkkin\u00e4 premium-kumppanialueelle , luomme my\u00f6s Revierwelt-liiketoimintasivu alustallamme. Jotta jotta yll\u00e4pitokustannukset pysyv\u00e4t alhaisina, yhdist\u00e4mme mielell\u00e4mme teid\u00e4n olemassa olevaa Facebook-sivua ja noutaa postauksesi automaattisesti....","protected":false},"author":1,"featured_media":0,"parent":0,"menu_order":0,"comment_status":"closed","ping_status":"closed","template":"","meta":{"footnotes":""},"class_list":["post-36823","page","type-page","status-publish","hentry"],"_links":{"self":[{"href":"https:\/\/revierwelt.de\/index.php\/wp-json\/wp\/v2\/pages\/36823","targetHints":{"allow":["GET"]}}],"collection":[{"href":"https:\/\/revierwelt.de\/index.php\/wp-json\/wp\/v2\/pages"}],"about":[{"href":"https:\/\/revierwelt.de\/index.php\/wp-json\/wp\/v2\/types\/page"}],"author":[{"embeddable":true,"href":"https:\/\/revierwelt.de\/index.php\/wp-json\/wp\/v2\/users\/1"}],"replies":[{"embeddable":true,"href":"https:\/\/revierwelt.de\/index.php\/wp-json\/wp\/v2\/comments?post=36823"}],"version-history":[{"count":0,"href":"https:\/\/revierwelt.de\/index.php\/wp-json\/wp\/v2\/pages\/36823\/revisions"}],"wp:attachment":[{"href":"https:\/\/revierwelt.de\/index.php\/wp-json\/wp\/v2\/media?parent=36823"}],"curies":[{"name":"wp","href":"https:\/\/api.w.org\/{rel}","templated":true}]}}