{"id":36828,"date":"2025-02-25T11:13:35","date_gmt":"2025-02-25T10:13:35","guid":{"rendered":"https:\/\/revierwelt.de\/index.php\/aerile\/"},"modified":"2025-02-25T11:13:43","modified_gmt":"2025-02-25T10:13:43","slug":"aerile","status":"publish","type":"page","link":"https:\/\/revierwelt.de\/index.php\/aerile\/?lang=et","title":{"rendered":"\u00c4rile"},"content":{"rendered":"<section class=\"l-section wpb_row height_medium color_alternate\" id=\"start\"><div class=\"l-section-h i-cf\"><div class=\"g-cols vc_row via_flex valign_top type_default stacking_default\"><div class=\"vc_col-sm-12 wpb_column vc_column_container\"><div class=\"vc_column-inner\"><div class=\"wpb_wrapper\"><div class=\"wpb_text_column\"><div class=\"wpb_wrapper\"><h2 style=\"text-align: center;\"><strong>REVIERWELT.<\/strong>  \u00c4rile.<\/h2>\n<p style=\"text-align: center;\">Teie ettev\u00f5tte integreerimine Revierwelt&#8217;i premium-partnerina.<\/p>\n<\/div><\/div><\/div><\/div><\/div><\/div><\/div><\/section><section class=\"l-section wpb_row height_auto width_full\"><div class=\"l-section-h i-cf\"><div class=\"g-cols vc_row via_flex valign_middle type_boxes stacking_default\"><div class=\"vc_col-sm-6 wpb_column vc_column_container has_bg_color us_animate_afl\"><div class=\"vc_column-inner us_custom_891d1146\"><div class=\"wpb_wrapper\"><div class=\"w-separator size_custom\" style=\"height:10px\"><\/div><\/div><\/div><\/div><div class=\"vc_col-sm-6 wpb_column vc_column_container us_animate_afr\"><div class=\"vc_column-inner\"><div class=\"wpb_wrapper\"><div class=\"w-iconbox iconpos_left style_default color_primary align_left no_text\"><div class=\"w-iconbox-icon\" style=\"font-size:;\"><i class=\"fas fa-desktop\"><\/i><\/div><div class=\"w-iconbox-meta\"><h2 class=\"w-iconbox-title\">Teie ettev\u00f5tte esitlus<\/h2><\/div><\/div><div class=\"w-separator size_small\"><\/div><div class=\"wpb_text_column\"><div class=\"wpb_wrapper\"><p><span class=\"TextRun SCXP191441430 BCX9\" lang=\"DE-DE\" data-usefontface=\"false\" data-contrast=\"none\" xml:lang=\"DE-DE\"><span class=\"NormalTextRun SCXP191441430 BCX9\"><strong>Revierwelt&#8217;i \u00e4rilehe<\/strong> ja <strong>lingi<\/strong> abil <strong>Premium Partneri alal<\/strong> saate oma sihtr\u00fchmaga kiiresti ja lihtsalt \u00fchendust.  <\/span><\/span><\/p>\n<p><span class=\"EOP SCXP191441430 BCX9\"><span class=\"TextRun SCXP243796570 BCX9\" lang=\"DE-DE\" data-usefontface=\"false\" data-contrast=\"none\"><span class=\"NormalTextRun SCXP243796570 BCX9\">Kui te broneerite meie <strong>12-kuulise paketi<\/strong>, siis loome teile ka <\/span><\/span><span class=\"TextRun SCXP243796570 BCX9\" lang=\"DE-DE\" data-usefontface=\"false\" data-contrast=\"none\"><span class=\"NormalTextRun SCXP243796570 BCX9\">logo <strong>lingina premium-partneri alal <\/strong>, loome ka <strong>lingi <\/strong><\/span><\/span> <span class=\"TextRun SCXP243796570 BCX9\" lang=\"DE-DE\" xml:lang=\"DE-DE\" data-usefontface=\"false\" data-contrast=\"none\"><span class=\"NormalTextRun SCXP243796570 BCX9\">Revierwelt \u00e4rik\u00fclg meie platvormil. Selleks, et   <\/span><\/span><span class=\"TextRun SCXP243796570 BCX9\" lang=\"DE-DE\" xml:lang=\"DE-DE\" data-usefontface=\"false\" data-contrast=\"none\"><span class=\"NormalTextRun SCXP243796570 BCX9\">et hoida <strong>hoolduskulud <\/strong>teie jaoks<strong> madalad<\/strong>, \u00fchendame me hea meelega teie  <\/span><\/span><span class=\"TextRun SCXP243796570 BCX9\" lang=\"DE-DE\" xml:lang=\"DE-DE\" data-usefontface=\"false\" data-contrast=\"none\"><span class=\"NormalTextRun SCXP243796570 BCX9\">olemasolevat Facebooki lehte ja saada oma postitused automaatselt k\u00e4tte. Samuti saame realiseerida lingi teie YouTube&#8217;i kanalile. <\/span><\/span><\/span><\/p>\n<p><span class=\"EOP SCXP191441430 BCX9\"><span class=\"EOP SCXP243796570 BCX9\"><span class=\"TextRun SCXP191441430 BCX9\" lang=\"DE-DE\" data-usefontface=\"false\" data-contrast=\"none\"><span class=\"NormalTextRun SCXP191441430 BCX9\">Kui klient klikib partneri logole, suunatakse ta kas teie <strong>Revierwelt&#8217;i \u00e4rilehele <\/strong><\/span><\/span><span class=\"TextRun SCXP191441430 BCX9\" lang=\"DE-DE\" data-usefontface=\"false\" data-contrast=\"none\"><span class=\"NormalTextRun SCXP191441430 BCX9\">v\u00f5i teie <strong>enda veebisaidile<\/strong>.<\/span><\/span><\/span><\/span><\/p>\n<\/div><\/div><div class=\"w-btn-wrapper align_right\"><a class=\"w-btn us-btn-style_5 icon_atleft\" title=\"Partner\" href=\"https:\/\/revierwelt.de\/index.php\/partner\/\"><i class=\"fas fa-arrow-right\"><\/i><span class=\"w-btn-label\">Meie partneritele<\/span><\/a><\/div><\/div><\/div><\/div><\/div><\/div><\/section><section class=\"l-section wpb_row height_auto width_full\"><div class=\"l-section-h i-cf\"><div class=\"g-cols vc_row via_flex valign_middle type_boxes stacking_default\"><div class=\"vc_col-sm-6 wpb_column vc_column_container us_animate_afl\"><div class=\"vc_column-inner\"><div class=\"wpb_wrapper\"><div class=\"w-iconbox iconpos_left style_default color_primary align_left no_text\"><div class=\"w-iconbox-icon\" style=\"font-size:;\"><i class=\"fas fa-user-plus\"><\/i><\/div><div class=\"w-iconbox-meta\"><h2 class=\"w-iconbox-title\">Rohkem kliendisuhtlust<\/h2><\/div><\/div><div class=\"w-separator size_small\"><\/div><div class=\"wpb_text_column\"><div class=\"wpb_wrapper\"><p><span class=\"TextRun BCX9 SCXP55273671\" lang=\"DE-DE\" data-usefontface=\"false\" data-contrast=\"none\"><span class=\"NormalTextRun BCX9 SCXP55273671\">Kasutajad, kes p\u00e4\u00e4sevad teie <strong>Revierwelt&#8217;ile<\/strong> ligi<\/span><\/span><strong><span class=\"TextRun BCX9 SCXP55273671\" lang=\"DE-DE\" data-usefontface=\"true\" data-contrast=\"none\"><span class=\"NormalTextRun BCX9 SCXP55273671\">Ettev\u00f5tte<\/span><\/span><\/strong><span class=\"TextRun BCX9 SCXP55273671\" lang=\"DE-DE\" data-usefontface=\"false\" data-contrast=\"none\"><span class=\"NormalTextRun BCX9 SCXP55273671\"><strong>-lehele<\/strong>, leiavad siit <\/span><\/span><span class=\"TextRun BCX9 SCXP55273671\" lang=\"DE-DE\" data-usefontface=\"false\" data-contrast=\"none\"><span class=\"NormalTextRun BCX9 SCXP55273671\">v\u00f5imaluse reklaamida oma ettev\u00f5tet <strong>Waidmanns-Like<\/strong> &#8218;iga <strong>.<\/strong> <\/span><\/span> <span class=\"TextRun BCX9 SCXP55273671\" lang=\"DE-DE\" data-usefontface=\"false\" data-contrast=\"none\" xml:lang=\"DE-DE\"><span class=\"NormalTextRun BCX9 SCXP55273671\">ja tellige neid. Nii et ka sarnane   <\/span><\/span><span class=\"TextRun BCX9 SCXP55273671\" lang=\"DE-DE\" data-usefontface=\"false\" data-contrast=\"none\"><span class=\"NormalTextRun BCX9 SCXP55273671\">Facebook &#8211; eeliseks on see, et meie platvorm on peaaegu eranditult <\/span><\/span><span class=\"TextRun BCX9 SCXP55273671\" lang=\"DE-DE\" data-usefontface=\"false\" data-contrast=\"none\"><span class=\"NormalTextRun BCX9 SCXP55273671\">peaaegu eranditult jahimehed. <\/span><\/span> <\/p>\n<p><span class=\"TextRun BCX9 SCXP219463379\" lang=\"DE-DE\" data-usefontface=\"false\" data-contrast=\"none\"><span class=\"NormalTextRun BCX9 SCXP219463379\">Lehe <strong>tellimisel<\/strong> saab klient teie panust otse k\u00e4tte. <\/span><\/span><span class=\"TextRun BCX9 SCXP219463379\" lang=\"DE-DE\" data-usefontface=\"false\" data-contrast=\"none\"><span class=\"NormalTextRun BCX9 SCXP219463379\"><strong>push-teavitusena<\/strong> Revierwelt&#8217;i rakenduses ja leiab samal ajal need <\/span><\/span><span class=\"TextRun BCX9 SCXP219463379\" lang=\"DE-DE\" data-usefontface=\"false\" data-contrast=\"none\"><span class=\"NormalTextRun BCX9 SCXP219463379\">oma isiklikust uudisvoost.<\/span><\/span><\/p>\n<\/div><\/div><div class=\"w-btn-wrapper align_none\"><a class=\"w-btn us-btn-style_5 icon_atleft\" title=\"Partner\" href=\"https:\/\/social.revierwelt.de\/?deutscherjagdverbande.v.\"><i class=\"fas fa-arrow-right\"><\/i><span class=\"w-btn-label\">Avage n\u00e4idisleht<\/span><\/a><\/div><\/div><\/div><\/div><div class=\"vc_col-sm-6 wpb_column vc_column_container has_bg_color us_animate_afr\"><div class=\"vc_column-inner us_custom_a23e117a\"><div class=\"wpb_wrapper\"><div class=\"w-separator blank-column size_custom\" style=\"height:10px\"><\/div><\/div><\/div><\/div><\/div><\/div><\/section><section class=\"l-section wpb_row height_auto width_full\"><div class=\"l-section-h i-cf\"><div class=\"g-cols vc_row via_flex valign_middle type_boxes stacking_default\"><div class=\"vc_col-sm-6 vc_hidden-sm vc_hidden-xs wpb_column vc_column_container has_bg_color us_animate_afl\"><div class=\"vc_column-inner us_custom_fdf8dd04\"><div class=\"wpb_wrapper\"><div class=\"w-separator blank-column size_custom\" style=\"height:10px\"><\/div><\/div><\/div><\/div><div class=\"vc_col-sm-6 wpb_column vc_column_container us_animate_afr\"><div class=\"vc_column-inner\"><div class=\"wpb_wrapper\"><div class=\"w-iconbox iconpos_left style_default color_primary align_left no_text\"><div class=\"w-iconbox-icon\" style=\"font-size:;\"><i class=\"fas fa-chart-pie\"><\/i><\/div><div class=\"w-iconbox-meta\"><h2 class=\"w-iconbox-title\">Sihtr\u00fchmade m\u00f5istmine<\/h2><\/div><\/div><div class=\"w-separator size_small\"><\/div><div class=\"wpb_text_column\"><div class=\"wpb_wrapper\"><p><span class=\"TextRun SCXP15029903 BCX9\" lang=\"DE-DE\" data-usefontface=\"false\" data-contrast=\"none\"><span class=\"NormalTextRun SCXP15029903 BCX9\">Teisel poolaastal saate te ettev\u00f5ttena <\/span><\/span><strong><span class=\"TextRun SCXP15029903 BCX9\" lang=\"DE-DE\" data-usefontface=\"false\" data-contrast=\"none\"><span class=\"SpellingError SCXP15029903 BCX9\">Insights<\/span><\/span><\/strong><span class=\"TextRun SCXP15029903 BCX9\" lang=\"DE-DE\" data-usefontface=\"false\" data-contrast=\"none\" xml:lang=\"DE-DE\"><span class=\"NormalTextRun SCXP15029903 BCX9\">  annab teile \u00fclevaate teie Revierwelt&#8217;i veebisaidi kasutusk\u00e4itumisest tulevikus. Insights ei anna teile mitte ainult v\u00e4\u00e4rtuslikku teavet selle kohta, kes on teie sihtr\u00fchm, vaid aitab teil ka m\u00f5ista, mida teie sihtr\u00fchm soovib. <\/span><\/span><\/p>\n<p><span class=\"TextRun SCXP15029903 BCX9\" lang=\"DE-DE\" data-usefontface=\"false\" data-contrast=\"none\"><span class=\"NormalTextRun SCXP15029903 BCX9\">Veebilehel <\/span><\/span><span class=\"TextRun SCXP15029903 BCX9\" lang=\"DE-DE\" data-usefontface=\"false\" data-contrast=\"none\"><span class=\"NormalTextRun SCXP15029903 BCX9\">Ettevalmistamisel on ka <\/span><\/span><strong><span class=\"TextRun SCXP15029903 BCX9\" lang=\"DE-DE\" data-usefontface=\"false\" data-contrast=\"none\"><span class=\"SpellingError SCXP15029903 BCX9\">sotsiaalne<\/span><\/span><\/strong><span class=\"TextRun SCXP15029903 BCX9\" lang=\"DE-DE\" data-usefontface=\"false\" data-contrast=\"none\"><span class=\"NormalTextRun SCXP15029903 BCX9\"><strong>-pluginid<\/strong> on samuti ettevalmistamisel, mis v\u00f5imaldavad kasutajale <\/span><\/span><span class=\"TextRun SCXP15029903 BCX9\" lang=\"DE-DE\" data-usefontface=\"false\" data-contrast=\"none\"><span class=\"NormalTextRun SCXP15029903 BCX9\">platvormi ja annavad seega olulise panuse sihtr\u00fchma m\u00f5istmisse.<\/span><\/span><span class=\"EOP SCXP15029903 BCX9\"><\/span><\/p>\n<\/div><\/div><\/div><\/div><\/div><\/div><\/div><\/section><section class=\"l-section wpb_row height_auto width_full color_alternate\"><div class=\"l-section-h i-cf\"><div class=\"g-cols vc_row via_flex valign_middle type_boxes stacking_default\"><div class=\"vc_col-sm-12 wpb_column vc_column_container us_animate_afl\"><div class=\"vc_column-inner\"><div class=\"wpb_wrapper\"><div class=\"wpb_text_column\"><div class=\"wpb_wrapper\"><h2 style=\"text-align: center;\"><strong>Lisateavet leiad REVIERWELT videost.<\/strong><\/h2>\n<p style=\"text-align: center;\">Anname teile \u00fclevaate REVIERWELT piiramatutest v\u00f5imalustest.<\/p>\n<\/div><\/div><\/div><\/div><\/div><\/div><\/div><\/section><section class=\"l-section wpb_row height_auto\"><div class=\"l-section-h i-cf\"><div class=\"g-cols vc_row via_flex valign_middle type_boxes stacking_default\"><div class=\"vc_col-sm-12 wpb_column vc_column_container us_animate_afl\"><div class=\"vc_column-inner\"><div class=\"wpb_wrapper\"><div class=\"w-video align_center ratio_16x9 has_iframe\"><div class=\"w-video-h\"><iframe title=\"Youtube video player\" src=\"\/\/www.youtube.com\/embed\/6asE877gISM?autoplay=0&controls=1&origin=https:\/\/revierwelt.de&loop=0&mute=0\" allowfullscreen=\"1\" loading=\"lazy\"><\/iframe><\/div><div class=\"w-video-icon\" style=\"font-size:1.5rem;background:rgba(0,0,0,0.5);color:#fff\"><\/div><\/div><\/div><\/div><\/div><\/div><\/div><\/section><section class=\"l-section wpb_row height_auto color_alternate\"><div class=\"l-section-h i-cf\"><div class=\"g-cols vc_row via_flex valign_middle type_boxes stacking_default\"><div class=\"vc_col-sm-12 wpb_column vc_column_container us_animate_afl\"><div class=\"vc_column-inner\"><div class=\"wpb_wrapper\"><div class=\"wpb_text_column\"><div class=\"wpb_wrapper\"><h4 style=\"text-align: center;\"><span class=\"TextRun BCX9 SCXP126005858\" lang=\"DE-DE\" data-usefontface=\"false\" data-contrast=\"none\"><span class=\"NormalTextRun BCX9 SCXP126005858\">Oleksime r\u00f5\u00f5msad, kui teie huvi oleks <\/span><\/span><span class=\"TextRun BCX9 SCXP126005858\" lang=\"DE-DE\" data-usefontface=\"false\" data-contrast=\"none\"><span class=\"NormalTextRun BCX9 SCXP126005858\">REVIERWELT-<\/span><\/span><span class=\"TextRun BCX9 SCXP126005858\" lang=\"DE-DE\" data-usefontface=\"false\" data-contrast=\"none\"><span class=\"SpellingError BCX9 SCXP126005858\">sotsiaalne<\/span><span class=\"NormalTextRun BCX9 SCXP126005858\">meedia kohalolekust pikaajaline koost\u00f6\u00f6.<\/span><\/span><span class=\"EOP BCX9 SCXP126005858\"><\/span><\/h4>\n<\/div><\/div><\/div><\/div><\/div><\/div><\/div><\/section><section class=\"l-section wpb_row height_medium color_primary\"><div class=\"l-section-h i-cf\"><div class=\"g-cols vc_row via_flex valign_top type_default stacking_default\"><div class=\"vc_col-sm-12 wpb_column vc_column_container us_animate_afb\"><div class=\"vc_column-inner\"><div class=\"wpb_wrapper\"><div class=\"w-actionbox color_primary controls_right\"><div class=\"w-actionbox-text\"><h2 class=\"w-actionbox-title\">Ootame teie p\u00e4ringut!<\/h2><\/div><div class=\"w-actionbox-controls\"><a class=\"w-btn us-btn-style_6 icon_atleft\" href=\"https:\/\/revierwelt.de\/index.php\/contact\/\" style=\"font-size:19px;\"><i class=\"fas fa-envelope\"><\/i><span class=\"w-btn-label\">V\u00f5tke meiega \u00fchendust<\/span><\/a><\/div><\/div><\/div><\/div><\/div><\/div><\/div><\/section>\n","protected":false},"excerpt":{"rendered":"REVIERWELT. \u00c4rile. Teie ettev\u00f5tte integreerimine Revierwelt&#8217;i premium-partnerina. Teie ettev\u00f5tte esitlusRevierwelt&#8217;i \u00e4rilehe ja lingi abil Premium Partneri alal saate oma sihtr\u00fchmaga kiiresti ja lihtsalt \u00fchendust. Kui te broneerite meie 12-kuulise paketi, siis loome teile ka logo lingina premium-partneri alal , loome ka lingi Revierwelt \u00e4rik\u00fclg meie platvormil. Selleks, et et hoida hoolduskulud teie jaoks madalad, \u00fchendame...","protected":false},"author":1,"featured_media":0,"parent":0,"menu_order":0,"comment_status":"closed","ping_status":"closed","template":"","meta":{"footnotes":""},"class_list":["post-36828","page","type-page","status-publish","hentry"],"_links":{"self":[{"href":"https:\/\/revierwelt.de\/index.php\/wp-json\/wp\/v2\/pages\/36828","targetHints":{"allow":["GET"]}}],"collection":[{"href":"https:\/\/revierwelt.de\/index.php\/wp-json\/wp\/v2\/pages"}],"about":[{"href":"https:\/\/revierwelt.de\/index.php\/wp-json\/wp\/v2\/types\/page"}],"author":[{"embeddable":true,"href":"https:\/\/revierwelt.de\/index.php\/wp-json\/wp\/v2\/users\/1"}],"replies":[{"embeddable":true,"href":"https:\/\/revierwelt.de\/index.php\/wp-json\/wp\/v2\/comments?post=36828"}],"version-history":[{"count":0,"href":"https:\/\/revierwelt.de\/index.php\/wp-json\/wp\/v2\/pages\/36828\/revisions"}],"wp:attachment":[{"href":"https:\/\/revierwelt.de\/index.php\/wp-json\/wp\/v2\/media?parent=36828"}],"curies":[{"name":"wp","href":"https:\/\/api.w.org\/{rel}","templated":true}]}}