{"id":37025,"date":"2025-02-25T11:16:13","date_gmt":"2025-02-25T10:16:13","guid":{"rendered":"https:\/\/revierwelt.de\/index.php\/jachtschool-app\/"},"modified":"2025-02-25T11:16:23","modified_gmt":"2025-02-25T10:16:23","slug":"jachtschool-app","status":"publish","type":"page","link":"https:\/\/revierwelt.de\/index.php\/jachtschool-app\/?lang=nl","title":{"rendered":"Jachtschool app"},"content":{"rendered":"<section class=\"l-section wpb_row height_medium color_alternate\" id=\"start\"><div class=\"l-section-h i-cf\"><div class=\"g-cols vc_row via_flex valign_top type_default stacking_default\"><div class=\"vc_col-sm-12 wpb_column vc_column_container\"><div class=\"vc_column-inner\"><div class=\"wpb_wrapper\"><div class=\"wpb_text_column\"><div class=\"wpb_wrapper\"><h2 style=\"text-align: center;\"><strong>REVIERWELT.<\/strong>  Apps en software.<\/h2>\n<\/div><\/div><\/div><\/div><\/div><\/div><\/div><\/section><section class=\"l-section wpb_row height_auto width_full\"><div class=\"l-section-h i-cf\"><div class=\"g-cols vc_row via_flex valign_middle type_boxes stacking_default\"><div class=\"vc_col-sm-6 wpb_column vc_column_container us_animate_afl\"><div class=\"vc_column-inner\"><div class=\"wpb_wrapper\"><div class=\"wpb_text_column\"><div class=\"wpb_wrapper\"><h3 class=\"p1\">Heel eenvoudig via het web.<\/h3>\n<p>Revierwelt is een dienst uit de cloud die je via elke webbrowser kunt openen op revierwelt.de. Het is dus niet nodig om software op je computer, tablet of smartphone te installeren. <\/p>\n<p>Dit betekent dat uw gegevens toegankelijk zijn op een willekeurig aantal eindapparaten onder uw persoonlijke account. Van je gegevens wordt een back-up gemaakt op de eigen servers van het bedrijf in een datacentrum in Frankfurt am Main (niet bij een externe provider).<br \/>\nHet maakt dus niet uit met welke en hoeveel apparaten je inlogt op Revierwelt &#8211; je hebt altijd controle over je Revier, waar je ook bent.<\/p>\n<\/div><\/div><\/div><\/div><\/div><div class=\"vc_col-sm-6 wpb_column vc_column_container has_bg_color us_animate_afr\"><div class=\"vc_column-inner us_custom_32f9ed0e\"><div class=\"wpb_wrapper\"><\/div><\/div><\/div><\/div><\/div><\/section><section class=\"l-section wpb_row height_auto width_full color_alternate\"><div class=\"l-section-h i-cf\"><div class=\"g-cols vc_row via_flex valign_middle type_boxes stacking_default\"><div class=\"vc_col-sm-6 vc_hidden-xs wpb_column vc_column_container has_bg_color us_animate_afl\"><div class=\"vc_column-inner us_custom_9726c165\"><div class=\"wpb_wrapper\"><div class=\"w-separator size_custom\" style=\"height:200px\"><\/div><\/div><\/div><\/div><div class=\"vc_col-sm-6 wpb_column vc_column_container us_animate_afr\"><div class=\"vc_column-inner\"><div class=\"wpb_wrapper\"><div class=\"wpb_text_column\"><div class=\"wpb_wrapper\"><h3 class=\"p1\">Heel eenvoudig met de Revierwelt apps.<\/h3>\n<p>Natuurlijk kun je Revierwelt ook openen op je smartphone of tablet via elke webbrowser. Revierwelt gebruiken via onze apps is echter veel handiger.<\/p>\n<\/div><\/div><div class=\"wpb_text_column\"><div class=\"wpb_wrapper\"><p><strong>En het beste van alles: de REVIERWELT apps zijn gratis verkrijgbaar in de Google Play Store en de Apple Store.<\/strong><\/p>\n<\/div><\/div><div class=\"g-cols wpb_row via_flex valign_top type_default stacking_default\"><div class=\"vc_col-sm-6 wpb_column vc_column_container\"><div class=\"vc_column-inner\"><div class=\"wpb_wrapper\"><div class=\"w-image align_none\"><a target=\"_blank\" rel=\"nofollow\" href=\"https:\/\/play.google.com\/store\/apps\/developer?id=Revierwelt+Media+GmbH\" aria-label=\"2000px-Get_it_on_Google_play.svg_\" class=\"w-image-h\"><img decoding=\"async\" width=\"300\" height=\"88\" src=\"https:\/\/revierwelt.de\/wp-content\/uploads\/2018\/01\/2000px-Get_it_on_Google_play.svg_-300x88.png\" class=\"attachment-medium size-medium\" alt=\"\" loading=\"lazy\" srcset=\"https:\/\/revierwelt.de\/wp-content\/uploads\/2018\/01\/2000px-Get_it_on_Google_play.svg_-300x88.png 300w, https:\/\/revierwelt.de\/wp-content\/uploads\/2018\/01\/2000px-Get_it_on_Google_play.svg_-768x226.png 768w, https:\/\/revierwelt.de\/wp-content\/uploads\/2018\/01\/2000px-Get_it_on_Google_play.svg_.png 1024w, https:\/\/revierwelt.de\/wp-content\/uploads\/2018\/01\/2000px-Get_it_on_Google_play.svg_-600x176.png 600w\" sizes=\"auto, (max-width: 300px) 100vw, 300px\" \/><\/a><\/div><\/div><\/div><\/div><div class=\"vc_col-sm-6 wpb_column vc_column_container\"><div class=\"vc_column-inner\"><div class=\"wpb_wrapper\"><div class=\"w-image align_none\"><a target=\"_blank\" rel=\"nofollow\" href=\"https:\/\/apps.apple.com\/de\/developer\/revierwelt-media-gmbh\/id464658720\" aria-label=\"Available_on_the_App_Store_(black)\" class=\"w-image-h\"><img decoding=\"async\" width=\"300\" height=\"89\" src=\"https:\/\/revierwelt.de\/wp-content\/uploads\/2018\/01\/Available_on_the_App_Store_black-300x89.png\" class=\"attachment-medium size-medium\" alt=\"\" loading=\"lazy\" srcset=\"https:\/\/revierwelt.de\/wp-content\/uploads\/2018\/01\/Available_on_the_App_Store_black-300x89.png 300w, https:\/\/revierwelt.de\/wp-content\/uploads\/2018\/01\/Available_on_the_App_Store_black-768x228.png 768w, https:\/\/revierwelt.de\/wp-content\/uploads\/2018\/01\/Available_on_the_App_Store_black.png 1024w, https:\/\/revierwelt.de\/wp-content\/uploads\/2018\/01\/Available_on_the_App_Store_black-600x178.png 600w\" sizes=\"auto, (max-width: 300px) 100vw, 300px\" \/><\/a><\/div><\/div><\/div><\/div><\/div><\/div><\/div><\/div><\/div><\/div><\/section><section class=\"l-section wpb_row height_auto width_full\"><div class=\"l-section-h i-cf\"><div class=\"g-cols vc_row via_flex valign_middle type_boxes stacking_default\"><div class=\"vc_col-sm-6 wpb_column vc_column_container us_animate_afl\"><div class=\"vc_column-inner\"><div class=\"wpb_wrapper\"><div class=\"wpb_text_column\"><div class=\"wpb_wrapper\"><h3 class=\"p1\">Revierwelt App<\/h3>\n<p><strong>Onze hoogtepunten van de nieuwe complete versie van de Revierwelt-app zijn<\/strong><\/p>\n<ul>\n<li>Compleet nieuw bedieningsconcept voor snel en veilig werken<\/li>\n<li>Modern, consistent ontwerp en bedieningsconcept<\/li>\n<li>Volledig nieuwe menustructuur &#8211; ontwerp je eigen menu naar wens<\/li>\n<li>Veelgebruikte functies staan bovenaan in het menu<\/li>\n<li>Veelgebruikte functies van het menu naar de favorietenbalk slepen<\/li>\n<li>Bijna alle functies van REVIERWELT zijn offline beschikbaar &#8211; dit maakt een werking zonder onderbreking mogelijk wanneer je van netwerk verandert<\/li>\n<li>Onmiddellijke synchronisatie van nieuwe gegevens in bijna realtime binnen de districtsgroep<\/li>\n<li>Dynamisch schakelen tussen online en offline werking<\/li>\n<li>Perfecte werking, zelfs met minimale mobiele telefoonontvangst<\/li>\n<li>Synchronisatie van gegevens op de achtergrond, geen wachttijden bij het invoeren van gegevens<\/li>\n<\/ul>\n<\/div><\/div><\/div><\/div><\/div><div class=\"vc_col-sm-6 wpb_column vc_column_container has_bg_color us_animate_afr\"><div class=\"vc_column-inner us_custom_57b38638\"><div class=\"wpb_wrapper\"><div class=\"w-separator size_custom\" style=\"height:200px\"><\/div><\/div><\/div><\/div><\/div><\/div><\/section><section class=\"l-section wpb_row height_auto width_full color_alternate\"><div class=\"l-section-h i-cf\"><div class=\"g-cols vc_row via_flex valign_middle type_boxes stacking_default\"><div class=\"vc_col-sm-6 vc_hidden-xs wpb_column vc_column_container has_bg_color us_animate_afl\"><div class=\"vc_column-inner us_custom_ff46e3db\"><div class=\"wpb_wrapper\"><div class=\"w-separator size_custom\" style=\"height:200px\"><\/div><\/div><\/div><\/div><div class=\"vc_col-sm-6 wpb_column vc_column_container us_animate_afr\"><div class=\"vc_column-inner\"><div class=\"wpb_wrapper\"><div class=\"wpb_text_column\"><div class=\"wpb_wrapper\"><h3 class=\"p1\">Revierwelt app voor het volgen van honden<\/h3>\n<p><span data-contrast=\"none\">Voor iedereen die de uitgebreide functies van de R<\/span><span data-contrast=\"none\">evierwelt<\/span><span data-contrast=\"none\">-app <\/span><span data-contrast=\"none\">of die zich alleen willen concentreren op het lokaliseren van de hond tijdens de jacht, heeft Revierwelt <\/span><span data-contrast=\"none\">een pure <\/span><span data-contrast=\"none\">hondenspeur<\/span><span data-contrast=\"none\">s<\/span><span data-contrast=\"none\">-app is gelanceerd. In de   <\/span><span data-contrast=\"none\">Uiterlijk<\/span><span data-contrast=\"none\"> van de nieuwe Revierwelt heb je nu alle essenti\u00eble lokalisatiefunc<\/span><span data-contrast=\"none\">o<\/span><span data-contrast=\"none\">functies in een <\/span><span data-contrast=\"none\">eigen <\/span><span data-contrast=\"none\">app.<\/span><span data-contrast=\"none\"> Natuurlijk kun je naast de Revierwelt app ook de app voor het volgen van honden gebruiken. <\/span><\/p>\n<\/div><\/div><\/div><\/div><\/div><\/div><\/div><\/section><section class=\"l-section wpb_row height_auto width_full\"><div class=\"l-section-h i-cf\"><div class=\"g-cols vc_row via_flex valign_middle type_boxes stacking_default\"><div class=\"vc_col-sm-6 wpb_column vc_column_container us_animate_afl\"><div class=\"vc_column-inner\"><div class=\"wpb_wrapper\"><div class=\"wpb_text_column\"><div class=\"wpb_wrapper\"><h3 class=\"p1\">Revierwelt wildcamera app<\/h3>\n<p><span class=\"TextRun SCXW153377563 BCX0\" lang=\"DE-DE\" data-contrast=\"none\" xml:lang=\"DE-DE\"><span class=\"NormalTextRun SCXW153377563 BCX0\">De Revierwelt wildcamera app is beschikbaar voor iedereen die het zonder de uitgebreide functies van de Revierwelt app kan stellen of die zich alleen wil concentreren op het deelgebied van de wildcamera monitoring. Het uiterlijk van de <span data-contrast=\"none\">nieuwe Revierwelt<\/span> combineert nu alle essenti\u00eble functies voor het opnemen, catalogiseren en evalueren van je wildcamera beelden in een aparte app &#8211; nu nog eenvoudiger en nog handiger. Natuurlijk kun je naast de Revierwelt app ook de wildcamera app gebruiken.   <\/span><\/span><\/p>\n<\/div><\/div><\/div><\/div><\/div><div class=\"vc_col-sm-6 wpb_column vc_column_container has_bg_color us_animate_afr\"><div class=\"vc_column-inner us_custom_e3b9f11e\"><div class=\"wpb_wrapper\"><div class=\"w-separator size_custom\" style=\"height:200px\"><\/div><\/div><\/div><\/div><\/div><\/div><\/section><section class=\"l-section wpb_row height_auto width_full color_alternate\"><div class=\"l-section-h i-cf\"><div class=\"g-cols vc_row via_flex valign_middle type_boxes stacking_default\"><div class=\"vc_col-sm-6 vc_hidden-xs wpb_column vc_column_container has_bg_color us_animate_afl\"><div class=\"vc_column-inner us_custom_25903306\"><div class=\"wpb_wrapper\"><div class=\"w-separator size_custom\" style=\"height:200px\"><\/div><\/div><\/div><\/div><div class=\"vc_col-sm-6 wpb_column vc_column_container us_animate_afr\"><div class=\"vc_column-inner\"><div class=\"wpb_wrapper\"><div class=\"wpb_text_column\"><div class=\"wpb_wrapper\"><h3 class=\"p1\">Revierwelt val monitoring app<\/h3>\n<p><span class=\"TextRun SCXW126716925 BCX0\" lang=\"DE-DE\" data-contrast=\"none\"><span class=\"NormalTextRun SCXW126716925 BCX0\">Voor iedereen die de uitgebreide functies van de Revierwelt-app kan missen of zich alleen wil richten op een deelgebied zoals de<\/span><\/span><span class=\"TextRun SCXW126716925 BCX0\" lang=\"DE-DE\" data-contrast=\"none\"><span class=\"NormalTextRun SCXW126716925 BCX0\">ng<\/span><\/span><span class=\"TextRun SCXW126716925 BCX0\" lang=\"DE-DE\" data-contrast=\"none\" xml:lang=\"DE-DE\"><span class=\"NormalTextRun SCXW126716925 BCX0\">Revierwelt heeft nu een app voor het monitoren van vallen gelanceerd voor degenen die zich op de jacht willen concentreren. In de <span data-contrast=\"none\">nieuwe Revierwelt<\/span> look and feel beschik je nu over alle essenti\u00eble functies voor beheer, registratie en monitoring,   <\/span><\/span><span class=\"TextRun SCXW126716925 BCX0\" lang=\"DE-DE\" data-contrast=\"none\"><span class=\"NormalTextRun SCXW126716925 BCX0\">Monitoring<\/span><\/span><span class=\"TextRun SCXW126716925 BCX0\" lang=\"DE-DE\" data-contrast=\"none\"><span class=\"NormalTextRun SCXW126716925 BCX0\"> en evaluatie van uw <\/span><\/span><span class=\"TextRun SCXW126716925 BCX0\" lang=\"DE-DE\" data-contrast=\"none\"><span class=\"NormalTextRun SCXW126716925 BCX0\">valalarm<\/span><\/span><span class=\"TextRun SCXW126716925 BCX0\" lang=\"DE-DE\" data-contrast=\"none\"><span class=\"NormalTextRun SCXW126716925 BCX0\">in een aparte app &#8211; nu nog eenvoudiger en handiger: Natuurlijk kun je de <\/span><\/span><span class=\"TextRun SCXW126716925 BCX0\" lang=\"DE-DE\" data-contrast=\"none\"><span class=\"NormalTextRun SCXW126716925 BCX0\">valbewaking<\/span><\/span><span class=\"TextRun SCXW126716925 BCX0\" lang=\"DE-DE\" data-contrast=\"none\"><span class=\"NormalTextRun SCXW126716925 BCX0\">-app naast de Revierwelt-app gebruiken. <\/span><\/span><\/p>\n<\/div><\/div><\/div><\/div><\/div><\/div><\/div><\/section><section class=\"l-section wpb_row height_auto width_full\"><div class=\"l-section-h i-cf\"><div class=\"g-cols vc_row via_flex valign_middle type_boxes stacking_default\"><div class=\"vc_col-sm-6 wpb_column vc_column_container us_animate_afl\"><div class=\"vc_column-inner\"><div class=\"wpb_wrapper\"><div class=\"wpb_text_column\"><div class=\"wpb_wrapper\"><h3 class=\"p1\">Revierwelt standkaart app<\/h3>\n<p>De Revierwelt Stand Map App is onderdeel van de Revierwelt jachtplanning. Met de Stand Map app kun je alle relevante informatie over de drijfjacht oproepen en je waarnemingen, schoten of kills invoeren tijdens of direct na de jacht. Je kunt de voortgang van de jacht live volgen en de huidige posities van kloppers en jachthonden zien. Je hebt geen account bij Revierwelt nodig om de app Stand Map te gebruiken.<\/p>\n<\/div><\/div><\/div><\/div><\/div><div class=\"vc_col-sm-6 wpb_column vc_column_container has_bg_color us_animate_afr\"><div class=\"vc_column-inner us_custom_0ba0803c\"><div class=\"wpb_wrapper\"><div class=\"w-separator size_custom\" style=\"height:200px\"><\/div><\/div><\/div><\/div><\/div><\/div><\/section><section class=\"l-section wpb_row height_medium color_alternate\"><div class=\"l-section-h i-cf\"><div class=\"g-cols vc_row via_flex valign_top type_default stacking_default\"><div class=\"vc_col-sm-12 wpb_column vc_column_container\"><div class=\"vc_column-inner\"><div class=\"wpb_wrapper\"><div class=\"wpb_text_column\"><div class=\"wpb_wrapper\"><h2 style=\"text-align: center;\"><strong>REVIERWELT.<\/strong>  Ontdekken.<\/h2>\n<\/div><\/div><\/div><\/div><\/div><\/div><\/div><\/section><section class=\"l-section wpb_row height_medium with_img parallax_ver\"><div class=\"l-section-img\" role=\"img\" data-img-width=\"1024\" data-img-height=\"683\" style=\"background-image: url(https:\/\/revierwelt.de\/wp-content\/uploads\/2018\/01\/170301-0001-2.jpg);\"><\/div><div class=\"l-section-overlay\" style=\"background:rgba(72,108,75,0.5)\"><\/div><div class=\"l-section-h i-cf\"><div class=\"g-cols vc_row via_flex valign_top type_default stacking_default\"><div class=\"vc_col-sm-12 wpb_column vc_column_container\"><div class=\"vc_column-inner\"><div class=\"wpb_wrapper\"><div class=\"w-grid type_grid layout_25853 cols_5 ratio_1x1\" id=\"us_grid_1\" style=\"--columns:5;--gap:2px;--item-ratio:1;\" data-filterable=\"true\"><style>@media (max-width:1380px){#us_grid_1{--columns:3!important}}@media (max-width:1024px){#us_grid_1{--columns:2!important}}@media (max-width:600px){#us_grid_1{--columns:1!important}}.layout_25853 .w-grid-item-h{}.layout_25853 .usg_post_custom_field_1{transition-duration:0.4s;transform-origin:50% 50%;transform:scale(0) translate(0,0);opacity:0}.layout_25853 .w-grid-item-h:hover .usg_post_custom_field_1{transform:scale(1.5) translate(0,0);opacity:1}.layout_25853 .usg_vwrapper_1{transition-duration:0.4s;transform-origin:50% 50%;transform:scale(0) translate(0,0);opacity:0}.layout_25853 .w-grid-item-h:hover .usg_vwrapper_1{transform:scale(1) translate(0,0);opacity:1}.layout_25853 .usg_post_image_1{position:absolute!important;top:0!important;right:0!important;bottom:0!important;left:0!important}.layout_25853 .usg_post_custom_field_1{position:absolute!important;top:0!important;right:0!important;bottom:0!important;left:0!important;border-radius:50!important;padding:2rem!important;background:inherit!important}.layout_25853 .usg_vwrapper_1{position:absolute!important;top:0!important;right:0!important;bottom:0!important;left:0!important;padding:2rem!important}.layout_25853 .usg_post_title_1{color:inherit!important}<\/style><div class=\"w-grid-list\">\t<article class=\"w-grid-item size_1x1 post-28473 us_portfolio type-us_portfolio status-publish has-post-thumbnail hentry us_portfolio_category-revierwelt\" data-id=\"28473\">\r\n\t\t<div class=\"w-grid-item-h\" style=\"background:#f2f2f2;color:#486c4b;\">\r\n\t\t\t\t\t\t\t<a href=\"https:\/\/revierwelt.de\/index.php\/portfolio\/fleischverwaltung\/\" class=\"w-grid-item-anchor\" aria-label=\"Fleischverwaltung\"><\/a>\r\n\t\t\t\t\t\t<div class=\"w-post-elm post_image usg_post_image_1 stretched\"><img loading=\"lazy\" decoding=\"async\" width=\"573\" height=\"573\" src=\"https:\/\/revierwelt.de\/wp-content\/uploads\/2022\/03\/frisches_wild_qua.png\" class=\"attachment-us_600_0 size-us_600_0 wp-post-image\" alt=\"\" \/><\/div><div class=\"w-post-elm post_custom_field usg_post_custom_field_1 type_text  color_link_inherit has_border_radius\"><span class=\"w-post-elm-value\"><\/span><\/div><div class=\"w-vwrapper usg_vwrapper_1 align_center valign_middle\"><h3 class=\"w-post-elm post_title usg_post_title_1 has_text_color align_center entry-title color_link_inherit\">Fleischverwaltung<\/h3><\/div>\t\t<\/div>\r\n\t\t\t<\/article>\r\n\t<article class=\"w-grid-item size_1x1 post-26717 us_portfolio type-us_portfolio status-publish has-post-thumbnail hentry us_portfolio_category-revierwelt\" data-id=\"26717\">\r\n\t\t<div class=\"w-grid-item-h\" style=\"background:#f2f2f2;color:#486c4b;\">\r\n\t\t\t\t\t\t\t<a href=\"https:\/\/revierwelt.de\/index.php\/portfolio\/drueckjagd\/\" class=\"w-grid-item-anchor\" aria-label=\"Dr\u00fcckjagd\"><\/a>\r\n\t\t\t\t\t\t<div class=\"w-post-elm post_image usg_post_image_1 stretched\"><img loading=\"lazy\" decoding=\"async\" width=\"600\" height=\"600\" src=\"https:\/\/revierwelt.de\/wp-content\/uploads\/2020\/05\/DRU\u0308CKJAGD_qua.jpg\" class=\"attachment-us_600_0 size-us_600_0 wp-post-image\" alt=\"\" \/><\/div><div class=\"w-post-elm post_custom_field usg_post_custom_field_1 type_text  color_link_inherit has_border_radius\"><span class=\"w-post-elm-value\"><\/span><\/div><div class=\"w-vwrapper usg_vwrapper_1 align_center valign_middle\"><h3 class=\"w-post-elm post_title usg_post_title_1 has_text_color align_center entry-title color_link_inherit\">Dr\u00fcckjagd<\/h3><\/div>\t\t<\/div>\r\n\t\t\t<\/article>\r\n\t<article class=\"w-grid-item size_1x1 post-23142 us_portfolio type-us_portfolio status-publish has-post-thumbnail hentry us_portfolio_category-revierwelt\" data-id=\"23142\">\r\n\t\t<div class=\"w-grid-item-h\" style=\"background:#f2f2f2;color:#486c4b;\">\r\n\t\t\t\t\t\t\t<a href=\"https:\/\/revierwelt.de\/index.php\/portfolio\/revierverwaltung\/\" class=\"w-grid-item-anchor\" aria-label=\"Revierverwaltung\"><\/a>\r\n\t\t\t\t\t\t<div class=\"w-post-elm post_image usg_post_image_1 stretched\"><img loading=\"lazy\" decoding=\"async\" width=\"600\" height=\"600\" src=\"https:\/\/revierwelt.de\/wp-content\/uploads\/2018\/01\/revierverwaltung-1-1-600x600.jpg\" class=\"attachment-us_600_0 size-us_600_0 wp-post-image\" alt=\"\" srcset=\"https:\/\/revierwelt.de\/wp-content\/uploads\/2018\/01\/revierverwaltung-1-1-600x600.jpg 600w, https:\/\/revierwelt.de\/wp-content\/uploads\/2018\/01\/revierverwaltung-1-1-150x150.jpg 150w, https:\/\/revierwelt.de\/wp-content\/uploads\/2018\/01\/revierverwaltung-1-1-300x300.jpg 300w, https:\/\/revierwelt.de\/wp-content\/uploads\/2018\/01\/revierverwaltung-1-1-768x768.jpg 768w, https:\/\/revierwelt.de\/wp-content\/uploads\/2018\/01\/revierverwaltung-1-1.jpg 1024w, https:\/\/revierwelt.de\/wp-content\/uploads\/2018\/01\/revierverwaltung-1-1-180x180.jpg 180w, https:\/\/revierwelt.de\/wp-content\/uploads\/2018\/01\/revierverwaltung-1-1-350x350.jpg 350w\" sizes=\"auto, (max-width: 600px) 100vw, 600px\" \/><\/div><div class=\"w-post-elm post_custom_field usg_post_custom_field_1 type_text  color_link_inherit has_border_radius\"><span class=\"w-post-elm-value\"><\/span><\/div><div class=\"w-vwrapper usg_vwrapper_1 align_center valign_middle\"><h3 class=\"w-post-elm post_title usg_post_title_1 has_text_color align_center entry-title color_link_inherit\">Revierverwaltung<\/h3><\/div>\t\t<\/div>\r\n\t\t\t<\/article>\r\n\t<article class=\"w-grid-item size_1x1 post-331 us_portfolio type-us_portfolio status-publish has-post-thumbnail hentry us_portfolio_category-revierwelt\" data-id=\"331\">\r\n\t\t<div class=\"w-grid-item-h\" style=\"background:#f2f2f2;color:#486c4b;\">\r\n\t\t\t\t\t\t\t<a href=\"https:\/\/revierwelt.de\/index.php\/portfolio\/gps-hundeortung\/\" class=\"w-grid-item-anchor\" aria-label=\"GPS-Hundeortung\"><\/a>\r\n\t\t\t\t\t\t<div class=\"w-post-elm post_image usg_post_image_1 stretched\"><img loading=\"lazy\" decoding=\"async\" width=\"600\" height=\"600\" src=\"https:\/\/revierwelt.de\/wp-content\/uploads\/2018\/01\/Dru\u0308ckjagd_iphone_qua2.png\" class=\"attachment-us_600_0 size-us_600_0 wp-post-image\" alt=\"\" \/><\/div><div class=\"w-post-elm post_custom_field usg_post_custom_field_1 type_text  color_link_inherit has_border_radius\"><span class=\"w-post-elm-value\"><\/span><\/div><div class=\"w-vwrapper usg_vwrapper_1 align_center valign_middle\"><h3 class=\"w-post-elm post_title usg_post_title_1 has_text_color align_center entry-title color_link_inherit\">GPS-Hundeortung<\/h3><\/div>\t\t<\/div>\r\n\t\t\t<\/article>\r\n\t<article class=\"w-grid-item size_1x1 post-23138 us_portfolio type-us_portfolio status-publish has-post-thumbnail hentry us_portfolio_category-revierwelt\" data-id=\"23138\">\r\n\t\t<div class=\"w-grid-item-h\" style=\"background:#f2f2f2;color:#486c4b;\">\r\n\t\t\t\t\t\t\t<a href=\"https:\/\/revierwelt.de\/index.php\/portfolio\/wildkameras\/\" class=\"w-grid-item-anchor\" aria-label=\"Wildkameras\"><\/a>\r\n\t\t\t\t\t\t<div class=\"w-post-elm post_image usg_post_image_1 stretched\"><img loading=\"lazy\" decoding=\"async\" width=\"600\" height=\"600\" src=\"https:\/\/revierwelt.de\/wp-content\/uploads\/2018\/01\/WILDKAMERA_wald_qua.jpg\" class=\"attachment-us_600_0 size-us_600_0 wp-post-image\" alt=\"\" \/><\/div><div class=\"w-post-elm post_custom_field usg_post_custom_field_1 type_text  color_link_inherit has_border_radius\"><span class=\"w-post-elm-value\"><\/span><\/div><div class=\"w-vwrapper usg_vwrapper_1 align_center valign_middle\"><h3 class=\"w-post-elm post_title usg_post_title_1 has_text_color align_center entry-title color_link_inherit\">Wildkameras<\/h3><\/div>\t\t<\/div>\r\n\t\t\t<\/article>\r\n<\/div><div class=\"w-grid-preloader\">\t<div class=\"g-preloader type_1\">\r\n\t\t<div><\/div>\r\n\t<\/div>\r\n\t<\/div>\t<div class=\"w-grid-json hidden\" onclick='return {&quot;action&quot;:&quot;us_ajax_grid&quot;,&quot;infinite_scroll&quot;:0,&quot;max_num_pages&quot;:2,&quot;pagination&quot;:&quot;none&quot;,&quot;template_vars&quot;:{&quot;columns&quot;:&quot;5&quot;,&quot;exclude_items&quot;:&quot;none&quot;,&quot;img_size&quot;:&quot;us_600_0&quot;,&quot;ignore_items_size&quot;:0,&quot;items_layout&quot;:&quot;25853&quot;,&quot;items_offset&quot;:&quot;1&quot;,&quot;load_animation&quot;:&quot;none&quot;,&quot;overriding_link&quot;:&quot;%7B%22type%22%3A%22post%22%7D&quot;,&quot;post_id&quot;:0,&quot;query_args&quot;:{&quot;post_type&quot;:[&quot;us_portfolio&quot;],&quot;tax_query&quot;:[{&quot;taxonomy&quot;:&quot;us_portfolio_category&quot;,&quot;field&quot;:&quot;slug&quot;,&quot;terms&quot;:[&quot;revierwelt&quot;]}],&quot;post_status&quot;:[&quot;publish&quot;],&quot;posts_per_page&quot;:&quot;5&quot;},&quot;orderby_query_args&quot;:{&quot;orderby&quot;:{&quot;date&quot;:&quot;DESC&quot;}},&quot;type&quot;:&quot;grid&quot;,&quot;us_grid_post_type&quot;:&quot;us_portfolio&quot;,&quot;us_grid_ajax_index&quot;:1,&quot;us_grid_filter_query_string&quot;:null,&quot;us_grid_index&quot;:1,&quot;page_args&quot;:[]}}'><\/div>\r\n\t<\/div><\/div><\/div><\/div><\/div><\/div><\/section><section class=\"l-section wpb_row height_medium color_primary\"><div class=\"l-section-h i-cf\"><div class=\"g-cols vc_row via_flex valign_top type_default stacking_default\"><div class=\"vc_col-sm-12 wpb_column vc_column_container us_animate_afb\"><div class=\"vc_column-inner\"><div class=\"wpb_wrapper\"><div class=\"w-actionbox color_primary controls_right\"><div class=\"w-actionbox-text\"><h2 class=\"w-actionbox-title\">Overtuig jezelf van Revierwelt!<\/h2><\/div><div class=\"w-actionbox-controls\"><a class=\"w-btn us-btn-style_6 icon_atleft\" href=\"https:\/\/portal.revierwelt.de\/\" style=\"font-size:19px;\"><i class=\"fas fa-user-plus\"><\/i><span class=\"w-btn-label\">Registreer nu!<\/span><\/a><\/div><\/div><\/div><\/div><\/div><\/div><\/div><\/section>\n","protected":false},"excerpt":{"rendered":"REVIERWELT. Wildkamera. Wissen, was l\u00e4uft. Sie k\u00f6nnen nicht rund um die Uhr im Revier sein, um zu wissen was l\u00e4uft. Eine Wildkamera mit GPRS-Funktion dagegen schon \u2013 ihre Bilder zeigen Ihnen, wo sich welches Wild momentan im Revier bewegt. Sie k\u00f6nnen fast jede am Markt erh\u00e4ltliche Kamera mit Revierwelt verwenden. Kameras der Revierwelt-Edition lassen sich...","protected":false},"author":4,"featured_media":0,"parent":0,"menu_order":0,"comment_status":"closed","ping_status":"closed","template":"","meta":{"footnotes":""},"class_list":["post-37025","page","type-page","status-publish","hentry"],"_links":{"self":[{"href":"https:\/\/revierwelt.de\/index.php\/wp-json\/wp\/v2\/pages\/37025","targetHints":{"allow":["GET"]}}],"collection":[{"href":"https:\/\/revierwelt.de\/index.php\/wp-json\/wp\/v2\/pages"}],"about":[{"href":"https:\/\/revierwelt.de\/index.php\/wp-json\/wp\/v2\/types\/page"}],"author":[{"embeddable":true,"href":"https:\/\/revierwelt.de\/index.php\/wp-json\/wp\/v2\/users\/4"}],"replies":[{"embeddable":true,"href":"https:\/\/revierwelt.de\/index.php\/wp-json\/wp\/v2\/comments?post=37025"}],"version-history":[{"count":0,"href":"https:\/\/revierwelt.de\/index.php\/wp-json\/wp\/v2\/pages\/37025\/revisions"}],"wp:attachment":[{"href":"https:\/\/revierwelt.de\/index.php\/wp-json\/wp\/v2\/media?parent=37025"}],"curies":[{"name":"wp","href":"https:\/\/api.w.org\/{rel}","templated":true}]}}