{"id":37075,"date":"2025-02-25T11:16:37","date_gmt":"2025-02-25T10:16:37","guid":{"rendered":"https:\/\/revierwelt.de\/index.php\/app-ecole-de-chasse\/"},"modified":"2025-02-25T11:16:39","modified_gmt":"2025-02-25T10:16:39","slug":"app-ecole-de-chasse","status":"publish","type":"page","link":"https:\/\/revierwelt.de\/index.php\/app-ecole-de-chasse\/?lang=fr","title":{"rendered":"App \u00c9cole de chasse"},"content":{"rendered":"<section class=\"l-section wpb_row height_medium color_alternate\" id=\"start\"><div class=\"l-section-h i-cf\"><div class=\"g-cols vc_row via_flex valign_top type_default stacking_default\"><div class=\"vc_col-sm-12 wpb_column vc_column_container\"><div class=\"vc_column-inner\"><div class=\"wpb_wrapper\"><div class=\"wpb_text_column\"><div class=\"wpb_wrapper\"><h2 style=\"text-align: center;\"><strong>REVIERWELT.<\/strong>  Applications et logiciels.<\/h2>\n<\/div><\/div><\/div><\/div><\/div><\/div><\/div><\/section><section class=\"l-section wpb_row height_auto width_full\"><div class=\"l-section-h i-cf\"><div class=\"g-cols vc_row via_flex valign_middle type_boxes stacking_default\"><div class=\"vc_col-sm-6 wpb_column vc_column_container us_animate_afl\"><div class=\"vc_column-inner\"><div class=\"wpb_wrapper\"><div class=\"wpb_text_column\"><div class=\"wpb_wrapper\"><h3 class=\"p1\">Tout simplement via le web.<\/h3>\n<p>Le Revierwelt est un service en nuage auquel vous pouvez acc\u00e9der via n&#8217;importe quel navigateur web \u00e0 l&#8217;adresse revierwelt.de. Il n&#8217;est donc pas n\u00e9cessaire d&#8217;installer un logiciel sur votre ordinateur, votre tablette ou votre smartphone. <\/p>\n<p>Vos donn\u00e9es sont ainsi accessibles sur autant de terminaux que vous le souhaitez sous votre compte personnel. Vos donn\u00e9es sont s\u00e9curis\u00e9es sur les serveurs de l&#8217;entreprise dans un centre de donn\u00e9es \u00e0 Francfort (et non pas chez un fournisseur tiers).<br \/>\nPeu importe donc le type et le nombre de terminaux que vous utilisez pour vous connecter \u00e0 Revierwelt &#8211; vous avez toujours votre territoire \u00e0 port\u00e9e de main, o\u00f9 que vous soyez.<\/p>\n<\/div><\/div><\/div><\/div><\/div><div class=\"vc_col-sm-6 wpb_column vc_column_container has_bg_color us_animate_afr\"><div class=\"vc_column-inner us_custom_32f9ed0e\"><div class=\"wpb_wrapper\"><\/div><\/div><\/div><\/div><\/div><\/section><section class=\"l-section wpb_row height_auto width_full color_alternate\"><div class=\"l-section-h i-cf\"><div class=\"g-cols vc_row via_flex valign_middle type_boxes stacking_default\"><div class=\"vc_col-sm-6 vc_hidden-xs wpb_column vc_column_container has_bg_color us_animate_afl\"><div class=\"vc_column-inner us_custom_9726c165\"><div class=\"wpb_wrapper\"><div class=\"w-separator size_custom\" style=\"height:200px\"><\/div><\/div><\/div><\/div><div class=\"vc_col-sm-6 wpb_column vc_column_container us_animate_afr\"><div class=\"vc_column-inner\"><div class=\"wpb_wrapper\"><div class=\"wpb_text_column\"><div class=\"wpb_wrapper\"><h3 class=\"p1\">C&#8217;est facile avec les applications Revierwelt.<\/h3>\n<p>Bien entendu, vous pouvez \u00e9galement consulter le Revierwelt sur votre smartphone ou votre tablette via n&#8217;importe quel navigateur web. Mais il est beaucoup plus confortable d&#8217;utiliser Revierwelt via nos applications.<\/p>\n<\/div><\/div><div class=\"wpb_text_column\"><div class=\"wpb_wrapper\"><p><strong>Et le meilleur : les applications REVIERWELT sont disponibles gratuitement sur Google Play Store et Apple Store.<\/strong><\/p>\n<\/div><\/div><div class=\"g-cols wpb_row via_flex valign_top type_default stacking_default\"><div class=\"vc_col-sm-6 wpb_column vc_column_container\"><div class=\"vc_column-inner\"><div class=\"wpb_wrapper\"><div class=\"w-image align_none\"><a target=\"_blank\" rel=\"nofollow\" href=\"https:\/\/play.google.com\/store\/apps\/developer?id=Revierwelt+Media+GmbH\" aria-label=\"2000px-Get_it_on_Google_play.svg_\" class=\"w-image-h\"><img decoding=\"async\" width=\"300\" height=\"88\" src=\"https:\/\/revierwelt.de\/wp-content\/uploads\/2018\/01\/2000px-Get_it_on_Google_play.svg_-300x88.png\" class=\"attachment-medium size-medium\" alt=\"\" loading=\"lazy\" srcset=\"https:\/\/revierwelt.de\/wp-content\/uploads\/2018\/01\/2000px-Get_it_on_Google_play.svg_-300x88.png 300w, https:\/\/revierwelt.de\/wp-content\/uploads\/2018\/01\/2000px-Get_it_on_Google_play.svg_-768x226.png 768w, https:\/\/revierwelt.de\/wp-content\/uploads\/2018\/01\/2000px-Get_it_on_Google_play.svg_.png 1024w, https:\/\/revierwelt.de\/wp-content\/uploads\/2018\/01\/2000px-Get_it_on_Google_play.svg_-600x176.png 600w\" sizes=\"auto, (max-width: 300px) 100vw, 300px\" \/><\/a><\/div><\/div><\/div><\/div><div class=\"vc_col-sm-6 wpb_column vc_column_container\"><div class=\"vc_column-inner\"><div class=\"wpb_wrapper\"><div class=\"w-image align_none\"><a target=\"_blank\" rel=\"nofollow\" href=\"https:\/\/apps.apple.com\/de\/developer\/revierwelt-media-gmbh\/id464658720\" aria-label=\"Available_on_the_App_Store_(black)\" class=\"w-image-h\"><img decoding=\"async\" width=\"300\" height=\"89\" src=\"https:\/\/revierwelt.de\/wp-content\/uploads\/2018\/01\/Available_on_the_App_Store_black-300x89.png\" class=\"attachment-medium size-medium\" alt=\"\" loading=\"lazy\" srcset=\"https:\/\/revierwelt.de\/wp-content\/uploads\/2018\/01\/Available_on_the_App_Store_black-300x89.png 300w, https:\/\/revierwelt.de\/wp-content\/uploads\/2018\/01\/Available_on_the_App_Store_black-768x228.png 768w, https:\/\/revierwelt.de\/wp-content\/uploads\/2018\/01\/Available_on_the_App_Store_black.png 1024w, https:\/\/revierwelt.de\/wp-content\/uploads\/2018\/01\/Available_on_the_App_Store_black-600x178.png 600w\" sizes=\"auto, (max-width: 300px) 100vw, 300px\" \/><\/a><\/div><\/div><\/div><\/div><\/div><\/div><\/div><\/div><\/div><\/div><\/section><section class=\"l-section wpb_row height_auto width_full\"><div class=\"l-section-h i-cf\"><div class=\"g-cols vc_row via_flex valign_middle type_boxes stacking_default\"><div class=\"vc_col-sm-6 wpb_column vc_column_container us_animate_afl\"><div class=\"vc_column-inner\"><div class=\"wpb_wrapper\"><div class=\"wpb_text_column\"><div class=\"wpb_wrapper\"><h3 class=\"p1\">Application Revierwelt<\/h3>\n<p><strong>Voici les points forts de la nouvelle version compl\u00e8te de l&#8217;application Revierwelt :<\/strong><\/p>\n<ul>\n<li>un tout nouveau concept op\u00e9rationnel pour un travail rapide et s\u00fbr<\/li>\n<li>un design et un concept d&#8217;utilisation modernes et coh\u00e9rents<\/li>\n<li>une toute nouvelle structure de menu &#8211; vous cr\u00e9ez votre propre menu selon vos pr\u00e9f\u00e9rences<\/li>\n<li>les fonctions fr\u00e9quemment utilis\u00e9es sont regroup\u00e9es en haut du menu<\/li>\n<li>Faites glisser les fonctions fr\u00e9quemment utilis\u00e9es du menu vers la barre des favoris.<\/li>\n<li>presque toutes les fonctions de REVIERWELT sont disponibles hors ligne &#8211; ce qui permet une utilisation sans interruption en cas de changement de r\u00e9seau<\/li>\n<li>synchronisation imm\u00e9diate des nouvelles donn\u00e9es en temps quasi r\u00e9el au sein du groupe de territoires<\/li>\n<li>alternance dynamique entre le mode en ligne et le mode hors ligne<\/li>\n<li>fonctionnement parfait m\u00eame avec une couverture mobile minimale<\/li>\n<li>Synchronisation des donn\u00e9es en arri\u00e8re-plan, pas d&#8217;attente lors de la saisie des donn\u00e9es<\/li>\n<\/ul>\n<\/div><\/div><\/div><\/div><\/div><div class=\"vc_col-sm-6 wpb_column vc_column_container has_bg_color us_animate_afr\"><div class=\"vc_column-inner us_custom_57b38638\"><div class=\"wpb_wrapper\"><div class=\"w-separator size_custom\" style=\"height:200px\"><\/div><\/div><\/div><\/div><\/div><\/div><\/section><section class=\"l-section wpb_row height_auto width_full color_alternate\"><div class=\"l-section-h i-cf\"><div class=\"g-cols vc_row via_flex valign_middle type_boxes stacking_default\"><div class=\"vc_col-sm-6 vc_hidden-xs wpb_column vc_column_container has_bg_color us_animate_afl\"><div class=\"vc_column-inner us_custom_ff46e3db\"><div class=\"wpb_wrapper\"><div class=\"w-separator size_custom\" style=\"height:200px\"><\/div><\/div><\/div><\/div><div class=\"vc_col-sm-6 wpb_column vc_column_container us_animate_afr\"><div class=\"vc_column-inner\"><div class=\"wpb_wrapper\"><div class=\"wpb_text_column\"><div class=\"wpb_wrapper\"><h3 class=\"p1\">Application de localisation de chiens Revierwelt<\/h3>\n<p><span data-contrast=\"none\">Pour tous ceux qui souhaitent acc\u00e9der aux fonctionnalit\u00e9s \u00e9tendues de R<\/span><span data-contrast=\"none\">evierwelt<\/span><span data-contrast=\"none\">-app <\/span><span data-contrast=\"none\">ou si vous souhaitez vous concentrer uniquement sur la localisation de votre chien pendant la chasse, Revierwelt <\/span><span data-contrast=\"none\">une version purement <\/span><span data-contrast=\"none\">Localisation de chiens<\/span><span data-contrast=\"none\">s<\/span><span data-contrast=\"none\">-a \u00e9t\u00e9 lanc\u00e9e sur le march\u00e9. Sur le site   <\/span><span data-contrast=\"none\">Apparence<\/span><span data-contrast=\"none\"> du nouveau monde territorial, vous disposez d\u00e9sormais de toutes les fonctions de localisation essentielles.<\/span><span data-contrast=\"none\">o<\/span><span data-contrast=\"none\">dans une interface unique. <\/span><span data-contrast=\"none\">propre <\/span><span data-contrast=\"none\">application est r\u00e9unie.<\/span><span data-contrast=\"none\"> Vous pouvez bien entendu utiliser l&#8217;application de localisation des chiens en plus de l&#8217;application Revierwelt. <\/span><\/p>\n<\/div><\/div><\/div><\/div><\/div><\/div><\/div><\/section><section class=\"l-section wpb_row height_auto width_full\"><div class=\"l-section-h i-cf\"><div class=\"g-cols vc_row via_flex valign_middle type_boxes stacking_default\"><div class=\"vc_col-sm-6 wpb_column vc_column_container us_animate_afl\"><div class=\"vc_column-inner\"><div class=\"wpb_wrapper\"><div class=\"wpb_text_column\"><div class=\"wpb_wrapper\"><h3 class=\"p1\">Application de cam\u00e9ra sauvage Revierwelt<\/h3>\n<p><span class=\"TextRun SCXW153377563 BCX0\" lang=\"DE-DE\" data-contrast=\"none\" xml:lang=\"DE-DE\"><span class=\"NormalTextRun SCXW153377563 BCX0\">Pour tous ceux qui peuvent se passer des fonctions \u00e9tendues de l&#8217;application Revierwelt ou qui veulent se concentrer uniquement sur le domaine partiel de la surveillance par cam\u00e9ra sauvage, il existe l&#8217;application Revierwelt Wildkamera. Dans l&#8217;apparence du <span data-contrast=\"none\">nouveau Revierwelt<\/span>, vous avez maintenant toutes les fonctions essentielles pour l&#8217;acquisition, le catalogage et l&#8217;analyse de vos images de cam\u00e9ra sauvage r\u00e9unies dans une application propre &#8211; maintenant encore plus simple et encore plus confortable. Bien entendu, vous pouvez utiliser l&#8217;application Cam\u00e9ra sauvage en plus de l&#8217;application Monde de Revier.   <\/span><\/span><\/p>\n<\/div><\/div><\/div><\/div><\/div><div class=\"vc_col-sm-6 wpb_column vc_column_container has_bg_color us_animate_afr\"><div class=\"vc_column-inner us_custom_e3b9f11e\"><div class=\"wpb_wrapper\"><div class=\"w-separator size_custom\" style=\"height:200px\"><\/div><\/div><\/div><\/div><\/div><\/div><\/section><section class=\"l-section wpb_row height_auto width_full color_alternate\"><div class=\"l-section-h i-cf\"><div class=\"g-cols vc_row via_flex valign_middle type_boxes stacking_default\"><div class=\"vc_col-sm-6 vc_hidden-xs wpb_column vc_column_container has_bg_color us_animate_afl\"><div class=\"vc_column-inner us_custom_25903306\"><div class=\"wpb_wrapper\"><div class=\"w-separator size_custom\" style=\"height:200px\"><\/div><\/div><\/div><\/div><div class=\"vc_col-sm-6 wpb_column vc_column_container us_animate_afr\"><div class=\"vc_column-inner\"><div class=\"wpb_wrapper\"><div class=\"wpb_text_column\"><div class=\"wpb_wrapper\"><h3 class=\"p1\">Application de surveillance des pi\u00e8ges Revierwelt<\/h3>\n<p><span class=\"TextRun SCXW126716925 BCX0\" lang=\"DE-DE\" data-contrast=\"none\"><span class=\"NormalTextRun SCXW126716925 BCX0\">Pour tous ceux qui peuvent se passer des fonctions \u00e9tendues de l&#8217;application Revierwelt ou qui ne se concentrent que sur un domaine partiel, comme la Fa<\/span><\/span><span class=\"TextRun SCXW126716925 BCX0\" lang=\"DE-DE\" data-contrast=\"none\"><span class=\"NormalTextRun SCXW126716925 BCX0\">ng<\/span><\/span><span class=\"TextRun SCXW126716925 BCX0\" lang=\"DE-DE\" data-contrast=\"none\" xml:lang=\"DE-DE\"><span class=\"NormalTextRun SCXW126716925 BCX0\">Revierwelt a lanc\u00e9 une application de surveillance des pi\u00e8ges uniquement. Dans l&#8217;apparence du <span data-contrast=\"none\">nouveau Revierwelt<\/span>, vous avez maintenant toutes les fonctions essentielles pour la gestion, la saisie,   <\/span><\/span><span class=\"TextRun SCXW126716925 BCX0\" lang=\"DE-DE\" data-contrast=\"none\"><span class=\"NormalTextRun SCXW126716925 BCX0\">Surveillance<\/span><\/span><span class=\"TextRun SCXW126716925 BCX0\" lang=\"DE-DE\" data-contrast=\"none\"><span class=\"NormalTextRun SCXW126716925 BCX0\"> et l&#8217;\u00e9valuation de votre <\/span><\/span><span class=\"TextRun SCXW126716925 BCX0\" lang=\"DE-DE\" data-contrast=\"none\"><span class=\"NormalTextRun SCXW126716925 BCX0\">Fallenmeld<\/span><\/span><span class=\"TextRun SCXW126716925 BCX0\" lang=\"DE-DE\" data-contrast=\"none\"><span class=\"NormalTextRun SCXW126716925 BCX0\">dans une application d\u00e9di\u00e9e &#8211; maintenant encore plus simple et plus pratique : vous pouvez bien s\u00fbr contr\u00f4ler le <\/span><\/span><span class=\"TextRun SCXW126716925 BCX0\" lang=\"DE-DE\" data-contrast=\"none\"><span class=\"NormalTextRun SCXW126716925 BCX0\">Surveillance des pi\u00e8ges<\/span><\/span><span class=\"TextRun SCXW126716925 BCX0\" lang=\"DE-DE\" data-contrast=\"none\"><span class=\"NormalTextRun SCXW126716925 BCX0\">-en plus de l&#8217;application Revierwelt. <\/span><\/span><\/p>\n<\/div><\/div><\/div><\/div><\/div><\/div><\/div><\/section><section class=\"l-section wpb_row height_auto width_full\"><div class=\"l-section-h i-cf\"><div class=\"g-cols vc_row via_flex valign_middle type_boxes stacking_default\"><div class=\"vc_col-sm-6 wpb_column vc_column_container us_animate_afl\"><div class=\"vc_column-inner\"><div class=\"wpb_wrapper\"><div class=\"wpb_text_column\"><div class=\"wpb_wrapper\"><h3 class=\"p1\">Application de carte de stand Revierwelt<\/h3>\n<p>L&#8217;application Carte de battue de Revierwelt fait partie int\u00e9grante de la planification de la chasse en battue de Revierwelt. L&#8217;application Carte de battue vous permet de consulter toutes les informations pertinentes sur la chasse en battue et de saisir les observations, les tirs effectu\u00e9s ou les prises pendant ou juste apr\u00e8s la chasse. Vous pouvez suivre le d\u00e9roulement de la chasse en direct et voir la position actuelle des rabatteurs et des chiens. Vous n&#8217;avez pas besoin d&#8217;un compte Revierwelt pour utiliser l&#8217;application Standkarte.<\/p>\n<\/div><\/div><\/div><\/div><\/div><div class=\"vc_col-sm-6 wpb_column vc_column_container has_bg_color us_animate_afr\"><div class=\"vc_column-inner us_custom_0ba0803c\"><div class=\"wpb_wrapper\"><div class=\"w-separator size_custom\" style=\"height:200px\"><\/div><\/div><\/div><\/div><\/div><\/div><\/section><section class=\"l-section wpb_row height_medium color_alternate\"><div class=\"l-section-h i-cf\"><div class=\"g-cols vc_row via_flex valign_top type_default stacking_default\"><div class=\"vc_col-sm-12 wpb_column vc_column_container\"><div class=\"vc_column-inner\"><div class=\"wpb_wrapper\"><div class=\"wpb_text_column\"><div class=\"wpb_wrapper\"><h2 style=\"text-align: center;\"><strong>REVIERWELT.<\/strong>  D\u00e9couvrir.<\/h2>\n<\/div><\/div><\/div><\/div><\/div><\/div><\/div><\/section><section class=\"l-section wpb_row height_medium with_img parallax_ver\"><div class=\"l-section-img\" role=\"img\" data-img-width=\"1024\" data-img-height=\"683\" style=\"background-image: url(https:\/\/revierwelt.de\/wp-content\/uploads\/2018\/01\/170301-0001-2.jpg);\"><\/div><div class=\"l-section-overlay\" style=\"background:rgba(72,108,75,0.5)\"><\/div><div class=\"l-section-h i-cf\"><div class=\"g-cols vc_row via_flex valign_top type_default stacking_default\"><div class=\"vc_col-sm-12 wpb_column vc_column_container\"><div class=\"vc_column-inner\"><div class=\"wpb_wrapper\"><div class=\"w-grid type_grid layout_25853 hidden cols_5 ratio_1x1\" id=\"us_grid_1\" style=\"--columns:5;--gap:2px;--item-ratio:1;\" data-filterable=\"true\"><style>@media (max-width:1380px){#us_grid_1{--columns:3!important}}@media (max-width:1024px){#us_grid_1{--columns:2!important}}@media (max-width:600px){#us_grid_1{--columns:1!important}}.layout_25853 .w-grid-item-h{}.layout_25853 .usg_post_custom_field_1{transition-duration:0.4s;transform-origin:50% 50%;transform:scale(0) translate(0,0);opacity:0}.layout_25853 .w-grid-item-h:hover .usg_post_custom_field_1{transform:scale(1.5) translate(0,0);opacity:1}.layout_25853 .usg_vwrapper_1{transition-duration:0.4s;transform-origin:50% 50%;transform:scale(0) translate(0,0);opacity:0}.layout_25853 .w-grid-item-h:hover .usg_vwrapper_1{transform:scale(1) translate(0,0);opacity:1}.layout_25853 .usg_post_image_1{position:absolute!important;top:0!important;right:0!important;bottom:0!important;left:0!important}.layout_25853 .usg_post_custom_field_1{position:absolute!important;top:0!important;right:0!important;bottom:0!important;left:0!important;border-radius:50!important;padding:2rem!important;background:inherit!important}.layout_25853 .usg_vwrapper_1{position:absolute!important;top:0!important;right:0!important;bottom:0!important;left:0!important;padding:2rem!important}.layout_25853 .usg_post_title_1{color:inherit!important}<\/style><div class=\"w-grid-list\"><\/div><div class=\"w-grid-preloader\">\t<div class=\"g-preloader type_1\">\r\n\t\t<div><\/div>\r\n\t<\/div>\r\n\t<\/div>\t<div class=\"w-grid-json hidden\" onclick='return {&quot;action&quot;:&quot;us_ajax_grid&quot;,&quot;infinite_scroll&quot;:0,&quot;max_num_pages&quot;:0,&quot;pagination&quot;:&quot;none&quot;,&quot;template_vars&quot;:{&quot;columns&quot;:&quot;5&quot;,&quot;exclude_items&quot;:&quot;none&quot;,&quot;img_size&quot;:&quot;us_600_0&quot;,&quot;ignore_items_size&quot;:0,&quot;items_layout&quot;:&quot;25853&quot;,&quot;items_offset&quot;:&quot;1&quot;,&quot;load_animation&quot;:&quot;none&quot;,&quot;overriding_link&quot;:&quot;%7B%22type%22%3A%22post%22%7D&quot;,&quot;post_id&quot;:0,&quot;query_args&quot;:{&quot;post_type&quot;:[&quot;us_portfolio&quot;],&quot;tax_query&quot;:[{&quot;taxonomy&quot;:&quot;us_portfolio_category&quot;,&quot;field&quot;:&quot;slug&quot;,&quot;terms&quot;:[&quot;monde de la chasse&quot;]}],&quot;post_status&quot;:[&quot;publish&quot;],&quot;posts_per_page&quot;:&quot;5&quot;},&quot;orderby_query_args&quot;:{&quot;orderby&quot;:{&quot;date&quot;:&quot;DESC&quot;}},&quot;type&quot;:&quot;grid&quot;,&quot;us_grid_post_type&quot;:&quot;us_portfolio&quot;,&quot;us_grid_ajax_index&quot;:1,&quot;us_grid_filter_query_string&quot;:null,&quot;us_grid_index&quot;:1,&quot;page_args&quot;:[]}}'><\/div>\r\n\t<\/div><div class=\"w-grid-none type_message\">Es wurden keine Ergebnisse gefunden.<\/div><\/div><\/div><\/div><\/div><\/div><\/section><section class=\"l-section wpb_row height_medium color_primary\"><div class=\"l-section-h i-cf\"><div class=\"g-cols vc_row via_flex valign_top type_default stacking_default\"><div class=\"vc_col-sm-12 wpb_column vc_column_container us_animate_afb\"><div class=\"vc_column-inner\"><div class=\"wpb_wrapper\"><div class=\"w-actionbox color_primary controls_right\"><div class=\"w-actionbox-text\"><h2 class=\"w-actionbox-title\">Voyez par vous-m\u00eame Revierwelt !<\/h2><\/div><div class=\"w-actionbox-controls\"><a class=\"w-btn us-btn-style_6 icon_atleft\" href=\"https:\/\/portal.revierwelt.de\/\" style=\"font-size:19px;\"><i class=\"fas fa-user-plus\"><\/i><span class=\"w-btn-label\">Inscrivez-vous maintenant !<\/span><\/a><\/div><\/div><\/div><\/div><\/div><\/div><\/div><\/section>\n","protected":false},"excerpt":{"rendered":"REVIERWELT. Applications et logiciels. Tout simplement via le web. Le Revierwelt est un service en nuage auquel vous pouvez acc\u00e9der via n&#8217;importe quel navigateur web \u00e0 l&#8217;adresse revierwelt.de. Il n&#8217;est donc pas n\u00e9cessaire d&#8217;installer un logiciel sur votre ordinateur, votre tablette ou votre smartphone. Vos donn\u00e9es sont ainsi accessibles sur autant de terminaux que vous...","protected":false},"author":4,"featured_media":0,"parent":0,"menu_order":0,"comment_status":"closed","ping_status":"closed","template":"","meta":{"footnotes":""},"class_list":["post-37075","page","type-page","status-publish","hentry"],"_links":{"self":[{"href":"https:\/\/revierwelt.de\/index.php\/wp-json\/wp\/v2\/pages\/37075","targetHints":{"allow":["GET"]}}],"collection":[{"href":"https:\/\/revierwelt.de\/index.php\/wp-json\/wp\/v2\/pages"}],"about":[{"href":"https:\/\/revierwelt.de\/index.php\/wp-json\/wp\/v2\/types\/page"}],"author":[{"embeddable":true,"href":"https:\/\/revierwelt.de\/index.php\/wp-json\/wp\/v2\/users\/4"}],"replies":[{"embeddable":true,"href":"https:\/\/revierwelt.de\/index.php\/wp-json\/wp\/v2\/comments?post=37075"}],"version-history":[{"count":0,"href":"https:\/\/revierwelt.de\/index.php\/wp-json\/wp\/v2\/pages\/37075\/revisions"}],"wp:attachment":[{"href":"https:\/\/revierwelt.de\/index.php\/wp-json\/wp\/v2\/media?parent=37075"}],"curies":[{"name":"wp","href":"https:\/\/api.w.org\/{rel}","templated":true}]}}