{"id":37098,"date":"2025-02-25T11:16:53","date_gmt":"2025-02-25T10:16:53","guid":{"rendered":"https:\/\/revierwelt.de\/index.php\/cely-lov-na-jednom-miste\/"},"modified":"2025-02-25T11:17:00","modified_gmt":"2025-02-25T10:17:00","slug":"cely-lov-na-jednom-miste","status":"publish","type":"page","link":"https:\/\/revierwelt.de\/index.php\/cely-lov-na-jednom-miste\/?lang=cs","title":{"rendered":"CEL\u00dd LOV NA JEDNOM M\u00cdST\u011a"},"content":{"rendered":"<section class=\"l-section wpb_row height_medium color_alternate\" id=\"za\u010d\u00edt\"><div class=\"l-section-h i-cf\"><div class=\"g-cols vc_row via_flex valign_top type_default stacking_default\"><div class=\"vc_col-sm-12 wpb_column vc_column_container\"><div class=\"vc_column-inner\"><div class=\"wpb_wrapper\"><div class=\"wpb_text_column\"><div class=\"wpb_wrapper\"><h2 style=\"text-align: center;\"><strong>REVIERWELT.<\/strong>  Jeden za v\u0161echny.<\/h2>\n<\/div><\/div><\/div><\/div><\/div><\/div><\/div><\/section><section class=\"l-section wpb_row height_auto width_full\"><div class=\"l-section-h i-cf\"><div class=\"g-cols vc_row via_flex valign_middle type_boxes stacking_default\"><div class=\"vc_col-sm-6 wpb_column vc_column_container us_animate_afl\"><div class=\"vc_column-inner\"><div class=\"wpb_wrapper\"><div class=\"wpb_text_column\"><div class=\"wpb_wrapper\"><h3 class=\"p1\">Pro lovce.<\/h3>\n<p>A\u0165 u\u017e lov\u00edte jen ob\u010das, m\u00e1te loveck\u00fd l\u00edstek nebo spravujete vlastn\u00ed honitbu &#8211; Revierwelt nab\u00edz\u00ed ka\u017ed\u00e9mu lovci p\u0159esn\u011b to, co pot\u0159ebuje. Revierwelt v\u00e1s provede ka\u017edodenn\u00edm lovem pomoc\u00ed v\u00edce ne\u017e 120 r\u016fzn\u00fdch funkc\u00ed. Revierwelt zjednodu\u0161uje celou spr\u00e1vu honitby pomoc\u00ed soci\u00e1ln\u00edch a inovativn\u00edch funkc\u00ed: A\u0165 u\u017e chcete v\u00e9st seznamy stop, vytv\u00e1\u0159et anal\u00fdzy, rezervovat \u00fakryty, prod\u00e1vat zv\u011b\u0159, lokalizovat psy pomoc\u00ed GPS, sledovat pasti online nebo p\u0159ipojit kamery na zv\u011b\u0159 online: Revierwelt to v\u0161e a mnohem v\u00edce zvl\u00e1dne &#8211; na jednom m\u00edst\u011b!<\/p>\n<\/div><\/div><\/div><\/div><\/div><div class=\"vc_col-sm-6 vc_hidden-xs wpb_column vc_column_container has_bg_color us_animate_afr\"><div class=\"vc_column-inner us_custom_78a9ab54\"><div class=\"wpb_wrapper\"><div class=\"w-separator size_custom\" style=\"height:200px\"><\/div><\/div><\/div><\/div><\/div><\/div><\/section><section class=\"l-section wpb_row height_auto width_full\"><div class=\"l-section-h i-cf\"><div class=\"g-cols vc_row via_flex valign_middle type_boxes stacking_default\"><div class=\"vc_col-sm-6 wpb_column vc_column_container has_bg_color us_animate_afl\"><div class=\"vc_column-inner us_custom_09231a09\"><div class=\"wpb_wrapper\"><div class=\"w-separator size_custom\" style=\"height:200px\"><\/div><\/div><\/div><\/div><div class=\"vc_col-sm-6 wpb_column vc_column_container us_animate_afr\"><div class=\"vc_column-inner\"><div class=\"wpb_wrapper\"><div class=\"wpb_text_column\"><div class=\"wpb_wrapper\"><p>R\u00e1di byste si zaznamen\u00e1vali sv\u00e9 z\u00e1\u017eitky a lovy, a proto pou\u017e\u00edv\u00e1te Revierwelt jako den\u00edk. Nebo snad lov\u00edte jako host\u00e9 v r\u016fzn\u00fdch honitb\u00e1ch a chcete si zaznamen\u00e1vat honitby v Revierweltu? M\u00e1te psa a chcete v\u011bd\u011bt, kde se v honitb\u011b neust\u00e1le nach\u00e1z\u00ed? Lov\u00edte ve sv\u00e9 honitb\u011b s n\u011bkolika myslivci a cht\u011bli byste, aby ka\u017ed\u00fd kolega myslivec byl informov\u00e1n o v\u0161ech aktivit\u00e1ch, kter\u00e9 se v honitb\u011b odehr\u00e1vaj\u00ed &#8211; kdo kde dnes sed\u00ed? Revierwelt poskytuje pot\u0159ebn\u00e9 zabezpe\u010den\u00ed mysliveck\u00e9ho provozu. Nebo se nekomplikovan\u011b spojte s ostatn\u00edmi u\u017eivateli slu\u017eby Revierwelt. Udr\u017eujte sv\u00e9 kontakty a vym\u011b\u0148ujte si informace.      <\/p>\n<p>To v\u0161e a je\u0161t\u011b mnohem v\u00edce m\u016f\u017eete jednodu\u0161e realizovat s Revierweltem. Doma na po\u010d\u00edta\u010di nebo p\u0159\u00edmo na lovi\u0161ti pomoc\u00ed aplikace Revierwelt. <\/p>\n<p>Revierwelt je serverov\u00fd software &#8211; ke sv\u00fdm dat\u016fm m\u00e1te p\u0159\u00edstup kdykoli a odkudkoli. Va\u0161e data z\u00e1lohujeme a chr\u00e1n\u00edme podle nejvy\u0161\u0161\u00edch bezpe\u010dnostn\u00edch standard\u016f v n\u011bmeck\u00e9m datov\u00e9m centru.<\/p>\n<\/div><\/div><\/div><\/div><\/div><\/div><\/div><\/section><section class=\"l-section wpb_row height_medium color_alternate\"><div class=\"l-section-h i-cf\"><div class=\"g-cols vc_row via_flex valign_top type_default stacking_default\"><div class=\"vc_col-sm-12 wpb_column vc_column_container\"><div class=\"vc_column-inner\"><div class=\"wpb_wrapper\"><div class=\"wpb_text_column\"><div class=\"wpb_wrapper\"><h2 style=\"text-align: center;\">V\u0161echny v\u00fdhody na prvn\u00ed pohled<\/h2>\n<\/div><\/div><\/div><\/div><\/div><\/div><\/div><\/section><section class=\"l-section wpb_row height_medium\"><div class=\"l-section-h i-cf\"><div class=\"g-cols vc_row via_flex valign_top type_default stacking_default\"><div class=\"vc_col-sm-12 wpb_column vc_column_container\"><div class=\"vc_column-inner\"><div class=\"wpb_wrapper\"><div class=\"g-cols wpb_row via_flex valign_top type_default stacking_default\"><div class=\"vc_col-sm-4 wpb_column vc_column_container us_animate_afc\"><div class=\"vc_column-inner\"><div class=\"wpb_wrapper\"><div class=\"w-iconbox iconpos_top style_circle color_primary align_center\"><a href=\"https:\/\/revierwelt.de\/index.php\/portfolio\/\" class=\"w-iconbox-link\" aria-label=\"Jednoduch\u00e9. V\u0161eobj\u00edmaj\u00edc\u00ed. \"><div class=\"w-iconbox-icon\" style=\"font-size:2rem;\"><i class=\"fas fa-check\"><\/i><\/div><\/a><div class=\"w-iconbox-meta\"><h4 class=\"w-iconbox-title\"><a href=\"https:\/\/revierwelt.de\/index.php\/portfolio\/\" class=\"w-iconbox-link\" aria-label=\"Jednoduch\u00e9. V\u0161eobj\u00edmaj\u00edc\u00ed. \">Jednoduch\u00e9. V\u0161eobj\u00edmaj\u00edc\u00ed. <\/a><\/h4><div class=\"w-iconbox-text\"><p>Revierwelt eviduje a koordinuje v\u0161echny loveck\u00e9 aktivity na jednom m\u00edst\u011b. Revierwelt nab\u00edz\u00ed v\u0161e, co pot\u0159ebujete pro ka\u017edodenn\u00ed lov &#8211; od jednoduch\u00fdch funkc\u00ed, jako je z\u00e1znam hl\u00e1\u0161en\u00ed o trase a\u017e po vytvo\u0159en\u00ed mapy loveck\u00e9ho rev\u00edru, od automatick\u00e9ho sledov\u00e1n\u00ed past\u00ed nebo sledov\u00e1n\u00ed ps\u016f pomoc\u00ed GPS a\u017e po komplexn\u00ed pl\u00e1nov\u00e1n\u00ed a realizaci \u0159\u00edzen\u00fdch lov\u016f a marketing zv\u011b\u0159e &#8211; v\u0161e na jednom m\u00edst\u011b!<\/p>\n<\/div><\/div><\/div><\/div><\/div><\/div><div class=\"vc_col-sm-4 wpb_column vc_column_container us_animate_afc\" style=\"animation-delay:0.2s\"><div class=\"vc_column-inner\"><div class=\"wpb_wrapper\"><div class=\"w-iconbox iconpos_top style_circle color_primary align_center\"><a href=\"https:\/\/revierwelt.de\/index.php\/portfolio\/\" class=\"w-iconbox-link\" aria-label=\"V\u00e1\u0161 spolehliv\u00fd spole\u010dn\u00edk.\"><div class=\"w-iconbox-icon\" style=\"font-size:2rem;\"><i class=\"fas fa-check\"><\/i><\/div><\/a><div class=\"w-iconbox-meta\"><h4 class=\"w-iconbox-title\"><a href=\"https:\/\/revierwelt.de\/index.php\/portfolio\/\" class=\"w-iconbox-link\" aria-label=\"V\u00e1\u0161 spolehliv\u00fd spole\u010dn\u00edk.\">V\u00e1\u0161 spolehliv\u00fd spole\u010dn\u00edk.<\/a><\/h4><div class=\"w-iconbox-text\"><p>Revierwelt je v\u00e1m v\u017edy k dispozici s v\u00edce ne\u017e 120 funkcemi. Nez\u00e1le\u017e\u00ed na tom, kde se nach\u00e1z\u00edte: V\u0161ichni \u010dlenov\u00e9 sousedstv\u00ed maj\u00ed sousedstv\u00ed v\u017edy pod kontrolou. V\u0161e m\u016f\u017eete ovl\u00e1dat centr\u00e1ln\u011b na jednom m\u00edst\u011b. V\u0161echny aplikace Revierwelt funguj\u00ed tak\u00e9 100% offline. Revierwelt udr\u017euje v\u0161echny myslivce v r\u00e1mci jedn\u00e9 honitby nebo nap\u0159\u00ed\u010d honitbami neust\u00e1le v obraze.<\/p>\n<\/div><\/div><\/div><\/div><\/div><\/div><div class=\"vc_col-sm-4 wpb_column vc_column_container us_animate_afc\" style=\"animation-delay:0.4s\"><div class=\"vc_column-inner\"><div class=\"wpb_wrapper\"><div class=\"w-iconbox iconpos_top style_circle color_primary align_center\"><a href=\"https:\/\/revierwelt.de\/index.php\/portfolio\/\" class=\"w-iconbox-link\" aria-label=\"V\u017edy aktu\u00e1ln\u00ed.\"><div class=\"w-iconbox-icon\" style=\"font-size:2rem;\"><i class=\"fas fa-check\"><\/i><\/div><\/a><div class=\"w-iconbox-meta\"><h4 class=\"w-iconbox-title\"><a href=\"https:\/\/revierwelt.de\/index.php\/portfolio\/\" class=\"w-iconbox-link\" aria-label=\"V\u017edy aktu\u00e1ln\u00ed.\">V\u017edy aktu\u00e1ln\u00ed.<\/a><\/h4><div class=\"w-iconbox-text\"><p>Revierwelt zaji\u0161\u0165uje bezpe\u010dnost p\u0159i lovu: v\u0161ichni lovci v honitb\u011b jsou automaticky informov\u00e1ni o nov\u00fdch aktivit\u00e1ch. Revierwelt zobrazuje v\u0161echny \u00fakoly na jednom m\u00edst\u011b, od jednoduch\u00fdch \u010dinnost\u00ed, jako je vytvo\u0159en\u00ed rezervace skr\u00fd\u0161e, a\u017e po slo\u017eit\u00e9 \u00fakoly, jako je pl\u00e1nov\u00e1n\u00ed nebo prov\u00e1d\u011bn\u00ed \u0159\u00edzen\u00e9ho lovu nebo n\u00e1sledn\u00fd prodej zv\u011b\u0159e.<\/p>\n<\/div><\/div><\/div><\/div><\/div><\/div><\/div><\/div><\/div><\/div><\/div><\/div><\/section><section class=\"l-section wpb_row height_medium color_alternate\"><div class=\"l-section-h i-cf\"><div class=\"g-cols vc_row via_flex valign_top type_default stacking_default\"><div class=\"vc_col-sm-12 wpb_column vc_column_container\"><div class=\"vc_column-inner\"><div class=\"wpb_wrapper\"><div class=\"wpb_text_column\"><div class=\"wpb_wrapper\"><h2 style=\"text-align: center;\"><strong>REVIERWELT.<\/strong>  Spole\u010dn\u011b.<\/h2>\n<\/div><\/div><\/div><\/div><\/div><\/div><\/div><\/section><section class=\"l-section wpb_row height_auto width_full\"><div class=\"l-section-h i-cf\"><div class=\"g-cols vc_row via_flex valign_middle type_boxes stacking_default\"><div class=\"vc_col-sm-6 wpb_column vc_column_container us_animate_afl\"><div class=\"vc_column-inner\"><div class=\"wpb_wrapper\"><div class=\"wpb_text_column\"><div class=\"wpb_wrapper\"><h3 class=\"p1\">Komunita Revierwelt.<\/h3>\n<div class=\"Article__Chapter fb-col-trim fb-wrap fb-direction-row-reverse-mu\">\n<div class=\"fb-col-md-8 fb-col-lg-8\">\n<div class=\"mt-sm\">\n<p>V na\u0161\u00ed komunit\u011b Revierwelt m\u016f\u017eete navazovat kontakty s lovci z cel\u00e9ho sv\u011bta. Kdy\u017e se zaregistrujete v Revierwelt, m\u016f\u017eete pos\u00edlat a p\u0159ij\u00edmat \u017e\u00e1dosti o p\u0159\u00e1telstv\u00ed s ostatn\u00edmi lovci. Postupem \u010dasu si vybudujete s\u00ed\u0165 lid\u00ed, kte\u0159\u00ed sd\u00edlej\u00ed va\u0161e nad\u0161en\u00ed pro lov.  <\/p>\n<p>V komunit\u011b Revierwelt m\u016f\u017eete zve\u0159ejnit sv\u016fj aktu\u00e1ln\u00ed stav, polohu a z\u00e1\u017eitky z lovu a pod\u011blit se o n\u011b se sv\u00fdmi p\u0159\u00e1teli. To funguje jak v textov\u00e9, tak v obrazov\u00e9 podob\u011b nebo pomoc\u00ed vide\u00ed. <\/p>\n<p>Na Revierweltu je ji\u017e zastoupeno velk\u00e9 mno\u017estv\u00ed mysliveck\u00fdch organizac\u00ed, sdru\u017een\u00ed a spole\u010dnost\u00ed. P\u0159ihlaste se k odb\u011bru jejich str\u00e1nek a bu\u010fte v obraze. M\u016f\u017eete si tak\u00e9 zalo\u017eit vlastn\u00ed skupiny na mysliveck\u00e1 t\u00e9mata, pozvat do nich dal\u0161\u00ed u\u017eivatele Revierweltu nebo se p\u0159ipojit k jin\u00fdm skupin\u00e1m a vym\u011b\u0148ovat si v nich n\u00e1zory.  <\/p>\n<\/div>\n<\/div>\n<\/div>\n<\/div><\/div><div class=\"w-btn-wrapper align_right\"><a class=\"w-btn us-btn-style_3 icon_atleft\" title=\"Otev\u0159en\u00e1 komunita\" target=\"_blank\" rel=\"nofollow\" href=\"https:\/\/social.revierwelt.de\"><i class=\"fas fa-arrow-right\"><\/i><span class=\"w-btn-label\">Otev\u0159en\u00e1 komunita Revierwelt<\/span><\/a><\/div><\/div><\/div><\/div><div class=\"vc_col-sm-6 vc_hidden-xs wpb_column vc_column_container has_bg_color us_animate_afr\"><div class=\"vc_column-inner us_custom_9b39d8ad\"><div class=\"wpb_wrapper\"><div class=\"w-separator size_custom\" style=\"height:200px\"><\/div><\/div><\/div><\/div><\/div><\/div><\/section><section class=\"l-section wpb_row height_auto width_full\"><div class=\"l-section-h i-cf\"><div class=\"g-cols vc_row via_flex valign_middle type_boxes stacking_default\"><div class=\"vc_col-sm-6 wpb_column vc_column_container has_bg_color us_animate_afl\"><div class=\"vc_column-inner us_custom_5707c9a5\"><div class=\"wpb_wrapper\"><div class=\"w-separator size_custom\" style=\"height:200px\"><\/div><\/div><\/div><\/div><div class=\"vc_col-sm-6 vc_hidden-xs wpb_column vc_column_container us_animate_afr\"><div class=\"vc_column-inner\"><div class=\"wpb_wrapper\"><div class=\"wpb_text_column\"><div class=\"wpb_wrapper\"><p>Revierwelt nab\u00edz\u00ed v\u00edce ne\u017e 120 funkc\u00ed pro spr\u00e1vu lovi\u0161\u0165 a je tak p\u0159\u00edslove\u010dn\u00fdm &#8222;\u0161v\u00fdcarsk\u00fdm arm\u00e1dn\u00edm no\u017eem&#8220; pro v\u0161echny lovce a loveck\u00e9 nad\u0161ence. Spole\u010densk\u00e9 funkce, jako je \u017eiv\u00fd chat, fotoalba a n\u00e1st\u011bnka, jsou \u00fazce propojeny s funkcemi loveck\u00e9ho rev\u00edru. To otev\u00edr\u00e1 zcela nov\u00e9 mo\u017enosti spolupr\u00e1ce mezi lovci v jejich honitb\u011b i mimo ni.  <\/p>\n<p>V\u0161echny funkce jsou p\u0159izp\u016fsobeny p\u0159\u00edmo va\u0161im pot\u0159eb\u00e1m a d\u00edky modern\u00edmu u\u017eivatelsk\u00e9mu rozhran\u00ed se snadno pou\u017e\u00edvaj\u00ed. Va\u0161e \u00fazem\u00ed se tak o sebe postar\u00e1 samo&#8230;<\/p>\n<\/div><\/div><\/div><\/div><\/div><\/div><\/div><\/section><section class=\"l-section wpb_row height_medium color_alternate\"><div class=\"l-section-h i-cf\"><div class=\"g-cols vc_row via_flex valign_top type_default stacking_default\"><div class=\"vc_col-sm-12 wpb_column vc_column_container\"><div class=\"vc_column-inner\"><div class=\"wpb_wrapper\"><div class=\"wpb_text_column\"><div class=\"wpb_wrapper\"><h2 style=\"text-align: center;\"><strong>REVIERWELT.<\/strong>  Objevte.<\/h2>\n<\/div><\/div><\/div><\/div><\/div><\/div><\/div><\/section><section class=\"l-section wpb_row height_medium with_img parallax_ver\"><div class=\"l-section-img\" role=\"img\" data-img-width=\"1024\" data-img-height=\"683\" style=\"background-image: url(https:\/\/revierwelt.de\/wp-content\/uploads\/2018\/01\/170301-0001-2.jpg);\"><\/div><div class=\"l-section-overlay\" style=\"background:rgba(72,108,75,0.5)\"><\/div><div class=\"l-section-h i-cf\"><div class=\"g-cols vc_row via_flex valign_top type_default stacking_default\"><div class=\"vc_col-sm-12 wpb_column vc_column_container\"><div class=\"vc_column-inner\"><div class=\"wpb_wrapper\"><div class=\"w-grid type_grid layout_25853 cols_5 ratio_1x1\" id=\"us_grid_1\" style=\"--columns:5;--gap:2px;--item-ratio:1;\" data-filterable=\"true\"><style>@media (max-width:1380px){#us_grid_1{--columns:3!important}}@media (max-width:1024px){#us_grid_1{--columns:2!important}}@media (max-width:600px){#us_grid_1{--columns:1!important}}.layout_25853 .w-grid-item-h{}.layout_25853 .usg_post_custom_field_1{transition-duration:0.4s;transform-origin:50% 50%;transform:scale(0) translate(0,0);opacity:0}.layout_25853 .w-grid-item-h:hover .usg_post_custom_field_1{transform:scale(1.5) translate(0,0);opacity:1}.layout_25853 .usg_vwrapper_1{transition-duration:0.4s;transform-origin:50% 50%;transform:scale(0) translate(0,0);opacity:0}.layout_25853 .w-grid-item-h:hover .usg_vwrapper_1{transform:scale(1) translate(0,0);opacity:1}.layout_25853 .usg_post_image_1{position:absolute!important;top:0!important;right:0!important;bottom:0!important;left:0!important}.layout_25853 .usg_post_custom_field_1{position:absolute!important;top:0!important;right:0!important;bottom:0!important;left:0!important;border-radius:50!important;padding:2rem!important;background:inherit!important}.layout_25853 .usg_vwrapper_1{position:absolute!important;top:0!important;right:0!important;bottom:0!important;left:0!important;padding:2rem!important}.layout_25853 .usg_post_title_1{color:inherit!important}<\/style><div class=\"w-grid-list\">\t<article class=\"w-grid-item size_1x1 post-28473 us_portfolio type-us_portfolio status-publish has-post-thumbnail hentry us_portfolio_category-revierwelt\" data-id=\"28473\">\r\n\t\t<div class=\"w-grid-item-h\" style=\"background:#f2f2f2;color:#486c4b;\">\r\n\t\t\t\t\t\t\t<a href=\"https:\/\/revierwelt.de\/index.php\/portfolio\/fleischverwaltung\/\" class=\"w-grid-item-anchor\" aria-label=\"Fleischverwaltung\"><\/a>\r\n\t\t\t\t\t\t<div class=\"w-post-elm post_image usg_post_image_1 stretched\"><img loading=\"lazy\" decoding=\"async\" width=\"573\" height=\"573\" src=\"https:\/\/revierwelt.de\/wp-content\/uploads\/2022\/03\/frisches_wild_qua.png\" class=\"attachment-us_600_0 size-us_600_0 wp-post-image\" alt=\"\" \/><\/div><div class=\"w-post-elm post_custom_field usg_post_custom_field_1 type_text  color_link_inherit has_border_radius\"><span class=\"w-post-elm-value\"><\/span><\/div><div class=\"w-vwrapper usg_vwrapper_1 align_center valign_middle\"><h3 class=\"w-post-elm post_title usg_post_title_1 has_text_color align_center entry-title color_link_inherit\">Fleischverwaltung<\/h3><\/div>\t\t<\/div>\r\n\t\t\t<\/article>\r\n\t<article class=\"w-grid-item size_1x1 post-26717 us_portfolio type-us_portfolio status-publish has-post-thumbnail hentry us_portfolio_category-revierwelt\" data-id=\"26717\">\r\n\t\t<div class=\"w-grid-item-h\" style=\"background:#f2f2f2;color:#486c4b;\">\r\n\t\t\t\t\t\t\t<a href=\"https:\/\/revierwelt.de\/index.php\/portfolio\/drueckjagd\/\" class=\"w-grid-item-anchor\" aria-label=\"Dr\u00fcckjagd\"><\/a>\r\n\t\t\t\t\t\t<div class=\"w-post-elm post_image usg_post_image_1 stretched\"><img loading=\"lazy\" decoding=\"async\" width=\"600\" height=\"600\" src=\"https:\/\/revierwelt.de\/wp-content\/uploads\/2020\/05\/DRU\u0308CKJAGD_qua.jpg\" class=\"attachment-us_600_0 size-us_600_0 wp-post-image\" alt=\"\" \/><\/div><div class=\"w-post-elm post_custom_field usg_post_custom_field_1 type_text  color_link_inherit has_border_radius\"><span class=\"w-post-elm-value\"><\/span><\/div><div class=\"w-vwrapper usg_vwrapper_1 align_center valign_middle\"><h3 class=\"w-post-elm post_title usg_post_title_1 has_text_color align_center entry-title color_link_inherit\">Dr\u00fcckjagd<\/h3><\/div>\t\t<\/div>\r\n\t\t\t<\/article>\r\n\t<article class=\"w-grid-item size_1x1 post-23142 us_portfolio type-us_portfolio status-publish has-post-thumbnail hentry us_portfolio_category-revierwelt\" data-id=\"23142\">\r\n\t\t<div class=\"w-grid-item-h\" style=\"background:#f2f2f2;color:#486c4b;\">\r\n\t\t\t\t\t\t\t<a href=\"https:\/\/revierwelt.de\/index.php\/portfolio\/revierverwaltung\/\" class=\"w-grid-item-anchor\" aria-label=\"Revierverwaltung\"><\/a>\r\n\t\t\t\t\t\t<div class=\"w-post-elm post_image usg_post_image_1 stretched\"><img loading=\"lazy\" decoding=\"async\" width=\"600\" height=\"600\" src=\"https:\/\/revierwelt.de\/wp-content\/uploads\/2018\/01\/revierverwaltung-1-1-600x600.jpg\" class=\"attachment-us_600_0 size-us_600_0 wp-post-image\" alt=\"\" srcset=\"https:\/\/revierwelt.de\/wp-content\/uploads\/2018\/01\/revierverwaltung-1-1-600x600.jpg 600w, https:\/\/revierwelt.de\/wp-content\/uploads\/2018\/01\/revierverwaltung-1-1-150x150.jpg 150w, https:\/\/revierwelt.de\/wp-content\/uploads\/2018\/01\/revierverwaltung-1-1-300x300.jpg 300w, https:\/\/revierwelt.de\/wp-content\/uploads\/2018\/01\/revierverwaltung-1-1-768x768.jpg 768w, https:\/\/revierwelt.de\/wp-content\/uploads\/2018\/01\/revierverwaltung-1-1.jpg 1024w, https:\/\/revierwelt.de\/wp-content\/uploads\/2018\/01\/revierverwaltung-1-1-180x180.jpg 180w, https:\/\/revierwelt.de\/wp-content\/uploads\/2018\/01\/revierverwaltung-1-1-350x350.jpg 350w\" sizes=\"auto, (max-width: 600px) 100vw, 600px\" \/><\/div><div class=\"w-post-elm post_custom_field usg_post_custom_field_1 type_text  color_link_inherit has_border_radius\"><span class=\"w-post-elm-value\"><\/span><\/div><div class=\"w-vwrapper usg_vwrapper_1 align_center valign_middle\"><h3 class=\"w-post-elm post_title usg_post_title_1 has_text_color align_center entry-title color_link_inherit\">Revierverwaltung<\/h3><\/div>\t\t<\/div>\r\n\t\t\t<\/article>\r\n\t<article class=\"w-grid-item size_1x1 post-331 us_portfolio type-us_portfolio status-publish has-post-thumbnail hentry us_portfolio_category-revierwelt\" data-id=\"331\">\r\n\t\t<div class=\"w-grid-item-h\" style=\"background:#f2f2f2;color:#486c4b;\">\r\n\t\t\t\t\t\t\t<a href=\"https:\/\/revierwelt.de\/index.php\/portfolio\/gps-hundeortung\/\" class=\"w-grid-item-anchor\" aria-label=\"GPS-Hundeortung\"><\/a>\r\n\t\t\t\t\t\t<div class=\"w-post-elm post_image usg_post_image_1 stretched\"><img loading=\"lazy\" decoding=\"async\" width=\"600\" height=\"600\" src=\"https:\/\/revierwelt.de\/wp-content\/uploads\/2018\/01\/Dru\u0308ckjagd_iphone_qua2.png\" class=\"attachment-us_600_0 size-us_600_0 wp-post-image\" alt=\"\" \/><\/div><div class=\"w-post-elm post_custom_field usg_post_custom_field_1 type_text  color_link_inherit has_border_radius\"><span class=\"w-post-elm-value\"><\/span><\/div><div class=\"w-vwrapper usg_vwrapper_1 align_center valign_middle\"><h3 class=\"w-post-elm post_title usg_post_title_1 has_text_color align_center entry-title color_link_inherit\">GPS-Hundeortung<\/h3><\/div>\t\t<\/div>\r\n\t\t\t<\/article>\r\n\t<article class=\"w-grid-item size_1x1 post-23138 us_portfolio type-us_portfolio status-publish has-post-thumbnail hentry us_portfolio_category-revierwelt\" data-id=\"23138\">\r\n\t\t<div class=\"w-grid-item-h\" style=\"background:#f2f2f2;color:#486c4b;\">\r\n\t\t\t\t\t\t\t<a href=\"https:\/\/revierwelt.de\/index.php\/portfolio\/wildkameras\/\" class=\"w-grid-item-anchor\" aria-label=\"Wildkameras\"><\/a>\r\n\t\t\t\t\t\t<div class=\"w-post-elm post_image usg_post_image_1 stretched\"><img loading=\"lazy\" decoding=\"async\" width=\"600\" height=\"600\" src=\"https:\/\/revierwelt.de\/wp-content\/uploads\/2018\/01\/WILDKAMERA_wald_qua.jpg\" class=\"attachment-us_600_0 size-us_600_0 wp-post-image\" alt=\"\" \/><\/div><div class=\"w-post-elm post_custom_field usg_post_custom_field_1 type_text  color_link_inherit has_border_radius\"><span class=\"w-post-elm-value\"><\/span><\/div><div class=\"w-vwrapper usg_vwrapper_1 align_center valign_middle\"><h3 class=\"w-post-elm post_title usg_post_title_1 has_text_color align_center entry-title color_link_inherit\">Wildkameras<\/h3><\/div>\t\t<\/div>\r\n\t\t\t<\/article>\r\n<\/div><div class=\"w-grid-preloader\">\t<div class=\"g-preloader type_1\">\r\n\t\t<div><\/div>\r\n\t<\/div>\r\n\t<\/div>\t<div class=\"w-grid-json hidden\" onclick='return {&quot;action&quot;:&quot;us_ajax_grid&quot;,&quot;infinite_scroll&quot;:0,&quot;max_num_pages&quot;:2,&quot;pagination&quot;:&quot;none&quot;,&quot;template_vars&quot;:{&quot;columns&quot;:&quot;5&quot;,&quot;exclude_items&quot;:&quot;none&quot;,&quot;img_size&quot;:&quot;us_600_0&quot;,&quot;ignore_items_size&quot;:0,&quot;items_layout&quot;:&quot;25853&quot;,&quot;items_offset&quot;:&quot;1&quot;,&quot;load_animation&quot;:&quot;none&quot;,&quot;overriding_link&quot;:&quot;%7B%22type%22%3A%22post%22%7D&quot;,&quot;post_id&quot;:0,&quot;query_args&quot;:{&quot;post_type&quot;:[&quot;us_portfolio&quot;],&quot;tax_query&quot;:[{&quot;taxonomy&quot;:&quot;us_portfolio_category&quot;,&quot;field&quot;:&quot;slug&quot;,&quot;terms&quot;:[&quot;revierwelt&quot;]}],&quot;post_status&quot;:[&quot;publish&quot;],&quot;posts_per_page&quot;:&quot;5&quot;},&quot;orderby_query_args&quot;:{&quot;orderby&quot;:{&quot;date&quot;:&quot;DESC&quot;}},&quot;type&quot;:&quot;grid&quot;,&quot;us_grid_post_type&quot;:&quot;us_portfolio&quot;,&quot;us_grid_ajax_index&quot;:1,&quot;us_grid_filter_query_string&quot;:null,&quot;us_grid_index&quot;:1,&quot;page_args&quot;:[]}}'><\/div>\r\n\t<\/div><\/div><\/div><\/div><\/div><\/div><\/section><section class=\"l-section wpb_row height_medium color_primary\"><div class=\"l-section-h i-cf\"><div class=\"g-cols vc_row via_flex valign_top type_default stacking_default\"><div class=\"vc_col-sm-12 wpb_column vc_column_container us_animate_afb\"><div class=\"vc_column-inner\"><div class=\"wpb_wrapper\"><div class=\"w-actionbox color_primary controls_right\"><div class=\"w-actionbox-text\"><h2 class=\"w-actionbox-title\">P\u0159esv\u011bd\u010dte se o Revierweltu!<\/h2><\/div><div class=\"w-actionbox-controls\"><a class=\"w-btn us-btn-style_6 icon_atleft\" href=\"https:\/\/portal.revierwelt.de\/\" style=\"font-size:19px;\"><i class=\"fas fa-user-plus\"><\/i><span class=\"w-btn-label\">Zaregistrujte se nyn\u00ed!<\/span><\/a><\/div><\/div><\/div><\/div><\/div><\/div><\/div><\/section>\n","protected":false},"excerpt":{"rendered":"REVIERWELT. Wildkamera. Wissen, was l\u00e4uft. Sie k\u00f6nnen nicht rund um die Uhr im Revier sein, um zu wissen was l\u00e4uft. Eine Wildkamera mit GPRS-Funktion dagegen schon \u2013 ihre Bilder zeigen Ihnen, wo sich welches Wild momentan im Revier bewegt. Sie k\u00f6nnen fast jede am Markt erh\u00e4ltliche Kamera mit Revierwelt verwenden. Kameras der Revierwelt-Edition lassen sich...","protected":false},"author":4,"featured_media":0,"parent":0,"menu_order":0,"comment_status":"closed","ping_status":"closed","template":"","meta":{"footnotes":""},"class_list":["post-37098","page","type-page","status-publish","hentry"],"_links":{"self":[{"href":"https:\/\/revierwelt.de\/index.php\/wp-json\/wp\/v2\/pages\/37098","targetHints":{"allow":["GET"]}}],"collection":[{"href":"https:\/\/revierwelt.de\/index.php\/wp-json\/wp\/v2\/pages"}],"about":[{"href":"https:\/\/revierwelt.de\/index.php\/wp-json\/wp\/v2\/types\/page"}],"author":[{"embeddable":true,"href":"https:\/\/revierwelt.de\/index.php\/wp-json\/wp\/v2\/users\/4"}],"replies":[{"embeddable":true,"href":"https:\/\/revierwelt.de\/index.php\/wp-json\/wp\/v2\/comments?post=37098"}],"version-history":[{"count":0,"href":"https:\/\/revierwelt.de\/index.php\/wp-json\/wp\/v2\/pages\/37098\/revisions"}],"wp:attachment":[{"href":"https:\/\/revierwelt.de\/index.php\/wp-json\/wp\/v2\/media?parent=37098"}],"curies":[{"name":"wp","href":"https:\/\/api.w.org\/{rel}","templated":true}]}}