{"id":37118,"date":"2025-02-25T11:17:03","date_gmt":"2025-02-25T10:17:03","guid":{"rendered":"https:\/\/revierwelt.de\/index.php\/app-jagdschule\/"},"modified":"2025-02-25T11:17:18","modified_gmt":"2025-02-25T10:17:18","slug":"app-jagdschule","status":"publish","type":"page","link":"https:\/\/revierwelt.de\/index.php\/app-jagdschule\/?lang=hr","title":{"rendered":"App Jagdschule"},"content":{"rendered":"<section class=\"l-section wpb_row height_medium color_alternate\" id=\"start\"><div class=\"l-section-h i-cf\"><div class=\"g-cols vc_row via_flex valign_top type_default stacking_default\"><div class=\"vc_col-sm-12 wpb_column vc_column_container\"><div class=\"vc_column-inner\"><div class=\"wpb_wrapper\"><div class=\"wpb_text_column\"><div class=\"wpb_wrapper\"><h2 style=\"text-align: center;\"><strong>REVIERWELT .<\/strong>  Aplikacije i softver.<\/h2>\n<\/div><\/div><\/div><\/div><\/div><\/div><\/div><\/section><section class=\"l-section wpb_row height_auto width_full\"><div class=\"l-section-h i-cf\"><div class=\"g-cols vc_row via_flex valign_middle type_boxes stacking_default\"><div class=\"vc_col-sm-6 wpb_column vc_column_container us_animate_afl\"><div class=\"vc_column-inner\"><div class=\"wpb_wrapper\"><div class=\"wpb_text_column\"><div class=\"wpb_wrapper\"><h3 class=\"p1\">Vrlo jednostavno putem weba.<\/h3>\n<p>Revierwelt je usluga u oblaku kojoj mo\u017eete pristupiti putem bilo kojeg web preglednika na revierwelt.de. Stoga nema potrebe za instaliranjem softvera na va\u0161e ra\u010dunalo, tablet ili pametni telefon. <\/p>\n<p>Va\u0161im podacima se stoga mo\u017ee pristupiti na koliko god ure\u0111aja \u017eelite pod va\u0161im osobnim ra\u010dunom. Va\u0161i podaci pohranjeni su na poslu\u017eiteljima tvrtke u podatkovnom centru u Frankfurtu a. M. (ne pru\u017eatelj usluge tre\u0107e strane).<br \/>\n Stoga nije va\u017eno koje ili koliko ure\u0111aja koristite za prijavu na Revierwelt \u2013 svoj teritorij imate pod kontrolom bilo kada i bilo gdje.<\/p>\n<\/div><\/div><\/div><\/div><\/div><div class=\"vc_col-sm-6 wpb_column vc_column_container has_bg_color us_animate_afr\"><div class=\"vc_column-inner us_custom_32f9ed0e\"><div class=\"wpb_wrapper\"><\/div><\/div><\/div><\/div><\/div><\/section><section class=\"l-section wpb_row height_auto width_full color_alternate\"><div class=\"l-section-h i-cf\"><div class=\"g-cols vc_row via_flex valign_middle type_boxes stacking_default\"><div class=\"vc_col-sm-6 vc_hidden-xs wpb_column vc_column_container has_bg_color us_animate_afl\"><div class=\"vc_column-inner us_custom_9726c165\"><div class=\"wpb_wrapper\"><div class=\"w-separator size_custom\" style=\"height:200px\"><\/div><\/div><\/div><\/div><div class=\"vc_col-sm-6 wpb_column vc_column_container us_animate_afr\"><div class=\"vc_column-inner\"><div class=\"wpb_wrapper\"><div class=\"wpb_text_column\"><div class=\"wpb_wrapper\"><h3 class=\"p1\">Vrlo jednostavno s Revierwelt aplikacijama.<\/h3>\n<p>Naravno, tako\u0111er mo\u017eete pristupiti Revierweltu na svom pametnom telefonu ili tabletu koriste\u0107i bilo koji web preglednik. Me\u0111utim, puno je prakti\u010dnije koristiti Revierwelt putem na\u0161ih aplikacija.<\/p>\n<\/div><\/div><div class=\"wpb_text_column\"><div class=\"wpb_wrapper\"><p><strong>I najbolje od svega: aplikacije REVIERWELT dostupne su besplatno u Google Play Storeu i Apple Storeu.<\/strong><\/p>\n<\/div><\/div><div class=\"g-cols wpb_row via_flex valign_top type_default stacking_default\"><div class=\"vc_col-sm-6 wpb_column vc_column_container\"><div class=\"vc_column-inner\"><div class=\"wpb_wrapper\"><div class=\"w-image align_none\"><a target=\"_blank\" rel=\"nofollow\" href=\"https:\/\/play.google.com\/store\/apps\/developer?id=Revierwelt+Media+GmbH\" aria-label=\"2000px-Get_it_on_Google_play.svg_\" class=\"w-image-h\"><img decoding=\"async\" width=\"300\" height=\"88\" src=\"https:\/\/revierwelt.de\/wp-content\/uploads\/2018\/01\/2000px-Get_it_on_Google_play.svg_-300x88.png\" class=\"attachment-medium size-medium\" alt=\"\" loading=\"lazy\" srcset=\"https:\/\/revierwelt.de\/wp-content\/uploads\/2018\/01\/2000px-Get_it_on_Google_play.svg_-300x88.png 300w, https:\/\/revierwelt.de\/wp-content\/uploads\/2018\/01\/2000px-Get_it_on_Google_play.svg_-768x226.png 768w, https:\/\/revierwelt.de\/wp-content\/uploads\/2018\/01\/2000px-Get_it_on_Google_play.svg_.png 1024w, https:\/\/revierwelt.de\/wp-content\/uploads\/2018\/01\/2000px-Get_it_on_Google_play.svg_-600x176.png 600w\" sizes=\"auto, (max-width: 300px) 100vw, 300px\" \/><\/a><\/div><\/div><\/div><\/div><div class=\"vc_col-sm-6 wpb_column vc_column_container\"><div class=\"vc_column-inner\"><div class=\"wpb_wrapper\"><div class=\"w-image align_none\"><a target=\"_blank\" rel=\"nofollow\" href=\"https:\/\/apps.apple.com\/de\/developer\/revierwelt-media-gmbh\/id464658720\" aria-label=\"Available_on_the_App_Store_(black)\" class=\"w-image-h\"><img decoding=\"async\" width=\"300\" height=\"89\" src=\"https:\/\/revierwelt.de\/wp-content\/uploads\/2018\/01\/Available_on_the_App_Store_black-300x89.png\" class=\"attachment-medium size-medium\" alt=\"\" loading=\"lazy\" srcset=\"https:\/\/revierwelt.de\/wp-content\/uploads\/2018\/01\/Available_on_the_App_Store_black-300x89.png 300w, https:\/\/revierwelt.de\/wp-content\/uploads\/2018\/01\/Available_on_the_App_Store_black-768x228.png 768w, https:\/\/revierwelt.de\/wp-content\/uploads\/2018\/01\/Available_on_the_App_Store_black.png 1024w, https:\/\/revierwelt.de\/wp-content\/uploads\/2018\/01\/Available_on_the_App_Store_black-600x178.png 600w\" sizes=\"auto, (max-width: 300px) 100vw, 300px\" \/><\/a><\/div><\/div><\/div><\/div><\/div><\/div><\/div><\/div><\/div><\/div><\/section><section class=\"l-section wpb_row height_auto width_full\"><div class=\"l-section-h i-cf\"><div class=\"g-cols vc_row via_flex valign_middle type_boxes stacking_default\"><div class=\"vc_col-sm-6 wpb_column vc_column_container us_animate_afl\"><div class=\"vc_column-inner\"><div class=\"wpb_wrapper\"><div class=\"wpb_text_column\"><div class=\"wpb_wrapper\"><h3 class=\"p1\">Aplikacija Revierwelt<\/h3>\n<p><strong>Najva\u017enije nove cjelovite verzije aplikacije Revierwelt su:<\/strong><\/p>\n<ul>\n<li>potpuno novi koncept rada za brz i siguran rad<\/li>\n<li>moderan, dosljedan dizajn i koncept rada<\/li>\n<li>potpuno nova struktura jelovnika &#8211; jelovnik osmi\u0161ljavate prema svojim \u017eeljama<\/li>\n<li>\u010desto kori\u0161tene funkcije prikupljene su u gornjem izborniku<\/li>\n<li>Povucite \u010desto kori\u0161tene funkcije s izbornika na traku favorita<\/li>\n<li>gotovo sve funkcije REVIERWELT -a dostupne su izvan mre\u017ee \u2013 to omogu\u0107uje rad bez prekida prilikom promjene mre\u017ee<\/li>\n<li>trenutna sinkronizacija novih podataka u gotovo stvarnom vremenu unutar grupe okruga<\/li>\n<li>dinami\u010dko prebacivanje izme\u0111u online i offline rada<\/li>\n<li>savr\u0161ena funkcija \u010dak i uz minimalan mobilni prijem<\/li>\n<li>Sinkronizacija podataka u pozadini, nema \u010dekanja prilikom unosa podataka<\/li>\n<\/ul>\n<\/div><\/div><\/div><\/div><\/div><div class=\"vc_col-sm-6 wpb_column vc_column_container has_bg_color us_animate_afr\"><div class=\"vc_column-inner us_custom_57b38638\"><div class=\"wpb_wrapper\"><div class=\"w-separator size_custom\" style=\"height:200px\"><\/div><\/div><\/div><\/div><\/div><\/div><\/section><section class=\"l-section wpb_row height_auto width_full color_alternate\"><div class=\"l-section-h i-cf\"><div class=\"g-cols vc_row via_flex valign_middle type_boxes stacking_default\"><div class=\"vc_col-sm-6 vc_hidden-xs wpb_column vc_column_container has_bg_color us_animate_afl\"><div class=\"vc_column-inner us_custom_ff46e3db\"><div class=\"wpb_wrapper\"><div class=\"w-separator size_custom\" style=\"height:200px\"><\/div><\/div><\/div><\/div><div class=\"vc_col-sm-6 wpb_column vc_column_container us_animate_afr\"><div class=\"vc_column-inner\"><div class=\"wpb_wrapper\"><div class=\"wpb_text_column\"><div class=\"wpb_wrapper\"><h3 class=\"p1\">Revierwelt aplikacija za pra\u0107enje pasa<\/h3>\n<p><span data-contrast=\"none\">Za sve one koji mogu bez opse\u017enih funkcija<\/span> <span data-contrast=\"none\">aplikacije<\/span> R <span data-contrast=\"none\">evierwelt<\/span> <span data-contrast=\"none\">ili koji se samo \u017eele usredoto\u010diti na pra\u0107enje pasa tijekom lova, Revierwelt ima<\/span> <span data-contrast=\"none\">aplikaciju<\/span> za <span data-contrast=\"none\">\u010disto<\/span> <span data-contrast=\"none\">pra\u0107enje pasa<\/span><span data-contrast=\"none\">aplikacija objavljena. u   <\/span><span data-contrast=\"none\">Novi<\/span> <span data-contrast=\"none\">izgled<\/span> Revierwelta sada kombinira sve bitne <span data-contrast=\"none\">funkcije<\/span> lokacije <span data-contrast=\"none\">u jednoj<\/span> <span data-contrast=\"none\">aplikaciji<\/span> <span data-contrast=\"none\">.<\/span> <span data-contrast=\"none\">Naravno, uz aplikaciju Revierwelt mo\u017eete koristiti i aplikaciju za pra\u0107enje pasa.<\/span><\/p>\n<\/div><\/div><\/div><\/div><\/div><\/div><\/div><\/section><section class=\"l-section wpb_row height_auto width_full\"><div class=\"l-section-h i-cf\"><div class=\"g-cols vc_row via_flex valign_middle type_boxes stacking_default\"><div class=\"vc_col-sm-6 wpb_column vc_column_container us_animate_afl\"><div class=\"vc_column-inner\"><div class=\"wpb_wrapper\"><div class=\"wpb_text_column\"><div class=\"wpb_wrapper\"><h3 class=\"p1\">Aplikacija Revierwelt Wildkamera<\/h3>\n<p><span class=\"TextRun SCXW153377563 BCX0\" lang=\"DE-DE\" data-contrast=\"none\" xml:lang=\"DE-DE\"><span class=\"NormalTextRun SCXW153377563 BCX0\">Za sve one koji mogu bez opse\u017enih funkcija aplikacije Revierwelt ili koji se samo \u017eele usredoto\u010diti na dio nadzora kamere za igre, tu je aplikacija kamere za igre Revierwelt. U izgledu <span data-contrast=\"none\">novog Revierwelta<\/span> sada imate sve bitne funkcije za snimanje, katalogiziranje i procjenu slika va\u0161e kamere iz igre &#8211; sada jo\u0161 jednostavnije i prakti\u010dnije. Naravno, uz aplikaciju Revierwelt mo\u017eete koristiti aplikaciju kamera za divlje \u017eivotinje.   <\/span><\/span><\/p>\n<\/div><\/div><\/div><\/div><\/div><div class=\"vc_col-sm-6 wpb_column vc_column_container has_bg_color us_animate_afr\"><div class=\"vc_column-inner us_custom_e3b9f11e\"><div class=\"wpb_wrapper\"><div class=\"w-separator size_custom\" style=\"height:200px\"><\/div><\/div><\/div><\/div><\/div><\/div><\/section><section class=\"l-section wpb_row height_auto width_full color_alternate\"><div class=\"l-section-h i-cf\"><div class=\"g-cols vc_row via_flex valign_middle type_boxes stacking_default\"><div class=\"vc_col-sm-6 vc_hidden-xs wpb_column vc_column_container has_bg_color us_animate_afl\"><div class=\"vc_column-inner us_custom_25903306\"><div class=\"wpb_wrapper\"><div class=\"w-separator size_custom\" style=\"height:200px\"><\/div><\/div><\/div><\/div><div class=\"vc_col-sm-6 wpb_column vc_column_container us_animate_afr\"><div class=\"vc_column-inner\"><div class=\"wpb_wrapper\"><div class=\"wpb_text_column\"><div class=\"wpb_wrapper\"><h3 class=\"p1\">Revierwelt aplikacija za pra\u0107enje zamki<\/h3>\n<p><span class=\"TextRun SCXW126716925 BCX0\" lang=\"DE-DE\" data-contrast=\"none\"><span class=\"NormalTextRun SCXW126716925 BCX0\">Za sve one koji mogu bez opse\u017enih funkcija aplikacije Revierwelt ili koji se \u017eele usredoto\u010diti samo na podpodru\u010dje kao \u0161to je<\/span><\/span> <span class=\"TextRun SCXW126716925 BCX0\" lang=\"DE-DE\" data-contrast=\"none\"><span class=\"NormalTextRun SCXW126716925 BCX0\">ribolov<\/span><\/span><span class=\"TextRun SCXW126716925 BCX0\" lang=\"DE-DE\" data-contrast=\"none\" xml:lang=\"DE-DE\"><span class=\"NormalTextRun SCXW126716925 BCX0\">Ako se \u017eelite usredoto\u010diti na lov, Revierwelt je sada izdao aplikaciju za pra\u0107enje \u010distih zamki. U izgledu <span data-contrast=\"none\">novog Revierwelta<\/span> sada imate sve bitne funkcije za administraciju, snimanje,   <\/span><\/span><span class=\"TextRun SCXW126716925 BCX0\" lang=\"DE-DE\" data-contrast=\"none\"><span class=\"NormalTextRun SCXW126716925 BCX0\">Pra\u0107enje<\/span><\/span> <span class=\"TextRun SCXW126716925 BCX0\" lang=\"DE-DE\" data-contrast=\"none\"><span class=\"NormalTextRun SCXW126716925 BCX0\">i procjena va\u0161ih<\/span><\/span> <span class=\"TextRun SCXW126716925 BCX0\" lang=\"DE-DE\" data-contrast=\"none\"><span class=\"NormalTextRun SCXW126716925 BCX0\">trap alarma<\/span><\/span> <span class=\"TextRun SCXW126716925 BCX0\" lang=\"DE-DE\" data-contrast=\"none\"><span class=\"NormalTextRun SCXW126716925 BCX0\">kombinirani su u zasebnoj aplikaciji &#8211; sada jo\u0161 jednostavnije i prakti\u010dnije: Naravno,<\/span><\/span> <span class=\"TextRun SCXW126716925 BCX0\" lang=\"DE-DE\" data-contrast=\"none\"><span class=\"NormalTextRun SCXW126716925 BCX0\">uz aplikaciju Revierwelt mo\u017eete koristiti i aplikaciju<\/span><\/span> <span class=\"TextRun SCXW126716925 BCX0\" lang=\"DE-DE\" data-contrast=\"none\"><span class=\"NormalTextRun SCXW126716925 BCX0\">za nadzor trap-a<\/span><\/span> .<\/p>\n<\/div><\/div><\/div><\/div><\/div><\/div><\/div><\/section><section class=\"l-section wpb_row height_auto width_full\"><div class=\"l-section-h i-cf\"><div class=\"g-cols vc_row via_flex valign_middle type_boxes stacking_default\"><div class=\"vc_col-sm-6 wpb_column vc_column_container us_animate_afl\"><div class=\"vc_column-inner\"><div class=\"wpb_wrapper\"><div class=\"wpb_text_column\"><div class=\"wpb_wrapper\"><h3 class=\"p1\">Revierwelt Standkarte App<\/h3>\n<p>Aplikacija Revierwelt karta \u0161tanda dio je Revierweltovog planiranja lova. Pomo\u0107u aplikacije Standkarte imate mogu\u0107nost pozvati sve relevantne informacije o lovu u pogon i unijeti ni\u0161ane, ispaljene metke ili ubijene tijekom ili neposredno nakon lova. U\u017eivo mo\u017eete pratiti tijek lova i vidjeti trenutne pozicije batina\u0161a i pasa. Za kori\u0161tenje aplikacije Standkarte nije vam potreban ra\u010dun kod Revierwelta.<\/p>\n<\/div><\/div><\/div><\/div><\/div><div class=\"vc_col-sm-6 wpb_column vc_column_container has_bg_color us_animate_afr\"><div class=\"vc_column-inner us_custom_0ba0803c\"><div class=\"wpb_wrapper\"><div class=\"w-separator size_custom\" style=\"height:200px\"><\/div><\/div><\/div><\/div><\/div><\/div><\/section><section class=\"l-section wpb_row height_medium color_alternate\"><div class=\"l-section-h i-cf\"><div class=\"g-cols vc_row via_flex valign_top type_default stacking_default\"><div class=\"vc_col-sm-12 wpb_column vc_column_container\"><div class=\"vc_column-inner\"><div class=\"wpb_wrapper\"><div class=\"wpb_text_column\"><div class=\"wpb_wrapper\"><h2 style=\"text-align: center;\"><strong>REVIERWELT .<\/strong>  Otkriti.<\/h2>\n<\/div><\/div><\/div><\/div><\/div><\/div><\/div><\/section><section class=\"l-section wpb_row height_medium with_img parallax_ver\"><div class=\"l-section-img\" role=\"img\" data-img-width=\"1024\" data-img-height=\"683\" style=\"background-image: url(https:\/\/revierwelt.de\/wp-content\/uploads\/2018\/01\/170301-0001-2.jpg);\"><\/div><div class=\"l-section-overlay\" style=\"background:rgba(72,108,75,0.5)\"><\/div><div class=\"l-section-h i-cf\"><div class=\"g-cols vc_row via_flex valign_top type_default stacking_default\"><div class=\"vc_col-sm-12 wpb_column vc_column_container\"><div class=\"vc_column-inner\"><div class=\"wpb_wrapper\"><div class=\"w-grid type_grid layout_25853 cols_5 ratio_1x1\" id=\"us_grid_1\" style=\"--columns:5;--gap:2px;--item-ratio:1;\" data-filterable=\"true\"><style>@media (max-width:1380px){#us_grid_1{--columns:3!important}}@media (max-width:1024px){#us_grid_1{--columns:2!important}}@media (max-width:600px){#us_grid_1{--columns:1!important}}.layout_25853 .w-grid-item-h{}.layout_25853 .usg_post_custom_field_1{transition-duration:0.4s;transform-origin:50% 50%;transform:scale(0) translate(0,0);opacity:0}.layout_25853 .w-grid-item-h:hover .usg_post_custom_field_1{transform:scale(1.5) translate(0,0);opacity:1}.layout_25853 .usg_vwrapper_1{transition-duration:0.4s;transform-origin:50% 50%;transform:scale(0) translate(0,0);opacity:0}.layout_25853 .w-grid-item-h:hover .usg_vwrapper_1{transform:scale(1) translate(0,0);opacity:1}.layout_25853 .usg_post_image_1{position:absolute!important;top:0!important;right:0!important;bottom:0!important;left:0!important}.layout_25853 .usg_post_custom_field_1{position:absolute!important;top:0!important;right:0!important;bottom:0!important;left:0!important;border-radius:50!important;padding:2rem!important;background:inherit!important}.layout_25853 .usg_vwrapper_1{position:absolute!important;top:0!important;right:0!important;bottom:0!important;left:0!important;padding:2rem!important}.layout_25853 .usg_post_title_1{color:inherit!important}<\/style><div class=\"w-grid-list\">\t<article class=\"w-grid-item size_1x1 post-28473 us_portfolio type-us_portfolio status-publish has-post-thumbnail hentry us_portfolio_category-revierwelt\" data-id=\"28473\">\r\n\t\t<div class=\"w-grid-item-h\" style=\"background:#f2f2f2;color:#486c4b;\">\r\n\t\t\t\t\t\t\t<a href=\"https:\/\/revierwelt.de\/index.php\/portfolio\/fleischverwaltung\/\" class=\"w-grid-item-anchor\" aria-label=\"Fleischverwaltung\"><\/a>\r\n\t\t\t\t\t\t<div class=\"w-post-elm post_image usg_post_image_1 stretched\"><img loading=\"lazy\" decoding=\"async\" width=\"573\" height=\"573\" src=\"https:\/\/revierwelt.de\/wp-content\/uploads\/2022\/03\/frisches_wild_qua.png\" class=\"attachment-us_600_0 size-us_600_0 wp-post-image\" alt=\"\" \/><\/div><div class=\"w-post-elm post_custom_field usg_post_custom_field_1 type_text  color_link_inherit has_border_radius\"><span class=\"w-post-elm-value\"><\/span><\/div><div class=\"w-vwrapper usg_vwrapper_1 align_center valign_middle\"><h3 class=\"w-post-elm post_title usg_post_title_1 has_text_color align_center entry-title color_link_inherit\">Fleischverwaltung<\/h3><\/div>\t\t<\/div>\r\n\t\t\t<\/article>\r\n\t<article class=\"w-grid-item size_1x1 post-26717 us_portfolio type-us_portfolio status-publish has-post-thumbnail hentry us_portfolio_category-revierwelt\" data-id=\"26717\">\r\n\t\t<div class=\"w-grid-item-h\" style=\"background:#f2f2f2;color:#486c4b;\">\r\n\t\t\t\t\t\t\t<a href=\"https:\/\/revierwelt.de\/index.php\/portfolio\/drueckjagd\/\" class=\"w-grid-item-anchor\" aria-label=\"Dr\u00fcckjagd\"><\/a>\r\n\t\t\t\t\t\t<div class=\"w-post-elm post_image usg_post_image_1 stretched\"><img loading=\"lazy\" decoding=\"async\" width=\"600\" height=\"600\" src=\"https:\/\/revierwelt.de\/wp-content\/uploads\/2020\/05\/DRU\u0308CKJAGD_qua.jpg\" class=\"attachment-us_600_0 size-us_600_0 wp-post-image\" alt=\"\" \/><\/div><div class=\"w-post-elm post_custom_field usg_post_custom_field_1 type_text  color_link_inherit has_border_radius\"><span class=\"w-post-elm-value\"><\/span><\/div><div class=\"w-vwrapper usg_vwrapper_1 align_center valign_middle\"><h3 class=\"w-post-elm post_title usg_post_title_1 has_text_color align_center entry-title color_link_inherit\">Dr\u00fcckjagd<\/h3><\/div>\t\t<\/div>\r\n\t\t\t<\/article>\r\n\t<article class=\"w-grid-item size_1x1 post-23142 us_portfolio type-us_portfolio status-publish has-post-thumbnail hentry us_portfolio_category-revierwelt\" data-id=\"23142\">\r\n\t\t<div class=\"w-grid-item-h\" style=\"background:#f2f2f2;color:#486c4b;\">\r\n\t\t\t\t\t\t\t<a href=\"https:\/\/revierwelt.de\/index.php\/portfolio\/revierverwaltung\/\" class=\"w-grid-item-anchor\" aria-label=\"Revierverwaltung\"><\/a>\r\n\t\t\t\t\t\t<div class=\"w-post-elm post_image usg_post_image_1 stretched\"><img loading=\"lazy\" decoding=\"async\" width=\"600\" height=\"600\" src=\"https:\/\/revierwelt.de\/wp-content\/uploads\/2018\/01\/revierverwaltung-1-1-600x600.jpg\" class=\"attachment-us_600_0 size-us_600_0 wp-post-image\" alt=\"\" srcset=\"https:\/\/revierwelt.de\/wp-content\/uploads\/2018\/01\/revierverwaltung-1-1-600x600.jpg 600w, https:\/\/revierwelt.de\/wp-content\/uploads\/2018\/01\/revierverwaltung-1-1-150x150.jpg 150w, https:\/\/revierwelt.de\/wp-content\/uploads\/2018\/01\/revierverwaltung-1-1-300x300.jpg 300w, https:\/\/revierwelt.de\/wp-content\/uploads\/2018\/01\/revierverwaltung-1-1-768x768.jpg 768w, https:\/\/revierwelt.de\/wp-content\/uploads\/2018\/01\/revierverwaltung-1-1.jpg 1024w, https:\/\/revierwelt.de\/wp-content\/uploads\/2018\/01\/revierverwaltung-1-1-180x180.jpg 180w, https:\/\/revierwelt.de\/wp-content\/uploads\/2018\/01\/revierverwaltung-1-1-350x350.jpg 350w\" sizes=\"auto, (max-width: 600px) 100vw, 600px\" \/><\/div><div class=\"w-post-elm post_custom_field usg_post_custom_field_1 type_text  color_link_inherit has_border_radius\"><span class=\"w-post-elm-value\"><\/span><\/div><div class=\"w-vwrapper usg_vwrapper_1 align_center valign_middle\"><h3 class=\"w-post-elm post_title usg_post_title_1 has_text_color align_center entry-title color_link_inherit\">Revierverwaltung<\/h3><\/div>\t\t<\/div>\r\n\t\t\t<\/article>\r\n\t<article class=\"w-grid-item size_1x1 post-331 us_portfolio type-us_portfolio status-publish has-post-thumbnail hentry us_portfolio_category-revierwelt\" data-id=\"331\">\r\n\t\t<div class=\"w-grid-item-h\" style=\"background:#f2f2f2;color:#486c4b;\">\r\n\t\t\t\t\t\t\t<a href=\"https:\/\/revierwelt.de\/index.php\/portfolio\/gps-hundeortung\/\" class=\"w-grid-item-anchor\" aria-label=\"GPS-Hundeortung\"><\/a>\r\n\t\t\t\t\t\t<div class=\"w-post-elm post_image usg_post_image_1 stretched\"><img loading=\"lazy\" decoding=\"async\" width=\"600\" height=\"600\" src=\"https:\/\/revierwelt.de\/wp-content\/uploads\/2018\/01\/Dru\u0308ckjagd_iphone_qua2.png\" class=\"attachment-us_600_0 size-us_600_0 wp-post-image\" alt=\"\" \/><\/div><div class=\"w-post-elm post_custom_field usg_post_custom_field_1 type_text  color_link_inherit has_border_radius\"><span class=\"w-post-elm-value\"><\/span><\/div><div class=\"w-vwrapper usg_vwrapper_1 align_center valign_middle\"><h3 class=\"w-post-elm post_title usg_post_title_1 has_text_color align_center entry-title color_link_inherit\">GPS-Hundeortung<\/h3><\/div>\t\t<\/div>\r\n\t\t\t<\/article>\r\n\t<article class=\"w-grid-item size_1x1 post-23138 us_portfolio type-us_portfolio status-publish has-post-thumbnail hentry us_portfolio_category-revierwelt\" data-id=\"23138\">\r\n\t\t<div class=\"w-grid-item-h\" style=\"background:#f2f2f2;color:#486c4b;\">\r\n\t\t\t\t\t\t\t<a href=\"https:\/\/revierwelt.de\/index.php\/portfolio\/wildkameras\/\" class=\"w-grid-item-anchor\" aria-label=\"Wildkameras\"><\/a>\r\n\t\t\t\t\t\t<div class=\"w-post-elm post_image usg_post_image_1 stretched\"><img loading=\"lazy\" decoding=\"async\" width=\"600\" height=\"600\" src=\"https:\/\/revierwelt.de\/wp-content\/uploads\/2018\/01\/WILDKAMERA_wald_qua.jpg\" class=\"attachment-us_600_0 size-us_600_0 wp-post-image\" alt=\"\" \/><\/div><div class=\"w-post-elm post_custom_field usg_post_custom_field_1 type_text  color_link_inherit has_border_radius\"><span class=\"w-post-elm-value\"><\/span><\/div><div class=\"w-vwrapper usg_vwrapper_1 align_center valign_middle\"><h3 class=\"w-post-elm post_title usg_post_title_1 has_text_color align_center entry-title color_link_inherit\">Wildkameras<\/h3><\/div>\t\t<\/div>\r\n\t\t\t<\/article>\r\n<\/div><div class=\"w-grid-preloader\">\t<div class=\"g-preloader type_1\">\r\n\t\t<div><\/div>\r\n\t<\/div>\r\n\t<\/div>\t<div class=\"w-grid-json hidden\" onclick='return {&quot;action&quot;:&quot;us_ajax_grid&quot;,&quot;infinite_scroll&quot;:0,&quot;max_num_pages&quot;:2,&quot;pagination&quot;:&quot;none&quot;,&quot;template_vars&quot;:{&quot;columns&quot;:&quot;5&quot;,&quot;exclude_items&quot;:&quot;none&quot;,&quot;img_size&quot;:&quot;us_600_0&quot;,&quot;ignore_items_size&quot;:0,&quot;items_layout&quot;:&quot;25853&quot;,&quot;items_offset&quot;:&quot;1&quot;,&quot;load_animation&quot;:&quot;none&quot;,&quot;overriding_link&quot;:&quot;%7B%22type%22%3A%22post%22%7D&quot;,&quot;post_id&quot;:0,&quot;query_args&quot;:{&quot;post_type&quot;:[&quot;us_portfolio&quot;],&quot;tax_query&quot;:[{&quot;taxonomy&quot;:&quot;us_portfolio_category&quot;,&quot;field&quot;:&quot;slug&quot;,&quot;terms&quot;:[&quot;revierwelt&quot;]}],&quot;post_status&quot;:[&quot;publish&quot;],&quot;posts_per_page&quot;:&quot;5&quot;},&quot;orderby_query_args&quot;:{&quot;orderby&quot;:{&quot;date&quot;:&quot;DESC&quot;}},&quot;type&quot;:&quot;grid&quot;,&quot;us_grid_post_type&quot;:&quot;us_portfolio&quot;,&quot;us_grid_ajax_index&quot;:1,&quot;us_grid_filter_query_string&quot;:null,&quot;us_grid_index&quot;:1,&quot;page_args&quot;:[]}}'><\/div>\r\n\t<\/div><\/div><\/div><\/div><\/div><\/div><\/section><section class=\"l-section wpb_row height_medium color_primary\"><div class=\"l-section-h i-cf\"><div class=\"g-cols vc_row via_flex valign_top type_default stacking_default\"><div class=\"vc_col-sm-12 wpb_column vc_column_container us_animate_afb\"><div class=\"vc_column-inner\"><div class=\"wpb_wrapper\"><div class=\"w-actionbox color_primary controls_right\"><div class=\"w-actionbox-text\"><h2 class=\"w-actionbox-title\">Uvjerite se u Revierwelt!<\/h2><\/div><div class=\"w-actionbox-controls\"><a class=\"w-btn us-btn-style_6 icon_atleft\" href=\"https:\/\/portal.revierwelt.de\/\" style=\"font-size:19px;\"><i class=\"fas fa-user-plus\"><\/i><span class=\"w-btn-label\">Registrirajte se sada!<\/span><\/a><\/div><\/div><\/div><\/div><\/div><\/div><\/div><\/section>\n","protected":false},"excerpt":{"rendered":"REVIERWELT. Wildkamera. Wissen, was l\u00e4uft. Sie k\u00f6nnen nicht rund um die Uhr im Revier sein, um zu wissen was l\u00e4uft. Eine Wildkamera mit GPRS-Funktion dagegen schon \u2013 ihre Bilder zeigen Ihnen, wo sich welches Wild momentan im Revier bewegt. Sie k\u00f6nnen fast jede am Markt erh\u00e4ltliche Kamera mit Revierwelt verwenden. Kameras der Revierwelt-Edition lassen sich...","protected":false},"author":4,"featured_media":0,"parent":0,"menu_order":0,"comment_status":"closed","ping_status":"closed","template":"","meta":{"footnotes":""},"class_list":["post-37118","page","type-page","status-publish","hentry"],"_links":{"self":[{"href":"https:\/\/revierwelt.de\/index.php\/wp-json\/wp\/v2\/pages\/37118","targetHints":{"allow":["GET"]}}],"collection":[{"href":"https:\/\/revierwelt.de\/index.php\/wp-json\/wp\/v2\/pages"}],"about":[{"href":"https:\/\/revierwelt.de\/index.php\/wp-json\/wp\/v2\/types\/page"}],"author":[{"embeddable":true,"href":"https:\/\/revierwelt.de\/index.php\/wp-json\/wp\/v2\/users\/4"}],"replies":[{"embeddable":true,"href":"https:\/\/revierwelt.de\/index.php\/wp-json\/wp\/v2\/comments?post=37118"}],"version-history":[{"count":0,"href":"https:\/\/revierwelt.de\/index.php\/wp-json\/wp\/v2\/pages\/37118\/revisions"}],"wp:attachment":[{"href":"https:\/\/revierwelt.de\/index.php\/wp-json\/wp\/v2\/media?parent=37118"}],"curies":[{"name":"wp","href":"https:\/\/api.w.org\/{rel}","templated":true}]}}