{"id":37132,"date":"2025-02-25T11:17:13","date_gmt":"2025-02-25T10:17:13","guid":{"rendered":"https:\/\/revierwelt.de\/index.php\/toute-la-chasse-en-un-seul-endroit\/"},"modified":"2025-02-25T11:17:19","modified_gmt":"2025-02-25T10:17:19","slug":"toute-la-chasse-en-un-seul-endroit","status":"publish","type":"page","link":"https:\/\/revierwelt.de\/index.php\/toute-la-chasse-en-un-seul-endroit\/?lang=fr","title":{"rendered":"TOUTE LA CHASSE EN UN SEUL ENDROIT"},"content":{"rendered":"<section class=\"l-section wpb_row height_medium color_alternate\" id=\"start\"><div class=\"l-section-h i-cf\"><div class=\"g-cols vc_row via_flex valign_top type_default stacking_default\"><div class=\"vc_col-sm-12 wpb_column vc_column_container\"><div class=\"vc_column-inner\"><div class=\"wpb_wrapper\"><div class=\"wpb_text_column\"><div class=\"wpb_wrapper\"><h2 style=\"text-align: center;\"><strong>REVIERWELT.<\/strong>  Une pour tous.<\/h2>\n<\/div><\/div><\/div><\/div><\/div><\/div><\/div><\/section><section class=\"l-section wpb_row height_auto width_full\"><div class=\"l-section-h i-cf\"><div class=\"g-cols vc_row via_flex valign_middle type_boxes stacking_default\"><div class=\"vc_col-sm-6 wpb_column vc_column_container us_animate_afl\"><div class=\"vc_column-inner\"><div class=\"wpb_wrapper\"><div class=\"wpb_text_column\"><div class=\"wpb_wrapper\"><h3 class=\"p1\">Pour le chasseur.<\/h3>\n<p>Que vous chassiez de temps en temps, que vous ayez un permis de chasse ou que vous g\u00e9riez votre propre territoire de chasse, Revierwelt offre \u00e0 chaque chasseur exactement ce dont il a besoin. Revierwelt vous accompagne dans votre quotidien de chasseur avec plus de 120 fonctions diff\u00e9rentes. Revierwelt simplifie l&#8217;ensemble de la gestion du territoire gr\u00e2ce \u00e0 des fonctions sociales et innovantes : Que vous souhaitiez g\u00e9rer vos listes de chasse, \u00e9tablir des \u00e9valuations, r\u00e9server des postes, commercialiser du gibier, localiser des chiens via GPS, surveiller des pi\u00e8ges en ligne ou connecter des cam\u00e9ras de gibier en ligne : Revierwelt peut faire tout cela et bien plus encore &#8211; en un seul endroit !<\/p>\n<\/div><\/div><\/div><\/div><\/div><div class=\"vc_col-sm-6 vc_hidden-xs wpb_column vc_column_container has_bg_color us_animate_afr\"><div class=\"vc_column-inner us_custom_78a9ab54\"><div class=\"wpb_wrapper\"><div class=\"w-separator size_custom\" style=\"height:200px\"><\/div><\/div><\/div><\/div><\/div><\/div><\/section><section class=\"l-section wpb_row height_auto width_full\"><div class=\"l-section-h i-cf\"><div class=\"g-cols vc_row via_flex valign_middle type_boxes stacking_default\"><div class=\"vc_col-sm-6 wpb_column vc_column_container has_bg_color us_animate_afl\"><div class=\"vc_column-inner us_custom_09231a09\"><div class=\"wpb_wrapper\"><div class=\"w-separator size_custom\" style=\"height:200px\"><\/div><\/div><\/div><\/div><div class=\"vc_col-sm-6 wpb_column vc_column_container us_animate_afr\"><div class=\"vc_column-inner\"><div class=\"wpb_wrapper\"><div class=\"wpb_text_column\"><div class=\"wpb_wrapper\"><p>Vous souhaitez conserver une trace de vos exp\u00e9riences et de vos prises et utilisez donc le monde de la chasse comme journal. Peut-\u00eatre chassez-vous en tant qu&#8217;invit\u00e9 dans diff\u00e9rents territoires et souhaitez-vous noter les installations d&#8217;aff\u00fbt dans le monde du territoire ? Vous avez un chien et vous voulez savoir \u00e0 tout moment o\u00f9 il se trouve dans la battue ? Vous chassez avec plusieurs chasseurs sur votre territoire et vous souhaitez que chacun d&#8217;entre eux soit inform\u00e9 de toutes les activit\u00e9s qui se d\u00e9roulent sur le territoire &#8211; qui s&#8217;installe o\u00f9 aujourd&#8217;hui ? Revierwelt garantit la s\u00e9curit\u00e9 n\u00e9cessaire aux activit\u00e9s de chasse. Vous pouvez \u00e9galement vous connecter facilement avec d&#8217;autres utilisateurs de Revierwelt. Entretenez vos contacts, \u00e9changez des informations.      <\/p>\n<p>Vous pouvez r\u00e9aliser tout cela et bien plus encore de mani\u00e8re simple avec Revierwelt. Chez vous sur votre ordinateur ou directement au poste de police avec l&#8217;application Revierwelt. <\/p>\n<p>Revierwelt est un logiciel bas\u00e9 sur un serveur &#8211; vous avez toujours acc\u00e8s \u00e0 vos donn\u00e9es, o\u00f9 que vous soyez. Nous sauvegardons et prot\u00e9geons vos donn\u00e9es selon les normes de s\u00e9curit\u00e9 les plus \u00e9lev\u00e9es dans un centre de donn\u00e9es allemand.<\/p>\n<\/div><\/div><\/div><\/div><\/div><\/div><\/div><\/section><section class=\"l-section wpb_row height_medium color_alternate\"><div class=\"l-section-h i-cf\"><div class=\"g-cols vc_row via_flex valign_top type_default stacking_default\"><div class=\"vc_col-sm-12 wpb_column vc_column_container\"><div class=\"vc_column-inner\"><div class=\"wpb_wrapper\"><div class=\"wpb_text_column\"><div class=\"wpb_wrapper\"><h2 style=\"text-align: center;\">Tous les avantages en un coup d&#8217;\u0153il<\/h2>\n<\/div><\/div><\/div><\/div><\/div><\/div><\/div><\/section><section class=\"l-section wpb_row height_medium\"><div class=\"l-section-h i-cf\"><div class=\"g-cols vc_row via_flex valign_top type_default stacking_default\"><div class=\"vc_col-sm-12 wpb_column vc_column_container\"><div class=\"vc_column-inner\"><div class=\"wpb_wrapper\"><div class=\"g-cols wpb_row via_flex valign_top type_default stacking_default\"><div class=\"vc_col-sm-4 wpb_column vc_column_container us_animate_afc\"><div class=\"vc_column-inner\"><div class=\"wpb_wrapper\"><div class=\"w-iconbox iconpos_top style_circle color_primary align_center\"><a href=\"https:\/\/revierwelt.de\/index.php\/portfolio\/\" class=\"w-iconbox-link\" aria-label=\"Simple et facile. Complet. \"><div class=\"w-iconbox-icon\" style=\"font-size:2rem;\"><i class=\"fas fa-check\"><\/i><\/div><\/a><div class=\"w-iconbox-meta\"><h4 class=\"w-iconbox-title\"><a href=\"https:\/\/revierwelt.de\/index.php\/portfolio\/\" class=\"w-iconbox-link\" aria-label=\"Simple et facile. Complet. \">Simple et facile. Complet. <\/a><\/h4><div class=\"w-iconbox-text\"><p>Revierwelt enregistre et coordonne toutes les activit\u00e9s de chasse en un seul endroit. Des fonctions simples telles que la saisie des d\u00e9clarations de parcours \u00e0 la cr\u00e9ation de la carte du territoire, de la surveillance automatique des pi\u00e8ges ou de la localisation des chiens par GPS \u00e0 la planification et \u00e0 l&#8217;ex\u00e9cution complexes de la chasse en battue et \u00e0 la commercialisation du gibier, Revierwelt vous offre tout ce dont vous avez besoin pour la chasse au quotidien &#8211; en un seul endroit !<\/p>\n<\/div><\/div><\/div><\/div><\/div><\/div><div class=\"vc_col-sm-4 wpb_column vc_column_container us_animate_afc\" style=\"animation-delay:0.2s\"><div class=\"vc_column-inner\"><div class=\"wpb_wrapper\"><div class=\"w-iconbox iconpos_top style_circle color_primary align_center\"><a href=\"https:\/\/revierwelt.de\/index.php\/portfolio\/\" class=\"w-iconbox-link\" aria-label=\"Votre compagnon de confiance.\"><div class=\"w-iconbox-icon\" style=\"font-size:2rem;\"><i class=\"fas fa-check\"><\/i><\/div><\/a><div class=\"w-iconbox-meta\"><h4 class=\"w-iconbox-title\"><a href=\"https:\/\/revierwelt.de\/index.php\/portfolio\/\" class=\"w-iconbox-link\" aria-label=\"Votre compagnon de confiance.\">Votre compagnon de confiance.<\/a><\/h4><div class=\"w-iconbox-text\"><p>Revierwelt est toujours \u00e0 vos c\u00f4t\u00e9s avec plus de 120 fonctions. Peu importe o\u00f9 vous vous trouvez : Tous les membres du territoire ont toujours le contr\u00f4le du territoire. Vous pouvez tout contr\u00f4ler depuis un seul endroit. Toutes les applications de Revierwelt fonctionnent \u00e0 100% hors ligne. Revierwelt permet \u00e0 tous les chasseurs d&#8217;un m\u00eame territoire ou de plusieurs territoires de se tenir inform\u00e9s en permanence.<\/p>\n<\/div><\/div><\/div><\/div><\/div><\/div><div class=\"vc_col-sm-4 wpb_column vc_column_container us_animate_afc\" style=\"animation-delay:0.4s\"><div class=\"vc_column-inner\"><div class=\"wpb_wrapper\"><div class=\"w-iconbox iconpos_top style_circle color_primary align_center\"><a href=\"https:\/\/revierwelt.de\/index.php\/portfolio\/\" class=\"w-iconbox-link\" aria-label=\"Toujours \u00e0 la page.\"><div class=\"w-iconbox-icon\" style=\"font-size:2rem;\"><i class=\"fas fa-check\"><\/i><\/div><\/a><div class=\"w-iconbox-meta\"><h4 class=\"w-iconbox-title\"><a href=\"https:\/\/revierwelt.de\/index.php\/portfolio\/\" class=\"w-iconbox-link\" aria-label=\"Toujours \u00e0 la page.\">Toujours \u00e0 la page.<\/a><\/h4><div class=\"w-iconbox-text\"><p>Revierwelt assure la s\u00e9curit\u00e9 des op\u00e9rations de chasse : tous les chasseurs d&#8217;un territoire sont automatiquement inform\u00e9s des nouvelles activit\u00e9s. Des activit\u00e9s les plus simples, comme la cr\u00e9ation d&#8217;une r\u00e9servation d&#8217;aff\u00fbt, aux t\u00e2ches les plus complexes, comme la planification ou la r\u00e9alisation d&#8217;une chasse en battue ou la commercialisation ult\u00e9rieure du gibier, Revierwelt regroupe toutes les t\u00e2ches en un seul endroit.<\/p>\n<\/div><\/div><\/div><\/div><\/div><\/div><\/div><\/div><\/div><\/div><\/div><\/div><\/section><section class=\"l-section wpb_row height_medium color_alternate\"><div class=\"l-section-h i-cf\"><div class=\"g-cols vc_row via_flex valign_top type_default stacking_default\"><div class=\"vc_col-sm-12 wpb_column vc_column_container\"><div class=\"vc_column-inner\"><div class=\"wpb_wrapper\"><div class=\"wpb_text_column\"><div class=\"wpb_wrapper\"><h2 style=\"text-align: center;\"><strong>REVIERWELT.<\/strong>  Ensemble.<\/h2>\n<\/div><\/div><\/div><\/div><\/div><\/div><\/div><\/section><section class=\"l-section wpb_row height_auto width_full\"><div class=\"l-section-h i-cf\"><div class=\"g-cols vc_row via_flex valign_middle type_boxes stacking_default\"><div class=\"vc_col-sm-6 wpb_column vc_column_container us_animate_afl\"><div class=\"vc_column-inner\"><div class=\"wpb_wrapper\"><div class=\"wpb_text_column\"><div class=\"wpb_wrapper\"><h3 class=\"p1\">La communaut\u00e9 Revierwelt.<\/h3>\n<div class=\"Article__Chapter fb-col-trim fb-wrap fb-direction-row-reverse-mu\">\n<div class=\"fb-col-md-8 fb-col-lg-8\">\n<div class=\"mt-sm\">\n<p>Notre communaut\u00e9 Revierwelt vous permet d&#8217;entrer en contact avec des chasseurs du monde entier. En vous inscrivant sur Revierwelt, vous pouvez envoyer et recevoir des demandes d&#8217;amiti\u00e9 de la part d&#8217;autres chasseurs. Au fil du temps, vous cr\u00e9ez ainsi un r\u00e9seau de personnes qui partagent votre passion pour la chasse.  <\/p>\n<p>Dans la communaut\u00e9 Revierwelt, vous pouvez publier votre statut actuel, votre localisation ainsi que vos exp\u00e9riences de chasse et les partager ainsi avec vos amis. Cela fonctionne aussi bien sous forme de texte que d&#8217;images ou de vid\u00e9os. <\/p>\n<p>Un grand nombre d&#8217;organisations cyn\u00e9g\u00e9tiques, d&#8217;associations et d&#8217;entreprises sont d\u00e9j\u00e0 pr\u00e9sentes sur Revierwelt. Abonnez-vous \u00e0 leur page et soyez toujours au courant de leurs activit\u00e9s. Vous pouvez \u00e9galement cr\u00e9er vous-m\u00eame des groupes sur des th\u00e8mes li\u00e9s \u00e0 la chasse, inviter d&#8217;autres utilisateurs de Revierwelt \u00e0 y participer ou rejoindre d&#8217;autres groupes pour y \u00e9changer des informations.  <\/p>\n<\/div>\n<\/div>\n<\/div>\n<\/div><\/div><div class=\"w-btn-wrapper align_right\"><a class=\"w-btn us-btn-style_3 icon_atleft\" title=\"Ouvrir la communaut\u00e9\" target=\"_blank\" rel=\"nofollow\" href=\"https:\/\/social.revierwelt.de\"><i class=\"fas fa-arrow-right\"><\/i><span class=\"w-btn-label\">Ouvrir la communaut\u00e9 Revierwelt<\/span><\/a><\/div><\/div><\/div><\/div><div class=\"vc_col-sm-6 vc_hidden-xs wpb_column vc_column_container has_bg_color us_animate_afr\"><div class=\"vc_column-inner us_custom_9b39d8ad\"><div class=\"wpb_wrapper\"><div class=\"w-separator size_custom\" style=\"height:200px\"><\/div><\/div><\/div><\/div><\/div><\/div><\/section><section class=\"l-section wpb_row height_auto width_full\"><div class=\"l-section-h i-cf\"><div class=\"g-cols vc_row via_flex valign_middle type_boxes stacking_default\"><div class=\"vc_col-sm-6 wpb_column vc_column_container has_bg_color us_animate_afl\"><div class=\"vc_column-inner us_custom_5707c9a5\"><div class=\"wpb_wrapper\"><div class=\"w-separator size_custom\" style=\"height:200px\"><\/div><\/div><\/div><\/div><div class=\"vc_col-sm-6 vc_hidden-xs wpb_column vc_column_container us_animate_afr\"><div class=\"vc_column-inner\"><div class=\"wpb_wrapper\"><div class=\"wpb_text_column\"><div class=\"wpb_wrapper\"><p>Avec plus de 120 fonctions parmi lesquelles vous pouvez choisir dans la gestion du territoire, Revierwelt constitue le proverbial &#8222;couteau suisse&#8220; pour tous les chasseurs et passionn\u00e9s de chasse. Les fonctions sociales telles que le chat en direct, les albums photos et le tableau d&#8217;affichage sont \u00e9troitement li\u00e9es aux fonctions de territoire. Il en r\u00e9sulte de toutes nouvelles possibilit\u00e9s de collaboration entre les chasseurs \u00e0 l&#8217;int\u00e9rieur et \u00e0 l&#8217;ext\u00e9rieur de leur territoire.  <\/p>\n<p>Toutes les fonctionnalit\u00e9s sont directement adapt\u00e9es \u00e0 vos besoins et faciles \u00e0 utiliser gr\u00e2ce \u00e0 une interface utilisateur moderne. Ainsi, votre territoire s&#8217;entretient tout seul en passant&#8230;<\/p>\n<\/div><\/div><\/div><\/div><\/div><\/div><\/div><\/section><section class=\"l-section wpb_row height_medium color_alternate\"><div class=\"l-section-h i-cf\"><div class=\"g-cols vc_row via_flex valign_top type_default stacking_default\"><div class=\"vc_col-sm-12 wpb_column vc_column_container\"><div class=\"vc_column-inner\"><div class=\"wpb_wrapper\"><div class=\"wpb_text_column\"><div class=\"wpb_wrapper\"><h2 style=\"text-align: center;\"><strong>REVIERWELT.<\/strong>  D\u00e9couvrir.<\/h2>\n<\/div><\/div><\/div><\/div><\/div><\/div><\/div><\/section><section class=\"l-section wpb_row height_medium with_img parallax_ver\"><div class=\"l-section-img\" role=\"img\" data-img-width=\"1024\" data-img-height=\"683\" style=\"background-image: url(https:\/\/revierwelt.de\/wp-content\/uploads\/2018\/01\/170301-0001-2.jpg);\"><\/div><div class=\"l-section-overlay\" style=\"background:rgba(72,108,75,0.5)\"><\/div><div class=\"l-section-h i-cf\"><div class=\"g-cols vc_row via_flex valign_top type_default stacking_default\"><div class=\"vc_col-sm-12 wpb_column vc_column_container\"><div class=\"vc_column-inner\"><div class=\"wpb_wrapper\"><div class=\"w-grid type_grid layout_25853 hidden cols_5 ratio_1x1\" id=\"us_grid_1\" style=\"--columns:5;--gap:2px;--item-ratio:1;\" data-filterable=\"true\"><style>@media (max-width:1380px){#us_grid_1{--columns:3!important}}@media (max-width:1024px){#us_grid_1{--columns:2!important}}@media (max-width:600px){#us_grid_1{--columns:1!important}}.layout_25853 .w-grid-item-h{}.layout_25853 .usg_post_custom_field_1{transition-duration:0.4s;transform-origin:50% 50%;transform:scale(0) translate(0,0);opacity:0}.layout_25853 .w-grid-item-h:hover .usg_post_custom_field_1{transform:scale(1.5) translate(0,0);opacity:1}.layout_25853 .usg_vwrapper_1{transition-duration:0.4s;transform-origin:50% 50%;transform:scale(0) translate(0,0);opacity:0}.layout_25853 .w-grid-item-h:hover .usg_vwrapper_1{transform:scale(1) translate(0,0);opacity:1}.layout_25853 .usg_post_image_1{position:absolute!important;top:0!important;right:0!important;bottom:0!important;left:0!important}.layout_25853 .usg_post_custom_field_1{position:absolute!important;top:0!important;right:0!important;bottom:0!important;left:0!important;border-radius:50!important;padding:2rem!important;background:inherit!important}.layout_25853 .usg_vwrapper_1{position:absolute!important;top:0!important;right:0!important;bottom:0!important;left:0!important;padding:2rem!important}.layout_25853 .usg_post_title_1{color:inherit!important}<\/style><div class=\"w-grid-list\"><\/div><div class=\"w-grid-preloader\">\t<div class=\"g-preloader type_1\">\r\n\t\t<div><\/div>\r\n\t<\/div>\r\n\t<\/div>\t<div class=\"w-grid-json hidden\" onclick='return {&quot;action&quot;:&quot;us_ajax_grid&quot;,&quot;infinite_scroll&quot;:0,&quot;max_num_pages&quot;:0,&quot;pagination&quot;:&quot;none&quot;,&quot;template_vars&quot;:{&quot;columns&quot;:&quot;5&quot;,&quot;exclude_items&quot;:&quot;none&quot;,&quot;img_size&quot;:&quot;us_600_0&quot;,&quot;ignore_items_size&quot;:0,&quot;items_layout&quot;:&quot;25853&quot;,&quot;items_offset&quot;:&quot;1&quot;,&quot;load_animation&quot;:&quot;none&quot;,&quot;overriding_link&quot;:&quot;%7B%22type%22%3A%22post%22%7D&quot;,&quot;post_id&quot;:0,&quot;query_args&quot;:{&quot;post_type&quot;:[&quot;us_portfolio&quot;],&quot;tax_query&quot;:[{&quot;taxonomy&quot;:&quot;us_portfolio_category&quot;,&quot;field&quot;:&quot;slug&quot;,&quot;terms&quot;:[&quot;monde de la chasse&quot;]}],&quot;post_status&quot;:[&quot;publish&quot;],&quot;posts_per_page&quot;:&quot;5&quot;},&quot;orderby_query_args&quot;:{&quot;orderby&quot;:{&quot;date&quot;:&quot;DESC&quot;}},&quot;type&quot;:&quot;grid&quot;,&quot;us_grid_post_type&quot;:&quot;us_portfolio&quot;,&quot;us_grid_ajax_index&quot;:1,&quot;us_grid_filter_query_string&quot;:null,&quot;us_grid_index&quot;:1,&quot;page_args&quot;:[]}}'><\/div>\r\n\t<\/div><div class=\"w-grid-none type_message\">Es wurden keine Ergebnisse gefunden.<\/div><\/div><\/div><\/div><\/div><\/div><\/section><section class=\"l-section wpb_row height_medium color_primary\"><div class=\"l-section-h i-cf\"><div class=\"g-cols vc_row via_flex valign_top type_default stacking_default\"><div class=\"vc_col-sm-12 wpb_column vc_column_container us_animate_afb\"><div class=\"vc_column-inner\"><div class=\"wpb_wrapper\"><div class=\"w-actionbox color_primary controls_right\"><div class=\"w-actionbox-text\"><h2 class=\"w-actionbox-title\">Voyez par vous-m\u00eame Revierwelt !<\/h2><\/div><div class=\"w-actionbox-controls\"><a class=\"w-btn us-btn-style_6 icon_atleft\" href=\"https:\/\/portal.revierwelt.de\/\" style=\"font-size:19px;\"><i class=\"fas fa-user-plus\"><\/i><span class=\"w-btn-label\">Inscrivez-vous maintenant !<\/span><\/a><\/div><\/div><\/div><\/div><\/div><\/div><\/div><\/section>\n","protected":false},"excerpt":{"rendered":"REVIERWELT. Une pour tous. Pour le chasseur. Que vous chassiez de temps en temps, que vous ayez un permis de chasse ou que vous g\u00e9riez votre propre territoire de chasse, Revierwelt offre \u00e0 chaque chasseur exactement ce dont il a besoin. Revierwelt vous accompagne dans votre quotidien de chasseur avec plus de 120 fonctions diff\u00e9rentes....","protected":false},"author":4,"featured_media":0,"parent":0,"menu_order":0,"comment_status":"closed","ping_status":"closed","template":"","meta":{"footnotes":""},"class_list":["post-37132","page","type-page","status-publish","hentry"],"_links":{"self":[{"href":"https:\/\/revierwelt.de\/index.php\/wp-json\/wp\/v2\/pages\/37132","targetHints":{"allow":["GET"]}}],"collection":[{"href":"https:\/\/revierwelt.de\/index.php\/wp-json\/wp\/v2\/pages"}],"about":[{"href":"https:\/\/revierwelt.de\/index.php\/wp-json\/wp\/v2\/types\/page"}],"author":[{"embeddable":true,"href":"https:\/\/revierwelt.de\/index.php\/wp-json\/wp\/v2\/users\/4"}],"replies":[{"embeddable":true,"href":"https:\/\/revierwelt.de\/index.php\/wp-json\/wp\/v2\/comments?post=37132"}],"version-history":[{"count":0,"href":"https:\/\/revierwelt.de\/index.php\/wp-json\/wp\/v2\/pages\/37132\/revisions"}],"wp:attachment":[{"href":"https:\/\/revierwelt.de\/index.php\/wp-json\/wp\/v2\/media?parent=37132"}],"curies":[{"name":"wp","href":"https:\/\/api.w.org\/{rel}","templated":true}]}}