{"id":37167,"date":"2025-02-25T11:17:31","date_gmt":"2025-02-25T10:17:31","guid":{"rendered":"https:\/\/revierwelt.de\/index.php\/conditions-generales-de-performance\/"},"modified":"2025-02-25T11:17:31","modified_gmt":"2025-02-25T10:17:31","slug":"conditions-generales-de-performance","status":"publish","type":"page","link":"https:\/\/revierwelt.de\/index.php\/conditions-generales-de-performance\/?lang=fr","title":{"rendered":"Conditions g\u00e9n\u00e9rales de performance"},"content":{"rendered":"<p><strong>I. Champ d&#8217;application<\/strong><\/p>\n<p>L&#8217;exploitant de ces pages web est <a href=\"https:\/\/revierwelt.de\/index.php\/impressum\/\">REVIERWELT MEDIA GmbH<\/a> (<strong>REVIERWELT MEDIA<\/strong>). Les pr\u00e9sentes conditions g\u00e9n\u00e9rales d&#8217;utilisation (CGU) s&#8217;appliquent dans leur version en vigueur au moment de l&#8217;utilisation (enregistrement, inscription, insertion d&#8217;annonces ou de publicit\u00e9 ou autre utilisation) \u00e0 toutes les relations commerciales entre REVIERWELT MEDIA et l&#8217;utilisateur des sites Internet (consommateur ou entrepreneur). Les conditions g\u00e9n\u00e9rales de vente ou autres conditions de l&#8217;utilisateur d\u00e9rogeant aux pr\u00e9sentes CGV ne s&#8217;appliquent que dans la mesure o\u00f9 REVIERWELT MEDIA les a accept\u00e9es par \u00e9crit.  <\/p>\n<p>Le consommateur est celui qui n&#8217;est pas entrepreneur. Un entrepreneur est une personne physique ou morale ou une soci\u00e9t\u00e9 de personnes ayant la capacit\u00e9 juridique qui, lors de la conclusion d&#8217;un acte juridique, agit dans l&#8217;exercice de son activit\u00e9 professionnelle commerciale ou ind\u00e9pendante (article 14, paragraphe 1, du BGB). Si l&#8217;entrepreneur n&#8217;agit pas dans l&#8217;exercice de son activit\u00e9 commerciale ou ind\u00e9pendante, il b\u00e9n\u00e9ficie \u00e9galement des droits pr\u00e9vus pour les consommateurs et est consid\u00e9r\u00e9 comme un consommateur au sens des pr\u00e9sentes conditions g\u00e9n\u00e9rales.  <\/p>\n<p><strong>II Protection des donn\u00e9es<\/strong><\/p>\n<p>L&#8217;utilisation des donn\u00e9es personnelles est soumise \u00e0 des r\u00e8gles sp\u00e9cifiques. Cliquez <a href=\"https:\/\/revierwelt.de\/index.php\/datenschutzerklaerung\/\"><strong>ici<\/strong><\/a>pour consulter la politique de confidentialit\u00e9. <\/p>\n<p><strong>III. Utilisation du contenu du site web et droits<\/strong><\/p>\n<p>1. r\u00e9serve de disponibilit\u00e9<\/p>\n<p>Les informations et services disponibles sur ces sites sont fournis par REVIERWELT MEDIA sous r\u00e9serve, notamment, de leur disponibilit\u00e9 et\/ou du respect par l&#8217;utilisateur des dispositions des pr\u00e9sentes CGU.<\/p>\n<p>2. protection des sites web par le droit d&#8217;auteur<\/p>\n<p>Les contenus des pages web sont prot\u00e9g\u00e9s par les droits d&#8217;auteur dans la mesure pr\u00e9vue par la loi. Sauf disposition contraire de la loi, toute utilisation (par exemple, reproduction, diffusion et\/ou mise \u00e0 disposition du public) des contenus prot\u00e9g\u00e9s n&#8217;est autoris\u00e9e qu&#8217;avec l&#8217;accord \u00e9crit pr\u00e9alable de REVIERWELT MEDIA. M\u00eame en cas d&#8217;autorisation, les contenus prot\u00e9g\u00e9s ne peuvent \u00eatre utilis\u00e9s qu&#8217;avec mention de la source. L&#8217;utilisation des contenus par l&#8217;utilisateur \u00e0 des fins directement ou indirectement lucratives requiert une autorisation \u00e9crite pr\u00e9alable sp\u00e9cifique de REVIERWELT MEDIA.   <\/p>\n<p>Les liens vers des contenus prot\u00e9g\u00e9s par des droits d&#8217;auteur sur les sites Internet de REVIERWELT MEDIA ne sont autoris\u00e9s que si les liens m\u00e8nent directement aux sites Internet de REVIERWELT MEDIA ou si les blocages d&#8217;acc\u00e8s ne sont pas contourn\u00e9s. En outre, le lien doit \u00eatre reconnaissable par des tiers. <\/p>\n<p>3. droits d&#8217;auteur sur le contenu transmis par l&#8217;utilisateur<\/p>\n<p>Les droits d&#8217;auteur pour les contenus prot\u00e9g\u00e9s par des droits d&#8217;auteur transmis par l&#8217;utilisateur restent la propri\u00e9t\u00e9 de l&#8217;auteur concern\u00e9. En transmettant ces contenus (par exemple en les t\u00e9l\u00e9chargeant et\/ou en les envoyant par e-mail), l&#8217;utilisateur accorde cependant \u00e0 REVIERWELT MEDIA le droit simple, illimit\u00e9 dans l&#8217;espace, le temps et le contenu, d&#8217;utiliser ces contenus sous forme mat\u00e9rielle et immat\u00e9rielle pour tous les types d&#8217;utilisation. Cette concession de droits comprend notamment le droit, li\u00e9 \u00e0 l&#8217;objet de la publication par REVIERWELT MEDIA, d&#8217;adapter les contenus, de les reproduire, de les diffuser ou de les communiquer au public sur Internet sur les pages web de REVIERWELT MEDIA, y compris dans chaque cas l&#8217;utilisation \u00e0 des fins publicitaires pour la publication par REVIERWELT MEDIA (droit d&#8217;adaptation, de reproduction et de diffusion ainsi que droit de mise \u00e0 disposition du public).  <\/p>\n<p><strong>IV. Enregistrement<\/strong><\/p>\n<p>1. donn\u00e9es de l&#8217;utilisateur<\/p>\n<p>Certaines parties du site n\u00e9cessitent un enregistrement. L&#8217;utilisation de ces zones ferm\u00e9es suppose que l&#8217;utilisateur est majeur, qu&#8217;il s&#8217;est enregistr\u00e9 et qu&#8217;il a fourni des informations personnelles v\u00e9ridiques et compl\u00e8tes. L&#8217;utilisateur est \u00e9galement tenu de communiquer toute modification ult\u00e9rieure de ses donn\u00e9es personnelles lors de sa prochaine visite sur les pages web concern\u00e9es.  <\/p>\n<p>2. v\u00e9rification des donn\u00e9es de l&#8217;utilisateur et blocage de l&#8217;acc\u00e8s<\/p>\n<p>REVIERWELT MEDIA se r\u00e9serve le droit de v\u00e9rifier les donn\u00e9es personnelles de l&#8217;utilisateur dans le cadre de ce qui est autoris\u00e9 par la loi. En outre, REVIERWELT MEDIA se r\u00e9serve le droit de bloquer l&#8217;acc\u00e8s aux zones r\u00e9serv\u00e9es \u00e0 tout moment. L&#8217;acc\u00e8s est notamment bloqu\u00e9 si l&#8217;utilisateur a fourni de fausses informations personnelles lors de l&#8217;enregistrement ou s&#8217;il a enfreint les pr\u00e9sentes CGU.  <\/p>\n<p><strong>V. Conclusion d&#8217;un contrat, utilisation de services de messagerie\/de donn\u00e9es et dur\u00e9e du contrat<\/strong><\/p>\n<p>1er contractant<\/p>\n<p>En cas de conclusion d&#8217;un contrat, le contrat est conclu avec REVIERWELT MEDIA. Pour plus de d\u00e9tails sur REVIERWELT MEDIA, <a href=\"https:\/\/revierwelt.de\/index.php\/impressum\/\">cliquez ici<\/a>. <\/p>\n<p>2. conclusion du contrat<\/p>\n<p>La description des services par REVIERWELT MEDIA ne constitue pas une offre de contrat juridiquement contraignante de la part de REVIERWELT MEDIA, mais uniquement une invitation non contraignante pour l&#8217;utilisateur \u00e0 utiliser les services.<\/p>\n<p>La conclusion du contrat suit les \u00e9tapes suivantes :<\/p>\n<p>(a) En cr\u00e9ant un compte prot\u00e9g\u00e9 par un mot de passe via la fonction d&#8217;inscription propos\u00e9e sur le site, l&#8217;utilisateur fait une offre de conclusion d&#8217;un contrat.<br \/>\n(b) A l&#8217;issue du processus d&#8217;inscription, un contrat portant sur la fourniture des prestations faisant l&#8217;objet du contrat est conclu entre REVIERWELT MEDIA et l&#8217;utilisateur par l&#8217;envoi d&#8217;un e-mail de confirmation d&#8217;inscription \u00e0 l&#8217;adresse e-mail indiqu\u00e9e par l&#8217;utilisateur.<\/p>\n<p>REVIERWELT MEDIA enregistre le texte du contrat et envoie \u00e0 l&#8217;utilisateur les donn\u00e9es de la commande avec les CGV par e-mail. L&#8217;utilisateur peut \u00e9galement consulter les CGV \u00e0 tout moment sur le site Internet de REVIERWELT MEDIA. <\/p>\n<p>3. l&#8217;utilisation de services de messagerie et de donn\u00e9es<\/p>\n<p>Avant d&#8217;utiliser des services de messagerie\/de donn\u00e9es payants, l&#8217;utilisateur doit cr\u00e9diter son compte d&#8217;utilisateur li\u00e9 au territoire. Le cr\u00e9dit n&#8217;est pas remboursable. <\/p>\n<p>L&#8217;Utilisateur est autoris\u00e9 \u00e0 utiliser le syst\u00e8me d&#8217;envoi et de r\u00e9ception de donn\u00e9es dans la limite des possibilit\u00e9s techniques et des disponibilit\u00e9s du moment. REVIERWELT MEDIA n&#8217;est en aucun cas responsable de la bonne r\u00e9ception ou de la bonne livraison des donn\u00e9es ou des messages texte. REVIERWELT MEDIA fournit \u00e0 l&#8217;Utilisateur le syst\u00e8me d&#8217;envoi et de r\u00e9ception de donn\u00e9es auquel REVIERWELT MEDIA a directement acc\u00e8s sans l&#8217;interm\u00e9diaire d&#8217;un tiers (syst\u00e8me Revierwelt) dans la mesure et le format de communication convenus (\u00e0 savoir donn\u00e9es, SMS, e-mail et voix) et sous r\u00e9serve de disponibilit\u00e9 du site et des canaux de communication de donn\u00e9es, du syst\u00e8me Revierwelt et du compte pour la saisie de messages textuels et\/ou le stockage temporaire de messages textuels et de donn\u00e9es en vue de leur envoi vers le num\u00e9ro de t\u00e9l\u00e9phone mobile d\u00e9sign\u00e9 par l&#8217;utilisateur comme adresse de destination et\/ou des prestations raisonnables visant \u00e0 transmettre des donn\u00e9es, des messages textuels ou vocaux vers l&#8217;interface de communication, les num\u00e9ros d&#8217;appel\/de t\u00e9l\u00e9phone mobile, l&#8217;adresse e-mail d\u00e9sign\u00e9s par l&#8217;utilisateur. Revierwelt ne doit en aucun cas la transmission ou la r\u00e9ception r\u00e9ussie des donn\u00e9es, des messages texte\/voix \u00e0 transmettre, mais uniquement la mise \u00e0 disposition du syst\u00e8me Revierwelt et le lancement d&#8217;une ou plusieurs tentatives de transmission de messages\/donn\u00e9es. L&#8217;utilisateur est particuli\u00e8rement conscient du fait que, m\u00eame si ces services sont ex\u00e9cut\u00e9s conform\u00e9ment au contrat, les donn\u00e9es\/messages \u00e0 transmettre peuvent \u00eatre retard\u00e9s ou perdus, notamment en cas de non-distribution ou pour d&#8217;autres raisons ext\u00e9rieures au syst\u00e8me Revierwelt (par exemple, les limites de capacit\u00e9 ou les indisponibilit\u00e9s du r\u00e9seau mobile de destination ou d&#8217;autres fournisseurs de r\u00e9seau ou d&#8217;autres prestataires de services par l&#8217;interm\u00e9diaire desquels la livraison et la distribution des donn\u00e9es, des textes\/messages vocaux sont effectu\u00e9es). En particulier, REVIERWELT MEDIA n&#8217;est pas redevable des services de t\u00e9l\u00e9communication n\u00e9cessaires au transport des donn\u00e9es entre le point de transfert \u00e0 l&#8217;Internet par le syst\u00e8me Revierwelt et l&#8217;appareil de r\u00e9ception du num\u00e9ro cible.     <\/p>\n<p>4. dur\u00e9e du contrat et r\u00e9siliation<\/p>\n<p>Le Contrat est conclu pour une p\u00e9riode de douze (12) mois (Dur\u00e9e). Il est renouvel\u00e9 pour des p\u00e9riodes successives de douze mois, \u00e0 moins que l&#8217;Utilisateur ne r\u00e9silie le Contrat par \u00e9crit (lettre, fax ou e-mail) avec un pr\u00e9avis d&#8217;un mois avant la fin de chaque p\u00e9riode. <\/p>\n<p>Le droit de r\u00e9siliation pour motif grave reste inchang\u00e9. Une raison importante est par exemple l&#8217;arr\u00eat de l&#8217;exploitation des sites web par REVIERWELT MEDIA. <\/p>\n<p><strong>VI Prix, paiement, \u00e9ch\u00e9ance<\/strong><\/p>\n<p>1er prix<\/p>\n<p>Les prix des services de REVIERWELT MEDIA sont calcul\u00e9s sur la base de la <a href=\"https:\/\/revierwelt.de\/index.php\/24594-2\/\">liste de prix<\/a> publi\u00e9e sur le site Internet de REVIERWELT MEDIA. Le prix publi\u00e9 au moment de l&#8217;utilisation de la prestation fait foi. <\/p>\n<p>Les prix sont sous r\u00e9serve de modification (point X).<\/p>\n<p>Les prix indiqu\u00e9s comprennent toujours la TVA en vigueur et d&#8217;autres \u00e9l\u00e9ments de prix.<\/p>\n<p>2. paiement, \u00e9ch\u00e9ance<\/p>\n<p>La facturation s&#8217;effectue apr\u00e8s l&#8217;utilisation de chaque prestation par le pr\u00e9l\u00e8vement automatique du prix unitaire sur le compte d&#8217;utilisateur li\u00e9 au territoire, charg\u00e9 d&#8217;un cr\u00e9dit dans l&#8217;administration du territoire de l&#8217;utilisateur.<\/p>\n<p>Le service de donn\u00e9es\/messagerie n&#8217;est disponible qu&#8217;avec un compte d&#8217;utilisateur charg\u00e9 positivement. L&#8217;utilisateur peut consulter et v\u00e9rifier son compte. Le cr\u00e9dit charg\u00e9 sur le compte d&#8217;utilisateur n&#8217;est pas rembours\u00e9.  <\/p>\n<p>3. exclusion des r\u00e9clamations<\/p>\n<p>Les r\u00e9clamations ne sont recevables que dans un d\u00e9lai d&#8217;un mois apr\u00e8s le pr\u00e9l\u00e8vement du prix unitaire faisant l&#8217;objet de la r\u00e9clamation.<\/p>\n<p>4. r\u00e8gles particuli\u00e8res pour les utilisateurs en tant qu&#8217;entrepreneurs<\/p>\n<p>Pendant la p\u00e9riode de retard, l&#8217;entrepreneur doit \u00e0 REVIERWELT MEDIA des int\u00e9r\u00eats \u00e0 hauteur de 8 % au-dessus du taux d&#8217;int\u00e9r\u00eat de base sur la dette financi\u00e8re concern\u00e9e. La preuve d&#8217;un dommage plus important d\u00fb aux int\u00e9r\u00eats de retard reste r\u00e9serv\u00e9e. L&#8217;entrepreneur n&#8217;a un droit de compensation que si ses contre-pr\u00e9tentions sont incontest\u00e9es ou constat\u00e9es judiciairement par d\u00e9cision ayant acquis force de chose jug\u00e9e.  <\/p>\n<p><strong>VII. Droit de r\u00e9tractation pour les utilisateurs en tant que consommateurs<\/strong><\/p>\n<p><strong>Information sur le droit de r\u00e9tractation<\/strong><\/p>\n<p><strong>Droit de r\u00e9tractation<\/strong><\/p>\n<p><strong>Vous pouvez r\u00e9voquer votre d\u00e9claration de contrat par \u00e9crit (par ex. lettre, fax, e-mail) dans un d\u00e9lai de 14 jours sans indication de motifs. Le d\u00e9lai commence \u00e0 courir apr\u00e8s r\u00e9ception de cette information sous forme \u00e9crite, mais pas avant la conclusion du contrat ni avant l&#8217;ex\u00e9cution de nos obligations d&#8217;information conform\u00e9ment \u00e0 l&#8217;article 246 \u00a7 2 en relation avec le \u00a7 1 alin\u00e9as 1 et 2 de l&#8217;EGBGB (loi introductive au code civil allemand) ainsi que de nos obligations conform\u00e9ment au \u00a7 312g alin\u00e9a 1 phrase 1 du BGB (code civil allemand) en relation avec l&#8217;article 246 \u00a7 3 de l&#8217;EGBGB. Pour respecter le d\u00e9lai de r\u00e9tractation, il suffit d&#8217;envoyer la r\u00e9tractation dans les d\u00e9lais. La r\u00e9tractation doit \u00eatre adress\u00e9e \u00e0 :   <\/strong><\/p>\n<p><strong>REVIERWELT MEDIA GMBH<br \/>\nDirecteur : Alexander Vinnai<br \/>\nPestalozzistra\u00dfe 41<br \/>\n35606 Solms<br \/>\nsupport@revierwelt.de<\/strong><\/p>\n<p><strong>Cons\u00e9quences de la r\u00e9tractation<\/strong><\/p>\n<p><strong>En cas de r\u00e9tractation effective, les prestations re\u00e7ues par les deux parties doivent \u00eatre restitu\u00e9es et, le cas \u00e9ch\u00e9ant, les avantages tir\u00e9s (par exemple les int\u00e9r\u00eats) doivent \u00eatre rembours\u00e9s. Si vous ne pouvez pas nous restituer la prestation re\u00e7ue ainsi que les avantages (par ex. avantages d&#8217;utilisation) ou si vous ne pouvez les restituer qu&#8217;en partie ou dans un \u00e9tat d\u00e9grad\u00e9, vous devez nous verser un d\u00e9dommagement. Cela peut avoir pour cons\u00e9quence que vous devez tout de m\u00eame remplir les obligations de paiement contractuelles pour la p\u00e9riode allant jusqu&#8217;\u00e0 la r\u00e9vocation. Les obligations de remboursement des paiements doivent \u00eatre remplies dans un d\u00e9lai de 30 jours. Le d\u00e9lai commence \u00e0 courir pour vous \u00e0 partir de l&#8217;envoi de votre d\u00e9claration de r\u00e9tractation et pour nous \u00e0 partir de sa r\u00e9ception.    <\/strong><\/p>\n<p><strong>Remarques particuli\u00e8res<\/strong><\/p>\n<p><strong>Votre droit de r\u00e9tractation expire pr\u00e9matur\u00e9ment si, \u00e0 votre demande expresse, le contrat a \u00e9t\u00e9 enti\u00e8rement ex\u00e9cut\u00e9 par les deux parties avant que vous n&#8217;ayez exerc\u00e9 votre droit de r\u00e9tractation.<\/strong><\/p>\n<p><strong>Fin de l&#8217;information sur le droit de r\u00e9tractation.<\/strong><\/p>\n<p><strong>VIII. Responsabilit\u00e9 de REVIERWELT MEDIA<\/strong><\/p>\n<p>La responsabilit\u00e9 de REVIERWELT MEDIA est exclue en cas de manquement \u00e0 ses obligations par n\u00e9gligence l\u00e9g\u00e8re, dans la mesure o\u00f9 ce manquement ne concerne pas des obligations contractuelles essentielles ou la vie, la sant\u00e9 ou l&#8217;int\u00e9grit\u00e9 physique ou des droits en vertu de la loi sur la responsabilit\u00e9 du fait des produits. Ceci s&#8217;applique \u00e9galement aux violations d&#8217;obligations commises par les employ\u00e9s ou les agents d&#8217;ex\u00e9cution de REVIERWELT MEDIA. <\/p>\n<p>En cons\u00e9quence, REVIERWELT MEDIA d\u00e9cline toute responsabilit\u00e9 concernant les contenus mis \u00e0 disposition par les utilisateurs (par exemple les donn\u00e9es personnelles et\/ou autres), notamment l&#8217;exhaustivit\u00e9 ou l&#8217;exactitude de ces contenus, et d\u00e9cline \u00e9galement toute responsabilit\u00e9 pour les pr\u00e9judices subis par l&#8217;utilisateur en raison d&#8217;une inaccessibilit\u00e9 temporaire du site Internet ou de parties de celui-ci, de la perte de donn\u00e9es ou de probl\u00e8mes techniques similaires. En cons\u00e9quence, la responsabilit\u00e9 de REVIERWELT MEDIA ne saurait \u00eatre engag\u00e9e en cas de d\u00e9faillance du syst\u00e8me, d&#8217;interruption et\/ou de perturbation de la transmission des donn\u00e9es, ni en cas de non-respect des instructions d&#8217;utilisation applicables \u00e0 l&#8217;offre de REVIERWELT MEDIA. <\/p>\n<p><strong>IX. Responsabilit\u00e9 de l&#8217;utilisateur<\/strong><\/p>\n<p>1. responsabilit\u00e9 de l&#8217;utilisateur pour l&#8217;utilisation du mot de passe<\/p>\n<p>L&#8217;Utilisateur est responsable de la confidentialit\u00e9 et de l&#8217;utilisation de son mot de passe. En particulier, l&#8217;Utilisateur est tenu de conserver son mot de passe avec un soin particulier et d&#8217;\u00e9viter qu&#8217;un tiers ne prenne connaissance de son mot de passe. En cas d&#8217;utilisation non autoris\u00e9e du mot de passe de l&#8217;Utilisateur, l&#8217;Utilisateur d\u00e9gage REVIERWELT MEDIA de toute responsabilit\u00e9, \u00e0 moins qu&#8217;il n&#8217;ait fait preuve de la diligence requise dans le commerce. L&#8217;utilisateur est tenu d&#8217;informer imm\u00e9diatement REVIERWELT MEDIA s&#8217;il a des raisons de penser que le mot de passe est utilis\u00e9 sans autorisation.   <\/p>\n<p>2. responsabilit\u00e9 de l&#8217;utilisateur pour ses d\u00e9clarations<\/p>\n<p>L&#8217;utilisateur est responsable de l&#8217;exactitude et de l&#8217;actualit\u00e9 de ses donn\u00e9es personnelles ou de son entreprise, y compris de son droit \u00e0 utiliser des titres professionnels prot\u00e9g\u00e9s. Si l&#8217;utilisateur fournit de fausses informations ou ne met pas \u00e0 jour ses informations \u00e0 intervalles raisonnables, l&#8217;utilisateur d\u00e9gage REVIERWELT MEDIA de toute responsabilit\u00e9 concernant ses informations, \u00e0 moins qu&#8217;il n&#8217;ait fait preuve de la diligence requise dans le commerce. <\/p>\n<p>3. responsabilit\u00e9 de l&#8217;utilisateur pour le contenu transmis<\/p>\n<p>En transmettant des contenus &#8211; quels qu&#8217;ils soient &#8211; l&#8217;utilisateur assure et garantit que ces contenus sont enti\u00e8rement conformes au droit et \u00e0 la loi. En particulier, l&#8217;utilisateur assure et garantit qu&#8217;il n&#8217;introduit pas dans les pages web des contenus qui <\/p>\n<p>&#8211; enfreignent le droit en vigueur, les interdictions l\u00e9gales ou administratives ou les bonnes m\u0153urs,<br \/>\n&#8211; violent les droits de tiers,<br \/>\n&#8211; sont pornographiques, offensants, mena\u00e7ants, harcelants, vulgaires, racistes, discriminatoires ou choquants de toute autre mani\u00e8re,<br \/>\n&#8211; enfreignent les dispositions en vigueur en mati\u00e8re de protection des mineurs ou<br \/>\n&#8211; doivent \u00eatre consid\u00e9r\u00e9s comme des abus, notamment comme des spams.<\/p>\n<p>En particulier, l&#8217;utilisateur assure et garantit, par la transmission de contenus, qu&#8217;il peut disposer librement de ces contenus, surtout dans l&#8217;\u00e9tendue de la concession de droits selon l&#8217;article IV, vis-\u00e0-vis de REVIERWELT MEDIA et que les contenus ne portent pas atteinte ou ne violent pas les droits de tiers, en particulier le droit \u00e0 l&#8217;image, le droit g\u00e9n\u00e9ral de la personnalit\u00e9 (par exemple le droit au nom), le droit des marques (par exemple le droit des marques), d&#8217;autres droits de propri\u00e9t\u00e9 industrielle et\/ou le droit d&#8217;auteur ou les droits voisins.<\/p>\n<p>Dans le cas o\u00f9 l&#8217;utilisateur contreviendrait \u00e0 l&#8217;une de ses assurances mentionn\u00e9es dans le pr\u00e9sent article, et notamment dans le cas o\u00f9 des tiers feraient valoir \u00e0 l&#8217;encontre de REVIERWELT MEDIA des droits au sens des paragraphes pr\u00e9c\u00e9dents, l&#8217;utilisateur indemnisera int\u00e9gralement REVIERWELT MEDIA, y compris les frais de d\u00e9fense, \u00e0 moins que l&#8217;utilisateur n&#8217;ait fait preuve de la diligence requise dans le cadre de la circulation. L&#8217;utilisateur assiste REVIERWELT MEDIA dans la d\u00e9fense de ses droits, notamment en lui fournissant des informations. <\/p>\n<p><strong>X. R\u00e9serve de changements\/modifications<\/strong><\/p>\n<p>REVIERWELT MEDIA se r\u00e9serve le droit de modifier \u00e0 tout moment les CGU et autres conditions d&#8217;utilisation des sites Internet &#8211; y compris la liste des prix &#8211; ainsi que les diff\u00e9rentes sp\u00e9cifications. REVIERWELT MEDIA communiquera toute modification de ces conditions par une mention sur les pages web. <\/p>\n<p>L&#8217;utilisateur donne son accord \u00e0 l&#8217;application des conditions modifi\u00e9es dans la mesure o\u00f9 il effectue une utilisation sur les pages web de REVIERWELT MEDIA apr\u00e8s la publication d&#8217;un tel avis de modification.<\/p>\n<p>La publication d&#8217;une version modifi\u00e9e des pr\u00e9sentes conditions g\u00e9n\u00e9rales annule les versions pr\u00e9c\u00e9dentes.<\/p>\n<p><strong>XI. Lieu d&#8217;ex\u00e9cution, droit applicable et juridiction comp\u00e9tente<\/strong><\/p>\n<p>Dans les relations entre REVIERWELT MEDIA et l&#8217;utilisateur qui est une entreprise, le lieu d&#8217;ex\u00e9cution exclusif et le tribunal comp\u00e9tent pour toutes les r\u00e9clamations &#8211; dans la mesure o\u00f9 cela est autoris\u00e9 &#8211; est le tribunal d&#8217;instance de Wetzlar ou le tribunal de grande instance de Limburg.<\/p>\n<p>Seul le droit de la R\u00e9publique f\u00e9d\u00e9rale d&#8217;Allemagne est applicable. Pour le consommateur, ce choix de loi ne s&#8217;applique que dans la mesure o\u00f9 la protection accord\u00e9e n&#8217;est pas retir\u00e9e par des dispositions imp\u00e9ratives de la loi du pays dans lequel le consommateur a sa r\u00e9sidence habituelle. <\/p>\n<p><strong>XII Clause de sauvegarde<\/strong><\/p>\n<p>Si certaines dispositions des pr\u00e9sentes conditions g\u00e9n\u00e9rales sont ou deviennent invalides et\/ou nulles, la validit\u00e9 des autres conditions n&#8217;en est pas affect\u00e9e. Les dispositions invalides et\/ou nulles doivent \u00eatre remplac\u00e9es de mani\u00e8re \u00e0 atteindre l&#8217;objectif \u00e9conomique vis\u00e9. Ceci s&#8217;applique \u00e9galement au comblement des lacunes des pr\u00e9sentes conditions g\u00e9n\u00e9rales.  <\/p>\n<p><strong>XIII Code de conduite<\/strong><\/p>\n<p>REVIERWELT MEDIA n&#8217;a pas adh\u00e9r\u00e9 \u00e0 un code de conduite.<\/p>\n<p>Version de la BAL : septembre 2012.<\/p>\n","protected":false},"excerpt":{"rendered":"<p>I. Champ d&#8217;application L&#8217;exploitant de ces pages web est REVIERWELT MEDIA GmbH (REVIERWELT MEDIA). Les pr\u00e9sentes conditions g\u00e9n\u00e9rales d&#8217;utilisation (CGU) s&#8217;appliquent dans leur version en vigueur au moment de l&#8217;utilisation (enregistrement, inscription, insertion d&#8217;annonces ou de publicit\u00e9 ou autre utilisation) \u00e0 toutes les relations commerciales entre REVIERWELT MEDIA et l&#8217;utilisateur des sites Internet (consommateur ou&#8230;<\/p>\n","protected":false},"author":4,"featured_media":0,"parent":0,"menu_order":0,"comment_status":"closed","ping_status":"closed","template":"","meta":{"footnotes":""},"class_list":["post-37167","page","type-page","status-publish","hentry"],"_links":{"self":[{"href":"https:\/\/revierwelt.de\/index.php\/wp-json\/wp\/v2\/pages\/37167","targetHints":{"allow":["GET"]}}],"collection":[{"href":"https:\/\/revierwelt.de\/index.php\/wp-json\/wp\/v2\/pages"}],"about":[{"href":"https:\/\/revierwelt.de\/index.php\/wp-json\/wp\/v2\/types\/page"}],"author":[{"embeddable":true,"href":"https:\/\/revierwelt.de\/index.php\/wp-json\/wp\/v2\/users\/4"}],"replies":[{"embeddable":true,"href":"https:\/\/revierwelt.de\/index.php\/wp-json\/wp\/v2\/comments?post=37167"}],"version-history":[{"count":0,"href":"https:\/\/revierwelt.de\/index.php\/wp-json\/wp\/v2\/pages\/37167\/revisions"}],"wp:attachment":[{"href":"https:\/\/revierwelt.de\/index.php\/wp-json\/wp\/v2\/media?parent=37167"}],"curies":[{"name":"wp","href":"https:\/\/api.w.org\/{rel}","templated":true}]}}