{"id":37214,"date":"2025-02-25T11:18:00","date_gmt":"2025-02-25T10:18:00","guid":{"rendered":"https:\/\/revierwelt.de\/index.php\/fortrolighedspolitik\/"},"modified":"2025-02-25T11:18:07","modified_gmt":"2025-02-25T10:18:07","slug":"fortrolighedspolitik","status":"publish","type":"page","link":"https:\/\/revierwelt.de\/index.php\/fortrolighedspolitik\/?lang=da","title":{"rendered":"Fortrolighedspolitik"},"content":{"rendered":"<section class=\"l-section wpb_row height_medium\"><div class=\"l-section-h i-cf\"><div class=\"g-cols vc_row via_flex valign_top type_default stacking_default\"><div class=\"vc_col-sm-12 wpb_column vc_column_container\"><div class=\"vc_column-inner\"><div class=\"wpb_wrapper\"><div class=\"wpb_text_column\"><div class=\"wpb_wrapper\"><p>Vi, Revierwelt Media GmbH, ser frem til dit bes\u00f8g p\u00e5 vores hjemmeside med vores omfattende online udbud af jagtrelaterede tjenester. Revierwelt Media er udbyder af jagtregionsadministrationssoftwaren &#8222;REVIERWELT&#8220; med et integreret socialt netv\u00e6rk og mulighed for online-kommunikation. Udbuddet af multimedietjenester p\u00e5 REVIERWELT afrundes af en onlineshop til k\u00f8b af produkter i forbindelse med brugen af REVIERWELT &#8211; i det f\u00f8lgende sammenfattet som &#8222;vores tjenester&#8220;.  <\/p>\n<p>Beskyttelsen af dine personlige data under indsamling, behandling og brug er et vigtigt anliggende for os. F\u00f8lgende erkl\u00e6ringer g\u00e6lder ikke for produkter, der tilbydes af tredjeparter via REVIERWELT. I den forbindelse henvises der til de produktspecifikke brugsbetingelser for tredjepartsprodukter.  <\/p>\n<p>I denne privatlivspolitik giver vi dig et overblik over, hvordan vi behandler dine personoplysninger, n\u00e5r du bruger vores tjenester i overensstemmelse med vores informationsforpligtelser i henhold til den europ\u00e6iske generelle databeskyttelsesforordning (GDPR), som tr\u00e5dte i kraft den 25. maj 2018. Den g\u00e6lder, uanset om du er registreret hos os eller ej, om du blot bes\u00f8ger vores hjemmesider (www.revierwelt.de\/.com) eller booker og bruger vores gratis og betalte applikationer og apps. <\/p>\n<p>Ved at bruge vores tjenester giver du samtykke til behandling af dine data i overensstemmelse med denne privatlivspolitik.<\/p>\n<p>HVIS DU IKKE ER ENIG I VILK\u00c5RENE I DENNE PRIVATLIVSPOLITIK, B\u00d8R DU IKKE BRUGE VORES TJENESTER.<\/p>\n<p><strong>\u00a7 1 Oplysninger om indsamling af personoplysninger<\/strong><\/p>\n<p>(1) I det f\u00f8lgende giver vi oplysninger om indsamling af personoplysninger ved brug af vores tjenester. &#8222;Personoplysninger&#8220; i henhold til artikel 4, nr. 1, i den generelle forordning om databeskyttelse er <\/p>\n<p>&#8222;&#8230;enhver form for information om en identificeret eller identificerbar fysisk person (i det f\u00f8lgende ben\u00e6vnt &#8222;den registrerede&#8220;); en identificerbar fysisk person er en person, der direkte eller indirekte kan identificeres, navnlig ved en identifikator som f.eks. et navn, et identifikationsnummer, lokaliseringsdata, en onlineidentifikator eller et eller flere elementer, der er s\u00e6rlige for den fysiske, fysiologiske, genetiske, psykiske, \u00f8konomiske, kulturelle eller sociale identitet af den fysiske person&#8220;.<\/p>\n<p>(2) Den dataansvarlige i henhold til art. 4 nr. 7 i EU&#8217;s generelle databeskyttelsesforordning (GDPR) er Revierwelt Media GmbH, Pestalozzistra\u00dfe 41, 35606 Solms, Tyskland (for yderligere oplysninger, se den juridiske meddelelse). <\/p>\n<p>(3) N\u00e5r du registrerer dig p\u00e5 REVIERWELT for at bruge vores tjenester, kontakter os via e-mail eller via en kontaktformular, gemmer vi de data, du angiver (din e-mailadresse, dit navn, dit telefonnummer og eventuelle andre data, du giver os). Vi sletter de data, der opst\u00e5r i denne sammenh\u00e6ng, n\u00e5r opbevaring ikke l\u00e6ngere er n\u00f8dvendig, eller begr\u00e6nser behandlingen, hvis der er lovbestemte opbevaringsforpligtelser. <\/p>\n<p>(4) Da beskyttelsen af b\u00f8rn er af stor betydning, tillader vi ikke registrering af brugere under 16 \u00e5r. Hvis du som for\u00e6lder eller v\u00e6rge finder ud af, at dine b\u00f8rn har registreret sig p\u00e5 vores tjeneste og overf\u00f8rt deres personlige data til os, kan du kontakte os ved hj\u00e6lp af kontaktoplysningerne ovenfor, og vi vil straks blokere brugeren og slette dataene. <\/p>\n<p><strong>\u00a7 2 Form\u00e5l med databehandling<\/strong><\/p>\n<p>(1) Vi indsamler og behandler dine personoplysninger med det form\u00e5l at stille vores tjenester til r\u00e5dighed for dig, l\u00f8bende forbedre og udvikle dem, sikre deres tekniske funktionalitet og garantere sikkerheden for vores tjenester.<\/p>\n<p>(2) Vi bruger dine data til at give dig vores tjenester i overensstemmelse med din brug, til at give dig supplerende oplysninger og tilbud vedr\u00f8rende vores tjenester, som vi mener er skr\u00e6ddersyet til dine behov, og til at give dig en brugeroplevelse, som vi mener er tilpasset.<\/p>\n<p>(3) Vi giver dig forskellige m\u00e5der at betale for betalingstjenester p\u00e5. Indsamling og behandling af kontodata som en del af betalingsprocessen udf\u00f8res udelukkende af den udbyder, du har valgt, i overensstemmelse med deres databeskyttelses- og kontraktbetingelser. <\/p>\n<p>(4) Vi forsikrer dig om, at vi ikke p\u00e5 noget tidspunkt vil videregive dine data til tredjeparter, med undtagelse af tredjeparter, der er direkte bestilt af os til at levere vores tjenester, og som er blevet forpligtet af os til at overholde databeskyttelsesbestemmelserne i overensstemmelse med bestemmelserne i den generelle databeskyttelsesforordning.<\/p>\n<p><strong>\u00a7 3 Dine rettigheder<\/strong><\/p>\n<p>(1) Du har f\u00f8lgende rettigheder over for os med hensyn til dine personlige data:<\/p>\n<p>&#8211; Ret til indsigt,<br \/>\n&#8211; ret til berigtigelse eller sletning,<br \/>\n&#8211; ret til begr\u00e6nsning af behandling,<br \/>\n&#8211; ret til at g\u00f8re indsigelse mod behandling,<br \/>\n&#8211; ret til dataportabilitet.<\/p>\n<p>(2) Du har ogs\u00e5 ret til at klage til en databeskyttelsestilsynsmyndighed over vores behandling af dine personoplysninger.<\/p>\n<p><strong>\u00a7 4 Indsamling af personoplysninger ved bes\u00f8g p\u00e5 vores hjemmeside<\/strong><\/p>\n<p>(1) Hvis du kun bruger vores hjemmeside til informationsform\u00e5l, dvs. hvis du ikke registrerer dig eller p\u00e5 anden m\u00e5de giver os oplysninger, indsamler vi kun de personoplysninger, som din browser overf\u00f8rer til vores server. Hvis du \u00f8nsker at se vores hjemmeside, indsamler vi f\u00f8lgende data, som er teknisk n\u00f8dvendige for, at vi kan vise vores hjemmeside til dig og for at sikre stabilitet og sikkerhed (retsgrundlag er art. 6, stk. 1, s\u00e6tning 1, litra f i GDPR): <\/p>\n<p>&#8211; IP-adresse<br \/>\n&#8211; dato og klokkesl\u00e6t for anmodningen<br \/>\n&#8211; tidszoneforskel til Greenwich Mean Time (GMT)<br \/>\n&#8211; indhold af anmodningen (specifik side)<br \/>\n&#8211; adgangsstatus\/HTTP-statuskode<br \/>\n&#8211; m\u00e6ngde af overf\u00f8rte data<br \/>\n&#8211; websted, som anmodningen stammer fra<br \/>\n&#8211; browser<br \/>\n&#8211; operativsystem og dets gr\u00e6nseflade<br \/>\n&#8211; sprog og version af browsersoftwaren<\/p>\n<p>(2) Ud over de f\u00f8rn\u00e6vnte data gemmes der cookies p\u00e5 din computer, n\u00e5r du bruger vores hjemmeside. Cookies er sm\u00e5 tekstfiler, der gemmes p\u00e5 din harddisk, og som er knyttet til den browser, du bruger, og som sender visse oplysninger til den instans, der s\u00e6tter cookien (i dette tilf\u00e6lde os). Cookies kan ikke udf\u00f8re programmer eller overf\u00f8re virus til din computer. De bruges til at g\u00f8re hjemmesiden mere brugervenlig og effektiv generelt.   <\/p>\n<p>(3) Brug af cookies:<\/p>\n<p>a) Vores hjemmesider bruger f\u00f8lgende typer af cookies, hvis omfang og funktion forklares nedenfor:<\/p>\n<p>&#8211; Midlertidige cookies (se b)<br \/>\n&#8211; Permanente cookies (se c).<\/p>\n<p>b) Transiente cookies slettes automatisk, n\u00e5r du lukker browseren. Disse omfatter is\u00e6r sessionscookies. Disse gemmer et s\u00e5kaldt sessions-ID, hvormed forskellige anmodninger fra din browser kan henf\u00f8res til den f\u00e6lles session. Dette g\u00f8r det muligt at genkende din computer, n\u00e5r du vender tilbage til vores hjemmeside. Sessionscookies slettes, n\u00e5r du logger ud eller lukker browseren.    <\/p>\n<p>c) Permanente cookies slettes automatisk efter en bestemt periode, som kan variere afh\u00e6ngigt af cookien. Du kan til enhver tid selv slette cookies i sikkerhedsindstillingerne i din browser. Vedvarende cookies g\u00f8r det muligt for os at genkende dig, n\u00e5r du bes\u00f8ger os igen, s\u00e5 vi kan g\u00f8re dit bes\u00f8g s\u00e5 enkelt og effektivt, som du gerne vil have det.  <\/p>\n<p>d) Du kan konfigurere dine browserindstillinger efter dine \u00f8nsker og f.eks. n\u00e6gte at acceptere tredjepartscookies eller alle cookies. Vi g\u00f8r opm\u00e6rksom p\u00e5, at du i s\u00e5 fald muligvis ikke kan bruge alle funktionerne p\u00e5 vores hjemmesider. <\/p>\n<p>e) Vi bruger cookies til at identificere dig ved efterf\u00f8lgende bes\u00f8g, hvis du har en konto hos os. Ellers ville du skulle logge ind igen for hvert bes\u00f8g. <\/p>\n<p><strong>\u00a7 5 Indsamling af personoplysninger ved brug af vores tjenester<\/strong><\/p>\n<p>(1) N\u00e5r du registrerer dig for at bruge vores tjenester, accepterer du vores separate brugeraftale. <a href=\"https:\/\/revierwelt.de\/index.php\/nutzungsvereinbarung\"><strong>brugeraftale<\/strong><\/a> som d\u00e6kker den videre indsamling, opbevaring og behandling af data. Det respektive omfang afh\u00e6nger af de individuelle tjenester, som du bruger fra vores tilbud. <\/p>\n<p>(2) N\u00e5r du registrerer dig for at bruge vores tjenester, indsamles mindst f\u00f8lgende yderligere data, som du er forpligtet til at give sandf\u00e6rdigt i overensstemmelse med vores brugeraftale:<\/p>\n<p>&#8211; Efternavn<br \/>\n&#8211; Fornavn<br \/>\n&#8211; Titel<br \/>\n&#8211; F\u00f8dselsdato<br \/>\n&#8211; Anvendelsesland<br \/>\n&#8211; Mobiltelefonnummer<br \/>\n&#8211; E-mailadresse<br \/>\n&#8211; Personlig adgangskode<\/p>\n<p>(3) N\u00e5r du tegner et abonnement til brug af betalingstjenester eller k\u00f8b af produkter via vores hjemmeside, kan det ogs\u00e5 v\u00e6re n\u00f8dvendigt at indsamle data til l\u00f8bende fakturering. Disse data indsamles og behandles udelukkende af den betalingstjenesteudbyder, du har valgt. Ingen kontooplysninger gemmes i vores systemer, kun anonymiserede transaktionsn\u00f8gler.  <\/p>\n<p>(4) Som en del af brugen af vores tjenester kan du ogs\u00e5 selvst\u00e6ndigt indsamle yderligere data inden for vores tjenester, gemme dem p\u00e5 vores tjenester eller f\u00e5 dem overf\u00f8rt til vores tjenester; disse data gemmes og behandles i overensstemmelse med vores brugeraftale.<\/p>\n<p>(5) Hvis dette indeb\u00e6rer brug af en <strong>lukket brugergruppe<\/strong> (f.eks. et omr\u00e5de), skal du v\u00e6re opm\u00e6rksom p\u00e5, at hver lukket brugergruppe har en ejer, der kan tilf\u00f8je og fjerne yderligere brugere og administrere autorisationer for brugerne i gruppen. Ved at tilf\u00f8je data til den lukkede brugergruppe giver du ejeren af den lukkede brugergruppe ubegr\u00e6nsede, uigenkaldelige og overf\u00f8rbare brugsrettigheder til alt tilf\u00f8jet indhold og data. <\/p>\n<p>(6) N\u00e5r du bruger nogle af vores tjenester, overf\u00f8res der ogs\u00e5 automatisk data til vores tjenester gennem din brug eller de slutenheder, du forbinder med vores tjenester. Du bestemmer omfanget af de overf\u00f8rte data ved at v\u00e6lge og bruge slutenheder med aktiv transmissionsteknologi (trackere, kameraer, f\u00e6ldedetektorer osv.). Alle data, der overf\u00f8res til vores tjenester, registreres, gemmes og behandles af os i overensstemmelse med reglerne i brugeraftalen.  <\/p>\n<p><strong>\u00a7 6 Indsigelse eller tilbagekaldelse mod behandling af dine data<\/strong><\/p>\n<p>(1) Hvis du har givet dit samtykke til behandling af dine data, kan du til enhver tid tilbagekalde det. En s\u00e5dan tilbagekaldelse p\u00e5virker tilladelsen til behandling af dine personlige data, efter at du har givet dem til os. <\/p>\n<p>(2) I det omfang vi baserer behandlingen af dine personoplysninger p\u00e5 en interesseafvejning, kan du g\u00f8re indsigelse mod behandlingen. Dette er is\u00e6r tilf\u00e6ldet, hvis behandlingen ikke er n\u00f8dvendig for at opfylde en kontrakt med dig, som er beskrevet af os i den f\u00f8lgende beskrivelse af funktionerne. N\u00e5r du ud\u00f8ver en s\u00e5dan indsigelse, beder vi dig om at forklare \u00e5rsagerne til, at vi ikke b\u00f8r behandle dine personlige data, som vi har gjort. I tilf\u00e6lde af din berettigede indsigelse vil vi unders\u00f8ge situationen og enten afbryde eller tilpasse databehandlingen eller vise dig vores tvingende beskyttelsesv\u00e6rdige grunde, p\u00e5 grundlag af hvilke vi vil forts\u00e6tte behandlingen.   <\/p>\n<p>(3) Du kan naturligvis til enhver tid g\u00f8re indsigelse mod behandlingen af dine personoplysninger til reklame- og dataanalyseform\u00e5l. Du kan informere os om din indsigelse mod annoncering ved hj\u00e6lp af f\u00f8lgende kontaktoplysninger: support@revierwelt.de. <\/p>\n<p><strong>\u00a7 7 Integration af YouTube-videoer<\/strong><\/p>\n<p>(1) Vi har integreret YouTube-videoer i vores onlinetilbud, som er gemt p\u00e5 <a href=\"http:\/\/www.YouTube.com\">http:\/\/www.YouTube.com<\/a> og kan afspilles direkte fra vores hjemmeside. N\u00e5r disse videoer \u00e5bnes, overf\u00f8res data til YouTube. Vi har ingen indflydelse p\u00e5 denne dataoverf\u00f8rsel.  <\/p>\n<p>(2) N\u00e5r du bes\u00f8ger den tilsvarende hjemmeside og ser videoen, modtager YouTube oplysninger om, at du har bes\u00f8gt den tilsvarende underside p\u00e5 vores hjemmeside. Derudover overf\u00f8res de data, der er n\u00e6vnt under \u00a7 4, stk. 1 i denne erkl\u00e6ring. Dette sker, uanset om YouTube stiller en brugerkonto til r\u00e5dighed for dig, som du allerede er logget ind p\u00e5, eller om der ikke findes en brugerkonto. Hvis du er logget ind p\u00e5 Google, vil dine data blive tildelt direkte til din Google-konto. Hvis du ikke \u00f8nsker, at dine data skal knyttes til din YouTube-profil, skal du logge ud, f\u00f8r du aktiverer knappen for at hente den p\u00e5g\u00e6ldende YouTube-video. YouTube gemmer dine data som brugerprofiler og bruger dem til reklameform\u00e5l, markedsunders\u00f8gelser og\/eller tilpasning af sit websted.     <\/p>\n<p>En s\u00e5dan evaluering udf\u00f8res is\u00e6r (selv for brugere, der ikke er logget ind) for at levere tilpassede reklamer og for at informere andre brugere af YouTubes sociale netv\u00e6rk om dine aktiviteter p\u00e5 vores websted. Du har ret til at g\u00f8re indsigelse mod oprettelsen af disse brugerprofiler, hvor du skal kontakte YouTube for at ud\u00f8ve denne ret. <\/p>\n<p>(3) Yderligere oplysninger om form\u00e5let med og omfanget af dataindsamlingen og YouTubes behandling af dem kan findes i YouTubes privatlivspolitik. Der finder du ogs\u00e5 yderligere oplysninger om dine rettigheder og indstillingsmuligheder for at beskytte dit privatliv: https:\/\/www.google.de\/intl\/de\/policies\/privacy. Google behandler ogs\u00e5 dine persondata i USA og har tilsluttet sig EU-US Privacy Shield, https:\/\/www.privacyshield.gov\/EU-US-Framework. <\/p>\n<p><strong>  \u00a7 8 Integration af Google Maps  <\/strong><\/p>\n<p>(1) Vi bruger Google Maps-tjenesten p\u00e5 vores hjemmesider. Det giver os mulighed for at vise dig interaktive kort direkte p\u00e5 hjemmesiden og giver dig mulighed for at bruge kortfunktionen p\u00e5 en nem m\u00e5de. <\/p>\n<p>(2) Ved at bes\u00f8ge den tilsvarende hjemmeside modtager Google oplysninger om, at du har bes\u00f8gt den tilsvarende underside p\u00e5 vores hjemmeside. Derudover overf\u00f8res de data, der er n\u00e6vnt i \u00a7 4, stk. 1 i denne erkl\u00e6ring. Dette sker, uanset om Google stiller en brugerkonto til r\u00e5dighed for dig, som du allerede er logget ind p\u00e5, eller om der ikke findes en brugerkonto. Hvis du er logget ind p\u00e5 Google, vil dine data blive tildelt direkte til din Google-konto. Hvis du ikke \u00f8nsker at blive tilknyttet din Google-profil, skal du logge ud af Google, f\u00f8r du f\u00e5r adgang til de relevante undersider af vores tjenester. Google gemmer dine data som brugsprofiler og bruger dem til reklameform\u00e5l, markedsunders\u00f8gelser og\/eller tilpasning af sit websted.     <\/p>\n<p>En s\u00e5dan analyse udf\u00f8res is\u00e6r (ogs\u00e5 for brugere, der ikke er logget ind) for at levere tilpassede reklamer og for at informere andre brugere af det sociale netv\u00e6rk om dine aktiviteter p\u00e5 vores websted. Du har ret til at g\u00f8re indsigelse mod oprettelsen af disse brugerprofiler, hvor du skal kontakte Google for at ud\u00f8ve denne ret. <\/p>\n<p>(3) Yderligere oplysninger om form\u00e5let med og omfanget af dataindsamlingen og plug-in-udbyderens behandling heraf kan findes i Googles privatlivspolitik. Der finder du ogs\u00e5 yderligere oplysninger om dine rettigheder i denne forbindelse og indstillingsmuligheder for at beskytte dit privatliv: http:\/\/www.google.de\/intl\/de\/policies\/privacy. Google behandler ogs\u00e5 dine personlige data i USA og har underkastet sig EU-US Privacy Shield, https:\/\/www.privacyshield.gov\/EU-US-Framework. <\/p>\n<p><strong>  \u00a7 9 Integration af betalingstjenester<\/strong><\/p>\n<p>(1) Forskellige betalingstjenester og deres udbydere, i \u00f8jeblikket prim\u00e6rt PayPal og Stripe, bruges til at levere forskellige metoder til betaling for betalingspligtige tjenester fra REVIERWELT. De specifikke detaljer om de udbydere, der bruges i hvert tilf\u00e6lde, og deres valg af dig, gives, n\u00e5r du v\u00e6lger betalingsmetode.<\/p>\n<p>(2) Behandlingen af betalingstransaktionen kr\u00e6ver en direkte aftale mellem dig og din valgte betalingstjenesteudbyder, som ogs\u00e5 omfatter behandling af personoplysninger og faktureringsoplysninger.<\/p>\n<p>(3) For at muligg\u00f8re betalingsprocessen indsamles grundl\u00e6ggende data af den valgte udbyder p\u00e5 dens integrerede sider som en del af betalingsprocessen; ingen personlige data overf\u00f8res fra Revierwelt Media til udbyderen af betalingstjenesten. Ingen kontooplysninger gemmes p\u00e5 vores systemer, kun anonymiserede transaktionsn\u00f8gler. <\/p>\n<p><strong>\u00a7 10 Ret til information og annullering<\/strong><\/p>\n<p>Du har til enhver tid ret til gratis information, rettelse, blokering og, om n\u00f8dvendigt, sletning af dine lagrede personlige data. Send os venligst din anmodning pr. post eller e-mail. Sletning af personoplysninger finder sted &#8211; med forbehold for afvigende juridiske forpligtelser &#8211; hvis du tilbagekalder dit samtykke til opbevaring, hvis dataene ikke l\u00e6ngere er n\u00f8dvendige for at opfylde det form\u00e5l, hvortil de blev opbevaret, eller hvis opbevaring er uacceptabel af andre juridiske grunde.  <\/p>\n<p><strong>  \u00a7 11 Center med ansvar for dataindsamling<\/strong><\/p>\n<p>Revierwelt Media GmbH<br \/>\nPestalozzistrasse 41<br \/>\n35606 Solms<br \/>\nE-mail: support@revierwelt.de<\/p>\n<p>Administrerende direkt\u00f8r: Alexander Vinnai<br \/>\nHandelsregister: Wetzlar Amtsgericht HRB 6268<br \/>\nMomsnummer: DE 281317112<\/p>\n<p style=\"margin: 0cm 0cm 16.9pt 0cm;\">Status maj 2019<\/p>\n<\/div><\/div><\/div><\/div><\/div><\/div><\/div><\/section>\n","protected":false},"excerpt":{"rendered":"Vi, Revierwelt Media GmbH, ser frem til dit bes\u00f8g p\u00e5 vores hjemmeside med vores omfattende online udbud af jagtrelaterede tjenester. Revierwelt Media er udbyder af jagtregionsadministrationssoftwaren &#8222;REVIERWELT&#8220; med et integreret socialt netv\u00e6rk og mulighed for online-kommunikation. Udbuddet af multimedietjenester p\u00e5 REVIERWELT afrundes af en onlineshop til k\u00f8b af produkter i forbindelse med brugen af REVIERWELT...","protected":false},"author":4,"featured_media":0,"parent":0,"menu_order":0,"comment_status":"closed","ping_status":"closed","template":"","meta":{"footnotes":""},"class_list":["post-37214","page","type-page","status-publish","hentry"],"_links":{"self":[{"href":"https:\/\/revierwelt.de\/index.php\/wp-json\/wp\/v2\/pages\/37214","targetHints":{"allow":["GET"]}}],"collection":[{"href":"https:\/\/revierwelt.de\/index.php\/wp-json\/wp\/v2\/pages"}],"about":[{"href":"https:\/\/revierwelt.de\/index.php\/wp-json\/wp\/v2\/types\/page"}],"author":[{"embeddable":true,"href":"https:\/\/revierwelt.de\/index.php\/wp-json\/wp\/v2\/users\/4"}],"replies":[{"embeddable":true,"href":"https:\/\/revierwelt.de\/index.php\/wp-json\/wp\/v2\/comments?post=37214"}],"version-history":[{"count":0,"href":"https:\/\/revierwelt.de\/index.php\/wp-json\/wp\/v2\/pages\/37214\/revisions"}],"wp:attachment":[{"href":"https:\/\/revierwelt.de\/index.php\/wp-json\/wp\/v2\/media?parent=37214"}],"curies":[{"name":"wp","href":"https:\/\/api.w.org\/{rel}","templated":true}]}}