{"id":37273,"date":"2025-02-25T11:18:24","date_gmt":"2025-02-25T10:18:24","guid":{"rendered":"https:\/\/revierwelt.de\/index.php\/mentions-legales\/"},"modified":"2025-02-25T11:18:31","modified_gmt":"2025-02-25T10:18:31","slug":"mentions-legales","status":"publish","type":"page","link":"https:\/\/revierwelt.de\/index.php\/mentions-legales\/?lang=fr","title":{"rendered":"Mentions l\u00e9gales"},"content":{"rendered":"<section class=\"l-section wpb_row height_medium color_alternate\" id=\"start\"><div class=\"l-section-h i-cf\"><div class=\"g-cols vc_row via_flex valign_top type_default stacking_default\"><div class=\"vc_col-sm-12 wpb_column vc_column_container\"><div class=\"vc_column-inner\"><div class=\"wpb_wrapper\"><div class=\"wpb_text_column\"><div class=\"wpb_wrapper\"><h2 style=\"text-align: center;\"><strong>REVIERWELT.<\/strong>  Mentions l\u00e9gales.<\/h2>\n<\/div><\/div><\/div><\/div><\/div><\/div><\/div><\/section><section class=\"l-section wpb_row height_auto width_full\"><div class=\"l-section-h i-cf\"><div class=\"g-cols vc_row via_flex valign_middle type_boxes stacking_default\"><div class=\"vc_col-sm-6 wpb_column vc_column_container us_animate_afl\"><div class=\"vc_column-inner\"><div class=\"wpb_wrapper\"><div class=\"wpb_text_column\"><div class=\"wpb_wrapper\"><p><span class=\"Stil5\">Revierwelt.de est un service de Revierwelt Media <span class=\"Stil3\">GmbH<\/span>.<\/span><\/p>\n<p><strong>REVIERWELT MEDIA GmbH<\/strong><br \/>\nPestalozzistra\u00dfe 41<br \/>\n35606 Solms<br \/>\nT\u00e9l\u00e9phone : +49 6442 220915<br \/>\nE-mail : <a href=\"mailto:support@revierwelt.de\">support@revierwelt.de<\/a><\/p>\n<p>Directeur g\u00e9n\u00e9ral : Alexander Vinnai<br \/>\nRegistre du commerce : Tribunal d&#8217;instance de Wetzlar HRB 6268<span class=\"Stil3\"><strong><br \/>\n<\/strong>Num\u00e9ro de TVA : DE 281317112<\/span><\/p>\n<p><span class=\"Stil3\"><strong>Adresse pour le support et le service :<br \/>\n<\/strong>REVIERWELT MEDIA GmbH<br \/>\nJahnstra\u00dfe 65<br \/>\n35606 Solms<br \/>\nT\u00e9l\u00e9phone : +49 6442 220915<br \/>\nE-mail \u00e0 : <a href=\"mailto:support@revierwelt.de\">support@revierwelt.de<\/a> <\/span><\/p>\n<p><span class=\"Stil3\"><strong>Responsable du contenu des pages :<\/strong><br \/>\nAlexander Vinnai<br \/>\nPestalozzistra\u00dfe 41<br \/>\n35606 Solms<br \/>\nT\u00e9l\u00e9phone : 06442\/220915<\/span><\/p>\n<\/div><\/div><\/div><\/div><\/div><div class=\"vc_col-sm-6 wpb_column vc_column_container has_bg_color us_animate_afr\"><div class=\"vc_column-inner us_custom_64e10f9b\"><div class=\"wpb_wrapper\"><div class=\"w-separator size_custom\" style=\"height:200px\"><\/div><\/div><\/div><\/div><\/div><\/div><\/section><section class=\"l-section wpb_row height_auto width_full\"><div class=\"l-section-h i-cf\"><div class=\"g-cols vc_row via_flex valign_middle type_boxes stacking_default\"><div class=\"vc_col-sm-6 vc_hidden-xs wpb_column vc_column_container has_bg_color us_animate_afl\"><div class=\"vc_column-inner us_custom_414609dc\"><div class=\"wpb_wrapper\"><div class=\"w-separator size_custom\" style=\"height:200px\"><\/div><\/div><\/div><\/div><div class=\"vc_col-sm-6 wpb_column vc_column_container us_animate_afr\"><div class=\"vc_column-inner\"><div class=\"wpb_wrapper\"><div class=\"wpb_text_column\"><div class=\"wpb_wrapper\"><p><strong>Copyright<\/strong><br \/>\nCe site est prot\u00e9g\u00e9 par des droits d&#8217;auteur. Les droits d&#8217;auteur sont d\u00e9tenus par Revierwelt Media GmbH. Aucune partie de ce site ne peut \u00eatre reproduite sous quelque forme que ce soit sans l&#8217;autorisation \u00e9crite du propri\u00e9taire. Le propri\u00e9taire n&#8217;assume aucune responsabilit\u00e9 ou garantie quant au contenu de ces pages. Les donn\u00e9es techniques correspondent \u00e0 l&#8217;\u00e9tat actuel. Sous r\u00e9serve de fautes de frappe, d&#8217;erreurs et de modifications.     <\/p>\n<p><strong>Remarque concernant tous les liens sur cette page d&#8217;accueil<\/strong><br \/>\nPar son jugement du 12 mai 1998 &#8211; 312 O 85\/98 &#8211; &#8222;Responsabilit\u00e9 pour les liens&#8220;, le tribunal de grande instance (LG) de Hambourg a d\u00e9cid\u00e9 que l&#8217;on est \u00e9ventuellement coresponsable du contenu de la page li\u00e9e en y pla\u00e7ant un lien. Selon le tribunal, cela ne peut \u00eatre \u00e9vit\u00e9 que si l&#8217;on se distancie express\u00e9ment de ces contenus. Par la pr\u00e9sente, nous nous distan\u00e7ons express\u00e9ment de tous les contenus des pages li\u00e9es \u00e0 notre site. Cette d\u00e9claration s&#8217;applique \u00e0 tous les liens figurant sur notre site.   <\/p>\n<p><strong>Mentions l\u00e9gales<\/strong><br \/>\nTous les textes, images, graphiques ainsi que l&#8217;ensemble du design, y compris la mise en page, la police et les couleurs sont r\u00e9serv\u00e9s avec tous les droits de Revierwelt Media. La reproduction d&#8217;informations ou de donn\u00e9es, l&#8217;utilisation de textes, de parties de textes ou d&#8217;images ainsi que tout type de copie ou de reproduction n\u00e9cessitent l&#8217;accord \u00e9crit de Revierwelt Media. Les contrevenants s&#8217;exposent \u00e0 des poursuites judiciaires.<br \/>\nRevierwelt Media ne peut \u00eatre tenu responsable du contenu des liens externes. Toute responsabilit\u00e9 ou garantie pour l&#8217;actualit\u00e9, l&#8217;exactitude et l&#8217;exhaustivit\u00e9 des informations mises \u00e0 disposition est \u00e9galement exclue. Pour conna\u00eetre le cadre juridique de nos services, veuillez consulter nos CGU et notre politique de confidentialit\u00e9.<br \/>\nToutes les autres marques, logos et noms de produits mentionn\u00e9s ici sont la propri\u00e9t\u00e9 de leurs d\u00e9tenteurs respectifs. Si vous avez des questions, des remarques, des offres, des dysfonctionnements ou des contacts concernant votre acc\u00e8s en g\u00e9n\u00e9ral, veuillez vous adresser aux contacts correspondants indiqu\u00e9s ci-dessus. Les photos sont soumises \u00e0 leurs droits d&#8217;auteur.<\/p>\n<\/div><\/div><\/div><\/div><\/div><\/div><\/div><\/section><section class=\"l-section wpb_row height_medium color_alternate\"><div class=\"l-section-h i-cf\"><div class=\"g-cols vc_row via_flex valign_top type_default stacking_default\"><div class=\"vc_col-sm-12 wpb_column vc_column_container\"><div class=\"vc_column-inner\"><div class=\"wpb_wrapper\"><div class=\"wpb_text_column\"><div class=\"wpb_wrapper\"><h2 style=\"text-align: center;\"><strong>REVIERWELT.<\/strong>  D\u00e9couvrir.<\/h2>\n<\/div><\/div><\/div><\/div><\/div><\/div><\/div><\/section><section class=\"l-section wpb_row height_medium with_img parallax_ver\"><div class=\"l-section-img\" role=\"img\" data-img-width=\"1024\" data-img-height=\"683\" style=\"background-image: url(https:\/\/revierwelt.de\/wp-content\/uploads\/2018\/01\/170301-0001-2.jpg);\"><\/div><div class=\"l-section-overlay\" style=\"background:rgba(72,108,75,0.5)\"><\/div><div class=\"l-section-h i-cf\"><div class=\"g-cols vc_row via_flex valign_top type_default stacking_default\"><div class=\"vc_col-sm-12 wpb_column vc_column_container\"><div class=\"vc_column-inner\"><div class=\"wpb_wrapper\"><div class=\"w-grid type_grid layout_25853 hidden cols_5 ratio_1x1\" id=\"us_grid_1\" style=\"--columns:5;--gap:2px;--item-ratio:1;\" data-filterable=\"true\"><style>@media (max-width:1380px){#us_grid_1{--columns:3!important}}@media (max-width:1024px){#us_grid_1{--columns:2!important}}@media (max-width:600px){#us_grid_1{--columns:1!important}}.layout_25853 .w-grid-item-h{}.layout_25853 .usg_post_custom_field_1{transition-duration:0.4s;transform-origin:50% 50%;transform:scale(0) translate(0,0);opacity:0}.layout_25853 .w-grid-item-h:hover .usg_post_custom_field_1{transform:scale(1.5) translate(0,0);opacity:1}.layout_25853 .usg_vwrapper_1{transition-duration:0.4s;transform-origin:50% 50%;transform:scale(0) translate(0,0);opacity:0}.layout_25853 .w-grid-item-h:hover .usg_vwrapper_1{transform:scale(1) translate(0,0);opacity:1}.layout_25853 .usg_post_image_1{position:absolute!important;top:0!important;right:0!important;bottom:0!important;left:0!important}.layout_25853 .usg_post_custom_field_1{position:absolute!important;top:0!important;right:0!important;bottom:0!important;left:0!important;border-radius:50!important;padding:2rem!important;background:inherit!important}.layout_25853 .usg_vwrapper_1{position:absolute!important;top:0!important;right:0!important;bottom:0!important;left:0!important;padding:2rem!important}.layout_25853 .usg_post_title_1{color:inherit!important}<\/style><div class=\"w-grid-list\"><\/div><div class=\"w-grid-preloader\">\t<div class=\"g-preloader type_1\">\r\n\t\t<div><\/div>\r\n\t<\/div>\r\n\t<\/div>\t<div class=\"w-grid-json hidden\" onclick='return {&quot;action&quot;:&quot;us_ajax_grid&quot;,&quot;infinite_scroll&quot;:0,&quot;max_num_pages&quot;:0,&quot;pagination&quot;:&quot;none&quot;,&quot;template_vars&quot;:{&quot;columns&quot;:&quot;5&quot;,&quot;exclude_items&quot;:&quot;none&quot;,&quot;img_size&quot;:&quot;us_600_0&quot;,&quot;ignore_items_size&quot;:0,&quot;items_layout&quot;:&quot;25853&quot;,&quot;items_offset&quot;:&quot;1&quot;,&quot;load_animation&quot;:&quot;none&quot;,&quot;overriding_link&quot;:&quot;%7B%22type%22%3A%22post%22%7D&quot;,&quot;post_id&quot;:0,&quot;query_args&quot;:{&quot;post_type&quot;:[&quot;us_portfolio&quot;],&quot;tax_query&quot;:[{&quot;taxonomy&quot;:&quot;us_portfolio_category&quot;,&quot;field&quot;:&quot;slug&quot;,&quot;terms&quot;:[&quot;monde de la chasse&quot;]}],&quot;post_status&quot;:[&quot;publish&quot;],&quot;posts_per_page&quot;:&quot;5&quot;},&quot;orderby_query_args&quot;:{&quot;orderby&quot;:{&quot;date&quot;:&quot;DESC&quot;}},&quot;type&quot;:&quot;grid&quot;,&quot;us_grid_post_type&quot;:&quot;us_portfolio&quot;,&quot;us_grid_ajax_index&quot;:1,&quot;us_grid_filter_query_string&quot;:null,&quot;us_grid_index&quot;:1,&quot;page_args&quot;:[]}}'><\/div>\r\n\t<\/div><div class=\"w-grid-none type_message\">Es wurden keine Ergebnisse gefunden.<\/div><\/div><\/div><\/div><\/div><\/div><\/section><section class=\"l-section wpb_row height_medium color_primary\"><div class=\"l-section-h i-cf\"><div class=\"g-cols vc_row via_flex valign_top type_default stacking_default\"><div class=\"vc_col-sm-12 wpb_column vc_column_container us_animate_afb\"><div class=\"vc_column-inner\"><div class=\"wpb_wrapper\"><div class=\"w-actionbox color_primary controls_right\"><div class=\"w-actionbox-text\"><h2 class=\"w-actionbox-title\">Voyez par vous-m\u00eame Revierwelt !<\/h2><\/div><div class=\"w-actionbox-controls\"><a class=\"w-btn us-btn-style_6 icon_atleft\" href=\"https:\/\/portal.revierwelt.de\/\" style=\"font-size:19px;\"><i class=\"fas fa-user-plus\"><\/i><span class=\"w-btn-label\">Inscrivez-vous maintenant !<\/span><\/a><\/div><\/div><\/div><\/div><\/div><\/div><\/div><\/section>\n","protected":false},"excerpt":{"rendered":"REVIERWELT. Mentions l\u00e9gales. Revierwelt.de est un service de Revierwelt Media GmbH. REVIERWELT MEDIA GmbH Pestalozzistra\u00dfe 41 35606 Solms T\u00e9l\u00e9phone : +49 6442 220915 E-mail : support@revierwelt.de Directeur g\u00e9n\u00e9ral : Alexander Vinnai Registre du commerce : Tribunal d&#8217;instance de Wetzlar HRB 6268 Num\u00e9ro de TVA : DE 281317112 Adresse pour le support et le service :...","protected":false},"author":1,"featured_media":0,"parent":0,"menu_order":0,"comment_status":"closed","ping_status":"closed","template":"","meta":{"footnotes":""},"class_list":["post-37273","page","type-page","status-publish","hentry"],"_links":{"self":[{"href":"https:\/\/revierwelt.de\/index.php\/wp-json\/wp\/v2\/pages\/37273","targetHints":{"allow":["GET"]}}],"collection":[{"href":"https:\/\/revierwelt.de\/index.php\/wp-json\/wp\/v2\/pages"}],"about":[{"href":"https:\/\/revierwelt.de\/index.php\/wp-json\/wp\/v2\/types\/page"}],"author":[{"embeddable":true,"href":"https:\/\/revierwelt.de\/index.php\/wp-json\/wp\/v2\/users\/1"}],"replies":[{"embeddable":true,"href":"https:\/\/revierwelt.de\/index.php\/wp-json\/wp\/v2\/comments?post=37273"}],"version-history":[{"count":0,"href":"https:\/\/revierwelt.de\/index.php\/wp-json\/wp\/v2\/pages\/37273\/revisions"}],"wp:attachment":[{"href":"https:\/\/revierwelt.de\/index.php\/wp-json\/wp\/v2\/media?parent=37273"}],"curies":[{"name":"wp","href":"https:\/\/api.w.org\/{rel}","templated":true}]}}