{"id":37338,"date":"2025-02-25T11:18:56","date_gmt":"2025-02-25T10:18:56","guid":{"rendered":"https:\/\/revierwelt.de\/index.php\/revocation\/"},"modified":"2025-02-25T11:18:56","modified_gmt":"2025-02-25T10:18:56","slug":"revocation","status":"publish","type":"page","link":"https:\/\/revierwelt.de\/index.php\/revocation\/?lang=fr","title":{"rendered":"R\u00e9vocation"},"content":{"rendered":"<p><strong>Droit de r\u00e9tractation<\/strong><\/p>\n<p>Vous pouvez r\u00e9voquer votre d\u00e9claration de contrat par \u00e9crit (par ex. lettre, fax, e-mail) dans un d\u00e9lai de 14 jours sans indication de motifs. Le d\u00e9lai commence \u00e0 courir apr\u00e8s r\u00e9ception de cette information sous forme \u00e9crite, mais pas avant la conclusion du contrat ni avant l&#8217;ex\u00e9cution de nos obligations d&#8217;information conform\u00e9ment \u00e0 l&#8217;article 246 \u00a7 2 en liaison avec le \u00a7 1 alin\u00e9as 1 et 2 de l&#8217;EGBGB (loi introductive au code civil allemand) ainsi que de nos obligations conform\u00e9ment au \u00a7 312g alin\u00e9a 1 phrase 1 du BGB (code civil allemand) en liaison avec l&#8217;article 246 \u00a7 3 de l&#8217;EGBGB. Pour respecter le d\u00e9lai de r\u00e9tractation, il suffit d&#8217;envoyer la r\u00e9tractation dans les d\u00e9lais. La r\u00e9tractation doit \u00eatre adress\u00e9e \u00e0 :   <\/p>\n<p>REVIERWELT MEDIA GMBH<br \/>\nDirecteur : Alexander Vinnai<br \/>\nPestalozzistra\u00dfe 41<br \/>\n35606 Solms<br \/>\nsupport@revierwelt.de<\/p>\n<p><strong>Cons\u00e9quences de la r\u00e9tractation<\/strong><\/p>\n<p>En cas de r\u00e9tractation effective, les prestations re\u00e7ues par les deux parties doivent \u00eatre restitu\u00e9es et, le cas \u00e9ch\u00e9ant, les avantages tir\u00e9s (par exemple les int\u00e9r\u00eats) doivent \u00eatre rembours\u00e9s. Si vous ne pouvez pas nous restituer la prestation re\u00e7ue ainsi que les avantages (par ex. avantages d&#8217;utilisation) ou si vous ne pouvez les restituer qu&#8217;en partie ou dans un \u00e9tat d\u00e9grad\u00e9, vous devez nous verser un d\u00e9dommagement. Cela peut avoir pour cons\u00e9quence que vous devez tout de m\u00eame remplir les obligations de paiement contractuelles pour la p\u00e9riode allant jusqu&#8217;\u00e0 la r\u00e9vocation. Les obligations de remboursement des paiements doivent \u00eatre remplies dans un d\u00e9lai de 30 jours. Le d\u00e9lai commence \u00e0 courir pour vous \u00e0 partir de l&#8217;envoi de votre d\u00e9claration de r\u00e9tractation et pour nous \u00e0 partir de sa r\u00e9ception.    <\/p>\n<p><strong>Remarques particuli\u00e8res<\/strong><\/p>\n<p>Votre droit de r\u00e9tractation expire pr\u00e9matur\u00e9ment si, \u00e0 votre demande expresse, le contrat a \u00e9t\u00e9 enti\u00e8rement ex\u00e9cut\u00e9 par les deux parties avant que vous n&#8217;ayez exerc\u00e9 votre droit de r\u00e9tractation.<\/p>\n<p><strong>Fin de l&#8217;information sur le droit de r\u00e9tractation.<\/strong><\/p>\n","protected":false},"excerpt":{"rendered":"<p>Droit de r\u00e9tractation Vous pouvez r\u00e9voquer votre d\u00e9claration de contrat par \u00e9crit (par ex. lettre, fax, e-mail) dans un d\u00e9lai de 14 jours sans indication de motifs. Le d\u00e9lai commence \u00e0 courir apr\u00e8s r\u00e9ception de cette information sous forme \u00e9crite, mais pas avant la conclusion du contrat ni avant l&#8217;ex\u00e9cution de nos obligations d&#8217;information conform\u00e9ment&#8230;<\/p>\n","protected":false},"author":4,"featured_media":0,"parent":0,"menu_order":0,"comment_status":"closed","ping_status":"closed","template":"","meta":{"footnotes":""},"class_list":["post-37338","page","type-page","status-publish","hentry"],"_links":{"self":[{"href":"https:\/\/revierwelt.de\/index.php\/wp-json\/wp\/v2\/pages\/37338","targetHints":{"allow":["GET"]}}],"collection":[{"href":"https:\/\/revierwelt.de\/index.php\/wp-json\/wp\/v2\/pages"}],"about":[{"href":"https:\/\/revierwelt.de\/index.php\/wp-json\/wp\/v2\/types\/page"}],"author":[{"embeddable":true,"href":"https:\/\/revierwelt.de\/index.php\/wp-json\/wp\/v2\/users\/4"}],"replies":[{"embeddable":true,"href":"https:\/\/revierwelt.de\/index.php\/wp-json\/wp\/v2\/comments?post=37338"}],"version-history":[{"count":0,"href":"https:\/\/revierwelt.de\/index.php\/wp-json\/wp\/v2\/pages\/37338\/revisions"}],"wp:attachment":[{"href":"https:\/\/revierwelt.de\/index.php\/wp-json\/wp\/v2\/media?parent=37338"}],"curies":[{"name":"wp","href":"https:\/\/api.w.org\/{rel}","templated":true}]}}