{"id":37547,"date":"2025-02-25T11:21:34","date_gmt":"2025-02-25T10:21:34","guid":{"rendered":"https:\/\/revierwelt.de\/index.php\/tarkvara-ja-andmed\/"},"modified":"2025-02-25T11:21:37","modified_gmt":"2025-02-25T10:21:37","slug":"tarkvara-ja-andmed","status":"publish","type":"page","link":"https:\/\/revierwelt.de\/index.php\/tarkvara-ja-andmed\/?lang=et","title":{"rendered":"Tarkvara ja andmed"},"content":{"rendered":"<section class=\"l-section wpb_row height_medium color_alternate\" id=\"start\"><div class=\"l-section-h i-cf\"><div class=\"g-cols vc_row via_flex valign_top type_default stacking_default\"><div class=\"vc_col-sm-12 wpb_column vc_column_container\"><div class=\"vc_column-inner\"><div class=\"wpb_wrapper\"><div class=\"wpb_text_column\"><div class=\"wpb_wrapper\"><h2 style=\"text-align: center;\"><strong>REVIERWELT.<\/strong>  Tarkvara ja andmed.<\/h2>\n<\/div><\/div><\/div><\/div><\/div><\/div><\/div><\/section><section class=\"l-section wpb_row height_auto width_full\"><div class=\"l-section-h i-cf\"><div class=\"g-cols vc_row via_flex valign_middle type_boxes stacking_default\"><div class=\"vc_col-sm-6 wpb_column vc_column_container us_animate_afl\"><div class=\"vc_column-inner\"><div class=\"wpb_wrapper\"><div class=\"wpb_text_column\"><div class=\"wpb_wrapper\"><h3 class=\"p1\">\u00dcsna lihtsalt veebi kaudu.<\/h3>\n<p>Revierwelt on pilveteenus, mida saate kasutada mis tahes veebibrauseri kaudu aadressil revierwelt.de. Teie arvutisse, tahvelarvutisse v\u00f5i nutitelefonile ei ole vaja tarkvara paigaldada. Nutitelefonidele ja tahvelarvutitele on saadaval tasuta rakendused REVIERWELT, mis teevad t\u00f6\u00f6tamise Androidiga, iPhone&#8217;iga ja iPadiga t\u00f5eliselt mugavaks.  <\/p>\n<p>Teie andmetele on juurdep\u00e4\u00e4s suvalistel l\u00f5ppseadmetel teie isikliku konto all. Andmeid varundatakse meie ettev\u00f5tte enda serverites, mis asuvad Frankfurdis Maini \u00e4\u00e4res asuvas andmekeskuses. <\/p>\n<p>Ei ole oluline, milliste ja kui paljude seadmetega te Revierwelt&#8217;i sisse logite &#8211; teie territoorium on alati kontrolli all, kus iganes te ka ei viibiksite.<\/p>\n<\/div><\/div><\/div><\/div><\/div><div class=\"vc_col-sm-6 wpb_column vc_column_container has_bg_color us_animate_afr\"><div class=\"vc_column-inner us_custom_5ed667c3\"><div class=\"wpb_wrapper\"><div class=\"w-separator size_custom\" style=\"height:200px\"><\/div><\/div><\/div><\/div><\/div><\/div><\/section><section class=\"l-section wpb_row height_auto width_full\"><div class=\"l-section-h i-cf\"><div class=\"g-cols vc_row via_flex valign_middle type_boxes stacking_default\"><div class=\"vc_col-sm-6 vc_hidden-xs wpb_column vc_column_container has_bg_color us_animate_afl\"><div class=\"vc_column-inner us_custom_11936135\"><div class=\"wpb_wrapper\"><div class=\"w-separator size_custom\" style=\"height:200px\"><\/div><\/div><\/div><\/div><div class=\"vc_col-sm-6 wpb_column vc_column_container us_animate_afr\"><div class=\"vc_column-inner\"><div class=\"wpb_wrapper\"><div class=\"wpb_text_column\"><div class=\"wpb_wrapper\"><p class=\"p1\">K\u00f5iki andmeid t\u00f6\u00f6deldakse andmekeskuses ettev\u00f5tte enda riistvaral. Revierwelt tegutseb TIER 3+ andmekeskuses ja on vastavalt kaitstud. Me kasutame standardseid s\u00fcsteeme, nagu tulem\u00fc\u00fcrid, IDS (sissetungituvastuss\u00fcsteemid) ja viirusekraanid ning t\u00e4iustatud s\u00fcsteemid. Rakenduse ja Revierwelt&#8217;i vaheline side on turvatud 256-bitise AESiga.   <\/p>\n<p class=\"p1\">Me ei edasta andmeid kolmandatele isikutele ei tasu eest ega tasuta.<\/p>\n<\/div><\/div><\/div><\/div><\/div><\/div><\/div><\/section><section class=\"l-section wpb_row height_auto width_full\"><div class=\"l-section-h i-cf\"><div class=\"g-cols vc_row via_flex valign_middle type_boxes stacking_default\"><div class=\"vc_col-sm-6 wpb_column vc_column_container us_animate_afl\"><div class=\"vc_column-inner\"><div class=\"wpb_wrapper\"><div class=\"wpb_text_column\"><div class=\"wpb_wrapper\"><h3 class=\"p1\">Me r\u00e4\u00e4gime palju keeli.<\/h3>\n<p class=\"p1\">Kas olete kasutanud oma jahinduse haldamiseks m\u00f5nda muud tarkvara ja soovite minna \u00fcle Revierwelt&#8217;ile &#8211; koos k\u00f5igi oma andmetega? Kas olete saanud oma jahipiirkonna piirid digitaalse jahipiiregistri kaudu? Teie jahipiirkondade rajatised on salvestatud Exceli failis? Pole probleemi. Revierwelt saab andmeid otse importida ja edastada paljudes vormingutes. See t\u00e4hendab, et te ei pea olemasolevaid andmeid uuesti sisestama.     <\/p>\n<p>Aadressihaldust, jahipiirkonna rajatisi, kassaraamatut ja paljusid teisi jahipiirkonna maailma valdkondi saab t\u00e4ita v\u00e4liste programmide andmetega. Excel, CSV, KML ja paljud teised formaadid ei ole meie jaoks probleemiks.<\/p>\n<\/div><\/div><\/div><\/div><\/div><div class=\"vc_col-sm-6 wpb_column vc_column_container has_bg_color us_animate_afr\"><div class=\"vc_column-inner us_custom_c932498f\"><div class=\"wpb_wrapper\"><div class=\"w-separator size_custom\" style=\"height:200px\"><\/div><\/div><\/div><\/div><\/div><\/div><\/section><section class=\"l-section wpb_row height_medium color_alternate\"><div class=\"l-section-h i-cf\"><div class=\"g-cols vc_row via_flex valign_top type_default stacking_default\"><div class=\"vc_col-sm-12 wpb_column vc_column_container\"><div class=\"vc_column-inner\"><div class=\"wpb_wrapper\"><div class=\"wpb_text_column\"><div class=\"wpb_wrapper\"><h2 style=\"text-align: center;\"><strong>REVIERWELT.<\/strong>  Avasta.<\/h2>\n<\/div><\/div><\/div><\/div><\/div><\/div><\/div><\/section><section class=\"l-section wpb_row height_medium with_img parallax_ver\"><div class=\"l-section-img\" role=\"img\" data-img-width=\"1024\" data-img-height=\"683\" style=\"background-image: url(https:\/\/revierwelt.de\/wp-content\/uploads\/2018\/01\/170301-0001-2.jpg);\"><\/div><div class=\"l-section-overlay\" style=\"background:rgba(72,108,75,0.5)\"><\/div><div class=\"l-section-h i-cf\"><div class=\"g-cols vc_row via_flex valign_top type_default stacking_default\"><div class=\"vc_col-sm-12 wpb_column vc_column_container\"><div class=\"vc_column-inner\"><div class=\"wpb_wrapper\"><div class=\"w-grid type_grid layout_25853 cols_5 ratio_1x1\" id=\"us_grid_1\" style=\"--columns:5;--gap:2px;--item-ratio:1;\" data-filterable=\"true\"><style>@media (max-width:1380px){#us_grid_1{--columns:3!important}}@media (max-width:1024px){#us_grid_1{--columns:2!important}}@media (max-width:600px){#us_grid_1{--columns:1!important}}.layout_25853 .w-grid-item-h{}.layout_25853 .usg_post_custom_field_1{transition-duration:0.4s;transform-origin:50% 50%;transform:scale(0) translate(0,0);opacity:0}.layout_25853 .w-grid-item-h:hover .usg_post_custom_field_1{transform:scale(1.5) translate(0,0);opacity:1}.layout_25853 .usg_vwrapper_1{transition-duration:0.4s;transform-origin:50% 50%;transform:scale(0) translate(0,0);opacity:0}.layout_25853 .w-grid-item-h:hover .usg_vwrapper_1{transform:scale(1) translate(0,0);opacity:1}.layout_25853 .usg_post_image_1{position:absolute!important;top:0!important;right:0!important;bottom:0!important;left:0!important}.layout_25853 .usg_post_custom_field_1{position:absolute!important;top:0!important;right:0!important;bottom:0!important;left:0!important;border-radius:50!important;padding:2rem!important;background:inherit!important}.layout_25853 .usg_vwrapper_1{position:absolute!important;top:0!important;right:0!important;bottom:0!important;left:0!important;padding:2rem!important}.layout_25853 .usg_post_title_1{color:inherit!important}<\/style><div class=\"w-grid-list\">\t<article class=\"w-grid-item size_1x1 post-28473 us_portfolio type-us_portfolio status-publish has-post-thumbnail hentry us_portfolio_category-revierwelt\" data-id=\"28473\">\r\n\t\t<div class=\"w-grid-item-h\" style=\"background:#f2f2f2;color:#486c4b;\">\r\n\t\t\t\t\t\t\t<a href=\"https:\/\/revierwelt.de\/index.php\/portfolio\/fleischverwaltung\/\" class=\"w-grid-item-anchor\" aria-label=\"Fleischverwaltung\"><\/a>\r\n\t\t\t\t\t\t<div class=\"w-post-elm post_image usg_post_image_1 stretched\"><img loading=\"lazy\" decoding=\"async\" width=\"573\" height=\"573\" src=\"https:\/\/revierwelt.de\/wp-content\/uploads\/2022\/03\/frisches_wild_qua.png\" class=\"attachment-us_600_0 size-us_600_0 wp-post-image\" alt=\"\" \/><\/div><div class=\"w-post-elm post_custom_field usg_post_custom_field_1 type_text  color_link_inherit has_border_radius\"><span class=\"w-post-elm-value\"><\/span><\/div><div class=\"w-vwrapper usg_vwrapper_1 align_center valign_middle\"><h3 class=\"w-post-elm post_title usg_post_title_1 has_text_color align_center entry-title color_link_inherit\">Fleischverwaltung<\/h3><\/div>\t\t<\/div>\r\n\t\t\t<\/article>\r\n\t<article class=\"w-grid-item size_1x1 post-26717 us_portfolio type-us_portfolio status-publish has-post-thumbnail hentry us_portfolio_category-revierwelt\" data-id=\"26717\">\r\n\t\t<div class=\"w-grid-item-h\" style=\"background:#f2f2f2;color:#486c4b;\">\r\n\t\t\t\t\t\t\t<a href=\"https:\/\/revierwelt.de\/index.php\/portfolio\/drueckjagd\/\" class=\"w-grid-item-anchor\" aria-label=\"Dr\u00fcckjagd\"><\/a>\r\n\t\t\t\t\t\t<div class=\"w-post-elm post_image usg_post_image_1 stretched\"><img loading=\"lazy\" decoding=\"async\" width=\"600\" height=\"600\" src=\"https:\/\/revierwelt.de\/wp-content\/uploads\/2020\/05\/DRU\u0308CKJAGD_qua.jpg\" class=\"attachment-us_600_0 size-us_600_0 wp-post-image\" alt=\"\" \/><\/div><div class=\"w-post-elm post_custom_field usg_post_custom_field_1 type_text  color_link_inherit has_border_radius\"><span class=\"w-post-elm-value\"><\/span><\/div><div class=\"w-vwrapper usg_vwrapper_1 align_center valign_middle\"><h3 class=\"w-post-elm post_title usg_post_title_1 has_text_color align_center entry-title color_link_inherit\">Dr\u00fcckjagd<\/h3><\/div>\t\t<\/div>\r\n\t\t\t<\/article>\r\n\t<article class=\"w-grid-item size_1x1 post-23142 us_portfolio type-us_portfolio status-publish has-post-thumbnail hentry us_portfolio_category-revierwelt\" data-id=\"23142\">\r\n\t\t<div class=\"w-grid-item-h\" style=\"background:#f2f2f2;color:#486c4b;\">\r\n\t\t\t\t\t\t\t<a href=\"https:\/\/revierwelt.de\/index.php\/portfolio\/revierverwaltung\/\" class=\"w-grid-item-anchor\" aria-label=\"Revierverwaltung\"><\/a>\r\n\t\t\t\t\t\t<div class=\"w-post-elm post_image usg_post_image_1 stretched\"><img loading=\"lazy\" decoding=\"async\" width=\"600\" height=\"600\" src=\"https:\/\/revierwelt.de\/wp-content\/uploads\/2018\/01\/revierverwaltung-1-1-600x600.jpg\" class=\"attachment-us_600_0 size-us_600_0 wp-post-image\" alt=\"\" srcset=\"https:\/\/revierwelt.de\/wp-content\/uploads\/2018\/01\/revierverwaltung-1-1-600x600.jpg 600w, https:\/\/revierwelt.de\/wp-content\/uploads\/2018\/01\/revierverwaltung-1-1-150x150.jpg 150w, https:\/\/revierwelt.de\/wp-content\/uploads\/2018\/01\/revierverwaltung-1-1-300x300.jpg 300w, https:\/\/revierwelt.de\/wp-content\/uploads\/2018\/01\/revierverwaltung-1-1-768x768.jpg 768w, https:\/\/revierwelt.de\/wp-content\/uploads\/2018\/01\/revierverwaltung-1-1.jpg 1024w, https:\/\/revierwelt.de\/wp-content\/uploads\/2018\/01\/revierverwaltung-1-1-180x180.jpg 180w, https:\/\/revierwelt.de\/wp-content\/uploads\/2018\/01\/revierverwaltung-1-1-350x350.jpg 350w\" sizes=\"auto, (max-width: 600px) 100vw, 600px\" \/><\/div><div class=\"w-post-elm post_custom_field usg_post_custom_field_1 type_text  color_link_inherit has_border_radius\"><span class=\"w-post-elm-value\"><\/span><\/div><div class=\"w-vwrapper usg_vwrapper_1 align_center valign_middle\"><h3 class=\"w-post-elm post_title usg_post_title_1 has_text_color align_center entry-title color_link_inherit\">Revierverwaltung<\/h3><\/div>\t\t<\/div>\r\n\t\t\t<\/article>\r\n\t<article class=\"w-grid-item size_1x1 post-331 us_portfolio type-us_portfolio status-publish has-post-thumbnail hentry us_portfolio_category-revierwelt\" data-id=\"331\">\r\n\t\t<div class=\"w-grid-item-h\" style=\"background:#f2f2f2;color:#486c4b;\">\r\n\t\t\t\t\t\t\t<a href=\"https:\/\/revierwelt.de\/index.php\/portfolio\/gps-hundeortung\/\" class=\"w-grid-item-anchor\" aria-label=\"GPS-Hundeortung\"><\/a>\r\n\t\t\t\t\t\t<div class=\"w-post-elm post_image usg_post_image_1 stretched\"><img loading=\"lazy\" decoding=\"async\" width=\"600\" height=\"600\" src=\"https:\/\/revierwelt.de\/wp-content\/uploads\/2018\/01\/Dru\u0308ckjagd_iphone_qua2.png\" class=\"attachment-us_600_0 size-us_600_0 wp-post-image\" alt=\"\" \/><\/div><div class=\"w-post-elm post_custom_field usg_post_custom_field_1 type_text  color_link_inherit has_border_radius\"><span class=\"w-post-elm-value\"><\/span><\/div><div class=\"w-vwrapper usg_vwrapper_1 align_center valign_middle\"><h3 class=\"w-post-elm post_title usg_post_title_1 has_text_color align_center entry-title color_link_inherit\">GPS-Hundeortung<\/h3><\/div>\t\t<\/div>\r\n\t\t\t<\/article>\r\n\t<article class=\"w-grid-item size_1x1 post-23138 us_portfolio type-us_portfolio status-publish has-post-thumbnail hentry us_portfolio_category-revierwelt\" data-id=\"23138\">\r\n\t\t<div class=\"w-grid-item-h\" style=\"background:#f2f2f2;color:#486c4b;\">\r\n\t\t\t\t\t\t\t<a href=\"https:\/\/revierwelt.de\/index.php\/portfolio\/wildkameras\/\" class=\"w-grid-item-anchor\" aria-label=\"Wildkameras\"><\/a>\r\n\t\t\t\t\t\t<div class=\"w-post-elm post_image usg_post_image_1 stretched\"><img loading=\"lazy\" decoding=\"async\" width=\"600\" height=\"600\" src=\"https:\/\/revierwelt.de\/wp-content\/uploads\/2018\/01\/WILDKAMERA_wald_qua.jpg\" class=\"attachment-us_600_0 size-us_600_0 wp-post-image\" alt=\"\" \/><\/div><div class=\"w-post-elm post_custom_field usg_post_custom_field_1 type_text  color_link_inherit has_border_radius\"><span class=\"w-post-elm-value\"><\/span><\/div><div class=\"w-vwrapper usg_vwrapper_1 align_center valign_middle\"><h3 class=\"w-post-elm post_title usg_post_title_1 has_text_color align_center entry-title color_link_inherit\">Wildkameras<\/h3><\/div>\t\t<\/div>\r\n\t\t\t<\/article>\r\n<\/div><div class=\"w-grid-preloader\">\t<div class=\"g-preloader type_1\">\r\n\t\t<div><\/div>\r\n\t<\/div>\r\n\t<\/div>\t<div class=\"w-grid-json hidden\" onclick='return {&quot;action&quot;:&quot;us_ajax_grid&quot;,&quot;infinite_scroll&quot;:0,&quot;max_num_pages&quot;:2,&quot;pagination&quot;:&quot;none&quot;,&quot;template_vars&quot;:{&quot;columns&quot;:&quot;5&quot;,&quot;exclude_items&quot;:&quot;none&quot;,&quot;img_size&quot;:&quot;us_600_0&quot;,&quot;ignore_items_size&quot;:0,&quot;items_layout&quot;:&quot;25853&quot;,&quot;items_offset&quot;:&quot;1&quot;,&quot;load_animation&quot;:&quot;none&quot;,&quot;overriding_link&quot;:&quot;%7B%22type%22%3A%22post%22%7D&quot;,&quot;post_id&quot;:0,&quot;query_args&quot;:{&quot;post_type&quot;:[&quot;us_portfolio&quot;],&quot;tax_query&quot;:[{&quot;taxonomy&quot;:&quot;us_portfolio_category&quot;,&quot;field&quot;:&quot;slug&quot;,&quot;terms&quot;:[&quot;revierwelt&quot;]}],&quot;post_status&quot;:[&quot;publish&quot;],&quot;posts_per_page&quot;:&quot;5&quot;},&quot;orderby_query_args&quot;:{&quot;orderby&quot;:{&quot;date&quot;:&quot;DESC&quot;}},&quot;type&quot;:&quot;grid&quot;,&quot;us_grid_post_type&quot;:&quot;us_portfolio&quot;,&quot;us_grid_ajax_index&quot;:1,&quot;us_grid_filter_query_string&quot;:null,&quot;us_grid_index&quot;:1,&quot;page_args&quot;:[]}}'><\/div>\r\n\t<\/div><\/div><\/div><\/div><\/div><\/div><\/section><section class=\"l-section wpb_row height_medium color_primary\"><div class=\"l-section-h i-cf\"><div class=\"g-cols vc_row via_flex valign_top type_default stacking_default\"><div class=\"vc_col-sm-12 wpb_column vc_column_container us_animate_afb\"><div class=\"vc_column-inner\"><div class=\"wpb_wrapper\"><div class=\"w-actionbox color_primary controls_right\"><div class=\"w-actionbox-text\"><h2 class=\"w-actionbox-title\">Veenduge ise Revierwelt!<\/h2><\/div><div class=\"w-actionbox-controls\"><a class=\"w-btn us-btn-style_6 icon_atleft\" href=\"https:\/\/portal.revierwelt.de\/\" style=\"font-size:19px;\"><i class=\"fas fa-user-plus\"><\/i><span class=\"w-btn-label\">Registreeru kohe!<\/span><\/a><\/div><\/div><\/div><\/div><\/div><\/div><\/div><\/section>\n","protected":false},"excerpt":{"rendered":"REVIERWELT. Wildkamera. Wissen, was l\u00e4uft. Sie k\u00f6nnen nicht rund um die Uhr im Revier sein, um zu wissen was l\u00e4uft. Eine Wildkamera mit GPRS-Funktion dagegen schon \u2013 ihre Bilder zeigen Ihnen, wo sich welches Wild momentan im Revier bewegt. Sie k\u00f6nnen fast jede am Markt erh\u00e4ltliche Kamera mit Revierwelt verwenden. Kameras der Revierwelt-Edition lassen sich...","protected":false},"author":4,"featured_media":0,"parent":0,"menu_order":0,"comment_status":"closed","ping_status":"closed","template":"","meta":{"footnotes":""},"class_list":["post-37547","page","type-page","status-publish","hentry"],"_links":{"self":[{"href":"https:\/\/revierwelt.de\/index.php\/wp-json\/wp\/v2\/pages\/37547","targetHints":{"allow":["GET"]}}],"collection":[{"href":"https:\/\/revierwelt.de\/index.php\/wp-json\/wp\/v2\/pages"}],"about":[{"href":"https:\/\/revierwelt.de\/index.php\/wp-json\/wp\/v2\/types\/page"}],"author":[{"embeddable":true,"href":"https:\/\/revierwelt.de\/index.php\/wp-json\/wp\/v2\/users\/4"}],"replies":[{"embeddable":true,"href":"https:\/\/revierwelt.de\/index.php\/wp-json\/wp\/v2\/comments?post=37547"}],"version-history":[{"count":0,"href":"https:\/\/revierwelt.de\/index.php\/wp-json\/wp\/v2\/pages\/37547\/revisions"}],"wp:attachment":[{"href":"https:\/\/revierwelt.de\/index.php\/wp-json\/wp\/v2\/media?parent=37547"}],"curies":[{"name":"wp","href":"https:\/\/api.w.org\/{rel}","templated":true}]}}