{"id":37579,"date":"2025-02-25T11:22:04","date_gmt":"2025-02-25T10:22:04","guid":{"rendered":"https:\/\/revierwelt.de\/index.php\/quest-ce-que-le-monde-du-commissariat\/"},"modified":"2025-02-25T11:22:18","modified_gmt":"2025-02-25T10:22:18","slug":"quest-ce-que-le-monde-du-commissariat","status":"publish","type":"page","link":"https:\/\/revierwelt.de\/index.php\/quest-ce-que-le-monde-du-commissariat\/?lang=fr","title":{"rendered":"Qu&#8217;est-ce que le monde du commissariat ?"},"content":{"rendered":"<section class=\"l-section wpb_row height_medium color_alternate\" id=\"start\"><div class=\"l-section-h i-cf\"><div class=\"g-cols vc_row via_flex valign_top type_default stacking_default\"><div class=\"vc_col-sm-12 wpb_column vc_column_container\"><div class=\"vc_column-inner\"><div class=\"wpb_wrapper\"><div class=\"wpb_text_column\"><div class=\"wpb_wrapper\"><h2 style=\"text-align: center;\"><strong>REVIERWELT.<\/strong><\/h2>\n<\/div><\/div><\/div><\/div><\/div><\/div><\/div><\/section><section class=\"l-section wpb_row height_auto width_full\"><div class=\"l-section-h i-cf\"><div class=\"g-cols vc_row via_flex valign_middle type_boxes stacking_default\"><div class=\"vc_col-sm-6 wpb_column vc_column_container us_animate_afl\"><div class=\"vc_column-inner\"><div class=\"wpb_wrapper\"><div class=\"wpb_text_column\"><div class=\"wpb_wrapper\"><h5>Qu&#8217;est-ce que le monde du territoire ?<\/h5>\n<p>Avec environ 100.000 abonn\u00e9s, Revierwelt est le plus grand fournisseur de solutions logicielles pour la chasse et les territoires de chasse au quotidien et probablement la seule plate-forme au monde qui combine <b>la gestion de la chasse <\/b>et <b>les fonctions de m\u00e9dias sociaux <\/b>en un seul programme. Revierwelt convient aussi bien aux petits et grands territoires de chasse qu&#8217;aux utilisateurs commerciaux tels que les municipalit\u00e9s et les associations. Avec plus de 120 fonctions, Revierwelt vous offre tout ce dont vous avez besoin pour la chasse au quotidien, y compris des solutions sp\u00e9ciales pour des t\u00e2ches complexes comme la localisation GPS, la planification de la chasse en battue, la surveillance des pi\u00e8ges, la connexion des cam\u00e9ras de gibier et Messenger. La combinaison de diff\u00e9rentes applications en un seul programme est remarquable. De la coordination de la chasse aux \u00e9valuations d\u00e9taill\u00e9es sur tous les terminaux, en passant par la connexion des appareils IOT, Revierwelt offre tout en un seul endroit.    <\/p>\n<h5>Combien co\u00fbte le Revierwelt ?<\/h5>\n<p>Votre compte sur Revierwelt est gratuit. En devenant membre d&#8217;un territoire de chasse existant, vous pouvez profiter gratuitement des avantages de Revierwelt et entrer en contact avec des chasseurs et des personnes passionn\u00e9es de chasse dans le monde entier. <\/p>\n<p>Nous proposons diff\u00e9rents <a href=\"https:\/\/revierwelt.de\/index.php\/preise-2023\/\"><strong>Paquets<\/strong><\/a> dans le syst\u00e8me d&#8217;abonnement, adapt\u00e9s \u00e0 vos besoins personnels :<\/p>\n<ul>\n<li>le <strong>package standard<\/strong> pour les petits territoires de chasse avec seulement quelques compagnons de chasse, avec connexion d&#8217;appareils de surveillance et localisation GPS,<\/li>\n<li>le <strong>package Plus, qui<\/strong> comprend le GPS et des fonctions de surveillance et r\u00e9pond \u00e0 presque tous les besoins,<\/li>\n<li>le <strong>package professionnel<\/strong> pour les grands territoires de chasse, les groupements de chasseurs, les for\u00eats et les communes.<\/li>\n<\/ul>\n<\/div><\/div><\/div><\/div><\/div><div class=\"vc_col-sm-6 wpb_column vc_column_container has_bg_color us_animate_afr\"><div class=\"vc_column-inner us_custom_b53f5a27\"><div class=\"wpb_wrapper\"><div class=\"w-separator size_custom\" style=\"height:200px\"><\/div><\/div><\/div><\/div><\/div><\/div><\/section><section class=\"l-section wpb_row height_auto width_full\"><div class=\"l-section-h i-cf\"><div class=\"g-cols vc_row via_flex valign_middle type_boxes stacking_default\"><div class=\"vc_col-sm-6 vc_hidden-xs wpb_column vc_column_container has_bg_color us_animate_afl\"><div class=\"vc_column-inner us_custom_af2dc2ee\"><div class=\"wpb_wrapper\"><\/div><\/div><\/div><div class=\"vc_col-sm-6 wpb_column vc_column_container us_animate_afr\"><div class=\"vc_column-inner\"><div class=\"wpb_wrapper\"><div class=\"wpb_text_column\"><div class=\"wpb_wrapper\"><h5>Comment et o\u00f9 puis-je utiliser le monde des territoires ?<\/h5>\n<p>Le Revierwelt est un service en nuage auquel vous pouvez acc\u00e9der via n&#8217;importe quel navigateur web \u00e0 l&#8217;adresse revierwelt.de. Il n&#8217;est donc pas n\u00e9cessaire d&#8217;installer un logiciel sur votre ordinateur, votre tablette ou votre smartphone.  Vous pouvez \u00e9galement consulter le Revierwelt sur votre smartphone ou votre tablette via n&#8217;importe quel navigateur web. Mais il est beaucoup plus confortable d&#8217;utiliser Revierwelt via nos <a href=\"https:\/\/revierwelt.de\/index.php\/apps-und-software\/\" target=\"_blank\" rel=\"noopener\">applications<\/a>. <\/p>\n<p>Le nouveau monde de la chasse est la base d&#8217;une gestion num\u00e9rique compl\u00e8te de la chasse, sous forme d&#8217;application web et d&#8217;application mobile pour une utilisation en ligne et hors ligne. D&#8217;innombrables am\u00e9liorations ont \u00e9t\u00e9 apport\u00e9es \u00e0 l&#8217;utilisation mobile de la chasse. De nombreuses suggestions de nos fid\u00e8les utilisateurs de Revierwelt pour am\u00e9liorer l&#8217;application ont \u00e9t\u00e9 prises en compte dans le d\u00e9veloppement.  <\/p>\n<p>En plus de l&#8217;application Revierwelt avec plus de 120 fonctions, il existe des applications sp\u00e9cialis\u00e9es pour la localisation des chiens, les cam\u00e9ras de gibier, la surveillance des pi\u00e8ges et la chasse en battue.<\/p>\n<p>Et le meilleur : toutes les applications Revierwelt sont disponibles gratuitement sur <a href=\"https:\/\/play.google.com\/store\/apps\/developer?id=Revierwelt+Media+GmbH\" target=\"_blank\" rel=\"noopener\">Google Play Store<\/a> et <a href=\"https:\/\/apps.apple.com\/de\/developer\/revierwelt-media-gmbh\/id464658720\" target=\"_blank\" rel=\"noopener\">Apple Store<\/a>.<\/p>\n<\/div><\/div><\/div><\/div><\/div><\/div><\/div><\/section><section class=\"l-section wpb_row height_auto width_full\"><div class=\"l-section-h i-cf\"><div class=\"g-cols vc_row via_flex valign_middle type_boxes stacking_default\"><div class=\"vc_col-sm-6 wpb_column vc_column_container us_animate_afl\"><div class=\"vc_column-inner\"><div class=\"wpb_wrapper\"><div class=\"wpb_text_column\"><div class=\"wpb_wrapper\"><h5>Comment fonctionne la gestion des territoires ?<\/h5>\n<p>Une fois que vous avez cr\u00e9\u00e9 un compte utilisateur sur Revierwelt, vous pouvez cr\u00e9er un ou plusieurs territoires de chasse ou rejoindre un ou plusieurs territoires existants.<\/p>\n<p>La carte du territoire avec les limites du territoire et les installations du territoire (miradors, agrainoirs, hotspots, POI, d\u00e9tecteurs de pi\u00e8ges et cam\u00e9ras de gibier) constitue le c\u0153ur du programme. La liste des parcours est bien s\u00fbr tout aussi importante, avec une connexion \u00e0 la gestion des viandes, au livre de caisse et au march\u00e9 du gibier. <\/p>\n<h5>Comment cr\u00e9er une carte de territoire ?<\/h5>\n<p>Vous pouvez dessiner la carte du territoire directement dans le monde du territoire et la modifier ult\u00e9rieurement. Bien entendu, vous pouvez \u00e9galement importer directement de nombreux formats de donn\u00e9es tels que .kml. D&#8217;autres formats peuvent \u00e9galement \u00eatre int\u00e9gr\u00e9s &#8211; n&#8217;h\u00e9sitez pas \u00e0 nous contacter.<\/p>\n<\/div><\/div><\/div><\/div><\/div><div class=\"vc_col-sm-6 wpb_column vc_column_container has_bg_color us_animate_afr\"><div class=\"vc_column-inner us_custom_6bab4c50\"><div class=\"wpb_wrapper\"><div class=\"w-separator size_custom\" style=\"height:200px\"><\/div><\/div><\/div><\/div><\/div><\/div><\/section><section class=\"l-section wpb_row height_auto width_full\"><div class=\"l-section-h i-cf\"><div class=\"g-cols vc_row via_flex valign_middle type_boxes stacking_default\"><div class=\"vc_col-sm-6 vc_hidden-xs wpb_column vc_column_container has_bg_color us_animate_afl\"><div class=\"vc_column-inner us_custom_06e4b8c2\"><div class=\"wpb_wrapper\"><div class=\"w-separator size_custom\" style=\"height:200px\"><\/div><\/div><\/div><\/div><div class=\"vc_col-sm-6 wpb_column vc_column_container us_animate_afr\"><div class=\"vc_column-inner\"><div class=\"wpb_wrapper\"><div class=\"wpb_text_column\"><div class=\"wpb_wrapper\"><h5>Comment accueillir d&#8217;autres chasseurs sur mon territoire ?<\/h5>\n<p>Vous pouvez ajouter \u00e0 votre territoire tout chasseur enregistr\u00e9 sur Revierwelt. Vous pouvez accorder \u00e0 chaque chasseur des droits diff\u00e9rents, y compris des droits de mod\u00e9rateur. Vous pouvez \u00e9galement accorder \u00e0 d&#8217;autres chasseurs un acc\u00e8s invit\u00e9 limit\u00e9 dans le temps &#8211; id\u00e9al pour une chasse en battue, par exemple.  <\/p>\n<p>Gr\u00e2ce \u00e0 notre fonction de groupe \u00e9tendue et \u00e0 Messenger, vous pouvez entrer en contact avec d&#8217;autres chasseurs \u00e0 l&#8217;int\u00e9rieur et \u00e0 l&#8217;ext\u00e9rieur de Revierwelt &#8211; la communaut\u00e9 Revierwelt r\u00e9unit les fonctions de WhatsApp et de Facebook en un seul endroit.<\/p>\n<\/div><\/div><\/div><\/div><\/div><\/div><\/div><\/section><section class=\"l-section wpb_row height_medium color_alternate\"><div class=\"l-section-h i-cf\"><div class=\"g-cols vc_row via_flex valign_top type_default stacking_default\"><div class=\"vc_col-sm-12 wpb_column vc_column_container\"><div class=\"vc_column-inner\"><div class=\"wpb_wrapper\"><div class=\"wpb_text_column\"><div class=\"wpb_wrapper\"><h2 style=\"text-align: center;\"><strong>REVIERWELT.<\/strong>  D\u00e9couvrir.<\/h2>\n<\/div><\/div><\/div><\/div><\/div><\/div><\/div><\/section><section class=\"l-section wpb_row height_medium with_img parallax_ver\"><div class=\"l-section-img\" role=\"img\" data-img-width=\"1024\" data-img-height=\"683\" style=\"background-image: url(https:\/\/revierwelt.de\/wp-content\/uploads\/2018\/01\/170301-0001-2.jpg);\"><\/div><div class=\"l-section-overlay\" style=\"background:rgba(72,108,75,0.5)\"><\/div><div class=\"l-section-h i-cf\"><div class=\"g-cols vc_row via_flex valign_top type_default stacking_default\"><div class=\"vc_col-sm-12 wpb_column vc_column_container\"><div class=\"vc_column-inner\"><div class=\"wpb_wrapper\"><div class=\"w-grid type_grid layout_25853 hidden cols_5 ratio_1x1\" id=\"us_grid_1\" style=\"--columns:5;--gap:2px;--item-ratio:1;\" data-filterable=\"true\"><style>@media (max-width:1380px){#us_grid_1{--columns:3!important}}@media (max-width:1024px){#us_grid_1{--columns:2!important}}@media (max-width:600px){#us_grid_1{--columns:1!important}}.layout_25853 .w-grid-item-h{}.layout_25853 .usg_post_custom_field_1{transition-duration:0.4s;transform-origin:50% 50%;transform:scale(0) translate(0,0);opacity:0}.layout_25853 .w-grid-item-h:hover .usg_post_custom_field_1{transform:scale(1.5) translate(0,0);opacity:1}.layout_25853 .usg_vwrapper_1{transition-duration:0.4s;transform-origin:50% 50%;transform:scale(0) translate(0,0);opacity:0}.layout_25853 .w-grid-item-h:hover .usg_vwrapper_1{transform:scale(1) translate(0,0);opacity:1}.layout_25853 .usg_post_image_1{position:absolute!important;top:0!important;right:0!important;bottom:0!important;left:0!important}.layout_25853 .usg_post_custom_field_1{position:absolute!important;top:0!important;right:0!important;bottom:0!important;left:0!important;border-radius:50!important;padding:2rem!important;background:inherit!important}.layout_25853 .usg_vwrapper_1{position:absolute!important;top:0!important;right:0!important;bottom:0!important;left:0!important;padding:2rem!important}.layout_25853 .usg_post_title_1{color:inherit!important}<\/style><div class=\"w-grid-list\"><\/div><div class=\"w-grid-preloader\">\t<div class=\"g-preloader type_1\">\r\n\t\t<div><\/div>\r\n\t<\/div>\r\n\t<\/div>\t<div class=\"w-grid-json hidden\" onclick='return {&quot;action&quot;:&quot;us_ajax_grid&quot;,&quot;infinite_scroll&quot;:0,&quot;max_num_pages&quot;:0,&quot;pagination&quot;:&quot;none&quot;,&quot;template_vars&quot;:{&quot;columns&quot;:&quot;5&quot;,&quot;exclude_items&quot;:&quot;none&quot;,&quot;img_size&quot;:&quot;us_600_0&quot;,&quot;ignore_items_size&quot;:0,&quot;items_layout&quot;:&quot;25853&quot;,&quot;items_offset&quot;:&quot;1&quot;,&quot;load_animation&quot;:&quot;none&quot;,&quot;overriding_link&quot;:&quot;%7B%22type%22%3A%22post%22%7D&quot;,&quot;post_id&quot;:0,&quot;query_args&quot;:{&quot;post_type&quot;:[&quot;us_portfolio&quot;],&quot;tax_query&quot;:[{&quot;taxonomy&quot;:&quot;us_portfolio_category&quot;,&quot;field&quot;:&quot;slug&quot;,&quot;terms&quot;:[&quot;monde de la chasse&quot;]}],&quot;post_status&quot;:[&quot;publish&quot;],&quot;posts_per_page&quot;:&quot;5&quot;},&quot;orderby_query_args&quot;:{&quot;orderby&quot;:{&quot;date&quot;:&quot;DESC&quot;}},&quot;type&quot;:&quot;grid&quot;,&quot;us_grid_post_type&quot;:&quot;us_portfolio&quot;,&quot;us_grid_ajax_index&quot;:1,&quot;us_grid_filter_query_string&quot;:null,&quot;us_grid_index&quot;:1,&quot;page_args&quot;:[]}}'><\/div>\r\n\t<\/div><div class=\"w-grid-none type_message\">Es wurden keine Ergebnisse gefunden.<\/div><\/div><\/div><\/div><\/div><\/div><\/section><section class=\"l-section wpb_row height_medium color_primary\"><div class=\"l-section-h i-cf\"><div class=\"g-cols vc_row via_flex valign_top type_default stacking_default\"><div class=\"vc_col-sm-12 wpb_column vc_column_container us_animate_afb\"><div class=\"vc_column-inner\"><div class=\"wpb_wrapper\"><div class=\"w-actionbox color_primary controls_right\"><div class=\"w-actionbox-text\"><h2 class=\"w-actionbox-title\">Voyez par vous-m\u00eame Revierwelt !<\/h2><\/div><div class=\"w-actionbox-controls\"><a class=\"w-btn us-btn-style_6 icon_atleft\" href=\"https:\/\/portal.revierwelt.de\/\" style=\"font-size:19px;\"><i class=\"fas fa-user-plus\"><\/i><span class=\"w-btn-label\">Inscrivez-vous maintenant !<\/span><\/a><\/div><\/div><\/div><\/div><\/div><\/div><\/div><\/section>\n","protected":false},"excerpt":{"rendered":"REVIERWELT. Qu&#8217;est-ce que le monde du territoire ? Avec environ 100.000 abonn\u00e9s, Revierwelt est le plus grand fournisseur de solutions logicielles pour la chasse et les territoires de chasse au quotidien et probablement la seule plate-forme au monde qui combine la gestion de la chasse et les fonctions de m\u00e9dias sociaux en un seul programme....","protected":false},"author":4,"featured_media":0,"parent":0,"menu_order":0,"comment_status":"closed","ping_status":"closed","template":"","meta":{"footnotes":""},"class_list":["post-37579","page","type-page","status-publish","hentry"],"_links":{"self":[{"href":"https:\/\/revierwelt.de\/index.php\/wp-json\/wp\/v2\/pages\/37579","targetHints":{"allow":["GET"]}}],"collection":[{"href":"https:\/\/revierwelt.de\/index.php\/wp-json\/wp\/v2\/pages"}],"about":[{"href":"https:\/\/revierwelt.de\/index.php\/wp-json\/wp\/v2\/types\/page"}],"author":[{"embeddable":true,"href":"https:\/\/revierwelt.de\/index.php\/wp-json\/wp\/v2\/users\/4"}],"replies":[{"embeddable":true,"href":"https:\/\/revierwelt.de\/index.php\/wp-json\/wp\/v2\/comments?post=37579"}],"version-history":[{"count":0,"href":"https:\/\/revierwelt.de\/index.php\/wp-json\/wp\/v2\/pages\/37579\/revisions"}],"wp:attachment":[{"href":"https:\/\/revierwelt.de\/index.php\/wp-json\/wp\/v2\/media?parent=37579"}],"curies":[{"name":"wp","href":"https:\/\/api.w.org\/{rel}","templated":true}]}}