{"id":38043,"date":"2025-02-25T11:29:12","date_gmt":"2025-02-25T10:29:12","guid":{"rendered":"https:\/\/revierwelt.de\/index.php\/eu-vyhlasenie-o-zhode-ponukanych-vyrobkov\/"},"modified":"2025-02-25T11:29:18","modified_gmt":"2025-02-25T10:29:18","slug":"eu-vyhlasenie-o-zhode-ponukanych-vyrobkov","status":"publish","type":"page","link":"https:\/\/revierwelt.de\/index.php\/eu-vyhlasenie-o-zhode-ponukanych-vyrobkov\/?lang=sk","title":{"rendered":"E\u00da vyhl\u00e1senie o zhode pon\u00fakan\u00fdch v\u00fdrobkov"},"content":{"rendered":"<section class=\"l-section wpb_row height_medium color_alternate\" id=\"spustenie\"><div class=\"l-section-h i-cf\"><div class=\"g-cols vc_row via_flex valign_top type_default stacking_default\"><div class=\"vc_col-sm-12 wpb_column vc_column_container\"><div class=\"vc_column-inner\"><div class=\"wpb_wrapper\"><div class=\"wpb_text_column\"><div class=\"wpb_wrapper\"><h2 style=\"text-align: center;\"><strong>REVIERWELT.<\/strong>  Inform\u00e1cie a vyhl\u00e1senia o zhode.<\/h2>\n<\/div><\/div><\/div><\/div><\/div><\/div><\/div><\/section><section class=\"l-section wpb_row height_medium\"><div class=\"l-section-h i-cf\"><div class=\"g-cols vc_row via_flex valign_top type_default stacking_default\"><div class=\"vc_col-sm-12 wpb_column vc_column_container\"><div class=\"vc_column-inner\"><div class=\"wpb_wrapper\"><div class=\"wpb_text_column\"><div class=\"wpb_wrapper\"><p>Spolo\u010dnos\u0165 Revierwelt spolupracuje s r\u00f4znymi v\u00fdrobcami, ktor\u00ed pon\u00fakaj\u00fa produkty a slu\u017eby. Na tejto str\u00e1nke n\u00e1jdete potrebn\u00e9 vyhl\u00e1senia o zhode E\u00da a certifik\u00e1ty pre pon\u00fakan\u00e9 v\u00fdrobky. <\/p>\n<p><strong>REVIERWELT Kamera LTE Cam plus<\/strong><\/p>\n<ul>\n<li><a href=\"https:\/\/revierwelt.de\/wp-content\/uploads\/2023\/09\/CE_Konformitaetserklaerung_Kamera_Revierwelt_LTE_Cam_plus.pdf\" target=\"_blank\" rel=\"noopener\">Vyhl\u00e1senie o zhode E\u00da<\/a><\/li>\n<\/ul>\n<p><strong>REVIERWELT Sledovanie LTE<\/strong><\/p>\n<ul>\n<li><a href=\"https:\/\/revierwelt.de\/wp-content\/uploads\/2022\/07\/ce_konformitaetserklaerung_revierwelt_lte_tracker_s1.pdf\" target=\"_blank\" rel=\"noopener\">Vyhl\u00e1senie o zhode E\u00da<\/a><\/li>\n<\/ul>\n<p><strong>REVIERWELT Trapmaster \/ Boarmaster<\/strong><\/p>\n<ul>\n<li><a href=\"https:\/\/revierwelt.de\/wp-content\/uploads\/2022\/07\/2016_04_14_konformitaet_epv.pdf\" target=\"_blank\" rel=\"noopener\">Vyhl\u00e1senie o zhode E\u00da<\/a><\/li>\n<\/ul>\n<p><strong>REVIERWELT Sol\u00e1rny panel pre LTE Cam Plus<\/strong><\/p>\n<ul>\n<li><a href=\"https:\/\/revierwelt.de\/wp-content\/uploads\/2023\/09\/CE_Konformitaetserklaerung_SolarPanel_LTE_CAM_Plus.pdf\" target=\"_blank\" rel=\"noopener\">Vyhl\u00e1senie o zhode E\u00da<\/a><\/li>\n<\/ul>\n<\/div><\/div><\/div><\/div><\/div><\/div><\/div><\/section><section class=\"l-section wpb_row height_medium color_primary\"><div class=\"l-section-h i-cf\"><div class=\"g-cols vc_row via_flex valign_top type_default stacking_default\"><div class=\"vc_col-sm-12 wpb_column vc_column_container us_animate_afb\"><div class=\"vc_column-inner\"><div class=\"wpb_wrapper\"><div class=\"w-actionbox color_primary controls_right\"><div class=\"w-actionbox-text\"><h2 class=\"w-actionbox-title\">Presved\u010dte sa o Revierwelt!<\/h2><\/div><div class=\"w-actionbox-controls\"><a class=\"w-btn us-btn-style_6 icon_atleft\" href=\"https:\/\/portal.revierwelt.de\/\" style=\"font-size:19px;\"><i class=\"fas fa-user-plus\"><\/i><span class=\"w-btn-label\">Zaregistrujte sa teraz!<\/span><\/a><\/div><\/div><\/div><\/div><\/div><\/div><\/div><\/section>\n","protected":false},"excerpt":{"rendered":"REVIERWELT. Inform\u00e1cie a vyhl\u00e1senia o zhode. Spolo\u010dnos\u0165 Revierwelt spolupracuje s r\u00f4znymi v\u00fdrobcami, ktor\u00ed pon\u00fakaj\u00fa produkty a slu\u017eby. Na tejto str\u00e1nke n\u00e1jdete potrebn\u00e9 vyhl\u00e1senia o zhode E\u00da a certifik\u00e1ty pre pon\u00fakan\u00e9 v\u00fdrobky. REVIERWELT Kamera LTE Cam plus Vyhl\u00e1senie o zhode E\u00da REVIERWELT Sledovanie LTE Vyhl\u00e1senie o zhode E\u00da REVIERWELT Trapmaster \/ Boarmaster Vyhl\u00e1senie o zhode E\u00da...","protected":false},"author":1,"featured_media":0,"parent":0,"menu_order":0,"comment_status":"closed","ping_status":"closed","template":"","meta":{"footnotes":""},"class_list":["post-38043","page","type-page","status-publish","hentry"],"_links":{"self":[{"href":"https:\/\/revierwelt.de\/index.php\/wp-json\/wp\/v2\/pages\/38043","targetHints":{"allow":["GET"]}}],"collection":[{"href":"https:\/\/revierwelt.de\/index.php\/wp-json\/wp\/v2\/pages"}],"about":[{"href":"https:\/\/revierwelt.de\/index.php\/wp-json\/wp\/v2\/types\/page"}],"author":[{"embeddable":true,"href":"https:\/\/revierwelt.de\/index.php\/wp-json\/wp\/v2\/users\/1"}],"replies":[{"embeddable":true,"href":"https:\/\/revierwelt.de\/index.php\/wp-json\/wp\/v2\/comments?post=38043"}],"version-history":[{"count":0,"href":"https:\/\/revierwelt.de\/index.php\/wp-json\/wp\/v2\/pages\/38043\/revisions"}],"wp:attachment":[{"href":"https:\/\/revierwelt.de\/index.php\/wp-json\/wp\/v2\/media?parent=38043"}],"curies":[{"name":"wp","href":"https:\/\/api.w.org\/{rel}","templated":true}]}}