{"id":38083,"date":"2025-02-25T11:29:32","date_gmt":"2025-02-25T10:29:32","guid":{"rendered":"https:\/\/revierwelt.de\/index.php\/piedavato-produktu-es-atbilstibas-deklaracija\/"},"modified":"2025-02-25T11:29:34","modified_gmt":"2025-02-25T10:29:34","slug":"piedavato-produktu-es-atbilstibas-deklaracija","status":"publish","type":"page","link":"https:\/\/revierwelt.de\/index.php\/piedavato-produktu-es-atbilstibas-deklaracija\/?lang=lv","title":{"rendered":"Pied\u0101v\u0101to produktu ES atbilst\u012bbas deklar\u0101cija"},"content":{"rendered":"<section class=\"l-section wpb_row height_medium color_alternate\" id=\"s\u0101kt\"><div class=\"l-section-h i-cf\"><div class=\"g-cols vc_row via_flex valign_top type_default stacking_default\"><div class=\"vc_col-sm-12 wpb_column vc_column_container\"><div class=\"vc_column-inner\"><div class=\"wpb_wrapper\"><div class=\"wpb_text_column\"><div class=\"wpb_wrapper\"><h2 style=\"text-align: center;\"><strong>REVIERWELT.<\/strong>  Inform\u0101cija un atbilst\u012bbas deklar\u0101cijas.<\/h2>\n<\/div><\/div><\/div><\/div><\/div><\/div><\/div><\/section><section class=\"l-section wpb_row height_medium\"><div class=\"l-section-h i-cf\"><div class=\"g-cols vc_row via_flex valign_top type_default stacking_default\"><div class=\"vc_col-sm-12 wpb_column vc_column_container\"><div class=\"vc_column-inner\"><div class=\"wpb_wrapper\"><div class=\"wpb_text_column\"><div class=\"wpb_wrapper\"><p>Revierwelt sadarbojas ar da\u017e\u0101diem ra\u017eot\u0101jiem, lai pied\u0101v\u0101tu produktus un pakalpojumus. \u0160aj\u0101 lap\u0101 j\u016bs atrad\u012bsiet nepiecie\u0161am\u0101s ES atbilst\u012bbas deklar\u0101cijas un sertifik\u0101tus pied\u0101v\u0101tajiem produktiem. <\/p>\n<p><strong>REVIERWELT LTE Cam plus<\/strong><\/p>\n<ul>\n<li><a href=\"https:\/\/revierwelt.de\/wp-content\/uploads\/2023\/09\/CE_Konformitaetserklaerung_Kamera_Revierwelt_LTE_Cam_plus.pdf\" target=\"_blank\" rel=\"noopener\">ES atbilst\u012bbas deklar\u0101cija<\/a><\/li>\n<\/ul>\n<p><strong>REVIERWELT LTE izsekot\u0101js<\/strong><\/p>\n<ul>\n<li><a href=\"https:\/\/revierwelt.de\/wp-content\/uploads\/2022\/07\/ce_konformitaetserklaerung_revierwelt_lte_tracker_s1.pdf\" target=\"_blank\" rel=\"noopener\">ES atbilst\u012bbas deklar\u0101cija<\/a><\/li>\n<\/ul>\n<p><strong>REVIERWELT Trapmaster \/ Boarmaster<\/strong><\/p>\n<ul>\n<li><a href=\"https:\/\/revierwelt.de\/wp-content\/uploads\/2022\/07\/2016_04_14_konformitaet_epv.pdf\" target=\"_blank\" rel=\"noopener\">ES atbilst\u012bbas deklar\u0101cija<\/a><\/li>\n<\/ul>\n<p><strong>REVIERWELT Saules panelis LTE Cam Plus<\/strong><\/p>\n<ul>\n<li><a href=\"https:\/\/revierwelt.de\/wp-content\/uploads\/2023\/09\/CE_Konformitaetserklaerung_SolarPanel_LTE_CAM_Plus.pdf\" target=\"_blank\" rel=\"noopener\">ES atbilst\u012bbas deklar\u0101cija<\/a><\/li>\n<\/ul>\n<\/div><\/div><\/div><\/div><\/div><\/div><\/div><\/section><section class=\"l-section wpb_row height_medium color_primary\"><div class=\"l-section-h i-cf\"><div class=\"g-cols vc_row via_flex valign_top type_default stacking_default\"><div class=\"vc_col-sm-12 wpb_column vc_column_container us_animate_afb\"><div class=\"vc_column-inner\"><div class=\"wpb_wrapper\"><div class=\"w-actionbox color_primary controls_right\"><div class=\"w-actionbox-text\"><h2 class=\"w-actionbox-title\">P\u0101rlieciniet sevi par Revierwelt!<\/h2><\/div><div class=\"w-actionbox-controls\"><a class=\"w-btn us-btn-style_6 icon_atleft\" href=\"https:\/\/portal.revierwelt.de\/\" style=\"font-size:19px;\"><i class=\"fas fa-user-plus\"><\/i><span class=\"w-btn-label\">Re\u0123istr\u0113jieties jau tagad!<\/span><\/a><\/div><\/div><\/div><\/div><\/div><\/div><\/div><\/section>\n","protected":false},"excerpt":{"rendered":"REVIERWELT. Inform\u0101cija un atbilst\u012bbas deklar\u0101cijas. Revierwelt sadarbojas ar da\u017e\u0101diem ra\u017eot\u0101jiem, lai pied\u0101v\u0101tu produktus un pakalpojumus. \u0160aj\u0101 lap\u0101 j\u016bs atrad\u012bsiet nepiecie\u0161am\u0101s ES atbilst\u012bbas deklar\u0101cijas un sertifik\u0101tus pied\u0101v\u0101tajiem produktiem. REVIERWELT LTE Cam plus ES atbilst\u012bbas deklar\u0101cija REVIERWELT LTE izsekot\u0101js ES atbilst\u012bbas deklar\u0101cija REVIERWELT Trapmaster \/ Boarmaster ES atbilst\u012bbas deklar\u0101cija REVIERWELT Saules panelis LTE Cam Plus ES atbilst\u012bbas...","protected":false},"author":1,"featured_media":0,"parent":0,"menu_order":0,"comment_status":"closed","ping_status":"closed","template":"","meta":{"footnotes":""},"class_list":["post-38083","page","type-page","status-publish","hentry"],"_links":{"self":[{"href":"https:\/\/revierwelt.de\/index.php\/wp-json\/wp\/v2\/pages\/38083","targetHints":{"allow":["GET"]}}],"collection":[{"href":"https:\/\/revierwelt.de\/index.php\/wp-json\/wp\/v2\/pages"}],"about":[{"href":"https:\/\/revierwelt.de\/index.php\/wp-json\/wp\/v2\/types\/page"}],"author":[{"embeddable":true,"href":"https:\/\/revierwelt.de\/index.php\/wp-json\/wp\/v2\/users\/1"}],"replies":[{"embeddable":true,"href":"https:\/\/revierwelt.de\/index.php\/wp-json\/wp\/v2\/comments?post=38083"}],"version-history":[{"count":0,"href":"https:\/\/revierwelt.de\/index.php\/wp-json\/wp\/v2\/pages\/38083\/revisions"}],"wp:attachment":[{"href":"https:\/\/revierwelt.de\/index.php\/wp-json\/wp\/v2\/media?parent=38083"}],"curies":[{"name":"wp","href":"https:\/\/api.w.org\/{rel}","templated":true}]}}