{"id":38132,"date":"2025-02-25T11:30:15","date_gmt":"2025-02-25T10:30:15","guid":{"rendered":"https:\/\/revierwelt.de\/index.php\/esb-samraemisyfirlysing-theirra-vara-sem-bodid-er-upp-a\/"},"modified":"2025-02-25T11:30:32","modified_gmt":"2025-02-25T10:30:32","slug":"esb-samraemisyfirlysing-theirra-vara-sem-bodid-er-upp-a","status":"publish","type":"page","link":"https:\/\/revierwelt.de\/index.php\/esb-samraemisyfirlysing-theirra-vara-sem-bodid-er-upp-a\/?lang=is","title":{"rendered":"ESB-samr\u00e6misyfirl\u00fdsing \u00feeirra vara sem bo\u00f0i\u00f0 er upp \u00e1"},"content":{"rendered":"<section class=\"l-section wpb_row height_medium color_alternate\" id=\"byrja\"><div class=\"l-section-h i-cf\"><div class=\"g-cols vc_row via_flex valign_top type_default stacking_default\"><div class=\"vc_col-sm-12 wpb_column vc_column_container\"><div class=\"vc_column-inner\"><div class=\"wpb_wrapper\"><div class=\"wpb_text_column\"><div class=\"wpb_wrapper\"><h2 style=\"text-align: center;\"><strong>REVIERWELT .<\/strong>  Uppl\u00fdsingar og samr\u00e6misyfirl\u00fdsingar.<\/h2>\n<\/div><\/div><\/div><\/div><\/div><\/div><\/div><\/section><section class=\"l-section wpb_row height_medium\"><div class=\"l-section-h i-cf\"><div class=\"g-cols vc_row via_flex valign_top type_default stacking_default\"><div class=\"vc_col-sm-12 wpb_column vc_column_container\"><div class=\"vc_column-inner\"><div class=\"wpb_wrapper\"><div class=\"wpb_text_column\"><div class=\"wpb_wrapper\"><p>Revierwelt vinnur me\u00f0 \u00fdmsum framlei\u00f0endum til a\u00f0 bj\u00f3\u00f0a v\u00f6rur s\u00ednar og \u00fej\u00f3nustu. \u00c1 \u00feessari s\u00ed\u00f0u finnur \u00fe\u00fa nau\u00f0synlegar ESB-samr\u00e6misyfirl\u00fdsingar og vottor\u00f0 fyrir \u00fe\u00e6r v\u00f6rur sem bo\u00f0i\u00f0 er upp \u00e1. <\/p>\n<p><strong>REVIERWELT LTE Cam plus<\/strong><\/p>\n<ul>\n<li><a href=\"https:\/\/revierwelt.de\/wp-content\/uploads\/2023\/09\/CE_Konformitaetserklaerung_Kamera_Revierwelt_LTE_Cam_plus.pdf\" target=\"_blank\" rel=\"noopener\">ESB-samr\u00e6misyfirl\u00fdsing<\/a><\/li>\n<\/ul>\n<p><strong>REVIERWELT LTE rekja spor einhvers<\/strong><\/p>\n<ul>\n<li><a href=\"https:\/\/revierwelt.de\/wp-content\/uploads\/2022\/07\/ce_konformitaetserklaerung_revierwelt_lte_tracker_s1.pdf\" target=\"_blank\" rel=\"noopener\">ESB-samr\u00e6misyfirl\u00fdsing<\/a><\/li>\n<\/ul>\n<p><strong>REVIERWELT Trapmaster \/ Boarmaster<\/strong><\/p>\n<ul>\n<li><a href=\"https:\/\/revierwelt.de\/wp-content\/uploads\/2022\/07\/2016_04_14_konformitaet_epv.pdf\" target=\"_blank\" rel=\"noopener\">ESB-samr\u00e6misyfirl\u00fdsing<\/a><\/li>\n<\/ul>\n<p><strong>REVIERWELT s\u00f3larpanel fyrir LTE Cam Plus<\/strong><\/p>\n<ul>\n<li><a href=\"https:\/\/revierwelt.de\/wp-content\/uploads\/2023\/09\/CE_Konformitaetserklaerung_SolarPanel_LTE_CAM_Plus.pdf\" target=\"_blank\" rel=\"noopener\">ESB-samr\u00e6misyfirl\u00fdsing<\/a><\/li>\n<\/ul>\n<\/div><\/div><\/div><\/div><\/div><\/div><\/div><\/section><section class=\"l-section wpb_row height_medium color_primary\"><div class=\"l-section-h i-cf\"><div class=\"g-cols vc_row via_flex valign_top type_default stacking_default\"><div class=\"vc_col-sm-12 wpb_column vc_column_container us_animate_afb\"><div class=\"vc_column-inner\"><div class=\"wpb_wrapper\"><div class=\"w-actionbox color_primary controls_right\"><div class=\"w-actionbox-text\"><h2 class=\"w-actionbox-title\">Sannf\u00e6r\u00f0u sj\u00e1lfan \u00feig um Revierwelt!<\/h2><\/div><div class=\"w-actionbox-controls\"><a class=\"w-btn us-btn-style_6 icon_atleft\" href=\"https:\/\/portal.revierwelt.de\/\" style=\"font-size:19px;\"><i class=\"fas fa-user-plus\"><\/i><span class=\"w-btn-label\">Skr\u00e1\u00f0u \u00feig n\u00fana!<\/span><\/a><\/div><\/div><\/div><\/div><\/div><\/div><\/div><\/section>\n","protected":false},"excerpt":{"rendered":"REVIERWELT . Uppl\u00fdsingar og samr\u00e6misyfirl\u00fdsingar. Revierwelt vinnur me\u00f0 \u00fdmsum framlei\u00f0endum til a\u00f0 bj\u00f3\u00f0a v\u00f6rur s\u00ednar og \u00fej\u00f3nustu. \u00c1 \u00feessari s\u00ed\u00f0u finnur \u00fe\u00fa nau\u00f0synlegar ESB-samr\u00e6misyfirl\u00fdsingar og vottor\u00f0 fyrir \u00fe\u00e6r v\u00f6rur sem bo\u00f0i\u00f0 er upp \u00e1. REVIERWELT LTE Cam plus ESB-samr\u00e6misyfirl\u00fdsing REVIERWELT LTE rekja spor einhvers ESB-samr\u00e6misyfirl\u00fdsing REVIERWELT Trapmaster \/ Boarmaster ESB-samr\u00e6misyfirl\u00fdsing REVIERWELT s\u00f3larpanel fyrir LTE Cam...","protected":false},"author":1,"featured_media":0,"parent":0,"menu_order":0,"comment_status":"closed","ping_status":"closed","template":"","meta":{"footnotes":""},"class_list":["post-38132","page","type-page","status-publish","hentry"],"_links":{"self":[{"href":"https:\/\/revierwelt.de\/index.php\/wp-json\/wp\/v2\/pages\/38132","targetHints":{"allow":["GET"]}}],"collection":[{"href":"https:\/\/revierwelt.de\/index.php\/wp-json\/wp\/v2\/pages"}],"about":[{"href":"https:\/\/revierwelt.de\/index.php\/wp-json\/wp\/v2\/types\/page"}],"author":[{"embeddable":true,"href":"https:\/\/revierwelt.de\/index.php\/wp-json\/wp\/v2\/users\/1"}],"replies":[{"embeddable":true,"href":"https:\/\/revierwelt.de\/index.php\/wp-json\/wp\/v2\/comments?post=38132"}],"version-history":[{"count":0,"href":"https:\/\/revierwelt.de\/index.php\/wp-json\/wp\/v2\/pages\/38132\/revisions"}],"wp:attachment":[{"href":"https:\/\/revierwelt.de\/index.php\/wp-json\/wp\/v2\/media?parent=38132"}],"curies":[{"name":"wp","href":"https:\/\/api.w.org\/{rel}","templated":true}]}}