{"id":38413,"date":"2025-02-25T11:35:17","date_gmt":"2025-02-25T10:35:17","guid":{"rendered":"https:\/\/revierwelt.de\/index.php\/nizzel-revierwelt-standkarte-ghal-android\/"},"modified":"2025-02-25T11:35:27","modified_gmt":"2025-02-25T10:35:27","slug":"nizzel-revierwelt-standkarte-ghal-android","status":"publish","type":"page","link":"https:\/\/revierwelt.de\/index.php\/nizzel-revierwelt-standkarte-ghal-android\/?lang=mt","title":{"rendered":"Ni\u017c\u017cel Revierwelt Standkarte g\u0127al Android"},"content":{"rendered":"<section class=\"l-section wpb_row height_medium color_alternate\"><div class=\"l-section-h i-cf\"><div class=\"g-cols vc_row via_flex valign_top type_default stacking_default\"><div class=\"vc_col-sm-12 wpb_column vc_column_container\"><div class=\"vc_column-inner\"><div class=\"wpb_wrapper\"><div class=\"wpb_text_column\"><div class=\"wpb_wrapper\"><h1 style=\"text-align: center;\"><b>Revierwelt: Ni\u017c\u017cel il-mappa g\u0127al Android<\/b><\/h1>\n<\/div><\/div><\/div><\/div><\/div><\/div><\/div><\/section><section class=\"l-section wpb_row us_custom_35ed806c height_medium\"><div class=\"l-section-h i-cf\"><div class=\"g-cols vc_row via_flex valign_top type_default stacking_default\"><div class=\"vc_col-sm-12 wpb_column vc_column_container\"><div class=\"vc_column-inner us_custom_59c302d0\"><div class=\"wpb_wrapper\"><\/div><\/div><\/div><\/div><\/div><\/section><section class=\"l-section wpb_row height_auto width_full\"><div class=\"l-section-h i-cf\"><div class=\"g-cols vc_row via_flex valign_middle type_boxes stacking_default\"><div class=\"vc_col-sm-12 wpb_column vc_column_container us_animate_fade\"><div class=\"vc_column-inner\"><div class=\"wpb_wrapper\"><div class=\"wpb_text_column\"><div class=\"wpb_wrapper\"><p style=\"text-align: center;\"><strong>Il-mappa tal-istand REVIERWELT hija komponent tal-ippjanar tal-ka\u010b\u010ba misjuqa ma&#8216; Revierwelt.<\/strong><\/p>\n<p style=\"text-align: center;\">Bl-istedina inti tir\u010bievi talba biex tirre\u0121istra bl-indirizz elettroniku tieg\u0127ek u password. U\u017ca din id-dejta tal-a\u010b\u010bess biex tid\u0127ol fil-mappa tal-istands biex tara l-ka\u010b\u010ba li tkun ftiehem mag\u0127hom. Fil-jum tal-ka\u010b\u010ba, tista &#8218;mbag\u0127ad issalva r-rapporti tieg\u0127ek dwar il-ka\u010b\u010ba mmexxija kurrenti.  <\/p>\n<p style=\"text-align: center;\">Il-lokalit\u00e0 tieg\u0127ek ti\u0121i determinata permezz tal-GPS u tra\u017cmessa lill-mani\u0121ment tal-ka\u010b\u010ba waqt il-ka\u010b\u010ba.<\/p>\n<p style=\"text-align: center;\">Nawgurawlek veduta tajba u ka\u010b\u010ba tajba!<\/p>\n<p style=\"text-align: center;\"><strong>Ni\u017c\u017cel l-app minn hawn.<\/strong><\/p>\n<\/div><\/div><div class=\"w-btn-wrapper align_center\"><a class=\"w-btn us-btn-style_1\" title=\"Ni\u017c\u017cel il-mappa tal-istands issa\" target=\"_blank\" rel=\"nofollow\" href=\"https:\/\/api-demo.collidex.com\/api\/service\/app_distribution\/download_latest_version?hash=32bb90e8976aab5298d5da10fe66f21d\"><span class=\"w-btn-label\">Ni\u017c\u017cel<\/span><\/a><\/div><div class=\"w-separator size_small\"><\/div><div class=\"w-btn-wrapper align_center\"><a class=\"w-btn us-btn-style_1\" title=\"informazzjoni dwar il-ver\u017cjoni\" target=\"_blank\" rel=\"nofollow\" href=\"https:\/\/api-demo.collidex.com\/api\/service\/app_distribution\/get_latest_version_info?hash=32bb90e8976aab5298d5da10fe66f21d\"><span class=\"w-btn-label\">informazzjoni dwar il-ver\u017cjoni<\/span><\/a><\/div><div class=\"w-separator size_small\"><\/div><div class=\"wpb_text_column\"><div class=\"wpb_wrapper\"><p style=\"text-align: center;\">Nirrakkomandaw li tni\u017c\u017cel l-app Android mill- <a href=\"https:\/\/play.google.com\/store\/apps\/details?id=com.collidex.mobileapp.revierwelthuntinglive&amp;hl=de\" target=\"_blank\" rel=\"noopener\">Google PlayStore<\/a> .<\/p>\n<p style=\"text-align: center;\">Il-ver\u017cjoni attwali tal-app tista &#8218;tinstab <a href=\"https:\/\/play.google.com\/store\/apps\/details?id=com.collidex.mobileapp.revierwelthuntinglive&amp;hl=de\" target=\"_blank\" rel=\"noopener\">hawn<\/a> .<\/p>\n<\/div><\/div><\/div><\/div><\/div><\/div><\/div><\/section>\n","protected":false},"excerpt":{"rendered":"Revierwelt: Ni\u017c\u017cel il-mappa g\u0127al Android Il-mappa tal-istand REVIERWELT hija komponent tal-ippjanar tal-ka\u010b\u010ba misjuqa ma&#8216; Revierwelt. Bl-istedina inti tir\u010bievi talba biex tirre\u0121istra bl-indirizz elettroniku tieg\u0127ek u password. U\u017ca din id-dejta tal-a\u010b\u010bess biex tid\u0127ol fil-mappa tal-istands biex tara l-ka\u010b\u010ba li tkun ftiehem mag\u0127hom. Fil-jum tal-ka\u010b\u010ba, tista &#8218;mbag\u0127ad issalva r-rapporti tieg\u0127ek dwar il-ka\u010b\u010ba mmexxija kurrenti. Il-lokalit\u00e0 tieg\u0127ek ti\u0121i...","protected":false},"author":1,"featured_media":0,"parent":0,"menu_order":0,"comment_status":"closed","ping_status":"closed","template":"","meta":{"footnotes":""},"class_list":["post-38413","page","type-page","status-publish","hentry"],"_links":{"self":[{"href":"https:\/\/revierwelt.de\/index.php\/wp-json\/wp\/v2\/pages\/38413","targetHints":{"allow":["GET"]}}],"collection":[{"href":"https:\/\/revierwelt.de\/index.php\/wp-json\/wp\/v2\/pages"}],"about":[{"href":"https:\/\/revierwelt.de\/index.php\/wp-json\/wp\/v2\/types\/page"}],"author":[{"embeddable":true,"href":"https:\/\/revierwelt.de\/index.php\/wp-json\/wp\/v2\/users\/1"}],"replies":[{"embeddable":true,"href":"https:\/\/revierwelt.de\/index.php\/wp-json\/wp\/v2\/comments?post=38413"}],"version-history":[{"count":0,"href":"https:\/\/revierwelt.de\/index.php\/wp-json\/wp\/v2\/pages\/38413\/revisions"}],"wp:attachment":[{"href":"https:\/\/revierwelt.de\/index.php\/wp-json\/wp\/v2\/media?parent=38413"}],"curies":[{"name":"wp","href":"https:\/\/api.w.org\/{rel}","templated":true}]}}