{"id":38428,"date":"2025-02-25T11:35:23","date_gmt":"2025-02-25T10:35:23","guid":{"rendered":"https:\/\/revierwelt.de\/index.php\/letoeltes-revierwelt-stand-map-for-android\/"},"modified":"2025-02-25T11:35:27","modified_gmt":"2025-02-25T10:35:27","slug":"letoeltes-revierwelt-stand-map-for-android","status":"publish","type":"page","link":"https:\/\/revierwelt.de\/index.php\/letoeltes-revierwelt-stand-map-for-android\/?lang=hu","title":{"rendered":"Let\u00f6lt\u00e9s Revierwelt stand map for Android"},"content":{"rendered":"<section class=\"l-section wpb_row height_medium color_alternate\"><div class=\"l-section-h i-cf\"><div class=\"g-cols vc_row via_flex valign_top type_default stacking_default\"><div class=\"vc_col-sm-12 wpb_column vc_column_container\"><div class=\"vc_column-inner\"><div class=\"wpb_wrapper\"><div class=\"wpb_text_column\"><div class=\"wpb_wrapper\"><h1 style=\"text-align: center;\"><b>Revierwelt: \u00c1llv\u00e1nyt\u00e9rk\u00e9p let\u00f6lt\u00e9se Androidhoz<\/b><\/h1>\n<\/div><\/div><\/div><\/div><\/div><\/div><\/div><\/section><section class=\"l-section wpb_row us_custom_35ed806c height_medium\"><div class=\"l-section-h i-cf\"><div class=\"g-cols vc_row via_flex valign_top type_default stacking_default\"><div class=\"vc_col-sm-12 wpb_column vc_column_container\"><div class=\"vc_column-inner us_custom_59c302d0\"><div class=\"wpb_wrapper\"><\/div><\/div><\/div><\/div><\/div><\/section><section class=\"l-section wpb_row height_auto width_full\"><div class=\"l-section-h i-cf\"><div class=\"g-cols vc_row via_flex valign_middle type_boxes stacking_default\"><div class=\"vc_col-sm-12 wpb_column vc_column_container us_animate_fade\"><div class=\"vc_column-inner\"><div class=\"wpb_wrapper\"><div class=\"wpb_text_column\"><div class=\"wpb_wrapper\"><p style=\"text-align: center;\"><strong>A REVIERWELT \u00e1llom\u00e1nyt\u00e9rk\u00e9p r\u00e9sze a Revierwelt vad\u00e1szattal t\u00f6rt\u00e9n\u0151 hajt\u00f3vad\u00e1szat tervez\u00e9s\u00e9nek.<\/strong><\/p>\n<p style=\"text-align: center;\">A megh\u00edv\u00f3val egy\u00fctt kap egy k\u00e9r\u00e9st, hogy regisztr\u00e1ljon az e-mail c\u00edm\u00e9vel \u00e9s egy jelsz\u00f3val. Ezekkel a hozz\u00e1f\u00e9r\u00e9si adatokkal bejelentkezhet az \u00e1llom\u00e1nyt\u00e9rk\u00e9pre, hogy megtekinthesse a visszaigazolt vad\u00e1szatokat. A vad\u00e1szat napj\u00e1n azt\u00e1n elmentheti az aktu\u00e1lis hajtott vad\u00e1szatra vonatkoz\u00f3 bejegyz\u00e9seit.  <\/p>\n<p style=\"text-align: center;\">Az \u00d6n tart\u00f3zkod\u00e1si hely\u00e9t GPS seg\u00edts\u00e9g\u00e9vel hat\u00e1rozz\u00e1k meg, \u00e9s a vad\u00e1szat sor\u00e1n tov\u00e1bb\u00edtj\u00e1k a vad\u00e1szati vezet\u0151s\u00e9gnek.<\/p>\n<p style=\"text-align: center;\">J\u00f3 kil\u00e1t\u00e1st \u00e9s j\u00f3 vad\u00e1szatot k\u00edv\u00e1nunk!<\/p>\n<p style=\"text-align: center;\"><strong>T\u00f6ltse le az alkalmaz\u00e1st itt.<\/strong><\/p>\n<\/div><\/div><div class=\"w-btn-wrapper align_center\"><a class=\"w-btn us-btn-style_1\" title=\"\u00c1llv\u00e1nyt\u00e9rk\u00e9p let\u00f6lt\u00e9se most\" target=\"_blank\" rel=\"nofollow\" href=\"https:\/\/api-demo.collidex.com\/api\/service\/app_distribution\/download_latest_version?hash=32bb90e8976aab5298d5da10fe66f21d\"><span class=\"w-btn-label\">Let\u00f6lt\u00e9s<\/span><\/a><\/div><div class=\"w-separator size_small\"><\/div><div class=\"w-btn-wrapper align_center\"><a class=\"w-btn us-btn-style_1\" title=\"Verzi\u00f3inform\u00e1ci\u00f3\" target=\"_blank\" rel=\"nofollow\" href=\"https:\/\/api-demo.collidex.com\/api\/service\/app_distribution\/get_latest_version_info?hash=32bb90e8976aab5298d5da10fe66f21d\"><span class=\"w-btn-label\">Verzi\u00f3inform\u00e1ci\u00f3<\/span><\/a><\/div><div class=\"w-separator size_small\"><\/div><div class=\"wpb_text_column\"><div class=\"wpb_wrapper\"><p style=\"text-align: center;\">Javasoljuk, hogy t\u00f6ltse le az Android alkalmaz\u00e1st a <a href=\"https:\/\/play.google.com\/store\/apps\/details?id=com.collidex.mobileapp.revierwelthuntinglive&amp;hl=de\" target=\"_blank\" rel=\"noopener\">Google PlayStore-b\u00f3l<\/a>.<\/p>\n<p style=\"text-align: center;\">Az alkalmaz\u00e1s aktu\u00e1lis verzi\u00f3j\u00e1t <a href=\"https:\/\/play.google.com\/store\/apps\/details?id=com.collidex.mobileapp.revierwelthuntinglive&amp;hl=de\" target=\"_blank\" rel=\"noopener\">itt<\/a> tal\u00e1lja.<\/p>\n<\/div><\/div><\/div><\/div><\/div><\/div><\/div><\/section>\n","protected":false},"excerpt":{"rendered":"Revierwelt: \u00c1llv\u00e1nyt\u00e9rk\u00e9p let\u00f6lt\u00e9se Androidhoz A REVIERWELT \u00e1llom\u00e1nyt\u00e9rk\u00e9p r\u00e9sze a Revierwelt vad\u00e1szattal t\u00f6rt\u00e9n\u0151 hajt\u00f3vad\u00e1szat tervez\u00e9s\u00e9nek. A megh\u00edv\u00f3val egy\u00fctt kap egy k\u00e9r\u00e9st, hogy regisztr\u00e1ljon az e-mail c\u00edm\u00e9vel \u00e9s egy jelsz\u00f3val. Ezekkel a hozz\u00e1f\u00e9r\u00e9si adatokkal bejelentkezhet az \u00e1llom\u00e1nyt\u00e9rk\u00e9pre, hogy megtekinthesse a visszaigazolt vad\u00e1szatokat. A vad\u00e1szat napj\u00e1n azt\u00e1n elmentheti az aktu\u00e1lis hajtott vad\u00e1szatra vonatkoz\u00f3 bejegyz\u00e9seit. Az \u00d6n tart\u00f3zkod\u00e1si hely\u00e9t...","protected":false},"author":1,"featured_media":0,"parent":0,"menu_order":0,"comment_status":"closed","ping_status":"closed","template":"","meta":{"footnotes":""},"class_list":["post-38428","page","type-page","status-publish","hentry"],"_links":{"self":[{"href":"https:\/\/revierwelt.de\/index.php\/wp-json\/wp\/v2\/pages\/38428","targetHints":{"allow":["GET"]}}],"collection":[{"href":"https:\/\/revierwelt.de\/index.php\/wp-json\/wp\/v2\/pages"}],"about":[{"href":"https:\/\/revierwelt.de\/index.php\/wp-json\/wp\/v2\/types\/page"}],"author":[{"embeddable":true,"href":"https:\/\/revierwelt.de\/index.php\/wp-json\/wp\/v2\/users\/1"}],"replies":[{"embeddable":true,"href":"https:\/\/revierwelt.de\/index.php\/wp-json\/wp\/v2\/comments?post=38428"}],"version-history":[{"count":0,"href":"https:\/\/revierwelt.de\/index.php\/wp-json\/wp\/v2\/pages\/38428\/revisions"}],"wp:attachment":[{"href":"https:\/\/revierwelt.de\/index.php\/wp-json\/wp\/v2\/media?parent=38428"}],"curies":[{"name":"wp","href":"https:\/\/api.w.org\/{rel}","templated":true}]}}