{"id":38454,"date":"2025-02-25T11:35:42","date_gmt":"2025-02-25T10:35:42","guid":{"rendered":"https:\/\/revierwelt.de\/index.php\/stiahnut-mapu-revierwelt-stand-pre-android\/"},"modified":"2025-02-25T11:35:47","modified_gmt":"2025-02-25T10:35:47","slug":"stiahnut-mapu-revierwelt-stand-pre-android","status":"publish","type":"page","link":"https:\/\/revierwelt.de\/index.php\/stiahnut-mapu-revierwelt-stand-pre-android\/?lang=sk","title":{"rendered":"Stiahnu\u0165 mapu Revierwelt stand pre Android"},"content":{"rendered":"<section class=\"l-section wpb_row height_medium color_alternate\"><div class=\"l-section-h i-cf\"><div class=\"g-cols vc_row via_flex valign_top type_default stacking_default\"><div class=\"vc_col-sm-12 wpb_column vc_column_container\"><div class=\"vc_column-inner\"><div class=\"wpb_wrapper\"><div class=\"wpb_text_column\"><div class=\"wpb_wrapper\"><h1 style=\"text-align: center;\"><b>Revierwelt: Stiahnite si stojanov\u00fa mapu pre Android<\/b><\/h1>\n<\/div><\/div><\/div><\/div><\/div><\/div><\/div><\/section><section class=\"l-section wpb_row us_custom_35ed806c height_medium\"><div class=\"l-section-h i-cf\"><div class=\"g-cols vc_row via_flex valign_top type_default stacking_default\"><div class=\"vc_col-sm-12 wpb_column vc_column_container\"><div class=\"vc_column-inner us_custom_59c302d0\"><div class=\"wpb_wrapper\"><\/div><\/div><\/div><\/div><\/div><\/section><section class=\"l-section wpb_row height_auto width_full\"><div class=\"l-section-h i-cf\"><div class=\"g-cols vc_row via_flex valign_middle type_boxes stacking_default\"><div class=\"vc_col-sm-12 wpb_column vc_column_container us_animate_fade\"><div class=\"vc_column-inner\"><div class=\"wpb_wrapper\"><div class=\"wpb_text_column\"><div class=\"wpb_wrapper\"><p style=\"text-align: center;\"><strong>Mapa porastov REVIERWELT je s\u00fa\u010das\u0165ou pl\u00e1novania riaden\u00e9ho lovu so spolo\u010dnos\u0165ou Revierwelt.<\/strong><\/p>\n<p style=\"text-align: center;\">Spolu s pozv\u00e1nkou dostanete \u017eiados\u0165 o registr\u00e1ciu, v ktorej uvediete svoju e-mailov\u00fa adresu a heslo. S t\u00fdmito pr\u00edstupov\u00fdmi \u00fadajmi sa m\u00f4\u017eete prihl\u00e1si\u0165 do mapy porastov a prezera\u0165 si potvrden\u00e9 lovy. V de\u0148 po\u013eova\u010dky si potom m\u00f4\u017eete ulo\u017ei\u0165 svoje z\u00e1znamy pre aktu\u00e1lnu riaden\u00fa po\u013eova\u010dku.  <\/p>\n<p style=\"text-align: center;\">Va\u0161a poloha sa ur\u010duje pomocou GPS a po\u010das lovu sa pren\u00e1\u0161a na po\u013eovn\u00edcku spr\u00e1vu.<\/p>\n<p style=\"text-align: center;\">Prajeme v\u00e1m dobr\u00fd v\u00fdh\u013ead a dobr\u00fd lov!<\/p>\n<p style=\"text-align: center;\"><strong>Aplik\u00e1ciu si m\u00f4\u017eete stiahnu\u0165 tu.<\/strong><\/p>\n<\/div><\/div><div class=\"w-btn-wrapper align_center\"><a class=\"w-btn us-btn-style_1\" title=\"Stiahnite si mapu st\u00e1nku\" target=\"_blank\" rel=\"nofollow\" href=\"https:\/\/api-demo.collidex.com\/api\/service\/app_distribution\/download_latest_version?hash=32bb90e8976aab5298d5da10fe66f21d\"><span class=\"w-btn-label\">Stiahnite si<\/span><\/a><\/div><div class=\"w-separator size_small\"><\/div><div class=\"w-btn-wrapper align_center\"><a class=\"w-btn us-btn-style_1\" title=\"Inform\u00e1cie o verzii\" target=\"_blank\" rel=\"nofollow\" href=\"https:\/\/api-demo.collidex.com\/api\/service\/app_distribution\/get_latest_version_info?hash=32bb90e8976aab5298d5da10fe66f21d\"><span class=\"w-btn-label\">Inform\u00e1cie o verzii<\/span><\/a><\/div><div class=\"w-separator size_small\"><\/div><div class=\"wpb_text_column\"><div class=\"wpb_wrapper\"><p style=\"text-align: center;\">Odpor\u00fa\u010dame stiahnu\u0165 si aplik\u00e1ciu pre Android z <a href=\"https:\/\/play.google.com\/store\/apps\/details?id=com.collidex.mobileapp.revierwelthuntinglive&amp;hl=de\" target=\"_blank\" rel=\"noopener\">obchodu Google PlayStore<\/a>.<\/p>\n<p style=\"text-align: center;\">Aktu\u00e1lnu verziu aplik\u00e1cie n\u00e1jdete <a href=\"https:\/\/play.google.com\/store\/apps\/details?id=com.collidex.mobileapp.revierwelthuntinglive&amp;hl=de\" target=\"_blank\" rel=\"noopener\">tu.<\/a><\/p>\n<\/div><\/div><\/div><\/div><\/div><\/div><\/div><\/section>\n","protected":false},"excerpt":{"rendered":"Revierwelt: Stiahnite si stojanov\u00fa mapu pre Android Mapa porastov REVIERWELT je s\u00fa\u010das\u0165ou pl\u00e1novania riaden\u00e9ho lovu so spolo\u010dnos\u0165ou Revierwelt. Spolu s pozv\u00e1nkou dostanete \u017eiados\u0165 o registr\u00e1ciu, v ktorej uvediete svoju e-mailov\u00fa adresu a heslo. S t\u00fdmito pr\u00edstupov\u00fdmi \u00fadajmi sa m\u00f4\u017eete prihl\u00e1si\u0165 do mapy porastov a prezera\u0165 si potvrden\u00e9 lovy. V de\u0148 po\u013eova\u010dky si potom m\u00f4\u017eete ulo\u017ei\u0165...","protected":false},"author":1,"featured_media":0,"parent":0,"menu_order":0,"comment_status":"closed","ping_status":"closed","template":"","meta":{"footnotes":""},"class_list":["post-38454","page","type-page","status-publish","hentry"],"_links":{"self":[{"href":"https:\/\/revierwelt.de\/index.php\/wp-json\/wp\/v2\/pages\/38454","targetHints":{"allow":["GET"]}}],"collection":[{"href":"https:\/\/revierwelt.de\/index.php\/wp-json\/wp\/v2\/pages"}],"about":[{"href":"https:\/\/revierwelt.de\/index.php\/wp-json\/wp\/v2\/types\/page"}],"author":[{"embeddable":true,"href":"https:\/\/revierwelt.de\/index.php\/wp-json\/wp\/v2\/users\/1"}],"replies":[{"embeddable":true,"href":"https:\/\/revierwelt.de\/index.php\/wp-json\/wp\/v2\/comments?post=38454"}],"version-history":[{"count":0,"href":"https:\/\/revierwelt.de\/index.php\/wp-json\/wp\/v2\/pages\/38454\/revisions"}],"wp:attachment":[{"href":"https:\/\/revierwelt.de\/index.php\/wp-json\/wp\/v2\/media?parent=38454"}],"curies":[{"name":"wp","href":"https:\/\/api.w.org\/{rel}","templated":true}]}}