{"id":39719,"date":"2025-02-25T11:48:13","date_gmt":"2025-02-25T10:48:13","guid":{"rendered":"https:\/\/revierwelt.de\/index.php\/termeni-si-conditii-generale-de-serviciu\/"},"modified":"2025-02-25T11:48:13","modified_gmt":"2025-02-25T10:48:13","slug":"termeni-si-conditii-generale-de-serviciu","status":"publish","type":"page","link":"https:\/\/revierwelt.de\/index.php\/termeni-si-conditii-generale-de-serviciu\/?lang=ro","title":{"rendered":"Termeni \u0219i condi\u021bii generale de serviciu"},"content":{"rendered":"<p><strong>I. Domeniul de aplicare<\/strong><\/p>\n<p>Operatorul acestui site web este <a href=\"https:\/\/revierwelt.de\/index.php\/impressum\/\">REVIERWELT MEDIA GmbH<\/a> (<strong>REVIERWELT MEDIA<\/strong>). Ace\u0219ti Termeni \u0219i condi\u021bii generale de serviciu (CGS) se aplic\u0103 tuturor rela\u021biilor de afaceri dintre REVIERWELT MEDIA \u0219i utilizatorul site-urilor web (consumator sau antreprenor) \u00een versiunea valabil\u0103 la momentul \u00eenceperii utiliz\u0103rii (\u00eenregistrare, autentificare, plasarea de reclame sau alt\u0103 utilizare). CGV sau al\u021bi termeni \u0219i condi\u021bii ale utilizatorului care se abat de la prezentele CGV se aplic\u0103 numai \u00een m\u0103sura \u00een care REVIERWELT MEDIA a fost de acord cu acestea \u00een scris.  <\/p>\n<p>Un consumator este orice persoan\u0103 care nu este antreprenor. Un antreprenor este o persoan\u0103 fizic\u0103 sau juridic\u0103 sau un parteneriat cu capacitate juridic\u0103 care, atunci c\u00e2nd \u00eencheie o tranzac\u021bie juridic\u0103, ac\u021bioneaz\u0103 \u00een exercitarea activit\u0103\u021bii sale comerciale sau profesionale independente [sec\u021biunea 14 alineatul (1) din BGB]. \u00cen cazul \u00een care antreprenorul nu ac\u021bioneaz\u0103 \u00een exercitarea activit\u0103\u021bii sale comerciale sau profesionale independente, acesta beneficiaz\u0103, de asemenea, de drepturile destinate consumatorilor \u0219i este considerat a fi un consumator \u00een sensul prezentei ALB.  <\/p>\n<p><strong>II Protec\u021bia datelor<\/strong><\/p>\n<p>Utilizarea datelor cu caracter personal este supus\u0103 unor reglement\u0103ri speciale. V\u0103 rug\u0103m s\u0103 face\u021bi clic <a href=\"https:\/\/revierwelt.de\/index.php\/datenschutzerklaerung\/\"><strong>aici<\/strong><\/a>pentru a vizualiza reglement\u0103rile privind protec\u021bia datelor. <\/p>\n<p><strong>III. Utilizarea con\u021binutului \u0219i a drepturilor site-ului<\/strong><\/p>\n<p>1. \u00een func\u021bie de disponibilitate<\/p>\n<p>Informa\u021biile \u0219i serviciile disponibile pe aceste pagini web sunt furnizate de REVIERWELT MEDIA sub rezerva, \u00een special sub rezerva disponibilit\u0103\u021bii lor \u0219i\/sau a respect\u0103rii de c\u0103tre utilizator a dispozi\u021biilor prezentei ALB.<\/p>\n<p>2. protec\u021bia drepturilor de autor ale site-urilor web<\/p>\n<p>Con\u021binutul site-urilor web este protejat prin drepturi de autor \u00een m\u0103sura permis\u0103 de lege. Cu excep\u021bia cazului \u00een care legea prevede altfel \u00een cazuri individuale, orice utilizare (de exemplu, reproducerea, distribuirea \u0219i\/sau punerea la dispozi\u021bia publicului) a con\u021binutului protejat este permis\u0103 numai cu acordul prealabil scris al REVIERWELT MEDIA. Chiar \u0219i \u00een cazul unei astfel de autoriza\u021bii, con\u021binutul protejat poate fi utilizat numai cu referire la surs\u0103. Orice utilizare a con\u021binutului de c\u0103tre utilizator \u00een scopuri comerciale directe sau indirecte necesit\u0103 acordul scris prealabil special al REVIERWELT MEDIA.   <\/p>\n<p>Leg\u0103turile c\u0103tre con\u021binutul protejat prin drepturi de autor de pe site-urile REVIERWELT MEDIA sunt permise numai dac\u0103 leg\u0103turile conduc direct la site-urile REVIERWELT MEDIA sau dac\u0103 blocurile de acces nu sunt eludate. De asemenea, leg\u0103tura trebuie s\u0103 poat\u0103 fi recunoscut\u0103 de ter\u021bi. <\/p>\n<p>3. drepturile de autor pentru con\u021binutul transmis de utilizator<\/p>\n<p>Drepturile de autor pentru con\u021binutul protejat de drepturi de autor transmis de c\u0103tre utilizator r\u0103m\u00e2n la autorul respectiv. Cu toate acestea, prin transmiterea (de exemplu, \u00eenc\u0103rcarea \u0219i\/sau trimiterea prin e-mail) acestui con\u021binut, utilizatorul acord\u0103 REVIERWELT MEDIA dreptul simplu, nelimitat \u00een ceea ce prive\u0219te spa\u021biul, timpul \u0219i con\u021binutul, de a utiliza acest con\u021binut \u00een form\u0103 fizic\u0103 \u0219i non-fizic\u0103 pentru toate tipurile de utilizare. Aceast\u0103 acordare de drepturi include \u00een special dreptul, legat de scopul public\u0103rii de c\u0103tre REVIERWELT MEDIA, de a edita con\u021binutul, de a-l reproduce, de a-l distribui sau de a-l reproduce public pe internet pe site-urile REVIERWELT MEDIA, \u00een fiecare caz incluz\u00e2nd utilizarea \u00een scopuri publicitare pentru publicarea de c\u0103tre REVIERWELT MEDIA (dreptul de a edita, reproduce \u0219i distribui, precum \u0219i dreptul de a-l face accesibil publicului).  <\/p>\n<p><strong>IV. \u00cenregistrarea<\/strong><\/p>\n<p>1. detalii utilizator<\/p>\n<p>\u00cenregistrarea este necesar\u0103 pentru anumite zone ale site-ului. Utilizarea acestor zone \u00eenchise necesit\u0103 ca utilizatorul s\u0103 aib\u0103 v\u00e2rsta legal\u0103, s\u0103 se \u00eenregistreze \u0219i s\u0103 furnizeze date personale veridice \u0219i complete. De asemenea, utilizatorul este obligat s\u0103 ne informeze cu privire la orice modificare ulterioar\u0103 a datelor personale la urm\u0103toarea vizit\u0103 pe site-urile respective.  <\/p>\n<p>2. verificarea detaliilor utilizatorului \u0219i blocarea accesului<\/p>\n<p>REVIERWELT MEDIA \u00ee\u0219i rezerv\u0103 dreptul de a verifica datele personale ale utilizatorului \u00een m\u0103sura permis\u0103 de lege. \u00cen plus, REVIERWELT MEDIA \u00ee\u0219i rezerv\u0103 dreptul de a bloca \u00een orice moment accesul la zonele cu acces restric\u021bionat. Accesul va fi blocat \u00een special \u00een cazul \u00een care utilizatorul a furnizat informa\u021bii personale false \u00een timpul \u00eenregistr\u0103rii sau a \u00eenc\u0103lcat \u00een alt mod aceste ALB.  <\/p>\n<p><strong>V. \u00cencheierea unui contract, utilizarea serviciilor de mesaje\/date \u0219i durata contractului<\/strong><\/p>\n<p>Primul partener contractual<\/p>\n<p>Dac\u0103 se \u00eencheie un contract, contractul se \u00eencheie cu REVIERWELT MEDIA. Mai multe detalii despre REVIERWELT MEDIA pot fi g\u0103site <a href=\"https:\/\/revierwelt.de\/index.php\/impressum\/\">aici<\/a>. <\/p>\n<p>2. \u00eencheierea contractului<\/p>\n<p>Descrierea serviciilor de c\u0103tre REVIERWELT MEDIA nu constituie o ofert\u0103 contractual\u0103 obligatorie din punct de vedere juridic din partea REVIERWELT MEDIA, ci este doar o invita\u021bie neangajant\u0103 adresat\u0103 utilizatorului de a utiliza serviciile.<\/p>\n<p>Contractul este \u00eencheiat \u00een urm\u0103toarele etape:<\/p>\n<p>(a) Prin crearea unui cont protejat prin parol\u0103 prin intermediul func\u021biei de \u00eenregistrare oferite pe site, utilizatorul prezint\u0103 o ofert\u0103 de a \u00eencheia un contract.<br \/>\n(b) Dup\u0103 finalizarea procesului de \u00eenregistrare, \u00eentre REVIERWELT MEDIA \u0219i utilizator se \u00eencheie un contract pentru furnizarea serviciilor contractuale prin trimiterea unui e-mail de confirmare a \u00eenregistr\u0103rii la adresa de e-mail furnizat\u0103 de utilizator.<\/p>\n<p>REVIERWELT MEDIA va salva textul contractului \u0219i va trimite utilizatorului datele comenzii \u00eempreun\u0103 cu ALB prin e-mail. De asemenea, utilizatorul poate vizualiza ALB \u00een orice moment pe site-ul REVIERWELT MEDIA. <\/p>\n<p>3. utilizarea serviciilor de mesagerie \u0219i de date<\/p>\n<p>\u00cenainte de a utiliza serviciile de mesagerie\/date pl\u0103tite, utilizatorul trebuie s\u0103 \u00ee\u0219i completeze contul de utilizator aferent teritoriului cu credit. Creditul nu va fi rambursat. <\/p>\n<p>Utilizatorului i se permite s\u0103 utilizeze sistemul de trimitere \u0219i primire a datelor \u00een limita posibilit\u0103\u021bilor tehnice \u0219i a disponibilit\u0103\u021bii disponibile la momentul respectiv. REVIERWELT \u00cen niciun caz MEDIA nu este r\u0103spunz\u0103toare pentru primirea sau livrarea cu succes a datelor sau a mesajelor text. REVIERWELT MEDIA pune la dispozi\u021bia utilizatorului site-ul web \u0219i canalele de comunicare a datelor prin intermediul sistemului de transmitere\/primire a datelor pe care REVIERWELT MEDIA \u00eel poate accesa direct \u0219i f\u0103r\u0103 interven\u021bia unor ter\u021bi (sistemul Revierwelt) \u00een m\u0103sura \u0219i formatul de comunicare convenite (respectiv date, SMS, e-mail \u0219i voce) \u0219i \u00een func\u021bie de disponibilitate, sistemul Revierwelt \u0219i contul pentru introducerea mesajelor text \u0219i\/sau stocarea temporar\u0103 a mesajelor text \u0219i a datelor \u00een vederea trimiterii la num\u0103rul de telefon mobil specificat de utilizator ca adres\u0103 de destina\u021bie \u0219i\/sau servicii rezonabile \u00een scopul transmiterii de date, mesaje text sau vocale c\u0103tre interfa\u021ba de comunicare, numerele de apel\/telefon mobil, adresa de e-mail specificate de utilizator. Revierwelt nu este \u00een niciun fel responsabil pentru transmiterea sau primirea cu succes a datelor, mesajelor text\/voce care urmeaz\u0103 s\u0103 fie transmise, ci doar pentru punerea la dispozi\u021bie a sistemului Revierwelt \u0219i ini\u021bierea uneia sau mai multor tentative de transmitere a mesajelor\/datelor. \u00cen special, utilizatorul este con\u0219tient de faptul c\u0103, chiar dac\u0103 aceste servicii sunt prestate \u00een conformitate cu contractul, datele\/messajele care urmeaz\u0103 s\u0103 fie transmise pot fi \u00eent\u00e2rziate sau pierdute, \u00een special dac\u0103 nu pot fi livrate sau din alte motive care nu \u021bin de sistemul Revierwelt (de exemplu, limit\u0103rile de capacitate sau indisponibilitatea re\u021belei de telefonie mobil\u0103 \u021bint\u0103 sau a altor re\u021bele \u0219i a altor furnizori de servicii prin intermediul c\u0103rora sunt transmise \u0219i distribuite datele, mesajul text\/voce). \u00cen special, REVIERWELT MEDIA nu este responsabil\u0103 pentru serviciile de telecomunica\u021bii necesare pentru transportul datelor \u00eentre punctul de transfer c\u0103tre internet prin intermediul sistemului Revierwelt \u0219i dispozitivul de recep\u021bie al num\u0103rului \u021bint\u0103.     <\/p>\n<p>4. durata contractului \u0219i rezilierea<\/p>\n<p>Contractul este \u00eencheiat pentru o perioad\u0103 de dou\u0103sprezece (12) luni (termen). Acesta se prelunge\u0219te cu \u00eenc\u0103 dou\u0103sprezece luni \u00een fiecare caz, cu excep\u021bia cazului \u00een care utilizatorul anuleaz\u0103 contractul sub form\u0103 de text (scrisoare, fax sau e-mail) cu un preaviz de o lun\u0103 p\u00e2n\u0103 la sf\u00e2r\u0219itul perioadei respective. <\/p>\n<p>Dreptul de a rezilia pentru motive \u00eentemeiate r\u0103m\u00e2ne neafectat. Se consider\u0103 c\u0103 exist\u0103 un motiv \u00eentemeiat, de exemplu, \u00een cazul \u00een care REVIERWELT MEDIA \u00eenceteaz\u0103 s\u0103 opereze site-urile web. <\/p>\n<p><strong>VI Pre\u021buri, plat\u0103, scaden\u021b\u0103<\/strong><\/p>\n<p>Premiile I<\/p>\n<p>Pre\u021burile pentru fiecare serviciu furnizat de REVIERWELT MEDIA se calculeaz\u0103 pe baza <a href=\"https:\/\/revierwelt.de\/index.php\/24594-2\/\">listei de pre\u021buri<\/a> publicate pe site-ul REVIERWELT MEDIA. Pre\u021bul publicat la momentul utiliz\u0103rii serviciului este decisiv. <\/p>\n<p>Pre\u021burile se pot modifica (sec\u021biunea X).<\/p>\n<p>Pre\u021burile cotate includ \u00eentotdeauna TVA-ul legal \u0219i alte componente ale pre\u021bului.<\/p>\n<p>2. plat\u0103, dat\u0103 scadent\u0103<\/p>\n<p>Facturarea are loc dup\u0103 utilizarea serviciului respectiv prin debitarea automat\u0103 a pre\u021bului individual din contul de utilizator aferent teritoriului utilizatorului, care a fost completat cu un sold de credit \u00een administrarea teritoriului utilizatorului.<\/p>\n<p>Serviciul de date\/mesaje este disponibil numai cu un cont de utilizator alimentat pozitiv. Utilizatorul poate vizualiza \u0219i verifica contul. Creditul completat \u00een contul de utilizator nu va fi rambursat.  <\/p>\n<p>3. excluderea pl\u00e2ngerilor<\/p>\n<p>Reclama\u021biile sunt admisibile numai \u00een termen de o lun\u0103 de la debitarea pre\u021bului individual care face obiectul reclama\u021biei.<\/p>\n<p>4. reglement\u0103ri speciale pentru utilizatori \u00een calitate de antreprenori<\/p>\n<p>\u00cen perioada de neplat\u0103, antreprenorul datoreaz\u0103 REVIERWELT MEDIA dob\u00e2nzi \u00een valoare de 8 % peste rata dob\u00e2nzii de baz\u0103 pentru datoria monetar\u0103 respectiv\u0103. Dreptul de a face dovada unor daune-interese de \u00eent\u00e2rziere mai mari r\u0103m\u00e2ne rezervat. \u00centreprinz\u0103torul are dreptul la compensare numai \u00een cazul \u00een care cererile sale reconven\u021bionale sunt incontestabile sau au fost recunoscute prin hot\u0103r\u00e2re judec\u0103toreasc\u0103 declarativ\u0103.  <\/p>\n<p><strong>VII. Dreptul de anulare pentru utilizatori \u00een calitate de consumatori<\/strong><\/p>\n<p><strong>Politica de anulare<\/strong><\/p>\n<p><strong>Dreptul de anulare<\/strong><\/p>\n<p><strong>Pute\u021bi anula declara\u021bia dvs. contractual\u0103 \u00een scris (de exemplu, scrisoare, fax, e-mail) \u00een termen de 14 zile, f\u0103r\u0103 a oferi motive. Perioada \u00eencepe dup\u0103 primirea acestei instruc\u021biuni sub form\u0103 de text, dar nu \u00eenainte de \u00eencheierea contractului \u0219i, de asemenea, nu \u00eenainte de \u00eendeplinirea obliga\u021biilor noastre de informare \u00een conformitate cu articolul 246 \u00a7 2 coroborat cu \u00a7 1 alineatele 1 \u0219i 2 EGBGB, precum \u0219i a obliga\u021biilor noastre \u00een conformitate cu \u00a7 312g alineatul 1 teza 1 BGB coroborat cu articolul 246 \u00a7 3 EGBGB. Trimiterea la timp a anul\u0103rii este suficient\u0103 pentru respectarea termenului de anulare. Anularea trebuie trimis\u0103 la adresa:   <\/strong><\/p>\n<p><strong>REVIERWELT MEDIA GMBH<br \/>\nDirector general: Alexander Vinnai<br \/>\nPestalozzistrasse 41<br \/>\n35606 Solms<br \/>\nsupport@revierwelt.de<\/strong><\/p>\n<p><strong>Consecin\u021bele anul\u0103rii<\/strong><\/p>\n<p><strong>\u00cen cazul unei anul\u0103ri efective, serviciile primite de ambele p\u0103r\u021bi trebuie returnate \u0219i orice beneficii derivate (de exemplu, dob\u00e2nzi) trebuie restituite. \u00cen cazul \u00een care nu sunte\u021bi \u00een m\u0103sur\u0103 s\u0103 ne returna\u021bi sau s\u0103 ne preda\u021bi bunurile sau serviciile primite, precum \u0219i beneficiile (de exemplu, beneficiile de utilizare), sau nu sunte\u021bi \u00een m\u0103sur\u0103 s\u0103 le returna\u021bi sau s\u0103 le preda\u021bi dec\u00e2t par\u021bial sau \u00eentr-o stare deteriorat\u0103, trebuie s\u0103 ne desp\u0103gubi\u021bi pentru valoarea acestora. Aceasta poate \u00eensemna c\u0103 trebuie totu\u0219i s\u0103 v\u0103 \u00eendeplini\u021bi obliga\u021biile contractuale de plat\u0103 pentru perioada de p\u00e2n\u0103 la anulare. Obliga\u021biile de rambursare a pl\u0103\u021bilor trebuie \u00eendeplinite \u00een termen de 30 de zile. Perioada \u00eencepe pentru dumneavoastr\u0103 atunci c\u00e2nd trimite\u021bi notificarea de anulare \u0219i pentru noi atunci c\u00e2nd o primim.    <\/strong><\/p>\n<p><strong>Note speciale<\/strong><\/p>\n<p><strong>Dreptul dumneavoastr\u0103 de renun\u021bare expir\u0103 prematur \u00een cazul \u00een care contractul a fost executat integral de ambele p\u0103r\u021bi, la cererea dumneavoastr\u0103 expres\u0103, \u00eenainte ca dumneavoastr\u0103 s\u0103 v\u0103 fi exercitat dreptul de renun\u021bare.<\/strong><\/p>\n<p><strong>Sf\u00e2r\u0219itul politicii de anulare.<\/strong><\/p>\n<p><strong>VIII. R\u0103spunderea REVIERWELT MEDIA<\/strong><\/p>\n<p>R\u0103spunderea REVIERWELT MEDIA este exclus\u0103 \u00een cazul \u00eenc\u0103lc\u0103rii obliga\u021biilor prin neglijen\u021b\u0103 u\u0219oar\u0103, cu condi\u021bia ca aceste \u00eenc\u0103lc\u0103ri ale obliga\u021biilor s\u0103 nu se refere la obliga\u021bii contractuale esen\u021biale sau la via\u021b\u0103, s\u0103n\u0103tate sau organism sau la preten\u021bii \u00een temeiul Legii privind r\u0103spunderea pentru produse. Aceasta se aplic\u0103 \u00een mod corespunz\u0103tor \u0219i \u00eenc\u0103lc\u0103rilor de obliga\u021bii de c\u0103tre angaja\u021bii sau agen\u021bii vicari ai REVIERWELT MEDIA. <\/p>\n<p>\u00cen conformitate cu aceast\u0103 dispozi\u021bie, REVIERWELT MEDIA nu \u00ee\u0219i asum\u0103 nicio r\u0103spundere, \u00een special pentru con\u021binutul furnizat de utilizatori (de exemplu, date cu caracter personal \u0219i\/sau alte date), \u00een special pentru exhaustivitatea sau acurate\u021bea acestui con\u021binut, \u0219i nici nicio r\u0103spundere pentru dezavantajele suportate de utilizator ca urmare a indisponibilit\u0103\u021bii temporare a site-ului sau a unor p\u0103r\u021bi ale acestuia, a pierderii de date sau a unor probleme tehnice similare. \u00cen consecin\u021b\u0103, REVIERWELT MEDIA nu \u00ee\u0219i asum\u0103 nicio r\u0103spundere, \u00een special pentru defec\u021biunile legate de sistem, \u00eentreruperi \u0219i\/sau perturb\u0103ri ale transmiterii datelor sau pentru nerespectarea instruc\u021biunilor de utilizare aplicabile site-ului REVIERWELT MEDIA. <\/p>\n<p><strong>IX. R\u0103spunderea utilizatorului<\/strong><\/p>\n<p>1. r\u0103spunderea utilizatorului pentru utilizarea parolei<\/p>\n<p>Utilizatorul este responsabil pentru confiden\u021bialitatea \u0219i utilizarea parolei sale. \u00cen special, utilizatorul este obligat s\u0103 p\u0103streze parola cu grij\u0103 deosebit\u0103 \u0219i s\u0103 \u00eempiedice ter\u021bii s\u0103 ia cuno\u0219tin\u021b\u0103 de parola sa. \u00cen cazul utiliz\u0103rii neautorizate a parolei utilizatorului, utilizatorul desp\u0103gube\u0219te REVIERWELT MEDIA pentru orice r\u0103spundere, cu excep\u021bia cazului \u00een care utilizatorul a exercitat diligen\u021ba necesar\u0103 \u00een cursul activit\u0103\u021bii. Utilizatorul este obligat s\u0103 informeze imediat REVIERWELT MEDIA \u00een cazul \u00een care exist\u0103 motive s\u0103 cread\u0103 c\u0103 parola este utilizat\u0103 f\u0103r\u0103 autoriza\u021bie.   <\/p>\n<p>2. r\u0103spunderea utilizatorului pentru datele sale<\/p>\n<p>Utilizatorul este responsabil pentru acurate\u021bea \u0219i actualizarea datelor sale personale sau ale companiei &#8211; inclusiv pentru autorizarea de a utiliza titluri profesionale protejate. \u00cen cazul \u00een care utilizatorul furnizeaz\u0103 informa\u021bii false sau nu \u00ee\u0219i actualizeaz\u0103 datele la intervale adecvate, utilizatorul va desp\u0103gubi REVIERWELT MEDIA pentru orice r\u0103spundere \u00een ceea ce prive\u0219te datele sale, cu excep\u021bia cazului \u00een care a exercitat diligen\u021ba necesar\u0103 \u00een cursul activit\u0103\u021bii sale. <\/p>\n<p>3 R\u0103spunderea utilizatorului pentru con\u021binutul transmis<\/p>\n<p>Prin transmiterea de con\u021binut &#8211; indiferent de con\u021binutul acestuia &#8211; utilizatorul garanteaz\u0103 \u0219i d\u0103 asigur\u0103ri c\u0103 acest con\u021binut respect\u0103 pe deplin legea. \u00cen special, utilizatorul garanteaz\u0103 \u0219i declar\u0103 c\u0103 nu va posta pe site niciun con\u021binut care <\/p>\n<p>&#8211; \u00eencalc\u0103 legisla\u021bia aplicabil\u0103, interdic\u021biile legale sau oficiale sau moralitatea,<br \/>\n&#8211; \u00eencalc\u0103 drepturile ter\u021bilor,<br \/>\n&#8211; sunt pornografice, ofensatoare, amenin\u021b\u0103toare, h\u0103r\u021buitoare, vulgare, rasiste, discriminatorii sau inacceptabile \u00een alt mod,<br \/>\n&#8211; \u00eencalc\u0103 reglement\u0103rile aplicabile privind protec\u021bia tinerilor sau<br \/>\n&#8211; sunt considerate abuzuri, \u00een special spam.<\/p>\n<p>\u00cen special, prin transmiterea con\u021binutului, utilizatorul garanteaz\u0103 c\u0103 poate dispune liber de acest con\u021binut, \u00een special \u00een limita drepturilor acordate \u00een conformitate cu sec\u021biunea IV, fa\u021b\u0103 de REVIERWELT MEDIA \u0219i c\u0103 con\u021binutul nu aduce atingere sau nu \u00eencalc\u0103 drepturile ter\u021bilor, \u00een special dreptul la propria imagine, drepturile personale generale (de exemplu, dreptul la un nume), drepturile asupra m\u0103rcilor (de exemplu, drepturile asupra m\u0103rcilor comerciale), alte drepturi de proprietate industrial\u0103 \u0219i\/sau drepturi de autor sau drepturi de autor auxiliare.<\/p>\n<p>\u00cen cazul \u00een care utilizatorul \u00eencalc\u0103 oricare dintre garan\u021biile prev\u0103zute \u00een prezenta clauz\u0103, \u00een special \u00een cazul \u00een care ter\u021be p\u0103r\u021bi revendic\u0103 drepturi \u00eempotriva REVIERWELT MEDIA \u00een sensul alineatelor anterioare, utilizatorul va desp\u0103gubi REVIERWELT MEDIA integral, inclusiv costurile de ap\u0103rare juridic\u0103, cu excep\u021bia cazului \u00een care utilizatorul a dat dovad\u0103 de diligen\u021b\u0103. Utilizatorul sprijin\u0103 REVIERWELT MEDIA \u00een ap\u0103rarea sa juridic\u0103, \u00een special prin furnizarea de informa\u021bii. <\/p>\n<p><strong>X. Rezervarea schimb\u0103rilor\/modific\u0103rilor<\/strong><\/p>\n<p>REVIERWELT MEDIA \u00ee\u0219i rezerv\u0103 dreptul de a modifica ALB \u0219i alte condi\u021bii de utilizare a site-urilor web &#8211; inclusiv lista de pre\u021buri &#8211; precum \u0219i specifica\u021biile individuale \u00een orice moment. REVIERWELT MEDIA notific\u0103 orice modificare a acestor termeni \u0219i condi\u021bii prin intermediul unui anun\u021b pe site-urile web. <\/p>\n<p>Utilizatorul \u00ee\u0219i d\u0103 acordul cu privire la valabilitatea termenilor \u0219i condi\u021biilor modificate \u00een m\u0103sura \u00een care utilizeaz\u0103 site-urile REVIERWELT MEDIA dup\u0103 publicarea unei astfel de notific\u0103ri de modificare.<\/p>\n<p>Odat\u0103 cu publicarea unei versiuni modificate a acestor ALB, versiunile anterioare \u00ee\u0219i pierd valabilitatea.<\/p>\n<p><strong>XI. Locul de \u00eendeplinire, legea aplicabil\u0103 \u0219i competen\u021ba judiciar\u0103<\/strong><\/p>\n<p>\u00cen tranzac\u021biile dintre REVIERWELT MEDIA \u0219i utilizatorul care este un antreprenor, locul exclusiv de \u00eendeplinire \u0219i jurisdic\u021bia pentru toate cererile &#8211; \u00een m\u0103sura \u00een care este permis &#8211; este Tribunalul local Wetzlar sau Tribunalul regional Limburg.<\/p>\n<p>Se aplic\u0103 exclusiv dreptul Republicii Federale Germania. Pentru consumator, aceast\u0103 alegere a legii se aplic\u0103 numai \u00een m\u0103sura \u00een care protec\u021bia acordat\u0103 de dispozi\u021biile imperative ale legii \u021b\u0103rii \u00een care consumatorul \u00ee\u0219i are re\u0219edin\u021ba obi\u0219nuit\u0103 nu este retras\u0103. <\/p>\n<p><strong>XII Clauza de divizibilitate<\/strong><\/p>\n<p>\u00cen cazul \u00een care anumite dispozi\u021bii ale prezentelor CGV sunt sau devin invalide \u0219i\/sau nule, validitatea celorlalte dispozi\u021bii nu va fi afectat\u0103. Dispozi\u021biile invalide \u0219i\/sau nule se \u00eenlocuiesc astfel \u00eenc\u00e2t s\u0103 se ating\u0103 scopul economic urm\u0103rit. Acest lucru se aplic\u0103 \u00een mod corespunz\u0103tor \u0219i acoperirii lacunelor din ALB.  <\/p>\n<p><strong>XIII Codul de conduit\u0103<\/strong><\/p>\n<p>REVIERWELT MEDIA nu s-a supus niciunui cod de conduit\u0103.<\/p>\n<p>Statutul ALB: septembrie 2012.<\/p>\n","protected":false},"excerpt":{"rendered":"<p>I. Domeniul de aplicare Operatorul acestui site web este REVIERWELT MEDIA GmbH (REVIERWELT MEDIA). Ace\u0219ti Termeni \u0219i condi\u021bii generale de serviciu (CGS) se aplic\u0103 tuturor rela\u021biilor de afaceri dintre REVIERWELT MEDIA \u0219i utilizatorul site-urilor web (consumator sau antreprenor) \u00een versiunea valabil\u0103 la momentul \u00eenceperii utiliz\u0103rii (\u00eenregistrare, autentificare, plasarea de reclame sau alt\u0103 utilizare). CGV sau&#8230;<\/p>\n","protected":false},"author":4,"featured_media":0,"parent":0,"menu_order":0,"comment_status":"closed","ping_status":"closed","template":"","meta":{"footnotes":""},"class_list":["post-39719","page","type-page","status-publish","hentry"],"_links":{"self":[{"href":"https:\/\/revierwelt.de\/index.php\/wp-json\/wp\/v2\/pages\/39719","targetHints":{"allow":["GET"]}}],"collection":[{"href":"https:\/\/revierwelt.de\/index.php\/wp-json\/wp\/v2\/pages"}],"about":[{"href":"https:\/\/revierwelt.de\/index.php\/wp-json\/wp\/v2\/types\/page"}],"author":[{"embeddable":true,"href":"https:\/\/revierwelt.de\/index.php\/wp-json\/wp\/v2\/users\/4"}],"replies":[{"embeddable":true,"href":"https:\/\/revierwelt.de\/index.php\/wp-json\/wp\/v2\/comments?post=39719"}],"version-history":[{"count":0,"href":"https:\/\/revierwelt.de\/index.php\/wp-json\/wp\/v2\/pages\/39719\/revisions"}],"wp:attachment":[{"href":"https:\/\/revierwelt.de\/index.php\/wp-json\/wp\/v2\/media?parent=39719"}],"curies":[{"name":"wp","href":"https:\/\/api.w.org\/{rel}","templated":true}]}}