{"id":39721,"date":"2025-02-25T11:48:17","date_gmt":"2025-02-25T10:48:17","guid":{"rendered":"https:\/\/revierwelt.de\/index.php\/ogolne-warunki-swiadczenia-uslug\/"},"modified":"2025-02-25T11:48:17","modified_gmt":"2025-02-25T10:48:17","slug":"ogolne-warunki-swiadczenia-uslug","status":"publish","type":"page","link":"https:\/\/revierwelt.de\/index.php\/ogolne-warunki-swiadczenia-uslug\/?lang=pl","title":{"rendered":"Og\u00f3lne warunki \u015bwiadczenia us\u0142ug"},"content":{"rendered":"<p><strong>I. Zakres zastosowania<\/strong><\/p>\n<p>Operatorem niniejszej strony internetowej jest <a href=\"https:\/\/revierwelt.de\/index.php\/impressum\/\">REVIERWELT MEDIA GmbH<\/a> (<strong>REVIERWELT MEDIA<\/strong>). Niniejsze Og\u00f3lne Warunki \u015awiadczenia Us\u0142ug (OWS) maj\u0105 zastosowanie do wszystkich relacji biznesowych mi\u0119dzy REVIERWELT MEDIA a u\u017cytkownikiem stron internetowych (konsumentem lub przedsi\u0119biorc\u0105) w wersji obowi\u0105zuj\u0105cej w momencie rozpocz\u0119cia u\u017cytkowania (rejestracja, logowanie, umieszczanie reklam lub inne u\u017cytkowanie). OWU lub inne warunki u\u017cytkownika, kt\u00f3re odbiegaj\u0105 od niniejszych OWU, maj\u0105 zastosowanie wy\u0142\u0105cznie w zakresie, w jakim REVIERWELT MEDIA wyrazi\u0142a na nie zgod\u0119 na pi\u015bmie.  <\/p>\n<p>Konsumentem jest ka\u017cdy, kto nie jest przedsi\u0119biorc\u0105. Przedsi\u0119biorc\u0105 jest osoba fizyczna, prawna lub sp\u00f3\u0142ka osobowa posiadaj\u0105ca zdolno\u015b\u0107 prawn\u0105, kt\u00f3ra przy dokonywaniu czynno\u015bci prawnej dzia\u0142a w ramach swojej dzia\u0142alno\u015bci handlowej, gospodarczej lub zawodowej (\u00a7 14 ust. 1 BGB). Je\u017celi przedsi\u0119biorca nie dzia\u0142a w ramach wykonywania swojej dzia\u0142alno\u015bci handlowej lub dzia\u0142alno\u015bci na w\u0142asny rachunek, korzysta r\u00f3wnie\u017c z praw przeznaczonych dla konsument\u00f3w i jest uwa\u017cany za konsumenta w rozumieniu niniejszych ALB.  <\/p>\n<p><strong>II Ochrona danych<\/strong><\/p>\n<p>Wykorzystanie danych osobowych podlega specjalnym przepisom. Prosimy klikn\u0105\u0107 <a href=\"https:\/\/revierwelt.de\/index.php\/datenschutzerklaerung\/\"><strong>tutaj<\/strong><\/a>aby zapozna\u0107 si\u0119 z przepisami dotycz\u0105cymi ochrony danych. <\/p>\n<p><strong>III. Korzystanie z tre\u015bci witryny i prawa<\/strong><\/p>\n<p>1. w zale\u017cno\u015bci od dost\u0119pno\u015bci<\/p>\n<p>Informacje i us\u0142ugi dost\u0119pne na tych stronach internetowych s\u0105 dostarczane przez REVIERWELT MEDIA z zastrze\u017ceniem, w szczeg\u00f3lno\u015bci z zastrze\u017ceniem ich dost\u0119pno\u015bci i\/lub przestrzegania przez u\u017cytkownika postanowie\u0144 niniejszego ALB.<\/p>\n<p>2. ochrona praw autorskich stron internetowych<\/p>\n<p>Zawarto\u015b\u0107 stron internetowych jest chroniona prawem autorskim w zakresie dozwolonym przez prawo. O ile prawo nie stanowi inaczej w poszczeg\u00f3lnych przypadkach, jakiekolwiek wykorzystanie (np. powielanie, rozpowszechnianie i\/lub publiczne udost\u0119pnianie) chronionych tre\u015bci jest dozwolone wy\u0142\u0105cznie za uprzedni\u0105 pisemn\u0105 zgod\u0105 REVIERWELT MEDIA. Nawet w przypadku uzyskania takiej zgody, chronione tre\u015bci mog\u0105 by\u0107 wykorzystywane wy\u0142\u0105cznie z podaniem \u017ar\u00f3d\u0142a. Jakiekolwiek wykorzystanie tre\u015bci przez u\u017cytkownika do bezpo\u015brednich lub po\u015brednich cel\u00f3w komercyjnych wymaga specjalnej uprzedniej pisemnej zgody REVIERWELT MEDIA.   <\/p>\n<p>Linki do tre\u015bci chronionych prawem autorskim na stronach internetowych REVIERWELT MEDIA s\u0105 dozwolone tylko wtedy, gdy linki prowadz\u0105 bezpo\u015brednio do stron internetowych REVIERWELT MEDIA lub je\u015bli blokady dost\u0119pu nie s\u0105 obchodzone. Link musi by\u0107 r\u00f3wnie\u017c rozpoznawalny dla os\u00f3b trzecich. <\/p>\n<p>3. prawa autorskie do tre\u015bci przesy\u0142anych przez u\u017cytkownika<\/p>\n<p>Prawa autorskie do tre\u015bci chronionych prawem autorskim przesy\u0142anych przez u\u017cytkownika pozostaj\u0105 przy odpowiednim autorze. Jednak\u017ce, przesy\u0142aj\u0105c (np. wgrywaj\u0105c i\/lub wysy\u0142aj\u0105c e-mailem) te tre\u015bci, u\u017cytkownik przyznaje REVIERWELT MEDIA proste prawo, nieograniczone pod wzgl\u0119dem przestrzeni, czasu i tre\u015bci, do korzystania z tych tre\u015bci w formie fizycznej i niefizycznej dla wszystkich rodzaj\u00f3w u\u017cytkowania. To przyznanie praw obejmuje w szczeg\u00f3lno\u015bci prawo, zwi\u0105zane z celem publikacji przez REVIERWELT MEDIA, do edytowania tre\u015bci, powielania ich, rozpowszechniania lub publicznego odtwarzania w Internecie na stronach internetowych REVIERWELT MEDIA, w ka\u017cdym przypadku \u0142\u0105cznie z wykorzystaniem w celach reklamowych do publikacji przez REVIERWELT MEDIA (prawo do edytowania, powielania i rozpowszechniania, jak r\u00f3wnie\u017c prawo do publicznego udost\u0119pniania).  <\/p>\n<p><strong>IV. Rejestracja<\/strong><\/p>\n<p>1. dane u\u017cytkownika<\/p>\n<p>W niekt\u00f3rych obszarach witryny wymagana jest rejestracja. Korzystanie z tych zamkni\u0119tych obszar\u00f3w wymaga, aby u\u017cytkownik by\u0142 pe\u0142noletni, zarejestrowa\u0142 si\u0119 oraz poda\u0142 prawdziwe i kompletne dane osobowe. U\u017cytkownik jest r\u00f3wnie\u017c zobowi\u0105zany do poinformowania nas o wszelkich p\u00f3\u017aniejszych zmianach danych osobowych przy nast\u0119pnej wizycie na odpowiednich stronach internetowych.  <\/p>\n<p>2. weryfikacja danych u\u017cytkownika i blokowanie dost\u0119pu<\/p>\n<p>REVIERWELT MEDIA zastrzega sobie prawo do sprawdzenia danych osobowych u\u017cytkownika w zakresie dozwolonym przez prawo. Ponadto REVIERWELT MEDIA zastrzega sobie prawo do zablokowania dost\u0119pu do obszar\u00f3w o ograniczonym dost\u0119pie w dowolnym momencie. Dost\u0119p zostanie zablokowany w szczeg\u00f3lno\u015bci, je\u015bli u\u017cytkownik poda\u0142 fa\u0142szywe dane osobowe podczas rejestracji lub w inny spos\u00f3b naruszy\u0142 niniejsze OWB.  <\/p>\n<p><strong>V. Zawarcie umowy, korzystanie z us\u0142ug przesy\u0142ania wiadomo\u015bci\/danych i okres obowi\u0105zywania umowy<\/strong><\/p>\n<p>1. partner umowy<\/p>\n<p>W przypadku zawarcia umowy, umowa jest zawierana z REVIERWELT MEDIA. Wi\u0119cej informacji na temat REVIERWELT MEDIA mo\u017cna znale\u017a\u0107 <a href=\"https:\/\/revierwelt.de\/index.php\/impressum\/\">tutaj<\/a>. <\/p>\n<p>2. zawarcie umowy<\/p>\n<p>Opis us\u0142ug przez REVIERWELT MEDIA nie stanowi prawnie wi\u0105\u017c\u0105cej oferty umownej ze strony REVIERWELT MEDIA, lecz jest jedynie niewi\u0105\u017c\u0105cym zaproszeniem u\u017cytkownika do skorzystania z us\u0142ug.<\/p>\n<p>Umowa jest zawierana w nast\u0119puj\u0105cych krokach:<\/p>\n<p>(a) Zak\u0142adaj\u0105c konto chronione has\u0142em za po\u015brednictwem funkcji rejestracji oferowanej na stronie internetowej, u\u017cytkownik sk\u0142ada ofert\u0119 zawarcia umowy.<br \/>\n(b) Po zako\u0144czeniu procesu rejestracji mi\u0119dzy REVIERWELT MEDIA a u\u017cytkownikiem zostanie zawarta umowa o \u015bwiadczenie us\u0142ug umownych poprzez wys\u0142anie wiadomo\u015bci e-mail potwierdzaj\u0105cej rejestracj\u0119 na adres e-mail podany przez u\u017cytkownika.<\/p>\n<p>REVIERWELT MEDIA zapisze tekst umowy i prze\u015ble u\u017cytkownikowi dane zam\u00f3wienia wraz z ALB poczt\u0105 elektroniczn\u0105. U\u017cytkownik mo\u017ce r\u00f3wnie\u017c wy\u015bwietli\u0107 ALB w dowolnym momencie na stronie internetowej REVIERWELT MEDIA. <\/p>\n<p>3. korzystanie z us\u0142ug przesy\u0142ania wiadomo\u015bci i danych<\/p>\n<p>Przed rozpocz\u0119ciem korzystania z p\u0142atnych us\u0142ug przesy\u0142ania wiadomo\u015bci\/danych u\u017cytkownik musi do\u0142adowa\u0107 swoje konto u\u017cytkownika zwi\u0105zane z danym terytorium. \u015arodki nie zostan\u0105 zwr\u00f3cone. <\/p>\n<p>U\u017cytkownik b\u0119dzie m\u00f3g\u0142 korzysta\u0107 z systemu wysy\u0142ania i odbierania danych w zakresie mo\u017cliwo\u015bci technicznych i dost\u0119pno\u015bci dost\u0119pnych w danym momencie. REVIERWELT MEDIA w \u017cadnym wypadku nie ponosi odpowiedzialno\u015bci za pomy\u015blne odebranie lub dostarczenie danych lub wiadomo\u015bci tekstowych. REVIERWELT MEDIA udost\u0119pnia u\u017cytkownikowi stron\u0119 internetow\u0105 i kana\u0142y komunikacji danych za pomoc\u0105 systemu wysy\u0142ania\/odbierania danych, do kt\u00f3rego REVIERWELT MEDIA mo\u017ce uzyska\u0107 dost\u0119p bezpo\u015brednio i bez interwencji os\u00f3b trzecich (system Revierwelt) w uzgodnionym zakresie i formacie komunikacji (tj. dane, SMS, e-mail i g\u0142os) oraz w zale\u017cno\u015bci od dost\u0119pno\u015bci, systemu Revierwelt i konta do wprowadzania wiadomo\u015bci tekstowych i\/lub tymczasowego przechowywania wiadomo\u015bci tekstowych i danych do wys\u0142ania na numer telefonu kom\u00f3rkowego podany przez u\u017cytkownika jako adres docelowy i\/lub rozs\u0105dnych us\u0142ug w celu przesy\u0142ania danych, wiadomo\u015bci tekstowych lub g\u0142osowych do interfejsu komunikacyjnego, numer\u00f3w po\u0142\u0105cze\u0144 \/ telefon\u00f3w kom\u00f3rkowych, adresu e-mail podanego przez u\u017cytkownika. Revierwelt nie jest w \u017caden spos\u00f3b odpowiedzialny za pomy\u015bln\u0105 transmisj\u0119 lub otrzymanie danych, wiadomo\u015bci tekstowej\/g\u0142osowej, kt\u00f3ra ma zosta\u0107 przekazana, a jedynie za udost\u0119pnienie systemu Revierwelt i zainicjowanie jednej lub wi\u0119cej pr\u00f3b transmisji wiadomo\u015bci\/danych. W szczeg\u00f3lno\u015bci u\u017cytkownik jest \u015bwiadomy, \u017ce nawet je\u015bli us\u0142ugi te s\u0105 wykonywane zgodnie z umow\u0105, dane\/wiadomo\u015bci, kt\u00f3re maj\u0105 zosta\u0107 przekazane, mog\u0105 zosta\u0107 op\u00f3\u017anione lub utracone, zw\u0142aszcza je\u015bli nie mog\u0105 zosta\u0107 dostarczone lub z innych powod\u00f3w, kt\u00f3re le\u017c\u0105 poza systemem Revierwelt (np. ograniczenia przepustowo\u015bci lub niedost\u0119pno\u015b\u0107 docelowej sieci telefonii kom\u00f3rkowej lub innej sieci i innych dostawc\u00f3w us\u0142ug, za po\u015brednictwem kt\u00f3rych dane, wiadomo\u015bci tekstowe\/g\u0142osowe s\u0105 dostarczane i dystrybuowane). W szczeg\u00f3lno\u015bci REVIERWELT MEDIA nie ponosi odpowiedzialno\u015bci za us\u0142ugi telekomunikacyjne wymagane do transportu danych mi\u0119dzy punktem transferu do Internetu za po\u015brednictwem systemu Revierwelt a urz\u0105dzeniem odbieraj\u0105cym numer docelowy.     <\/p>\n<p>4. okres obowi\u0105zywania umowy i jej rozwi\u0105zanie<\/p>\n<p>Umowa zostaje zawarta na okres dwunastu (12) miesi\u0119cy (okres obowi\u0105zywania). Zostanie ona przed\u0142u\u017cona o kolejne dwana\u015bcie miesi\u0119cy w ka\u017cdym przypadku, chyba \u017ce u\u017cytkownik wypowie umow\u0119 w formie tekstowej (listownie, faksem lub poczt\u0105 elektroniczn\u0105) z zachowaniem miesi\u0119cznego okresu wypowiedzenia do ko\u0144ca danego okresu. <\/p>\n<p>Prawo do rozwi\u0105zania umowy z wa\u017cnego powodu pozostaje nienaruszone. Za wa\u017cny pow\u00f3d uznaje si\u0119 na przyk\u0142ad zaprzestanie obs\u0142ugi stron internetowych przez REVIERWELT MEDIA. <\/p>\n<p><strong>VI Ceny, p\u0142atno\u015b\u0107, termin p\u0142atno\u015bci<\/strong><\/p>\n<p>1. nagrody<\/p>\n<p>Ceny za ka\u017cd\u0105 us\u0142ug\u0119 \u015bwiadczon\u0105 przez REVIERWELT MEDIA s\u0105 obliczane na podstawie <a href=\"https:\/\/revierwelt.de\/index.php\/24594-2\/\">cennika<\/a> opublikowanego na stronie internetowej REVIERWELT MEDIA. Decyduj\u0105ca jest cena opublikowana w momencie korzystania z us\u0142ugi. <\/p>\n<p>Ceny mog\u0105 ulec zmianie (sekcja X).<\/p>\n<p>Podane ceny zawsze zawieraj\u0105 odpowiedni ustawowy podatek VAT i inne sk\u0142adniki ceny.<\/p>\n<p>2. p\u0142atno\u015b\u0107, termin p\u0142atno\u015bci<\/p>\n<p>Fakturowanie odbywa si\u0119 po skorzystaniu z danej us\u0142ugi poprzez automatyczne pobranie indywidualnej ceny z konta u\u017cytkownika zwi\u0105zanego z terytorium, kt\u00f3re zosta\u0142o uzupe\u0142nione saldem kredytowym w administracji terytorium u\u017cytkownika.<\/p>\n<p>Us\u0142uga transmisji danych\/wiadomo\u015bci jest dost\u0119pna tylko w przypadku prawid\u0142owo do\u0142adowanego konta u\u017cytkownika. U\u017cytkownik mo\u017ce przegl\u0105da\u0107 i sprawdza\u0107 konto. Do\u0142adowanie konta u\u017cytkownika nie podlega zwrotowi.  <\/p>\n<p>3. wykluczenie skarg<\/p>\n<p>Reklamacje mog\u0105 by\u0107 sk\u0142adane wy\u0142\u0105cznie w terminie jednego miesi\u0105ca od daty obci\u0105\u017cenia konta reklamowan\u0105 cen\u0105.<\/p>\n<p>4. specjalne regulacje dla u\u017cytkownik\u00f3w jako przedsi\u0119biorc\u00f3w<\/p>\n<p>W okresie zw\u0142oki przedsi\u0119biorca b\u0119dzie winien REVIERWELT MEDIA odsetki w wysoko\u015bci 8% powy\u017cej odpowiedniej bazowej stopy procentowej dla danego d\u0142ugu pieni\u0119\u017cnego. Prawo do przedstawienia dowod\u00f3w na wy\u017csze odszkodowanie z tytu\u0142u odsetek za zw\u0142ok\u0119 pozostaje zastrze\u017cone. Przedsi\u0119biorca jest uprawniony do potr\u0105cenia tylko wtedy, gdy jego roszczenia wzajemne s\u0105 bezsporne lub zosta\u0142y uznane w drodze orzeczenia deklaratoryjnego.  <\/p>\n<p><strong>VII. Prawo u\u017cytkownik\u00f3w jako konsument\u00f3w do odst\u0105pienia od umowy<\/strong><\/p>\n<p><strong>Polityka anulowania<\/strong><\/p>\n<p><strong>Prawo do anulowania<\/strong><\/p>\n<p><strong>U\u017cytkownik mo\u017ce odst\u0105pi\u0107 od umowy w formie pisemnej (np. listownie, faksem, poczt\u0105 elektroniczn\u0105) w ci\u0105gu 14 dni bez podania przyczyny. Okres ten rozpoczyna si\u0119 po otrzymaniu niniejszego pouczenia w formie tekstowej, ale nie przed zawarciem umowy, a tak\u017ce nie przed wype\u0142nieniem naszych obowi\u0105zk\u00f3w informacyjnych zgodnie z art. 246 \u00a7 2 w zwi\u0105zku z \u00a7 1 ust. 1 i 2 EGBGB, a tak\u017ce naszych obowi\u0105zk\u00f3w zgodnie z \u00a7 312g ust. 1 zdanie 1 BGB w zwi\u0105zku z art. 246 \u00a7 3 EGBGB. Terminowe wys\u0142anie odst\u0105pienia od umowy jest wystarczaj\u0105ce do zachowania terminu odst\u0105pienia od umowy. Rezygnacj\u0119 nale\u017cy przes\u0142a\u0107 na adres:   <\/strong><\/p>\n<p><strong>REVIERWELT MEDIA GMBH<br \/>\nDyrektor zarz\u0105dzaj\u0105cy: Alexander Vinnai<br \/>\nPestalozzistrasse 41<br \/>\n35606 Solms<br \/>\nsupport@revierwelt.de<\/strong><\/p>\n<p><strong>Konsekwencje anulowania<\/strong><\/p>\n<p><strong>W przypadku skutecznego odst\u0105pienia od umowy us\u0142ugi otrzymane przez obie strony musz\u0105 zosta\u0107 zwr\u00f3cone, a wszelkie uzyskane korzy\u015bci (np. odsetki) zwr\u00f3cone. Je\u015bli u\u017cytkownik nie jest w stanie zwr\u00f3ci\u0107 lub odda\u0107 nam otrzymanych towar\u00f3w lub us\u0142ug oraz wszelkich korzy\u015bci (np. korzy\u015bci z u\u017cytkowania) lub jest w stanie zwr\u00f3ci\u0107 lub odda\u0107 je tylko cz\u0119\u015bciowo lub w pogorszonym stanie, musi zrekompensowa\u0107 nam ich warto\u015b\u0107. Mo\u017ce to oznacza\u0107, \u017ce u\u017cytkownik musi mimo to wywi\u0105za\u0107 si\u0119 z umownych zobowi\u0105za\u0144 p\u0142atniczych za okres do momentu anulowania. Zobowi\u0105zania do zwrotu p\u0142atno\u015bci musz\u0105 zosta\u0107 spe\u0142nione w ci\u0105gu 30 dni. Okres ten rozpoczyna si\u0119 dla u\u017cytkownika z chwil\u0105 wys\u0142ania o\u015bwiadczenia o odst\u0105pieniu od umowy, a dla nas z chwil\u0105 jego otrzymania.    <\/strong><\/p>\n<p><strong>Uwagi specjalne<\/strong><\/p>\n<p><strong>Prawo do odst\u0105pienia od umowy wygasa przedterminowo, je\u015bli umowa zosta\u0142a w pe\u0142ni zrealizowana przez obie strony na wyra\u017ane \u017c\u0105danie u\u017cytkownika przed skorzystaniem przez niego z prawa do odst\u0105pienia od umowy.<\/strong><\/p>\n<p><strong>Koniec zasad anulowania.<\/strong><\/p>\n<p><strong>VIII. Odpowiedzialno\u015b\u0107 REVIERWELT MEDIA<\/strong><\/p>\n<p>Odpowiedzialno\u015b\u0107 REVIERWELT MEDIA jest wy\u0142\u0105czona w przypadku lekkiego zaniedbania obowi\u0105zk\u00f3w, pod warunkiem, \u017ce te naruszenia obowi\u0105zk\u00f3w nie odnosz\u0105 si\u0119 do istotnych zobowi\u0105za\u0144 umownych lub \u017cycia, zdrowia lub cia\u0142a lub roszcze\u0144 wynikaj\u0105cych z ustawy o odpowiedzialno\u015bci za produkt. Dotyczy to r\u00f3wnie\u017c narusze\u0144 obowi\u0105zk\u00f3w przez pracownik\u00f3w lub pomocnik\u00f3w REVIERWELT MEDIA. <\/p>\n<p>Zgodnie z tym postanowieniem, REVIERWELT MEDIA nie ponosi \u017cadnej odpowiedzialno\u015bci w szczeg\u00f3lno\u015bci za tre\u015bci dostarczone przez u\u017cytkownik\u00f3w (na przyk\u0142ad dane osobowe i\/lub inne dane), w szczeg\u00f3lno\u015bci za kompletno\u015b\u0107 lub dok\u0142adno\u015b\u0107 tych tre\u015bci, ani \u017cadnej odpowiedzialno\u015bci za niedogodno\u015bci poniesione przez u\u017cytkownika w wyniku tymczasowej niedost\u0119pno\u015bci strony internetowej lub jej cz\u0119\u015bci, utraty danych lub podobnych problem\u00f3w technicznych. W zwi\u0105zku z tym REVIERWELT MEDIA nie ponosi odpowiedzialno\u015bci, w szczeg\u00f3lno\u015bci za awarie systemu, przerwy i\/lub zak\u0142\u00f3cenia w transmisji danych lub za nieprzestrzeganie instrukcji u\u017cytkowania maj\u0105cych zastosowanie do strony internetowej REVIERWELT MEDIA. <\/p>\n<p><strong>IX. Odpowiedzialno\u015b\u0107 u\u017cytkownika<\/strong><\/p>\n<p>1. odpowiedzialno\u015b\u0107 u\u017cytkownika za u\u017cycie has\u0142a<\/p>\n<p>U\u017cytkownik jest odpowiedzialny za poufno\u015b\u0107 i wykorzystanie swojego has\u0142a. W szczeg\u00f3lno\u015bci u\u017cytkownik jest zobowi\u0105zany do przechowywania has\u0142a ze szczeg\u00f3ln\u0105 staranno\u015bci\u0105 i uniemo\u017cliwienia osobom trzecim uzyskania wiedzy o ha\u015ble. W przypadku nieuprawnionego u\u017cycia has\u0142a u\u017cytkownika, u\u017cytkownik zwolni REVIERWELT MEDIA z wszelkiej odpowiedzialno\u015bci, chyba \u017ce u\u017cytkownik do\u0142o\u017cy\u0142 nale\u017cytej staranno\u015bci wymaganej w ramach prowadzonej dzia\u0142alno\u015bci. U\u017cytkownik jest zobowi\u0105zany do niezw\u0142ocznego poinformowania REVIERWELT MEDIA, je\u015bli istnieje pow\u00f3d, aby s\u0105dzi\u0107, \u017ce has\u0142o jest u\u017cywane bez upowa\u017cnienia.   <\/p>\n<p>2. odpowiedzialno\u015b\u0107 u\u017cytkownika za jego dane<\/p>\n<p>U\u017cytkownik jest odpowiedzialny za dok\u0142adno\u015b\u0107 i aktualno\u015b\u0107 swoich danych osobowych lub firmowych &#8211; w tym za upowa\u017cnienie do u\u017cywania chronionych tytu\u0142\u00f3w zawodowych. Je\u015bli u\u017cytkownik poda nieprawdziwe informacje lub nie zaktualizuje swoich danych w odpowiednich odst\u0119pach czasu, zwolni REVIERWELT MEDIA z wszelkiej odpowiedzialno\u015bci w odniesieniu do jego danych, chyba \u017ce zachowa\u0142 nale\u017cyt\u0105 staranno\u015b\u0107 wymagan\u0105 w toku prowadzenia dzia\u0142alno\u015bci. <\/p>\n<p>3 Odpowiedzialno\u015b\u0107 u\u017cytkownika za przesy\u0142ane tre\u015bci<\/p>\n<p>Przesy\u0142aj\u0105c tre\u015bci &#8211; niezale\u017cnie od ich zawarto\u015bci &#8211; u\u017cytkownik gwarantuje i zapewnia, \u017ce tre\u015bci te s\u0105 w pe\u0142ni zgodne z prawem. W szczeg\u00f3lno\u015bci u\u017cytkownik gwarantuje i o\u015bwiadcza, \u017ce nie b\u0119dzie zamieszcza\u0142 na stronie internetowej tre\u015bci, kt\u00f3re <\/p>\n<p>&#8211; naruszaj\u0105 obowi\u0105zuj\u0105ce przepisy prawa, zakazy ustawowe lub urz\u0119dowe lub dobre obyczaje,<br \/>\n&#8211; naruszaj\u0105 prawa os\u00f3b trzecich,<br \/>\n&#8211; maj\u0105 charakter pornograficzny, obra\u017aliwy, zawieraj\u0105 gro\u017aby, s\u0105 napastliwe, wulgarne, rasistowskie, w inny spos\u00f3b dyskryminuj\u0105ce lub w inny spos\u00f3b budz\u0105 zastrze\u017cenia,<br \/>\n&#8211; naruszaj\u0105 obowi\u0105zuj\u0105ce przepisy dotycz\u0105ce ochrony m\u0142odzie\u017cy lub<br \/>\n&#8211; nale\u017cy je traktowa\u0107 jako nadu\u017cycie, w szczeg\u00f3lno\u015bci jako spam.<\/p>\n<p>W szczeg\u00f3lno\u015bci, przesy\u0142aj\u0105c tre\u015bci, u\u017cytkownik gwarantuje i zapewnia, \u017ce mo\u017ce swobodnie dysponowa\u0107 tymi tre\u015bciami, w szczeg\u00f3lno\u015bci w zakresie praw przyznanych zgodnie z sekcj\u0105 IV, wobec REVIERWELT MEDIA oraz \u017ce tre\u015bci te nie naruszaj\u0105 \u017cadnych praw os\u00f3b trzecich, w szczeg\u00f3lno\u015bci prawa do w\u0142asnego wizerunku, og\u00f3lnych praw osobistych (np. prawa do nazwiska), praw do znak\u00f3w towarowych (np. praw do znak\u00f3w towarowych), innych praw w\u0142asno\u015bci przemys\u0142owej i\/lub praw autorskich lub pomocniczych praw autorskich.<\/p>\n<p>W przypadku naruszenia przez u\u017cytkownika kt\u00f3rejkolwiek z gwarancji okre\u015blonych w niniejszej klauzuli, w szczeg\u00f3lno\u015bci w przypadku dochodzenia przez osoby trzecie praw wobec REVIERWELT MEDIA w rozumieniu ust\u0119p\u00f3w poprzedzaj\u0105cych, u\u017cytkownik zwolni REVIERWELT MEDIA z odpowiedzialno\u015bci w pe\u0142nej wysoko\u015bci, w tym z koszt\u00f3w obrony prawnej, chyba \u017ce u\u017cytkownik dochowa\u0142 nale\u017cytej staranno\u015bci. U\u017cytkownik b\u0119dzie wspiera\u0142 REVIERWELT MEDIA w obronie prawnej, w szczeg\u00f3lno\u015bci poprzez dostarczanie informacji. <\/p>\n<p><strong>X. Zastrze\u017cenie zmian\/modyfikacji<\/strong><\/p>\n<p>REVIERWELT MEDIA zastrzega sobie prawo do zmiany ALB i innych warunk\u00f3w korzystania ze stron internetowych &#8211; w tym cennika &#8211; a tak\u017ce indywidualnych specyfikacji w dowolnym momencie. REVIERWELT MEDIA powiadomi o wszelkich zmianach w niniejszych warunkach za pomoc\u0105 komunikatu na stronach internetowych. <\/p>\n<p>U\u017cytkownik wyra\u017ca zgod\u0119 na obowi\u0105zywanie zmienionych warunk\u00f3w w zakresie, w jakim korzysta ze stron internetowych REVIERWELT MEDIA po opublikowaniu takiej wzmianki o zmianie.<\/p>\n<p>Wraz z publikacj\u0105 zmienionej wersji niniejszych ALB, poprzednie wersje trac\u0105 wa\u017cno\u015b\u0107.<\/p>\n<p><strong>XI. Miejsce wykonania, prawo w\u0142a\u015bciwe i miejsce jurysdykcji<\/strong><\/p>\n<p>W stosunkach mi\u0119dzy REVIERWELT MEDIA a u\u017cytkownikiem b\u0119d\u0105cym przedsi\u0119biorc\u0105, wy\u0142\u0105cznym miejscem realizacji i jurysdykcji dla wszystkich roszcze\u0144 &#8211; o ile jest to dopuszczalne &#8211; jest s\u0105d rejonowy w Wetzlar lub s\u0105d okr\u0119gowy w Limburgii.<\/p>\n<p>Zastosowanie ma wy\u0142\u0105cznie prawo Republiki Federalnej Niemiec. Dla konsumenta ten wyb\u00f3r prawa ma zastosowanie tylko w takim zakresie, w jakim ochrona przyznana przez bezwzgl\u0119dnie obowi\u0105zuj\u0105ce przepisy prawa kraju, w kt\u00f3rym konsument ma miejsce zwyk\u0142ego pobytu, nie zosta\u0142a cofni\u0119ta. <\/p>\n<p><strong>XII Klauzula salwatoryjna<\/strong><\/p>\n<p>Je\u017celi poszczeg\u00f3lne postanowienia niniejszych OWS s\u0105 lub stan\u0105 si\u0119 niewa\u017cne i\/lub bezskuteczne, nie b\u0119dzie to mia\u0142o wp\u0142ywu na wa\u017cno\u015b\u0107 pozosta\u0142ych postanowie\u0144. Niewa\u017cne i\/lub bezskuteczne postanowienia zostan\u0105 zast\u0105pione w taki spos\u00f3b, aby osi\u0105gni\u0119ty zosta\u0142 zamierzony cel gospodarczy. Dotyczy to r\u00f3wnie\u017c wype\u0142niania luk w ALB.  <\/p>\n<p><strong>XIII Kodeks post\u0119powania<\/strong><\/p>\n<p>REVIERWELT MEDIA nie podda\u0142y si\u0119 \u017cadnemu kodeksowi post\u0119powania.<\/p>\n<p>Status ALB: wrzesie\u0144 2012 r.<\/p>\n","protected":false},"excerpt":{"rendered":"<p>I. Zakres zastosowania Operatorem niniejszej strony internetowej jest REVIERWELT MEDIA GmbH (REVIERWELT MEDIA). Niniejsze Og\u00f3lne Warunki \u015awiadczenia Us\u0142ug (OWS) maj\u0105 zastosowanie do wszystkich relacji biznesowych mi\u0119dzy REVIERWELT MEDIA a u\u017cytkownikiem stron internetowych (konsumentem lub przedsi\u0119biorc\u0105) w wersji obowi\u0105zuj\u0105cej w momencie rozpocz\u0119cia u\u017cytkowania (rejestracja, logowanie, umieszczanie reklam lub inne u\u017cytkowanie). OWU lub inne warunki u\u017cytkownika, kt\u00f3re&#8230;<\/p>\n","protected":false},"author":4,"featured_media":0,"parent":0,"menu_order":0,"comment_status":"closed","ping_status":"closed","template":"","meta":{"footnotes":""},"class_list":["post-39721","page","type-page","status-publish","hentry"],"_links":{"self":[{"href":"https:\/\/revierwelt.de\/index.php\/wp-json\/wp\/v2\/pages\/39721","targetHints":{"allow":["GET"]}}],"collection":[{"href":"https:\/\/revierwelt.de\/index.php\/wp-json\/wp\/v2\/pages"}],"about":[{"href":"https:\/\/revierwelt.de\/index.php\/wp-json\/wp\/v2\/types\/page"}],"author":[{"embeddable":true,"href":"https:\/\/revierwelt.de\/index.php\/wp-json\/wp\/v2\/users\/4"}],"replies":[{"embeddable":true,"href":"https:\/\/revierwelt.de\/index.php\/wp-json\/wp\/v2\/comments?post=39721"}],"version-history":[{"count":0,"href":"https:\/\/revierwelt.de\/index.php\/wp-json\/wp\/v2\/pages\/39721\/revisions"}],"wp:attachment":[{"href":"https:\/\/revierwelt.de\/index.php\/wp-json\/wp\/v2\/media?parent=39721"}],"curies":[{"name":"wp","href":"https:\/\/api.w.org\/{rel}","templated":true}]}}