{"id":39728,"date":"2025-02-25T11:48:25","date_gmt":"2025-02-25T10:48:25","guid":{"rendered":"https:\/\/revierwelt.de\/index.php\/polityka-prywatnosci\/"},"modified":"2025-02-25T11:48:36","modified_gmt":"2025-02-25T10:48:36","slug":"polityka-prywatnosci","status":"publish","type":"page","link":"https:\/\/revierwelt.de\/index.php\/polityka-prywatnosci\/?lang=pl","title":{"rendered":"Polityka prywatno\u015bci"},"content":{"rendered":"<section class=\"l-section wpb_row height_medium\"><div class=\"l-section-h i-cf\"><div class=\"g-cols vc_row via_flex valign_top type_default stacking_default\"><div class=\"vc_col-sm-12 wpb_column vc_column_container\"><div class=\"vc_column-inner\"><div class=\"wpb_wrapper\"><div class=\"wpb_text_column\"><div class=\"wpb_wrapper\"><p>My, Revierwelt Media GmbH, z niecierpliwo\u015bci\u0105 czekamy na Twoj\u0105 wizyt\u0119 na naszej stronie internetowej z nasz\u0105 wszechstronn\u0105 ofert\u0105 us\u0142ug zwi\u0105zanych z \u0142owiectwem. Revierwelt Media jest dostawc\u0105 oprogramowania do zarz\u0105dzania \u0142owiskami &#8222;REVIERWELT&#8220; ze zintegrowan\u0105 sieci\u0105 spo\u0142eczno\u015bciow\u0105 i mo\u017cliwo\u015bci\u0105 komunikacji online. Zakres us\u0142ug multimedialnych oferowanych przez REVIERWELT uzupe\u0142nia sklep internetowy umo\u017cliwiaj\u0105cy zakup produkt\u00f3w zwi\u0105zanych z korzystaniem z REVIERWELT &#8211; podsumowanych poni\u017cej jako &#8222;nasze us\u0142ugi&#8220;.  <\/p>\n<p>Ochrona danych osobowych podczas ich gromadzenia, przetwarzania i wykorzystywania jest dla nas bardzo wa\u017cna. Poni\u017csze o\u015bwiadczenia nie maj\u0105 zastosowania do produkt\u00f3w oferowanych przez strony trzecie za po\u015brednictwem strony REVIERWELT. W zwi\u0105zku z tym prosimy o zapoznanie si\u0119 z warunkami korzystania z produkt\u00f3w stron trzecich.  <\/p>\n<p>W niniejszej polityce prywatno\u015bci przedstawiamy przegl\u0105d sposobu, w jaki przetwarzamy Twoje dane osobowe podczas korzystania z naszych us\u0142ug zgodnie z naszymi obowi\u0105zkami informacyjnymi wynikaj\u0105cymi z europejskiego og\u00f3lnego rozporz\u0105dzenia o ochronie danych (RODO), kt\u00f3re wesz\u0142o w \u017cycie 25 maja 2018 r. Ma ona zastosowanie niezale\u017cnie od tego, czy u\u017cytkownik jest u nas zarejestrowany, czy nie, czy po prostu odwiedza nasze strony internetowe (www.revierwelt.de\/.com), czy te\u017c dokonuje rezerwacji i korzysta z naszych bezp\u0142atnych i p\u0142atnych aplikacji. <\/p>\n<p>Korzystaj\u0105c z naszych us\u0142ug, u\u017cytkownik wyra\u017ca zgod\u0119 na przetwarzanie jego danych zgodnie z niniejsz\u0105 polityk\u0105 prywatno\u015bci.<\/p>\n<p>JE\u015aLI U\u017bYTKOWNIK NIE ZGADZA SI\u0118 Z WARUNKAMI NINIEJSZEJ POLITYKI PRYWATNO\u015aCI, NIE POWINIEN KORZYSTA\u0106 Z NASZYCH US\u0141UG.<\/p>\n<p><strong>\u00a7 1 Informacje dotycz\u0105ce gromadzenia danych osobowych<\/strong><\/p>\n<p>(1) Poni\u017cej przedstawiamy informacje na temat gromadzenia danych osobowych podczas korzystania z naszych us\u0142ug. &#8222;Dane osobowe&#8220; w rozumieniu art. 4 nr 1 og\u00f3lnego rozporz\u0105dzenia o ochronie danych to <\/p>\n<p>&#8222;&#8230;wszelkie informacje dotycz\u0105ce zidentyfikowanej lub mo\u017cliwej do zidentyfikowania osoby fizycznej (zwanej dalej &#8222;osob\u0105, kt\u00f3rej dane dotycz\u0105&#8220;); mo\u017cliwa do zidentyfikowania osoba fizyczna to osoba, kt\u00f3r\u0105 mo\u017cna bezpo\u015brednio lub po\u015brednio zidentyfikowa\u0107, w szczeg\u00f3lno\u015bci na podstawie identyfikatora takiego jak imi\u0119 i nazwisko, numer identyfikacyjny, dane o lokalizacji, identyfikator internetowy lub jeden b\u0105d\u017a kilka szczeg\u00f3lnych czynnik\u00f3w okre\u015blaj\u0105cych fizyczn\u0105, fizjologiczn\u0105, genetyczn\u0105, psychiczn\u0105, ekonomiczn\u0105, kulturow\u0105 lub spo\u0142eczn\u0105 to\u017csamo\u015b\u0107 osoby fizycznej&#8220;.<\/p>\n<p>(2) Administratorem danych zgodnie z art. 4 nr 7 og\u00f3lnego rozporz\u0105dzenia UE o ochronie danych (RODO) jest Revierwelt Media GmbH, Pestalozzistra\u00dfe 41, 35606 Solms, Niemcy (wi\u0119cej informacji mo\u017cna znale\u017a\u0107 w nocie prawnej). <\/p>\n<p>(3) Je\u015bli u\u017cytkownik zarejestruje si\u0119 na stronie REVIERWELT w celu korzystania z naszych us\u0142ug, skontaktuje si\u0119 z nami za po\u015brednictwem poczty elektronicznej lub formularza kontaktowego, podane przez niego dane (adres e-mail, imi\u0119 i nazwisko, numer telefonu i wszelkie inne dane, kt\u00f3re nam przeka\u017ce) b\u0119d\u0105 przez nas przechowywane. Usuwamy dane powsta\u0142e w tym kontek\u015bcie, gdy przechowywanie nie jest ju\u017c konieczne lub ograniczamy przetwarzanie, je\u015bli istniej\u0105 ustawowe obowi\u0105zki przechowywania. <\/p>\n<p>(4) Poniewa\u017c ochrona dzieci ma ogromne znaczenie, nie zezwalamy na rejestracj\u0119 u\u017cytkownik\u00f3w w wieku poni\u017cej 16 lat. Je\u015bli jako rodzic lub opiekun dowiesz si\u0119, \u017ce Twoje dzieci zarejestrowa\u0142y si\u0119 w naszym serwisie i przekaza\u0142y nam swoje dane osobowe, mo\u017cesz skontaktowa\u0107 si\u0119 z nami, korzystaj\u0105c z powy\u017cszych danych kontaktowych, a my natychmiast zablokujemy u\u017cytkownika i usuniemy dane. <\/p>\n<p><strong>\u00a7 2 Cel przetwarzania danych<\/strong><\/p>\n<p>(1) Gromadzimy i przetwarzamy dane osobowe u\u017cytkownika w celu \u015bwiadczenia mu naszych us\u0142ug, ci\u0105g\u0142ego ich ulepszania i rozwijania, zapewnienia ich funkcjonalno\u015bci technicznej oraz zagwarantowania bezpiecze\u0144stwa naszych us\u0142ug.<\/p>\n<p>(2) Wykorzystujemy dane u\u017cytkownika, aby \u015bwiadczy\u0107 mu nasze us\u0142ugi zgodnie z jego sposobem korzystania, aby dostarcza\u0107 mu dodatkowe informacje i oferty zwi\u0105zane z naszymi us\u0142ugami, kt\u00f3re naszym zdaniem s\u0105 dostosowane do jego potrzeb, oraz aby zapewni\u0107 mu do\u015bwiadczenie u\u017cytkownika, kt\u00f3re naszym zdaniem jest dostosowane do jego potrzeb.<\/p>\n<p>(3) Oferujemy r\u00f3\u017cne sposoby p\u0142atno\u015bci za us\u0142ugi p\u0142atne. Gromadzenie i przetwarzanie danych konta w ramach procesu p\u0142atno\u015bci jest przeprowadzane wy\u0142\u0105cznie przez wybranego dostawc\u0119 zgodnie z jego warunkami ochrony danych i warunkami umownymi. <\/p>\n<p>(4) Zapewniamy, \u017ce w \u017cadnym momencie nie ujawnimy danych u\u017cytkownika stronom trzecim, z wyj\u0105tkiem stron trzecich, kt\u00f3rym bezpo\u015brednio zlecili\u015bmy \u015bwiadczenie naszych us\u0142ug i kt\u00f3re zosta\u0142y przez nas zobowi\u0105zane do przestrzegania przepis\u00f3w o ochronie danych zgodnie z postanowieniami og\u00f3lnego rozporz\u0105dzenia o ochronie danych.<\/p>\n<p><strong>\u00a7 3 Prawa u\u017cytkownika<\/strong><\/p>\n<p>(1) U\u017cytkownik ma nast\u0119puj\u0105ce prawa wobec nas w odniesieniu do swoich danych osobowych:<\/p>\n<p>&#8211; Prawo dost\u0119pu,<br \/>\n&#8211; prawo do sprostowania lub usuni\u0119cia danych,<br \/>\n&#8211; prawo do ograniczenia przetwarzania,<br \/>\n&#8211; prawo do wniesienia sprzeciwu wobec przetwarzania,<br \/>\n&#8211; prawo do przenoszenia danych.<\/p>\n<p>(2) U\u017cytkownik ma r\u00f3wnie\u017c prawo do z\u0142o\u017cenia skargi do organu nadzorczego ds. ochrony danych w zwi\u0105zku z przetwarzaniem przez nas jego danych osobowych.<\/p>\n<p><strong>\u00a7 4 Gromadzenie danych osobowych podczas odwiedzania naszej strony internetowej<\/strong><\/p>\n<p>(1) Je\u015bli korzystasz z naszej strony internetowej wy\u0142\u0105cznie w celach informacyjnych, tj. je\u015bli nie rejestrujesz si\u0119 ani w inny spos\u00f3b nie przekazujesz nam informacji, gromadzimy wy\u0142\u0105cznie dane osobowe, kt\u00f3re Twoja przegl\u0105darka przesy\u0142a na nasz serwer. Je\u015bli chcesz wy\u015bwietli\u0107 nasz\u0105 stron\u0119 internetow\u0105, zbieramy nast\u0119puj\u0105ce dane, kt\u00f3re s\u0105 technicznie niezb\u0119dne do wy\u015bwietlenia naszej strony internetowej oraz zapewnienia stabilno\u015bci i bezpiecze\u0144stwa (podstaw\u0105 prawn\u0105 jest art. 6 ust. 1 zdanie 1 lit. f RODO): <\/p>\n<p>&#8211; Adres IP<br \/>\n&#8211; data i godzina \u017c\u0105dania<br \/>\n&#8211; r\u00f3\u017cnica strefy czasowej w stosunku do Greenwich Mean Time (GMT)<br \/>\n&#8211; tre\u015b\u0107 \u017c\u0105dania (konkretna strona)<br \/>\n&#8211; status dost\u0119pu\/kod statusu HTTP<br \/>\n&#8211; ilo\u015b\u0107 przes\u0142anych danych<br \/>\n&#8211; strona internetowa, z kt\u00f3rej pochodzi \u017c\u0105danie<br \/>\n&#8211; przegl\u0105darka<br \/>\n&#8211; system operacyjny i jego interfejs<br \/>\n&#8211; j\u0119zyk i wersja oprogramowania przegl\u0105darki<\/p>\n<p>(2) Opr\u00f3cz wy\u017cej wymienionych danych podczas korzystania z naszej strony internetowej na komputerze u\u017cytkownika zapisywane s\u0105 pliki cookie. Pliki cookie to ma\u0142e pliki tekstowe, kt\u00f3re s\u0105 przechowywane na dysku twardym przypisanym do u\u017cywanej przegl\u0105darki i za po\u015brednictwem kt\u00f3rych pewne informacje przep\u0142ywaj\u0105 do podmiotu, kt\u00f3ry ustawia plik cookie (w tym przypadku do nas). Pliki cookie nie mog\u0105 wykonywa\u0107 program\u00f3w ani przenosi\u0107 wirus\u00f3w na komputer u\u017cytkownika. S\u0105 one u\u017cywane w celu uczynienia strony internetowej bardziej przyjazn\u0105 dla u\u017cytkownika i og\u00f3lnie skuteczn\u0105.   <\/p>\n<p>(3) Korzystanie z plik\u00f3w cookie:<\/p>\n<p>a) Nasze strony internetowe wykorzystuj\u0105 nast\u0119puj\u0105ce rodzaje plik\u00f3w cookie, kt\u00f3rych zakres i funkcje wyja\u015bniono poni\u017cej:<\/p>\n<p>&#8211; Przej\u015bciowe pliki cookie (patrz b)<br \/>\n&#8211; Trwa\u0142e pliki cookie (patrz c).<\/p>\n<p>b) Tymczasowe pliki cookie s\u0105 automatycznie usuwane po zamkni\u0119ciu przegl\u0105darki. Obejmuj\u0105 one w szczeg\u00f3lno\u015bci sesyjne pliki cookie. Przechowuj\u0105 one tak zwany identyfikator sesji, za pomoc\u0105 kt\u00f3rego r\u00f3\u017cne \u017c\u0105dania z przegl\u0105darki mog\u0105 by\u0107 przypisane do wsp\u00f3lnej sesji. Umo\u017cliwia to rozpoznanie komputera u\u017cytkownika po powrocie na nasz\u0105 stron\u0119 internetow\u0105. Sesyjne pliki cookie s\u0105 usuwane po wylogowaniu lub zamkni\u0119ciu przegl\u0105darki.    <\/p>\n<p>c) Trwa\u0142e pliki cookie s\u0105 automatycznie usuwane po okre\u015blonym czasie, kt\u00f3ry mo\u017ce si\u0119 r\u00f3\u017cni\u0107 w zale\u017cno\u015bci od pliku cookie. U\u017cytkownik mo\u017ce samodzielnie usun\u0105\u0107 pliki cookie w dowolnym momencie w ustawieniach bezpiecze\u0144stwa przegl\u0105darki. Trwa\u0142e pliki cookie pozwalaj\u0105 nam rozpozna\u0107 u\u017cytkownika, gdy odwiedza nas ponownie, aby uczyni\u0107 jego wizyt\u0119 tak prost\u0105 i wydajn\u0105, jak sobie tego \u017cyczy.  <\/p>\n<p>d) U\u017cytkownik mo\u017ce skonfigurowa\u0107 ustawienia przegl\u0105darki zgodnie ze swoimi \u017cyczeniami i, na przyk\u0142ad, odm\u00f3wi\u0107 akceptowania plik\u00f3w cookie stron trzecich lub wszystkich plik\u00f3w cookie. Zwracamy uwag\u0119, \u017ce w takim przypadku u\u017cytkownik mo\u017ce nie by\u0107 w stanie korzysta\u0107 ze wszystkich funkcji naszych witryn internetowych. <\/p>\n<p>e) U\u017cywamy plik\u00f3w cookie do identyfikacji u\u017cytkownika podczas kolejnych wizyt, je\u015bli u\u017cytkownik posiada u nas konto. W przeciwnym razie u\u017cytkownik musia\u0142by logowa\u0107 si\u0119 ponownie przy ka\u017cdej wizycie. <\/p>\n<p><strong>\u00a7 5 Gromadzenie danych osobowych podczas korzystania z naszych us\u0142ug<\/strong><\/p>\n<p>(1) Rejestruj\u0105c si\u0119 w celu korzystania z naszych us\u0142ug, u\u017cytkownik wyra\u017ca zgod\u0119 na nasz\u0105 odr\u0119bn\u0105 umow\u0119 u\u017cytkownika. <a href=\"https:\/\/revierwelt.de\/index.php\/nutzungsvereinbarung\"><strong>umowa u\u017cytkownika<\/strong><\/a> kt\u00f3ra obejmuje dalsze gromadzenie, przechowywanie i przetwarzanie danych. Odpowiedni zakres zale\u017cy od poszczeg\u00f3lnych us\u0142ug, z kt\u00f3rych u\u017cytkownik korzysta w ramach naszej oferty. <\/p>\n<p>(2) Rejestruj\u0105c si\u0119 w celu korzystania z naszych us\u0142ug, gromadzone s\u0105 co najmniej nast\u0119puj\u0105ce dodatkowe dane, kt\u00f3re u\u017cytkownik jest zobowi\u0105zany poda\u0107 zgodnie z prawd\u0105 zgodnie z nasz\u0105 umow\u0105 u\u017cytkownika:<\/p>\n<p>&#8211; Nazwisko<br \/>\n&#8211; Imi\u0119<br \/>\n&#8211; Tytu\u0142<br \/>\n&#8211; Data urodzenia<br \/>\n&#8211; Kraj u\u017cytkowania<br \/>\n&#8211; Numer telefonu kom\u00f3rkowego<br \/>\n&#8211; Adres e-mail<br \/>\n&#8211; Has\u0142o osobiste<\/p>\n<p>(3) W przypadku wykupienia abonamentu na korzystanie z p\u0142atnych us\u0142ug lub zakupu produkt\u00f3w za po\u015brednictwem naszej strony internetowej mo\u017ce by\u0107 r\u00f3wnie\u017c konieczne gromadzenie danych do bie\u017c\u0105cych rozlicze\u0144. Dane te s\u0105 gromadzone i przetwarzane wy\u0142\u0105cznie przez wybranego dostawc\u0119 us\u0142ug p\u0142atniczych. W naszych systemach nie s\u0105 przechowywane \u017cadne informacje o koncie, a jedynie zanonimizowane klucze transakcji.  <\/p>\n<p>(4) W ramach korzystania z naszych us\u0142ug u\u017cytkownik mo\u017ce r\u00f3wnie\u017c samodzielnie gromadzi\u0107 dalsze dane w ramach naszych us\u0142ug, przechowywa\u0107 je w naszych us\u0142ugach lub przesy\u0142a\u0107 je do naszych us\u0142ug; dane te s\u0105 przechowywane i przetwarzane zgodnie z nasz\u0105 umow\u0105 u\u017cytkownika.<\/p>\n<p>(5) Je\u015bli wi\u0105\u017ce si\u0119 to z korzystaniem z <strong>zamkni\u0119tej grupy u\u017cytkownik\u00f3w<\/strong> (np. terytorium), nale\u017cy pami\u0119ta\u0107, \u017ce ka\u017cda zamkni\u0119ta grupa u\u017cytkownik\u00f3w ma w\u0142a\u015bciciela, kt\u00f3ry mo\u017ce dodawa\u0107 i usuwa\u0107 kolejnych u\u017cytkownik\u00f3w oraz zarz\u0105dza\u0107 uprawnieniami u\u017cytkownik\u00f3w w ramach grupy. Dodaj\u0105c dane do zamkni\u0119tej grupy u\u017cytkownik\u00f3w, u\u017cytkownik przyznaje w\u0142a\u015bcicielowi zamkni\u0119tej grupy u\u017cytkownik\u00f3w nieograniczone, nieodwo\u0142alne i zbywalne prawa u\u017cytkowania wszystkich dodanych tre\u015bci i danych. <\/p>\n<p>(6) Gdy u\u017cytkownik korzysta z niekt\u00f3rych naszych us\u0142ug, dane s\u0105 r\u00f3wnie\u017c automatycznie przesy\u0142ane do naszych us\u0142ug za po\u015brednictwem u\u017cytkownika lub urz\u0105dze\u0144 ko\u0144cowych pod\u0142\u0105czonych do naszych us\u0142ug. U\u017cytkownik okre\u015bla zakres przesy\u0142anych danych, wybieraj\u0105c i korzystaj\u0105c z urz\u0105dze\u0144 ko\u0144cowych z aktywn\u0105 technologi\u0105 transmisji (urz\u0105dzenia \u015bledz\u0105ce, kamery, detektory pu\u0142apek itp.). Wszystkie dane przesy\u0142ane do naszych us\u0142ug s\u0105 rejestrowane, przechowywane i przetwarzane przez nas zgodnie z zasadami umowy u\u017cytkownika.  <\/p>\n<p><strong>\u00a7 6 Sprzeciw lub odwo\u0142anie wobec przetwarzania danych u\u017cytkownika<\/strong><\/p>\n<p>(1) Je\u015bli u\u017cytkownik wyrazi\u0142 zgod\u0119 na przetwarzanie swoich danych, mo\u017ce j\u0105 wycofa\u0107 w dowolnym momencie. Takie odwo\u0142anie ma wp\u0142yw na dopuszczalno\u015b\u0107 przetwarzania danych osobowych po ich przekazaniu. <\/p>\n<p>(2) W zakresie, w jakim opieramy przetwarzanie danych osobowych u\u017cytkownika na wywa\u017ceniu interes\u00f3w, u\u017cytkownik mo\u017ce sprzeciwi\u0107 si\u0119 przetwarzaniu. Dotyczy to w szczeg\u00f3lno\u015bci sytuacji, gdy przetwarzanie nie jest niezb\u0119dne do wykonania umowy z u\u017cytkownikiem, co zosta\u0142o opisane przez nas w poni\u017cszym opisie funkcji. Wnosz\u0105c taki sprzeciw, prosimy o wyja\u015bnienie powod\u00f3w, dla kt\u00f3rych nie powinni\u015bmy przetwarza\u0107 danych osobowych u\u017cytkownika w spos\u00f3b, w jaki to zrobili\u015bmy. W przypadku uzasadnionego sprzeciwu przeanalizujemy sytuacj\u0119 i albo zaprzestaniemy przetwarzania danych lub dostosujemy je, albo przedstawimy istotne powody zas\u0142uguj\u0105ce na ochron\u0119, na podstawie kt\u00f3rych b\u0119dziemy kontynuowa\u0107 przetwarzanie.   <\/p>\n<p>(3) Oczywi\u015bcie u\u017cytkownik mo\u017ce w ka\u017cdej chwili sprzeciwi\u0107 si\u0119 przetwarzaniu jego danych osobowych do cel\u00f3w reklamowych i analizy danych. U\u017cytkownik mo\u017ce poinformowa\u0107 nas o swoim sprzeciwie wobec reklamy, korzystaj\u0105c z nast\u0119puj\u0105cych danych kontaktowych: support@revierwelt.de. <\/p>\n<p><strong>\u00a7 7 Integracja film\u00f3w z YouTube<\/strong><\/p>\n<p>(1) Zintegrowali\u015bmy filmy z YouTube z nasz\u0105 ofert\u0105 online, kt\u00f3re s\u0105 przechowywane na stronie <a href=\"http:\/\/www.YouTube.com\">http:\/\/www.YouTube.com<\/a> i mog\u0105 by\u0107 odtwarzane bezpo\u015brednio z naszej strony internetowej. Gdy te filmy s\u0105 dost\u0119pne, dane s\u0105 przesy\u0142ane do YouTube. Nie mamy wp\u0142ywu na ten transfer danych.  <\/p>\n<p>(2) Odwiedzaj\u0105c odpowiedni\u0105 stron\u0119 internetow\u0105 i ogl\u0105daj\u0105c film, YouTube otrzymuje informacj\u0119, \u017ce u\u017cytkownik uzyska\u0142 dost\u0119p do odpowiedniej podstrony naszej witryny internetowej. Ponadto przekazywane s\u0105 dane, o kt\u00f3rych mowa w \u00a7 4 ust. 1 niniejszego o\u015bwiadczenia. Dzieje si\u0119 tak niezale\u017cnie od tego, czy YouTube udost\u0119pnia konto u\u017cytkownika, za po\u015brednictwem kt\u00f3rego u\u017cytkownik jest ju\u017c zalogowany, czy te\u017c nie istnieje \u017cadne konto u\u017cytkownika. Je\u015bli u\u017cytkownik jest zalogowany w Google, jego dane zostan\u0105 przypisane bezpo\u015brednio do jego konta Google. Je\u015bli u\u017cytkownik nie chce, aby jego dane by\u0142y powi\u0105zane z jego profilem YouTube, musi wylogowa\u0107 si\u0119 przed aktywacj\u0105 przycisku w celu wywo\u0142ania odpowiedniego filmu YouTube. YouTube przechowuje dane jako profile u\u017cytkownik\u00f3w i wykorzystuje je do cel\u00f3w reklamowych, bada\u0144 rynkowych i\/lub dostosowywania swojej strony internetowej.     <\/p>\n<p>Taka ocena jest przeprowadzana w szczeg\u00f3lno\u015bci (nawet dla u\u017cytkownik\u00f3w, kt\u00f3rzy nie s\u0105 zalogowani) w celu dostarczania spersonalizowanych reklam i informowania innych u\u017cytkownik\u00f3w sieci spo\u0142eczno\u015bciowej YouTube o dzia\u0142aniach u\u017cytkownika na naszej stronie internetowej. U\u017cytkownik ma prawo sprzeciwi\u0107 si\u0119 tworzeniu takich profili u\u017cytkownik\u00f3w, przy czym w celu skorzystania z tego prawa nale\u017cy skontaktowa\u0107 si\u0119 z YouTube. <\/p>\n<p>(3) Dalsze informacje na temat celu i zakresu gromadzenia danych oraz ich przetwarzania przez YouTube mo\u017cna znale\u017a\u0107 w polityce prywatno\u015bci YouTube. Znajduj\u0105 si\u0119 tam r\u00f3wnie\u017c dalsze informacje na temat praw u\u017cytkownika i opcji ustawie\u0144 w celu ochrony prywatno\u015bci: https:\/\/www.google.de\/intl\/de\/policies\/privacy. Google przetwarza r\u00f3wnie\u017c dane osobowe u\u017cytkownik\u00f3w w USA i przyst\u0105pi\u0142a do Tarczy Prywatno\u015bci UE-USA, https:\/\/www.privacyshield.gov\/EU-US-Framework. <\/p>\n<p><strong>  \u00a7 8 Integracja z Google Maps  <\/strong><\/p>\n<p>(1) Na naszych stronach internetowych korzystamy z us\u0142ugi Google Maps. Umo\u017cliwia nam to wy\u015bwietlanie interaktywnych map bezpo\u015brednio na stronie internetowej i pozwala na wygodne korzystanie z funkcji mapy. <\/p>\n<p>(2) Odwiedzaj\u0105c odpowiedni\u0105 stron\u0119 internetow\u0105, Google otrzymuje informacj\u0119, \u017ce u\u017cytkownik uzyska\u0142 dost\u0119p do odpowiedniej podstrony naszej witryny internetowej. Ponadto przekazywane s\u0105 dane, o kt\u00f3rych mowa w \u00a7 4 ust. 1 niniejszego o\u015bwiadczenia. Dzieje si\u0119 tak niezale\u017cnie od tego, czy Google udost\u0119pnia konto u\u017cytkownika, za po\u015brednictwem kt\u00f3rego u\u017cytkownik jest ju\u017c zalogowany, czy te\u017c nie istnieje \u017cadne konto u\u017cytkownika. Je\u015bli u\u017cytkownik jest zalogowany w Google, jego dane zostan\u0105 przypisane bezpo\u015brednio do jego konta Google. Je\u015bli u\u017cytkownik nie chce by\u0107 powi\u0105zany ze swoim profilem Google, musi wylogowa\u0107 si\u0119 z Google przed uzyskaniem dost\u0119pu do odpowiednich podstron naszych us\u0142ug. Google przechowuje dane u\u017cytkownika jako profile u\u017cytkowania i wykorzystuje je do cel\u00f3w reklamowych, badania rynku i\/lub dostosowywania swojej strony internetowej.     <\/p>\n<p>Taka analiza jest przeprowadzana w szczeg\u00f3lno\u015bci (nawet dla u\u017cytkownik\u00f3w, kt\u00f3rzy nie s\u0105 zalogowani) w celu dostarczania spersonalizowanych reklam i informowania innych u\u017cytkownik\u00f3w sieci spo\u0142eczno\u015bciowej o dzia\u0142aniach u\u017cytkownika na naszej stronie internetowej. U\u017cytkownik ma prawo sprzeciwi\u0107 si\u0119 tworzeniu takich profili u\u017cytkownik\u00f3w, przy czym w celu skorzystania z tego prawa nale\u017cy skontaktowa\u0107 si\u0119 z Google. <\/p>\n<p>(3) Wi\u0119cej informacji na temat celu i zakresu gromadzenia danych oraz ich przetwarzania przez dostawc\u0119 wtyczki mo\u017cna znale\u017a\u0107 w polityce prywatno\u015bci Google. Znajduj\u0105 si\u0119 tam r\u00f3wnie\u017c dalsze informacje na temat praw u\u017cytkownika w tym zakresie oraz opcje ustawie\u0144 w celu ochrony prywatno\u015bci: http:\/\/www.google.de\/intl\/de\/policies\/privacy. Google przetwarza r\u00f3wnie\u017c dane osobowe u\u017cytkownik\u00f3w w USA i przyst\u0105pi\u0142a do Tarczy Prywatno\u015bci UE-USA, https:\/\/www.privacyshield.gov\/EU-US-Framework. <\/p>\n<p><strong>  \u00a7 9 Integracja us\u0142ug p\u0142atniczych<\/strong><\/p>\n<p>(1) R\u00f3\u017cne us\u0142ugi p\u0142atnicze i ich dostawcy, obecnie g\u0142\u00f3wnie PayPal i Stripe, s\u0105 wykorzystywane do zapewnienia r\u00f3\u017cnych metod p\u0142atno\u015bci za p\u0142atne us\u0142ugi z REVIERWELT. Szczeg\u00f3\u0142owe informacje na temat dostawc\u00f3w u\u017cywanych w ka\u017cdym przypadku i ich wyboru przez u\u017cytkownika s\u0105 podawane przy wyborze metody p\u0142atno\u015bci.<\/p>\n<p>(2) Przetwarzanie transakcji p\u0142atniczej wymaga bezpo\u015bredniej umowy mi\u0119dzy u\u017cytkownikiem a wybranym dostawc\u0105 us\u0142ug p\u0142atniczych, kt\u00f3ra obejmuje r\u00f3wnie\u017c przetwarzanie danych osobowych i informacji rozliczeniowych.<\/p>\n<p>(3) Aby umo\u017cliwi\u0107 proces p\u0142atno\u015bci, podstawowe dane s\u0105 gromadzone przez wybranego dostawc\u0119 na jego zintegrowanych stronach w ramach procesu p\u0142atno\u015bci; \u017cadne dane osobowe nie s\u0105 przekazywane z Revierwelt Media do dostawcy us\u0142ugi p\u0142atniczej. W naszych systemach nie s\u0105 przechowywane \u017cadne informacje o koncie, a jedynie zanonimizowane klucze transakcji. <\/p>\n<p><strong>\u00a7 10 Prawo do informacji i anulowania<\/strong><\/p>\n<p>U\u017cytkownik ma prawo do bezp\u0142atnej informacji, korekty, zablokowania i, w razie potrzeby, usuni\u0119cia przechowywanych danych osobowych w dowolnym momencie. Prosimy o przes\u0142anie wniosku poczt\u0105 tradycyjn\u0105 lub elektroniczn\u0105. Usuni\u0119cie danych osobowych ma miejsce &#8211; z zastrze\u017ceniem odmiennych zobowi\u0105za\u0144 prawnych &#8211; w przypadku cofni\u0119cia zgody na przechowywanie, je\u015bli dane nie s\u0105 ju\u017c wymagane do realizacji celu, dla kt\u00f3rego by\u0142y przechowywane lub je\u015bli przechowywanie jest niedopuszczalne z innych powod\u00f3w prawnych.  <\/p>\n<p><strong>  \u00a7 11 Centrum odpowiedzialne za gromadzenie danych<\/strong><\/p>\n<p>Revierwelt Media GmbH<br \/>\nPestalozzistrasse 41<br \/>\n35606 Solms<br \/>\nE-mail: support@revierwelt.de<\/p>\n<p>Dyrektor zarz\u0105dzaj\u0105cy: Alexander Vinnai<br \/>\nRejestr handlowy: S\u0105d lokalny w Wetzlar HRB 6268<br \/>\nNumer VAT: DE 281317112<\/p>\n<p style=\"margin: 0cm 0cm 16.9pt 0cm;\">Stan na maj 2019 r.<\/p>\n<\/div><\/div><\/div><\/div><\/div><\/div><\/div><\/section>\n","protected":false},"excerpt":{"rendered":"My, Revierwelt Media GmbH, z niecierpliwo\u015bci\u0105 czekamy na Twoj\u0105 wizyt\u0119 na naszej stronie internetowej z nasz\u0105 wszechstronn\u0105 ofert\u0105 us\u0142ug zwi\u0105zanych z \u0142owiectwem. Revierwelt Media jest dostawc\u0105 oprogramowania do zarz\u0105dzania \u0142owiskami &#8222;REVIERWELT&#8220; ze zintegrowan\u0105 sieci\u0105 spo\u0142eczno\u015bciow\u0105 i mo\u017cliwo\u015bci\u0105 komunikacji online. Zakres us\u0142ug multimedialnych oferowanych przez REVIERWELT uzupe\u0142nia sklep internetowy umo\u017cliwiaj\u0105cy zakup produkt\u00f3w zwi\u0105zanych z korzystaniem z...","protected":false},"author":4,"featured_media":0,"parent":0,"menu_order":0,"comment_status":"closed","ping_status":"closed","template":"","meta":{"footnotes":""},"class_list":["post-39728","page","type-page","status-publish","hentry"],"_links":{"self":[{"href":"https:\/\/revierwelt.de\/index.php\/wp-json\/wp\/v2\/pages\/39728","targetHints":{"allow":["GET"]}}],"collection":[{"href":"https:\/\/revierwelt.de\/index.php\/wp-json\/wp\/v2\/pages"}],"about":[{"href":"https:\/\/revierwelt.de\/index.php\/wp-json\/wp\/v2\/types\/page"}],"author":[{"embeddable":true,"href":"https:\/\/revierwelt.de\/index.php\/wp-json\/wp\/v2\/users\/4"}],"replies":[{"embeddable":true,"href":"https:\/\/revierwelt.de\/index.php\/wp-json\/wp\/v2\/comments?post=39728"}],"version-history":[{"count":0,"href":"https:\/\/revierwelt.de\/index.php\/wp-json\/wp\/v2\/pages\/39728\/revisions"}],"wp:attachment":[{"href":"https:\/\/revierwelt.de\/index.php\/wp-json\/wp\/v2\/media?parent=39728"}],"curies":[{"name":"wp","href":"https:\/\/api.w.org\/{rel}","templated":true}]}}