{"id":39882,"date":"2025-02-25T11:49:28","date_gmt":"2025-02-25T10:49:28","guid":{"rendered":"https:\/\/revierwelt.de\/index.php\/odvolanie\/"},"modified":"2025-02-25T11:49:28","modified_gmt":"2025-02-25T10:49:28","slug":"odvolanie","status":"publish","type":"page","link":"https:\/\/revierwelt.de\/index.php\/odvolanie\/?lang=sk","title":{"rendered":"Odvolanie"},"content":{"rendered":"<p><strong>Pr\u00e1vo na zru\u0161enie<\/strong><\/p>\n<p>Svoje zmluvn\u00e9 vyhl\u00e1senie m\u00f4\u017eete zru\u0161i\u0165 p\u00edsomne (napr. listom, faxom, e-mailom) do 14 dn\u00ed bez uvedenia d\u00f4vodu. T\u00e1to lehota za\u010d\u00edna plyn\u00fa\u0165 po doru\u010den\u00ed tohto pou\u010denia v textovej podobe, nie v\u0161ak pred uzavret\u00edm zmluvy a tie\u017e nie pred splnen\u00edm na\u0161ich informa\u010dn\u00fdch povinnost\u00ed pod\u013ea \u00a7 246 ods. 2 v spojen\u00ed s \u00a7 1 ods. 1 a 2 EGBGB, ako aj na\u0161ich povinnost\u00ed pod\u013ea \u00a7 312g ods. 1 veta 1 BGB v spojen\u00ed s \u00a7 246 ods. 3 EGBGB. V\u010dasn\u00e9 odoslanie odst\u00fapenia od zmluvy je dostato\u010dn\u00e9 na dodr\u017eanie lehoty na odst\u00fapenie od zmluvy. Odst\u00fapenie od zmluvy je potrebn\u00e9 zasla\u0165 na adresu:   <\/p>\n<p>REVIERWELT MEDIA GMBH<br \/>\nV\u00fdkonn\u00fd riadite\u013e: Alexander Vinnai<br \/>\nPestalozzistrasse 41<br \/>\n35606 Solms<br \/>\nsupport@revierwelt.de<\/p>\n<p><strong>D\u00f4sledky zru\u0161enia<\/strong><\/p>\n<p>V pr\u00edpade \u00fa\u010dinn\u00e9ho zru\u0161enia zmluvy musia obe strany vr\u00e1ti\u0165 prijat\u00e9 slu\u017eby a vzda\u0165 sa v\u0161etk\u00fdch z\u00edskan\u00fdch v\u00fdhod (napr. \u00farokov). Ak n\u00e1m nie ste schopn\u00ed vr\u00e1ti\u0165 alebo odovzda\u0165 prijat\u00fd tovar alebo slu\u017eby a ak\u00e9ko\u013evek v\u00fdhody (napr. \u00fa\u017eitky z pou\u017e\u00edvania), alebo ste schopn\u00ed ich vr\u00e1ti\u0165 alebo odovzda\u0165 len \u010diasto\u010dne alebo v zhor\u0161enom stave, mus\u00edte n\u00e1m nahradi\u0165 ich hodnotu. To m\u00f4\u017ee znamena\u0165, \u017ee napriek tomu mus\u00edte splni\u0165 zmluvn\u00e9 platobn\u00e9 povinnosti za obdobie do odst\u00fapenia od zmluvy. Povinnos\u0165 nahradi\u0165 platby mus\u00ed by\u0165 splnen\u00e1 do 30 dn\u00ed. T\u00e1to lehota za\u010d\u00edna pre v\u00e1s plyn\u00fa\u0165, ke\u010f odo\u0161lete ozn\u00e1menie o zru\u0161en\u00ed zmluvy, a pre n\u00e1s, ke\u010f ho dostaneme.    <\/p>\n<p><strong>Osobitn\u00e9 pozn\u00e1mky<\/strong><\/p>\n<p>Va\u0161e pr\u00e1vo na odst\u00fapenie od zmluvy zanik\u00e1 pred\u010dasne, ak bola zmluva na va\u0161u v\u00fdslovn\u00fa \u017eiados\u0165 oboma stranami \u00faplne splnen\u00e1 pred t\u00fdm, ako ste uplatnili svoje pr\u00e1vo na odst\u00fapenie od zmluvy.<\/p>\n<p><strong>Ukon\u010denie storno podmienok.<\/strong><\/p>\n","protected":false},"excerpt":{"rendered":"<p>Pr\u00e1vo na zru\u0161enie Svoje zmluvn\u00e9 vyhl\u00e1senie m\u00f4\u017eete zru\u0161i\u0165 p\u00edsomne (napr. listom, faxom, e-mailom) do 14 dn\u00ed bez uvedenia d\u00f4vodu. T\u00e1to lehota za\u010d\u00edna plyn\u00fa\u0165 po doru\u010den\u00ed tohto pou\u010denia v textovej podobe, nie v\u0161ak pred uzavret\u00edm zmluvy a tie\u017e nie pred splnen\u00edm na\u0161ich informa\u010dn\u00fdch povinnost\u00ed pod\u013ea \u00a7 246 ods. 2 v spojen\u00ed s \u00a7 1 ods. 1&#8230;<\/p>\n","protected":false},"author":4,"featured_media":0,"parent":0,"menu_order":0,"comment_status":"closed","ping_status":"closed","template":"","meta":{"footnotes":""},"class_list":["post-39882","page","type-page","status-publish","hentry"],"_links":{"self":[{"href":"https:\/\/revierwelt.de\/index.php\/wp-json\/wp\/v2\/pages\/39882","targetHints":{"allow":["GET"]}}],"collection":[{"href":"https:\/\/revierwelt.de\/index.php\/wp-json\/wp\/v2\/pages"}],"about":[{"href":"https:\/\/revierwelt.de\/index.php\/wp-json\/wp\/v2\/types\/page"}],"author":[{"embeddable":true,"href":"https:\/\/revierwelt.de\/index.php\/wp-json\/wp\/v2\/users\/4"}],"replies":[{"embeddable":true,"href":"https:\/\/revierwelt.de\/index.php\/wp-json\/wp\/v2\/comments?post=39882"}],"version-history":[{"count":0,"href":"https:\/\/revierwelt.de\/index.php\/wp-json\/wp\/v2\/pages\/39882\/revisions"}],"wp:attachment":[{"href":"https:\/\/revierwelt.de\/index.php\/wp-json\/wp\/v2\/media?parent=39882"}],"curies":[{"name":"wp","href":"https:\/\/api.w.org\/{rel}","templated":true}]}}